{"id":1621,"date":"2024-10-18T05:55:10","date_gmt":"2024-10-18T05:55:10","guid":{"rendered":"https:\/\/nembutalhouse.com\/?post_type=product&#038;p=1621"},"modified":"2026-02-25T11:23:46","modified_gmt":"2026-02-25T11:23:46","slug":"3mmc","status":"publish","type":"product","link":"https:\/\/nembutalhouse.com\/nl\/product\/3mmc\/","title":{"rendered":"Buy 3mmc Online"},"content":{"rendered":"<h2>Buy 3mmc Online<\/h2>\n<h3><strong>Wat is 3-MMA?<\/strong><\/h3>\n<p>3-MMA kopen is een psychotrope stof die behoort tot de amfetaminefamilie. Het heeft een entactogene structuur die vergelijkbaar is met methamfetamine en een structuur die vergelijkbaar is met methamfetamine met uitzondering van de methylgroep.<\/p>\n<p><a href=\"https:\/\/nembutalhouse.com\/nl\/product\/3mmc\/\">3-methylmethamfetamine<\/a>, ook bekend als 3-Methoxymethamfetamine, is een soort methamfetamine.<\/p>\n<p>De chemische stof 1-(3-methoxyfenyl)-N-methylpropaan-2-amine behoort tot de klassen van fenethylamine en amfetamine. De verbindingen ervan zijn derivaten omdat ze ontstaan wanneer ze gesubstitueerd of vervangen worden. Amfetaminen zijn een soort fenethylamine die substitutie heeft ondergaan.<\/p>\n<p>3-Methylmethamfetamine werd in 1970 voor het eerst ontdekt en geproduceerd in Itali\u00eb. David E. Nichols herontdekte het later in 1991 als een niet-neurotoxische tegenhanger. In laboratoria wordt 3-Methyl-Methamfetamine volgens alle kwaliteitsnormen geproduceerd.<\/p>\n<p>Hoewel is aangetoond dat het de heropname van serotonine belemmert, is er niets bekend over de eigenschappen van 3-methylmethamfetamine.<\/p>\n<h3><strong>Disclaimer<\/strong><\/h3>\n<p>Mensen en dieren mogen dit product niet krijgen. Dit komt omdat het alleen bedoeld is om verkocht te worden voor laboratoriumonderzoek. We raden ten zeerste aan om de stof met uiterste voorzichtigheid te gebruiken, met handschoenen, maskers en andere middelen om besmetting tegen te gaan.<\/p>\n<h3><strong>Is 3-MMA legaal?<\/strong><\/h3>\n<p>Voordat je 3-Methyl-Methamfetamine koopt, raden we je sterk aan om dit te controleren bij de relevante autoriteiten in je woonplaats of op de plaats van bestemming.<\/p>\n<p>Door strenge wetten op te leggen aan de verkoop van dit product, nemen we alle vereiste veiligheidsinstructies om ervoor te zorgen dat onze consumenten aan de veilige kant van de wet staan. Wetten en regels veranderen voortdurend, dus het is voor jou als klant van cruciaal belang om op de hoogte te blijven van wat er speelt in jouw regio. Wij zijn niet aansprakelijk voor juridische problemen die kunnen ontstaan door het verkrijgen van 3-Methyl-Methamfetamine in jouw regio.<\/p>\n<h3><strong>Waar kan ik 3-MMA kopen?<\/strong><\/h3>\n<p><a href=\"https:\/\/nembutalhouse.com\/nl\/\">NembutalHouse<\/a> is een toonaangevende fabrikant en distributeur van 3-Methyl-Methamfetamine en andere chemicali\u00ebn. We zijn er trots op dat we chemicali\u00ebn van hoge kwaliteit leveren, vooral moeilijk verkrijgbare chemicali\u00ebn. <a href=\"https:\/\/en.wikipedia.org\/wiki\/3-Methylmethcathinone\">3-Methyl-Methamfetamine<\/a>e is verkrijgbaar in poedervorm en wordt uitsluitend geleverd voor laboratoriumonderzoek. Deze stof is alleen verkrijgbaar voor volwassenen vanaf 18 jaar.<\/p>","protected":false},"excerpt":{"rendered":"<p>Buy 3mmc Online What is 3-MMA? Buy 3-MMA\u00a0 is a psychotropic substance that belongs to the amphetamine family. It has an entactogen structure that is comparable to methamphetamine and a&hellip;<\/p>","protected":false},"featured_media":1622,"comment_status":"closed","ping_status":"closed","template":"","meta":{"_joinchat":[]},"product_cat":[188],"product_tag":[815,820,838,840,826,827,830,836,837,835,816,834,823,813,814,825,839,832,829,822,818,819,841,833,831,828,821,824,817],"class_list":{"0":"post-1621","1":"product","2":"type-product","3":"status-publish","4":"has-post-thumbnail","6":"product_cat-stimulants","7":"product_tag-3mmc-for-sale","8":"product_tag-3mmc-powder","9":"product_tag-3mmc-powder-for-cleaning","10":"product_tag-3mmc-powder-for-sale","11":"product_tag-3mmc-powder-online","12":"product_tag-3mmc-powder-price","13":"product_tag-3mmc-powder-store","14":"product_tag-3mmc-powder-use","15":"product_tag-3mmc-powder-wiki","16":"product_tag-3mmc-powder-worldwide","17":"product_tag-3mmc-supplier","18":"product_tag-best-cheap-price-3mmc-powder","19":"product_tag-best-place-to-buy-3mmc-powder","20":"product_tag-buy-3mmc","21":"product_tag-buy-3mmc-online","22":"product_tag-buy-3mmc-powder-legally","23":"product_tag-buy-3mmc-powder-online","24":"product_tag-cheap-3mmc-powders","25":"product_tag-high-quality-3mmc-powder","26":"product_tag-how-to-buy-3mmc-powder","27":"product_tag-order-3mmc","28":"product_tag-order-3mmc-online","29":"product_tag-order-3mmc-powder","30":"product_tag-purcharse-3mmc-powder-powder","31":"product_tag-shop-3mmc-powder","32":"product_tag-top-quality-3mmc-powder","33":"product_tag-where-to-buy-3mmc-powder","34":"product_tag-where-to-order-3mmc-powder","35":"product_tag-wholesale-3mmc-bulk-online","37":"first","38":"instock","39":"shipping-taxable","40":"purchasable","41":"product-type-variable"},"yoast_head":"<!-- This site is optimized with the Yoast SEO plugin v24.1 - https:\/\/yoast.com\/wordpress\/plugins\/seo\/ -->\n<title>Buy 3 MMC Online - 3 MMC for Sale - Order 3 MMC Online<\/title>\n<meta name=\"description\" content=\"You can buy 3mmc online at the best prices from our online store. We have cheap and high-quality 3mmc for sale and providing worldwide delivery. You can order from anytime, anywhere.\" \/>\n<meta name=\"robots\" content=\"index, follow, max-snippet:-1, max-image-preview:large, max-video-preview:-1\" \/>\n<link rel=\"canonical\" href=\"https:\/\/nembutalhouse.com\/nl\/product\/3mmc\/\" \/>\n<meta property=\"og:locale\" content=\"nl_NL\" \/>\n<meta property=\"og:type\" content=\"article\" \/>\n<meta property=\"og:title\" content=\"Buy 3 MMC Online - 3 MMC for Sale - Order 3 MMC Online\" \/>\n<meta property=\"og:description\" content=\"You can buy 3mmc online at the best prices from our online store. We have cheap and high-quality 3mmc for sale and providing worldwide delivery. You can order from anytime, anywhere.\" \/>\n<meta property=\"og:url\" content=\"https:\/\/nembutalhouse.com\/nl\/product\/3mmc\/\" \/>\n<meta property=\"og:site_name\" content=\"Nembutal House\" \/>\n<meta property=\"article:modified_time\" content=\"2026-02-25T11:23:46+00:00\" \/>\n<meta property=\"og:image\" content=\"https:\/\/nembutalhouse.com\/wp-content\/uploads\/2024\/10\/3mmc.gif\" \/>\n\t<meta property=\"og:image:width\" content=\"600\" \/>\n\t<meta property=\"og:image:height\" content=\"600\" \/>\n\t<meta property=\"og:image:type\" content=\"image\/gif\" \/>\n<meta name=\"twitter:card\" content=\"summary_large_image\" \/>\n<meta name=\"twitter:label1\" content=\"Geschatte leestijd\" \/>\n\t<meta name=\"twitter:data1\" content=\"2 minuten\" \/>\n<script type=\"application\/ld+json\" class=\"yoast-schema-graph\">{\"@context\":\"https:\/\/schema.org\",\"@graph\":[{\"@type\":\"WebPage\",\"@id\":\"https:\/\/nembutalhouse.com\/product\/3mmc\/\",\"url\":\"https:\/\/nembutalhouse.com\/product\/3mmc\/\",\"name\":\"Buy 3 MMC Online - 3 MMC for Sale - Order 3 MMC Online\",\"isPartOf\":{\"@id\":\"https:\/\/nembutalhouse.com\/#website\"},\"primaryImageOfPage\":{\"@id\":\"https:\/\/nembutalhouse.com\/product\/3mmc\/#primaryimage\"},\"image\":{\"@id\":\"https:\/\/nembutalhouse.com\/product\/3mmc\/#primaryimage\"},\"thumbnailUrl\":\"https:\/\/nembutalhouse.com\/wp-content\/uploads\/2024\/10\/3mmc.gif\",\"datePublished\":\"2024-10-18T05:55:10+00:00\",\"dateModified\":\"2026-02-25T11:23:46+00:00\",\"description\":\"You can buy 3mmc online at the best prices from our online store. We have cheap and high-quality 3mmc for sale and providing worldwide delivery. You can order from anytime, anywhere.\",\"breadcrumb\":{\"@id\":\"https:\/\/nembutalhouse.com\/product\/3mmc\/#breadcrumb\"},\"inLanguage\":\"nl-NL\",\"potentialAction\":[{\"@type\":\"ReadAction\",\"target\":[\"https:\/\/nembutalhouse.com\/product\/3mmc\/\"]}]},{\"@type\":\"ImageObject\",\"inLanguage\":\"nl-NL\",\"@id\":\"https:\/\/nembutalhouse.com\/product\/3mmc\/#primaryimage\",\"url\":\"https:\/\/nembutalhouse.com\/wp-content\/uploads\/2024\/10\/3mmc.gif\",\"contentUrl\":\"https:\/\/nembutalhouse.com\/wp-content\/uploads\/2024\/10\/3mmc.gif\",\"width\":600,\"height\":600,\"caption\":\"Buy 3mmc Online\"},{\"@type\":\"BreadcrumbList\",\"@id\":\"https:\/\/nembutalhouse.com\/product\/3mmc\/#breadcrumb\",\"itemListElement\":[{\"@type\":\"ListItem\",\"position\":1,\"name\":\"Home\",\"item\":\"https:\/\/nembutalhouse.com\/\"},{\"@type\":\"ListItem\",\"position\":2,\"name\":\"Shop\",\"item\":\"https:\/\/nembutalhouse.com\/shop\/\"},{\"@type\":\"ListItem\",\"position\":3,\"name\":\"Buy 3mmc Online\"}]},{\"@type\":\"WebSite\",\"@id\":\"https:\/\/nembutalhouse.com\/#website\",\"url\":\"https:\/\/nembutalhouse.com\/\",\"name\":\"Nembutal House\",\"description\":\"Best Nembutal Online Store\",\"publisher\":{\"@id\":\"https:\/\/nembutalhouse.com\/#organization\"},\"potentialAction\":[{\"@type\":\"SearchAction\",\"target\":{\"@type\":\"EntryPoint\",\"urlTemplate\":\"https:\/\/nembutalhouse.com\/?s={search_term_string}\"},\"query-input\":{\"@type\":\"PropertyValueSpecification\",\"valueRequired\":true,\"valueName\":\"search_term_string\"}}],\"inLanguage\":\"nl-NL\"},{\"@type\":\"Organization\",\"@id\":\"https:\/\/nembutalhouse.com\/#organization\",\"name\":\"Nembutal House\",\"url\":\"https:\/\/nembutalhouse.com\/\",\"logo\":{\"@type\":\"ImageObject\",\"inLanguage\":\"nl-NL\",\"@id\":\"https:\/\/nembutalhouse.com\/#\/schema\/logo\/image\/\",\"url\":\"https:\/\/nembutalhouse.com\/wp-content\/uploads\/2022\/12\/logo.png\",\"contentUrl\":\"https:\/\/nembutalhouse.com\/wp-content\/uploads\/2022\/12\/logo.png\",\"width\":344,\"height\":103,\"caption\":\"Nembutal House\"},\"image\":{\"@id\":\"https:\/\/nembutalhouse.com\/#\/schema\/logo\/image\/\"}}]}<\/script>\n<!-- \/ Yoast SEO plugin. -->","yoast_head_json":{"title":"Buy 3 MMC Online - 3 MMC for Sale - Order 3 MMC Online","description":"You can buy 3mmc online at the best prices from our online store. We have cheap and high-quality 3mmc for sale and providing worldwide delivery. You can order from anytime, anywhere.","robots":{"index":"index","follow":"follow","max-snippet":"max-snippet:-1","max-image-preview":"max-image-preview:large","max-video-preview":"max-video-preview:-1"},"canonical":"https:\/\/nembutalhouse.com\/nl\/product\/3mmc\/","og_locale":"nl_NL","og_type":"article","og_title":"Buy 3 MMC Online - 3 MMC for Sale - Order 3 MMC Online","og_description":"You can buy 3mmc online at the best prices from our online store. We have cheap and high-quality 3mmc for sale and providing worldwide delivery. You can order from anytime, anywhere.","og_url":"https:\/\/nembutalhouse.com\/nl\/product\/3mmc\/","og_site_name":"Nembutal House","article_modified_time":"2026-02-25T11:23:46+00:00","og_image":[{"width":600,"height":600,"url":"https:\/\/nembutalhouse.com\/wp-content\/uploads\/2024\/10\/3mmc.gif","type":"image\/gif"}],"twitter_card":"summary_large_image","twitter_misc":{"Geschatte leestijd":"2 minuten"},"schema":{"@context":"https:\/\/schema.org","@graph":[{"@type":"WebPage","@id":"https:\/\/nembutalhouse.com\/product\/3mmc\/","url":"https:\/\/nembutalhouse.com\/product\/3mmc\/","name":"Buy 3 MMC Online - 3 MMC for Sale - Order 3 MMC Online","isPartOf":{"@id":"https:\/\/nembutalhouse.com\/#website"},"primaryImageOfPage":{"@id":"https:\/\/nembutalhouse.com\/product\/3mmc\/#primaryimage"},"image":{"@id":"https:\/\/nembutalhouse.com\/product\/3mmc\/#primaryimage"},"thumbnailUrl":"https:\/\/nembutalhouse.com\/wp-content\/uploads\/2024\/10\/3mmc.gif","datePublished":"2024-10-18T05:55:10+00:00","dateModified":"2026-02-25T11:23:46+00:00","description":"You can buy 3mmc online at the best prices from our online store. We have cheap and high-quality 3mmc for sale and providing worldwide delivery. You can order from anytime, anywhere.","breadcrumb":{"@id":"https:\/\/nembutalhouse.com\/product\/3mmc\/#breadcrumb"},"inLanguage":"nl-NL","potentialAction":[{"@type":"ReadAction","target":["https:\/\/nembutalhouse.com\/product\/3mmc\/"]}]},{"@type":"ImageObject","inLanguage":"nl-NL","@id":"https:\/\/nembutalhouse.com\/product\/3mmc\/#primaryimage","url":"https:\/\/nembutalhouse.com\/wp-content\/uploads\/2024\/10\/3mmc.gif","contentUrl":"https:\/\/nembutalhouse.com\/wp-content\/uploads\/2024\/10\/3mmc.gif","width":600,"height":600,"caption":"Buy 3mmc Online"},{"@type":"BreadcrumbList","@id":"https:\/\/nembutalhouse.com\/product\/3mmc\/#breadcrumb","itemListElement":[{"@type":"ListItem","position":1,"name":"Home","item":"https:\/\/nembutalhouse.com\/"},{"@type":"ListItem","position":2,"name":"Shop","item":"https:\/\/nembutalhouse.com\/shop\/"},{"@type":"ListItem","position":3,"name":"Buy 3mmc Online"}]},{"@type":"WebSite","@id":"https:\/\/nembutalhouse.com\/#website","url":"https:\/\/nembutalhouse.com\/","name":"Nembutal House","description":"Best Nembutal Online Store","publisher":{"@id":"https:\/\/nembutalhouse.com\/#organization"},"potentialAction":[{"@type":"SearchAction","target":{"@type":"EntryPoint","urlTemplate":"https:\/\/nembutalhouse.com\/?s={search_term_string}"},"query-input":{"@type":"PropertyValueSpecification","valueRequired":true,"valueName":"search_term_string"}}],"inLanguage":"nl-NL"},{"@type":"Organization","@id":"https:\/\/nembutalhouse.com\/#organization","name":"Nembutal House","url":"https:\/\/nembutalhouse.com\/","logo":{"@type":"ImageObject","inLanguage":"nl-NL","@id":"https:\/\/nembutalhouse.com\/#\/schema\/logo\/image\/","url":"https:\/\/nembutalhouse.com\/wp-content\/uploads\/2022\/12\/logo.png","contentUrl":"https:\/\/nembutalhouse.com\/wp-content\/uploads\/2022\/12\/logo.png","width":344,"height":103,"caption":"Nembutal House"},"image":{"@id":"https:\/\/nembutalhouse.com\/#\/schema\/logo\/image\/"}}]}},"_links":{"self":[{"href":"https:\/\/nembutalhouse.com\/nl\/wp-json\/wp\/v2\/product\/1621","targetHints":{"allow":["GET"]}}],"collection":[{"href":"https:\/\/nembutalhouse.com\/nl\/wp-json\/wp\/v2\/product"}],"about":[{"href":"https:\/\/nembutalhouse.com\/nl\/wp-json\/wp\/v2\/types\/product"}],"replies":[{"embeddable":true,"href":"https:\/\/nembutalhouse.com\/nl\/wp-json\/wp\/v2\/comments?post=1621"}],"wp:featuredmedia":[{"embeddable":true,"href":"https:\/\/nembutalhouse.com\/nl\/wp-json\/wp\/v2\/media\/1622"}],"wp:attachment":[{"href":"https:\/\/nembutalhouse.com\/nl\/wp-json\/wp\/v2\/media?parent=1621"}],"wp:term":[{"taxonomy":"product_cat","embeddable":true,"href":"https:\/\/nembutalhouse.com\/nl\/wp-json\/wp\/v2\/product_cat?post=1621"},{"taxonomy":"product_tag","embeddable":true,"href":"https:\/\/nembutalhouse.com\/nl\/wp-json\/wp\/v2\/product_tag?post=1621"}],"curies":[{"name":"wp","href":"https:\/\/api.w.org\/{rel}","templated":true}]}}