{"id":1392,"date":"2024-10-16T11:50:31","date_gmt":"2024-10-16T11:50:31","guid":{"rendered":"https:\/\/nembutalhouse.com\/?post_type=product&#038;p=1392"},"modified":"2026-03-06T11:29:47","modified_gmt":"2026-03-06T11:29:47","slug":"buy-o-dsmt-destramadol-online","status":"publish","type":"product","link":"https:\/\/nembutalhouse.com\/nl\/product\/buy-o-dsmt-destramadol-online\/","title":{"rendered":"Koop O-DSMT [Destramadol] Online"},"content":{"rendered":"<h2>Koop O-DSMT [Destramadol] Online<\/h2>\n<p><a href=\"https:\/\/nembutalhouse.com\/nl\/product\/buy-o-dsmt-destramadol-online\/\">O-Desmethyltramadol (O-DSMT)<\/a> is een opio\u00efde dat voornamelijk indirect is gebruikt omdat het een primaire metaboliet is van het pijnstillende middel tramadol. Sinds de jaren 2010 wordt het af en toe op zichzelf gebruikt omdat het wordt verkocht via de grijze markt\/markt voor chemische stoffen voor onderzoek.<\/p>\n<p>Het heeft een langere duur dan tramadol en meer typische opio\u00efdeachtige effecten, hoewel het nog steeds monoaminerge systemen be\u00efnvloedt in een mate die het effectprofiel enigszins kan be\u00efnvloeden. <a href=\"https:\/\/nembutalhouse.com\/nl\/\">NembutalHouse<\/a><\/p>\n<p>O-Desmethyltramadol = O-DSMT; Desmetramadol; O-Demethyltramadol<\/p>\n<p>PubChem: 9838803<\/p>\n<p>Molecuulgewicht: 249,354 g\/mol<\/p>\n<p>IUPAC: 3-[2-[(dimethylamino)methyl]-1-hydroxycyclohexyl]fenol<\/p>\n<p>Greetings from Medeus Research Chem, your reliable source for high-quality O-DSMT <a href=\"https:\/\/en.wikipedia.org\/wiki\/Desmetramadol\">(O-Desmethyltramadol)<\/a>, a special research chemical with opioid-like qualities. Learn about the advantages and possible uses of O-DSMT in laboratory and scientific research.<\/p>\n<p>Do you want to purchase O-DSMT online? You&#8217;ve arrived at the ideal location. A research compound called O-DSMT (O-Desmethyltramadol) is becoming more well-known due to its analgesic qualities. We offer a trustworthy platform for safely buying O-DSMT, whether you&#8217;re a consumer or a researcher interested in learning more about this substance. We provide premium O-DSMT for sale at Medeus Research Chem, so you may acquire what you need at affordable costs.<\/p>\n<h3>Drug Buyers&#8217; Guide<\/h3>\n<p>Anyone wishing to buy O-DSMT online should consult the Drugbuyers Guide. It offers useful details regarding suppliers, quality control, and legal issues. The Drugbuyers Guide can assist you in making an informed choice whether you&#8217;re searching for the greatest O Dsmt for sale or interested in its applications.<\/p>","protected":false},"excerpt":{"rendered":"<p>Buy O-DSMT [Destramadol] Online O-Desmethyltramadol (O-DSMT) is an opioid that has primarily been used indirectly due to it being a primary metabolite of the analgesic tramadol. Since the 2010s it&hellip;<\/p>","protected":false},"featured_media":1551,"comment_status":"open","ping_status":"closed","template":"","meta":{"_joinchat":[]},"product_cat":[186],"product_tag":[1456,1445,1435,1462,1447,1436,1454,1451,1444,1442,1461,1460,1463,1452,1458,1459,1457,1437,1438,1448,1449,1440,1464,1441,1455,1453,1450,1443,1446,1439],"class_list":{"0":"post-1392","1":"product","2":"type-product","3":"status-publish","4":"has-post-thumbnail","6":"product_cat-research-chemicals","7":"product_tag-best-cheap-price-o-dsmt-destramadol","8":"product_tag-best-place-to-buy-o-dsmt","9":"product_tag-buy-o-dsmt","10":"product_tag-buy-o-dsmt-destramadol-online","11":"product_tag-buy-o-dsmt-legally","12":"product_tag-buy-o-dsmt-online","13":"product_tag-cheap-o-dsmt-destramadols","14":"product_tag-high-quality-o-dsmtpowder","15":"product_tag-how-to-buy-o-dsmt","16":"product_tag-o-dsmt","17":"product_tag-o-dsmt-destramadol","18":"product_tag-o-dsmt-destramadol-for-cleaning","19":"product_tag-o-dsmt-destramadol-for-sale","20":"product_tag-o-dsmt-destramadol-store","21":"product_tag-o-dsmt-destramadol-use","22":"product_tag-o-dsmt-destramadol-wiki","23":"product_tag-o-dsmt-destramadol-worldwide","24":"product_tag-o-dsmt-for-sale","25":"product_tag-o-dsmt-supplier","26":"product_tag-o-dsmtonline","27":"product_tag-o-dsmtprice","28":"product_tag-order-o-dsmt","29":"product_tag-order-o-dsmt-destramadol","30":"product_tag-order-o-dsmt-online","31":"product_tag-purcharse-o-dsmt-destramadol-powder","32":"product_tag-shop-o-dsmt-destramadol","33":"product_tag-top-quality-o-dsmt","34":"product_tag-where-to-buy-o-dsmt","35":"product_tag-where-to-order-o-dsmt","36":"product_tag-wholesale-o-dsmt-bulk-online","38":"first","39":"instock","40":"shipping-taxable","41":"purchasable","42":"product-type-variable"},"yoast_head":"<!-- This site is optimized with the Yoast SEO plugin v24.1 - https:\/\/yoast.com\/wordpress\/plugins\/seo\/ -->\n<title>Buy O-DSMT Online - O-DSMT for Sale - Order O-DSMT Online<\/title>\n<meta name=\"description\" content=\"You can get o-dmst for sale at our online store and get it at your doorstep without any hassle. We help you buy o-dsmt online. Just place your order now!\" \/>\n<meta name=\"robots\" content=\"index, follow, max-snippet:-1, max-image-preview:large, max-video-preview:-1\" \/>\n<link rel=\"canonical\" href=\"https:\/\/nembutalhouse.com\/nl\/product\/buy-o-dsmt-destramadol-online\/\" \/>\n<meta property=\"og:locale\" content=\"nl_NL\" \/>\n<meta property=\"og:type\" content=\"article\" \/>\n<meta property=\"og:title\" content=\"Buy O-DSMT Online - O-DSMT for Sale - Order O-DSMT Online\" \/>\n<meta property=\"og:description\" content=\"You can get o-dmst for sale at our online store and get it at your doorstep without any hassle. We help you buy o-dsmt online. Just place your order now!\" \/>\n<meta property=\"og:url\" content=\"https:\/\/nembutalhouse.com\/nl\/product\/buy-o-dsmt-destramadol-online\/\" \/>\n<meta property=\"og:site_name\" content=\"Nembutal House\" \/>\n<meta property=\"article:modified_time\" content=\"2026-03-06T11:29:47+00:00\" \/>\n<meta property=\"og:image\" content=\"https:\/\/nembutalhouse.com\/wp-content\/uploads\/2024\/10\/O-DSMTDestramadol.gif\" \/>\n\t<meta property=\"og:image:width\" content=\"600\" \/>\n\t<meta property=\"og:image:height\" content=\"600\" \/>\n\t<meta property=\"og:image:type\" content=\"image\/gif\" \/>\n<meta name=\"twitter:card\" content=\"summary_large_image\" \/>\n<meta name=\"twitter:label1\" content=\"Geschatte leestijd\" \/>\n\t<meta name=\"twitter:data1\" content=\"2 minuten\" \/>\n<script type=\"application\/ld+json\" class=\"yoast-schema-graph\">{\"@context\":\"https:\/\/schema.org\",\"@graph\":[{\"@type\":\"WebPage\",\"@id\":\"https:\/\/nembutalhouse.com\/product\/buy-o-dsmt-destramadol-online\/\",\"url\":\"https:\/\/nembutalhouse.com\/product\/buy-o-dsmt-destramadol-online\/\",\"name\":\"Buy O-DSMT Online - O-DSMT for Sale - Order O-DSMT Online\",\"isPartOf\":{\"@id\":\"https:\/\/nembutalhouse.com\/#website\"},\"primaryImageOfPage\":{\"@id\":\"https:\/\/nembutalhouse.com\/product\/buy-o-dsmt-destramadol-online\/#primaryimage\"},\"image\":{\"@id\":\"https:\/\/nembutalhouse.com\/product\/buy-o-dsmt-destramadol-online\/#primaryimage\"},\"thumbnailUrl\":\"https:\/\/nembutalhouse.com\/wp-content\/uploads\/2024\/10\/O-DSMTDestramadol.gif\",\"datePublished\":\"2024-10-16T11:50:31+00:00\",\"dateModified\":\"2026-03-06T11:29:47+00:00\",\"description\":\"You can get o-dmst for sale at our online store and get it at your doorstep without any hassle. We help you buy o-dsmt online. Just place your order now!\",\"breadcrumb\":{\"@id\":\"https:\/\/nembutalhouse.com\/product\/buy-o-dsmt-destramadol-online\/#breadcrumb\"},\"inLanguage\":\"nl-NL\",\"potentialAction\":[{\"@type\":\"ReadAction\",\"target\":[\"https:\/\/nembutalhouse.com\/product\/buy-o-dsmt-destramadol-online\/\"]}]},{\"@type\":\"ImageObject\",\"inLanguage\":\"nl-NL\",\"@id\":\"https:\/\/nembutalhouse.com\/product\/buy-o-dsmt-destramadol-online\/#primaryimage\",\"url\":\"https:\/\/nembutalhouse.com\/wp-content\/uploads\/2024\/10\/O-DSMTDestramadol.gif\",\"contentUrl\":\"https:\/\/nembutalhouse.com\/wp-content\/uploads\/2024\/10\/O-DSMTDestramadol.gif\",\"width\":600,\"height\":600,\"caption\":\"Buy O-DSMT [Destramadol] Online\"},{\"@type\":\"BreadcrumbList\",\"@id\":\"https:\/\/nembutalhouse.com\/product\/buy-o-dsmt-destramadol-online\/#breadcrumb\",\"itemListElement\":[{\"@type\":\"ListItem\",\"position\":1,\"name\":\"Home\",\"item\":\"https:\/\/nembutalhouse.com\/\"},{\"@type\":\"ListItem\",\"position\":2,\"name\":\"Shop\",\"item\":\"https:\/\/nembutalhouse.com\/shop\/\"},{\"@type\":\"ListItem\",\"position\":3,\"name\":\"Buy O-DSMT [Destramadol] Online\"}]},{\"@type\":\"WebSite\",\"@id\":\"https:\/\/nembutalhouse.com\/#website\",\"url\":\"https:\/\/nembutalhouse.com\/\",\"name\":\"Nembutal House\",\"description\":\"Best Nembutal Online Store\",\"publisher\":{\"@id\":\"https:\/\/nembutalhouse.com\/#organization\"},\"potentialAction\":[{\"@type\":\"SearchAction\",\"target\":{\"@type\":\"EntryPoint\",\"urlTemplate\":\"https:\/\/nembutalhouse.com\/?s={search_term_string}\"},\"query-input\":{\"@type\":\"PropertyValueSpecification\",\"valueRequired\":true,\"valueName\":\"search_term_string\"}}],\"inLanguage\":\"nl-NL\"},{\"@type\":\"Organization\",\"@id\":\"https:\/\/nembutalhouse.com\/#organization\",\"name\":\"Nembutal House\",\"url\":\"https:\/\/nembutalhouse.com\/\",\"logo\":{\"@type\":\"ImageObject\",\"inLanguage\":\"nl-NL\",\"@id\":\"https:\/\/nembutalhouse.com\/#\/schema\/logo\/image\/\",\"url\":\"https:\/\/nembutalhouse.com\/wp-content\/uploads\/2022\/12\/logo.png\",\"contentUrl\":\"https:\/\/nembutalhouse.com\/wp-content\/uploads\/2022\/12\/logo.png\",\"width\":344,\"height\":103,\"caption\":\"Nembutal House\"},\"image\":{\"@id\":\"https:\/\/nembutalhouse.com\/#\/schema\/logo\/image\/\"}}]}<\/script>\n<!-- \/ Yoast SEO plugin. -->","yoast_head_json":{"title":"Buy O-DSMT Online - O-DSMT for Sale - Order O-DSMT Online","description":"You can get o-dmst for sale at our online store and get it at your doorstep without any hassle. We help you buy o-dsmt online. Just place your order now!","robots":{"index":"index","follow":"follow","max-snippet":"max-snippet:-1","max-image-preview":"max-image-preview:large","max-video-preview":"max-video-preview:-1"},"canonical":"https:\/\/nembutalhouse.com\/nl\/product\/buy-o-dsmt-destramadol-online\/","og_locale":"nl_NL","og_type":"article","og_title":"Buy O-DSMT Online - O-DSMT for Sale - Order O-DSMT Online","og_description":"You can get o-dmst for sale at our online store and get it at your doorstep without any hassle. We help you buy o-dsmt online. Just place your order now!","og_url":"https:\/\/nembutalhouse.com\/nl\/product\/buy-o-dsmt-destramadol-online\/","og_site_name":"Nembutal House","article_modified_time":"2026-03-06T11:29:47+00:00","og_image":[{"width":600,"height":600,"url":"https:\/\/nembutalhouse.com\/wp-content\/uploads\/2024\/10\/O-DSMTDestramadol.gif","type":"image\/gif"}],"twitter_card":"summary_large_image","twitter_misc":{"Geschatte leestijd":"2 minuten"},"schema":{"@context":"https:\/\/schema.org","@graph":[{"@type":"WebPage","@id":"https:\/\/nembutalhouse.com\/product\/buy-o-dsmt-destramadol-online\/","url":"https:\/\/nembutalhouse.com\/product\/buy-o-dsmt-destramadol-online\/","name":"Buy O-DSMT Online - O-DSMT for Sale - Order O-DSMT Online","isPartOf":{"@id":"https:\/\/nembutalhouse.com\/#website"},"primaryImageOfPage":{"@id":"https:\/\/nembutalhouse.com\/product\/buy-o-dsmt-destramadol-online\/#primaryimage"},"image":{"@id":"https:\/\/nembutalhouse.com\/product\/buy-o-dsmt-destramadol-online\/#primaryimage"},"thumbnailUrl":"https:\/\/nembutalhouse.com\/wp-content\/uploads\/2024\/10\/O-DSMTDestramadol.gif","datePublished":"2024-10-16T11:50:31+00:00","dateModified":"2026-03-06T11:29:47+00:00","description":"You can get o-dmst for sale at our online store and get it at your doorstep without any hassle. We help you buy o-dsmt online. Just place your order now!","breadcrumb":{"@id":"https:\/\/nembutalhouse.com\/product\/buy-o-dsmt-destramadol-online\/#breadcrumb"},"inLanguage":"nl-NL","potentialAction":[{"@type":"ReadAction","target":["https:\/\/nembutalhouse.com\/product\/buy-o-dsmt-destramadol-online\/"]}]},{"@type":"ImageObject","inLanguage":"nl-NL","@id":"https:\/\/nembutalhouse.com\/product\/buy-o-dsmt-destramadol-online\/#primaryimage","url":"https:\/\/nembutalhouse.com\/wp-content\/uploads\/2024\/10\/O-DSMTDestramadol.gif","contentUrl":"https:\/\/nembutalhouse.com\/wp-content\/uploads\/2024\/10\/O-DSMTDestramadol.gif","width":600,"height":600,"caption":"Buy O-DSMT [Destramadol] Online"},{"@type":"BreadcrumbList","@id":"https:\/\/nembutalhouse.com\/product\/buy-o-dsmt-destramadol-online\/#breadcrumb","itemListElement":[{"@type":"ListItem","position":1,"name":"Home","item":"https:\/\/nembutalhouse.com\/"},{"@type":"ListItem","position":2,"name":"Shop","item":"https:\/\/nembutalhouse.com\/shop\/"},{"@type":"ListItem","position":3,"name":"Buy O-DSMT [Destramadol] Online"}]},{"@type":"WebSite","@id":"https:\/\/nembutalhouse.com\/#website","url":"https:\/\/nembutalhouse.com\/","name":"Nembutal House","description":"Best Nembutal Online Store","publisher":{"@id":"https:\/\/nembutalhouse.com\/#organization"},"potentialAction":[{"@type":"SearchAction","target":{"@type":"EntryPoint","urlTemplate":"https:\/\/nembutalhouse.com\/?s={search_term_string}"},"query-input":{"@type":"PropertyValueSpecification","valueRequired":true,"valueName":"search_term_string"}}],"inLanguage":"nl-NL"},{"@type":"Organization","@id":"https:\/\/nembutalhouse.com\/#organization","name":"Nembutal House","url":"https:\/\/nembutalhouse.com\/","logo":{"@type":"ImageObject","inLanguage":"nl-NL","@id":"https:\/\/nembutalhouse.com\/#\/schema\/logo\/image\/","url":"https:\/\/nembutalhouse.com\/wp-content\/uploads\/2022\/12\/logo.png","contentUrl":"https:\/\/nembutalhouse.com\/wp-content\/uploads\/2022\/12\/logo.png","width":344,"height":103,"caption":"Nembutal House"},"image":{"@id":"https:\/\/nembutalhouse.com\/#\/schema\/logo\/image\/"}}]}},"_links":{"self":[{"href":"https:\/\/nembutalhouse.com\/nl\/wp-json\/wp\/v2\/product\/1392","targetHints":{"allow":["GET"]}}],"collection":[{"href":"https:\/\/nembutalhouse.com\/nl\/wp-json\/wp\/v2\/product"}],"about":[{"href":"https:\/\/nembutalhouse.com\/nl\/wp-json\/wp\/v2\/types\/product"}],"replies":[{"embeddable":true,"href":"https:\/\/nembutalhouse.com\/nl\/wp-json\/wp\/v2\/comments?post=1392"}],"wp:featuredmedia":[{"embeddable":true,"href":"https:\/\/nembutalhouse.com\/nl\/wp-json\/wp\/v2\/media\/1551"}],"wp:attachment":[{"href":"https:\/\/nembutalhouse.com\/nl\/wp-json\/wp\/v2\/media?parent=1392"}],"wp:term":[{"taxonomy":"product_cat","embeddable":true,"href":"https:\/\/nembutalhouse.com\/nl\/wp-json\/wp\/v2\/product_cat?post=1392"},{"taxonomy":"product_tag","embeddable":true,"href":"https:\/\/nembutalhouse.com\/nl\/wp-json\/wp\/v2\/product_tag?post=1392"}],"curies":[{"name":"wp","href":"https:\/\/api.w.org\/{rel}","templated":true}]}}