{"id":529,"date":"2024-10-16T04:59:57","date_gmt":"2024-10-16T04:59:57","guid":{"rendered":"https:\/\/nembutalhouse.com\/?post_type=product&#038;p=529"},"modified":"2026-03-06T07:35:40","modified_gmt":"2026-03-06T07:35:40","slug":"buy-5cladba-online","status":"publish","type":"product","link":"https:\/\/nembutalhouse.com\/it\/prodotto\/acquistare-5cladba-online\/","title":{"rendered":"Buy 5cladba Online"},"content":{"rendered":"<h2>Comprare 5cl-adb-a online<\/h2>\n<p>\u00c8 noto anche come MDMB-4en-P ed \u00e8 generalmente destinato ad essere utilizzato solo per lo studio; non \u00e8 destinato ad essere consumato da esseri umani o animali.<br \/>\n5-cl-adb-a disponibile per l'acquisto<\/p>\n<p><a href=\"https:\/\/nembutalhouse.com\/it\/\">NembutalHouse<\/a> Sales offre 5cl-adb-a in vendita online a basso prezzo. Spediamo non appena il prodotto viene verificato; nel frattempo, 5-cl-adb-a \u00e8 un ulteriore cannabinoide ingegnerizzato che \u00e8 diventato recentemente disponibile ed \u00e8 stato aggiunto al nostro inventario. Un cannabinoide prodotto artificialmente della famiglia degli indazoli-3-carbossamidi \u00e8 <a href=\"https:\/\/nembutalhouse.com\/it\/prodotto\/acquistare-5cladba-online\/\">5-cl-adb-an<\/a>. Proviene da una serie di miscele che Pfizer ha sviluppato per la prima volta nel 2009 come analgesico.<\/p>\n<h3>applicazioni per 5cl-adb-a<\/h3>\n<p>Il 5cl-adb-a che pu\u00f2 essere acquistato su questo sito non \u00e8 destinato a test in vivo o all'uso umano. Questo articolo \u00e8<\/p>\n<p>suggerito per, in un certo senso, applicazioni criminologiche e indagini logiche. 5-cl-adb-a deve essere utilizzato solo in condizioni di centro di ricerca da personale qualificato.<\/p>\n<p><a href=\"https:\/\/en.wikipedia.org\/wiki\/MDMB-4en-PINACA\">5-CL-ADB-An<\/a> \u00e8 un cannabinoide sintetico derivato dagli indazoli. 5-cl-adb-a \u00e8 commercializzato come farmaco per architetti ed \u00e8 disponibile per l'acquisto online. L'acquisto online di 5cl-adb-a \u00e8 un esempio diretto di un subordinato amilato di 5f-adb, in cui \u00e8 stato utilizzato un amilene al posto dell'estere metilico.<\/p>\n<p>In confronto \u00e8 molto pi\u00f9 potente della 5f-adb, anche se espressa in modo semplice. Nell'improbabile caso in cui siate alla ricerca di una cannabis calda e potente, la 5-cl-adb-an \u00e8 quella che dovreste cercare. Contattateci subito via WhatsApp o tramite la nostra visita dal vivo e vi forniremo tutte le informazioni di cui potreste aver bisogno su questo nuovo cannabinoide attualmente pi\u00f9 diffuso. Acquistare online 5cl-adb-a.<\/p>\n<p>&nbsp;<\/p>\n<p>&nbsp;<\/p>","protected":false},"excerpt":{"rendered":"<p>Comprare 5cl-adb-a online Comprare 5cl-adb-a online \u00c8 anche conosciuto come MDMB-4en-P ed \u00e8 tipicamente destinato ad essere usato solo per lo studio; non \u00e8 destinato ad essere consumato...<\/p>","protected":false},"featured_media":575,"comment_status":"closed","ping_status":"closed","template":"","meta":{"_joinchat":[]},"product_cat":[186],"product_tag":[670,649,652,658,659,662,669,667,668,666,655,647,657,648,664,624,661,654,650,651,665,663,660,653,656,625],"class_list":{"0":"post-529","1":"product","2":"type-product","3":"status-publish","4":"has-post-thumbnail","6":"product_cat-research-chemicals","7":"product_tag-5cladba-for-cleaning","8":"product_tag-5cladba-for-sale","9":"product_tag-5cladba-powder","10":"product_tag-5cladba-powder-online","11":"product_tag-5cladba-price","12":"product_tag-5cladba-store","13":"product_tag-5cladba-wiki","14":"product_tag-5cladba-worldwide","15":"product_tag-5cladbas-use","16":"product_tag-best-cheap-price-5cladba","17":"product_tag-best-place-to-buy-5cladba","18":"product_tag-buy-5cladba","19":"product_tag-buy-5cladba-legally","20":"product_tag-buy-5cladba-online","21":"product_tag-cheap-5cladbas","22":"product_tag-dmxe-supplier","23":"product_tag-high-quality-5cladba","24":"product_tag-how-to-buy-5cladba","25":"product_tag-order-5cladba","26":"product_tag-order-5cladba-online","27":"product_tag-purcharse-5cladba","28":"product_tag-shop-5cladba","29":"product_tag-top-quality-5cladba","30":"product_tag-where-to-buy-5cladba","31":"product_tag-where-to-order-5cladba","32":"product_tag-wholesale-dmxe-bulk-online","34":"first","35":"instock","36":"shipping-taxable","37":"purchasable","38":"product-type-variable"},"yoast_head":"<!-- This site is optimized with the Yoast SEO plugin v24.1 - https:\/\/yoast.com\/wordpress\/plugins\/seo\/ -->\n<title>Buy 5 CLADBA Online - 5 CLADBA Powder for Sale<\/title>\n<meta name=\"description\" content=\"Find premium 5cladba for sale at our online store, providing a secure platform to buy 5cladba online with ease, catering to your research needs.\" \/>\n<meta name=\"robots\" content=\"index, follow, max-snippet:-1, max-image-preview:large, max-video-preview:-1\" \/>\n<link rel=\"canonical\" href=\"https:\/\/nembutalhouse.com\/it\/prodotto\/acquistare-5cladba-online\/\" \/>\n<meta property=\"og:locale\" content=\"it_IT\" \/>\n<meta property=\"og:type\" content=\"article\" \/>\n<meta property=\"og:title\" content=\"Buy 5 CLADBA Online - 5 CLADBA Powder for Sale\" \/>\n<meta property=\"og:description\" content=\"Find premium 5cladba for sale at our online store, providing a secure platform to buy 5cladba online with ease, catering to your research needs.\" \/>\n<meta property=\"og:url\" content=\"https:\/\/nembutalhouse.com\/it\/prodotto\/acquistare-5cladba-online\/\" \/>\n<meta property=\"og:site_name\" content=\"Nembutal House\" \/>\n<meta property=\"article:modified_time\" content=\"2026-03-06T07:35:40+00:00\" \/>\n<meta property=\"og:image\" content=\"https:\/\/nembutalhouse.com\/wp-content\/uploads\/2024\/10\/5cladba.gif\" \/>\n\t<meta property=\"og:image:width\" content=\"600\" \/>\n\t<meta property=\"og:image:height\" content=\"600\" \/>\n\t<meta property=\"og:image:type\" content=\"image\/gif\" \/>\n<meta name=\"twitter:card\" content=\"summary_large_image\" \/>\n<meta name=\"twitter:label1\" content=\"Tempo di lettura stimato\" \/>\n\t<meta name=\"twitter:data1\" content=\"2 minuti\" \/>\n<script type=\"application\/ld+json\" class=\"yoast-schema-graph\">{\"@context\":\"https:\/\/schema.org\",\"@graph\":[{\"@type\":\"WebPage\",\"@id\":\"https:\/\/nembutalhouse.com\/product\/buy-5cladba-online\/\",\"url\":\"https:\/\/nembutalhouse.com\/product\/buy-5cladba-online\/\",\"name\":\"Buy 5 CLADBA Online - 5 CLADBA Powder for Sale\",\"isPartOf\":{\"@id\":\"https:\/\/nembutalhouse.com\/#website\"},\"primaryImageOfPage\":{\"@id\":\"https:\/\/nembutalhouse.com\/product\/buy-5cladba-online\/#primaryimage\"},\"image\":{\"@id\":\"https:\/\/nembutalhouse.com\/product\/buy-5cladba-online\/#primaryimage\"},\"thumbnailUrl\":\"https:\/\/nembutalhouse.com\/wp-content\/uploads\/2024\/10\/5cladba.gif\",\"datePublished\":\"2024-10-16T04:59:57+00:00\",\"dateModified\":\"2026-03-06T07:35:40+00:00\",\"description\":\"Find premium 5cladba for sale at our online store, providing a secure platform to buy 5cladba online with ease, catering to your research needs.\",\"breadcrumb\":{\"@id\":\"https:\/\/nembutalhouse.com\/product\/buy-5cladba-online\/#breadcrumb\"},\"inLanguage\":\"it-IT\",\"potentialAction\":[{\"@type\":\"ReadAction\",\"target\":[\"https:\/\/nembutalhouse.com\/product\/buy-5cladba-online\/\"]}]},{\"@type\":\"ImageObject\",\"inLanguage\":\"it-IT\",\"@id\":\"https:\/\/nembutalhouse.com\/product\/buy-5cladba-online\/#primaryimage\",\"url\":\"https:\/\/nembutalhouse.com\/wp-content\/uploads\/2024\/10\/5cladba.gif\",\"contentUrl\":\"https:\/\/nembutalhouse.com\/wp-content\/uploads\/2024\/10\/5cladba.gif\",\"width\":600,\"height\":600,\"caption\":\"Buy 5cladba Online\"},{\"@type\":\"BreadcrumbList\",\"@id\":\"https:\/\/nembutalhouse.com\/product\/buy-5cladba-online\/#breadcrumb\",\"itemListElement\":[{\"@type\":\"ListItem\",\"position\":1,\"name\":\"Home\",\"item\":\"https:\/\/nembutalhouse.com\/\"},{\"@type\":\"ListItem\",\"position\":2,\"name\":\"Shop\",\"item\":\"https:\/\/nembutalhouse.com\/shop\/\"},{\"@type\":\"ListItem\",\"position\":3,\"name\":\"Buy 5cladba Online\"}]},{\"@type\":\"WebSite\",\"@id\":\"https:\/\/nembutalhouse.com\/#website\",\"url\":\"https:\/\/nembutalhouse.com\/\",\"name\":\"Nembutal House\",\"description\":\"Best Nembutal Online Store\",\"publisher\":{\"@id\":\"https:\/\/nembutalhouse.com\/#organization\"},\"potentialAction\":[{\"@type\":\"SearchAction\",\"target\":{\"@type\":\"EntryPoint\",\"urlTemplate\":\"https:\/\/nembutalhouse.com\/?s={search_term_string}\"},\"query-input\":{\"@type\":\"PropertyValueSpecification\",\"valueRequired\":true,\"valueName\":\"search_term_string\"}}],\"inLanguage\":\"it-IT\"},{\"@type\":\"Organization\",\"@id\":\"https:\/\/nembutalhouse.com\/#organization\",\"name\":\"Nembutal House\",\"url\":\"https:\/\/nembutalhouse.com\/\",\"logo\":{\"@type\":\"ImageObject\",\"inLanguage\":\"it-IT\",\"@id\":\"https:\/\/nembutalhouse.com\/#\/schema\/logo\/image\/\",\"url\":\"https:\/\/nembutalhouse.com\/wp-content\/uploads\/2022\/12\/logo.png\",\"contentUrl\":\"https:\/\/nembutalhouse.com\/wp-content\/uploads\/2022\/12\/logo.png\",\"width\":344,\"height\":103,\"caption\":\"Nembutal House\"},\"image\":{\"@id\":\"https:\/\/nembutalhouse.com\/#\/schema\/logo\/image\/\"}}]}<\/script>\n<!-- \/ Yoast SEO plugin. -->","yoast_head_json":{"title":"Buy 5 CLADBA Online - 5 CLADBA Powder for Sale","description":"Find premium 5cladba for sale at our online store, providing a secure platform to buy 5cladba online with ease, catering to your research needs.","robots":{"index":"index","follow":"follow","max-snippet":"max-snippet:-1","max-image-preview":"max-image-preview:large","max-video-preview":"max-video-preview:-1"},"canonical":"https:\/\/nembutalhouse.com\/it\/prodotto\/acquistare-5cladba-online\/","og_locale":"it_IT","og_type":"article","og_title":"Buy 5 CLADBA Online - 5 CLADBA Powder for Sale","og_description":"Find premium 5cladba for sale at our online store, providing a secure platform to buy 5cladba online with ease, catering to your research needs.","og_url":"https:\/\/nembutalhouse.com\/it\/prodotto\/acquistare-5cladba-online\/","og_site_name":"Nembutal House","article_modified_time":"2026-03-06T07:35:40+00:00","og_image":[{"width":600,"height":600,"url":"https:\/\/nembutalhouse.com\/wp-content\/uploads\/2024\/10\/5cladba.gif","type":"image\/gif"}],"twitter_card":"summary_large_image","twitter_misc":{"Tempo di lettura stimato":"2 minuti"},"schema":{"@context":"https:\/\/schema.org","@graph":[{"@type":"WebPage","@id":"https:\/\/nembutalhouse.com\/product\/buy-5cladba-online\/","url":"https:\/\/nembutalhouse.com\/product\/buy-5cladba-online\/","name":"Buy 5 CLADBA Online - 5 CLADBA Powder for Sale","isPartOf":{"@id":"https:\/\/nembutalhouse.com\/#website"},"primaryImageOfPage":{"@id":"https:\/\/nembutalhouse.com\/product\/buy-5cladba-online\/#primaryimage"},"image":{"@id":"https:\/\/nembutalhouse.com\/product\/buy-5cladba-online\/#primaryimage"},"thumbnailUrl":"https:\/\/nembutalhouse.com\/wp-content\/uploads\/2024\/10\/5cladba.gif","datePublished":"2024-10-16T04:59:57+00:00","dateModified":"2026-03-06T07:35:40+00:00","description":"Find premium 5cladba for sale at our online store, providing a secure platform to buy 5cladba online with ease, catering to your research needs.","breadcrumb":{"@id":"https:\/\/nembutalhouse.com\/product\/buy-5cladba-online\/#breadcrumb"},"inLanguage":"it-IT","potentialAction":[{"@type":"ReadAction","target":["https:\/\/nembutalhouse.com\/product\/buy-5cladba-online\/"]}]},{"@type":"ImageObject","inLanguage":"it-IT","@id":"https:\/\/nembutalhouse.com\/product\/buy-5cladba-online\/#primaryimage","url":"https:\/\/nembutalhouse.com\/wp-content\/uploads\/2024\/10\/5cladba.gif","contentUrl":"https:\/\/nembutalhouse.com\/wp-content\/uploads\/2024\/10\/5cladba.gif","width":600,"height":600,"caption":"Buy 5cladba Online"},{"@type":"BreadcrumbList","@id":"https:\/\/nembutalhouse.com\/product\/buy-5cladba-online\/#breadcrumb","itemListElement":[{"@type":"ListItem","position":1,"name":"Home","item":"https:\/\/nembutalhouse.com\/"},{"@type":"ListItem","position":2,"name":"Shop","item":"https:\/\/nembutalhouse.com\/shop\/"},{"@type":"ListItem","position":3,"name":"Buy 5cladba Online"}]},{"@type":"WebSite","@id":"https:\/\/nembutalhouse.com\/#website","url":"https:\/\/nembutalhouse.com\/","name":"Nembutal House","description":"Best Nembutal Online Store","publisher":{"@id":"https:\/\/nembutalhouse.com\/#organization"},"potentialAction":[{"@type":"SearchAction","target":{"@type":"EntryPoint","urlTemplate":"https:\/\/nembutalhouse.com\/?s={search_term_string}"},"query-input":{"@type":"PropertyValueSpecification","valueRequired":true,"valueName":"search_term_string"}}],"inLanguage":"it-IT"},{"@type":"Organization","@id":"https:\/\/nembutalhouse.com\/#organization","name":"Nembutal House","url":"https:\/\/nembutalhouse.com\/","logo":{"@type":"ImageObject","inLanguage":"it-IT","@id":"https:\/\/nembutalhouse.com\/#\/schema\/logo\/image\/","url":"https:\/\/nembutalhouse.com\/wp-content\/uploads\/2022\/12\/logo.png","contentUrl":"https:\/\/nembutalhouse.com\/wp-content\/uploads\/2022\/12\/logo.png","width":344,"height":103,"caption":"Nembutal House"},"image":{"@id":"https:\/\/nembutalhouse.com\/#\/schema\/logo\/image\/"}}]}},"_links":{"self":[{"href":"https:\/\/nembutalhouse.com\/it\/wp-json\/wp\/v2\/product\/529","targetHints":{"allow":["GET"]}}],"collection":[{"href":"https:\/\/nembutalhouse.com\/it\/wp-json\/wp\/v2\/product"}],"about":[{"href":"https:\/\/nembutalhouse.com\/it\/wp-json\/wp\/v2\/types\/product"}],"replies":[{"embeddable":true,"href":"https:\/\/nembutalhouse.com\/it\/wp-json\/wp\/v2\/comments?post=529"}],"wp:featuredmedia":[{"embeddable":true,"href":"https:\/\/nembutalhouse.com\/it\/wp-json\/wp\/v2\/media\/575"}],"wp:attachment":[{"href":"https:\/\/nembutalhouse.com\/it\/wp-json\/wp\/v2\/media?parent=529"}],"wp:term":[{"taxonomy":"product_cat","embeddable":true,"href":"https:\/\/nembutalhouse.com\/it\/wp-json\/wp\/v2\/product_cat?post=529"},{"taxonomy":"product_tag","embeddable":true,"href":"https:\/\/nembutalhouse.com\/it\/wp-json\/wp\/v2\/product_tag?post=529"}],"curies":[{"name":"wp","href":"https:\/\/api.w.org\/{rel}","templated":true}]}}