{"id":31,"date":"2022-12-13T19:00:11","date_gmt":"2022-12-13T19:00:11","guid":{"rendered":"https:\/\/nembutalhouse.com\/?post_type=product&#038;p=31"},"modified":"2026-03-06T11:05:23","modified_gmt":"2026-03-06T11:05:23","slug":"buy-nembutal-liquid-online","status":"publish","type":"product","link":"https:\/\/nembutalhouse.com\/it\/prodotto\/acquistare-nembutal-liquido-online\/","title":{"rendered":"Acquista Nembutal liquido online"},"content":{"rendered":"<h2>Acquista Nembutal liquido online<\/h2>\n<p>I nostri <a href=\"https:\/\/nembutalhouse.com\/it\/\" target=\"_blank\" rel=\"noopener\"><strong>Negozio Nembutal<\/strong><\/a> \u00e8 senza dubbio la tua destinazione finale se vuoi acquistare il liquido nembutal della migliore qualit\u00e0 in Italia. \u00c8 dove la qualit\u00e0 soddisfa le tue aspettative e ti offre il comfort che hai sempre desiderato dal Nembutal liquido. Puoi <a href=\"https:\/\/nembutalhouse.com\/it\/prodotto\/acquistare-nembutal-liquido-online\/\"><strong>comprare nembutal liquido in Italia<\/strong><\/a>. Tutti i nostri prodotti pentobarbital sono testati in laboratorio per essere sicuri. Quindi ora abbiamo una reputazione che dobbiamo mantenere. Quindi ridurre la qualit\u00e0 della polvere di Nembutal \u00e8 qualcosa che dobbiamo sempre fare.<\/p>\n<h3>Dove riceverai l'iniezione di Nembutal?<\/h3>\n<p>Puoi acquistare il liquido nembutal online dal tuo veterinario o negozio di alimenti naturali. Ma tieni presente che potrebbero esserci restrizioni su come e dove puoi ottenerli. Supponiamo che tu abbia una prescrizione registrata per l'eutanasia, puoi contattare il tuo veterinario per i dettagli. Di solito hanno un elenco di veterinari che sanno dove trovare questo farmaco per l'eutanasia.<\/p>\n<h3>Puoi acquistare il Nembutal liquido online?<\/h3>\n<p>Yes, you can get the option of nembutal liquid for sale on our site, just like you can buy prescription drugs from your local pharmacy. You can find some restrictions on where to buy nembutal oral liquid. You can be sure to check and double-check before ordering euthanasia pills online.<\/p>\n<h3>Dove puoi comprare il Nembutal liquido?<\/h3>\n<p>Ancora una volta, questo pu\u00f2 essere complicato. Devi scegliere il posto migliore per acquistare liquido nembutal come noi. La maggior parte dei farmaci per la macellazione di cani e gatti sono disponibili solo presso le cliniche veterinarie. Anche se riesci a trovare un rivenditore che vende questo farmaco, ma il prezzo potrebbe essere troppo alto per valere il tuo tempo.<\/p>\n<p>\u00c8 difficile rispondere a questa domanda senza sapere quale malattia ha il tuo cane o gatto. Per questo motivo, \u00e8 molto importante che il tuo veterinario ti aiuti a determinare esattamente qual \u00e8 il problema. In generale, tuttavia, l'efedrina viene utilizzata nei cani e nei gatti che soffrono di depressione: demenza, disturbo da deficit di attenzione e iperattivit\u00e0 (ADD) e altri problemi comportamentali. Supponiamo che ti stia chiedendo se questo farmaco funzioner\u00e0 per il tuo animale domestico. Probabilmente funzioner\u00e0. Alla maggior parte dei clienti piace effettuare un ordine per acquistare nembutal online con noi.<\/p>\n<h3>\u00c8 legale acquistare pentobarbital di sodio e usarlo per l'eutanasia degli animali?<\/h3>\n<p>Yes, it&#8217;s legal if you order it from a licensed dealer. Also, keep in mind that if you get into trouble with the law by giving or attempting to give this drug to animals. Fines and veterinary penalties may apply. You can help protect yourself by purchasing this medication from a licensed dealer. On our site, our expert will explain how to <a href=\"https:\/\/en.wikipedia.org\/wiki\/Pentobarbital\">acquistare nembutal liquido<\/a>.<\/p>\n<p>Come dovrei usare il pentobarbital? \u00c8 necessario seguire attentamente le istruzioni di dosaggio. Le misurazioni del dosaggio e la miscelazione sono molto importanti e non dovresti correre alcun rischio. Molte persone hanno reazioni gravi in caso di overdose di questo farmaco. Pertanto, assicurati di assumere i farmaci secondo le indicazioni sulla confezione. In questa era digitale, puoi facilmente ordinare il nembutal liquido online. Utilizzare il liquido come indicato: cospargere su un piccolo pezzo di cotone o garza, quindi inalare il vapore.<\/p>","protected":false},"excerpt":{"rendered":"<p>Buy Nembutal Liquid Online Our Nembutal shop is undoubtedly your final destination if you want to buy the best quality nembutal liquid in the UK, Canada, and Australia. It&#8217;s where&hellip;<\/p>","protected":false},"featured_media":20,"comment_status":"open","ping_status":"closed","template":"","meta":{"_joinchat":[]},"product_cat":[16],"product_tag":[508,497,59,60,61,499,62,17,49,19,63,506,503,20,496,23,64,65,25,26,27,28,512,489,494,66,513,501,504,490,511,509,500,510,30,31,37,38,492,493,39,42,507,505,502,67,46,495,68,498,491],"class_list":{"0":"post-31","1":"product","2":"type-product","3":"status-publish","4":"has-post-thumbnail","6":"product_cat-nembutal","7":"product_tag-best-cheap-price-nembutal-liquid","8":"product_tag-best-place-to-buy-nembutal-liquid","9":"product_tag-buy-liquid-nembutal-in-canada","10":"product_tag-buy-liquid-nembutal-online","11":"product_tag-buy-nembutal-liquid","12":"product_tag-buy-nembutal-liquid-legally","13":"product_tag-buy-nembutal-liquid-online","14":"product_tag-buy-nembutal-online","15":"product_tag-buy-nembutal-pentobarbital","16":"product_tag-buy-nembutal-uk","17":"product_tag-buy-pentobarbital-online","18":"product_tag-cheap-nembutal-liquids","19":"product_tag-high-quality-nembutal-liquid","20":"product_tag-how-can-i-get-nembutal","21":"product_tag-how-to-buy-nembutal-liquid","22":"product_tag-how-to-purchase-nembutal","23":"product_tag-liquid-nembutal","24":"product_tag-liquid-nembutal-for-sale-in-canada","25":"product_tag-nembutal-buy","26":"product_tag-nembutal-buy-india","27":"product_tag-nembutal-for-sale","28":"product_tag-nembutal-for-sale-online","29":"product_tag-nembutal-liquid-for-cleaning","30":"product_tag-nembutal-liquid-for-sale","31":"product_tag-nembutal-liquid-liquid","32":"product_tag-nembutal-liquid-near-me","33":"product_tag-nembutal-liquid-powder","34":"product_tag-nembutal-liquid-price","35":"product_tag-nembutal-liquid-store","36":"product_tag-nembutal-liquid-supplier","37":"product_tag-nembutal-liquid-wiki","38":"product_tag-nembutal-liquid-worldwide","39":"product_tag-nembutal-liquids-online","40":"product_tag-nembutal-liquids-use","41":"product_tag-nembutal-order-online","42":"product_tag-nembutal-pentobarbital-for-sale-in-usa","43":"product_tag-nembutal-where-to-buy","44":"product_tag-order-nembutal","45":"product_tag-order-nembutal-liquid","46":"product_tag-order-nembutal-liquid-online","47":"product_tag-order-nembutal-online","48":"product_tag-pentobarbital-for-sale","49":"product_tag-purcharse-nembutal-liquid","50":"product_tag-shop-nembutal-liquid","51":"product_tag-top-quality-nembutal-liquid","52":"product_tag-where-can-i-buy-nembutal","53":"product_tag-where-to-buy-nembutal","54":"product_tag-where-to-buy-nembutal-liquid","55":"product_tag-where-to-buy-nembutal-liquid-online","56":"product_tag-where-to-order-nembutal-liquid","57":"product_tag-wholesale-nembutal-liquid-bulk-online","59":"first","60":"instock","61":"shipping-taxable","62":"purchasable","63":"product-type-variable","64":"has-default-attributes"},"yoast_head":"<!-- This site is optimized with the Yoast SEO plugin v24.1 - https:\/\/yoast.com\/wordpress\/plugins\/seo\/ -->\n<title>Nembutal Liquid for Sale - Buy Nembutal Liquid Online<\/title>\n<meta name=\"description\" content=\"Get nembutal liquid for sale at one of the best online stores nembutal house. We will help you buy nembutal liquid online of high quality. Don&#039;t delay to place your order and take advantage of the newest discounts!\" \/>\n<meta name=\"robots\" content=\"index, follow, max-snippet:-1, max-image-preview:large, max-video-preview:-1\" \/>\n<link rel=\"canonical\" href=\"https:\/\/nembutalhouse.com\/it\/prodotto\/acquistare-nembutal-liquido-online\/\" \/>\n<meta property=\"og:locale\" content=\"it_IT\" \/>\n<meta property=\"og:type\" content=\"article\" \/>\n<meta property=\"og:title\" content=\"Nembutal Liquid for Sale - Buy Nembutal Liquid Online\" \/>\n<meta property=\"og:description\" content=\"Get nembutal liquid for sale at one of the best online stores nembutal house. We will help you buy nembutal liquid online of high quality. Don&#039;t delay to place your order and take advantage of the newest discounts!\" \/>\n<meta property=\"og:url\" content=\"https:\/\/nembutalhouse.com\/it\/prodotto\/acquistare-nembutal-liquido-online\/\" \/>\n<meta property=\"og:site_name\" content=\"Nembutal House\" \/>\n<meta property=\"article:modified_time\" content=\"2026-03-06T11:05:23+00:00\" \/>\n<meta property=\"og:image\" content=\"https:\/\/nembutalhouse.com\/wp-content\/uploads\/2022\/12\/nembutal-liquid.jpg\" \/>\n\t<meta property=\"og:image:width\" content=\"1000\" \/>\n\t<meta property=\"og:image:height\" content=\"1000\" \/>\n\t<meta property=\"og:image:type\" content=\"image\/jpeg\" \/>\n<meta name=\"twitter:card\" content=\"summary_large_image\" \/>\n<meta name=\"twitter:label1\" content=\"Tempo di lettura stimato\" \/>\n\t<meta name=\"twitter:data1\" content=\"3 minuti\" \/>\n<script type=\"application\/ld+json\" class=\"yoast-schema-graph\">{\"@context\":\"https:\/\/schema.org\",\"@graph\":[{\"@type\":\"WebPage\",\"@id\":\"https:\/\/nembutalhouse.com\/product\/buy-nembutal-liquid-online\/\",\"url\":\"https:\/\/nembutalhouse.com\/product\/buy-nembutal-liquid-online\/\",\"name\":\"Nembutal Liquid for Sale - Buy Nembutal Liquid Online\",\"isPartOf\":{\"@id\":\"https:\/\/nembutalhouse.com\/#website\"},\"primaryImageOfPage\":{\"@id\":\"https:\/\/nembutalhouse.com\/product\/buy-nembutal-liquid-online\/#primaryimage\"},\"image\":{\"@id\":\"https:\/\/nembutalhouse.com\/product\/buy-nembutal-liquid-online\/#primaryimage\"},\"thumbnailUrl\":\"https:\/\/nembutalhouse.com\/wp-content\/uploads\/2022\/12\/nembutal-liquid.jpg\",\"datePublished\":\"2022-12-13T19:00:11+00:00\",\"dateModified\":\"2026-03-06T11:05:23+00:00\",\"description\":\"Get nembutal liquid for sale at one of the best online stores nembutal house. We will help you buy nembutal liquid online of high quality. Don't delay to place your order and take advantage of the newest discounts!\",\"breadcrumb\":{\"@id\":\"https:\/\/nembutalhouse.com\/product\/buy-nembutal-liquid-online\/#breadcrumb\"},\"inLanguage\":\"it-IT\",\"potentialAction\":[{\"@type\":\"ReadAction\",\"target\":[\"https:\/\/nembutalhouse.com\/product\/buy-nembutal-liquid-online\/\"]}]},{\"@type\":\"ImageObject\",\"inLanguage\":\"it-IT\",\"@id\":\"https:\/\/nembutalhouse.com\/product\/buy-nembutal-liquid-online\/#primaryimage\",\"url\":\"https:\/\/nembutalhouse.com\/wp-content\/uploads\/2022\/12\/nembutal-liquid.jpg\",\"contentUrl\":\"https:\/\/nembutalhouse.com\/wp-content\/uploads\/2022\/12\/nembutal-liquid.jpg\",\"width\":1000,\"height\":1000,\"caption\":\"Buy Nembutal Liquid Online\"},{\"@type\":\"BreadcrumbList\",\"@id\":\"https:\/\/nembutalhouse.com\/product\/buy-nembutal-liquid-online\/#breadcrumb\",\"itemListElement\":[{\"@type\":\"ListItem\",\"position\":1,\"name\":\"Home\",\"item\":\"https:\/\/nembutalhouse.com\/\"},{\"@type\":\"ListItem\",\"position\":2,\"name\":\"Shop\",\"item\":\"https:\/\/nembutalhouse.com\/shop\/\"},{\"@type\":\"ListItem\",\"position\":3,\"name\":\"Buy Nembutal Liquid Online\"}]},{\"@type\":\"WebSite\",\"@id\":\"https:\/\/nembutalhouse.com\/#website\",\"url\":\"https:\/\/nembutalhouse.com\/\",\"name\":\"Nembutal House\",\"description\":\"Best Nembutal Online Store\",\"publisher\":{\"@id\":\"https:\/\/nembutalhouse.com\/#organization\"},\"potentialAction\":[{\"@type\":\"SearchAction\",\"target\":{\"@type\":\"EntryPoint\",\"urlTemplate\":\"https:\/\/nembutalhouse.com\/?s={search_term_string}\"},\"query-input\":{\"@type\":\"PropertyValueSpecification\",\"valueRequired\":true,\"valueName\":\"search_term_string\"}}],\"inLanguage\":\"it-IT\"},{\"@type\":\"Organization\",\"@id\":\"https:\/\/nembutalhouse.com\/#organization\",\"name\":\"Nembutal House\",\"url\":\"https:\/\/nembutalhouse.com\/\",\"logo\":{\"@type\":\"ImageObject\",\"inLanguage\":\"it-IT\",\"@id\":\"https:\/\/nembutalhouse.com\/#\/schema\/logo\/image\/\",\"url\":\"https:\/\/nembutalhouse.com\/wp-content\/uploads\/2022\/12\/logo.png\",\"contentUrl\":\"https:\/\/nembutalhouse.com\/wp-content\/uploads\/2022\/12\/logo.png\",\"width\":344,\"height\":103,\"caption\":\"Nembutal House\"},\"image\":{\"@id\":\"https:\/\/nembutalhouse.com\/#\/schema\/logo\/image\/\"}}]}<\/script>\n<!-- \/ Yoast SEO plugin. -->","yoast_head_json":{"title":"Nembutal Liquid for Sale - Buy Nembutal Liquid Online","description":"Get nembutal liquid for sale at one of the best online stores nembutal house. We will help you buy nembutal liquid online of high quality. Don't delay to place your order and take advantage of the newest discounts!","robots":{"index":"index","follow":"follow","max-snippet":"max-snippet:-1","max-image-preview":"max-image-preview:large","max-video-preview":"max-video-preview:-1"},"canonical":"https:\/\/nembutalhouse.com\/it\/prodotto\/acquistare-nembutal-liquido-online\/","og_locale":"it_IT","og_type":"article","og_title":"Nembutal Liquid for Sale - Buy Nembutal Liquid Online","og_description":"Get nembutal liquid for sale at one of the best online stores nembutal house. We will help you buy nembutal liquid online of high quality. Don't delay to place your order and take advantage of the newest discounts!","og_url":"https:\/\/nembutalhouse.com\/it\/prodotto\/acquistare-nembutal-liquido-online\/","og_site_name":"Nembutal House","article_modified_time":"2026-03-06T11:05:23+00:00","og_image":[{"width":1000,"height":1000,"url":"https:\/\/nembutalhouse.com\/wp-content\/uploads\/2022\/12\/nembutal-liquid.jpg","type":"image\/jpeg"}],"twitter_card":"summary_large_image","twitter_misc":{"Tempo di lettura stimato":"3 minuti"},"schema":{"@context":"https:\/\/schema.org","@graph":[{"@type":"WebPage","@id":"https:\/\/nembutalhouse.com\/product\/buy-nembutal-liquid-online\/","url":"https:\/\/nembutalhouse.com\/product\/buy-nembutal-liquid-online\/","name":"Nembutal Liquid for Sale - Buy Nembutal Liquid Online","isPartOf":{"@id":"https:\/\/nembutalhouse.com\/#website"},"primaryImageOfPage":{"@id":"https:\/\/nembutalhouse.com\/product\/buy-nembutal-liquid-online\/#primaryimage"},"image":{"@id":"https:\/\/nembutalhouse.com\/product\/buy-nembutal-liquid-online\/#primaryimage"},"thumbnailUrl":"https:\/\/nembutalhouse.com\/wp-content\/uploads\/2022\/12\/nembutal-liquid.jpg","datePublished":"2022-12-13T19:00:11+00:00","dateModified":"2026-03-06T11:05:23+00:00","description":"Get nembutal liquid for sale at one of the best online stores nembutal house. We will help you buy nembutal liquid online of high quality. Don't delay to place your order and take advantage of the newest discounts!","breadcrumb":{"@id":"https:\/\/nembutalhouse.com\/product\/buy-nembutal-liquid-online\/#breadcrumb"},"inLanguage":"it-IT","potentialAction":[{"@type":"ReadAction","target":["https:\/\/nembutalhouse.com\/product\/buy-nembutal-liquid-online\/"]}]},{"@type":"ImageObject","inLanguage":"it-IT","@id":"https:\/\/nembutalhouse.com\/product\/buy-nembutal-liquid-online\/#primaryimage","url":"https:\/\/nembutalhouse.com\/wp-content\/uploads\/2022\/12\/nembutal-liquid.jpg","contentUrl":"https:\/\/nembutalhouse.com\/wp-content\/uploads\/2022\/12\/nembutal-liquid.jpg","width":1000,"height":1000,"caption":"Buy Nembutal Liquid Online"},{"@type":"BreadcrumbList","@id":"https:\/\/nembutalhouse.com\/product\/buy-nembutal-liquid-online\/#breadcrumb","itemListElement":[{"@type":"ListItem","position":1,"name":"Home","item":"https:\/\/nembutalhouse.com\/"},{"@type":"ListItem","position":2,"name":"Shop","item":"https:\/\/nembutalhouse.com\/shop\/"},{"@type":"ListItem","position":3,"name":"Buy Nembutal Liquid Online"}]},{"@type":"WebSite","@id":"https:\/\/nembutalhouse.com\/#website","url":"https:\/\/nembutalhouse.com\/","name":"Nembutal House","description":"Best Nembutal Online Store","publisher":{"@id":"https:\/\/nembutalhouse.com\/#organization"},"potentialAction":[{"@type":"SearchAction","target":{"@type":"EntryPoint","urlTemplate":"https:\/\/nembutalhouse.com\/?s={search_term_string}"},"query-input":{"@type":"PropertyValueSpecification","valueRequired":true,"valueName":"search_term_string"}}],"inLanguage":"it-IT"},{"@type":"Organization","@id":"https:\/\/nembutalhouse.com\/#organization","name":"Nembutal House","url":"https:\/\/nembutalhouse.com\/","logo":{"@type":"ImageObject","inLanguage":"it-IT","@id":"https:\/\/nembutalhouse.com\/#\/schema\/logo\/image\/","url":"https:\/\/nembutalhouse.com\/wp-content\/uploads\/2022\/12\/logo.png","contentUrl":"https:\/\/nembutalhouse.com\/wp-content\/uploads\/2022\/12\/logo.png","width":344,"height":103,"caption":"Nembutal House"},"image":{"@id":"https:\/\/nembutalhouse.com\/#\/schema\/logo\/image\/"}}]}},"_links":{"self":[{"href":"https:\/\/nembutalhouse.com\/it\/wp-json\/wp\/v2\/product\/31","targetHints":{"allow":["GET"]}}],"collection":[{"href":"https:\/\/nembutalhouse.com\/it\/wp-json\/wp\/v2\/product"}],"about":[{"href":"https:\/\/nembutalhouse.com\/it\/wp-json\/wp\/v2\/types\/product"}],"replies":[{"embeddable":true,"href":"https:\/\/nembutalhouse.com\/it\/wp-json\/wp\/v2\/comments?post=31"}],"wp:featuredmedia":[{"embeddable":true,"href":"https:\/\/nembutalhouse.com\/it\/wp-json\/wp\/v2\/media\/20"}],"wp:attachment":[{"href":"https:\/\/nembutalhouse.com\/it\/wp-json\/wp\/v2\/media?parent=31"}],"wp:term":[{"taxonomy":"product_cat","embeddable":true,"href":"https:\/\/nembutalhouse.com\/it\/wp-json\/wp\/v2\/product_cat?post=31"},{"taxonomy":"product_tag","embeddable":true,"href":"https:\/\/nembutalhouse.com\/it\/wp-json\/wp\/v2\/product_tag?post=31"}],"curies":[{"name":"wp","href":"https:\/\/api.w.org\/{rel}","templated":true}]}}