{"id":1621,"date":"2024-10-18T05:55:10","date_gmt":"2024-10-18T05:55:10","guid":{"rendered":"https:\/\/nembutalhouse.com\/?post_type=product&#038;p=1621"},"modified":"2026-02-25T11:23:46","modified_gmt":"2026-02-25T11:23:46","slug":"3mmc","status":"publish","type":"product","link":"https:\/\/nembutalhouse.com\/it\/prodotto\/3mmc\/","title":{"rendered":"Buy 3mmc Online"},"content":{"rendered":"<h2>Buy 3mmc Online<\/h2>\n<h3><strong>Che cos'\u00e8 il 3-MMA?<\/strong><\/h3>\n<p>Il 3-MMA \u00e8 una sostanza psicotropa appartenente alla famiglia delle anfetamine. Ha una struttura entactogena paragonabile a quella della metamfetamina e una struttura simile a quella della metamfetamina ad eccezione del gruppo metilico.<\/p>\n<p><a href=\"https:\/\/nembutalhouse.com\/it\/prodotto\/3mmc\/\">3-metil-metanfetamina<\/a>, spesso nota come 3-metossimetanfetamina, \u00e8 un tipo di metanfetamina.<\/p>\n<p>La sostanza chimica 1-(3-metossifenile)-N-metil propano-2-amina appartiene alle classi delle fenetilamine e delle anfetamine. I suoi composti sono derivati perch\u00e9 si generano quando vengono sostituiti o rimpiazzati. Le anfetamine sono un tipo di fenetilammina che ha subito una sostituzione.<\/p>\n<p>La 3-metil-metanfetamina \u00e8 stata scoperta e prodotta per la prima volta nel 1970 in Italia. David E. Nichols la riscopr\u00ec come controparte non neurotossica nel 1991. Nei laboratori, la 3-metil-metanfetamina viene prodotta nel rispetto di tutti gli standard di qualit\u00e0.<\/p>\n<p>Sebbene sia stato dimostrato che ostacola il riassorbimento della serotonina, non si sa nulla delle caratteristiche della 3-metil-metanfetamina.<\/p>\n<h3><strong>Dichiarazione di non responsabilit\u00e0<\/strong><\/h3>\n<p>Questo prodotto non deve essere somministrato a persone e animali. Questo perch\u00e9 \u00e8 destinato alla vendita solo per scopi di ricerca in laboratorio. Si consiglia vivamente di maneggiare il composto con estrema cautela, utilizzando guanti, maschere e altri dispositivi anticontaminazione.<\/p>\n<h3><strong>Il 3-MMA \u00e8 legale?<\/strong><\/h3>\n<p>Prima di acquistare la 3-metil-metanfetamina, vi invitiamo a verificare con le autorit\u00e0 competenti nella vostra zona di residenza o di destinazione della spedizione.<\/p>\n<p>Imponendo leggi severe sulla vendita di questo prodotto, adottiamo tutte le istruzioni di salvaguardia necessarie per garantire che i nostri consumatori siano al sicuro dalla legge. Le leggi e le regole cambiano continuamente, quindi \u00e8 fondamentale che il cliente si tenga aggiornato su ci\u00f2 che accade nella sua zona. Non ci assumiamo alcuna responsabilit\u00e0 per eventuali problemi legali che potrebbero derivare dall'ottenimento della 3-metil-metanfetamina nella vostra zona.<\/p>\n<h3><strong>Dove posso acquistare il 3-MMA?<\/strong><\/h3>\n<p><a href=\"https:\/\/nembutalhouse.com\/it\/\">NembutalHouse<\/a> \u00e8 un produttore e distributore leader di 3-metil-metanfetamina e altri prodotti chimici. Siamo orgogliosi di fornire prodotti chimici di alta qualit\u00e0, in particolare alcuni difficili da reperire. <a href=\"https:\/\/en.wikipedia.org\/wiki\/3-Methylmethcathinone\">3-metil-metanfetamina<\/a>e \u00e8 disponibile in polvere e viene fornita esclusivamente per studi di laboratorio. Questa sostanza \u00e8 disponibile solo per gli adulti dai 18 anni in su.<\/p>","protected":false},"excerpt":{"rendered":"<p>Buy 3mmc Online What is 3-MMA? Buy 3-MMA\u00a0 is a psychotropic substance that belongs to the amphetamine family. It has an entactogen structure that is comparable to methamphetamine and a&hellip;<\/p>","protected":false},"featured_media":1622,"comment_status":"closed","ping_status":"closed","template":"","meta":{"_joinchat":[]},"product_cat":[188],"product_tag":[815,820,838,840,826,827,830,836,837,835,816,834,823,813,814,825,839,832,829,822,818,819,841,833,831,828,821,824,817],"class_list":{"0":"post-1621","1":"product","2":"type-product","3":"status-publish","4":"has-post-thumbnail","6":"product_cat-stimulants","7":"product_tag-3mmc-for-sale","8":"product_tag-3mmc-powder","9":"product_tag-3mmc-powder-for-cleaning","10":"product_tag-3mmc-powder-for-sale","11":"product_tag-3mmc-powder-online","12":"product_tag-3mmc-powder-price","13":"product_tag-3mmc-powder-store","14":"product_tag-3mmc-powder-use","15":"product_tag-3mmc-powder-wiki","16":"product_tag-3mmc-powder-worldwide","17":"product_tag-3mmc-supplier","18":"product_tag-best-cheap-price-3mmc-powder","19":"product_tag-best-place-to-buy-3mmc-powder","20":"product_tag-buy-3mmc","21":"product_tag-buy-3mmc-online","22":"product_tag-buy-3mmc-powder-legally","23":"product_tag-buy-3mmc-powder-online","24":"product_tag-cheap-3mmc-powders","25":"product_tag-high-quality-3mmc-powder","26":"product_tag-how-to-buy-3mmc-powder","27":"product_tag-order-3mmc","28":"product_tag-order-3mmc-online","29":"product_tag-order-3mmc-powder","30":"product_tag-purcharse-3mmc-powder-powder","31":"product_tag-shop-3mmc-powder","32":"product_tag-top-quality-3mmc-powder","33":"product_tag-where-to-buy-3mmc-powder","34":"product_tag-where-to-order-3mmc-powder","35":"product_tag-wholesale-3mmc-bulk-online","37":"first","38":"instock","39":"shipping-taxable","40":"purchasable","41":"product-type-variable"},"yoast_head":"<!-- This site is optimized with the Yoast SEO plugin v24.1 - https:\/\/yoast.com\/wordpress\/plugins\/seo\/ -->\n<title>Buy 3 MMC Online - 3 MMC for Sale - Order 3 MMC Online<\/title>\n<meta name=\"description\" content=\"You can buy 3mmc online at the best prices from our online store. We have cheap and high-quality 3mmc for sale and providing worldwide delivery. You can order from anytime, anywhere.\" \/>\n<meta name=\"robots\" content=\"index, follow, max-snippet:-1, max-image-preview:large, max-video-preview:-1\" \/>\n<link rel=\"canonical\" href=\"https:\/\/nembutalhouse.com\/it\/prodotto\/3mmc\/\" \/>\n<meta property=\"og:locale\" content=\"it_IT\" \/>\n<meta property=\"og:type\" content=\"article\" \/>\n<meta property=\"og:title\" content=\"Buy 3 MMC Online - 3 MMC for Sale - Order 3 MMC Online\" \/>\n<meta property=\"og:description\" content=\"You can buy 3mmc online at the best prices from our online store. We have cheap and high-quality 3mmc for sale and providing worldwide delivery. You can order from anytime, anywhere.\" \/>\n<meta property=\"og:url\" content=\"https:\/\/nembutalhouse.com\/it\/prodotto\/3mmc\/\" \/>\n<meta property=\"og:site_name\" content=\"Nembutal House\" \/>\n<meta property=\"article:modified_time\" content=\"2026-02-25T11:23:46+00:00\" \/>\n<meta property=\"og:image\" content=\"https:\/\/nembutalhouse.com\/wp-content\/uploads\/2024\/10\/3mmc.gif\" \/>\n\t<meta property=\"og:image:width\" content=\"600\" \/>\n\t<meta property=\"og:image:height\" content=\"600\" \/>\n\t<meta property=\"og:image:type\" content=\"image\/gif\" \/>\n<meta name=\"twitter:card\" content=\"summary_large_image\" \/>\n<meta name=\"twitter:label1\" content=\"Tempo di lettura stimato\" \/>\n\t<meta name=\"twitter:data1\" content=\"2 minuti\" \/>\n<script type=\"application\/ld+json\" class=\"yoast-schema-graph\">{\"@context\":\"https:\/\/schema.org\",\"@graph\":[{\"@type\":\"WebPage\",\"@id\":\"https:\/\/nembutalhouse.com\/product\/3mmc\/\",\"url\":\"https:\/\/nembutalhouse.com\/product\/3mmc\/\",\"name\":\"Buy 3 MMC Online - 3 MMC for Sale - Order 3 MMC Online\",\"isPartOf\":{\"@id\":\"https:\/\/nembutalhouse.com\/#website\"},\"primaryImageOfPage\":{\"@id\":\"https:\/\/nembutalhouse.com\/product\/3mmc\/#primaryimage\"},\"image\":{\"@id\":\"https:\/\/nembutalhouse.com\/product\/3mmc\/#primaryimage\"},\"thumbnailUrl\":\"https:\/\/nembutalhouse.com\/wp-content\/uploads\/2024\/10\/3mmc.gif\",\"datePublished\":\"2024-10-18T05:55:10+00:00\",\"dateModified\":\"2026-02-25T11:23:46+00:00\",\"description\":\"You can buy 3mmc online at the best prices from our online store. We have cheap and high-quality 3mmc for sale and providing worldwide delivery. You can order from anytime, anywhere.\",\"breadcrumb\":{\"@id\":\"https:\/\/nembutalhouse.com\/product\/3mmc\/#breadcrumb\"},\"inLanguage\":\"it-IT\",\"potentialAction\":[{\"@type\":\"ReadAction\",\"target\":[\"https:\/\/nembutalhouse.com\/product\/3mmc\/\"]}]},{\"@type\":\"ImageObject\",\"inLanguage\":\"it-IT\",\"@id\":\"https:\/\/nembutalhouse.com\/product\/3mmc\/#primaryimage\",\"url\":\"https:\/\/nembutalhouse.com\/wp-content\/uploads\/2024\/10\/3mmc.gif\",\"contentUrl\":\"https:\/\/nembutalhouse.com\/wp-content\/uploads\/2024\/10\/3mmc.gif\",\"width\":600,\"height\":600,\"caption\":\"Buy 3mmc Online\"},{\"@type\":\"BreadcrumbList\",\"@id\":\"https:\/\/nembutalhouse.com\/product\/3mmc\/#breadcrumb\",\"itemListElement\":[{\"@type\":\"ListItem\",\"position\":1,\"name\":\"Home\",\"item\":\"https:\/\/nembutalhouse.com\/\"},{\"@type\":\"ListItem\",\"position\":2,\"name\":\"Shop\",\"item\":\"https:\/\/nembutalhouse.com\/shop\/\"},{\"@type\":\"ListItem\",\"position\":3,\"name\":\"Buy 3mmc Online\"}]},{\"@type\":\"WebSite\",\"@id\":\"https:\/\/nembutalhouse.com\/#website\",\"url\":\"https:\/\/nembutalhouse.com\/\",\"name\":\"Nembutal House\",\"description\":\"Best Nembutal Online Store\",\"publisher\":{\"@id\":\"https:\/\/nembutalhouse.com\/#organization\"},\"potentialAction\":[{\"@type\":\"SearchAction\",\"target\":{\"@type\":\"EntryPoint\",\"urlTemplate\":\"https:\/\/nembutalhouse.com\/?s={search_term_string}\"},\"query-input\":{\"@type\":\"PropertyValueSpecification\",\"valueRequired\":true,\"valueName\":\"search_term_string\"}}],\"inLanguage\":\"it-IT\"},{\"@type\":\"Organization\",\"@id\":\"https:\/\/nembutalhouse.com\/#organization\",\"name\":\"Nembutal House\",\"url\":\"https:\/\/nembutalhouse.com\/\",\"logo\":{\"@type\":\"ImageObject\",\"inLanguage\":\"it-IT\",\"@id\":\"https:\/\/nembutalhouse.com\/#\/schema\/logo\/image\/\",\"url\":\"https:\/\/nembutalhouse.com\/wp-content\/uploads\/2022\/12\/logo.png\",\"contentUrl\":\"https:\/\/nembutalhouse.com\/wp-content\/uploads\/2022\/12\/logo.png\",\"width\":344,\"height\":103,\"caption\":\"Nembutal House\"},\"image\":{\"@id\":\"https:\/\/nembutalhouse.com\/#\/schema\/logo\/image\/\"}}]}<\/script>\n<!-- \/ Yoast SEO plugin. -->","yoast_head_json":{"title":"Buy 3 MMC Online - 3 MMC for Sale - Order 3 MMC Online","description":"You can buy 3mmc online at the best prices from our online store. We have cheap and high-quality 3mmc for sale and providing worldwide delivery. You can order from anytime, anywhere.","robots":{"index":"index","follow":"follow","max-snippet":"max-snippet:-1","max-image-preview":"max-image-preview:large","max-video-preview":"max-video-preview:-1"},"canonical":"https:\/\/nembutalhouse.com\/it\/prodotto\/3mmc\/","og_locale":"it_IT","og_type":"article","og_title":"Buy 3 MMC Online - 3 MMC for Sale - Order 3 MMC Online","og_description":"You can buy 3mmc online at the best prices from our online store. We have cheap and high-quality 3mmc for sale and providing worldwide delivery. You can order from anytime, anywhere.","og_url":"https:\/\/nembutalhouse.com\/it\/prodotto\/3mmc\/","og_site_name":"Nembutal House","article_modified_time":"2026-02-25T11:23:46+00:00","og_image":[{"width":600,"height":600,"url":"https:\/\/nembutalhouse.com\/wp-content\/uploads\/2024\/10\/3mmc.gif","type":"image\/gif"}],"twitter_card":"summary_large_image","twitter_misc":{"Tempo di lettura stimato":"2 minuti"},"schema":{"@context":"https:\/\/schema.org","@graph":[{"@type":"WebPage","@id":"https:\/\/nembutalhouse.com\/product\/3mmc\/","url":"https:\/\/nembutalhouse.com\/product\/3mmc\/","name":"Buy 3 MMC Online - 3 MMC for Sale - Order 3 MMC Online","isPartOf":{"@id":"https:\/\/nembutalhouse.com\/#website"},"primaryImageOfPage":{"@id":"https:\/\/nembutalhouse.com\/product\/3mmc\/#primaryimage"},"image":{"@id":"https:\/\/nembutalhouse.com\/product\/3mmc\/#primaryimage"},"thumbnailUrl":"https:\/\/nembutalhouse.com\/wp-content\/uploads\/2024\/10\/3mmc.gif","datePublished":"2024-10-18T05:55:10+00:00","dateModified":"2026-02-25T11:23:46+00:00","description":"You can buy 3mmc online at the best prices from our online store. We have cheap and high-quality 3mmc for sale and providing worldwide delivery. You can order from anytime, anywhere.","breadcrumb":{"@id":"https:\/\/nembutalhouse.com\/product\/3mmc\/#breadcrumb"},"inLanguage":"it-IT","potentialAction":[{"@type":"ReadAction","target":["https:\/\/nembutalhouse.com\/product\/3mmc\/"]}]},{"@type":"ImageObject","inLanguage":"it-IT","@id":"https:\/\/nembutalhouse.com\/product\/3mmc\/#primaryimage","url":"https:\/\/nembutalhouse.com\/wp-content\/uploads\/2024\/10\/3mmc.gif","contentUrl":"https:\/\/nembutalhouse.com\/wp-content\/uploads\/2024\/10\/3mmc.gif","width":600,"height":600,"caption":"Buy 3mmc Online"},{"@type":"BreadcrumbList","@id":"https:\/\/nembutalhouse.com\/product\/3mmc\/#breadcrumb","itemListElement":[{"@type":"ListItem","position":1,"name":"Home","item":"https:\/\/nembutalhouse.com\/"},{"@type":"ListItem","position":2,"name":"Shop","item":"https:\/\/nembutalhouse.com\/shop\/"},{"@type":"ListItem","position":3,"name":"Buy 3mmc Online"}]},{"@type":"WebSite","@id":"https:\/\/nembutalhouse.com\/#website","url":"https:\/\/nembutalhouse.com\/","name":"Nembutal House","description":"Best Nembutal Online Store","publisher":{"@id":"https:\/\/nembutalhouse.com\/#organization"},"potentialAction":[{"@type":"SearchAction","target":{"@type":"EntryPoint","urlTemplate":"https:\/\/nembutalhouse.com\/?s={search_term_string}"},"query-input":{"@type":"PropertyValueSpecification","valueRequired":true,"valueName":"search_term_string"}}],"inLanguage":"it-IT"},{"@type":"Organization","@id":"https:\/\/nembutalhouse.com\/#organization","name":"Nembutal House","url":"https:\/\/nembutalhouse.com\/","logo":{"@type":"ImageObject","inLanguage":"it-IT","@id":"https:\/\/nembutalhouse.com\/#\/schema\/logo\/image\/","url":"https:\/\/nembutalhouse.com\/wp-content\/uploads\/2022\/12\/logo.png","contentUrl":"https:\/\/nembutalhouse.com\/wp-content\/uploads\/2022\/12\/logo.png","width":344,"height":103,"caption":"Nembutal House"},"image":{"@id":"https:\/\/nembutalhouse.com\/#\/schema\/logo\/image\/"}}]}},"_links":{"self":[{"href":"https:\/\/nembutalhouse.com\/it\/wp-json\/wp\/v2\/product\/1621","targetHints":{"allow":["GET"]}}],"collection":[{"href":"https:\/\/nembutalhouse.com\/it\/wp-json\/wp\/v2\/product"}],"about":[{"href":"https:\/\/nembutalhouse.com\/it\/wp-json\/wp\/v2\/types\/product"}],"replies":[{"embeddable":true,"href":"https:\/\/nembutalhouse.com\/it\/wp-json\/wp\/v2\/comments?post=1621"}],"wp:featuredmedia":[{"embeddable":true,"href":"https:\/\/nembutalhouse.com\/it\/wp-json\/wp\/v2\/media\/1622"}],"wp:attachment":[{"href":"https:\/\/nembutalhouse.com\/it\/wp-json\/wp\/v2\/media?parent=1621"}],"wp:term":[{"taxonomy":"product_cat","embeddable":true,"href":"https:\/\/nembutalhouse.com\/it\/wp-json\/wp\/v2\/product_cat?post=1621"},{"taxonomy":"product_tag","embeddable":true,"href":"https:\/\/nembutalhouse.com\/it\/wp-json\/wp\/v2\/product_tag?post=1621"}],"curies":[{"name":"wp","href":"https:\/\/api.w.org\/{rel}","templated":true}]}}