{"id":1479,"date":"2024-10-16T11:51:00","date_gmt":"2024-10-16T11:51:00","guid":{"rendered":"https:\/\/nembutalhouse.com\/?post_type=product&#038;p=1479"},"modified":"2026-02-26T12:56:27","modified_gmt":"2026-02-26T12:56:27","slug":"buy-4-fluorococaine-4-fc-online","status":"publish","type":"product","link":"https:\/\/nembutalhouse.com\/it\/prodotto\/buy-4-fluorococaine-4-fc-online\/","title":{"rendered":"Buy 4-Fluorococaine (4-FC) Online"},"content":{"rendered":"<h2>Buy 4-Fluorococaine (4-FC) Online<\/h2>\n<p>Inibisce la ricaptazione della dopamina, ma \u00e8 un inibitore molto pi\u00f9 forte della ricaptazione della serotonina. Questo ha portato a diversi risultati negli studi sugli animali.<\/p>\n<p>La 4Fluorococaina ha lo stesso potenziale della cocaina, ma pu\u00f2 essere molto pi\u00f9 potente grazie alla maggiore ricaptazione della serotonina. <a href=\"https:\/\/en.wikipedia.org\/wiki\/4%E2%80%B2-Fluorococaine\">4Fluorococaina<\/a> non pu\u00f2 quindi essere paragonato alla CFT o all'analogo 2\u2032-idrossi salicil-metilecgonina<\/p>\n<h3>Nome sistematico (IUPAC)<\/h3>\n<p>methyl (1R,2R,3S,5S)-3-<a href=\"https:\/\/nembutalhouse.com\/it\/prodotto\/buy-4-fluorococaine-4-fc-online\/\">(4-fluorobenzoyloxy)<\/a>-8-methyl-8-azabicyclo[3.2.1] octane-2-carboxylate<\/p>\n<p>Dati clinici<\/p>\n<p>Gatto in gravidanza?<\/p>\n<p>Stato giuridico?<\/p>\n<p>Identificatori<\/p>\n<p>Numero CAS 134507-62-3<\/p>\n<p>Codice ATC?<\/p>\n<p>PubChem CID 126112<\/p>\n<p>ChemSpider 112124 S\u00ec<\/p>\n<p>Dati chimici<\/p>\n<p>Formula C17H20FNO4<\/p>\n<p>Massa molecolare 321,343<\/p>\n<h3>PRODOTTI CHIMICI DEL NEMBUTALE<\/h3>\n<h3>FORNIAMO PRODOTTI CHIMICI PER LA RICERCA IN TUTTO IL MONDO<\/h3>\n<p>Fornitori affidabili, controllati, verificati, sicuri e autorizzati di prodotti chimici per la ricerca.<\/p>\n<p>Vi presentiamo NembutalHouse, un rinomato fornitore di prodotti chimici per la ricerca che fornisce materiali all'avanguardia per i vostri progetti. Avete bisogno di un fornitore su cui poter contare che vi offra prodotti chimici 100% autentici e puri, e potete esserne certi quando lavorate con noi. Siamo molto orgogliosi della nostra reputazione di fornitore tra i pi\u00f9 affidabili del settore internet, che abbiamo costruito grazie al nostro impegno per la qualit\u00e0 e l'integrit\u00e0 scientifica.<\/p>\n<p>I nostri clienti possono beneficiare di diverse opzioni di pagamento, di una consegna affidabile e della pi\u00f9 ampia selezione di prodotti chimici per la ricerca. In questo modo, siamo in grado di assistere diversi ricercatori in tutti i continenti nel reperire quelle risorse di ricerca non comuni e poco studiate che regolarmente possono influenzare in modo significativo la ricerca condotta nei campi della fisica, della chimica, della biologia o della farmacologia. Cerchiamo continuamente di migliorare la nostra offerta e, laddove possibile, aggiungiamo nuovi prodotti chimici per la ricerca al nostro elenco di prodotti per soddisfare il nostro obiettivo.<\/p>\n<p>A seconda delle loro richieste immediate, i nostri clienti possono acquistare ordini in grandi quantit\u00e0 o in piccole quantit\u00e0. Ci sforziamo di essere comprensivi e attenti alle preferenze espresse dai nostri clienti in tutto il mondo, oltre a fornire prodotti chimici per la ricerca che i nostri clienti desiderano specificamente. Il nostro obiettivo finale \u00e8 quello di facilitare l'accesso della comunit\u00e0 scientifica a prodotti chimici per la ricerca di alta qualit\u00e0 e a prezzi accessibili, facendo progredire le conoscenze in modo tecnico.<\/p>\n<p>Please be advised that research products are delivered by <a href=\"https:\/\/nembutalhouse.com\/it\/\">NembutalHouse<\/a> Company.<\/p>\n<p>Vi informiamo che la NembutalHouse Company consente l'uso rigoroso dei suoi prodotti di ricerca solo per studi scientifici legittimi condotti in un ambiente di laboratorio sicuro e controllato, in conformit\u00e0 con le leggi e le normative locali. I nostri articoli sono rigorosamente vietati per il consumo umano, a prescindere da tutto.<\/p>\n<p>First Research Chemical Store, Inc.<\/p>\n<p>4-Benzococaina (4-FC)<\/p>","protected":false},"excerpt":{"rendered":"<p>Buy 4-Fluorococaine (4-FC) Online It inhibits a reuptake of dopamine, but is a much stronger serotonin reuptake inhibitor. This has lead to various results in animal studies. 4Fluorococaine has the&hellip;<\/p>","protected":false},"featured_media":1571,"comment_status":"open","ping_status":"closed","template":"","meta":{"_joinchat":[]},"product_cat":[181],"product_tag":[1758,1776,1753,1764,1765,1768,1754,1774,1775,1773,1772,1761,1751,1763,1752,1770,1767,1760,1756,1757,1771,1769,1766,1759,1762,1755],"class_list":{"0":"post-1479","1":"product","2":"type-product","3":"status-publish","4":"has-post-thumbnail","6":"product_cat-cocaine","7":"product_tag-4fluorococaine-powder","8":"product_tag-4fluorococaine-powder-for-cleaning","9":"product_tag-4fluorococaine-powder-for-sale","10":"product_tag-4fluorococaine-powder-online","11":"product_tag-4fluorococaine-powder-price","12":"product_tag-4fluorococaine-powder-store","13":"product_tag-4fluorococaine-powder-supplier","14":"product_tag-4fluorococaine-powder-use","15":"product_tag-4fluorococaine-powder-wiki","16":"product_tag-4fluorococaine-powder-worldwide","17":"product_tag-best-cheap-price-4fluorococaine-powder","18":"product_tag-best-place-to-buy-4fluorococaine-powder","19":"product_tag-buy-4fluorococaine-powder","20":"product_tag-buy-4fluorococaine-powder-legally","21":"product_tag-buy-4fluorococaine-powder-online","22":"product_tag-cheap-4fluorococaine-powder","23":"product_tag-high-quality-4fluorococaine-powder","24":"product_tag-how-to-buy-4fluorococaine-powder","25":"product_tag-order-4fluorococaine-powder","26":"product_tag-order-4fluorococaine-powder-online","27":"product_tag-purcharse-4fluorococaine-powder-powder","28":"product_tag-shop-4fluorococaine-powder","29":"product_tag-top-quality-4fluorococaine-powder","30":"product_tag-where-to-buy-4fluorococaine-powder","31":"product_tag-where-to-order-4fluorococaine-powder","32":"product_tag-wholesale-4fluorococaine-powder-bulk-online","34":"first","35":"instock","36":"shipping-taxable","37":"purchasable","38":"product-type-variable"},"yoast_head":"<!-- This site is optimized with the Yoast SEO plugin v24.1 - https:\/\/yoast.com\/wordpress\/plugins\/seo\/ -->\n<title>Buy 4Fluorococaine Online - 4Fluorococaine for Sale Online<\/title>\n<meta name=\"description\" content=\"Here is the chance to grab 4fluorococaine for sale at cheap prices. Our online NembutalHouse store is selling 4fluorococaine worldwide. Order to buy 4fluorococaine online soon.\" \/>\n<meta name=\"robots\" content=\"index, follow, max-snippet:-1, max-image-preview:large, max-video-preview:-1\" \/>\n<link rel=\"canonical\" href=\"https:\/\/nembutalhouse.com\/it\/prodotto\/buy-4-fluorococaine-4-fc-online\/\" \/>\n<meta property=\"og:locale\" content=\"it_IT\" \/>\n<meta property=\"og:type\" content=\"article\" \/>\n<meta property=\"og:title\" content=\"Buy 4Fluorococaine Online - 4Fluorococaine for Sale Online\" \/>\n<meta property=\"og:description\" content=\"Here is the chance to grab 4fluorococaine for sale at cheap prices. Our online NembutalHouse store is selling 4fluorococaine worldwide. Order to buy 4fluorococaine online soon.\" \/>\n<meta property=\"og:url\" content=\"https:\/\/nembutalhouse.com\/it\/prodotto\/buy-4-fluorococaine-4-fc-online\/\" \/>\n<meta property=\"og:site_name\" content=\"Nembutal House\" \/>\n<meta property=\"article:modified_time\" content=\"2026-02-26T12:56:27+00:00\" \/>\n<meta property=\"og:image\" content=\"https:\/\/nembutalhouse.com\/wp-content\/uploads\/2024\/10\/4fluorococaine.gif\" \/>\n\t<meta property=\"og:image:width\" content=\"600\" \/>\n\t<meta property=\"og:image:height\" content=\"600\" \/>\n\t<meta property=\"og:image:type\" content=\"image\/gif\" \/>\n<meta name=\"twitter:card\" content=\"summary_large_image\" \/>\n<meta name=\"twitter:label1\" content=\"Tempo di lettura stimato\" \/>\n\t<meta name=\"twitter:data1\" content=\"2 minuti\" \/>\n<script type=\"application\/ld+json\" class=\"yoast-schema-graph\">{\"@context\":\"https:\/\/schema.org\",\"@graph\":[{\"@type\":\"WebPage\",\"@id\":\"https:\/\/nembutalhouse.com\/product\/buy-4-fluorococaine-4-fc-online\/\",\"url\":\"https:\/\/nembutalhouse.com\/product\/buy-4-fluorococaine-4-fc-online\/\",\"name\":\"Buy 4Fluorococaine Online - 4Fluorococaine for Sale Online\",\"isPartOf\":{\"@id\":\"https:\/\/nembutalhouse.com\/#website\"},\"primaryImageOfPage\":{\"@id\":\"https:\/\/nembutalhouse.com\/product\/buy-4-fluorococaine-4-fc-online\/#primaryimage\"},\"image\":{\"@id\":\"https:\/\/nembutalhouse.com\/product\/buy-4-fluorococaine-4-fc-online\/#primaryimage\"},\"thumbnailUrl\":\"https:\/\/nembutalhouse.com\/wp-content\/uploads\/2024\/10\/4fluorococaine.gif\",\"datePublished\":\"2024-10-16T11:51:00+00:00\",\"dateModified\":\"2026-02-26T12:56:27+00:00\",\"description\":\"Here is the chance to grab 4fluorococaine for sale at cheap prices. Our online NembutalHouse store is selling 4fluorococaine worldwide. Order to buy 4fluorococaine online soon.\",\"breadcrumb\":{\"@id\":\"https:\/\/nembutalhouse.com\/product\/buy-4-fluorococaine-4-fc-online\/#breadcrumb\"},\"inLanguage\":\"it-IT\",\"potentialAction\":[{\"@type\":\"ReadAction\",\"target\":[\"https:\/\/nembutalhouse.com\/product\/buy-4-fluorococaine-4-fc-online\/\"]}]},{\"@type\":\"ImageObject\",\"inLanguage\":\"it-IT\",\"@id\":\"https:\/\/nembutalhouse.com\/product\/buy-4-fluorococaine-4-fc-online\/#primaryimage\",\"url\":\"https:\/\/nembutalhouse.com\/wp-content\/uploads\/2024\/10\/4fluorococaine.gif\",\"contentUrl\":\"https:\/\/nembutalhouse.com\/wp-content\/uploads\/2024\/10\/4fluorococaine.gif\",\"width\":600,\"height\":600,\"caption\":\"Buy 4-Fluorococaine (4-FC) Online\"},{\"@type\":\"BreadcrumbList\",\"@id\":\"https:\/\/nembutalhouse.com\/product\/buy-4-fluorococaine-4-fc-online\/#breadcrumb\",\"itemListElement\":[{\"@type\":\"ListItem\",\"position\":1,\"name\":\"Home\",\"item\":\"https:\/\/nembutalhouse.com\/\"},{\"@type\":\"ListItem\",\"position\":2,\"name\":\"Shop\",\"item\":\"https:\/\/nembutalhouse.com\/shop\/\"},{\"@type\":\"ListItem\",\"position\":3,\"name\":\"Buy 4-Fluorococaine (4-FC) Online\"}]},{\"@type\":\"WebSite\",\"@id\":\"https:\/\/nembutalhouse.com\/#website\",\"url\":\"https:\/\/nembutalhouse.com\/\",\"name\":\"Nembutal House\",\"description\":\"Best Nembutal Online Store\",\"publisher\":{\"@id\":\"https:\/\/nembutalhouse.com\/#organization\"},\"potentialAction\":[{\"@type\":\"SearchAction\",\"target\":{\"@type\":\"EntryPoint\",\"urlTemplate\":\"https:\/\/nembutalhouse.com\/?s={search_term_string}\"},\"query-input\":{\"@type\":\"PropertyValueSpecification\",\"valueRequired\":true,\"valueName\":\"search_term_string\"}}],\"inLanguage\":\"it-IT\"},{\"@type\":\"Organization\",\"@id\":\"https:\/\/nembutalhouse.com\/#organization\",\"name\":\"Nembutal House\",\"url\":\"https:\/\/nembutalhouse.com\/\",\"logo\":{\"@type\":\"ImageObject\",\"inLanguage\":\"it-IT\",\"@id\":\"https:\/\/nembutalhouse.com\/#\/schema\/logo\/image\/\",\"url\":\"https:\/\/nembutalhouse.com\/wp-content\/uploads\/2022\/12\/logo.png\",\"contentUrl\":\"https:\/\/nembutalhouse.com\/wp-content\/uploads\/2022\/12\/logo.png\",\"width\":344,\"height\":103,\"caption\":\"Nembutal House\"},\"image\":{\"@id\":\"https:\/\/nembutalhouse.com\/#\/schema\/logo\/image\/\"}}]}<\/script>\n<!-- \/ Yoast SEO plugin. -->","yoast_head_json":{"title":"Buy 4Fluorococaine Online - 4Fluorococaine for Sale Online","description":"Here is the chance to grab 4fluorococaine for sale at cheap prices. Our online NembutalHouse store is selling 4fluorococaine worldwide. Order to buy 4fluorococaine online soon.","robots":{"index":"index","follow":"follow","max-snippet":"max-snippet:-1","max-image-preview":"max-image-preview:large","max-video-preview":"max-video-preview:-1"},"canonical":"https:\/\/nembutalhouse.com\/it\/prodotto\/buy-4-fluorococaine-4-fc-online\/","og_locale":"it_IT","og_type":"article","og_title":"Buy 4Fluorococaine Online - 4Fluorococaine for Sale Online","og_description":"Here is the chance to grab 4fluorococaine for sale at cheap prices. Our online NembutalHouse store is selling 4fluorococaine worldwide. Order to buy 4fluorococaine online soon.","og_url":"https:\/\/nembutalhouse.com\/it\/prodotto\/buy-4-fluorococaine-4-fc-online\/","og_site_name":"Nembutal House","article_modified_time":"2026-02-26T12:56:27+00:00","og_image":[{"width":600,"height":600,"url":"https:\/\/nembutalhouse.com\/wp-content\/uploads\/2024\/10\/4fluorococaine.gif","type":"image\/gif"}],"twitter_card":"summary_large_image","twitter_misc":{"Tempo di lettura stimato":"2 minuti"},"schema":{"@context":"https:\/\/schema.org","@graph":[{"@type":"WebPage","@id":"https:\/\/nembutalhouse.com\/product\/buy-4-fluorococaine-4-fc-online\/","url":"https:\/\/nembutalhouse.com\/product\/buy-4-fluorococaine-4-fc-online\/","name":"Buy 4Fluorococaine Online - 4Fluorococaine for Sale Online","isPartOf":{"@id":"https:\/\/nembutalhouse.com\/#website"},"primaryImageOfPage":{"@id":"https:\/\/nembutalhouse.com\/product\/buy-4-fluorococaine-4-fc-online\/#primaryimage"},"image":{"@id":"https:\/\/nembutalhouse.com\/product\/buy-4-fluorococaine-4-fc-online\/#primaryimage"},"thumbnailUrl":"https:\/\/nembutalhouse.com\/wp-content\/uploads\/2024\/10\/4fluorococaine.gif","datePublished":"2024-10-16T11:51:00+00:00","dateModified":"2026-02-26T12:56:27+00:00","description":"Here is the chance to grab 4fluorococaine for sale at cheap prices. Our online NembutalHouse store is selling 4fluorococaine worldwide. Order to buy 4fluorococaine online soon.","breadcrumb":{"@id":"https:\/\/nembutalhouse.com\/product\/buy-4-fluorococaine-4-fc-online\/#breadcrumb"},"inLanguage":"it-IT","potentialAction":[{"@type":"ReadAction","target":["https:\/\/nembutalhouse.com\/product\/buy-4-fluorococaine-4-fc-online\/"]}]},{"@type":"ImageObject","inLanguage":"it-IT","@id":"https:\/\/nembutalhouse.com\/product\/buy-4-fluorococaine-4-fc-online\/#primaryimage","url":"https:\/\/nembutalhouse.com\/wp-content\/uploads\/2024\/10\/4fluorococaine.gif","contentUrl":"https:\/\/nembutalhouse.com\/wp-content\/uploads\/2024\/10\/4fluorococaine.gif","width":600,"height":600,"caption":"Buy 4-Fluorococaine (4-FC) Online"},{"@type":"BreadcrumbList","@id":"https:\/\/nembutalhouse.com\/product\/buy-4-fluorococaine-4-fc-online\/#breadcrumb","itemListElement":[{"@type":"ListItem","position":1,"name":"Home","item":"https:\/\/nembutalhouse.com\/"},{"@type":"ListItem","position":2,"name":"Shop","item":"https:\/\/nembutalhouse.com\/shop\/"},{"@type":"ListItem","position":3,"name":"Buy 4-Fluorococaine (4-FC) Online"}]},{"@type":"WebSite","@id":"https:\/\/nembutalhouse.com\/#website","url":"https:\/\/nembutalhouse.com\/","name":"Nembutal House","description":"Best Nembutal Online Store","publisher":{"@id":"https:\/\/nembutalhouse.com\/#organization"},"potentialAction":[{"@type":"SearchAction","target":{"@type":"EntryPoint","urlTemplate":"https:\/\/nembutalhouse.com\/?s={search_term_string}"},"query-input":{"@type":"PropertyValueSpecification","valueRequired":true,"valueName":"search_term_string"}}],"inLanguage":"it-IT"},{"@type":"Organization","@id":"https:\/\/nembutalhouse.com\/#organization","name":"Nembutal House","url":"https:\/\/nembutalhouse.com\/","logo":{"@type":"ImageObject","inLanguage":"it-IT","@id":"https:\/\/nembutalhouse.com\/#\/schema\/logo\/image\/","url":"https:\/\/nembutalhouse.com\/wp-content\/uploads\/2022\/12\/logo.png","contentUrl":"https:\/\/nembutalhouse.com\/wp-content\/uploads\/2022\/12\/logo.png","width":344,"height":103,"caption":"Nembutal House"},"image":{"@id":"https:\/\/nembutalhouse.com\/#\/schema\/logo\/image\/"}}]}},"_links":{"self":[{"href":"https:\/\/nembutalhouse.com\/it\/wp-json\/wp\/v2\/product\/1479","targetHints":{"allow":["GET"]}}],"collection":[{"href":"https:\/\/nembutalhouse.com\/it\/wp-json\/wp\/v2\/product"}],"about":[{"href":"https:\/\/nembutalhouse.com\/it\/wp-json\/wp\/v2\/types\/product"}],"replies":[{"embeddable":true,"href":"https:\/\/nembutalhouse.com\/it\/wp-json\/wp\/v2\/comments?post=1479"}],"wp:featuredmedia":[{"embeddable":true,"href":"https:\/\/nembutalhouse.com\/it\/wp-json\/wp\/v2\/media\/1571"}],"wp:attachment":[{"href":"https:\/\/nembutalhouse.com\/it\/wp-json\/wp\/v2\/media?parent=1479"}],"wp:term":[{"taxonomy":"product_cat","embeddable":true,"href":"https:\/\/nembutalhouse.com\/it\/wp-json\/wp\/v2\/product_cat?post=1479"},{"taxonomy":"product_tag","embeddable":true,"href":"https:\/\/nembutalhouse.com\/it\/wp-json\/wp\/v2\/product_tag?post=1479"}],"curies":[{"name":"wp","href":"https:\/\/api.w.org\/{rel}","templated":true}]}}