{"id":1478,"date":"2024-10-16T11:51:00","date_gmt":"2024-10-16T11:51:00","guid":{"rendered":"https:\/\/nembutalhouse.com\/?post_type=product&#038;p=1478"},"modified":"2026-02-26T12:55:16","modified_gmt":"2026-02-26T12:55:16","slug":"buy-5-mapd-online","status":"publish","type":"product","link":"https:\/\/nembutalhouse.com\/it\/prodotto\/buy-5-mapd-online\/","title":{"rendered":"Comprare 5-MAPD online"},"content":{"rendered":"<h2>Comprare 5-MAPD online<\/h2>\n<p>5. Prodotto chimico di ricerca del MAPDB. La formula chimica del 5-MAPDB HCL \u00e8 C12H17NO, mentre il suo numero CAS \u00e8 1354631-78-9. Poich\u00e9 la sostanza chimica \u00e8 nuova sul mercato, al momento non sono disponibili ricerche. Il 5-EAPB \u00e8 l'analogo del C12H17NO, quindi possiamo usarlo come esempio in questa ricerca chimica.<br \/>\n<a href=\"https:\/\/en.wikipedia.org\/wiki\/5-MAPB\">5-EAPB<\/a> \u00e8 nota con il nome IUPAC di 1-(1-Benzofuran-5-il)-N-etil-2-propanamina. La sua massa media \u00e8 203,280 e la sua formula chimica \u00e8 C13H17NO.<\/p>\n<p>ACD\/Labs e ChemAxon hanno condotto una ricerca su 5-eapb. Con un indice di rifrazione di 1,554 e una tensione superficiale di 36,5\u00b13,0 dyne\/cm, ACD\/Labs ha rilevato due accettori di legami H, un donatore di legami H, quattro legami a rotazione libera, un punto di infiammabilit\u00e0 di 133,2\u00b120,4 \u00b0C e un punto di ebollizione di 296,6\u00b115,0 \u00b0C a 760 mmHg.<\/p>\n<p>Un numero di atomi pari a 32, un numero di legami pari a 33, un numero ciclomatico pari a 2, un numero di atomi a catena pari a 6, un numero di legami a catena pari a 6, un numero di atomi asimmetrici pari a 1 e un numero di legami ruotabili pari a 4 sono stati rilevati in uno studio topologico pubblicato da <a href=\"https:\/\/nembutalhouse.com\/it\/\">NembutalHouse<\/a>Il rapporto sulla geometria ha rilevato che l'energia di dreiding era di 42,55 kcal\/mol, il volume era di 203,78 \u00c53, l'area di proiezione minima era di 30,80 \u00c52 e l'area di proiezione massima era di 69,85 \u00c52.<\/p>\n<p>Il 5-MAPDB HCL e il 5-EAPB non sono destinati al consumo umano, ma solo a indagini scientifiche e forensi.<\/p>\n<h3>5-MAPDB<\/h3>\n<p>5. Ricerca chimica da <a href=\"https:\/\/nembutalhouse.com\/it\/prodotto\/buy-5-mapd-online\/\">MAPDB<\/a>. La formula chimica del 5-MAPDB HCL \u00e8 C12H17NO, mentre il suo numero CAS \u00e8 1354631-78-9. Poich\u00e9 la sostanza chimica \u00e8 nuova sul mercato, non sono state condotte ricerche in merito.<\/p>\n<p>in questo momento. Il 5-EAPB \u00e8 l'analogo del C12H17NO, quindi possiamo usarlo come esempio in questa ricerca chimica.<\/p>\n<p>Il 5-EAPB \u00e8 noto con il nome IUPAC di 1-(1-Benzofuran-5-il)-N-etil-2-propanamina. La sua massa media \u00e8 203,280 e la sua formula chimica \u00e8 C13H17NO.<\/p>\n<p>ACD\/Labs e NembutalHouse hanno condotto una ricerca sul 5-eapb. Con un indice di rifrazione di 1,554 e una tensione superficiale di 36,5\u00b13,0 dyne\/cm, ACD\/Labs ha rilevato due accettori di legami H, un donatore di legami H, quattro legami in libera rotazione, un punto di infiammabilit\u00e0 di 133,2\u00b120,4 \u00b0C e un punto di ebollizione di 296,6\u00b115,0 \u00b0C a 760 mmHg.<\/p>\n<p>Un numero di atomi pari a 32, un numero di legami pari a 33, un numero ciclomatico pari a 2, un numero di atomi a catena pari a 6, un numero di legami a catena pari a 6, un numero di atomi asimmetrici pari a 1 e la possibilit\u00e0 di rotazione sono stati rivelati da uno studio topologico pubblicato da NembutalHouse.<\/p>\n<p>quattro legami. Il rapporto sulla geometria ha rilevato che l'energia di dreiding era di 42,55 kcal\/mol, il volume era di 203,78 \u00c53, l'area di proiezione minima era di 30,80 \u00c52 e l'area di proiezione massima era di 69,85 \u00c52.<\/p>\n<p>Il 5-MAPDB HCL e il 5-EAPB non sono destinati al consumo umano, ma solo a indagini scientifiche e forensi.<\/p>\n<p>&nbsp;<\/p>\n<p>&nbsp;<\/p>","protected":false},"excerpt":{"rendered":"<p>Buy 5-MAPD Online 5. Research chemical from MAPDB. The chemical formula for 5-MAPDB HCL is C12H17NO, and its CAS number is 1354631-78-9. As the chemical is new to the market,&hellip;<\/p>","protected":false},"featured_media":1572,"comment_status":"open","ping_status":"closed","template":"","meta":{"_joinchat":[]},"product_cat":[186],"product_tag":[1732,1750,1727,1738,1739,1742,1728,1748,1749,1747,1746,1735,1725,1737,1726,1744,1741,1734,1730,1731,1745,1743,1740,1733,1736,1729],"class_list":{"0":"post-1478","1":"product","2":"type-product","3":"status-publish","4":"has-post-thumbnail","6":"product_cat-research-chemicals","7":"product_tag-5-mapd-tablets","8":"product_tag-5-mapd-tablets-for-cleaning","9":"product_tag-5-mapd-tablets-for-sale","10":"product_tag-5-mapd-tablets-online","11":"product_tag-5-mapd-tablets-price","12":"product_tag-5-mapd-tablets-store","13":"product_tag-5-mapd-tablets-supplier","14":"product_tag-5-mapd-tablets-use","15":"product_tag-5-mapd-tablets-wiki","16":"product_tag-5-mapd-tablets-worldwide","17":"product_tag-best-cheap-price-5-mapd-tablets","18":"product_tag-best-place-to-buy-5-mapd-tablets","19":"product_tag-buy-5-mapd-tablets","20":"product_tag-buy-5-mapd-tablets-legally","21":"product_tag-buy-5-mapd-tablets-online","22":"product_tag-cheap-5-mapd-tablets","23":"product_tag-high-quality-5-mapd-tablets","24":"product_tag-how-to-buy-5-mapd-tablets","25":"product_tag-order-5-mapd-tablets","26":"product_tag-order-5-mapd-tablets-online","27":"product_tag-purcharse-5-mapd-tablets-powder","28":"product_tag-shop-5-mapd-tablets","29":"product_tag-top-quality-5-mapd-tablets","30":"product_tag-where-to-buy-5-mapd-tablets","31":"product_tag-where-to-order-5-mapd-tablets","32":"product_tag-wholesale-5-mapd-tablets-bulk-online","34":"first","35":"instock","36":"shipping-taxable","37":"purchasable","38":"product-type-variable"},"yoast_head":"<!-- This site is optimized with the Yoast SEO plugin v24.1 - https:\/\/yoast.com\/wordpress\/plugins\/seo\/ -->\n<title>Buy 5 MAPD Online - 5 MAPD for Sale - Order 5 MAPD<\/title>\n<meta name=\"description\" content=\"It is the best time to visit our online NembutalHouse store and buy 5-mapd online. We have 5-mapd for sale here. Meet us online and place your order today!\" \/>\n<meta name=\"robots\" content=\"index, follow, max-snippet:-1, max-image-preview:large, max-video-preview:-1\" \/>\n<link rel=\"canonical\" href=\"https:\/\/nembutalhouse.com\/it\/prodotto\/buy-5-mapd-online\/\" \/>\n<meta property=\"og:locale\" content=\"it_IT\" \/>\n<meta property=\"og:type\" content=\"article\" \/>\n<meta property=\"og:title\" content=\"Buy 5 MAPD Online - 5 MAPD for Sale - Order 5 MAPD\" \/>\n<meta property=\"og:description\" content=\"It is the best time to visit our online NembutalHouse store and buy 5-mapd online. We have 5-mapd for sale here. Meet us online and place your order today!\" \/>\n<meta property=\"og:url\" content=\"https:\/\/nembutalhouse.com\/it\/prodotto\/buy-5-mapd-online\/\" \/>\n<meta property=\"og:site_name\" content=\"Nembutal House\" \/>\n<meta property=\"article:modified_time\" content=\"2026-02-26T12:55:16+00:00\" \/>\n<meta property=\"og:image\" content=\"https:\/\/nembutalhouse.com\/wp-content\/uploads\/2024\/10\/5-MAPD.gif\" \/>\n\t<meta property=\"og:image:width\" content=\"600\" \/>\n\t<meta property=\"og:image:height\" content=\"600\" \/>\n\t<meta property=\"og:image:type\" content=\"image\/gif\" \/>\n<meta name=\"twitter:card\" content=\"summary_large_image\" \/>\n<meta name=\"twitter:label1\" content=\"Tempo di lettura stimato\" \/>\n\t<meta name=\"twitter:data1\" content=\"3 minuti\" \/>\n<script type=\"application\/ld+json\" class=\"yoast-schema-graph\">{\"@context\":\"https:\/\/schema.org\",\"@graph\":[{\"@type\":\"WebPage\",\"@id\":\"https:\/\/nembutalhouse.com\/product\/buy-5-mapd-online\/\",\"url\":\"https:\/\/nembutalhouse.com\/product\/buy-5-mapd-online\/\",\"name\":\"Buy 5 MAPD Online - 5 MAPD for Sale - Order 5 MAPD\",\"isPartOf\":{\"@id\":\"https:\/\/nembutalhouse.com\/#website\"},\"primaryImageOfPage\":{\"@id\":\"https:\/\/nembutalhouse.com\/product\/buy-5-mapd-online\/#primaryimage\"},\"image\":{\"@id\":\"https:\/\/nembutalhouse.com\/product\/buy-5-mapd-online\/#primaryimage\"},\"thumbnailUrl\":\"https:\/\/nembutalhouse.com\/wp-content\/uploads\/2024\/10\/5-MAPD.gif\",\"datePublished\":\"2024-10-16T11:51:00+00:00\",\"dateModified\":\"2026-02-26T12:55:16+00:00\",\"description\":\"It is the best time to visit our online NembutalHouse store and buy 5-mapd online. We have 5-mapd for sale here. Meet us online and place your order today!\",\"breadcrumb\":{\"@id\":\"https:\/\/nembutalhouse.com\/product\/buy-5-mapd-online\/#breadcrumb\"},\"inLanguage\":\"it-IT\",\"potentialAction\":[{\"@type\":\"ReadAction\",\"target\":[\"https:\/\/nembutalhouse.com\/product\/buy-5-mapd-online\/\"]}]},{\"@type\":\"ImageObject\",\"inLanguage\":\"it-IT\",\"@id\":\"https:\/\/nembutalhouse.com\/product\/buy-5-mapd-online\/#primaryimage\",\"url\":\"https:\/\/nembutalhouse.com\/wp-content\/uploads\/2024\/10\/5-MAPD.gif\",\"contentUrl\":\"https:\/\/nembutalhouse.com\/wp-content\/uploads\/2024\/10\/5-MAPD.gif\",\"width\":600,\"height\":600,\"caption\":\"Buy 5-MAPD Online\"},{\"@type\":\"BreadcrumbList\",\"@id\":\"https:\/\/nembutalhouse.com\/product\/buy-5-mapd-online\/#breadcrumb\",\"itemListElement\":[{\"@type\":\"ListItem\",\"position\":1,\"name\":\"Home\",\"item\":\"https:\/\/nembutalhouse.com\/\"},{\"@type\":\"ListItem\",\"position\":2,\"name\":\"Shop\",\"item\":\"https:\/\/nembutalhouse.com\/shop\/\"},{\"@type\":\"ListItem\",\"position\":3,\"name\":\"Buy 5-MAPD Online\"}]},{\"@type\":\"WebSite\",\"@id\":\"https:\/\/nembutalhouse.com\/#website\",\"url\":\"https:\/\/nembutalhouse.com\/\",\"name\":\"Nembutal House\",\"description\":\"Best Nembutal Online Store\",\"publisher\":{\"@id\":\"https:\/\/nembutalhouse.com\/#organization\"},\"potentialAction\":[{\"@type\":\"SearchAction\",\"target\":{\"@type\":\"EntryPoint\",\"urlTemplate\":\"https:\/\/nembutalhouse.com\/?s={search_term_string}\"},\"query-input\":{\"@type\":\"PropertyValueSpecification\",\"valueRequired\":true,\"valueName\":\"search_term_string\"}}],\"inLanguage\":\"it-IT\"},{\"@type\":\"Organization\",\"@id\":\"https:\/\/nembutalhouse.com\/#organization\",\"name\":\"Nembutal House\",\"url\":\"https:\/\/nembutalhouse.com\/\",\"logo\":{\"@type\":\"ImageObject\",\"inLanguage\":\"it-IT\",\"@id\":\"https:\/\/nembutalhouse.com\/#\/schema\/logo\/image\/\",\"url\":\"https:\/\/nembutalhouse.com\/wp-content\/uploads\/2022\/12\/logo.png\",\"contentUrl\":\"https:\/\/nembutalhouse.com\/wp-content\/uploads\/2022\/12\/logo.png\",\"width\":344,\"height\":103,\"caption\":\"Nembutal House\"},\"image\":{\"@id\":\"https:\/\/nembutalhouse.com\/#\/schema\/logo\/image\/\"}}]}<\/script>\n<!-- \/ Yoast SEO plugin. -->","yoast_head_json":{"title":"Buy 5 MAPD Online - 5 MAPD for Sale - Order 5 MAPD","description":"It is the best time to visit our online NembutalHouse store and buy 5-mapd online. We have 5-mapd for sale here. Meet us online and place your order today!","robots":{"index":"index","follow":"follow","max-snippet":"max-snippet:-1","max-image-preview":"max-image-preview:large","max-video-preview":"max-video-preview:-1"},"canonical":"https:\/\/nembutalhouse.com\/it\/prodotto\/buy-5-mapd-online\/","og_locale":"it_IT","og_type":"article","og_title":"Buy 5 MAPD Online - 5 MAPD for Sale - Order 5 MAPD","og_description":"It is the best time to visit our online NembutalHouse store and buy 5-mapd online. We have 5-mapd for sale here. Meet us online and place your order today!","og_url":"https:\/\/nembutalhouse.com\/it\/prodotto\/buy-5-mapd-online\/","og_site_name":"Nembutal House","article_modified_time":"2026-02-26T12:55:16+00:00","og_image":[{"width":600,"height":600,"url":"https:\/\/nembutalhouse.com\/wp-content\/uploads\/2024\/10\/5-MAPD.gif","type":"image\/gif"}],"twitter_card":"summary_large_image","twitter_misc":{"Tempo di lettura stimato":"3 minuti"},"schema":{"@context":"https:\/\/schema.org","@graph":[{"@type":"WebPage","@id":"https:\/\/nembutalhouse.com\/product\/buy-5-mapd-online\/","url":"https:\/\/nembutalhouse.com\/product\/buy-5-mapd-online\/","name":"Buy 5 MAPD Online - 5 MAPD for Sale - Order 5 MAPD","isPartOf":{"@id":"https:\/\/nembutalhouse.com\/#website"},"primaryImageOfPage":{"@id":"https:\/\/nembutalhouse.com\/product\/buy-5-mapd-online\/#primaryimage"},"image":{"@id":"https:\/\/nembutalhouse.com\/product\/buy-5-mapd-online\/#primaryimage"},"thumbnailUrl":"https:\/\/nembutalhouse.com\/wp-content\/uploads\/2024\/10\/5-MAPD.gif","datePublished":"2024-10-16T11:51:00+00:00","dateModified":"2026-02-26T12:55:16+00:00","description":"It is the best time to visit our online NembutalHouse store and buy 5-mapd online. We have 5-mapd for sale here. Meet us online and place your order today!","breadcrumb":{"@id":"https:\/\/nembutalhouse.com\/product\/buy-5-mapd-online\/#breadcrumb"},"inLanguage":"it-IT","potentialAction":[{"@type":"ReadAction","target":["https:\/\/nembutalhouse.com\/product\/buy-5-mapd-online\/"]}]},{"@type":"ImageObject","inLanguage":"it-IT","@id":"https:\/\/nembutalhouse.com\/product\/buy-5-mapd-online\/#primaryimage","url":"https:\/\/nembutalhouse.com\/wp-content\/uploads\/2024\/10\/5-MAPD.gif","contentUrl":"https:\/\/nembutalhouse.com\/wp-content\/uploads\/2024\/10\/5-MAPD.gif","width":600,"height":600,"caption":"Buy 5-MAPD Online"},{"@type":"BreadcrumbList","@id":"https:\/\/nembutalhouse.com\/product\/buy-5-mapd-online\/#breadcrumb","itemListElement":[{"@type":"ListItem","position":1,"name":"Home","item":"https:\/\/nembutalhouse.com\/"},{"@type":"ListItem","position":2,"name":"Shop","item":"https:\/\/nembutalhouse.com\/shop\/"},{"@type":"ListItem","position":3,"name":"Buy 5-MAPD Online"}]},{"@type":"WebSite","@id":"https:\/\/nembutalhouse.com\/#website","url":"https:\/\/nembutalhouse.com\/","name":"Nembutal House","description":"Best Nembutal Online Store","publisher":{"@id":"https:\/\/nembutalhouse.com\/#organization"},"potentialAction":[{"@type":"SearchAction","target":{"@type":"EntryPoint","urlTemplate":"https:\/\/nembutalhouse.com\/?s={search_term_string}"},"query-input":{"@type":"PropertyValueSpecification","valueRequired":true,"valueName":"search_term_string"}}],"inLanguage":"it-IT"},{"@type":"Organization","@id":"https:\/\/nembutalhouse.com\/#organization","name":"Nembutal House","url":"https:\/\/nembutalhouse.com\/","logo":{"@type":"ImageObject","inLanguage":"it-IT","@id":"https:\/\/nembutalhouse.com\/#\/schema\/logo\/image\/","url":"https:\/\/nembutalhouse.com\/wp-content\/uploads\/2022\/12\/logo.png","contentUrl":"https:\/\/nembutalhouse.com\/wp-content\/uploads\/2022\/12\/logo.png","width":344,"height":103,"caption":"Nembutal House"},"image":{"@id":"https:\/\/nembutalhouse.com\/#\/schema\/logo\/image\/"}}]}},"_links":{"self":[{"href":"https:\/\/nembutalhouse.com\/it\/wp-json\/wp\/v2\/product\/1478","targetHints":{"allow":["GET"]}}],"collection":[{"href":"https:\/\/nembutalhouse.com\/it\/wp-json\/wp\/v2\/product"}],"about":[{"href":"https:\/\/nembutalhouse.com\/it\/wp-json\/wp\/v2\/types\/product"}],"replies":[{"embeddable":true,"href":"https:\/\/nembutalhouse.com\/it\/wp-json\/wp\/v2\/comments?post=1478"}],"wp:featuredmedia":[{"embeddable":true,"href":"https:\/\/nembutalhouse.com\/it\/wp-json\/wp\/v2\/media\/1572"}],"wp:attachment":[{"href":"https:\/\/nembutalhouse.com\/it\/wp-json\/wp\/v2\/media?parent=1478"}],"wp:term":[{"taxonomy":"product_cat","embeddable":true,"href":"https:\/\/nembutalhouse.com\/it\/wp-json\/wp\/v2\/product_cat?post=1478"},{"taxonomy":"product_tag","embeddable":true,"href":"https:\/\/nembutalhouse.com\/it\/wp-json\/wp\/v2\/product_tag?post=1478"}],"curies":[{"name":"wp","href":"https:\/\/api.w.org\/{rel}","templated":true}]}}