{"id":1442,"date":"2024-10-16T11:50:49","date_gmt":"2024-10-16T11:50:49","guid":{"rendered":"https:\/\/nembutalhouse.com\/?post_type=product&#038;p=1442"},"modified":"2026-03-06T07:35:26","modified_gmt":"2026-03-06T07:35:26","slug":"buy-5-meo-mipt-online","status":"publish","type":"product","link":"https:\/\/nembutalhouse.com\/it\/prodotto\/buy-5-meo-mipt-online\/","title":{"rendered":"Buy 5-MEO-MIPT Online"},"content":{"rendered":"<h2>Buy 5-MEO-MIPT Online<\/h2>\n<p>\u00c8 possibile acquistare online i pellet di 5-MeO-MiPT 10 mg.<br \/>\nNon cos\u00ec nota come la 5-MeO-MiPT e il Moxy, la 5-Metossi-N-metil-N-isopropiltriptamina \u00e8 una triptamina psichedelica. Dal punto di vista chimico, la 5-MeO-MiPT \u00e8 una triptamina paragonabile alla 5-MeO-DMT e alla 5-MeO-DiPT. Agisce sui recettori della serotonina nel cervello per fornire uno sballo euforico. Nel 1985, David Repke e Alexander Shulgin hanno pubblicato i primi articoli che descrivevano la sintesi e gli effetti farmacologici della 5-MePT. <a href=\"https:\/\/en.wikipedia.org\/wiki\/5-MeO-MiPT\">5-MeO-MiPT<\/a>.<\/p>\n<h3>5-MeO-MiPT accessibile.<\/h3>\n<p>The best site to <a href=\"https:\/\/nembutalhouse.com\/it\/prodotto\/buy-5-meo-mipt-online\/\">purchase 5-MeO-MiPT 10mg Pellets<\/a> is right here. Depending on how much you want, you may purchase 5-MeO-MiPT 10mg Pellets here at the greatest quality in quantities of 5, 10, 25, 50, 100, or 250.<\/p>\n<h3>Condizioni di conservazione del 5-MeO-MiPT.<\/h3>\n<p>Conservare il pellet di 5-MeO-MiPT 10 mg al riparo dalla luce diretta del sole non appena lo si riceve. Poich\u00e9 le lisergamidi sono estremamente sensibili ai raggi UV (soprattutto ai raggi solari), agli ambienti secchi e a una temperatura ambiente massima di 20-25 gradi Celsius, questo \u00e8 particolarmente importante. Se l'obiettivo \u00e8 quello di mantenere la qualit\u00e0 di 5-MeO-MiPT 10 mg Pellet per un lungo periodo di tempo, <a href=\"https:\/\/nembutalhouse.com\/it\/\">NembutalHouse<\/a> suggerisce di investire in una macchina per la sigillatura sottovuoto. Ricordate di chiederci se avete domande o dubbi in merito.<\/p>\n<h3>Cura dei pellet 10-MeO-MiPT.<\/h3>\n<p>Si consiglia vivamente di indossare guanti e maschera per sicurezza quando si maneggiano i pellet di 5-MeO-MiPT 10 mg.<\/p>\n<h3>Dove posso trovare pellet da 10 mg di 5-MeO-MiPT?<\/h3>\n<p>\u00c8 possibile acquistare sostanze chimiche di ricerca, come il 5-MeO-MiPT 10mg Pellet, sul nostro sito web, NembutalHouse. Valutiamo e analizziamo tutte le nostre sostanze di ricerca prima di metterle in vendita. \u00c8 l'unico metodo per garantire il pi\u00f9 alto calibro di 5-MeO-MiPT 10mg Pellets. Non esitate a contattarci se avete bisogno dei risultati o di altra assistenza. I pellet di 5-MeO-MiPT 10 mg sono offerti anche in polvere (HCl). Per sapere se ne disponiamo, consultate il nostro catalogo.<\/p>\n<h3>A NembutalHouse: Perch\u00e9 comprare da loro?<\/h3>\n<p>Oltre ad essere uno dei rivenditori di prodotti Lizard Labs, Lizard Labs possiede e gestisce anche NembutalHouse. Siamo in grado di garantirvi un servizio eccellente e prodotti chimici di ricerca ai migliori prezzi disponibili perch\u00e9 operiamo in questa azienda da oltre dieci anni.<\/p>\n<h3>Requisiti speciali per l'acquisto di pellet da 10 milligrammi di 5-MeO-MiPT.<\/h3>\n<p>Qui \u00e8 dove \u00e8 possibile acquistare 5-MeO-MiPT 10mg Pellets online, ma prima di poterlo fare, \u00e8 necessario avere almeno diciotto anni e accettare tutti i termini e le condizioni che sono indicati sia sul nostro sito web che durante il processo di checkout. Inoltre, offriamo esclusivamente sostanze di ricerca da testare o applicare in laboratorio. Se soddisfate tutti questi requisiti, compilate e firmate il modulo.<\/p>\n<p>&nbsp;<\/p>","protected":false},"excerpt":{"rendered":"<p>Buy 5-MEO-MIPT Online You can purchase 5-MeO-MiPT 10mg Pellets online. Not as well-known as 5-MeO-MiPT and Moxy, 5-Methoxy-N-methyl-N-isopropyltryptamine is a psychedelic tryptamine. Chemically speaking, 5-MeO-MiPT is a tryptamine that is&hellip;<\/p>","protected":false},"featured_media":1565,"comment_status":"open","ping_status":"closed","template":"","meta":{"_joinchat":[]},"product_cat":[186],"product_tag":[1654,1672,1649,1660,1661,1664,1650,1670,1671,1669,1668,1657,1647,1659,1648,1666,1663,1656,1652,1653,1667,1665,1662,1655,1658,1651],"class_list":{"0":"post-1442","1":"product","2":"type-product","3":"status-publish","4":"has-post-thumbnail","6":"product_cat-research-chemicals","7":"product_tag-5-meo-mipt-powder","8":"product_tag-5-meo-mipt-powder-for-cleaning","9":"product_tag-5-meo-mipt-powder-for-sale","10":"product_tag-5-meo-mipt-powder-online","11":"product_tag-5-meo-mipt-powder-price","12":"product_tag-5-meo-mipt-powder-store","13":"product_tag-5-meo-mipt-powder-supplier","14":"product_tag-5-meo-mipt-powder-use","15":"product_tag-5-meo-mipt-powder-wiki","16":"product_tag-5-meo-mipt-powder-worldwide","17":"product_tag-best-cheap-price-5-meo-mipt-powder","18":"product_tag-best-place-to-buy-5-meo-mipt-powder","19":"product_tag-buy-5-meo-mipt-powder","20":"product_tag-buy-5-meo-mipt-powder-legally","21":"product_tag-buy-5-meo-mipt-powder-online","22":"product_tag-cheap-5-meo-mipt-powder","23":"product_tag-high-quality-5-meo-mipt-powder","24":"product_tag-how-to-buy-5-meo-mipt-powder","25":"product_tag-order-5-meo-mipt-powder","26":"product_tag-order-5-meo-mipt-powder-online","27":"product_tag-purcharse-5-meo-mipt-powder-powder","28":"product_tag-shop-5-meo-mipt-powder","29":"product_tag-top-quality-5-meo-mipt-powder","30":"product_tag-where-to-buy-5-meo-mipt-powder","31":"product_tag-where-to-order-5-meo-mipt-powder","32":"product_tag-wholesale-5-meo-mipt-powder-bulk-online","34":"first","35":"instock","36":"shipping-taxable","37":"purchasable","38":"product-type-variable"},"yoast_head":"<!-- This site is optimized with the Yoast SEO plugin v24.1 - https:\/\/yoast.com\/wordpress\/plugins\/seo\/ -->\n<title>Buy 5 MEO-MIIPT Online - Best Quality 5 MEO-MIIPT for Sale<\/title>\n<meta name=\"description\" content=\"You can get 5-meo-mipt for sale at our NembutalHouse store and get it at your doorstep without any hassle. We help you buy 5-meo-mipt online. Order Now!\" \/>\n<meta name=\"robots\" content=\"index, follow, max-snippet:-1, max-image-preview:large, max-video-preview:-1\" \/>\n<link rel=\"canonical\" href=\"https:\/\/nembutalhouse.com\/it\/prodotto\/buy-5-meo-mipt-online\/\" \/>\n<meta property=\"og:locale\" content=\"it_IT\" \/>\n<meta property=\"og:type\" content=\"article\" \/>\n<meta property=\"og:title\" content=\"Buy 5 MEO-MIIPT Online - Best Quality 5 MEO-MIIPT for Sale\" \/>\n<meta property=\"og:description\" content=\"You can get 5-meo-mipt for sale at our NembutalHouse store and get it at your doorstep without any hassle. We help you buy 5-meo-mipt online. Order Now!\" \/>\n<meta property=\"og:url\" content=\"https:\/\/nembutalhouse.com\/it\/prodotto\/buy-5-meo-mipt-online\/\" \/>\n<meta property=\"og:site_name\" content=\"Nembutal House\" \/>\n<meta property=\"article:modified_time\" content=\"2026-03-06T07:35:26+00:00\" \/>\n<meta property=\"og:image\" content=\"https:\/\/nembutalhouse.com\/wp-content\/uploads\/2024\/10\/5-MEO-MIPT.gif\" \/>\n\t<meta property=\"og:image:width\" content=\"600\" \/>\n\t<meta property=\"og:image:height\" content=\"600\" \/>\n\t<meta property=\"og:image:type\" content=\"image\/gif\" \/>\n<meta name=\"twitter:card\" content=\"summary_large_image\" \/>\n<meta name=\"twitter:label1\" content=\"Tempo di lettura stimato\" \/>\n\t<meta name=\"twitter:data1\" content=\"3 minuti\" \/>\n<script type=\"application\/ld+json\" class=\"yoast-schema-graph\">{\"@context\":\"https:\/\/schema.org\",\"@graph\":[{\"@type\":\"WebPage\",\"@id\":\"https:\/\/nembutalhouse.com\/product\/buy-5-meo-mipt-online\/\",\"url\":\"https:\/\/nembutalhouse.com\/product\/buy-5-meo-mipt-online\/\",\"name\":\"Buy 5 MEO-MIIPT Online - Best Quality 5 MEO-MIIPT for Sale\",\"isPartOf\":{\"@id\":\"https:\/\/nembutalhouse.com\/#website\"},\"primaryImageOfPage\":{\"@id\":\"https:\/\/nembutalhouse.com\/product\/buy-5-meo-mipt-online\/#primaryimage\"},\"image\":{\"@id\":\"https:\/\/nembutalhouse.com\/product\/buy-5-meo-mipt-online\/#primaryimage\"},\"thumbnailUrl\":\"https:\/\/nembutalhouse.com\/wp-content\/uploads\/2024\/10\/5-MEO-MIPT.gif\",\"datePublished\":\"2024-10-16T11:50:49+00:00\",\"dateModified\":\"2026-03-06T07:35:26+00:00\",\"description\":\"You can get 5-meo-mipt for sale at our NembutalHouse store and get it at your doorstep without any hassle. We help you buy 5-meo-mipt online. Order Now!\",\"breadcrumb\":{\"@id\":\"https:\/\/nembutalhouse.com\/product\/buy-5-meo-mipt-online\/#breadcrumb\"},\"inLanguage\":\"it-IT\",\"potentialAction\":[{\"@type\":\"ReadAction\",\"target\":[\"https:\/\/nembutalhouse.com\/product\/buy-5-meo-mipt-online\/\"]}]},{\"@type\":\"ImageObject\",\"inLanguage\":\"it-IT\",\"@id\":\"https:\/\/nembutalhouse.com\/product\/buy-5-meo-mipt-online\/#primaryimage\",\"url\":\"https:\/\/nembutalhouse.com\/wp-content\/uploads\/2024\/10\/5-MEO-MIPT.gif\",\"contentUrl\":\"https:\/\/nembutalhouse.com\/wp-content\/uploads\/2024\/10\/5-MEO-MIPT.gif\",\"width\":600,\"height\":600,\"caption\":\"Buy 5-MEO-MIPT Online\"},{\"@type\":\"BreadcrumbList\",\"@id\":\"https:\/\/nembutalhouse.com\/product\/buy-5-meo-mipt-online\/#breadcrumb\",\"itemListElement\":[{\"@type\":\"ListItem\",\"position\":1,\"name\":\"Home\",\"item\":\"https:\/\/nembutalhouse.com\/\"},{\"@type\":\"ListItem\",\"position\":2,\"name\":\"Shop\",\"item\":\"https:\/\/nembutalhouse.com\/shop\/\"},{\"@type\":\"ListItem\",\"position\":3,\"name\":\"Buy 5-MEO-MIPT Online\"}]},{\"@type\":\"WebSite\",\"@id\":\"https:\/\/nembutalhouse.com\/#website\",\"url\":\"https:\/\/nembutalhouse.com\/\",\"name\":\"Nembutal House\",\"description\":\"Best Nembutal Online Store\",\"publisher\":{\"@id\":\"https:\/\/nembutalhouse.com\/#organization\"},\"potentialAction\":[{\"@type\":\"SearchAction\",\"target\":{\"@type\":\"EntryPoint\",\"urlTemplate\":\"https:\/\/nembutalhouse.com\/?s={search_term_string}\"},\"query-input\":{\"@type\":\"PropertyValueSpecification\",\"valueRequired\":true,\"valueName\":\"search_term_string\"}}],\"inLanguage\":\"it-IT\"},{\"@type\":\"Organization\",\"@id\":\"https:\/\/nembutalhouse.com\/#organization\",\"name\":\"Nembutal House\",\"url\":\"https:\/\/nembutalhouse.com\/\",\"logo\":{\"@type\":\"ImageObject\",\"inLanguage\":\"it-IT\",\"@id\":\"https:\/\/nembutalhouse.com\/#\/schema\/logo\/image\/\",\"url\":\"https:\/\/nembutalhouse.com\/wp-content\/uploads\/2022\/12\/logo.png\",\"contentUrl\":\"https:\/\/nembutalhouse.com\/wp-content\/uploads\/2022\/12\/logo.png\",\"width\":344,\"height\":103,\"caption\":\"Nembutal House\"},\"image\":{\"@id\":\"https:\/\/nembutalhouse.com\/#\/schema\/logo\/image\/\"}}]}<\/script>\n<!-- \/ Yoast SEO plugin. -->","yoast_head_json":{"title":"Buy 5 MEO-MIIPT Online - Best Quality 5 MEO-MIIPT for Sale","description":"You can get 5-meo-mipt for sale at our NembutalHouse store and get it at your doorstep without any hassle. We help you buy 5-meo-mipt online. Order Now!","robots":{"index":"index","follow":"follow","max-snippet":"max-snippet:-1","max-image-preview":"max-image-preview:large","max-video-preview":"max-video-preview:-1"},"canonical":"https:\/\/nembutalhouse.com\/it\/prodotto\/buy-5-meo-mipt-online\/","og_locale":"it_IT","og_type":"article","og_title":"Buy 5 MEO-MIIPT Online - Best Quality 5 MEO-MIIPT for Sale","og_description":"You can get 5-meo-mipt for sale at our NembutalHouse store and get it at your doorstep without any hassle. We help you buy 5-meo-mipt online. Order Now!","og_url":"https:\/\/nembutalhouse.com\/it\/prodotto\/buy-5-meo-mipt-online\/","og_site_name":"Nembutal House","article_modified_time":"2026-03-06T07:35:26+00:00","og_image":[{"width":600,"height":600,"url":"https:\/\/nembutalhouse.com\/wp-content\/uploads\/2024\/10\/5-MEO-MIPT.gif","type":"image\/gif"}],"twitter_card":"summary_large_image","twitter_misc":{"Tempo di lettura stimato":"3 minuti"},"schema":{"@context":"https:\/\/schema.org","@graph":[{"@type":"WebPage","@id":"https:\/\/nembutalhouse.com\/product\/buy-5-meo-mipt-online\/","url":"https:\/\/nembutalhouse.com\/product\/buy-5-meo-mipt-online\/","name":"Buy 5 MEO-MIIPT Online - Best Quality 5 MEO-MIIPT for Sale","isPartOf":{"@id":"https:\/\/nembutalhouse.com\/#website"},"primaryImageOfPage":{"@id":"https:\/\/nembutalhouse.com\/product\/buy-5-meo-mipt-online\/#primaryimage"},"image":{"@id":"https:\/\/nembutalhouse.com\/product\/buy-5-meo-mipt-online\/#primaryimage"},"thumbnailUrl":"https:\/\/nembutalhouse.com\/wp-content\/uploads\/2024\/10\/5-MEO-MIPT.gif","datePublished":"2024-10-16T11:50:49+00:00","dateModified":"2026-03-06T07:35:26+00:00","description":"You can get 5-meo-mipt for sale at our NembutalHouse store and get it at your doorstep without any hassle. We help you buy 5-meo-mipt online. Order Now!","breadcrumb":{"@id":"https:\/\/nembutalhouse.com\/product\/buy-5-meo-mipt-online\/#breadcrumb"},"inLanguage":"it-IT","potentialAction":[{"@type":"ReadAction","target":["https:\/\/nembutalhouse.com\/product\/buy-5-meo-mipt-online\/"]}]},{"@type":"ImageObject","inLanguage":"it-IT","@id":"https:\/\/nembutalhouse.com\/product\/buy-5-meo-mipt-online\/#primaryimage","url":"https:\/\/nembutalhouse.com\/wp-content\/uploads\/2024\/10\/5-MEO-MIPT.gif","contentUrl":"https:\/\/nembutalhouse.com\/wp-content\/uploads\/2024\/10\/5-MEO-MIPT.gif","width":600,"height":600,"caption":"Buy 5-MEO-MIPT Online"},{"@type":"BreadcrumbList","@id":"https:\/\/nembutalhouse.com\/product\/buy-5-meo-mipt-online\/#breadcrumb","itemListElement":[{"@type":"ListItem","position":1,"name":"Home","item":"https:\/\/nembutalhouse.com\/"},{"@type":"ListItem","position":2,"name":"Shop","item":"https:\/\/nembutalhouse.com\/shop\/"},{"@type":"ListItem","position":3,"name":"Buy 5-MEO-MIPT Online"}]},{"@type":"WebSite","@id":"https:\/\/nembutalhouse.com\/#website","url":"https:\/\/nembutalhouse.com\/","name":"Nembutal House","description":"Best Nembutal Online Store","publisher":{"@id":"https:\/\/nembutalhouse.com\/#organization"},"potentialAction":[{"@type":"SearchAction","target":{"@type":"EntryPoint","urlTemplate":"https:\/\/nembutalhouse.com\/?s={search_term_string}"},"query-input":{"@type":"PropertyValueSpecification","valueRequired":true,"valueName":"search_term_string"}}],"inLanguage":"it-IT"},{"@type":"Organization","@id":"https:\/\/nembutalhouse.com\/#organization","name":"Nembutal House","url":"https:\/\/nembutalhouse.com\/","logo":{"@type":"ImageObject","inLanguage":"it-IT","@id":"https:\/\/nembutalhouse.com\/#\/schema\/logo\/image\/","url":"https:\/\/nembutalhouse.com\/wp-content\/uploads\/2022\/12\/logo.png","contentUrl":"https:\/\/nembutalhouse.com\/wp-content\/uploads\/2022\/12\/logo.png","width":344,"height":103,"caption":"Nembutal House"},"image":{"@id":"https:\/\/nembutalhouse.com\/#\/schema\/logo\/image\/"}}]}},"_links":{"self":[{"href":"https:\/\/nembutalhouse.com\/it\/wp-json\/wp\/v2\/product\/1442","targetHints":{"allow":["GET"]}}],"collection":[{"href":"https:\/\/nembutalhouse.com\/it\/wp-json\/wp\/v2\/product"}],"about":[{"href":"https:\/\/nembutalhouse.com\/it\/wp-json\/wp\/v2\/types\/product"}],"replies":[{"embeddable":true,"href":"https:\/\/nembutalhouse.com\/it\/wp-json\/wp\/v2\/comments?post=1442"}],"wp:featuredmedia":[{"embeddable":true,"href":"https:\/\/nembutalhouse.com\/it\/wp-json\/wp\/v2\/media\/1565"}],"wp:attachment":[{"href":"https:\/\/nembutalhouse.com\/it\/wp-json\/wp\/v2\/media?parent=1442"}],"wp:term":[{"taxonomy":"product_cat","embeddable":true,"href":"https:\/\/nembutalhouse.com\/it\/wp-json\/wp\/v2\/product_cat?post=1442"},{"taxonomy":"product_tag","embeddable":true,"href":"https:\/\/nembutalhouse.com\/it\/wp-json\/wp\/v2\/product_tag?post=1442"}],"curies":[{"name":"wp","href":"https:\/\/api.w.org\/{rel}","templated":true}]}}