{"id":1397,"date":"2024-10-16T11:50:38","date_gmt":"2024-10-16T11:50:38","guid":{"rendered":"https:\/\/nembutalhouse.com\/?post_type=product&#038;p=1397"},"modified":"2026-03-06T10:10:56","modified_gmt":"2026-03-06T10:10:56","slug":"buy-mdphp-free-base-online","status":"publish","type":"product","link":"https:\/\/nembutalhouse.com\/it\/prodotto\/buy-mdphp-free-base-online\/","title":{"rendered":"Acquistare MDPHP Free-Base online"},"content":{"rendered":"<h2>Acquistare MDPHP Free-Base online<\/h2>\n<p><a href=\"https:\/\/nembutalhouse.com\/it\/prodotto\/buy-mdphp-free-base-online\/\">Buy MDPHP<\/a> \u00e8 un parente stretto del pi\u00f9 noto stimolante MDPV, sviluppato originariamente da un'azienda farmaceutica tedesca negli anni Sessanta.<\/p>\n<p>Conosciuto anche come (3\u2032,4\u2032-metilendiossi-\u03b1-pirrolidinoesiofenone) o \"polvere di scimmia\", l'MDPHP agisce come inibitore della ricaptazione della noradrenalina-dopamina (NDRI) e, allo stato di cloridrato (HCL), si presenta come una polvere cristallina molto fine. Una notevole quantit\u00e0 di informazioni su <a href=\"https:\/\/en.wikipedia.org\/wiki\/MDPHP\">MDPHP<\/a> e i suoi effetti sono riportati in studi trovati su vari forum internet e studi scientifici, tuttavia, per quanto riguarda la futura legalit\u00e0 e la possibile inclusione nella legge sull'oppio rimane poco chiaro. Per il momento, rimane legale in gran parte dell'Europa, quindi noi di Chemical Planet siamo lieti di offrire MDPHP in polvere di grado da laboratorio per i vostri scopi di ricerca. Ulteriori informazioni tecniche sono elencate di seguito per il vostro piacere di vedere!<\/p>\n<p>Nome IUPAC: 3\u2032,4\u2032-metilendiossi-\u03b1-pirrolidinoesiofenone<\/p>\n<p>CAS #: 776994-64-0<\/p>\n<p>Forma: Freebase<\/p>\n<p>Analisi NMR: C17H23NO3<\/p>\n<p>Misure di sicurezza<\/p>\n<p>Si raccomanda l'uso di guanti, occhiali e respiratori quando si maneggia la polvere di MDPHP in laboratorio; si tratta di una polvere fine che pu\u00f2 essere facilmente trasportata dall'aria e inalata accidentalmente&gt;.<\/p>\n<p>In caso di esposizione accidentale, si raccomanda di mostrare l'etichetta del prodotto (contenente le informazioni IUPAC e CAS) al personale medico.<\/p>\n<p>Il contatto accidentale con gli occhi deve essere trattato immediatamente sciacquando accuratamente con acqua dopo aver rimosso le lenti a contatto.<\/p>\n<h3>Dove acquistare MDPHP?<\/h3>\n<p>A <a href=\"https:\/\/nembutalhouse.com\/it\/\">NembutalHouse<\/a>offriamo con orgoglio il MDPHP di laboratorio della massima qualit\u00e0 disponibile. NembutalHo<a href=\"https:\/\/nembutalhouse.com\/it\/\">utilizzo<\/a> \u00e8 l'opzione principale per chi desidera acquistare prodotti chimici per la ricerca. Testiamo rigorosamente con GC MS tutto il nostro stock prima di metterlo in vendita.<\/p>\n<p>Per acquistare MDPHP da NembutalHouse \u00e8 necessario avere almeno 18 anni di et\u00e0. Tutte le sostanze chimiche vendute per la ricerca sono destinate esclusivamente all'uso in laboratorio e non sono assolutamente destinate al consumo umano.<\/p>\n<h3>Il MDPHP \u00e8 legale?<\/h3>\n<p>Per quanto riguarda la legalit\u00e0 di MDPHP, si consiglia vivamente di fare riferimento alla legislazione appropriata nel proprio paese di residenza\/indirizzo di spedizione.<\/p>\n<p>Facciamo tutto il possibile per ridurre al minimo il rischio per i nostri clienti con le nostre restrizioni di spedizione attive.<\/p>\n<p>Tuttavia, la legislazione \u00e8 in continua evoluzione a livello globale e NembutalHouse non pu\u00f2 assumersi alcuna responsabilit\u00e0 in caso di complicazioni. In definitiva, \u00e8 responsabilit\u00e0 dell'acquirente assicurarsi che il prodotto non violi le leggi o le normative vigenti nel luogo di destinazione della spedizione.<\/p>","protected":false},"excerpt":{"rendered":"<p>Buy MDPHP Free-Base Online Buy MDPHP is a close relative to a more well-known stimulant MDPV which was originally developed by a German Pharmaceutical company in the 1960s. Also known&hellip;<\/p>","protected":false},"featured_media":1549,"comment_status":"open","ping_status":"closed","template":"","meta":{"_joinchat":[]},"product_cat":[188],"product_tag":[1396,1385,1375,1387,1376,1402,1394,1391,1384,1382,1377,1388,1401,1400,1403,1392,1398,1399,1397,1389,1378,1380,1381,1404,1395,1393,1390,1383,1386,1379],"class_list":{"0":"post-1397","1":"product","2":"type-product","3":"status-publish","4":"has-post-thumbnail","6":"product_cat-stimulants","7":"product_tag-best-cheap-price-mdphp-free-base-powder","8":"product_tag-best-place-to-buy-mdphp-free-base","9":"product_tag-buy-mdphp-free-base","10":"product_tag-buy-mdphp-free-base-legally","11":"product_tag-buy-mdphp-free-base-online","12":"product_tag-buy-mdphp-free-base-powder-online","13":"product_tag-cheap-mdphp-free-base-powders","14":"product_tag-high-quality-mdphp-free-base-powder","15":"product_tag-how-to-buy-mdphp-free-base","16":"product_tag-mdphp-free-base","17":"product_tag-mdphp-free-base-for-sale","18":"product_tag-mdphp-free-base-online","19":"product_tag-mdphp-free-base-powder","20":"product_tag-mdphp-free-base-powder-for-cleaning","21":"product_tag-mdphp-free-base-powder-for-sale","22":"product_tag-mdphp-free-base-powder-store","23":"product_tag-mdphp-free-base-powder-use","24":"product_tag-mdphp-free-base-powder-wiki","25":"product_tag-mdphp-free-base-powder-worldwide","26":"product_tag-mdphp-free-base-price","27":"product_tag-mdphp-free-base-supplier","28":"product_tag-order-mdphp-free-base","29":"product_tag-order-mdphp-free-base-online","30":"product_tag-order-mdphp-free-base-powder","31":"product_tag-purcharse-mdphp-free-base-powder-powder","32":"product_tag-shop-mdphp-free-base-powder","33":"product_tag-top-quality-mdphp-free-base","34":"product_tag-where-to-buy-mdphp-free-base","35":"product_tag-where-to-order-mdphp-free-base","36":"product_tag-wholesale-mdphp-free-base-bulk-online","38":"first","39":"instock","40":"shipping-taxable","41":"purchasable","42":"product-type-variable"},"yoast_head":"<!-- This site is optimized with the Yoast SEO plugin v24.1 - https:\/\/yoast.com\/wordpress\/plugins\/seo\/ -->\n<title>Buy MDPHP Free Base Online - MDPHP Free Base for Sale | NH<\/title>\n<meta name=\"description\" content=\"You can get in touch with our online store and buy mdphp free base online. We have mdphp free base for sale at cheap prices. Get yours at your place right away!\" \/>\n<meta name=\"robots\" content=\"index, follow, max-snippet:-1, max-image-preview:large, max-video-preview:-1\" \/>\n<link rel=\"canonical\" href=\"https:\/\/nembutalhouse.com\/it\/prodotto\/buy-mdphp-free-base-online\/\" \/>\n<meta property=\"og:locale\" content=\"it_IT\" \/>\n<meta property=\"og:type\" content=\"article\" \/>\n<meta property=\"og:title\" content=\"Buy MDPHP Free Base Online - MDPHP Free Base for Sale | NH\" \/>\n<meta property=\"og:description\" content=\"You can get in touch with our online store and buy mdphp free base online. We have mdphp free base for sale at cheap prices. Get yours at your place right away!\" \/>\n<meta property=\"og:url\" content=\"https:\/\/nembutalhouse.com\/it\/prodotto\/buy-mdphp-free-base-online\/\" \/>\n<meta property=\"og:site_name\" content=\"Nembutal House\" \/>\n<meta property=\"article:modified_time\" content=\"2026-03-06T10:10:56+00:00\" \/>\n<meta property=\"og:image\" content=\"https:\/\/nembutalhouse.com\/wp-content\/uploads\/2024\/10\/Mdphp-free-base.gif\" \/>\n\t<meta property=\"og:image:width\" content=\"600\" \/>\n\t<meta property=\"og:image:height\" content=\"600\" \/>\n\t<meta property=\"og:image:type\" content=\"image\/gif\" \/>\n<meta name=\"twitter:card\" content=\"summary_large_image\" \/>\n<meta name=\"twitter:label1\" content=\"Tempo di lettura stimato\" \/>\n\t<meta name=\"twitter:data1\" content=\"2 minuti\" \/>\n<script type=\"application\/ld+json\" class=\"yoast-schema-graph\">{\"@context\":\"https:\/\/schema.org\",\"@graph\":[{\"@type\":\"WebPage\",\"@id\":\"https:\/\/nembutalhouse.com\/product\/buy-mdphp-free-base-online\/\",\"url\":\"https:\/\/nembutalhouse.com\/product\/buy-mdphp-free-base-online\/\",\"name\":\"Buy MDPHP Free Base Online - MDPHP Free Base for Sale | NH\",\"isPartOf\":{\"@id\":\"https:\/\/nembutalhouse.com\/#website\"},\"primaryImageOfPage\":{\"@id\":\"https:\/\/nembutalhouse.com\/product\/buy-mdphp-free-base-online\/#primaryimage\"},\"image\":{\"@id\":\"https:\/\/nembutalhouse.com\/product\/buy-mdphp-free-base-online\/#primaryimage\"},\"thumbnailUrl\":\"https:\/\/nembutalhouse.com\/wp-content\/uploads\/2024\/10\/Mdphp-free-base.gif\",\"datePublished\":\"2024-10-16T11:50:38+00:00\",\"dateModified\":\"2026-03-06T10:10:56+00:00\",\"description\":\"You can get in touch with our online store and buy mdphp free base online. We have mdphp free base for sale at cheap prices. Get yours at your place right away!\",\"breadcrumb\":{\"@id\":\"https:\/\/nembutalhouse.com\/product\/buy-mdphp-free-base-online\/#breadcrumb\"},\"inLanguage\":\"it-IT\",\"potentialAction\":[{\"@type\":\"ReadAction\",\"target\":[\"https:\/\/nembutalhouse.com\/product\/buy-mdphp-free-base-online\/\"]}]},{\"@type\":\"ImageObject\",\"inLanguage\":\"it-IT\",\"@id\":\"https:\/\/nembutalhouse.com\/product\/buy-mdphp-free-base-online\/#primaryimage\",\"url\":\"https:\/\/nembutalhouse.com\/wp-content\/uploads\/2024\/10\/Mdphp-free-base.gif\",\"contentUrl\":\"https:\/\/nembutalhouse.com\/wp-content\/uploads\/2024\/10\/Mdphp-free-base.gif\",\"width\":600,\"height\":600,\"caption\":\"Buy MDPHP Free-Base Online\"},{\"@type\":\"BreadcrumbList\",\"@id\":\"https:\/\/nembutalhouse.com\/product\/buy-mdphp-free-base-online\/#breadcrumb\",\"itemListElement\":[{\"@type\":\"ListItem\",\"position\":1,\"name\":\"Home\",\"item\":\"https:\/\/nembutalhouse.com\/\"},{\"@type\":\"ListItem\",\"position\":2,\"name\":\"Shop\",\"item\":\"https:\/\/nembutalhouse.com\/shop\/\"},{\"@type\":\"ListItem\",\"position\":3,\"name\":\"Buy MDPHP Free-Base Online\"}]},{\"@type\":\"WebSite\",\"@id\":\"https:\/\/nembutalhouse.com\/#website\",\"url\":\"https:\/\/nembutalhouse.com\/\",\"name\":\"Nembutal House\",\"description\":\"Best Nembutal Online Store\",\"publisher\":{\"@id\":\"https:\/\/nembutalhouse.com\/#organization\"},\"potentialAction\":[{\"@type\":\"SearchAction\",\"target\":{\"@type\":\"EntryPoint\",\"urlTemplate\":\"https:\/\/nembutalhouse.com\/?s={search_term_string}\"},\"query-input\":{\"@type\":\"PropertyValueSpecification\",\"valueRequired\":true,\"valueName\":\"search_term_string\"}}],\"inLanguage\":\"it-IT\"},{\"@type\":\"Organization\",\"@id\":\"https:\/\/nembutalhouse.com\/#organization\",\"name\":\"Nembutal House\",\"url\":\"https:\/\/nembutalhouse.com\/\",\"logo\":{\"@type\":\"ImageObject\",\"inLanguage\":\"it-IT\",\"@id\":\"https:\/\/nembutalhouse.com\/#\/schema\/logo\/image\/\",\"url\":\"https:\/\/nembutalhouse.com\/wp-content\/uploads\/2022\/12\/logo.png\",\"contentUrl\":\"https:\/\/nembutalhouse.com\/wp-content\/uploads\/2022\/12\/logo.png\",\"width\":344,\"height\":103,\"caption\":\"Nembutal House\"},\"image\":{\"@id\":\"https:\/\/nembutalhouse.com\/#\/schema\/logo\/image\/\"}}]}<\/script>\n<!-- \/ Yoast SEO plugin. -->","yoast_head_json":{"title":"Buy MDPHP Free Base Online - MDPHP Free Base for Sale | NH","description":"You can get in touch with our online store and buy mdphp free base online. We have mdphp free base for sale at cheap prices. Get yours at your place right away!","robots":{"index":"index","follow":"follow","max-snippet":"max-snippet:-1","max-image-preview":"max-image-preview:large","max-video-preview":"max-video-preview:-1"},"canonical":"https:\/\/nembutalhouse.com\/it\/prodotto\/buy-mdphp-free-base-online\/","og_locale":"it_IT","og_type":"article","og_title":"Buy MDPHP Free Base Online - MDPHP Free Base for Sale | NH","og_description":"You can get in touch with our online store and buy mdphp free base online. We have mdphp free base for sale at cheap prices. Get yours at your place right away!","og_url":"https:\/\/nembutalhouse.com\/it\/prodotto\/buy-mdphp-free-base-online\/","og_site_name":"Nembutal House","article_modified_time":"2026-03-06T10:10:56+00:00","og_image":[{"width":600,"height":600,"url":"https:\/\/nembutalhouse.com\/wp-content\/uploads\/2024\/10\/Mdphp-free-base.gif","type":"image\/gif"}],"twitter_card":"summary_large_image","twitter_misc":{"Tempo di lettura stimato":"2 minuti"},"schema":{"@context":"https:\/\/schema.org","@graph":[{"@type":"WebPage","@id":"https:\/\/nembutalhouse.com\/product\/buy-mdphp-free-base-online\/","url":"https:\/\/nembutalhouse.com\/product\/buy-mdphp-free-base-online\/","name":"Buy MDPHP Free Base Online - MDPHP Free Base for Sale | NH","isPartOf":{"@id":"https:\/\/nembutalhouse.com\/#website"},"primaryImageOfPage":{"@id":"https:\/\/nembutalhouse.com\/product\/buy-mdphp-free-base-online\/#primaryimage"},"image":{"@id":"https:\/\/nembutalhouse.com\/product\/buy-mdphp-free-base-online\/#primaryimage"},"thumbnailUrl":"https:\/\/nembutalhouse.com\/wp-content\/uploads\/2024\/10\/Mdphp-free-base.gif","datePublished":"2024-10-16T11:50:38+00:00","dateModified":"2026-03-06T10:10:56+00:00","description":"You can get in touch with our online store and buy mdphp free base online. We have mdphp free base for sale at cheap prices. Get yours at your place right away!","breadcrumb":{"@id":"https:\/\/nembutalhouse.com\/product\/buy-mdphp-free-base-online\/#breadcrumb"},"inLanguage":"it-IT","potentialAction":[{"@type":"ReadAction","target":["https:\/\/nembutalhouse.com\/product\/buy-mdphp-free-base-online\/"]}]},{"@type":"ImageObject","inLanguage":"it-IT","@id":"https:\/\/nembutalhouse.com\/product\/buy-mdphp-free-base-online\/#primaryimage","url":"https:\/\/nembutalhouse.com\/wp-content\/uploads\/2024\/10\/Mdphp-free-base.gif","contentUrl":"https:\/\/nembutalhouse.com\/wp-content\/uploads\/2024\/10\/Mdphp-free-base.gif","width":600,"height":600,"caption":"Buy MDPHP Free-Base Online"},{"@type":"BreadcrumbList","@id":"https:\/\/nembutalhouse.com\/product\/buy-mdphp-free-base-online\/#breadcrumb","itemListElement":[{"@type":"ListItem","position":1,"name":"Home","item":"https:\/\/nembutalhouse.com\/"},{"@type":"ListItem","position":2,"name":"Shop","item":"https:\/\/nembutalhouse.com\/shop\/"},{"@type":"ListItem","position":3,"name":"Buy MDPHP Free-Base Online"}]},{"@type":"WebSite","@id":"https:\/\/nembutalhouse.com\/#website","url":"https:\/\/nembutalhouse.com\/","name":"Nembutal House","description":"Best Nembutal Online Store","publisher":{"@id":"https:\/\/nembutalhouse.com\/#organization"},"potentialAction":[{"@type":"SearchAction","target":{"@type":"EntryPoint","urlTemplate":"https:\/\/nembutalhouse.com\/?s={search_term_string}"},"query-input":{"@type":"PropertyValueSpecification","valueRequired":true,"valueName":"search_term_string"}}],"inLanguage":"it-IT"},{"@type":"Organization","@id":"https:\/\/nembutalhouse.com\/#organization","name":"Nembutal House","url":"https:\/\/nembutalhouse.com\/","logo":{"@type":"ImageObject","inLanguage":"it-IT","@id":"https:\/\/nembutalhouse.com\/#\/schema\/logo\/image\/","url":"https:\/\/nembutalhouse.com\/wp-content\/uploads\/2022\/12\/logo.png","contentUrl":"https:\/\/nembutalhouse.com\/wp-content\/uploads\/2022\/12\/logo.png","width":344,"height":103,"caption":"Nembutal House"},"image":{"@id":"https:\/\/nembutalhouse.com\/#\/schema\/logo\/image\/"}}]}},"_links":{"self":[{"href":"https:\/\/nembutalhouse.com\/it\/wp-json\/wp\/v2\/product\/1397","targetHints":{"allow":["GET"]}}],"collection":[{"href":"https:\/\/nembutalhouse.com\/it\/wp-json\/wp\/v2\/product"}],"about":[{"href":"https:\/\/nembutalhouse.com\/it\/wp-json\/wp\/v2\/types\/product"}],"replies":[{"embeddable":true,"href":"https:\/\/nembutalhouse.com\/it\/wp-json\/wp\/v2\/comments?post=1397"}],"wp:featuredmedia":[{"embeddable":true,"href":"https:\/\/nembutalhouse.com\/it\/wp-json\/wp\/v2\/media\/1549"}],"wp:attachment":[{"href":"https:\/\/nembutalhouse.com\/it\/wp-json\/wp\/v2\/media?parent=1397"}],"wp:term":[{"taxonomy":"product_cat","embeddable":true,"href":"https:\/\/nembutalhouse.com\/it\/wp-json\/wp\/v2\/product_cat?post=1397"},{"taxonomy":"product_tag","embeddable":true,"href":"https:\/\/nembutalhouse.com\/it\/wp-json\/wp\/v2\/product_tag?post=1397"}],"curies":[{"name":"wp","href":"https:\/\/api.w.org\/{rel}","templated":true}]}}