{"id":1358,"date":"2024-10-16T11:50:21","date_gmt":"2024-10-16T11:50:21","guid":{"rendered":"https:\/\/nembutalhouse.com\/?post_type=product&#038;p=1358"},"modified":"2026-03-03T05:33:02","modified_gmt":"2026-03-03T05:33:02","slug":"buy-flualprazolam-online","status":"publish","type":"product","link":"https:\/\/nembutalhouse.com\/it\/prodotto\/buy-flualprazolam-online\/","title":{"rendered":"Buy Flualprazolam Online"},"content":{"rendered":"<h2>Buy Flualprazolam Online<\/h2>\n<h3>Come funziona il Flubromazepam?<\/h3>\n<p>Un prodotto chimico di ricerca appartenente alla famiglia delle triazolo-benzodiazepine \u00e8 <a href=\"https:\/\/nembutalhouse.com\/it\/prodotto\/buy-flualprazolam-online\/\">flubromazepam<\/a>. Si tratta di un derivato delle benzodiazepine.<br \/>\nLe ricerche attuali parlano di effetti strutturali paragonabili a quelli del pirazolam, nonostante la loro rarit\u00e0. Inoltre, assomiglia ad altre benzodiazepine. All'interno della famiglia delle benzodiazepine, \u00e8 classificato come depressivo nella classe degli psicotropi. A causa delle sostituzioni di bromo e fluoro nel suo scheletro, alla sostanza chimica di ricerca \u00e8 stato dato questo nome.<\/p>\n<p>* Si noti che il flubromazepam \u00e8 autorizzato solo per l'uso nella ricerca e non pu\u00f2 essere consumato dagli esseri umani.<\/p>\n<h3>La composizione chimica del flubromazepam<\/h3>\n<p>Nome completo: C15H10BrFN2O (simbolo) iso-flubromazepam, un derivato delle benzodiazepine<\/p>\n<p>Massa molare (g\/mol): 333.160<\/p>\n<p>98+% purezza<\/p>\n<p>Utilizzare i dispositivi di protezione individuale appropriati (occhiali, maschera e tuta) per coprire le aree cutanee esposte quando si conducono ricerche con <a href=\"https:\/\/en.wikipedia.org\/wiki\/Flualprazolam\">flubromazepam<\/a>.<\/p>\n<p>* Nota importante: per una durata di conservazione ottimale, conservare sempre in un luogo fresco e asciutto. Questo prodotto \u00e8 destinato a essere utilizzato esclusivamente in ambito forense e di ricerca. Pertanto, NON \u00e8 destinato alla sperimentazione in vivo di alcun tipo su animali o altri esseri viventi, n\u00e9 al consumo umano.<\/p>\n<h3>Dove posso acquistare?<\/h3>\n<p>I flubromazepam di purezza da laboratorio sono disponibili presso <a href=\"https:\/\/nembutalhouse.com\/it\/\">NembutalHouse<\/a>. La migliore fonte per l'acquisto di sostanze chimiche per la ricerca \u00e8 NembutalHouse. Si noti che per acquistare Flubromazepam da NembutalHouse \u00e8 necessario avere almeno diciotto anni. Tutti i prodotti chimici per la ricerca in commercio non sono destinati al consumo umano, ma devono essere utilizzati solo per ricerche ed esperimenti di laboratorio.<\/p>\n<p>&nbsp;<\/p>\n<p>&nbsp;<\/p>","protected":false},"excerpt":{"rendered":"<p>Buy Flualprazolam Online How does Flubromazepam work? A research chemical belonging to the Triazolo Benzodiazepine family is flubromazepam. This is a derivative of benzodiazepines. Current research discuss structural effects that&hellip;<\/p>","protected":false},"featured_media":1522,"comment_status":"open","ping_status":"closed","template":"","meta":{"_joinchat":[]},"product_cat":[188],"product_tag":[1177,1166,1156,1168,1157,1175,1163,1181,1158,1169,1170,1173,1159,1179,1180,1178,1172,1165,1161,1162,1176,1174,1171,1164,1167,1160],"class_list":{"0":"post-1358","1":"product","2":"type-product","3":"status-publish","4":"has-post-thumbnail","6":"product_cat-stimulants","7":"product_tag-best-cheap-price-flualprazolam","8":"product_tag-best-place-to-buy-flualprazolam","9":"product_tag-buy-flualprazolam","10":"product_tag-buy-flualprazolam-legally","11":"product_tag-buy-flualprazolam-online","12":"product_tag-cheap-flualprazolams","13":"product_tag-flualprazolam","14":"product_tag-flualprazolam-for-cleaning","15":"product_tag-flualprazolam-for-sale","16":"product_tag-flualprazolam-online","17":"product_tag-flualprazolam-price","18":"product_tag-flualprazolam-store","19":"product_tag-flualprazolam-supplier","20":"product_tag-flualprazolam-use","21":"product_tag-flualprazolam-wiki","22":"product_tag-flualprazolam-worldwide","23":"product_tag-high-quality-flualprazolam","24":"product_tag-how-to-buy-flualprazolam","25":"product_tag-order-flualprazolam","26":"product_tag-order-flualprazolam-online","27":"product_tag-purcharse-flualprazolam-powder","28":"product_tag-shop-flualprazolam","29":"product_tag-top-quality-flualprazolam","30":"product_tag-where-to-buy-flualprazolam","31":"product_tag-where-to-order-flualprazolam","32":"product_tag-wholesale-flualprazolam-bulk-online","34":"first","35":"instock","36":"shipping-taxable","37":"purchasable","38":"product-type-variable"},"yoast_head":"<!-- This site is optimized with the Yoast SEO plugin v24.1 - https:\/\/yoast.com\/wordpress\/plugins\/seo\/ -->\n<title>Buy Flualprazolam Online - Flualprazolam for Sale | NH<\/title>\n<meta name=\"description\" content=\"You can buy flualprazolam online at the best prices from our online store. We have cheap and high-quality flualprazolam for sale and providing worldwide delivery. You can order from anytime, anywhere.\" \/>\n<meta name=\"robots\" content=\"index, follow, max-snippet:-1, max-image-preview:large, max-video-preview:-1\" \/>\n<link rel=\"canonical\" href=\"https:\/\/nembutalhouse.com\/it\/prodotto\/buy-flualprazolam-online\/\" \/>\n<meta property=\"og:locale\" content=\"it_IT\" \/>\n<meta property=\"og:type\" content=\"article\" \/>\n<meta property=\"og:title\" content=\"Buy Flualprazolam Online - Flualprazolam for Sale | NH\" \/>\n<meta property=\"og:description\" content=\"You can buy flualprazolam online at the best prices from our online store. We have cheap and high-quality flualprazolam for sale and providing worldwide delivery. You can order from anytime, anywhere.\" \/>\n<meta property=\"og:url\" content=\"https:\/\/nembutalhouse.com\/it\/prodotto\/buy-flualprazolam-online\/\" \/>\n<meta property=\"og:site_name\" content=\"Nembutal House\" \/>\n<meta property=\"article:modified_time\" content=\"2026-03-03T05:33:02+00:00\" \/>\n<meta property=\"og:image\" content=\"https:\/\/nembutalhouse.com\/wp-content\/uploads\/2024\/10\/Flualprazolam.gif\" \/>\n\t<meta property=\"og:image:width\" content=\"600\" \/>\n\t<meta property=\"og:image:height\" content=\"600\" \/>\n\t<meta property=\"og:image:type\" content=\"image\/gif\" \/>\n<meta name=\"twitter:card\" content=\"summary_large_image\" \/>\n<meta name=\"twitter:label1\" content=\"Tempo di lettura stimato\" \/>\n\t<meta name=\"twitter:data1\" content=\"2 minuti\" \/>\n<script type=\"application\/ld+json\" class=\"yoast-schema-graph\">{\"@context\":\"https:\/\/schema.org\",\"@graph\":[{\"@type\":\"WebPage\",\"@id\":\"https:\/\/nembutalhouse.com\/product\/buy-flualprazolam-online\/\",\"url\":\"https:\/\/nembutalhouse.com\/product\/buy-flualprazolam-online\/\",\"name\":\"Buy Flualprazolam Online - Flualprazolam for Sale | NH\",\"isPartOf\":{\"@id\":\"https:\/\/nembutalhouse.com\/#website\"},\"primaryImageOfPage\":{\"@id\":\"https:\/\/nembutalhouse.com\/product\/buy-flualprazolam-online\/#primaryimage\"},\"image\":{\"@id\":\"https:\/\/nembutalhouse.com\/product\/buy-flualprazolam-online\/#primaryimage\"},\"thumbnailUrl\":\"https:\/\/nembutalhouse.com\/wp-content\/uploads\/2024\/10\/Flualprazolam.gif\",\"datePublished\":\"2024-10-16T11:50:21+00:00\",\"dateModified\":\"2026-03-03T05:33:02+00:00\",\"description\":\"You can buy flualprazolam online at the best prices from our online store. We have cheap and high-quality flualprazolam for sale and providing worldwide delivery. You can order from anytime, anywhere.\",\"breadcrumb\":{\"@id\":\"https:\/\/nembutalhouse.com\/product\/buy-flualprazolam-online\/#breadcrumb\"},\"inLanguage\":\"it-IT\",\"potentialAction\":[{\"@type\":\"ReadAction\",\"target\":[\"https:\/\/nembutalhouse.com\/product\/buy-flualprazolam-online\/\"]}]},{\"@type\":\"ImageObject\",\"inLanguage\":\"it-IT\",\"@id\":\"https:\/\/nembutalhouse.com\/product\/buy-flualprazolam-online\/#primaryimage\",\"url\":\"https:\/\/nembutalhouse.com\/wp-content\/uploads\/2024\/10\/Flualprazolam.gif\",\"contentUrl\":\"https:\/\/nembutalhouse.com\/wp-content\/uploads\/2024\/10\/Flualprazolam.gif\",\"width\":600,\"height\":600,\"caption\":\"Buy Flualprazolam Online\"},{\"@type\":\"BreadcrumbList\",\"@id\":\"https:\/\/nembutalhouse.com\/product\/buy-flualprazolam-online\/#breadcrumb\",\"itemListElement\":[{\"@type\":\"ListItem\",\"position\":1,\"name\":\"Home\",\"item\":\"https:\/\/nembutalhouse.com\/\"},{\"@type\":\"ListItem\",\"position\":2,\"name\":\"Shop\",\"item\":\"https:\/\/nembutalhouse.com\/shop\/\"},{\"@type\":\"ListItem\",\"position\":3,\"name\":\"Buy Flualprazolam Online\"}]},{\"@type\":\"WebSite\",\"@id\":\"https:\/\/nembutalhouse.com\/#website\",\"url\":\"https:\/\/nembutalhouse.com\/\",\"name\":\"Nembutal House\",\"description\":\"Best Nembutal Online Store\",\"publisher\":{\"@id\":\"https:\/\/nembutalhouse.com\/#organization\"},\"potentialAction\":[{\"@type\":\"SearchAction\",\"target\":{\"@type\":\"EntryPoint\",\"urlTemplate\":\"https:\/\/nembutalhouse.com\/?s={search_term_string}\"},\"query-input\":{\"@type\":\"PropertyValueSpecification\",\"valueRequired\":true,\"valueName\":\"search_term_string\"}}],\"inLanguage\":\"it-IT\"},{\"@type\":\"Organization\",\"@id\":\"https:\/\/nembutalhouse.com\/#organization\",\"name\":\"Nembutal House\",\"url\":\"https:\/\/nembutalhouse.com\/\",\"logo\":{\"@type\":\"ImageObject\",\"inLanguage\":\"it-IT\",\"@id\":\"https:\/\/nembutalhouse.com\/#\/schema\/logo\/image\/\",\"url\":\"https:\/\/nembutalhouse.com\/wp-content\/uploads\/2022\/12\/logo.png\",\"contentUrl\":\"https:\/\/nembutalhouse.com\/wp-content\/uploads\/2022\/12\/logo.png\",\"width\":344,\"height\":103,\"caption\":\"Nembutal House\"},\"image\":{\"@id\":\"https:\/\/nembutalhouse.com\/#\/schema\/logo\/image\/\"}}]}<\/script>\n<!-- \/ Yoast SEO plugin. -->","yoast_head_json":{"title":"Buy Flualprazolam Online - Flualprazolam for Sale | NH","description":"You can buy flualprazolam online at the best prices from our online store. We have cheap and high-quality flualprazolam for sale and providing worldwide delivery. You can order from anytime, anywhere.","robots":{"index":"index","follow":"follow","max-snippet":"max-snippet:-1","max-image-preview":"max-image-preview:large","max-video-preview":"max-video-preview:-1"},"canonical":"https:\/\/nembutalhouse.com\/it\/prodotto\/buy-flualprazolam-online\/","og_locale":"it_IT","og_type":"article","og_title":"Buy Flualprazolam Online - Flualprazolam for Sale | NH","og_description":"You can buy flualprazolam online at the best prices from our online store. We have cheap and high-quality flualprazolam for sale and providing worldwide delivery. You can order from anytime, anywhere.","og_url":"https:\/\/nembutalhouse.com\/it\/prodotto\/buy-flualprazolam-online\/","og_site_name":"Nembutal House","article_modified_time":"2026-03-03T05:33:02+00:00","og_image":[{"width":600,"height":600,"url":"https:\/\/nembutalhouse.com\/wp-content\/uploads\/2024\/10\/Flualprazolam.gif","type":"image\/gif"}],"twitter_card":"summary_large_image","twitter_misc":{"Tempo di lettura stimato":"2 minuti"},"schema":{"@context":"https:\/\/schema.org","@graph":[{"@type":"WebPage","@id":"https:\/\/nembutalhouse.com\/product\/buy-flualprazolam-online\/","url":"https:\/\/nembutalhouse.com\/product\/buy-flualprazolam-online\/","name":"Buy Flualprazolam Online - Flualprazolam for Sale | NH","isPartOf":{"@id":"https:\/\/nembutalhouse.com\/#website"},"primaryImageOfPage":{"@id":"https:\/\/nembutalhouse.com\/product\/buy-flualprazolam-online\/#primaryimage"},"image":{"@id":"https:\/\/nembutalhouse.com\/product\/buy-flualprazolam-online\/#primaryimage"},"thumbnailUrl":"https:\/\/nembutalhouse.com\/wp-content\/uploads\/2024\/10\/Flualprazolam.gif","datePublished":"2024-10-16T11:50:21+00:00","dateModified":"2026-03-03T05:33:02+00:00","description":"You can buy flualprazolam online at the best prices from our online store. We have cheap and high-quality flualprazolam for sale and providing worldwide delivery. You can order from anytime, anywhere.","breadcrumb":{"@id":"https:\/\/nembutalhouse.com\/product\/buy-flualprazolam-online\/#breadcrumb"},"inLanguage":"it-IT","potentialAction":[{"@type":"ReadAction","target":["https:\/\/nembutalhouse.com\/product\/buy-flualprazolam-online\/"]}]},{"@type":"ImageObject","inLanguage":"it-IT","@id":"https:\/\/nembutalhouse.com\/product\/buy-flualprazolam-online\/#primaryimage","url":"https:\/\/nembutalhouse.com\/wp-content\/uploads\/2024\/10\/Flualprazolam.gif","contentUrl":"https:\/\/nembutalhouse.com\/wp-content\/uploads\/2024\/10\/Flualprazolam.gif","width":600,"height":600,"caption":"Buy Flualprazolam Online"},{"@type":"BreadcrumbList","@id":"https:\/\/nembutalhouse.com\/product\/buy-flualprazolam-online\/#breadcrumb","itemListElement":[{"@type":"ListItem","position":1,"name":"Home","item":"https:\/\/nembutalhouse.com\/"},{"@type":"ListItem","position":2,"name":"Shop","item":"https:\/\/nembutalhouse.com\/shop\/"},{"@type":"ListItem","position":3,"name":"Buy Flualprazolam Online"}]},{"@type":"WebSite","@id":"https:\/\/nembutalhouse.com\/#website","url":"https:\/\/nembutalhouse.com\/","name":"Nembutal House","description":"Best Nembutal Online Store","publisher":{"@id":"https:\/\/nembutalhouse.com\/#organization"},"potentialAction":[{"@type":"SearchAction","target":{"@type":"EntryPoint","urlTemplate":"https:\/\/nembutalhouse.com\/?s={search_term_string}"},"query-input":{"@type":"PropertyValueSpecification","valueRequired":true,"valueName":"search_term_string"}}],"inLanguage":"it-IT"},{"@type":"Organization","@id":"https:\/\/nembutalhouse.com\/#organization","name":"Nembutal House","url":"https:\/\/nembutalhouse.com\/","logo":{"@type":"ImageObject","inLanguage":"it-IT","@id":"https:\/\/nembutalhouse.com\/#\/schema\/logo\/image\/","url":"https:\/\/nembutalhouse.com\/wp-content\/uploads\/2022\/12\/logo.png","contentUrl":"https:\/\/nembutalhouse.com\/wp-content\/uploads\/2022\/12\/logo.png","width":344,"height":103,"caption":"Nembutal House"},"image":{"@id":"https:\/\/nembutalhouse.com\/#\/schema\/logo\/image\/"}}]}},"_links":{"self":[{"href":"https:\/\/nembutalhouse.com\/it\/wp-json\/wp\/v2\/product\/1358","targetHints":{"allow":["GET"]}}],"collection":[{"href":"https:\/\/nembutalhouse.com\/it\/wp-json\/wp\/v2\/product"}],"about":[{"href":"https:\/\/nembutalhouse.com\/it\/wp-json\/wp\/v2\/types\/product"}],"replies":[{"embeddable":true,"href":"https:\/\/nembutalhouse.com\/it\/wp-json\/wp\/v2\/comments?post=1358"}],"wp:featuredmedia":[{"embeddable":true,"href":"https:\/\/nembutalhouse.com\/it\/wp-json\/wp\/v2\/media\/1522"}],"wp:attachment":[{"href":"https:\/\/nembutalhouse.com\/it\/wp-json\/wp\/v2\/media?parent=1358"}],"wp:term":[{"taxonomy":"product_cat","embeddable":true,"href":"https:\/\/nembutalhouse.com\/it\/wp-json\/wp\/v2\/product_cat?post=1358"},{"taxonomy":"product_tag","embeddable":true,"href":"https:\/\/nembutalhouse.com\/it\/wp-json\/wp\/v2\/product_tag?post=1358"}],"curies":[{"name":"wp","href":"https:\/\/api.w.org\/{rel}","templated":true}]}}