{"id":1158,"date":"2024-10-16T11:48:07","date_gmt":"2024-10-16T11:48:07","guid":{"rendered":"https:\/\/nembutalhouse.com\/?post_type=product&#038;p=1158"},"modified":"2026-03-06T08:25:58","modified_gmt":"2026-03-06T08:25:58","slug":"buy-alprazolam-online","status":"publish","type":"product","link":"https:\/\/nembutalhouse.com\/it\/prodotto\/buy-alprazolam-online\/","title":{"rendered":"Comprare Alprazolam online"},"content":{"rendered":"<h2>Comprare Alprazolam online<\/h2>\n<p>Acquisto Alprazolam \u00e8 una delle benzodiazepine forti e ad azione rapida che calma il sistema nervoso centrale. Se volete acquistare alprazolam in polvere online, non cercate altro che Shenchulab e sappiate che riceverete un prodotto di alta qualit\u00e0.<a href=\"https:\/\/nembutalhouse.com\/it\/\">NembutalHouse<\/a><\/p>\n<p>Inoltre, il mercato dell'alprazolam in polvere \u00e8 suddiviso in segmenti in base all'applicazione, all'utente finale e alla localizzazione.<\/p>\n<p>Di conseguenza, l'ansia, la depressione, l'insonnia e i disturbi da panico vengono distinti in base all'applicazione.<\/p>\n<p>Additionally, it is separated based on the end user into research institutes, pharmaceutical corporations, and other institutions (clinics and hospitals). Powdered <a href=\"https:\/\/nembutalhouse.com\/it\/prodotto\/buy-alprazolam-online\/\">alprazolam is for sale<\/a>.<\/p>\n<p>Tuttavia, Nord America, Europa, Asia Pacifico e America Latina sono le regioni geografiche in cui viene studiato.<\/p>\n<p>- Principali vantaggi<\/p>\n<p>- Tuttavia, lo studio fornisce una panoramica completa del mercato globale dell'alprazolam in polvere, insieme alle previsioni per il futuro e ai modelli attuali per individuare possibili aree di investimento.<\/p>\n<p>- Di conseguenza, viene condotta un'analisi completa dei fattori che sostengono e ostacolano l'espansione del mercato.<\/p>\n<p>- Per aiutare le parti interessate a sfruttare le attuali opportunit\u00e0 di mercato, la ricerca fornisce anche un'analisi quantitativa.<\/p>\n<p>- \u00c8 quindi pi\u00f9 semplice comprendere l'offerta quando si esaminano a fondo diverse categorie di mercato.<\/p>\n<p>- Tuttavia, i principali rivali vengono profilati e le loro strategie vengono analizzate attentamente al fine di prevedere l'ambiente competitivo del mercato. Acquistare Alprazolam in polvere online<\/p>\n<h3>Segmenti di mercato importanti per l'Alprazolam in polvere:<\/h3>\n<p>Attraverso l'uso dei disturbi di panico e dell'ansia<\/p>\n<p>Insonnia dovuta a depressione<\/p>\n<p><a href=\"https:\/\/en.wikipedia.org\/wiki\/Alprazolam\">buy alprazolam online<\/a> from Buy Nembutal enterprises, end-user research institutes, and correspondingly others (hospitals and clinics).<\/p>\n<p>&nbsp;<\/p>","protected":false},"excerpt":{"rendered":"<p>Buy Alprazolam Online Purchase Alprazolam is one of the strong, quick-acting benzodiazepines that calms the central nervous system. Look no farther than Shenchulab if you want to purchase alprazolam powder&hellip;<\/p>","protected":false},"featured_media":1178,"comment_status":"open","ping_status":"closed","template":"","meta":{"_joinchat":[]},"product_cat":[186],"product_tag":[],"class_list":{"0":"post-1158","1":"product","2":"type-product","3":"status-publish","4":"has-post-thumbnail","6":"product_cat-research-chemicals","8":"first","9":"instock","10":"shipping-taxable","11":"purchasable","12":"product-type-variable"},"yoast_head":"<!-- This site is optimized with the Yoast SEO plugin v24.1 - https:\/\/yoast.com\/wordpress\/plugins\/seo\/ -->\n<title>Acheter de la poudre d&#039;alprazolam en ligne - Poudre d&#039;alprazolam<\/title>\n<meta name=\"description\" content=\"Si vous n&#039;avez pas encore essay\u00e9 la poudre d&#039;alprazolam dans notre magasin, vous manquez beaucoup de choses. Nous vous aiderons \u00e0 acheter de la poudre d&#039;alprazolam en ligne \u00e0 des prix avantageux. Achetez de la poudre d&#039;alprazolam en vente d\u00e8s aujourd&#039;hui !\" \/>\n<meta name=\"robots\" content=\"index, follow, max-snippet:-1, max-image-preview:large, max-video-preview:-1\" \/>\n<link rel=\"canonical\" href=\"https:\/\/nembutalhouse.com\/it\/prodotto\/buy-alprazolam-online\/\" \/>\n<meta property=\"og:locale\" content=\"it_IT\" \/>\n<meta property=\"og:type\" content=\"article\" \/>\n<meta property=\"og:title\" content=\"Acheter de la poudre d&#039;alprazolam en ligne - Poudre d&#039;alprazolam\" \/>\n<meta property=\"og:description\" content=\"Si vous n&#039;avez pas encore essay\u00e9 la poudre d&#039;alprazolam dans notre magasin, vous manquez beaucoup de choses. Nous vous aiderons \u00e0 acheter de la poudre d&#039;alprazolam en ligne \u00e0 des prix avantageux. Achetez de la poudre d&#039;alprazolam en vente d\u00e8s aujourd&#039;hui !\" \/>\n<meta property=\"og:url\" content=\"https:\/\/nembutalhouse.com\/it\/prodotto\/buy-alprazolam-online\/\" \/>\n<meta property=\"og:site_name\" content=\"Nembutal House\" \/>\n<meta property=\"article:modified_time\" content=\"2026-03-06T08:25:58+00:00\" \/>\n<meta property=\"og:image\" content=\"https:\/\/nembutalhouse.com\/wp-content\/uploads\/2024\/10\/alprazolam.gif\" \/>\n\t<meta property=\"og:image:width\" content=\"600\" \/>\n\t<meta property=\"og:image:height\" content=\"600\" \/>\n\t<meta property=\"og:image:type\" content=\"image\/gif\" \/>\n<meta name=\"twitter:card\" content=\"summary_large_image\" \/>\n<meta name=\"twitter:label1\" content=\"Tempo di lettura stimato\" \/>\n\t<meta name=\"twitter:data1\" content=\"2 minuti\" \/>\n<script type=\"application\/ld+json\" class=\"yoast-schema-graph\">{\"@context\":\"https:\/\/schema.org\",\"@graph\":[{\"@type\":\"WebPage\",\"@id\":\"https:\/\/nembutalhouse.com\/product\/buy-alprazolam-online\/\",\"url\":\"https:\/\/nembutalhouse.com\/product\/buy-alprazolam-online\/\",\"name\":\"Acheter de la poudre d'alprazolam en ligne - Poudre d'alprazolam\",\"isPartOf\":{\"@id\":\"https:\/\/nembutalhouse.com\/#website\"},\"primaryImageOfPage\":{\"@id\":\"https:\/\/nembutalhouse.com\/product\/buy-alprazolam-online\/#primaryimage\"},\"image\":{\"@id\":\"https:\/\/nembutalhouse.com\/product\/buy-alprazolam-online\/#primaryimage\"},\"thumbnailUrl\":\"https:\/\/nembutalhouse.com\/wp-content\/uploads\/2024\/10\/alprazolam.gif\",\"datePublished\":\"2024-10-16T11:48:07+00:00\",\"dateModified\":\"2026-03-06T08:25:58+00:00\",\"description\":\"Si vous n'avez pas encore essay\u00e9 la poudre d'alprazolam dans notre magasin, vous manquez beaucoup de choses. Nous vous aiderons \u00e0 acheter de la poudre d'alprazolam en ligne \u00e0 des prix avantageux. Achetez de la poudre d'alprazolam en vente d\u00e8s aujourd'hui !\",\"breadcrumb\":{\"@id\":\"https:\/\/nembutalhouse.com\/product\/buy-alprazolam-online\/#breadcrumb\"},\"inLanguage\":\"it-IT\",\"potentialAction\":[{\"@type\":\"ReadAction\",\"target\":[\"https:\/\/nembutalhouse.com\/product\/buy-alprazolam-online\/\"]}]},{\"@type\":\"ImageObject\",\"inLanguage\":\"it-IT\",\"@id\":\"https:\/\/nembutalhouse.com\/product\/buy-alprazolam-online\/#primaryimage\",\"url\":\"https:\/\/nembutalhouse.com\/wp-content\/uploads\/2024\/10\/alprazolam.gif\",\"contentUrl\":\"https:\/\/nembutalhouse.com\/wp-content\/uploads\/2024\/10\/alprazolam.gif\",\"width\":600,\"height\":600,\"caption\":\"Buy Alprazolam Online\"},{\"@type\":\"BreadcrumbList\",\"@id\":\"https:\/\/nembutalhouse.com\/product\/buy-alprazolam-online\/#breadcrumb\",\"itemListElement\":[{\"@type\":\"ListItem\",\"position\":1,\"name\":\"Home\",\"item\":\"https:\/\/nembutalhouse.com\/\"},{\"@type\":\"ListItem\",\"position\":2,\"name\":\"Shop\",\"item\":\"https:\/\/nembutalhouse.com\/shop\/\"},{\"@type\":\"ListItem\",\"position\":3,\"name\":\"Buy Alprazolam Online\"}]},{\"@type\":\"WebSite\",\"@id\":\"https:\/\/nembutalhouse.com\/#website\",\"url\":\"https:\/\/nembutalhouse.com\/\",\"name\":\"Nembutal House\",\"description\":\"Best Nembutal Online Store\",\"publisher\":{\"@id\":\"https:\/\/nembutalhouse.com\/#organization\"},\"potentialAction\":[{\"@type\":\"SearchAction\",\"target\":{\"@type\":\"EntryPoint\",\"urlTemplate\":\"https:\/\/nembutalhouse.com\/?s={search_term_string}\"},\"query-input\":{\"@type\":\"PropertyValueSpecification\",\"valueRequired\":true,\"valueName\":\"search_term_string\"}}],\"inLanguage\":\"it-IT\"},{\"@type\":\"Organization\",\"@id\":\"https:\/\/nembutalhouse.com\/#organization\",\"name\":\"Nembutal House\",\"url\":\"https:\/\/nembutalhouse.com\/\",\"logo\":{\"@type\":\"ImageObject\",\"inLanguage\":\"it-IT\",\"@id\":\"https:\/\/nembutalhouse.com\/#\/schema\/logo\/image\/\",\"url\":\"https:\/\/nembutalhouse.com\/wp-content\/uploads\/2022\/12\/logo.png\",\"contentUrl\":\"https:\/\/nembutalhouse.com\/wp-content\/uploads\/2022\/12\/logo.png\",\"width\":344,\"height\":103,\"caption\":\"Nembutal House\"},\"image\":{\"@id\":\"https:\/\/nembutalhouse.com\/#\/schema\/logo\/image\/\"}}]}<\/script>\n<!-- \/ Yoast SEO plugin. -->","yoast_head_json":{"title":"Acheter de la poudre d'alprazolam en ligne - Poudre d'alprazolam","description":"Si vous n'avez pas encore essay\u00e9 la poudre d'alprazolam dans notre magasin, vous manquez beaucoup de choses. Nous vous aiderons \u00e0 acheter de la poudre d'alprazolam en ligne \u00e0 des prix avantageux. Achetez de la poudre d'alprazolam en vente d\u00e8s aujourd'hui !","robots":{"index":"index","follow":"follow","max-snippet":"max-snippet:-1","max-image-preview":"max-image-preview:large","max-video-preview":"max-video-preview:-1"},"canonical":"https:\/\/nembutalhouse.com\/it\/prodotto\/buy-alprazolam-online\/","og_locale":"it_IT","og_type":"article","og_title":"Acheter de la poudre d'alprazolam en ligne - Poudre d'alprazolam","og_description":"Si vous n'avez pas encore essay\u00e9 la poudre d'alprazolam dans notre magasin, vous manquez beaucoup de choses. Nous vous aiderons \u00e0 acheter de la poudre d'alprazolam en ligne \u00e0 des prix avantageux. Achetez de la poudre d'alprazolam en vente d\u00e8s aujourd'hui !","og_url":"https:\/\/nembutalhouse.com\/it\/prodotto\/buy-alprazolam-online\/","og_site_name":"Nembutal House","article_modified_time":"2026-03-06T08:25:58+00:00","og_image":[{"width":600,"height":600,"url":"https:\/\/nembutalhouse.com\/wp-content\/uploads\/2024\/10\/alprazolam.gif","type":"image\/gif"}],"twitter_card":"summary_large_image","twitter_misc":{"Tempo di lettura stimato":"2 minuti"},"schema":{"@context":"https:\/\/schema.org","@graph":[{"@type":"WebPage","@id":"https:\/\/nembutalhouse.com\/product\/buy-alprazolam-online\/","url":"https:\/\/nembutalhouse.com\/product\/buy-alprazolam-online\/","name":"Acheter de la poudre d'alprazolam en ligne - Poudre d'alprazolam","isPartOf":{"@id":"https:\/\/nembutalhouse.com\/#website"},"primaryImageOfPage":{"@id":"https:\/\/nembutalhouse.com\/product\/buy-alprazolam-online\/#primaryimage"},"image":{"@id":"https:\/\/nembutalhouse.com\/product\/buy-alprazolam-online\/#primaryimage"},"thumbnailUrl":"https:\/\/nembutalhouse.com\/wp-content\/uploads\/2024\/10\/alprazolam.gif","datePublished":"2024-10-16T11:48:07+00:00","dateModified":"2026-03-06T08:25:58+00:00","description":"Si vous n'avez pas encore essay\u00e9 la poudre d'alprazolam dans notre magasin, vous manquez beaucoup de choses. Nous vous aiderons \u00e0 acheter de la poudre d'alprazolam en ligne \u00e0 des prix avantageux. Achetez de la poudre d'alprazolam en vente d\u00e8s aujourd'hui !","breadcrumb":{"@id":"https:\/\/nembutalhouse.com\/product\/buy-alprazolam-online\/#breadcrumb"},"inLanguage":"it-IT","potentialAction":[{"@type":"ReadAction","target":["https:\/\/nembutalhouse.com\/product\/buy-alprazolam-online\/"]}]},{"@type":"ImageObject","inLanguage":"it-IT","@id":"https:\/\/nembutalhouse.com\/product\/buy-alprazolam-online\/#primaryimage","url":"https:\/\/nembutalhouse.com\/wp-content\/uploads\/2024\/10\/alprazolam.gif","contentUrl":"https:\/\/nembutalhouse.com\/wp-content\/uploads\/2024\/10\/alprazolam.gif","width":600,"height":600,"caption":"Buy Alprazolam Online"},{"@type":"BreadcrumbList","@id":"https:\/\/nembutalhouse.com\/product\/buy-alprazolam-online\/#breadcrumb","itemListElement":[{"@type":"ListItem","position":1,"name":"Home","item":"https:\/\/nembutalhouse.com\/"},{"@type":"ListItem","position":2,"name":"Shop","item":"https:\/\/nembutalhouse.com\/shop\/"},{"@type":"ListItem","position":3,"name":"Buy Alprazolam Online"}]},{"@type":"WebSite","@id":"https:\/\/nembutalhouse.com\/#website","url":"https:\/\/nembutalhouse.com\/","name":"Nembutal House","description":"Best Nembutal Online Store","publisher":{"@id":"https:\/\/nembutalhouse.com\/#organization"},"potentialAction":[{"@type":"SearchAction","target":{"@type":"EntryPoint","urlTemplate":"https:\/\/nembutalhouse.com\/?s={search_term_string}"},"query-input":{"@type":"PropertyValueSpecification","valueRequired":true,"valueName":"search_term_string"}}],"inLanguage":"it-IT"},{"@type":"Organization","@id":"https:\/\/nembutalhouse.com\/#organization","name":"Nembutal House","url":"https:\/\/nembutalhouse.com\/","logo":{"@type":"ImageObject","inLanguage":"it-IT","@id":"https:\/\/nembutalhouse.com\/#\/schema\/logo\/image\/","url":"https:\/\/nembutalhouse.com\/wp-content\/uploads\/2022\/12\/logo.png","contentUrl":"https:\/\/nembutalhouse.com\/wp-content\/uploads\/2022\/12\/logo.png","width":344,"height":103,"caption":"Nembutal House"},"image":{"@id":"https:\/\/nembutalhouse.com\/#\/schema\/logo\/image\/"}}]}},"_links":{"self":[{"href":"https:\/\/nembutalhouse.com\/it\/wp-json\/wp\/v2\/product\/1158","targetHints":{"allow":["GET"]}}],"collection":[{"href":"https:\/\/nembutalhouse.com\/it\/wp-json\/wp\/v2\/product"}],"about":[{"href":"https:\/\/nembutalhouse.com\/it\/wp-json\/wp\/v2\/types\/product"}],"replies":[{"embeddable":true,"href":"https:\/\/nembutalhouse.com\/it\/wp-json\/wp\/v2\/comments?post=1158"}],"wp:featuredmedia":[{"embeddable":true,"href":"https:\/\/nembutalhouse.com\/it\/wp-json\/wp\/v2\/media\/1178"}],"wp:attachment":[{"href":"https:\/\/nembutalhouse.com\/it\/wp-json\/wp\/v2\/media?parent=1158"}],"wp:term":[{"taxonomy":"product_cat","embeddable":true,"href":"https:\/\/nembutalhouse.com\/it\/wp-json\/wp\/v2\/product_cat?post=1158"},{"taxonomy":"product_tag","embeddable":true,"href":"https:\/\/nembutalhouse.com\/it\/wp-json\/wp\/v2\/product_tag?post=1158"}],"curies":[{"name":"wp","href":"https:\/\/api.w.org\/{rel}","templated":true}]}}