{"id":1105,"date":"2024-10-16T11:47:47","date_gmt":"2024-10-16T11:47:47","guid":{"rendered":"https:\/\/nembutalhouse.com\/?post_type=product&#038;p=1105"},"modified":"2026-03-06T07:02:23","modified_gmt":"2026-03-06T07:02:23","slug":"buy-2fdck-online","status":"publish","type":"product","link":"https:\/\/nembutalhouse.com\/it\/prodotto\/acquistare-2fdck-online\/","title":{"rendered":"Buy 2fdck Online"},"content":{"rendered":"<h2>Acquistare 2FDCK online.<\/h2>\n<p><a href=\"https:\/\/nembutalhouse.com\/it\/prodotto\/acquistare-2fdck-online\/\">2-Fluorodesloroclorotetamina<\/a>MXPP, talvolta indicata come 2-Fl-2\u2032-Oxo-PCM, Fluoroketamina e 2-FDCK, \u00e8 un anestetico dissociativo che pu\u00f2 essere acquistato online. Si tratta di una semplice ketamina in cui il fluoro ha sostituito il gruppo cloro.MXPP e 2-fdck, spesso nota come fluoroketamina, sono essenzialmente intercambiabili. Per questo articolo si suggeriscono applicazioni nella misurazione e nella ricerca. Vendita di 2fdck a buon mercato<\/p>\n<p>Narcotico dissociativo, la 2-FDCK Powder 2-Fluorodeschloroketamine \u00e8 nota anche come 2-Fl-2\u2032-Oxo-PCM, Fluoroketamine e 2-FDCK. Si tratta semplicemente di ketamina in cui il fluoro ha preso il posto del gruppo cloro.<\/p>\n<p>La 2-Fl-2\u2032-Oxo-PCM, nota anche come 2-Fluorodeschloroketamine, 2-FDCK, ed erroneamente come 2-Fluroketamine, Fluoroketamine e 2-FK, \u00e8 un nuovo agente dissociativo relativamente sconosciuto appartenente alla classe delle arilcicloesilammine che, quando \u00e8 sotto controllo, mostra propriet\u00e0 calmanti, dissociative e allucinogene. Fondamentalmente, \u00e8 associato alle arilcicloesilammine.<\/p>\n<p>come la desclorocetamina e la ketamina e si dice che abbia effetti simili. Acquistare 2FDCK online. <a href=\"https:\/\/nembutalhouse.com\/it\/\">NembutalHouse<\/a><\/p>\n<h3>2-fdck dissociativo<\/h3>\n<p>Analogamente ad altre droghe dissociative, i consumatori ricreativi la cercano soprattutto per i suoi effetti stimolanti \"fuori dal corpo\", che vengono definiti \"sedazione dissociativa\" (anche se il grado in cui ci\u00f2 si verifica \u00e8 principalmente controllato). Attualmente viene venduta come scambio di moda per la ketamina attraverso i mittenti di sostanze online, dove \u00e8 stata resa disponibile per la prima volta in ritardo. Acquistare 2-FDCK online.<\/p>\n<p>La farmacologia, il metabolismo e le propriet\u00e0 tossiche della 2-fluorodesclorocetamina sono quasi del tutto sconosciute. La sua storia di utilizzo da parte degli esseri umani \u00e8 notevolmente breve. Si raccomanda vivamente di seguire le procedure di riduzione del danno in caso di utilizzo di questo farmaco. prodotti legali di cannabis.<\/p>\n<p>Un rimedio per le arilcicloesilammine \u00e8 la 2-Fluorodesclorocetamina, nota anche come 2-(2-Fluorofenil)- 2-metilammino-cicloesanone. Il nome \"arilcicloesilammine\" deriva dall'architettura di questi farmaci, che combinano un gruppo amminico con un anello di cicloesano collegato a un anello profumato. In <a href=\"https:\/\/en.wikipedia.org\/wiki\/2-Fluorodeschloroketamine\">2-FDCK<\/a>Un anello fenilico \u00e8 unito a un anello di cicloesano sostituito con un gruppo chetonico (cicloesanone). Il carbonio alfa di collegamento dell'anello cicloesanonico (R2) \u00e8 collegato a una catena metilica amminica (-N-CH3). Inoltre, per sostituire l'anello fenilico in R2 viene utilizzato un raduno di fluoro.<\/p>\n<h3>Acquistare 2-FDCK online.<\/h3>\n<p>2. Il composto chirale fluorodescoloroketamina \u00e8 spesso espresso come racemo. In ambito scientifico, il prefisso des- viene utilizzato per indicare l'assenza di una raccolta benefica (in questo caso, \"cloro\"). 2. Il motivo per cui la FDCK \u00e8 chiamata cos\u00ec \u00e8 che il suo anello fenilico presenta una sostituzione con il fluoro, in contrasto con il cloro presente nella ketamina. Acquistare 2-FDCK online.<\/p>\n<p>La 2-Fl-2\u2032-Oxo-PCM \u00e8 una nuova droga dissociativa meno nota della classe delle arilcicloesilammine che, quando coordinata, mostra effetti dissociativi, antidolorifici e allucinogeni. Viene anche chiamata impropriamente 2-Fluroketamina, Fluoroketamina e 2-FDCK.<\/p>\n<p>&nbsp;<\/p>\n<p>&nbsp;<\/p>","protected":false},"excerpt":{"rendered":"<p>Acquistare 2FDCK online. La 2-Fluorodesclorocetamina, talvolta indicata come 2-Fl-2\u2032-Oxo-PCM, Fluoroketamina e 2-FDCK, \u00e8 un anestetico dissociativo che pu\u00f2 essere acquistato online. Si tratta di una ketamina semplice in cui il fluoro \u00e8...<\/p>","protected":false},"featured_media":1609,"comment_status":"closed","ping_status":"closed","template":"","meta":{"_joinchat":[]},"product_cat":[186],"product_tag":[960,965,983,985,971,972,975,981,982,980,961,979,968,958,959,970,984,977,974,967,963,964,986,978,976,973,966,969,962],"class_list":{"0":"post-1105","1":"product","2":"type-product","3":"status-publish","4":"has-post-thumbnail","6":"product_cat-research-chemicals","7":"product_tag-2fdck-for-sale","8":"product_tag-2fdck-powder","9":"product_tag-2fdck-powder-for-cleaning","10":"product_tag-2fdck-powder-for-sale","11":"product_tag-2fdck-powder-online","12":"product_tag-2fdck-powder-price","13":"product_tag-2fdck-powder-store","14":"product_tag-2fdck-powder-use","15":"product_tag-2fdck-powder-wiki","16":"product_tag-2fdck-powder-worldwide","17":"product_tag-2fdck-supplier","18":"product_tag-best-cheap-price-2fdck-powder","19":"product_tag-best-place-to-buy-2fdck-powder","20":"product_tag-buy-2fdck","21":"product_tag-buy-2fdck-online","22":"product_tag-buy-2fdck-powder-legally","23":"product_tag-buy-2fdck-powder-online","24":"product_tag-cheap-2fdck-powders","25":"product_tag-high-quality-2fdck-powder","26":"product_tag-how-to-buy-2fdck-powder","27":"product_tag-order-2fdck","28":"product_tag-order-2fdck-online","29":"product_tag-order-2fdck-powder","30":"product_tag-purcharse-2fdck-powder-powder","31":"product_tag-shop-2fdck-powder","32":"product_tag-top-quality-2fdck-powder","33":"product_tag-where-to-buy-2fdck-powder","34":"product_tag-where-to-order-2fdck-powder","35":"product_tag-wholesale-2fdck-bulk-online","37":"first","38":"instock","39":"shipping-taxable","40":"purchasable","41":"product-type-variable","42":"has-default-attributes"},"yoast_head":"<!-- This site is optimized with the Yoast SEO plugin v24.1 - https:\/\/yoast.com\/wordpress\/plugins\/seo\/ -->\n<title>2FDCK for Sale - Buy 2FDCK Powder Online | NembutalHouse<\/title>\n<meta name=\"description\" content=\"Explore our online store for 2fdck for sale, offering high-quality 2fdck powder. Buy 2fdckonline securely and embark on your research journey with confidence.\" \/>\n<meta name=\"robots\" content=\"index, follow, max-snippet:-1, max-image-preview:large, max-video-preview:-1\" \/>\n<link rel=\"canonical\" href=\"https:\/\/nembutalhouse.com\/it\/prodotto\/acquistare-2fdck-online\/\" \/>\n<meta property=\"og:locale\" content=\"it_IT\" \/>\n<meta property=\"og:type\" content=\"article\" \/>\n<meta property=\"og:title\" content=\"2FDCK for Sale - Buy 2FDCK Powder Online | NembutalHouse\" \/>\n<meta property=\"og:description\" content=\"Explore our online store for 2fdck for sale, offering high-quality 2fdck powder. Buy 2fdckonline securely and embark on your research journey with confidence.\" \/>\n<meta property=\"og:url\" content=\"https:\/\/nembutalhouse.com\/it\/prodotto\/acquistare-2fdck-online\/\" \/>\n<meta property=\"og:site_name\" content=\"Nembutal House\" \/>\n<meta property=\"article:modified_time\" content=\"2026-03-06T07:02:23+00:00\" \/>\n<meta property=\"og:image\" content=\"https:\/\/nembutalhouse.com\/wp-content\/uploads\/2024\/10\/2fdck-1.gif\" \/>\n\t<meta property=\"og:image:width\" content=\"600\" \/>\n\t<meta property=\"og:image:height\" content=\"600\" \/>\n\t<meta property=\"og:image:type\" content=\"image\/gif\" \/>\n<meta name=\"twitter:card\" content=\"summary_large_image\" \/>\n<meta name=\"twitter:label1\" content=\"Tempo di lettura stimato\" \/>\n\t<meta name=\"twitter:data1\" content=\"3 minuti\" \/>\n<script type=\"application\/ld+json\" class=\"yoast-schema-graph\">{\"@context\":\"https:\/\/schema.org\",\"@graph\":[{\"@type\":\"WebPage\",\"@id\":\"https:\/\/nembutalhouse.com\/product\/buy-2fdck-online\/\",\"url\":\"https:\/\/nembutalhouse.com\/product\/buy-2fdck-online\/\",\"name\":\"2FDCK for Sale - Buy 2FDCK Powder Online | NembutalHouse\",\"isPartOf\":{\"@id\":\"https:\/\/nembutalhouse.com\/#website\"},\"primaryImageOfPage\":{\"@id\":\"https:\/\/nembutalhouse.com\/product\/buy-2fdck-online\/#primaryimage\"},\"image\":{\"@id\":\"https:\/\/nembutalhouse.com\/product\/buy-2fdck-online\/#primaryimage\"},\"thumbnailUrl\":\"https:\/\/nembutalhouse.com\/wp-content\/uploads\/2024\/10\/2fdck-1.gif\",\"datePublished\":\"2024-10-16T11:47:47+00:00\",\"dateModified\":\"2026-03-06T07:02:23+00:00\",\"description\":\"Explore our online store for 2fdck for sale, offering high-quality 2fdck powder. Buy 2fdckonline securely and embark on your research journey with confidence.\",\"breadcrumb\":{\"@id\":\"https:\/\/nembutalhouse.com\/product\/buy-2fdck-online\/#breadcrumb\"},\"inLanguage\":\"it-IT\",\"potentialAction\":[{\"@type\":\"ReadAction\",\"target\":[\"https:\/\/nembutalhouse.com\/product\/buy-2fdck-online\/\"]}]},{\"@type\":\"ImageObject\",\"inLanguage\":\"it-IT\",\"@id\":\"https:\/\/nembutalhouse.com\/product\/buy-2fdck-online\/#primaryimage\",\"url\":\"https:\/\/nembutalhouse.com\/wp-content\/uploads\/2024\/10\/2fdck-1.gif\",\"contentUrl\":\"https:\/\/nembutalhouse.com\/wp-content\/uploads\/2024\/10\/2fdck-1.gif\",\"width\":600,\"height\":600,\"caption\":\"Buy 2fdck Online\"},{\"@type\":\"BreadcrumbList\",\"@id\":\"https:\/\/nembutalhouse.com\/product\/buy-2fdck-online\/#breadcrumb\",\"itemListElement\":[{\"@type\":\"ListItem\",\"position\":1,\"name\":\"Home\",\"item\":\"https:\/\/nembutalhouse.com\/\"},{\"@type\":\"ListItem\",\"position\":2,\"name\":\"Shop\",\"item\":\"https:\/\/nembutalhouse.com\/shop\/\"},{\"@type\":\"ListItem\",\"position\":3,\"name\":\"Buy 2fdck Online\"}]},{\"@type\":\"WebSite\",\"@id\":\"https:\/\/nembutalhouse.com\/#website\",\"url\":\"https:\/\/nembutalhouse.com\/\",\"name\":\"Nembutal House\",\"description\":\"Best Nembutal Online Store\",\"publisher\":{\"@id\":\"https:\/\/nembutalhouse.com\/#organization\"},\"potentialAction\":[{\"@type\":\"SearchAction\",\"target\":{\"@type\":\"EntryPoint\",\"urlTemplate\":\"https:\/\/nembutalhouse.com\/?s={search_term_string}\"},\"query-input\":{\"@type\":\"PropertyValueSpecification\",\"valueRequired\":true,\"valueName\":\"search_term_string\"}}],\"inLanguage\":\"it-IT\"},{\"@type\":\"Organization\",\"@id\":\"https:\/\/nembutalhouse.com\/#organization\",\"name\":\"Nembutal House\",\"url\":\"https:\/\/nembutalhouse.com\/\",\"logo\":{\"@type\":\"ImageObject\",\"inLanguage\":\"it-IT\",\"@id\":\"https:\/\/nembutalhouse.com\/#\/schema\/logo\/image\/\",\"url\":\"https:\/\/nembutalhouse.com\/wp-content\/uploads\/2022\/12\/logo.png\",\"contentUrl\":\"https:\/\/nembutalhouse.com\/wp-content\/uploads\/2022\/12\/logo.png\",\"width\":344,\"height\":103,\"caption\":\"Nembutal House\"},\"image\":{\"@id\":\"https:\/\/nembutalhouse.com\/#\/schema\/logo\/image\/\"}}]}<\/script>\n<!-- \/ Yoast SEO plugin. -->","yoast_head_json":{"title":"2FDCK for Sale - Buy 2FDCK Powder Online | NembutalHouse","description":"Explore our online store for 2fdck for sale, offering high-quality 2fdck powder. Buy 2fdckonline securely and embark on your research journey with confidence.","robots":{"index":"index","follow":"follow","max-snippet":"max-snippet:-1","max-image-preview":"max-image-preview:large","max-video-preview":"max-video-preview:-1"},"canonical":"https:\/\/nembutalhouse.com\/it\/prodotto\/acquistare-2fdck-online\/","og_locale":"it_IT","og_type":"article","og_title":"2FDCK for Sale - Buy 2FDCK Powder Online | NembutalHouse","og_description":"Explore our online store for 2fdck for sale, offering high-quality 2fdck powder. Buy 2fdckonline securely and embark on your research journey with confidence.","og_url":"https:\/\/nembutalhouse.com\/it\/prodotto\/acquistare-2fdck-online\/","og_site_name":"Nembutal House","article_modified_time":"2026-03-06T07:02:23+00:00","og_image":[{"width":600,"height":600,"url":"https:\/\/nembutalhouse.com\/wp-content\/uploads\/2024\/10\/2fdck-1.gif","type":"image\/gif"}],"twitter_card":"summary_large_image","twitter_misc":{"Tempo di lettura stimato":"3 minuti"},"schema":{"@context":"https:\/\/schema.org","@graph":[{"@type":"WebPage","@id":"https:\/\/nembutalhouse.com\/product\/buy-2fdck-online\/","url":"https:\/\/nembutalhouse.com\/product\/buy-2fdck-online\/","name":"2FDCK for Sale - Buy 2FDCK Powder Online | NembutalHouse","isPartOf":{"@id":"https:\/\/nembutalhouse.com\/#website"},"primaryImageOfPage":{"@id":"https:\/\/nembutalhouse.com\/product\/buy-2fdck-online\/#primaryimage"},"image":{"@id":"https:\/\/nembutalhouse.com\/product\/buy-2fdck-online\/#primaryimage"},"thumbnailUrl":"https:\/\/nembutalhouse.com\/wp-content\/uploads\/2024\/10\/2fdck-1.gif","datePublished":"2024-10-16T11:47:47+00:00","dateModified":"2026-03-06T07:02:23+00:00","description":"Explore our online store for 2fdck for sale, offering high-quality 2fdck powder. Buy 2fdckonline securely and embark on your research journey with confidence.","breadcrumb":{"@id":"https:\/\/nembutalhouse.com\/product\/buy-2fdck-online\/#breadcrumb"},"inLanguage":"it-IT","potentialAction":[{"@type":"ReadAction","target":["https:\/\/nembutalhouse.com\/product\/buy-2fdck-online\/"]}]},{"@type":"ImageObject","inLanguage":"it-IT","@id":"https:\/\/nembutalhouse.com\/product\/buy-2fdck-online\/#primaryimage","url":"https:\/\/nembutalhouse.com\/wp-content\/uploads\/2024\/10\/2fdck-1.gif","contentUrl":"https:\/\/nembutalhouse.com\/wp-content\/uploads\/2024\/10\/2fdck-1.gif","width":600,"height":600,"caption":"Buy 2fdck Online"},{"@type":"BreadcrumbList","@id":"https:\/\/nembutalhouse.com\/product\/buy-2fdck-online\/#breadcrumb","itemListElement":[{"@type":"ListItem","position":1,"name":"Home","item":"https:\/\/nembutalhouse.com\/"},{"@type":"ListItem","position":2,"name":"Shop","item":"https:\/\/nembutalhouse.com\/shop\/"},{"@type":"ListItem","position":3,"name":"Buy 2fdck Online"}]},{"@type":"WebSite","@id":"https:\/\/nembutalhouse.com\/#website","url":"https:\/\/nembutalhouse.com\/","name":"Nembutal House","description":"Best Nembutal Online Store","publisher":{"@id":"https:\/\/nembutalhouse.com\/#organization"},"potentialAction":[{"@type":"SearchAction","target":{"@type":"EntryPoint","urlTemplate":"https:\/\/nembutalhouse.com\/?s={search_term_string}"},"query-input":{"@type":"PropertyValueSpecification","valueRequired":true,"valueName":"search_term_string"}}],"inLanguage":"it-IT"},{"@type":"Organization","@id":"https:\/\/nembutalhouse.com\/#organization","name":"Nembutal House","url":"https:\/\/nembutalhouse.com\/","logo":{"@type":"ImageObject","inLanguage":"it-IT","@id":"https:\/\/nembutalhouse.com\/#\/schema\/logo\/image\/","url":"https:\/\/nembutalhouse.com\/wp-content\/uploads\/2022\/12\/logo.png","contentUrl":"https:\/\/nembutalhouse.com\/wp-content\/uploads\/2022\/12\/logo.png","width":344,"height":103,"caption":"Nembutal House"},"image":{"@id":"https:\/\/nembutalhouse.com\/#\/schema\/logo\/image\/"}}]}},"_links":{"self":[{"href":"https:\/\/nembutalhouse.com\/it\/wp-json\/wp\/v2\/product\/1105","targetHints":{"allow":["GET"]}}],"collection":[{"href":"https:\/\/nembutalhouse.com\/it\/wp-json\/wp\/v2\/product"}],"about":[{"href":"https:\/\/nembutalhouse.com\/it\/wp-json\/wp\/v2\/types\/product"}],"replies":[{"embeddable":true,"href":"https:\/\/nembutalhouse.com\/it\/wp-json\/wp\/v2\/comments?post=1105"}],"wp:featuredmedia":[{"embeddable":true,"href":"https:\/\/nembutalhouse.com\/it\/wp-json\/wp\/v2\/media\/1609"}],"wp:attachment":[{"href":"https:\/\/nembutalhouse.com\/it\/wp-json\/wp\/v2\/media?parent=1105"}],"wp:term":[{"taxonomy":"product_cat","embeddable":true,"href":"https:\/\/nembutalhouse.com\/it\/wp-json\/wp\/v2\/product_cat?post=1105"},{"taxonomy":"product_tag","embeddable":true,"href":"https:\/\/nembutalhouse.com\/it\/wp-json\/wp\/v2\/product_tag?post=1105"}],"curies":[{"name":"wp","href":"https:\/\/api.w.org\/{rel}","templated":true}]}}