{"id":91,"date":"2022-12-14T06:49:39","date_gmt":"2022-12-14T06:49:39","guid":{"rendered":"https:\/\/nembutalhouse.com\/?page_id=91"},"modified":"2022-12-14T07:00:36","modified_gmt":"2022-12-14T07:00:36","slug":"about-us","status":"publish","type":"page","link":"https:\/\/nembutalhouse.com\/it\/chi-siamo\/","title":{"rendered":"Chi siamo"},"content":{"rendered":"<div data-elementor-type=\"wp-page\" data-elementor-id=\"91\" class=\"elementor elementor-91\">\n\t\t\t\t\t\t<section class=\"elementor-section elementor-top-section elementor-element elementor-element-20ba00c elementor-section-boxed elementor-section-height-default elementor-section-height-default\" data-id=\"20ba00c\" data-element_type=\"section\">\n\t\t\t\t\t\t<div class=\"elementor-container elementor-column-gap-default\">\n\t\t\t\t\t<div class=\"elementor-column elementor-col-100 elementor-top-column elementor-element elementor-element-16a6bc4\" data-id=\"16a6bc4\" data-element_type=\"column\">\n\t\t\t<div class=\"elementor-widget-wrap elementor-element-populated\">\n\t\t\t\t\t\t<div class=\"elementor-element elementor-element-436affe elementor-widget elementor-widget-heading\" data-id=\"436affe\" data-element_type=\"widget\" data-widget_type=\"heading.default\">\n\t\t\t\t<div class=\"elementor-widget-container\">\n\t\t\t\t\t<h2 class=\"elementor-heading-title elementor-size-default\">Chi siamo per Nembutal in vendita<\/h2>\t\t\t\t<\/div>\n\t\t\t\t<\/div>\n\t\t\t\t<div class=\"elementor-element elementor-element-53ece00 elementor-widget elementor-widget-text-editor\" data-id=\"53ece00\" data-element_type=\"widget\" data-widget_type=\"text-editor.default\">\n\t\t\t\t<div class=\"elementor-widget-container\">\n\t\t\t\t\t\t\t\t\t<p>Abbiamo un team ben organizzato pronto e disponibile in qualsiasi momento per rispondere alla tua richiesta. Non hai bisogno di una prescrizione. I nostri prezzi sono moderati. I nostri servizi di imballaggio e consegna sono rapidi, economici, discreti e altamente sicuri. Siamo la migliore fonte di informazioni sanitarie e fornitori farmaceutici certificati PCCA a portata di mano.<\/p>\t\t\t\t\t\t\t\t<\/div>\n\t\t\t\t<\/div>\n\t\t\t\t<section class=\"elementor-section elementor-inner-section elementor-element elementor-element-4c4d2a0 elementor-section-boxed elementor-section-height-default elementor-section-height-default\" data-id=\"4c4d2a0\" data-element_type=\"section\">\n\t\t\t\t\t\t<div class=\"elementor-container elementor-column-gap-default\">\n\t\t\t\t\t<div class=\"elementor-column elementor-col-50 elementor-inner-column elementor-element elementor-element-5941eec\" data-id=\"5941eec\" data-element_type=\"column\">\n\t\t\t<div class=\"elementor-widget-wrap elementor-element-populated\">\n\t\t\t\t\t\t<div class=\"elementor-element elementor-element-8b9e898 elementor-widget elementor-widget-text-editor\" data-id=\"8b9e898\" data-element_type=\"widget\" data-widget_type=\"text-editor.default\">\n\t\t\t\t<div class=\"elementor-widget-container\">\n\t\t\t\t\t\t\t\t\t<p>La sicurezza del cliente \u00e8 la nostra massima priorit\u00e0. Trattiamo tutti i nostri clienti con riservatezza e sicurezza al 100%. Ci assicuriamo che tutte le spedizioni siano il pi\u00f9 discrete possibile. Quindi sentiti sicuro di effettuare un ordine ora con noi. Le informazioni che forniamo sono solo a scopo di riferimento e non intendiamo sostituire il parere professionale fornito da un professionista medico.<\/p><p>Aspiriamo a migliorare la sicurezza dei consumatori in modo che tu non abbia solo bisogno di una prescrizione. La nostra piattaforma \u00e8 progettata per aiutare i professionisti autorizzati a servire i loro pazienti in modo migliore. I nostri prezzi sono molto moderati. Siamo esperti nel servizio di consegna veloce, prezzo economico, discreto e altamente sicuro. La sicurezza del cliente \u00e8 la nostra massima priorit\u00e0.<\/p>\t\t\t\t\t\t\t\t<\/div>\n\t\t\t\t<\/div>\n\t\t\t\t\t<\/div>\n\t\t<\/div>\n\t\t\t\t<div class=\"elementor-column elementor-col-50 elementor-inner-column elementor-element elementor-element-6c25ab1\" data-id=\"6c25ab1\" data-element_type=\"column\">\n\t\t\t<div class=\"elementor-widget-wrap elementor-element-populated\">\n\t\t\t\t\t\t<div class=\"elementor-element elementor-element-f2dab8a elementor-widget elementor-widget-text-editor\" data-id=\"f2dab8a\" data-element_type=\"widget\" data-widget_type=\"text-editor.default\">\n\t\t\t\t<div class=\"elementor-widget-container\">\n\t\t\t\t\t\t\t\t\t<p>Per questo motivo, NembutalHouse \u00e8 un negozio online che promette di consegnare i prodotti farmaceutici della massima qualit\u00e0 a casa tua il prima possibile dopo aver classificato i farmaci in base al dosaggio. Mentre Nembutal Store, apprezziamo la qualit\u00e0 del prodotto per assicurarci che tu sia soddisfatto Poich\u00e9 la tua soddisfazione \u00e8 la nostra massima priorit\u00e0, troverai Nembutal da acquistare in varie forme nel nostro negozio, come il Nembutal liquido, le pillole di Nembutal e la polvere di Nembutal in Spagna, Canada e Australia. Tuttavia, questo \u00e8 il posto migliore per trovare il miglior Nembutal al prezzo pi\u00f9 conveniente senza prescrizione medica. Quindi il prezzo del prodotto sar\u00e0 quello indicato sul nostro sito web.<\/p>\t\t\t\t\t\t\t\t<\/div>\n\t\t\t\t<\/div>\n\t\t\t\t\t<\/div>\n\t\t<\/div>\n\t\t\t\t\t<\/div>\n\t\t<\/section>\n\t\t\t\t<section class=\"elementor-section elementor-inner-section elementor-element elementor-element-09d2854 elementor-section-boxed elementor-section-height-default elementor-section-height-default\" data-id=\"09d2854\" data-element_type=\"section\">\n\t\t\t\t\t\t<div class=\"elementor-container elementor-column-gap-default\">\n\t\t\t\t\t<div class=\"elementor-column elementor-col-100 elementor-inner-column elementor-element elementor-element-775372c\" data-id=\"775372c\" data-element_type=\"column\">\n\t\t\t<div class=\"elementor-widget-wrap elementor-element-populated\">\n\t\t\t\t\t\t<div class=\"elementor-element elementor-element-3ddf45b elementor-widget elementor-widget-text-editor\" data-id=\"3ddf45b\" data-element_type=\"widget\" data-widget_type=\"text-editor.default\">\n\t\t\t\t<div class=\"elementor-widget-container\">\n\t\t\t\t\t\t\t\t\t<p>Tutti i nostri clienti con riservatezza e sicurezza al 100%, assicuriamo che tutte le spedizioni arrivino a destinazione in sicurezza. Abbiamo un team ben organizzato pronto e disponibile in qualsiasi momento per rispondere alla tua richiesta. Non hai bisogno di una prescrizione. La nostra piattaforma \u00e8 inoltre progettata per aiutare i professionisti autorizzati a servire i pazienti in modo migliore.<\/p>\t\t\t\t\t\t\t\t<\/div>\n\t\t\t\t<\/div>\n\t\t\t\t<div class=\"elementor-element elementor-element-d81c0c1 elementor-widget elementor-widget-text-editor\" data-id=\"d81c0c1\" data-element_type=\"widget\" data-widget_type=\"text-editor.default\">\n\t\t\t\t<div class=\"elementor-widget-container\">\n\t\t\t\t\t\t\t\t\t<p><strong>Politica sulla riservatezza:<\/strong><\/p><p>Prima di tutto, ci assicuriamo che tutti i tuoi dati siano mantenuti privati su un server sicuro. Le tue informazioni possono essere utilizzate esclusivamente per informarti di offerte o modifiche alle nostre politiche.<\/p><p><strong>Politica di spedizione e consegna:<\/strong><\/p><p>In secondo luogo, il processo di consegna inizia non appena si invia l'ordine. Facciamo ogni sforzo per spedire gli ordini il pi\u00f9 rapidamente possibile. Se risiedi all'interno della nazione, il prodotto verr\u00e0 consegnato a casa tua entro 2 o 3 giorni. Al di fuori della nazione, ci vorranno un massimo di 3 o 4 giorni.<\/p><p><strong>Politica di ritorno:<\/strong><\/p><p>Offriamo una politica di restituzione per la tua completa comodit\u00e0. Se hai una buona causa per non essere soddisfatto dell'acquisto, hai cinque giorni di tempo per restituire l'articolo. Puoi effettuare un reso entro cinque giorni solo contattando il nostro servizio clienti e richiedendo l'autorizzazione utilizzando il nostro modulo di reso clienti.<\/p>\t\t\t\t\t\t\t\t<\/div>\n\t\t\t\t<\/div>\n\t\t\t\t\t<\/div>\n\t\t<\/div>\n\t\t\t\t\t<\/div>\n\t\t<\/section>\n\t\t\t\t\t<\/div>\n\t\t<\/div>\n\t\t\t\t\t<\/div>\n\t\t<\/section>\n\t\t\t\t<\/div>","protected":false},"excerpt":{"rendered":"<p>About us for Nembutal for Sale We have a well-organized team ready and available at any time to answer your request. You don&#8217;t need a prescription. Our prices are moderate.&hellip;<\/p>","protected":false},"author":1,"featured_media":0,"parent":0,"menu_order":0,"comment_status":"closed","ping_status":"closed","template":"page-templates\/template-sinatra-fullwidth.php","meta":{"_joinchat":[],"footnotes":""},"class_list":["post-91","page","type-page","status-publish","hentry"],"yoast_head":"<!-- This site is optimized with the Yoast SEO plugin v24.1 - https:\/\/yoast.com\/wordpress\/plugins\/seo\/ -->\n<title>About us | Nembutal House<\/title>\n<meta name=\"robots\" content=\"index, follow, max-snippet:-1, max-image-preview:large, max-video-preview:-1\" \/>\n<link rel=\"canonical\" href=\"https:\/\/nembutalhouse.com\/it\/chi-siamo\/\" \/>\n<meta property=\"og:locale\" content=\"it_IT\" \/>\n<meta property=\"og:type\" content=\"article\" \/>\n<meta property=\"og:title\" content=\"About us | Nembutal House\" \/>\n<meta property=\"og:description\" content=\"About us for Nembutal for Sale We have a well-organized team ready and available at any time to answer your request. You don&#8217;t need a prescription. Our prices are moderate.&hellip;\" \/>\n<meta property=\"og:url\" content=\"https:\/\/nembutalhouse.com\/it\/chi-siamo\/\" \/>\n<meta property=\"og:site_name\" content=\"Nembutal House\" \/>\n<meta property=\"article:modified_time\" content=\"2022-12-14T07:00:36+00:00\" \/>\n<meta name=\"twitter:card\" content=\"summary_large_image\" \/>\n<meta name=\"twitter:label1\" content=\"Tempo di lettura stimato\" \/>\n\t<meta name=\"twitter:data1\" content=\"2 minuti\" \/>\n<script type=\"application\/ld+json\" class=\"yoast-schema-graph\">{\"@context\":\"https:\/\/schema.org\",\"@graph\":[{\"@type\":\"WebPage\",\"@id\":\"https:\/\/nembutalhouse.com\/about-us\/\",\"url\":\"https:\/\/nembutalhouse.com\/about-us\/\",\"name\":\"About us | Nembutal House\",\"isPartOf\":{\"@id\":\"https:\/\/nembutalhouse.com\/#website\"},\"datePublished\":\"2022-12-14T06:49:39+00:00\",\"dateModified\":\"2022-12-14T07:00:36+00:00\",\"breadcrumb\":{\"@id\":\"https:\/\/nembutalhouse.com\/about-us\/#breadcrumb\"},\"inLanguage\":\"it-IT\",\"potentialAction\":[{\"@type\":\"ReadAction\",\"target\":[\"https:\/\/nembutalhouse.com\/about-us\/\"]}]},{\"@type\":\"BreadcrumbList\",\"@id\":\"https:\/\/nembutalhouse.com\/about-us\/#breadcrumb\",\"itemListElement\":[{\"@type\":\"ListItem\",\"position\":1,\"name\":\"Home\",\"item\":\"https:\/\/nembutalhouse.com\/\"},{\"@type\":\"ListItem\",\"position\":2,\"name\":\"About us\"}]},{\"@type\":\"WebSite\",\"@id\":\"https:\/\/nembutalhouse.com\/#website\",\"url\":\"https:\/\/nembutalhouse.com\/\",\"name\":\"Nembutal House\",\"description\":\"Best Nembutal Online Store\",\"publisher\":{\"@id\":\"https:\/\/nembutalhouse.com\/#organization\"},\"potentialAction\":[{\"@type\":\"SearchAction\",\"target\":{\"@type\":\"EntryPoint\",\"urlTemplate\":\"https:\/\/nembutalhouse.com\/?s={search_term_string}\"},\"query-input\":{\"@type\":\"PropertyValueSpecification\",\"valueRequired\":true,\"valueName\":\"search_term_string\"}}],\"inLanguage\":\"it-IT\"},{\"@type\":\"Organization\",\"@id\":\"https:\/\/nembutalhouse.com\/#organization\",\"name\":\"Nembutal House\",\"url\":\"https:\/\/nembutalhouse.com\/\",\"logo\":{\"@type\":\"ImageObject\",\"inLanguage\":\"it-IT\",\"@id\":\"https:\/\/nembutalhouse.com\/#\/schema\/logo\/image\/\",\"url\":\"https:\/\/nembutalhouse.com\/wp-content\/uploads\/2022\/12\/logo.png\",\"contentUrl\":\"https:\/\/nembutalhouse.com\/wp-content\/uploads\/2022\/12\/logo.png\",\"width\":344,\"height\":103,\"caption\":\"Nembutal House\"},\"image\":{\"@id\":\"https:\/\/nembutalhouse.com\/#\/schema\/logo\/image\/\"}}]}<\/script>\n<!-- \/ Yoast SEO plugin. -->","yoast_head_json":{"title":"About us | Nembutal House","robots":{"index":"index","follow":"follow","max-snippet":"max-snippet:-1","max-image-preview":"max-image-preview:large","max-video-preview":"max-video-preview:-1"},"canonical":"https:\/\/nembutalhouse.com\/it\/chi-siamo\/","og_locale":"it_IT","og_type":"article","og_title":"About us | Nembutal House","og_description":"About us for Nembutal for Sale We have a well-organized team ready and available at any time to answer your request. You don&#8217;t need a prescription. Our prices are moderate.&hellip;","og_url":"https:\/\/nembutalhouse.com\/it\/chi-siamo\/","og_site_name":"Nembutal House","article_modified_time":"2022-12-14T07:00:36+00:00","twitter_card":"summary_large_image","twitter_misc":{"Tempo di lettura stimato":"2 minuti"},"schema":{"@context":"https:\/\/schema.org","@graph":[{"@type":"WebPage","@id":"https:\/\/nembutalhouse.com\/about-us\/","url":"https:\/\/nembutalhouse.com\/about-us\/","name":"About us | Nembutal House","isPartOf":{"@id":"https:\/\/nembutalhouse.com\/#website"},"datePublished":"2022-12-14T06:49:39+00:00","dateModified":"2022-12-14T07:00:36+00:00","breadcrumb":{"@id":"https:\/\/nembutalhouse.com\/about-us\/#breadcrumb"},"inLanguage":"it-IT","potentialAction":[{"@type":"ReadAction","target":["https:\/\/nembutalhouse.com\/about-us\/"]}]},{"@type":"BreadcrumbList","@id":"https:\/\/nembutalhouse.com\/about-us\/#breadcrumb","itemListElement":[{"@type":"ListItem","position":1,"name":"Home","item":"https:\/\/nembutalhouse.com\/"},{"@type":"ListItem","position":2,"name":"About us"}]},{"@type":"WebSite","@id":"https:\/\/nembutalhouse.com\/#website","url":"https:\/\/nembutalhouse.com\/","name":"Nembutal House","description":"Best Nembutal Online Store","publisher":{"@id":"https:\/\/nembutalhouse.com\/#organization"},"potentialAction":[{"@type":"SearchAction","target":{"@type":"EntryPoint","urlTemplate":"https:\/\/nembutalhouse.com\/?s={search_term_string}"},"query-input":{"@type":"PropertyValueSpecification","valueRequired":true,"valueName":"search_term_string"}}],"inLanguage":"it-IT"},{"@type":"Organization","@id":"https:\/\/nembutalhouse.com\/#organization","name":"Nembutal House","url":"https:\/\/nembutalhouse.com\/","logo":{"@type":"ImageObject","inLanguage":"it-IT","@id":"https:\/\/nembutalhouse.com\/#\/schema\/logo\/image\/","url":"https:\/\/nembutalhouse.com\/wp-content\/uploads\/2022\/12\/logo.png","contentUrl":"https:\/\/nembutalhouse.com\/wp-content\/uploads\/2022\/12\/logo.png","width":344,"height":103,"caption":"Nembutal House"},"image":{"@id":"https:\/\/nembutalhouse.com\/#\/schema\/logo\/image\/"}}]}},"_links":{"self":[{"href":"https:\/\/nembutalhouse.com\/it\/wp-json\/wp\/v2\/pages\/91","targetHints":{"allow":["GET"]}}],"collection":[{"href":"https:\/\/nembutalhouse.com\/it\/wp-json\/wp\/v2\/pages"}],"about":[{"href":"https:\/\/nembutalhouse.com\/it\/wp-json\/wp\/v2\/types\/page"}],"author":[{"embeddable":true,"href":"https:\/\/nembutalhouse.com\/it\/wp-json\/wp\/v2\/users\/1"}],"replies":[{"embeddable":true,"href":"https:\/\/nembutalhouse.com\/it\/wp-json\/wp\/v2\/comments?post=91"}],"version-history":[{"count":0,"href":"https:\/\/nembutalhouse.com\/it\/wp-json\/wp\/v2\/pages\/91\/revisions"}],"wp:attachment":[{"href":"https:\/\/nembutalhouse.com\/it\/wp-json\/wp\/v2\/media?parent=91"}],"curies":[{"name":"wp","href":"https:\/\/api.w.org\/{rel}","templated":true}]}}