{"id":577,"date":"2024-10-16T05:27:46","date_gmt":"2024-10-16T05:27:46","guid":{"rendered":"https:\/\/nembutalhouse.com\/?post_type=product&#038;p=577"},"modified":"2026-03-06T07:35:56","modified_gmt":"2026-03-06T07:35:56","slug":"buy-5f-adb-online","status":"publish","type":"product","link":"https:\/\/nembutalhouse.com\/hu\/termek\/buy-5f-adb-online\/","title":{"rendered":"Buy 5F-ADB Online"},"content":{"rendered":"<h2>Buy 5F-ADB Online<\/h2>\n<p><a href=\"https:\/\/nembutalhouse.com\/hu\/termek\/buy-5f-adb-online\/\">5F-ADB<\/a> megv\u00e1s\u00e1rolhat\u00f3. Ez egy amino-alkilindazol szerkezet\u0171 szintetikus kannabinoid receptor agonista (SCRA), amely a kannabisz alternat\u00edvak\u00e9nt forgalmazott \u00e1ruk akt\u00edv \u00f6sszetev\u0151je. Az 5F-ADB-nek nincs elismert gy\u00f3gy\u00e1szati vagy ter\u00e1pi\u00e1s felhaszn\u00e1l\u00e1sa. Sz\u00e1mos helyen vissza\u00e9lnek vele, \u00e9s nem orvosi c\u00e9lokra haszn\u00e1lj\u00e1k. Ezenk\u00edv\u00fcl egyes nemzetek \u00e1llamos\u00edtott\u00e1k az 5F-ADB-t. Az 5F-ADB f\u00fcst\u00f6lve ut\u00e1nozza a \u03949-tetrahidrokannabinol (THC) hat\u00e1s\u00e1t. A THC-vel \u00f6sszehasonl\u00edtva kisebb d\u00f3zisokra van sz\u00fcks\u00e9g e hat\u00e1sok el\u00e9r\u00e9s\u00e9hez. A kannabiszhaszn\u00e1lattal kapcsolatos sz\u00e1mos vesz\u00e9ly az 5F-ADB-re is vonatkozik, bele\u00e9rtve az akut pszich\u00f3zis kialakul\u00e1s\u00e1nak lehet\u0151s\u00e9g\u00e9t \u00e9s a sz\u00edv- \u00e9s \u00e9rrendszeri rendelleness\u00e9gekben szenved\u0151kn\u00e9l jelentkez\u0151 probl\u00e9m\u00e1kat. Az 5F-ADB megv\u00e1s\u00e1rolhat\u00f3<br \/>\nAz 5F-adb m\u00faltj\u00e1nak \u00e1ttekint\u00e9se<\/p>\n<p>Az 5F-ADB, amelyet gyakran 5F-MDMB-PINACA n\u00e9ven eml\u00edtenek, egy szintetikus kannabinoid, amely indazolb\u00f3l sz\u00e1rmazik \u00e9s az indazol-3-karboxamid csal\u00e1dba tartozik. Az interneten diz\u00e1jnerdrogk\u00e9nt forgalmazz\u00e1k, \u00e9s szintetikus kannabiszterm\u00e9kek akt\u00edv \u00f6sszetev\u0151jek\u00e9nt haszn\u00e1lj\u00e1k. Az 5F-ADB-t el\u0151sz\u00f6r 2014 november\u00e9ben fedezt\u00e9k fel egy olyan elhunyt szem\u00e9ly boncol\u00e1si mint\u00e1iban, aki olyan term\u00e9ket haszn\u00e1lt, amely ezt az anyagot tartalmazta. A vizsg\u00e1latokat k\u00f6vet\u0151en kider\u00fclt, hogy az 5F-ADB-t 10 olyan szem\u00e9lyben tal\u00e1lt\u00e1k meg, akik 2014 szeptembere \u00e9s 2014 decembere k\u00f6z\u00f6tt hunytak el Jap\u00e1nban, egyel\u0151re ismeretlen k\u00e1b\u00edt\u00f3szer-t\u00faladagol\u00e1sban. A sz\u00f6vetmint\u00e1kban tal\u00e1lt hihetetlen\u00fcl alacsony szintek alapj\u00e1n az 5F-ADB hihetetlen\u00fcl er\u0151snek tekinthet\u0151. \u00dagy t\u0171nik, hogy sokkal vesz\u00e9lyesebb is, mint a kor\u00e1bban forgalomba hozott kor\u00e1bbi szintetikus kannabinoid gy\u00f3gyszerek. Az 5F-ADB megv\u00e1s\u00e1rolhat\u00f3. A gy\u00f3gyszer profilja <a href=\"https:\/\/nembutalhouse.com\/hu\/\">NembutalHouse<\/a>.<\/p>\n<h3>A WHO megvizsg\u00e1lja az 5f-adb m\u00faltj\u00e1t<\/h3>\n<p>Soha nem k\u00e9sz\u00fclt el\u0151zetes vagy kritikai \u00e9rt\u00e9kel\u00e9s a <a href=\"https:\/\/en.wikipedia.org\/wiki\/5F-ADB\">5F-ADB<\/a>. A WHO tudom\u00e1s\u00e1ra jutott inform\u00e1ci\u00f3k alapj\u00e1n k\u00f6zvetlen kritikai fel\u00fclvizsg\u00e1lat javasolt. Ennek oka, hogy az 5F-ADB-t titokban \u00e1ll\u00edtj\u00e1k el\u0151, k\u00fcl\u00f6n\u00f6sen komoly kock\u00e1zatot jelent a t\u00e1rsadalomra \u00e9s a k\u00f6zeg\u00e9szs\u00e9g\u00fcgyre, \u00e9s egyik f\u00e9l szerint sincs elismert ter\u00e1pi\u00e1s c\u00e9lja. A k\u00fcl\u00f6nb\u00f6z\u0151 orsz\u00e1gokb\u00f3l \u00e9s a szakirodalomb\u00f3l \u00f6sszegy\u0171jt\u00f6tt el\u0151zetes adatok azt sugallt\u00e1k, hogy ennek a gy\u00f3gyszernek nincs ismert gy\u00f3gy\u00e1szati \u00e9rt\u00e9ke, \u00e9s s\u00falyos k\u00e1rokat okozhat. 5F-ADB megv\u00e1s\u00e1rolhat\u00f3<\/p>\n<p>&nbsp;<\/p>\n<p>&nbsp;<\/p>","protected":false},"excerpt":{"rendered":"<p>Buy 5F-ADB Online 5F-ADB available for purchase. It is an amino alkylindazole-structured synthetic cannabinoid receptor agonist (SCRA) that is an active component of goods marketed as cannabis alternatives. There is&hellip;<\/p>","protected":false},"featured_media":590,"comment_status":"closed","ping_status":"closed","template":"","meta":{"_joinchat":[]},"product_cat":[186],"product_tag":[708,715,718,704,724,726,703,714,725,723,722,711,701,713,702,720,717,710,706,707,721,719,716,709,712,705],"class_list":{"0":"post-577","1":"product","2":"type-product","3":"status-publish","4":"has-post-thumbnail","6":"product_cat-research-chemicals","7":"product_tag-5f-adb-powder","8":"product_tag-5f-adb-price","9":"product_tag-5f-adb-store","10":"product_tag-5f-adb-supplier","11":"product_tag-5f-adb-use","12":"product_tag-5f-adbfor-cleaning","13":"product_tag-5f-adbfor-sale","14":"product_tag-5f-adbpowder-online","15":"product_tag-5f-adbwiki","16":"product_tag-5f-adbworldwide","17":"product_tag-best-cheap-price-5f-adb","18":"product_tag-best-place-to-buy-5f-adb","19":"product_tag-buy-5f-adb","20":"product_tag-buy-5f-adb-legally","21":"product_tag-buy-5f-adbonline","22":"product_tag-cheap-5f-adbs","23":"product_tag-high-quality-5f-adb","24":"product_tag-how-to-buy-5f-adb","25":"product_tag-order-5f-adb","26":"product_tag-order-5f-adb-online","27":"product_tag-purcharse-5f-adb-powder","28":"product_tag-shop-5f-adb","29":"product_tag-top-quality-5f-adb","30":"product_tag-where-to-buy-5f-adb","31":"product_tag-where-to-order-5f-adb","32":"product_tag-wholesale-5f-adb-bulk-online","34":"first","35":"instock","36":"shipping-taxable","37":"purchasable","38":"product-type-variable"},"yoast_head":"<!-- This site is optimized with the Yoast SEO plugin v24.1 - https:\/\/yoast.com\/wordpress\/plugins\/seo\/ -->\n<title>Buy 5F-ADB Online - 5F-ADB for Sale | NembutalHouse<\/title>\n<meta name=\"description\" content=\"Discover top-notch 5f-adb for sale at our online store - buy 5f-adb conveniently and securely to fuel your research. Explore and order 5f-adb online, advancing your scientific endeavors with ease. Order Now!\" \/>\n<meta name=\"robots\" content=\"index, follow, max-snippet:-1, max-image-preview:large, max-video-preview:-1\" \/>\n<link rel=\"canonical\" href=\"https:\/\/nembutalhouse.com\/hu\/termek\/buy-5f-adb-online\/\" \/>\n<meta property=\"og:locale\" content=\"hu_HU\" \/>\n<meta property=\"og:type\" content=\"article\" \/>\n<meta property=\"og:title\" content=\"Buy 5F-ADB Online - 5F-ADB for Sale | NembutalHouse\" \/>\n<meta property=\"og:description\" content=\"Discover top-notch 5f-adb for sale at our online store - buy 5f-adb conveniently and securely to fuel your research. Explore and order 5f-adb online, advancing your scientific endeavors with ease. Order Now!\" \/>\n<meta property=\"og:url\" content=\"https:\/\/nembutalhouse.com\/hu\/termek\/buy-5f-adb-online\/\" \/>\n<meta property=\"og:site_name\" content=\"Nembutal House\" \/>\n<meta property=\"article:modified_time\" content=\"2026-03-06T07:35:56+00:00\" \/>\n<meta property=\"og:image\" content=\"https:\/\/nembutalhouse.com\/wp-content\/uploads\/2024\/10\/5F-ADB.gif\" \/>\n\t<meta property=\"og:image:width\" content=\"600\" \/>\n\t<meta property=\"og:image:height\" content=\"600\" \/>\n\t<meta property=\"og:image:type\" content=\"image\/gif\" \/>\n<meta name=\"twitter:card\" content=\"summary_large_image\" \/>\n<meta name=\"twitter:label1\" content=\"Becs\u00fclt olvas\u00e1si id\u0151\" \/>\n\t<meta name=\"twitter:data1\" content=\"2 perc\" \/>\n<script type=\"application\/ld+json\" class=\"yoast-schema-graph\">{\"@context\":\"https:\/\/schema.org\",\"@graph\":[{\"@type\":\"WebPage\",\"@id\":\"https:\/\/nembutalhouse.com\/product\/buy-5f-adb-online\/\",\"url\":\"https:\/\/nembutalhouse.com\/product\/buy-5f-adb-online\/\",\"name\":\"Buy 5F-ADB Online - 5F-ADB for Sale | NembutalHouse\",\"isPartOf\":{\"@id\":\"https:\/\/nembutalhouse.com\/#website\"},\"primaryImageOfPage\":{\"@id\":\"https:\/\/nembutalhouse.com\/product\/buy-5f-adb-online\/#primaryimage\"},\"image\":{\"@id\":\"https:\/\/nembutalhouse.com\/product\/buy-5f-adb-online\/#primaryimage\"},\"thumbnailUrl\":\"https:\/\/nembutalhouse.com\/wp-content\/uploads\/2024\/10\/5F-ADB.gif\",\"datePublished\":\"2024-10-16T05:27:46+00:00\",\"dateModified\":\"2026-03-06T07:35:56+00:00\",\"description\":\"Discover top-notch 5f-adb for sale at our online store - buy 5f-adb conveniently and securely to fuel your research. Explore and order 5f-adb online, advancing your scientific endeavors with ease. Order Now!\",\"breadcrumb\":{\"@id\":\"https:\/\/nembutalhouse.com\/product\/buy-5f-adb-online\/#breadcrumb\"},\"inLanguage\":\"hu\",\"potentialAction\":[{\"@type\":\"ReadAction\",\"target\":[\"https:\/\/nembutalhouse.com\/product\/buy-5f-adb-online\/\"]}]},{\"@type\":\"ImageObject\",\"inLanguage\":\"hu\",\"@id\":\"https:\/\/nembutalhouse.com\/product\/buy-5f-adb-online\/#primaryimage\",\"url\":\"https:\/\/nembutalhouse.com\/wp-content\/uploads\/2024\/10\/5F-ADB.gif\",\"contentUrl\":\"https:\/\/nembutalhouse.com\/wp-content\/uploads\/2024\/10\/5F-ADB.gif\",\"width\":600,\"height\":600,\"caption\":\"Buy 5F-ADB Online\"},{\"@type\":\"BreadcrumbList\",\"@id\":\"https:\/\/nembutalhouse.com\/product\/buy-5f-adb-online\/#breadcrumb\",\"itemListElement\":[{\"@type\":\"ListItem\",\"position\":1,\"name\":\"Home\",\"item\":\"https:\/\/nembutalhouse.com\/\"},{\"@type\":\"ListItem\",\"position\":2,\"name\":\"Shop\",\"item\":\"https:\/\/nembutalhouse.com\/shop\/\"},{\"@type\":\"ListItem\",\"position\":3,\"name\":\"Buy 5F-ADB Online\"}]},{\"@type\":\"WebSite\",\"@id\":\"https:\/\/nembutalhouse.com\/#website\",\"url\":\"https:\/\/nembutalhouse.com\/\",\"name\":\"Nembutal House\",\"description\":\"Best Nembutal Online Store\",\"publisher\":{\"@id\":\"https:\/\/nembutalhouse.com\/#organization\"},\"potentialAction\":[{\"@type\":\"SearchAction\",\"target\":{\"@type\":\"EntryPoint\",\"urlTemplate\":\"https:\/\/nembutalhouse.com\/?s={search_term_string}\"},\"query-input\":{\"@type\":\"PropertyValueSpecification\",\"valueRequired\":true,\"valueName\":\"search_term_string\"}}],\"inLanguage\":\"hu\"},{\"@type\":\"Organization\",\"@id\":\"https:\/\/nembutalhouse.com\/#organization\",\"name\":\"Nembutal House\",\"url\":\"https:\/\/nembutalhouse.com\/\",\"logo\":{\"@type\":\"ImageObject\",\"inLanguage\":\"hu\",\"@id\":\"https:\/\/nembutalhouse.com\/#\/schema\/logo\/image\/\",\"url\":\"https:\/\/nembutalhouse.com\/wp-content\/uploads\/2022\/12\/logo.png\",\"contentUrl\":\"https:\/\/nembutalhouse.com\/wp-content\/uploads\/2022\/12\/logo.png\",\"width\":344,\"height\":103,\"caption\":\"Nembutal House\"},\"image\":{\"@id\":\"https:\/\/nembutalhouse.com\/#\/schema\/logo\/image\/\"}}]}<\/script>\n<!-- \/ Yoast SEO plugin. -->","yoast_head_json":{"title":"Buy 5F-ADB Online - 5F-ADB for Sale | NembutalHouse","description":"Discover top-notch 5f-adb for sale at our online store - buy 5f-adb conveniently and securely to fuel your research. Explore and order 5f-adb online, advancing your scientific endeavors with ease. Order Now!","robots":{"index":"index","follow":"follow","max-snippet":"max-snippet:-1","max-image-preview":"max-image-preview:large","max-video-preview":"max-video-preview:-1"},"canonical":"https:\/\/nembutalhouse.com\/hu\/termek\/buy-5f-adb-online\/","og_locale":"hu_HU","og_type":"article","og_title":"Buy 5F-ADB Online - 5F-ADB for Sale | NembutalHouse","og_description":"Discover top-notch 5f-adb for sale at our online store - buy 5f-adb conveniently and securely to fuel your research. Explore and order 5f-adb online, advancing your scientific endeavors with ease. Order Now!","og_url":"https:\/\/nembutalhouse.com\/hu\/termek\/buy-5f-adb-online\/","og_site_name":"Nembutal House","article_modified_time":"2026-03-06T07:35:56+00:00","og_image":[{"width":600,"height":600,"url":"https:\/\/nembutalhouse.com\/wp-content\/uploads\/2024\/10\/5F-ADB.gif","type":"image\/gif"}],"twitter_card":"summary_large_image","twitter_misc":{"Becs\u00fclt olvas\u00e1si id\u0151":"2 perc"},"schema":{"@context":"https:\/\/schema.org","@graph":[{"@type":"WebPage","@id":"https:\/\/nembutalhouse.com\/product\/buy-5f-adb-online\/","url":"https:\/\/nembutalhouse.com\/product\/buy-5f-adb-online\/","name":"Buy 5F-ADB Online - 5F-ADB for Sale | NembutalHouse","isPartOf":{"@id":"https:\/\/nembutalhouse.com\/#website"},"primaryImageOfPage":{"@id":"https:\/\/nembutalhouse.com\/product\/buy-5f-adb-online\/#primaryimage"},"image":{"@id":"https:\/\/nembutalhouse.com\/product\/buy-5f-adb-online\/#primaryimage"},"thumbnailUrl":"https:\/\/nembutalhouse.com\/wp-content\/uploads\/2024\/10\/5F-ADB.gif","datePublished":"2024-10-16T05:27:46+00:00","dateModified":"2026-03-06T07:35:56+00:00","description":"Discover top-notch 5f-adb for sale at our online store - buy 5f-adb conveniently and securely to fuel your research. Explore and order 5f-adb online, advancing your scientific endeavors with ease. Order Now!","breadcrumb":{"@id":"https:\/\/nembutalhouse.com\/product\/buy-5f-adb-online\/#breadcrumb"},"inLanguage":"hu","potentialAction":[{"@type":"ReadAction","target":["https:\/\/nembutalhouse.com\/product\/buy-5f-adb-online\/"]}]},{"@type":"ImageObject","inLanguage":"hu","@id":"https:\/\/nembutalhouse.com\/product\/buy-5f-adb-online\/#primaryimage","url":"https:\/\/nembutalhouse.com\/wp-content\/uploads\/2024\/10\/5F-ADB.gif","contentUrl":"https:\/\/nembutalhouse.com\/wp-content\/uploads\/2024\/10\/5F-ADB.gif","width":600,"height":600,"caption":"Buy 5F-ADB Online"},{"@type":"BreadcrumbList","@id":"https:\/\/nembutalhouse.com\/product\/buy-5f-adb-online\/#breadcrumb","itemListElement":[{"@type":"ListItem","position":1,"name":"Home","item":"https:\/\/nembutalhouse.com\/"},{"@type":"ListItem","position":2,"name":"Shop","item":"https:\/\/nembutalhouse.com\/shop\/"},{"@type":"ListItem","position":3,"name":"Buy 5F-ADB Online"}]},{"@type":"WebSite","@id":"https:\/\/nembutalhouse.com\/#website","url":"https:\/\/nembutalhouse.com\/","name":"Nembutal House","description":"Best Nembutal Online Store","publisher":{"@id":"https:\/\/nembutalhouse.com\/#organization"},"potentialAction":[{"@type":"SearchAction","target":{"@type":"EntryPoint","urlTemplate":"https:\/\/nembutalhouse.com\/?s={search_term_string}"},"query-input":{"@type":"PropertyValueSpecification","valueRequired":true,"valueName":"search_term_string"}}],"inLanguage":"hu"},{"@type":"Organization","@id":"https:\/\/nembutalhouse.com\/#organization","name":"Nembutal House","url":"https:\/\/nembutalhouse.com\/","logo":{"@type":"ImageObject","inLanguage":"hu","@id":"https:\/\/nembutalhouse.com\/#\/schema\/logo\/image\/","url":"https:\/\/nembutalhouse.com\/wp-content\/uploads\/2022\/12\/logo.png","contentUrl":"https:\/\/nembutalhouse.com\/wp-content\/uploads\/2022\/12\/logo.png","width":344,"height":103,"caption":"Nembutal House"},"image":{"@id":"https:\/\/nembutalhouse.com\/#\/schema\/logo\/image\/"}}]}},"_links":{"self":[{"href":"https:\/\/nembutalhouse.com\/hu\/wp-json\/wp\/v2\/product\/577","targetHints":{"allow":["GET"]}}],"collection":[{"href":"https:\/\/nembutalhouse.com\/hu\/wp-json\/wp\/v2\/product"}],"about":[{"href":"https:\/\/nembutalhouse.com\/hu\/wp-json\/wp\/v2\/types\/product"}],"replies":[{"embeddable":true,"href":"https:\/\/nembutalhouse.com\/hu\/wp-json\/wp\/v2\/comments?post=577"}],"wp:featuredmedia":[{"embeddable":true,"href":"https:\/\/nembutalhouse.com\/hu\/wp-json\/wp\/v2\/media\/590"}],"wp:attachment":[{"href":"https:\/\/nembutalhouse.com\/hu\/wp-json\/wp\/v2\/media?parent=577"}],"wp:term":[{"taxonomy":"product_cat","embeddable":true,"href":"https:\/\/nembutalhouse.com\/hu\/wp-json\/wp\/v2\/product_cat?post=577"},{"taxonomy":"product_tag","embeddable":true,"href":"https:\/\/nembutalhouse.com\/hu\/wp-json\/wp\/v2\/product_tag?post=577"}],"curies":[{"name":"wp","href":"https:\/\/api.w.org\/{rel}","templated":true}]}}