{"id":533,"date":"2024-10-16T04:55:41","date_gmt":"2024-10-16T04:55:41","guid":{"rendered":"https:\/\/nembutalhouse.com\/?post_type=product&#038;p=533"},"modified":"2026-03-06T08:55:49","modified_gmt":"2026-03-06T08:55:49","slug":"buy-dmxe-online","status":"publish","type":"product","link":"https:\/\/nembutalhouse.com\/hu\/termek\/vasarolni-dmxe-online\/","title":{"rendered":"Buy DMXE Online"},"content":{"rendered":"<h2>Buy DMXE hydrochloride Online<\/h2>\n<p>Ne keressen tov\u00e1bb, ha a <a href=\"https:\/\/en.wikipedia.org\/wiki\/Deoxymethoxetamine\">DMXE<\/a> hidroklorid, egy j\u00f3l ismert kutat\u00e1si molekula. A NembutalHouse megb\u00edzhat\u00f3 elad\u00f3, amely pr\u00e9mium \u00e1rukat \u00e9s nemzetk\u00f6zi sz\u00e1ll\u00edt\u00e1si szolg\u00e1ltat\u00e1sokat k\u00edn\u00e1l. \u00c1ttekintj\u00fck az er\u0151s \u00e9rveket, hogy mi\u00e9rt <a href=\"https:\/\/nembutalhouse.com\/hu\/\">NembutalHouse<\/a> kellene, hogy legyen az els\u0151 v\u00e1laszt\u00e1s, amikor v\u00e1s\u00e1rol DMXE hidroklorid online ebben a SEO blogbejegyz\u00e9sben.<br \/>\nP\u00e1ratlan term\u00e9kkaliber:<\/p>\n<p>A NembutalHouse nagy hangs\u00falyt fektet a term\u00e9k min\u0151s\u00e9g\u00e9re, hogy megfeleljen a tudom\u00e1nyos kutat\u00e1s szigor\u00fa k\u00f6vetelm\u00e9nyeinek. DMXE-hidrokloridunkat megb\u00edzhat\u00f3 besz\u00e1ll\u00edt\u00f3kt\u00f3l szerezz\u00fck be, \u00e9s szigor\u00fa min\u0151s\u00e9gellen\u0151rz\u00e9si folyamatnak vetj\u00fck al\u00e1. Biztos\u00edtjuk, hogy a DMXE-hidroklorid minden egyes t\u00e9tele megfelel a legszigor\u00fabb ipari tisztas\u00e1gi k\u00f6vetelm\u00e9nyeknek, \u00edgy garant\u00e1lva megb\u00edzhat\u00f3 \u00e9s konzisztens eredm\u00e9nyeket az \u00d6n vizsg\u00e1lataihoz.<\/p>\n<h3>\u00c1tfog\u00f3 k\u00e9miai kutat\u00e1si kiv\u00e1laszt\u00e1s:<\/h3>\n<p>A NembutalHouse kutat\u00e1si vegyszerek sz\u00e9les v\u00e1laszt\u00e9k\u00e1t k\u00edn\u00e1lja a k\u00fcl\u00f6nb\u00f6z\u0151 tudom\u00e1nyos ig\u00e9nyek kiel\u00e9g\u00edt\u00e9s\u00e9re. Tiszt\u00e1ban vagyunk azzal, hogy minden vizsg\u00e1lati projekthez k\u00fcl\u00f6nleges anyagokra van sz\u00fcks\u00e9g. Megtal\u00e1lhatja a sz\u00fcks\u00e9ges kell\u00e9keket, mint pl. <a href=\"https:\/\/nembutalhouse.com\/hu\/termek\/vasarolni-dmxe-online\/\">DMXE<\/a> hidroklorid, hogy seg\u00edtse tanulm\u00e1nyait \u00e9s kutat\u00e1sait a kutat\u00e1si vegyszerek sz\u00e9les v\u00e1laszt\u00e9k\u00e1nak k\u00f6sz\u00f6nhet\u0151en.<\/p>\n<h3>Nemzetk\u00f6zi sz\u00e1ll\u00edt\u00e1s:<\/h3>\n<p>A NembutalHouse fedezi \u00d6nt, b\u00e1rhol is legyen. Az \u00f6sszes orsz\u00e1gba t\u00f6rt\u00e9n\u0151 boldog kisz\u00e1ll\u00edt\u00e1sunkkal biztos lehet benne, hogy a DMXE-hidroklorid \u00e9s m\u00e1s kutat\u00e1si vegyszerek gyorsan \u00e9s biztons\u00e1gosan eljutnak \u00d6nh\u00f6z. Az online \u00e1ruh\u00e1zunkb\u00f3l t\u00f6rt\u00e9n\u0151 rendel\u00e9s probl\u00e9mamentes lesz a diszkr\u00e9t, biztons\u00e1gos \u00e9s megb\u00edzhat\u00f3 sz\u00e1ll\u00edt\u00e1si folyamatunknak k\u00f6sz\u00f6nhet\u0151en.<\/p>\n<h3>megb\u00edzhat\u00f3 h\u00edrn\u00e9v<\/h3>\n<p>A NembutalHouse a kutat\u00e1si vegyszerek j\u00f3 h\u00edr\u0171 sz\u00e1ll\u00edt\u00f3ja, amely komoly tapasztalatokkal rendelkezik. A ter\u00fcleten szerzett t\u00f6bb \u00e9ves szak\u00e9rtelm\u00fcnkkel olyan \u00fcgyfelek elk\u00f6telezett k\u00f6vet\u0151it gy\u0171jt\u00f6tt\u00fck \u00f6ssze, akik sz\u00e1m\u00edtanak r\u00e1nk a cs\u00facsmin\u0151s\u00e9g\u0171 \u00e1ruk \u00e9s az els\u0151 oszt\u00e1ly\u00fa t\u00e1mogat\u00e1s miatt.<\/p>\n<p>Ami megk\u00fcl\u00f6nb\u00f6ztet minket a versenyt\u00e1rsakt\u00f3l, az a szakmais\u00e1g, az \u0151szintes\u00e9g \u00e9s az \u00fcgyf\u00e9l boldogs\u00e1ga ir\u00e1nti elk\u00f6telezetts\u00e9g\u00fcnk.<\/p>\n<h3>Versenyk\u00e9pes \u00e1rak:<\/h3>\n<p>Hisz\u00fcnk abban, hogy a pr\u00e9mium kateg\u00f3ri\u00e1s kutat\u00e1si vegyszerek el\u00e9rhet\u0151v\u00e9 v\u00e1lnak \u00e9sszer\u0171 \u00e1ron. A NembutalHouse megfizethet\u0151 \u00e1rakat biztos\u00edt an\u00e9lk\u00fcl, hogy fel\u00e1ldozn\u00e1 \u00e1ruink kaliber\u00e9t. Kem\u00e9nyen dolgozunk azon, hogy kiemelked\u0151 \u00e9rt\u00e9ket ny\u00fajtsunk az \u00d6n befektet\u00e9se sz\u00e1m\u00e1ra, mert felismerj\u00fck, hogy a p\u00e9nz\u00fcgyi korl\u00e1toz\u00e1sok milyen fontosak a tudom\u00e1nyos kutat\u00e1s sz\u00e1m\u00e1ra.<\/p>\n<h3>Elk\u00f6telezett \u00fcgyf\u00e9lszolg\u00e1lat:<\/h3>\n<p>A NembutalHouse-n\u00e1l az \u00fcgyfelek ig\u00e9nyei a legfontosabbak. Professzion\u00e1lis \u00fcgyf\u00e9lszolg\u00e1lati munkat\u00e1rsaink b\u00e1rmikor az \u00d6n rendelkez\u00e9s\u00e9re \u00e1llnak. Tapasztalt munkat\u00e1rsaink seg\u00edtenek kiv\u00e1lasztani a legjobb kutat\u00e1si vegyszert az \u00d6n projektj\u00e9hez, vagy v\u00e1laszolnak a DMXE-hidrokloriddal kapcsolatos k\u00e9rd\u00e9seire. K\u00e9r\u00e9seire azonnal v\u00e1laszolunk.<\/p>\n<h3>\u00d6sszefoglalva:<\/h3>\n<p>A NembutalHouse az \u00d6n megb\u00edzhat\u00f3 forr\u00e1sa vil\u00e1gszerte a DMXE-hidroklorid online v\u00e1s\u00e1rl\u00e1s\u00e1hoz. Arra t\u00f6reksz\u00fcnk, hogy fel\u00fclm\u00faljuk az \u00d6n elv\u00e1r\u00e1sait a p\u00e1ratlan term\u00e9kmin\u0151s\u00e9g, a gondos k\u00e9miai kutat\u00e1si kiv\u00e1laszt\u00e1s, a glob\u00e1lis sz\u00e1ll\u00edt\u00e1s, a versenyk\u00e9pes \u00e1rk\u00e9pz\u00e9s \u00e9s az elk\u00f6telezett \u00fcgyf\u00e9lszolg\u00e1lat ir\u00e1nti rend\u00edthetetlen elk\u00f6telezetts\u00e9g\u00fcnkkel. Rendeljen a NembutalHouse-t\u00f3l m\u00e9g ma, hogy \u00e9lvezze a kiv\u00e1l\u00f3s\u00e1g, a megb\u00edzhat\u00f3s\u00e1g \u00e9s a k\u00e9nyelem el\u0151nyeit az \u00f6sszes kutat\u00e1si vegyi anyag ig\u00e9nyeivel kapcsolatban.<\/p>\n<p>&nbsp;<\/p>\n<p>&nbsp;<\/p>","protected":false},"excerpt":{"rendered":"<p>Buy DMXE hydrochloride Online Look no further if you&#8217;re looking for DMXE hydrochloride, a well-known research molecule. NembutalHouse is a reliable vendor offering premium goods and international shipping services. We&#8217;ll&hellip;<\/p>","protected":false},"featured_media":574,"comment_status":"closed","ping_status":"closed","template":"","meta":{"_joinchat":[]},"product_cat":[186],"product_tag":[642,631,621,633,622,640,646,623,628,634,635,638,624,645,643,644,637,630,626,627,641,639,636,629,632,625],"class_list":{"0":"post-533","1":"product","2":"type-product","3":"status-publish","4":"has-post-thumbnail","6":"product_cat-research-chemicals","7":"product_tag-best-cheap-price-dmxe","8":"product_tag-best-place-to-buy-dmxe","9":"product_tag-buy-dmxe","10":"product_tag-buy-dmxe-legally","11":"product_tag-buy-dmxe-online","12":"product_tag-cheap-dmxes","13":"product_tag-dmxe-for-cleaning","14":"product_tag-dmxe-for-sale","15":"product_tag-dmxe-powder","16":"product_tag-dmxe-powder-online","17":"product_tag-dmxe-price","18":"product_tag-dmxe-store","19":"product_tag-dmxe-supplier","20":"product_tag-dmxe-wiki","21":"product_tag-dmxe-worldwide","22":"product_tag-dmxes-use","23":"product_tag-high-quality-dmxe","24":"product_tag-how-to-buy-dmxe","25":"product_tag-order-dmxe","26":"product_tag-order-dmxe-online","27":"product_tag-purcharse-dmxe","28":"product_tag-shop-dmxe","29":"product_tag-top-quality-dmxe","30":"product_tag-where-to-buy-dmxe","31":"product_tag-where-to-order-dmxe","32":"product_tag-wholesale-dmxe-bulk-online","34":"first","35":"instock","36":"shipping-taxable","37":"purchasable","38":"product-type-variable"},"yoast_head":"<!-- This site is optimized with the Yoast SEO plugin v24.1 - https:\/\/yoast.com\/wordpress\/plugins\/seo\/ -->\n<title>DMXE for Sale - Buy DMXE Online - Order DMXE Online<\/title>\n<meta name=\"description\" content=\"Explore our online store for dmxe for sale, offering high-quality dmxe. Buy dmxe online securely and embark on your research journey with confidence.\" \/>\n<meta name=\"robots\" content=\"index, follow, max-snippet:-1, max-image-preview:large, max-video-preview:-1\" \/>\n<link rel=\"canonical\" href=\"https:\/\/nembutalhouse.com\/hu\/termek\/vasarolni-dmxe-online\/\" \/>\n<meta property=\"og:locale\" content=\"hu_HU\" \/>\n<meta property=\"og:type\" content=\"article\" \/>\n<meta property=\"og:title\" content=\"DMXE for Sale - Buy DMXE Online - Order DMXE Online\" \/>\n<meta property=\"og:description\" content=\"Explore our online store for dmxe for sale, offering high-quality dmxe. Buy dmxe online securely and embark on your research journey with confidence.\" \/>\n<meta property=\"og:url\" content=\"https:\/\/nembutalhouse.com\/hu\/termek\/vasarolni-dmxe-online\/\" \/>\n<meta property=\"og:site_name\" content=\"Nembutal House\" \/>\n<meta property=\"article:modified_time\" content=\"2026-03-06T08:55:49+00:00\" \/>\n<meta property=\"og:image\" content=\"https:\/\/nembutalhouse.com\/wp-content\/uploads\/2024\/10\/Dmxe.gif\" \/>\n\t<meta property=\"og:image:width\" content=\"600\" \/>\n\t<meta property=\"og:image:height\" content=\"600\" \/>\n\t<meta property=\"og:image:type\" content=\"image\/gif\" \/>\n<meta name=\"twitter:card\" content=\"summary_large_image\" \/>\n<meta name=\"twitter:label1\" content=\"Becs\u00fclt olvas\u00e1si id\u0151\" \/>\n\t<meta name=\"twitter:data1\" content=\"3 perc\" \/>\n<script type=\"application\/ld+json\" class=\"yoast-schema-graph\">{\"@context\":\"https:\/\/schema.org\",\"@graph\":[{\"@type\":\"WebPage\",\"@id\":\"https:\/\/nembutalhouse.com\/product\/buy-dmxe-online\/\",\"url\":\"https:\/\/nembutalhouse.com\/product\/buy-dmxe-online\/\",\"name\":\"DMXE for Sale - Buy DMXE Online - Order DMXE Online\",\"isPartOf\":{\"@id\":\"https:\/\/nembutalhouse.com\/#website\"},\"primaryImageOfPage\":{\"@id\":\"https:\/\/nembutalhouse.com\/product\/buy-dmxe-online\/#primaryimage\"},\"image\":{\"@id\":\"https:\/\/nembutalhouse.com\/product\/buy-dmxe-online\/#primaryimage\"},\"thumbnailUrl\":\"https:\/\/nembutalhouse.com\/wp-content\/uploads\/2024\/10\/Dmxe.gif\",\"datePublished\":\"2024-10-16T04:55:41+00:00\",\"dateModified\":\"2026-03-06T08:55:49+00:00\",\"description\":\"Explore our online store for dmxe for sale, offering high-quality dmxe. Buy dmxe online securely and embark on your research journey with confidence.\",\"breadcrumb\":{\"@id\":\"https:\/\/nembutalhouse.com\/product\/buy-dmxe-online\/#breadcrumb\"},\"inLanguage\":\"hu\",\"potentialAction\":[{\"@type\":\"ReadAction\",\"target\":[\"https:\/\/nembutalhouse.com\/product\/buy-dmxe-online\/\"]}]},{\"@type\":\"ImageObject\",\"inLanguage\":\"hu\",\"@id\":\"https:\/\/nembutalhouse.com\/product\/buy-dmxe-online\/#primaryimage\",\"url\":\"https:\/\/nembutalhouse.com\/wp-content\/uploads\/2024\/10\/Dmxe.gif\",\"contentUrl\":\"https:\/\/nembutalhouse.com\/wp-content\/uploads\/2024\/10\/Dmxe.gif\",\"width\":600,\"height\":600,\"caption\":\"Buy DMXE Online\"},{\"@type\":\"BreadcrumbList\",\"@id\":\"https:\/\/nembutalhouse.com\/product\/buy-dmxe-online\/#breadcrumb\",\"itemListElement\":[{\"@type\":\"ListItem\",\"position\":1,\"name\":\"Home\",\"item\":\"https:\/\/nembutalhouse.com\/\"},{\"@type\":\"ListItem\",\"position\":2,\"name\":\"Shop\",\"item\":\"https:\/\/nembutalhouse.com\/shop\/\"},{\"@type\":\"ListItem\",\"position\":3,\"name\":\"Buy DMXE Online\"}]},{\"@type\":\"WebSite\",\"@id\":\"https:\/\/nembutalhouse.com\/#website\",\"url\":\"https:\/\/nembutalhouse.com\/\",\"name\":\"Nembutal House\",\"description\":\"Best Nembutal Online Store\",\"publisher\":{\"@id\":\"https:\/\/nembutalhouse.com\/#organization\"},\"potentialAction\":[{\"@type\":\"SearchAction\",\"target\":{\"@type\":\"EntryPoint\",\"urlTemplate\":\"https:\/\/nembutalhouse.com\/?s={search_term_string}\"},\"query-input\":{\"@type\":\"PropertyValueSpecification\",\"valueRequired\":true,\"valueName\":\"search_term_string\"}}],\"inLanguage\":\"hu\"},{\"@type\":\"Organization\",\"@id\":\"https:\/\/nembutalhouse.com\/#organization\",\"name\":\"Nembutal House\",\"url\":\"https:\/\/nembutalhouse.com\/\",\"logo\":{\"@type\":\"ImageObject\",\"inLanguage\":\"hu\",\"@id\":\"https:\/\/nembutalhouse.com\/#\/schema\/logo\/image\/\",\"url\":\"https:\/\/nembutalhouse.com\/wp-content\/uploads\/2022\/12\/logo.png\",\"contentUrl\":\"https:\/\/nembutalhouse.com\/wp-content\/uploads\/2022\/12\/logo.png\",\"width\":344,\"height\":103,\"caption\":\"Nembutal House\"},\"image\":{\"@id\":\"https:\/\/nembutalhouse.com\/#\/schema\/logo\/image\/\"}}]}<\/script>\n<!-- \/ Yoast SEO plugin. -->","yoast_head_json":{"title":"DMXE for Sale - Buy DMXE Online - Order DMXE Online","description":"Explore our online store for dmxe for sale, offering high-quality dmxe. Buy dmxe online securely and embark on your research journey with confidence.","robots":{"index":"index","follow":"follow","max-snippet":"max-snippet:-1","max-image-preview":"max-image-preview:large","max-video-preview":"max-video-preview:-1"},"canonical":"https:\/\/nembutalhouse.com\/hu\/termek\/vasarolni-dmxe-online\/","og_locale":"hu_HU","og_type":"article","og_title":"DMXE for Sale - Buy DMXE Online - Order DMXE Online","og_description":"Explore our online store for dmxe for sale, offering high-quality dmxe. Buy dmxe online securely and embark on your research journey with confidence.","og_url":"https:\/\/nembutalhouse.com\/hu\/termek\/vasarolni-dmxe-online\/","og_site_name":"Nembutal House","article_modified_time":"2026-03-06T08:55:49+00:00","og_image":[{"width":600,"height":600,"url":"https:\/\/nembutalhouse.com\/wp-content\/uploads\/2024\/10\/Dmxe.gif","type":"image\/gif"}],"twitter_card":"summary_large_image","twitter_misc":{"Becs\u00fclt olvas\u00e1si id\u0151":"3 perc"},"schema":{"@context":"https:\/\/schema.org","@graph":[{"@type":"WebPage","@id":"https:\/\/nembutalhouse.com\/product\/buy-dmxe-online\/","url":"https:\/\/nembutalhouse.com\/product\/buy-dmxe-online\/","name":"DMXE for Sale - Buy DMXE Online - Order DMXE Online","isPartOf":{"@id":"https:\/\/nembutalhouse.com\/#website"},"primaryImageOfPage":{"@id":"https:\/\/nembutalhouse.com\/product\/buy-dmxe-online\/#primaryimage"},"image":{"@id":"https:\/\/nembutalhouse.com\/product\/buy-dmxe-online\/#primaryimage"},"thumbnailUrl":"https:\/\/nembutalhouse.com\/wp-content\/uploads\/2024\/10\/Dmxe.gif","datePublished":"2024-10-16T04:55:41+00:00","dateModified":"2026-03-06T08:55:49+00:00","description":"Explore our online store for dmxe for sale, offering high-quality dmxe. Buy dmxe online securely and embark on your research journey with confidence.","breadcrumb":{"@id":"https:\/\/nembutalhouse.com\/product\/buy-dmxe-online\/#breadcrumb"},"inLanguage":"hu","potentialAction":[{"@type":"ReadAction","target":["https:\/\/nembutalhouse.com\/product\/buy-dmxe-online\/"]}]},{"@type":"ImageObject","inLanguage":"hu","@id":"https:\/\/nembutalhouse.com\/product\/buy-dmxe-online\/#primaryimage","url":"https:\/\/nembutalhouse.com\/wp-content\/uploads\/2024\/10\/Dmxe.gif","contentUrl":"https:\/\/nembutalhouse.com\/wp-content\/uploads\/2024\/10\/Dmxe.gif","width":600,"height":600,"caption":"Buy DMXE Online"},{"@type":"BreadcrumbList","@id":"https:\/\/nembutalhouse.com\/product\/buy-dmxe-online\/#breadcrumb","itemListElement":[{"@type":"ListItem","position":1,"name":"Home","item":"https:\/\/nembutalhouse.com\/"},{"@type":"ListItem","position":2,"name":"Shop","item":"https:\/\/nembutalhouse.com\/shop\/"},{"@type":"ListItem","position":3,"name":"Buy DMXE Online"}]},{"@type":"WebSite","@id":"https:\/\/nembutalhouse.com\/#website","url":"https:\/\/nembutalhouse.com\/","name":"Nembutal House","description":"Best Nembutal Online Store","publisher":{"@id":"https:\/\/nembutalhouse.com\/#organization"},"potentialAction":[{"@type":"SearchAction","target":{"@type":"EntryPoint","urlTemplate":"https:\/\/nembutalhouse.com\/?s={search_term_string}"},"query-input":{"@type":"PropertyValueSpecification","valueRequired":true,"valueName":"search_term_string"}}],"inLanguage":"hu"},{"@type":"Organization","@id":"https:\/\/nembutalhouse.com\/#organization","name":"Nembutal House","url":"https:\/\/nembutalhouse.com\/","logo":{"@type":"ImageObject","inLanguage":"hu","@id":"https:\/\/nembutalhouse.com\/#\/schema\/logo\/image\/","url":"https:\/\/nembutalhouse.com\/wp-content\/uploads\/2022\/12\/logo.png","contentUrl":"https:\/\/nembutalhouse.com\/wp-content\/uploads\/2022\/12\/logo.png","width":344,"height":103,"caption":"Nembutal House"},"image":{"@id":"https:\/\/nembutalhouse.com\/#\/schema\/logo\/image\/"}}]}},"_links":{"self":[{"href":"https:\/\/nembutalhouse.com\/hu\/wp-json\/wp\/v2\/product\/533","targetHints":{"allow":["GET"]}}],"collection":[{"href":"https:\/\/nembutalhouse.com\/hu\/wp-json\/wp\/v2\/product"}],"about":[{"href":"https:\/\/nembutalhouse.com\/hu\/wp-json\/wp\/v2\/types\/product"}],"replies":[{"embeddable":true,"href":"https:\/\/nembutalhouse.com\/hu\/wp-json\/wp\/v2\/comments?post=533"}],"wp:featuredmedia":[{"embeddable":true,"href":"https:\/\/nembutalhouse.com\/hu\/wp-json\/wp\/v2\/media\/574"}],"wp:attachment":[{"href":"https:\/\/nembutalhouse.com\/hu\/wp-json\/wp\/v2\/media?parent=533"}],"wp:term":[{"taxonomy":"product_cat","embeddable":true,"href":"https:\/\/nembutalhouse.com\/hu\/wp-json\/wp\/v2\/product_cat?post=533"},{"taxonomy":"product_tag","embeddable":true,"href":"https:\/\/nembutalhouse.com\/hu\/wp-json\/wp\/v2\/product_tag?post=533"}],"curies":[{"name":"wp","href":"https:\/\/api.w.org\/{rel}","templated":true}]}}