{"id":531,"date":"2024-10-16T04:46:10","date_gmt":"2024-10-16T04:46:10","guid":{"rendered":"https:\/\/nembutalhouse.com\/?post_type=product&#038;p=531"},"modified":"2026-03-06T07:04:12","modified_gmt":"2026-03-06T07:04:12","slug":"buy-3fa-online","status":"publish","type":"product","link":"https:\/\/nembutalhouse.com\/hu\/termek\/buy-3fa-online\/","title":{"rendered":"Buy 3FA Online"},"content":{"rendered":"<h2>V\u00e1s\u00e1roljon 3F-PVP (3FPVP) KRIST\u00c1LYOKAT online.<\/h2>\n<p>NembutalHouse elad <a href=\"https:\/\/nembutalhouse.com\/hu\/termek\/buy-3fa-online\/\">3F-PVP (3FPVP)<\/a> CRYSTALS az \u00f6sszes k\u00e9miai k\u00f6vetelm\u00e9ny teljes\u00edt\u00e9s\u00e9hez. Mivel a v\u00e1llalat m\u00e1r oly sok ember bizalm\u00e1t elnyerte, a lehet\u0151 legjobb szolg\u00e1ltat\u00e1st igyekszik ny\u00fajtani \u00fcgyfeleinek.<br \/>\n3F-PVP: \u00cdrja le a jelens\u00e9get.<\/p>\n<p>A 3F-PVP online ugyanazokkal a tulajdons\u00e1gokkal rendelkezik, mint az A-PHP, \u00e9s egy katinon oszt\u00e1lyba tartozik. <a href=\"https:\/\/nembutalhouse.com\/hu\/\">NembutalHouse<\/a>. A 3F-PVP k\u00e9miai neve 3F-alfa-PVP. A 3f-PVP a C15H20FNO k\u00e9plet\u0171 vegy\u00fclet, molekulat\u00f6mege 249,32.<\/p>\n<p>A 3F-PVP d\u00f3zis m\u00e9rs\u00e9kelt vagy er\u0151s euf\u00f3rikus hat\u00e1st v\u00e1lt ki, amely \u00e1thatja az eg\u00e9sz testet. M\u00e1sodszor, nagy d\u00f3zisokban ez t\u00falhatalmas lehet. Olyan szabadid\u0151s tev\u00e9kenys\u00e9gekre \u00f6szt\u00f6n\u00f6z, mint a fut\u00e1s, a hegym\u00e1sz\u00e1s \u00e9s a t\u00e1nc.<\/p>\n<p>Vannak pillanatok, amikor ez nem kivitelezhet\u0151. A motoros kontroll sz\u00e9lesk\u00f6r\u0171 hi\u00e1nya \u00e9s a s\u00falyos k\u00e9zremeg\u00e9s<\/p>\n<p>amit az \u00e1llkapocs \u00f6sszeszor\u00edt\u00e1sa, a test kontroll\u00e1latlan r\u00e1z\u00e1sa \u00e9s a rezg\u00e9sek okoznak, amelyek megnehez\u00edtik, vagy gyakran lehetetlenn\u00e9 teszik a nyugton marad\u00e1st. Ennek ellen\u00e9re azt tan\u00e1csoljuk, hogy mindig konzult\u00e1ljon orvos\u00e1val, miel\u0151tt elkezdi haszn\u00e1lni ezt a gy\u00f3gyszert, m\u00e9g akkor is, ha vannak bizonyos mell\u00e9khat\u00e1sai, mint p\u00e9ld\u00e1ul a szemek el\u0151re-h\u00e1tra r\u00e1ngat\u00f3z\u00e1sa, ami \u00e1tmeneti hom\u00e1lyoss\u00e1got \u00e9s l\u00e1t\u00e1sroml\u00e1st okozhat. Az USA-ban, v\u00e1s\u00e1rl\u00e1s <a href=\"https:\/\/en.wikipedia.org\/wiki\/3-Fluoroamphetamine\">3F-PVP<\/a> (3FPVP) CRYSTALS online.<\/p>\n<h3>A LEGJOBB WEBOLDAL AZ ONLINE 3F-PVP V\u00c1S\u00c1RL\u00c1SHOZ<\/h3>\n<p>A NembutalHouse egyike a tiszteletrem\u00e9lt\u00f3 \u00e9s megb\u00edzhat\u00f3 3F-PVP internetes keresked\u0151knek. A fogyaszt\u00f3k el\u00e9gg\u00e9 dics\u00e9rik az \u00fczletet, biztos\u00edtva \u0151ket arr\u00f3l, hogy a legmagasabb kaliber\u0171 term\u00e9keket kapj\u00e1k.<\/p>\n<p>Legal\u00e1bb tizennyolc \u00e9vesnek kell lenned ahhoz, hogy online v\u00e1s\u00e1rolhass 3F-PVP-t. Elfogadjuk a 3F-PVP online rendel\u00e9s\u00e9t.<\/p>\n<p>25 kg-t\u00f3l n\u00e9h\u00e1ny mikrogrammig terjed\u0151 mennyis\u00e9gben. A v\u00e1llalat vil\u00e1gm\u00e9ret\u0171 sz\u00e1ll\u00edt\u00e1si szolg\u00e1ltat\u00e1sokat ny\u00fajt. Minden t\u00e9tel k\u00fcl\u00f6n-k\u00fcl\u00f6n van csomagolva, hogy garant\u00e1lj\u00e1k, hogy senki sem fedezi fel, mi van benne. Az \u00d6n teljes akt\u00e1j\u00e1t rendszer\u00fcnkben t\u00e1roljuk. Az \u00d6n adatai \u00edgy semmik\u00e9ppen sem ker\u00fclhetnek vesz\u00e9lybe. Az \u00e1rut a lehet\u0151 leghamarabb kisz\u00e1ll\u00edtjuk.<\/p>\n<h3>ONLINE 3F-PVP (3FPVP) KRIST\u00c1LYOK.<\/h3>\n<p>Szinopszis<\/p>\n<p>Szeretne 3-fluoro-\u03b1-pirrolidinovalerophenon vagy 3F-PVP port v\u00e1s\u00e1rolni? Ha igen, akkor az ide\u00e1lis helyre \u00e9rkezett! Web\u00e1ruh\u00e1zunkban csak a legjobb, laborat\u00f3riumban tesztelt kutat\u00e1si vegyszereket k\u00edn\u00e1ljuk. A megrendel\u00e9seket egy napon bel\u00fcl diszkr\u00e9ten becsomagoljuk \u00e9s elk\u00fcldj\u00fck. Tov\u00e1bb\u00e1, a Bitcoin \u00e9s m\u00e1s kriptovalut\u00e1k seg\u00edts\u00e9g\u00e9vel gyors \u00e9s biztons\u00e1gos fizet\u00e9seket v\u00e9gezhet.<\/p>\n<h3>Hol v\u00e1s\u00e1rolhatok 3F-PVP-t?<\/h3>\n<p>Minden kutat\u00e1si vegyszer el\u00e9rhet\u0151 online \u00e1ruh\u00e1zunkban, ahol a legjobb min\u0151s\u00e9g\u0171 3F-PVP-t is beszerezheti.<\/p>\n<p>Ez az anyag csak laborat\u00f3riumokban haszn\u00e1lhat\u00f3.<\/p>\n<p>Ne feledje, hogy mindig tegye meg a sz\u00fcks\u00e9ges biztons\u00e1gi \u00f3vint\u00e9zked\u00e9seket, p\u00e9ld\u00e1ul haszn\u00e1ljon v\u00e9d\u0151szem\u00fcveget \u00e9s v\u00e9dje a szabadon l\u00e9v\u0151 b\u0151rt.<\/p>\n<p>K\u00e9rj\u00fck, vegye figyelembe, hogy a 3F-PVP, mint m\u00e1s kutat\u00e1si vegyszerek, csak tanulm\u00e1nyoz\u00e1sra szolg\u00e1l, \u00e9s nem szabad embereknek, \u00e1llatoknak vagy m\u00e1s \u00e9l\u0151l\u00e9nyeknek bevenni\u00fck.<\/p>\n<p>A lehet\u0151 leghosszabb eltarthat\u00f3s\u00e1g \u00e9rdek\u00e9ben h\u0171v\u00f6s, sz\u00e1raz helyen t\u00e1rolja.<\/p>\n<p>Tizennyolc \u00e9vn\u00e9l fiatalabbak nem jogosultak kutat\u00e1si anyagokat v\u00e1s\u00e1rolni t\u0151l\u00fcnk.<\/p>\n<p>&nbsp;<\/p>\n<p>&nbsp;<\/p>","protected":false},"excerpt":{"rendered":"<p>Buy 3F-PVP (3FPVP) CRYSTALS online. NembutalHouse sells 3F-PVP (3FPVP) CRYSTALS to fulfill all of your chemical requirements. Since it has earned the trust of so many people, the company is&hellip;<\/p>","protected":false},"featured_media":564,"comment_status":"closed","ping_status":"closed","template":"","meta":{"_joinchat":[]},"product_cat":[186],"product_tag":[564,587,590,569,588,576,579,565,586,584,575,585,583,572,562,563,574,589,581,578,571,567,568,582,580,577,570,573,566],"class_list":{"0":"post-531","1":"product","2":"type-product","3":"status-publish","4":"has-post-thumbnail","6":"product_cat-research-chemicals","7":"product_tag-3fa-for-sale","8":"product_tag-3fa-powder-for-cleaning","9":"product_tag-3fa-powder-for-sale","10":"product_tag-3fa-powder-liquid","11":"product_tag-3fa-powder-powder","12":"product_tag-3fa-powder-price","13":"product_tag-3fa-powder-store","14":"product_tag-3fa-powder-supplier","15":"product_tag-3fa-powder-wiki","16":"product_tag-3fa-powder-worldwide","17":"product_tag-3fa-powders-online","18":"product_tag-3fa-powders-use","19":"product_tag-best-cheap-price-3fa-powder","20":"product_tag-best-place-to-buy-3fa-powder","21":"product_tag-buy-3fa","22":"product_tag-buy-3fa-online","23":"product_tag-buy-3fa-powder-legally","24":"product_tag-buy-3fa-powder-online","25":"product_tag-cheap-3fa-powders","26":"product_tag-high-quality-3fa-powder","27":"product_tag-how-to-buy-3fa-powder","28":"product_tag-order-3fa-powder","29":"product_tag-order-3fa-powder-online","30":"product_tag-purcharse-3fa-powder","31":"product_tag-shop-3fa-powder","32":"product_tag-top-quality-3fa-powder","33":"product_tag-where-to-buy-3fa-powder","34":"product_tag-where-to-order-3fa-powder","35":"product_tag-wholesale-3fa-powder-bulk-online","37":"first","38":"instock","39":"shipping-taxable","40":"purchasable","41":"product-type-variable"},"yoast_head":"<!-- This site is optimized with the Yoast SEO plugin v24.1 - https:\/\/yoast.com\/wordpress\/plugins\/seo\/ -->\n<title>Buy 3 FA Online - 3 FA for Sale - Order 3 FA Online<\/title>\n<meta name=\"description\" content=\"If you want to buy 3fa online and looking for a reliable online store, then buy here. We offer only high-quality 3fa for sale at an affordable price. Order 3fa Now!\" \/>\n<meta name=\"robots\" content=\"index, follow, max-snippet:-1, max-image-preview:large, max-video-preview:-1\" \/>\n<link rel=\"canonical\" href=\"https:\/\/nembutalhouse.com\/hu\/termek\/buy-3fa-online\/\" \/>\n<meta property=\"og:locale\" content=\"hu_HU\" \/>\n<meta property=\"og:type\" content=\"article\" \/>\n<meta property=\"og:title\" content=\"Buy 3 FA Online - 3 FA for Sale - Order 3 FA Online\" \/>\n<meta property=\"og:description\" content=\"If you want to buy 3fa online and looking for a reliable online store, then buy here. We offer only high-quality 3fa for sale at an affordable price. Order 3fa Now!\" \/>\n<meta property=\"og:url\" content=\"https:\/\/nembutalhouse.com\/hu\/termek\/buy-3fa-online\/\" \/>\n<meta property=\"og:site_name\" content=\"Nembutal House\" \/>\n<meta property=\"article:modified_time\" content=\"2026-03-06T07:04:12+00:00\" \/>\n<meta property=\"og:image\" content=\"https:\/\/nembutalhouse.com\/wp-content\/uploads\/2024\/10\/3FA.gif\" \/>\n\t<meta property=\"og:image:width\" content=\"600\" \/>\n\t<meta property=\"og:image:height\" content=\"600\" \/>\n\t<meta property=\"og:image:type\" content=\"image\/gif\" \/>\n<meta name=\"twitter:card\" content=\"summary_large_image\" \/>\n<meta name=\"twitter:label1\" content=\"Becs\u00fclt olvas\u00e1si id\u0151\" \/>\n\t<meta name=\"twitter:data1\" content=\"3 perc\" \/>\n<script type=\"application\/ld+json\" class=\"yoast-schema-graph\">{\"@context\":\"https:\/\/schema.org\",\"@graph\":[{\"@type\":\"WebPage\",\"@id\":\"https:\/\/nembutalhouse.com\/product\/buy-3fa-online\/\",\"url\":\"https:\/\/nembutalhouse.com\/product\/buy-3fa-online\/\",\"name\":\"Buy 3 FA Online - 3 FA for Sale - Order 3 FA Online\",\"isPartOf\":{\"@id\":\"https:\/\/nembutalhouse.com\/#website\"},\"primaryImageOfPage\":{\"@id\":\"https:\/\/nembutalhouse.com\/product\/buy-3fa-online\/#primaryimage\"},\"image\":{\"@id\":\"https:\/\/nembutalhouse.com\/product\/buy-3fa-online\/#primaryimage\"},\"thumbnailUrl\":\"https:\/\/nembutalhouse.com\/wp-content\/uploads\/2024\/10\/3FA.gif\",\"datePublished\":\"2024-10-16T04:46:10+00:00\",\"dateModified\":\"2026-03-06T07:04:12+00:00\",\"description\":\"If you want to buy 3fa online and looking for a reliable online store, then buy here. We offer only high-quality 3fa for sale at an affordable price. Order 3fa Now!\",\"breadcrumb\":{\"@id\":\"https:\/\/nembutalhouse.com\/product\/buy-3fa-online\/#breadcrumb\"},\"inLanguage\":\"hu\",\"potentialAction\":[{\"@type\":\"ReadAction\",\"target\":[\"https:\/\/nembutalhouse.com\/product\/buy-3fa-online\/\"]}]},{\"@type\":\"ImageObject\",\"inLanguage\":\"hu\",\"@id\":\"https:\/\/nembutalhouse.com\/product\/buy-3fa-online\/#primaryimage\",\"url\":\"https:\/\/nembutalhouse.com\/wp-content\/uploads\/2024\/10\/3FA.gif\",\"contentUrl\":\"https:\/\/nembutalhouse.com\/wp-content\/uploads\/2024\/10\/3FA.gif\",\"width\":600,\"height\":600,\"caption\":\"Buy 3FA Online\"},{\"@type\":\"BreadcrumbList\",\"@id\":\"https:\/\/nembutalhouse.com\/product\/buy-3fa-online\/#breadcrumb\",\"itemListElement\":[{\"@type\":\"ListItem\",\"position\":1,\"name\":\"Home\",\"item\":\"https:\/\/nembutalhouse.com\/\"},{\"@type\":\"ListItem\",\"position\":2,\"name\":\"Shop\",\"item\":\"https:\/\/nembutalhouse.com\/shop\/\"},{\"@type\":\"ListItem\",\"position\":3,\"name\":\"Buy 3FA Online\"}]},{\"@type\":\"WebSite\",\"@id\":\"https:\/\/nembutalhouse.com\/#website\",\"url\":\"https:\/\/nembutalhouse.com\/\",\"name\":\"Nembutal House\",\"description\":\"Best Nembutal Online Store\",\"publisher\":{\"@id\":\"https:\/\/nembutalhouse.com\/#organization\"},\"potentialAction\":[{\"@type\":\"SearchAction\",\"target\":{\"@type\":\"EntryPoint\",\"urlTemplate\":\"https:\/\/nembutalhouse.com\/?s={search_term_string}\"},\"query-input\":{\"@type\":\"PropertyValueSpecification\",\"valueRequired\":true,\"valueName\":\"search_term_string\"}}],\"inLanguage\":\"hu\"},{\"@type\":\"Organization\",\"@id\":\"https:\/\/nembutalhouse.com\/#organization\",\"name\":\"Nembutal House\",\"url\":\"https:\/\/nembutalhouse.com\/\",\"logo\":{\"@type\":\"ImageObject\",\"inLanguage\":\"hu\",\"@id\":\"https:\/\/nembutalhouse.com\/#\/schema\/logo\/image\/\",\"url\":\"https:\/\/nembutalhouse.com\/wp-content\/uploads\/2022\/12\/logo.png\",\"contentUrl\":\"https:\/\/nembutalhouse.com\/wp-content\/uploads\/2022\/12\/logo.png\",\"width\":344,\"height\":103,\"caption\":\"Nembutal House\"},\"image\":{\"@id\":\"https:\/\/nembutalhouse.com\/#\/schema\/logo\/image\/\"}}]}<\/script>\n<!-- \/ Yoast SEO plugin. -->","yoast_head_json":{"title":"Buy 3 FA Online - 3 FA for Sale - Order 3 FA Online","description":"If you want to buy 3fa online and looking for a reliable online store, then buy here. We offer only high-quality 3fa for sale at an affordable price. Order 3fa Now!","robots":{"index":"index","follow":"follow","max-snippet":"max-snippet:-1","max-image-preview":"max-image-preview:large","max-video-preview":"max-video-preview:-1"},"canonical":"https:\/\/nembutalhouse.com\/hu\/termek\/buy-3fa-online\/","og_locale":"hu_HU","og_type":"article","og_title":"Buy 3 FA Online - 3 FA for Sale - Order 3 FA Online","og_description":"If you want to buy 3fa online and looking for a reliable online store, then buy here. We offer only high-quality 3fa for sale at an affordable price. Order 3fa Now!","og_url":"https:\/\/nembutalhouse.com\/hu\/termek\/buy-3fa-online\/","og_site_name":"Nembutal House","article_modified_time":"2026-03-06T07:04:12+00:00","og_image":[{"width":600,"height":600,"url":"https:\/\/nembutalhouse.com\/wp-content\/uploads\/2024\/10\/3FA.gif","type":"image\/gif"}],"twitter_card":"summary_large_image","twitter_misc":{"Becs\u00fclt olvas\u00e1si id\u0151":"3 perc"},"schema":{"@context":"https:\/\/schema.org","@graph":[{"@type":"WebPage","@id":"https:\/\/nembutalhouse.com\/product\/buy-3fa-online\/","url":"https:\/\/nembutalhouse.com\/product\/buy-3fa-online\/","name":"Buy 3 FA Online - 3 FA for Sale - Order 3 FA Online","isPartOf":{"@id":"https:\/\/nembutalhouse.com\/#website"},"primaryImageOfPage":{"@id":"https:\/\/nembutalhouse.com\/product\/buy-3fa-online\/#primaryimage"},"image":{"@id":"https:\/\/nembutalhouse.com\/product\/buy-3fa-online\/#primaryimage"},"thumbnailUrl":"https:\/\/nembutalhouse.com\/wp-content\/uploads\/2024\/10\/3FA.gif","datePublished":"2024-10-16T04:46:10+00:00","dateModified":"2026-03-06T07:04:12+00:00","description":"If you want to buy 3fa online and looking for a reliable online store, then buy here. We offer only high-quality 3fa for sale at an affordable price. Order 3fa Now!","breadcrumb":{"@id":"https:\/\/nembutalhouse.com\/product\/buy-3fa-online\/#breadcrumb"},"inLanguage":"hu","potentialAction":[{"@type":"ReadAction","target":["https:\/\/nembutalhouse.com\/product\/buy-3fa-online\/"]}]},{"@type":"ImageObject","inLanguage":"hu","@id":"https:\/\/nembutalhouse.com\/product\/buy-3fa-online\/#primaryimage","url":"https:\/\/nembutalhouse.com\/wp-content\/uploads\/2024\/10\/3FA.gif","contentUrl":"https:\/\/nembutalhouse.com\/wp-content\/uploads\/2024\/10\/3FA.gif","width":600,"height":600,"caption":"Buy 3FA Online"},{"@type":"BreadcrumbList","@id":"https:\/\/nembutalhouse.com\/product\/buy-3fa-online\/#breadcrumb","itemListElement":[{"@type":"ListItem","position":1,"name":"Home","item":"https:\/\/nembutalhouse.com\/"},{"@type":"ListItem","position":2,"name":"Shop","item":"https:\/\/nembutalhouse.com\/shop\/"},{"@type":"ListItem","position":3,"name":"Buy 3FA Online"}]},{"@type":"WebSite","@id":"https:\/\/nembutalhouse.com\/#website","url":"https:\/\/nembutalhouse.com\/","name":"Nembutal House","description":"Best Nembutal Online Store","publisher":{"@id":"https:\/\/nembutalhouse.com\/#organization"},"potentialAction":[{"@type":"SearchAction","target":{"@type":"EntryPoint","urlTemplate":"https:\/\/nembutalhouse.com\/?s={search_term_string}"},"query-input":{"@type":"PropertyValueSpecification","valueRequired":true,"valueName":"search_term_string"}}],"inLanguage":"hu"},{"@type":"Organization","@id":"https:\/\/nembutalhouse.com\/#organization","name":"Nembutal House","url":"https:\/\/nembutalhouse.com\/","logo":{"@type":"ImageObject","inLanguage":"hu","@id":"https:\/\/nembutalhouse.com\/#\/schema\/logo\/image\/","url":"https:\/\/nembutalhouse.com\/wp-content\/uploads\/2022\/12\/logo.png","contentUrl":"https:\/\/nembutalhouse.com\/wp-content\/uploads\/2022\/12\/logo.png","width":344,"height":103,"caption":"Nembutal House"},"image":{"@id":"https:\/\/nembutalhouse.com\/#\/schema\/logo\/image\/"}}]}},"_links":{"self":[{"href":"https:\/\/nembutalhouse.com\/hu\/wp-json\/wp\/v2\/product\/531","targetHints":{"allow":["GET"]}}],"collection":[{"href":"https:\/\/nembutalhouse.com\/hu\/wp-json\/wp\/v2\/product"}],"about":[{"href":"https:\/\/nembutalhouse.com\/hu\/wp-json\/wp\/v2\/types\/product"}],"replies":[{"embeddable":true,"href":"https:\/\/nembutalhouse.com\/hu\/wp-json\/wp\/v2\/comments?post=531"}],"wp:featuredmedia":[{"embeddable":true,"href":"https:\/\/nembutalhouse.com\/hu\/wp-json\/wp\/v2\/media\/564"}],"wp:attachment":[{"href":"https:\/\/nembutalhouse.com\/hu\/wp-json\/wp\/v2\/media?parent=531"}],"wp:term":[{"taxonomy":"product_cat","embeddable":true,"href":"https:\/\/nembutalhouse.com\/hu\/wp-json\/wp\/v2\/product_cat?post=531"},{"taxonomy":"product_tag","embeddable":true,"href":"https:\/\/nembutalhouse.com\/hu\/wp-json\/wp\/v2\/product_tag?post=531"}],"curies":[{"name":"wp","href":"https:\/\/api.w.org\/{rel}","templated":true}]}}