{"id":301,"date":"2023-06-14T10:06:28","date_gmt":"2023-06-14T10:06:28","guid":{"rendered":"https:\/\/nembutalhouse.com\/?post_type=product&#038;p=301"},"modified":"2024-12-05T08:35:35","modified_gmt":"2024-12-05T08:35:35","slug":"buy-butabarbital-online","status":"publish","type":"product","link":"https:\/\/nembutalhouse.com\/hu\/termek\/vasarolni-butabarbital-online\/","title":{"rendered":"Butabarbital online v\u00e1s\u00e1rl\u00e1sa"},"content":{"rendered":"<h2>A The Top Pharmacy-t\u00f3l online v\u00e1s\u00e1rolhat butabarbit\u00e1l-n\u00e1trium 50 mg tablett\u00e1t.<\/h2>\n<p>A legjobb hely a Butabarbital Sodium 50 mg tabletta megv\u00e1s\u00e1rl\u00e1s\u00e1ra az online nembutal gy\u00f3gyszert\u00e1r. Egy ideje m\u00e1r a gy\u00f3gyszeriparban dolgozunk. Sz\u00e1m\u00edthat r\u00e1nk, hogy a lehet\u0151 legjobb ell\u00e1t\u00e1st ny\u00fajtjuk \u00d6nnek az eg\u00e9szs\u00e9g\u00e9\u00e9rt. Az \u00d6n elv\u00e1r\u00e1sainak semmilyen m\u00f3don nem fog csal\u00f3dni szakk\u00e9pzett munkat\u00e1rsaink. V\u00e1s\u00e1roljon azonnal!<\/p>\n<h2>Hogyan haszn\u00e1lhatja a Butabarbital Sodiumot a lehet\u0151 legteljesebb m\u00e9rt\u00e9kben, miut\u00e1n megv\u00e1s\u00e1rolta t\u0151l\u00fcnk?<\/h2>\n<p>Az egyik legjobb gy\u00f3gyszer az \u00e1lmatlans\u00e1g kezel\u00e9s\u00e9re feln\u0151ttekn\u00e9l a n\u00e1trium-butabarbit\u00e1l. \u00c1ltal\u00e1ban ez egy \u00e1tmeneti kezel\u00e9s. Ezt az anyagot az orvosi \u00e1gazatban nyugtat\u00f3k\u00e9nt lehet haszn\u00e1lni b\u00e1rmilyen m\u0171t\u00e9t el\u0151tt.<\/p>\n<p>A butabarbit\u00e1l-n\u00e1trium megfelel\u0151 adagol\u00e1s\u00e1nak biztos\u00edt\u00e1sa \u00e9rdek\u00e9ben \u00fcgyfeleinknek k\u00e9zik\u00f6nyvet biztos\u00edtunk. A gy\u00f3gyszerre vonatkoz\u00f3 \u00f6sszes utas\u00edt\u00e1s szerepel ebben a k\u00e9zik\u00f6nyvben. Egyszer\u0171en el lehet olvasni \u0151ket egyes\u00e9vel, \u00e9s alkalmazni a k\u00edv\u00e1nt c\u00e9lokra. Minden bizalm\u00e1t tekint\u00e9lyes online gy\u00f3gyszert\u00e1runkba helyezheti. Mindig figyelembe vessz\u00fck, hogy mi a legjobb a d\u00e9delgetett \u00fcgyfeleink sz\u00e1m\u00e1ra. Mindig agg\u00f3dunk az emberek eg\u00e9szs\u00e9g\u00e9\u00e9rt, \u00e9s minden term\u00e9ket megvizsg\u00e1lunk, miel\u0151tt biztos\u00edtan\u00e1nk.<\/p>\n<p>L\u00e9pjen kapcsolatba vel\u00fcnk, ha szeretne <a href=\"https:\/\/nembutalhouse.com\/hu\/termek\/vasarolni-butabarbital-online\/\">Butabarbit\u00e1l-n\u00e1trium<\/a> a legalacsonyabb k\u00f6lts\u00e9ggel. Munkat\u00e1rsaink egy perc alatt elemzik a megrendel\u00e9s\u00e9t \u00e9s k\u00e9sz\u00edtik el\u0151 a sz\u00e1ll\u00edt\u00e1sra. \u00d6n az online gy\u00f3gyszert\u00e1runk \u00e1ltal meghat\u00e1rozott hat\u00e1rid\u0151n bel\u00fcl megkapja gy\u00f3gyszereit. V\u00e1s\u00e1roljon olcs\u00f3 Nembutal-t azonnal!<\/p>","protected":false},"excerpt":{"rendered":"<p>From The Top Pharmacy, you can purchase butabarbital sodium 50 mg tablets online. The best place to purchase Butabarbital Sodium 50 mg Tablets is from an online nembutal pharmacy. We&hellip;<\/p>","protected":false},"featured_media":332,"comment_status":"closed","ping_status":"closed","template":"","meta":{"_joinchat":[]},"product_cat":[16],"product_tag":[353,342,357,334,339,345,358,346,349,335,355,356,354,332,344,333,351,348,341,337,338,352,350,347,340,343,336],"class_list":{"0":"post-301","1":"product","2":"type-product","3":"status-publish","4":"has-post-thumbnail","6":"product_cat-nembutal","7":"product_tag-best-cheap-price-butabarbital-tablets","8":"product_tag-best-place-to-buy-butabarbital-tablets","9":"product_tag-butabarbital-tablets-for-cleaning","10":"product_tag-butabarbital-tablets-for-sale","11":"product_tag-butabarbital-tablets-liquid","12":"product_tag-butabarbital-tablets-online","13":"product_tag-butabarbital-tablets-powder","14":"product_tag-butabarbital-tablets-price","15":"product_tag-butabarbital-tablets-store","16":"product_tag-butabarbital-tablets-supplier","17":"product_tag-butabarbital-tablets-use","18":"product_tag-butabarbital-tablets-wiki","19":"product_tag-butabarbital-tablets-worldwide","20":"product_tag-buy-butabarbital-tablets","21":"product_tag-buy-butabarbital-tablets-legally","22":"product_tag-buy-butabarbital-tablets-online","23":"product_tag-cheap-butabarbital-tablets","24":"product_tag-high-quality-butabarbital-tablets","25":"product_tag-how-to-buy-butabarbital-tablets","26":"product_tag-order-butabarbital-tablets","27":"product_tag-order-butabarbital-tablets-online","28":"product_tag-purcharse-butabarbital-tablets","29":"product_tag-shop-butabarbital-tablets","30":"product_tag-top-quality-butabarbital-tablets","31":"product_tag-where-to-buy-butabarbital-tablets","32":"product_tag-where-to-order-butabarbital-tablets","33":"product_tag-wholesale-butabarbital-tablets-bulk-online","35":"first","36":"instock","37":"shipping-taxable","38":"purchasable","39":"product-type-variable"},"yoast_head":"<!-- This site is optimized with the Yoast SEO plugin v24.1 - https:\/\/yoast.com\/wordpress\/plugins\/seo\/ -->\n<title>Buy Butabarbital Online - Butabarbital for sale - Order Butabarbital<\/title>\n<meta name=\"description\" content=\"Looking to further your research? Buy butabarbital conveniently and securely online, with a straightforward ordering process for butabarbital for sale. Explore the possibilities and buy butabarbital online for your research endeavors today.\" \/>\n<meta name=\"robots\" content=\"index, follow, max-snippet:-1, max-image-preview:large, max-video-preview:-1\" \/>\n<link rel=\"canonical\" href=\"https:\/\/nembutalhouse.com\/hu\/termek\/vasarolni-butabarbital-online\/\" \/>\n<meta property=\"og:locale\" content=\"hu_HU\" \/>\n<meta property=\"og:type\" content=\"article\" \/>\n<meta property=\"og:title\" content=\"Buy Butabarbital Online - Butabarbital for sale - Order Butabarbital\" \/>\n<meta property=\"og:description\" content=\"Looking to further your research? Buy butabarbital conveniently and securely online, with a straightforward ordering process for butabarbital for sale. Explore the possibilities and buy butabarbital online for your research endeavors today.\" \/>\n<meta property=\"og:url\" content=\"https:\/\/nembutalhouse.com\/hu\/termek\/vasarolni-butabarbital-online\/\" \/>\n<meta property=\"og:site_name\" content=\"Nembutal House\" \/>\n<meta property=\"article:modified_time\" content=\"2024-12-05T08:35:35+00:00\" \/>\n<meta property=\"og:image\" content=\"https:\/\/nembutalhouse.com\/wp-content\/uploads\/2023\/06\/Butabarbital-1.jpg\" \/>\n\t<meta property=\"og:image:width\" content=\"600\" \/>\n\t<meta property=\"og:image:height\" content=\"600\" \/>\n\t<meta property=\"og:image:type\" content=\"image\/jpeg\" \/>\n<meta name=\"twitter:card\" content=\"summary_large_image\" \/>\n<meta name=\"twitter:label1\" content=\"Becs\u00fclt olvas\u00e1si id\u0151\" \/>\n\t<meta name=\"twitter:data1\" content=\"2 perc\" \/>\n<script type=\"application\/ld+json\" class=\"yoast-schema-graph\">{\"@context\":\"https:\/\/schema.org\",\"@graph\":[{\"@type\":\"WebPage\",\"@id\":\"https:\/\/nembutalhouse.com\/product\/buy-butabarbital-online\/\",\"url\":\"https:\/\/nembutalhouse.com\/product\/buy-butabarbital-online\/\",\"name\":\"Buy Butabarbital Online - Butabarbital for sale - Order Butabarbital\",\"isPartOf\":{\"@id\":\"https:\/\/nembutalhouse.com\/#website\"},\"primaryImageOfPage\":{\"@id\":\"https:\/\/nembutalhouse.com\/product\/buy-butabarbital-online\/#primaryimage\"},\"image\":{\"@id\":\"https:\/\/nembutalhouse.com\/product\/buy-butabarbital-online\/#primaryimage\"},\"thumbnailUrl\":\"https:\/\/nembutalhouse.com\/wp-content\/uploads\/2023\/06\/Butabarbital-1.jpg\",\"datePublished\":\"2023-06-14T10:06:28+00:00\",\"dateModified\":\"2024-12-05T08:35:35+00:00\",\"description\":\"Looking to further your research? Buy butabarbital conveniently and securely online, with a straightforward ordering process for butabarbital for sale. Explore the possibilities and buy butabarbital online for your research endeavors today.\",\"breadcrumb\":{\"@id\":\"https:\/\/nembutalhouse.com\/product\/buy-butabarbital-online\/#breadcrumb\"},\"inLanguage\":\"hu\",\"potentialAction\":[{\"@type\":\"ReadAction\",\"target\":[\"https:\/\/nembutalhouse.com\/product\/buy-butabarbital-online\/\"]}]},{\"@type\":\"ImageObject\",\"inLanguage\":\"hu\",\"@id\":\"https:\/\/nembutalhouse.com\/product\/buy-butabarbital-online\/#primaryimage\",\"url\":\"https:\/\/nembutalhouse.com\/wp-content\/uploads\/2023\/06\/Butabarbital-1.jpg\",\"contentUrl\":\"https:\/\/nembutalhouse.com\/wp-content\/uploads\/2023\/06\/Butabarbital-1.jpg\",\"width\":600,\"height\":600,\"caption\":\"Butabarbital\"},{\"@type\":\"BreadcrumbList\",\"@id\":\"https:\/\/nembutalhouse.com\/product\/buy-butabarbital-online\/#breadcrumb\",\"itemListElement\":[{\"@type\":\"ListItem\",\"position\":1,\"name\":\"Home\",\"item\":\"https:\/\/nembutalhouse.com\/\"},{\"@type\":\"ListItem\",\"position\":2,\"name\":\"Shop\",\"item\":\"https:\/\/nembutalhouse.com\/shop\/\"},{\"@type\":\"ListItem\",\"position\":3,\"name\":\"Buy Butabarbital Online\"}]},{\"@type\":\"WebSite\",\"@id\":\"https:\/\/nembutalhouse.com\/#website\",\"url\":\"https:\/\/nembutalhouse.com\/\",\"name\":\"Nembutal House\",\"description\":\"Best Nembutal Online Store\",\"publisher\":{\"@id\":\"https:\/\/nembutalhouse.com\/#organization\"},\"potentialAction\":[{\"@type\":\"SearchAction\",\"target\":{\"@type\":\"EntryPoint\",\"urlTemplate\":\"https:\/\/nembutalhouse.com\/?s={search_term_string}\"},\"query-input\":{\"@type\":\"PropertyValueSpecification\",\"valueRequired\":true,\"valueName\":\"search_term_string\"}}],\"inLanguage\":\"hu\"},{\"@type\":\"Organization\",\"@id\":\"https:\/\/nembutalhouse.com\/#organization\",\"name\":\"Nembutal House\",\"url\":\"https:\/\/nembutalhouse.com\/\",\"logo\":{\"@type\":\"ImageObject\",\"inLanguage\":\"hu\",\"@id\":\"https:\/\/nembutalhouse.com\/#\/schema\/logo\/image\/\",\"url\":\"https:\/\/nembutalhouse.com\/wp-content\/uploads\/2022\/12\/logo.png\",\"contentUrl\":\"https:\/\/nembutalhouse.com\/wp-content\/uploads\/2022\/12\/logo.png\",\"width\":344,\"height\":103,\"caption\":\"Nembutal House\"},\"image\":{\"@id\":\"https:\/\/nembutalhouse.com\/#\/schema\/logo\/image\/\"}}]}<\/script>\n<!-- \/ Yoast SEO plugin. -->","yoast_head_json":{"title":"Buy Butabarbital Online - Butabarbital for sale - Order Butabarbital","description":"Looking to further your research? Buy butabarbital conveniently and securely online, with a straightforward ordering process for butabarbital for sale. Explore the possibilities and buy butabarbital online for your research endeavors today.","robots":{"index":"index","follow":"follow","max-snippet":"max-snippet:-1","max-image-preview":"max-image-preview:large","max-video-preview":"max-video-preview:-1"},"canonical":"https:\/\/nembutalhouse.com\/hu\/termek\/vasarolni-butabarbital-online\/","og_locale":"hu_HU","og_type":"article","og_title":"Buy Butabarbital Online - Butabarbital for sale - Order Butabarbital","og_description":"Looking to further your research? Buy butabarbital conveniently and securely online, with a straightforward ordering process for butabarbital for sale. Explore the possibilities and buy butabarbital online for your research endeavors today.","og_url":"https:\/\/nembutalhouse.com\/hu\/termek\/vasarolni-butabarbital-online\/","og_site_name":"Nembutal House","article_modified_time":"2024-12-05T08:35:35+00:00","og_image":[{"width":600,"height":600,"url":"https:\/\/nembutalhouse.com\/wp-content\/uploads\/2023\/06\/Butabarbital-1.jpg","type":"image\/jpeg"}],"twitter_card":"summary_large_image","twitter_misc":{"Becs\u00fclt olvas\u00e1si id\u0151":"2 perc"},"schema":{"@context":"https:\/\/schema.org","@graph":[{"@type":"WebPage","@id":"https:\/\/nembutalhouse.com\/product\/buy-butabarbital-online\/","url":"https:\/\/nembutalhouse.com\/product\/buy-butabarbital-online\/","name":"Buy Butabarbital Online - Butabarbital for sale - Order Butabarbital","isPartOf":{"@id":"https:\/\/nembutalhouse.com\/#website"},"primaryImageOfPage":{"@id":"https:\/\/nembutalhouse.com\/product\/buy-butabarbital-online\/#primaryimage"},"image":{"@id":"https:\/\/nembutalhouse.com\/product\/buy-butabarbital-online\/#primaryimage"},"thumbnailUrl":"https:\/\/nembutalhouse.com\/wp-content\/uploads\/2023\/06\/Butabarbital-1.jpg","datePublished":"2023-06-14T10:06:28+00:00","dateModified":"2024-12-05T08:35:35+00:00","description":"Looking to further your research? Buy butabarbital conveniently and securely online, with a straightforward ordering process for butabarbital for sale. Explore the possibilities and buy butabarbital online for your research endeavors today.","breadcrumb":{"@id":"https:\/\/nembutalhouse.com\/product\/buy-butabarbital-online\/#breadcrumb"},"inLanguage":"hu","potentialAction":[{"@type":"ReadAction","target":["https:\/\/nembutalhouse.com\/product\/buy-butabarbital-online\/"]}]},{"@type":"ImageObject","inLanguage":"hu","@id":"https:\/\/nembutalhouse.com\/product\/buy-butabarbital-online\/#primaryimage","url":"https:\/\/nembutalhouse.com\/wp-content\/uploads\/2023\/06\/Butabarbital-1.jpg","contentUrl":"https:\/\/nembutalhouse.com\/wp-content\/uploads\/2023\/06\/Butabarbital-1.jpg","width":600,"height":600,"caption":"Butabarbital"},{"@type":"BreadcrumbList","@id":"https:\/\/nembutalhouse.com\/product\/buy-butabarbital-online\/#breadcrumb","itemListElement":[{"@type":"ListItem","position":1,"name":"Home","item":"https:\/\/nembutalhouse.com\/"},{"@type":"ListItem","position":2,"name":"Shop","item":"https:\/\/nembutalhouse.com\/shop\/"},{"@type":"ListItem","position":3,"name":"Buy Butabarbital Online"}]},{"@type":"WebSite","@id":"https:\/\/nembutalhouse.com\/#website","url":"https:\/\/nembutalhouse.com\/","name":"Nembutal House","description":"Best Nembutal Online Store","publisher":{"@id":"https:\/\/nembutalhouse.com\/#organization"},"potentialAction":[{"@type":"SearchAction","target":{"@type":"EntryPoint","urlTemplate":"https:\/\/nembutalhouse.com\/?s={search_term_string}"},"query-input":{"@type":"PropertyValueSpecification","valueRequired":true,"valueName":"search_term_string"}}],"inLanguage":"hu"},{"@type":"Organization","@id":"https:\/\/nembutalhouse.com\/#organization","name":"Nembutal House","url":"https:\/\/nembutalhouse.com\/","logo":{"@type":"ImageObject","inLanguage":"hu","@id":"https:\/\/nembutalhouse.com\/#\/schema\/logo\/image\/","url":"https:\/\/nembutalhouse.com\/wp-content\/uploads\/2022\/12\/logo.png","contentUrl":"https:\/\/nembutalhouse.com\/wp-content\/uploads\/2022\/12\/logo.png","width":344,"height":103,"caption":"Nembutal House"},"image":{"@id":"https:\/\/nembutalhouse.com\/#\/schema\/logo\/image\/"}}]}},"_links":{"self":[{"href":"https:\/\/nembutalhouse.com\/hu\/wp-json\/wp\/v2\/product\/301","targetHints":{"allow":["GET"]}}],"collection":[{"href":"https:\/\/nembutalhouse.com\/hu\/wp-json\/wp\/v2\/product"}],"about":[{"href":"https:\/\/nembutalhouse.com\/hu\/wp-json\/wp\/v2\/types\/product"}],"replies":[{"embeddable":true,"href":"https:\/\/nembutalhouse.com\/hu\/wp-json\/wp\/v2\/comments?post=301"}],"wp:featuredmedia":[{"embeddable":true,"href":"https:\/\/nembutalhouse.com\/hu\/wp-json\/wp\/v2\/media\/332"}],"wp:attachment":[{"href":"https:\/\/nembutalhouse.com\/hu\/wp-json\/wp\/v2\/media?parent=301"}],"wp:term":[{"taxonomy":"product_cat","embeddable":true,"href":"https:\/\/nembutalhouse.com\/hu\/wp-json\/wp\/v2\/product_cat?post=301"},{"taxonomy":"product_tag","embeddable":true,"href":"https:\/\/nembutalhouse.com\/hu\/wp-json\/wp\/v2\/product_tag?post=301"}],"curies":[{"name":"wp","href":"https:\/\/api.w.org\/{rel}","templated":true}]}}