{"id":300,"date":"2023-06-14T10:07:05","date_gmt":"2023-06-14T10:07:05","guid":{"rendered":"https:\/\/nembutalhouse.com\/?post_type=product&#038;p=300"},"modified":"2024-12-05T08:33:57","modified_gmt":"2024-12-05T08:33:57","slug":"brallobarbital-vesparax","status":"publish","type":"product","link":"https:\/\/nembutalhouse.com\/hu\/termek\/brallobarbital-vesparax\/","title":{"rendered":"V\u00e1s\u00e1rl\u00e1s Brallobarbital (Vesparax)"},"content":{"rendered":"<h2>V\u00e1s\u00e1rl\u00e1s Vesparax (Ballobarbital) Online a j\u00f3 h\u00edr\u0171 gy\u00f3gyszert\u00e1rban<\/h2>\n<p><a href=\"https:\/\/nembutalhouse.com\/hu\/termek\/brallobarbital-vesparax\/\">V\u00e1s\u00e1rl\u00e1s Brallobarbital (Vesparax)<\/a>, A Brallobarbital (Vesparax) egy olyan gy\u00f3gyszer, amelyet egy online gy\u00f3gyszert\u00e1r a nembutal sz\u00e1m\u00e1ra \u00e9rt\u00e9kes\u00edt, \u00e9s azonnal kisz\u00e1ll\u00edtj\u00e1k a megrendel\u0151 fogyaszt\u00f3knak. Mi egy j\u00f3 h\u00edr\u0171 online gy\u00f3gyszert\u00e1r vagyunk, ahol a Vesparaxot a legalacsonyabb \u00e1ron v\u00e1s\u00e1rolhatja meg. A k\u00f6lts\u00e9geink verhetetlenek \u00e9s mindenki sz\u00e1m\u00e1ra elfogadhat\u00f3ak. Van egy olyan szem\u00e9lyzet\u00fcnk is, amely hat\u00e9konyan teljes\u00edti az \u00d6n ig\u00e9nyeit \u00e9s ig\u00e9nyeit a nembutal brallobarbitalra vonatkoz\u00f3an. A Nembutal Brallobarbital most gyorsan megrendelhet\u0151 gy\u00f3gyszert\u00e1runkb\u00f3l \u00e9s k\u00f6zvetlen\u00fcl az \u00d6n otthon\u00e1ba sz\u00e1ll\u00edthat\u00f3.<\/p>\n<h3>Milyen t\u00edpus\u00fa gy\u00f3gyszer a Brallobarbital (Vesparax) \u00e9s hogyan alkalmazhat\u00f3?<\/h3>\n<p>A Vesparax nev\u0171 gy\u00f3gyszert gyakran atipikus antipszichotikumk\u00e9nt emlegetik. \u00dagy m\u0171k\u00f6dik, hogy megv\u00e1ltoztatja bizonyos molekul\u00e1k m\u0171k\u00f6d\u00e9s\u00e9t az agyban. Csak feln\u0151ttek haszn\u00e1lhatj\u00e1k ezt a gy\u00f3gyszert, amelyet 18 \u00e9v alattiaknak nem szabad beadni.<\/p>\n<p><strong>A Vesparax a k\u00f6vetkez\u0151 alkalmaz\u00e1sokkal rendelkezik:<\/strong><\/p>\n<p>Seg\u00edt a skizofr\u00e9nia kezel\u00e9s\u00e9ben feln\u0151ttekn\u00e9l \u00e9s gyermekekn\u00e9l egyar\u00e1nt.<br \/>\nAntidepressz\u00e1nsokkal egy\u00fctt alkalmazz\u00e1k s\u00falyos depresszi\u00f3s zavarban szenved\u0151 egy\u00e9nek kezel\u00e9s\u00e9re a bipol\u00e1ris zavar kezel\u00e9s\u00e9re gyermekekn\u00e9l \u00e9s feln\u0151ttekn\u00e9l egyar\u00e1nt.<\/p>","protected":false},"excerpt":{"rendered":"<p>Buy Vesparax (Ballobarbital) Online From The Reputable Pharmacy Buy Brallobarbital (Vesparax), Brallobarbital (Vesparax) is a medication that is sold by an online pharmacy for nembutal and is promptly delivered to&hellip;<\/p>","protected":false},"featured_media":334,"comment_status":"closed","ping_status":"closed","template":"","meta":{"_joinchat":[]},"product_cat":[16],"product_tag":[326,315,330,307,312,318,331,319,322,308,328,329,327,305,317,306,324,321,314,310,311,325,323,320,313,316,309],"class_list":{"0":"post-300","1":"product","2":"type-product","3":"status-publish","4":"has-post-thumbnail","6":"product_cat-nembutal","7":"product_tag-best-cheap-price-brallobarbital","8":"product_tag-best-place-to-buy-brallobarbital","9":"product_tag-brallobarbital-for-cleaning","10":"product_tag-brallobarbital-for-sale","11":"product_tag-brallobarbital-liquid","12":"product_tag-brallobarbital-online","13":"product_tag-brallobarbital-powder","14":"product_tag-brallobarbital-price","15":"product_tag-brallobarbital-store","16":"product_tag-brallobarbital-supplier","17":"product_tag-brallobarbital-use","18":"product_tag-brallobarbital-wiki","19":"product_tag-brallobarbital-worldwide","20":"product_tag-buy-brallobarbital","21":"product_tag-buy-brallobarbital-legally","22":"product_tag-buy-brallobarbital-online","23":"product_tag-cheap-brallobarbital","24":"product_tag-high-quality-brallobarbital","25":"product_tag-how-to-buy-brallobarbital","26":"product_tag-order-brallobarbital","27":"product_tag-order-brallobarbital-online","28":"product_tag-purcharse-brallobarbital","29":"product_tag-shop-brallobarbital","30":"product_tag-top-quality-brallobarbital","31":"product_tag-where-to-buy-brallobarbital","32":"product_tag-where-to-order-brallobarbital","33":"product_tag-wholesale-brallobarbital-bulk-online","35":"first","36":"instock","37":"shipping-taxable","38":"purchasable","39":"product-type-variable"},"yoast_head":"<!-- This site is optimized with the Yoast SEO plugin v24.1 - https:\/\/yoast.com\/wordpress\/plugins\/seo\/ -->\n<title>Buy Brallobarbital Online - Brallobarbital for Sale - NH<\/title>\n<meta name=\"description\" content=\"If you want to buy Brallobarbital online and looking for a reliable online store, then buy here. We offer only high-quality Brallobarbital for sale at an affordable price.\" \/>\n<meta name=\"robots\" content=\"index, follow, max-snippet:-1, max-image-preview:large, max-video-preview:-1\" \/>\n<link rel=\"canonical\" href=\"https:\/\/nembutalhouse.com\/hu\/termek\/brallobarbital-vesparax\/\" \/>\n<meta property=\"og:locale\" content=\"hu_HU\" \/>\n<meta property=\"og:type\" content=\"article\" \/>\n<meta property=\"og:title\" content=\"Buy Brallobarbital Online - Brallobarbital for Sale - NH\" \/>\n<meta property=\"og:description\" content=\"If you want to buy Brallobarbital online and looking for a reliable online store, then buy here. We offer only high-quality Brallobarbital for sale at an affordable price.\" \/>\n<meta property=\"og:url\" content=\"https:\/\/nembutalhouse.com\/hu\/termek\/brallobarbital-vesparax\/\" \/>\n<meta property=\"og:site_name\" content=\"Nembutal House\" \/>\n<meta property=\"article:modified_time\" content=\"2024-12-05T08:33:57+00:00\" \/>\n<meta property=\"og:image\" content=\"https:\/\/nembutalhouse.com\/wp-content\/uploads\/2023\/06\/brallobarbital-Vesparax-2.jpg\" \/>\n\t<meta property=\"og:image:width\" content=\"600\" \/>\n\t<meta property=\"og:image:height\" content=\"600\" \/>\n\t<meta property=\"og:image:type\" content=\"image\/jpeg\" \/>\n<meta name=\"twitter:card\" content=\"summary_large_image\" \/>\n<meta name=\"twitter:label1\" content=\"Becs\u00fclt olvas\u00e1si id\u0151\" \/>\n\t<meta name=\"twitter:data1\" content=\"1 perc\" \/>\n<script type=\"application\/ld+json\" class=\"yoast-schema-graph\">{\"@context\":\"https:\/\/schema.org\",\"@graph\":[{\"@type\":\"WebPage\",\"@id\":\"https:\/\/nembutalhouse.com\/product\/brallobarbital-vesparax\/\",\"url\":\"https:\/\/nembutalhouse.com\/product\/brallobarbital-vesparax\/\",\"name\":\"Buy Brallobarbital Online - Brallobarbital for Sale - NH\",\"isPartOf\":{\"@id\":\"https:\/\/nembutalhouse.com\/#website\"},\"primaryImageOfPage\":{\"@id\":\"https:\/\/nembutalhouse.com\/product\/brallobarbital-vesparax\/#primaryimage\"},\"image\":{\"@id\":\"https:\/\/nembutalhouse.com\/product\/brallobarbital-vesparax\/#primaryimage\"},\"thumbnailUrl\":\"https:\/\/nembutalhouse.com\/wp-content\/uploads\/2023\/06\/brallobarbital-Vesparax-2.jpg\",\"datePublished\":\"2023-06-14T10:07:05+00:00\",\"dateModified\":\"2024-12-05T08:33:57+00:00\",\"description\":\"If you want to buy Brallobarbital online and looking for a reliable online store, then buy here. We offer only high-quality Brallobarbital for sale at an affordable price.\",\"breadcrumb\":{\"@id\":\"https:\/\/nembutalhouse.com\/product\/brallobarbital-vesparax\/#breadcrumb\"},\"inLanguage\":\"hu\",\"potentialAction\":[{\"@type\":\"ReadAction\",\"target\":[\"https:\/\/nembutalhouse.com\/product\/brallobarbital-vesparax\/\"]}]},{\"@type\":\"ImageObject\",\"inLanguage\":\"hu\",\"@id\":\"https:\/\/nembutalhouse.com\/product\/brallobarbital-vesparax\/#primaryimage\",\"url\":\"https:\/\/nembutalhouse.com\/wp-content\/uploads\/2023\/06\/brallobarbital-Vesparax-2.jpg\",\"contentUrl\":\"https:\/\/nembutalhouse.com\/wp-content\/uploads\/2023\/06\/brallobarbital-Vesparax-2.jpg\",\"width\":600,\"height\":600,\"caption\":\"brallobarbital-Vesparax\"},{\"@type\":\"BreadcrumbList\",\"@id\":\"https:\/\/nembutalhouse.com\/product\/brallobarbital-vesparax\/#breadcrumb\",\"itemListElement\":[{\"@type\":\"ListItem\",\"position\":1,\"name\":\"Home\",\"item\":\"https:\/\/nembutalhouse.com\/\"},{\"@type\":\"ListItem\",\"position\":2,\"name\":\"Shop\",\"item\":\"https:\/\/nembutalhouse.com\/shop\/\"},{\"@type\":\"ListItem\",\"position\":3,\"name\":\"Buy Brallobarbital (Vesparax)\"}]},{\"@type\":\"WebSite\",\"@id\":\"https:\/\/nembutalhouse.com\/#website\",\"url\":\"https:\/\/nembutalhouse.com\/\",\"name\":\"Nembutal House\",\"description\":\"Best Nembutal Online Store\",\"publisher\":{\"@id\":\"https:\/\/nembutalhouse.com\/#organization\"},\"potentialAction\":[{\"@type\":\"SearchAction\",\"target\":{\"@type\":\"EntryPoint\",\"urlTemplate\":\"https:\/\/nembutalhouse.com\/?s={search_term_string}\"},\"query-input\":{\"@type\":\"PropertyValueSpecification\",\"valueRequired\":true,\"valueName\":\"search_term_string\"}}],\"inLanguage\":\"hu\"},{\"@type\":\"Organization\",\"@id\":\"https:\/\/nembutalhouse.com\/#organization\",\"name\":\"Nembutal House\",\"url\":\"https:\/\/nembutalhouse.com\/\",\"logo\":{\"@type\":\"ImageObject\",\"inLanguage\":\"hu\",\"@id\":\"https:\/\/nembutalhouse.com\/#\/schema\/logo\/image\/\",\"url\":\"https:\/\/nembutalhouse.com\/wp-content\/uploads\/2022\/12\/logo.png\",\"contentUrl\":\"https:\/\/nembutalhouse.com\/wp-content\/uploads\/2022\/12\/logo.png\",\"width\":344,\"height\":103,\"caption\":\"Nembutal House\"},\"image\":{\"@id\":\"https:\/\/nembutalhouse.com\/#\/schema\/logo\/image\/\"}}]}<\/script>\n<!-- \/ Yoast SEO plugin. -->","yoast_head_json":{"title":"Buy Brallobarbital Online - Brallobarbital for Sale - NH","description":"If you want to buy Brallobarbital online and looking for a reliable online store, then buy here. We offer only high-quality Brallobarbital for sale at an affordable price.","robots":{"index":"index","follow":"follow","max-snippet":"max-snippet:-1","max-image-preview":"max-image-preview:large","max-video-preview":"max-video-preview:-1"},"canonical":"https:\/\/nembutalhouse.com\/hu\/termek\/brallobarbital-vesparax\/","og_locale":"hu_HU","og_type":"article","og_title":"Buy Brallobarbital Online - Brallobarbital for Sale - NH","og_description":"If you want to buy Brallobarbital online and looking for a reliable online store, then buy here. We offer only high-quality Brallobarbital for sale at an affordable price.","og_url":"https:\/\/nembutalhouse.com\/hu\/termek\/brallobarbital-vesparax\/","og_site_name":"Nembutal House","article_modified_time":"2024-12-05T08:33:57+00:00","og_image":[{"width":600,"height":600,"url":"https:\/\/nembutalhouse.com\/wp-content\/uploads\/2023\/06\/brallobarbital-Vesparax-2.jpg","type":"image\/jpeg"}],"twitter_card":"summary_large_image","twitter_misc":{"Becs\u00fclt olvas\u00e1si id\u0151":"1 perc"},"schema":{"@context":"https:\/\/schema.org","@graph":[{"@type":"WebPage","@id":"https:\/\/nembutalhouse.com\/product\/brallobarbital-vesparax\/","url":"https:\/\/nembutalhouse.com\/product\/brallobarbital-vesparax\/","name":"Buy Brallobarbital Online - Brallobarbital for Sale - NH","isPartOf":{"@id":"https:\/\/nembutalhouse.com\/#website"},"primaryImageOfPage":{"@id":"https:\/\/nembutalhouse.com\/product\/brallobarbital-vesparax\/#primaryimage"},"image":{"@id":"https:\/\/nembutalhouse.com\/product\/brallobarbital-vesparax\/#primaryimage"},"thumbnailUrl":"https:\/\/nembutalhouse.com\/wp-content\/uploads\/2023\/06\/brallobarbital-Vesparax-2.jpg","datePublished":"2023-06-14T10:07:05+00:00","dateModified":"2024-12-05T08:33:57+00:00","description":"If you want to buy Brallobarbital online and looking for a reliable online store, then buy here. We offer only high-quality Brallobarbital for sale at an affordable price.","breadcrumb":{"@id":"https:\/\/nembutalhouse.com\/product\/brallobarbital-vesparax\/#breadcrumb"},"inLanguage":"hu","potentialAction":[{"@type":"ReadAction","target":["https:\/\/nembutalhouse.com\/product\/brallobarbital-vesparax\/"]}]},{"@type":"ImageObject","inLanguage":"hu","@id":"https:\/\/nembutalhouse.com\/product\/brallobarbital-vesparax\/#primaryimage","url":"https:\/\/nembutalhouse.com\/wp-content\/uploads\/2023\/06\/brallobarbital-Vesparax-2.jpg","contentUrl":"https:\/\/nembutalhouse.com\/wp-content\/uploads\/2023\/06\/brallobarbital-Vesparax-2.jpg","width":600,"height":600,"caption":"brallobarbital-Vesparax"},{"@type":"BreadcrumbList","@id":"https:\/\/nembutalhouse.com\/product\/brallobarbital-vesparax\/#breadcrumb","itemListElement":[{"@type":"ListItem","position":1,"name":"Home","item":"https:\/\/nembutalhouse.com\/"},{"@type":"ListItem","position":2,"name":"Shop","item":"https:\/\/nembutalhouse.com\/shop\/"},{"@type":"ListItem","position":3,"name":"Buy Brallobarbital (Vesparax)"}]},{"@type":"WebSite","@id":"https:\/\/nembutalhouse.com\/#website","url":"https:\/\/nembutalhouse.com\/","name":"Nembutal House","description":"Best Nembutal Online Store","publisher":{"@id":"https:\/\/nembutalhouse.com\/#organization"},"potentialAction":[{"@type":"SearchAction","target":{"@type":"EntryPoint","urlTemplate":"https:\/\/nembutalhouse.com\/?s={search_term_string}"},"query-input":{"@type":"PropertyValueSpecification","valueRequired":true,"valueName":"search_term_string"}}],"inLanguage":"hu"},{"@type":"Organization","@id":"https:\/\/nembutalhouse.com\/#organization","name":"Nembutal House","url":"https:\/\/nembutalhouse.com\/","logo":{"@type":"ImageObject","inLanguage":"hu","@id":"https:\/\/nembutalhouse.com\/#\/schema\/logo\/image\/","url":"https:\/\/nembutalhouse.com\/wp-content\/uploads\/2022\/12\/logo.png","contentUrl":"https:\/\/nembutalhouse.com\/wp-content\/uploads\/2022\/12\/logo.png","width":344,"height":103,"caption":"Nembutal House"},"image":{"@id":"https:\/\/nembutalhouse.com\/#\/schema\/logo\/image\/"}}]}},"_links":{"self":[{"href":"https:\/\/nembutalhouse.com\/hu\/wp-json\/wp\/v2\/product\/300","targetHints":{"allow":["GET"]}}],"collection":[{"href":"https:\/\/nembutalhouse.com\/hu\/wp-json\/wp\/v2\/product"}],"about":[{"href":"https:\/\/nembutalhouse.com\/hu\/wp-json\/wp\/v2\/types\/product"}],"replies":[{"embeddable":true,"href":"https:\/\/nembutalhouse.com\/hu\/wp-json\/wp\/v2\/comments?post=300"}],"wp:featuredmedia":[{"embeddable":true,"href":"https:\/\/nembutalhouse.com\/hu\/wp-json\/wp\/v2\/media\/334"}],"wp:attachment":[{"href":"https:\/\/nembutalhouse.com\/hu\/wp-json\/wp\/v2\/media?parent=300"}],"wp:term":[{"taxonomy":"product_cat","embeddable":true,"href":"https:\/\/nembutalhouse.com\/hu\/wp-json\/wp\/v2\/product_cat?post=300"},{"taxonomy":"product_tag","embeddable":true,"href":"https:\/\/nembutalhouse.com\/hu\/wp-json\/wp\/v2\/product_tag?post=300"}],"curies":[{"name":"wp","href":"https:\/\/api.w.org\/{rel}","templated":true}]}}