{"id":1621,"date":"2024-10-18T05:55:10","date_gmt":"2024-10-18T05:55:10","guid":{"rendered":"https:\/\/nembutalhouse.com\/?post_type=product&#038;p=1621"},"modified":"2026-02-25T11:23:46","modified_gmt":"2026-02-25T11:23:46","slug":"3mmc","status":"publish","type":"product","link":"https:\/\/nembutalhouse.com\/hu\/termek\/3mmc\/","title":{"rendered":"Buy 3mmc Online"},"content":{"rendered":"<h2>Buy 3mmc Online<\/h2>\n<h3><strong>Mi az a 3-MMA?<\/strong><\/h3>\n<p>V\u00e1s\u00e1rl\u00e1s A 3-MMA egy pszichotr\u00f3p anyag, amely az amfetamin csal\u00e1dba tartozik. A metamfetaminhoz hasonl\u00f3 entaktog\u00e9n szerkezet\u0171, \u00e9s a metilcsoport kiv\u00e9tel\u00e9vel a metamfetaminhoz hasonl\u00f3 szerkezet\u0171.<\/p>\n<p><a href=\"https:\/\/nembutalhouse.com\/hu\/termek\/3mmc\/\">3-metil-metamfetamin<\/a>, gyakran 3-Methoxymethamphetamine n\u00e9ven ismert, egyfajta metamfetamin.<\/p>\n<p>Az 1-(3-metoxifenil)-N-metil-propan-2-amin a fenetilamin \u00e9s az amfetamin oszt\u00e1lyba tartozik. Vegy\u00fcletei sz\u00e1rmaz\u00e9kok, mert szubsztitu\u00e1l\u00e1s vagy helyettes\u00edt\u00e9s sor\u00e1n keletkeznek. Az amfetaminok a fenetilamin egyfajta fenetilamin, amely szubsztit\u00faci\u00f3n ment kereszt\u00fcl.<\/p>\n<p>A 3-metil-metamfetamint 1970-ben fedezt\u00e9k fel \u00e9s \u00e1ll\u00edtott\u00e1k el\u0151 el\u0151sz\u00f6r Olaszorsz\u00e1gban. David E. Nichols k\u00e9s\u0151bb, 1991-ben fedezte fel \u00fajra, mint nem neurotoxikus megfelel\u0151j\u00e9t. A laborat\u00f3riumokban a 3-metil-metamfetamint minden min\u0151s\u00e9gi szabv\u00e1nynak megfelel\u0151en \u00e1ll\u00edtj\u00e1k el\u0151.<\/p>\n<p>B\u00e1r bebizonyosodott, hogy akad\u00e1lyozza a szerotonin reabszorpci\u00f3j\u00e1t, a 3-metil-metamfetamin tulajdons\u00e1gair\u00f3l semmit sem tudunk.<\/p>\n<h3><strong>Felel\u0151ss\u00e9gi nyilatkozat<\/strong><\/h3>\n<p>Embereknek \u00e9s \u00e1llatoknak nem szabad ezt a term\u00e9ket adni. Ennek oka, hogy csak laborat\u00f3riumi kutat\u00e1si c\u00e9lokra sz\u00e1nt\u00e1k. Er\u0151sen javasoljuk, hogy a vegy\u00fcletet rendk\u00edv\u00fcl \u00f3vatosan, keszty\u0171, maszk \u00e9s egy\u00e9b szennyez\u0151d\u00e9sg\u00e1tl\u00f3 eszk\u00f6z\u00f6k haszn\u00e1lat\u00e1val kezelj\u00e9k.<\/p>\n<h3><strong>A 3-MMA leg\u00e1lis?<\/strong><\/h3>\n<p>A 3-metil-metamfetamin megv\u00e1s\u00e1rl\u00e1sa el\u0151tt javasoljuk, hogy ellen\u0151rizze a lak\u00f3helye vagy a sz\u00e1ll\u00edt\u00e1si c\u00e9l\u00e1llom\u00e1s szerinti illet\u00e9kes hat\u00f3s\u00e1gokn\u00e1l.<\/p>\n<p>Az\u00e1ltal, hogy szigor\u00fa t\u00f6rv\u00e9nyek vonatkoznak a term\u00e9k \u00e9rt\u00e9kes\u00edt\u00e9s\u00e9re, minden sz\u00fcks\u00e9ges \u00f3vint\u00e9zked\u00e9st megtesz\u00fcnk annak \u00e9rdek\u00e9ben, hogy fogyaszt\u00f3ink a t\u00f6rv\u00e9ny biztons\u00e1gos oldal\u00e1n legyenek. A t\u00f6rv\u00e9nyek \u00e9s a szab\u00e1lyok folyamatosan v\u00e1ltoznak, ez\u00e9rt kulcsfontoss\u00e1g\u00fa, hogy \u00d6n mint \u00fcgyf\u00e9l naprak\u00e9szen t\u00e1j\u00e9koz\u00f3djon arr\u00f3l, hogy mi t\u00f6rt\u00e9nik az \u00d6n ter\u00fclet\u00e9n. Nem v\u00e1llalunk felel\u0151ss\u00e9get semmilyen jogi k\u00e9rd\u00e9s\u00e9rt, amely az \u00d6n ter\u00fclet\u00e9n a 3-Methyl-Methamphetamine beszerz\u00e9s\u00e9b\u0151l ad\u00f3dhat.<\/p>\n<h3><strong>Hol lehet megv\u00e1s\u00e1rolni a 3-MMA-t?<\/strong><\/h3>\n<p><a href=\"https:\/\/nembutalhouse.com\/hu\/\">NembutalHouse<\/a> a 3-metil-metamfetamin \u00e9s m\u00e1s vegyi anyagok vezet\u0151 gy\u00e1rt\u00f3ja \u00e9s forgalmaz\u00f3ja. B\u00fcszk\u00e9k vagyunk arra, hogy kiv\u00e1l\u00f3 min\u0151s\u00e9g\u0171 vegyi anyagokat sz\u00e1ll\u00edtunk, k\u00fcl\u00f6n\u00f6sen olyanokat, amelyekhez neh\u00e9z hozz\u00e1jutni. <a href=\"https:\/\/en.wikipedia.org\/wiki\/3-Methylmethcathinone\">3-metil-metamfetamin<\/a>e por alakban kaphat\u00f3, \u00e9s kiz\u00e1r\u00f3lag laborat\u00f3riumi vizsg\u00e1latra szolg\u00e1l. Ez az anyag csak 18 \u00e9ves \u00e9s id\u0151sebb feln\u0151ttek sz\u00e1m\u00e1ra \u00e1ll rendelkez\u00e9sre.<\/p>","protected":false},"excerpt":{"rendered":"<p>Buy 3mmc Online What is 3-MMA? Buy 3-MMA\u00a0 is a psychotropic substance that belongs to the amphetamine family. It has an entactogen structure that is comparable to methamphetamine and a&hellip;<\/p>","protected":false},"featured_media":1622,"comment_status":"closed","ping_status":"closed","template":"","meta":{"_joinchat":[]},"product_cat":[188],"product_tag":[815,820,838,840,826,827,830,836,837,835,816,834,823,813,814,825,839,832,829,822,818,819,841,833,831,828,821,824,817],"class_list":{"0":"post-1621","1":"product","2":"type-product","3":"status-publish","4":"has-post-thumbnail","6":"product_cat-stimulants","7":"product_tag-3mmc-for-sale","8":"product_tag-3mmc-powder","9":"product_tag-3mmc-powder-for-cleaning","10":"product_tag-3mmc-powder-for-sale","11":"product_tag-3mmc-powder-online","12":"product_tag-3mmc-powder-price","13":"product_tag-3mmc-powder-store","14":"product_tag-3mmc-powder-use","15":"product_tag-3mmc-powder-wiki","16":"product_tag-3mmc-powder-worldwide","17":"product_tag-3mmc-supplier","18":"product_tag-best-cheap-price-3mmc-powder","19":"product_tag-best-place-to-buy-3mmc-powder","20":"product_tag-buy-3mmc","21":"product_tag-buy-3mmc-online","22":"product_tag-buy-3mmc-powder-legally","23":"product_tag-buy-3mmc-powder-online","24":"product_tag-cheap-3mmc-powders","25":"product_tag-high-quality-3mmc-powder","26":"product_tag-how-to-buy-3mmc-powder","27":"product_tag-order-3mmc","28":"product_tag-order-3mmc-online","29":"product_tag-order-3mmc-powder","30":"product_tag-purcharse-3mmc-powder-powder","31":"product_tag-shop-3mmc-powder","32":"product_tag-top-quality-3mmc-powder","33":"product_tag-where-to-buy-3mmc-powder","34":"product_tag-where-to-order-3mmc-powder","35":"product_tag-wholesale-3mmc-bulk-online","37":"first","38":"instock","39":"shipping-taxable","40":"purchasable","41":"product-type-variable"},"yoast_head":"<!-- This site is optimized with the Yoast SEO plugin v24.1 - https:\/\/yoast.com\/wordpress\/plugins\/seo\/ -->\n<title>Buy 3 MMC Online - 3 MMC for Sale - Order 3 MMC Online<\/title>\n<meta name=\"description\" content=\"You can buy 3mmc online at the best prices from our online store. We have cheap and high-quality 3mmc for sale and providing worldwide delivery. You can order from anytime, anywhere.\" \/>\n<meta name=\"robots\" content=\"index, follow, max-snippet:-1, max-image-preview:large, max-video-preview:-1\" \/>\n<link rel=\"canonical\" href=\"https:\/\/nembutalhouse.com\/hu\/termek\/3mmc\/\" \/>\n<meta property=\"og:locale\" content=\"hu_HU\" \/>\n<meta property=\"og:type\" content=\"article\" \/>\n<meta property=\"og:title\" content=\"Buy 3 MMC Online - 3 MMC for Sale - Order 3 MMC Online\" \/>\n<meta property=\"og:description\" content=\"You can buy 3mmc online at the best prices from our online store. We have cheap and high-quality 3mmc for sale and providing worldwide delivery. You can order from anytime, anywhere.\" \/>\n<meta property=\"og:url\" content=\"https:\/\/nembutalhouse.com\/hu\/termek\/3mmc\/\" \/>\n<meta property=\"og:site_name\" content=\"Nembutal House\" \/>\n<meta property=\"article:modified_time\" content=\"2026-02-25T11:23:46+00:00\" \/>\n<meta property=\"og:image\" content=\"https:\/\/nembutalhouse.com\/wp-content\/uploads\/2024\/10\/3mmc.gif\" \/>\n\t<meta property=\"og:image:width\" content=\"600\" \/>\n\t<meta property=\"og:image:height\" content=\"600\" \/>\n\t<meta property=\"og:image:type\" content=\"image\/gif\" \/>\n<meta name=\"twitter:card\" content=\"summary_large_image\" \/>\n<meta name=\"twitter:label1\" content=\"Becs\u00fclt olvas\u00e1si id\u0151\" \/>\n\t<meta name=\"twitter:data1\" content=\"2 perc\" \/>\n<script type=\"application\/ld+json\" class=\"yoast-schema-graph\">{\"@context\":\"https:\/\/schema.org\",\"@graph\":[{\"@type\":\"WebPage\",\"@id\":\"https:\/\/nembutalhouse.com\/product\/3mmc\/\",\"url\":\"https:\/\/nembutalhouse.com\/product\/3mmc\/\",\"name\":\"Buy 3 MMC Online - 3 MMC for Sale - Order 3 MMC Online\",\"isPartOf\":{\"@id\":\"https:\/\/nembutalhouse.com\/#website\"},\"primaryImageOfPage\":{\"@id\":\"https:\/\/nembutalhouse.com\/product\/3mmc\/#primaryimage\"},\"image\":{\"@id\":\"https:\/\/nembutalhouse.com\/product\/3mmc\/#primaryimage\"},\"thumbnailUrl\":\"https:\/\/nembutalhouse.com\/wp-content\/uploads\/2024\/10\/3mmc.gif\",\"datePublished\":\"2024-10-18T05:55:10+00:00\",\"dateModified\":\"2026-02-25T11:23:46+00:00\",\"description\":\"You can buy 3mmc online at the best prices from our online store. We have cheap and high-quality 3mmc for sale and providing worldwide delivery. You can order from anytime, anywhere.\",\"breadcrumb\":{\"@id\":\"https:\/\/nembutalhouse.com\/product\/3mmc\/#breadcrumb\"},\"inLanguage\":\"hu\",\"potentialAction\":[{\"@type\":\"ReadAction\",\"target\":[\"https:\/\/nembutalhouse.com\/product\/3mmc\/\"]}]},{\"@type\":\"ImageObject\",\"inLanguage\":\"hu\",\"@id\":\"https:\/\/nembutalhouse.com\/product\/3mmc\/#primaryimage\",\"url\":\"https:\/\/nembutalhouse.com\/wp-content\/uploads\/2024\/10\/3mmc.gif\",\"contentUrl\":\"https:\/\/nembutalhouse.com\/wp-content\/uploads\/2024\/10\/3mmc.gif\",\"width\":600,\"height\":600,\"caption\":\"Buy 3mmc Online\"},{\"@type\":\"BreadcrumbList\",\"@id\":\"https:\/\/nembutalhouse.com\/product\/3mmc\/#breadcrumb\",\"itemListElement\":[{\"@type\":\"ListItem\",\"position\":1,\"name\":\"Home\",\"item\":\"https:\/\/nembutalhouse.com\/\"},{\"@type\":\"ListItem\",\"position\":2,\"name\":\"Shop\",\"item\":\"https:\/\/nembutalhouse.com\/shop\/\"},{\"@type\":\"ListItem\",\"position\":3,\"name\":\"Buy 3mmc Online\"}]},{\"@type\":\"WebSite\",\"@id\":\"https:\/\/nembutalhouse.com\/#website\",\"url\":\"https:\/\/nembutalhouse.com\/\",\"name\":\"Nembutal House\",\"description\":\"Best Nembutal Online Store\",\"publisher\":{\"@id\":\"https:\/\/nembutalhouse.com\/#organization\"},\"potentialAction\":[{\"@type\":\"SearchAction\",\"target\":{\"@type\":\"EntryPoint\",\"urlTemplate\":\"https:\/\/nembutalhouse.com\/?s={search_term_string}\"},\"query-input\":{\"@type\":\"PropertyValueSpecification\",\"valueRequired\":true,\"valueName\":\"search_term_string\"}}],\"inLanguage\":\"hu\"},{\"@type\":\"Organization\",\"@id\":\"https:\/\/nembutalhouse.com\/#organization\",\"name\":\"Nembutal House\",\"url\":\"https:\/\/nembutalhouse.com\/\",\"logo\":{\"@type\":\"ImageObject\",\"inLanguage\":\"hu\",\"@id\":\"https:\/\/nembutalhouse.com\/#\/schema\/logo\/image\/\",\"url\":\"https:\/\/nembutalhouse.com\/wp-content\/uploads\/2022\/12\/logo.png\",\"contentUrl\":\"https:\/\/nembutalhouse.com\/wp-content\/uploads\/2022\/12\/logo.png\",\"width\":344,\"height\":103,\"caption\":\"Nembutal House\"},\"image\":{\"@id\":\"https:\/\/nembutalhouse.com\/#\/schema\/logo\/image\/\"}}]}<\/script>\n<!-- \/ Yoast SEO plugin. -->","yoast_head_json":{"title":"Buy 3 MMC Online - 3 MMC for Sale - Order 3 MMC Online","description":"You can buy 3mmc online at the best prices from our online store. We have cheap and high-quality 3mmc for sale and providing worldwide delivery. You can order from anytime, anywhere.","robots":{"index":"index","follow":"follow","max-snippet":"max-snippet:-1","max-image-preview":"max-image-preview:large","max-video-preview":"max-video-preview:-1"},"canonical":"https:\/\/nembutalhouse.com\/hu\/termek\/3mmc\/","og_locale":"hu_HU","og_type":"article","og_title":"Buy 3 MMC Online - 3 MMC for Sale - Order 3 MMC Online","og_description":"You can buy 3mmc online at the best prices from our online store. We have cheap and high-quality 3mmc for sale and providing worldwide delivery. You can order from anytime, anywhere.","og_url":"https:\/\/nembutalhouse.com\/hu\/termek\/3mmc\/","og_site_name":"Nembutal House","article_modified_time":"2026-02-25T11:23:46+00:00","og_image":[{"width":600,"height":600,"url":"https:\/\/nembutalhouse.com\/wp-content\/uploads\/2024\/10\/3mmc.gif","type":"image\/gif"}],"twitter_card":"summary_large_image","twitter_misc":{"Becs\u00fclt olvas\u00e1si id\u0151":"2 perc"},"schema":{"@context":"https:\/\/schema.org","@graph":[{"@type":"WebPage","@id":"https:\/\/nembutalhouse.com\/product\/3mmc\/","url":"https:\/\/nembutalhouse.com\/product\/3mmc\/","name":"Buy 3 MMC Online - 3 MMC for Sale - Order 3 MMC Online","isPartOf":{"@id":"https:\/\/nembutalhouse.com\/#website"},"primaryImageOfPage":{"@id":"https:\/\/nembutalhouse.com\/product\/3mmc\/#primaryimage"},"image":{"@id":"https:\/\/nembutalhouse.com\/product\/3mmc\/#primaryimage"},"thumbnailUrl":"https:\/\/nembutalhouse.com\/wp-content\/uploads\/2024\/10\/3mmc.gif","datePublished":"2024-10-18T05:55:10+00:00","dateModified":"2026-02-25T11:23:46+00:00","description":"You can buy 3mmc online at the best prices from our online store. We have cheap and high-quality 3mmc for sale and providing worldwide delivery. You can order from anytime, anywhere.","breadcrumb":{"@id":"https:\/\/nembutalhouse.com\/product\/3mmc\/#breadcrumb"},"inLanguage":"hu","potentialAction":[{"@type":"ReadAction","target":["https:\/\/nembutalhouse.com\/product\/3mmc\/"]}]},{"@type":"ImageObject","inLanguage":"hu","@id":"https:\/\/nembutalhouse.com\/product\/3mmc\/#primaryimage","url":"https:\/\/nembutalhouse.com\/wp-content\/uploads\/2024\/10\/3mmc.gif","contentUrl":"https:\/\/nembutalhouse.com\/wp-content\/uploads\/2024\/10\/3mmc.gif","width":600,"height":600,"caption":"Buy 3mmc Online"},{"@type":"BreadcrumbList","@id":"https:\/\/nembutalhouse.com\/product\/3mmc\/#breadcrumb","itemListElement":[{"@type":"ListItem","position":1,"name":"Home","item":"https:\/\/nembutalhouse.com\/"},{"@type":"ListItem","position":2,"name":"Shop","item":"https:\/\/nembutalhouse.com\/shop\/"},{"@type":"ListItem","position":3,"name":"Buy 3mmc Online"}]},{"@type":"WebSite","@id":"https:\/\/nembutalhouse.com\/#website","url":"https:\/\/nembutalhouse.com\/","name":"Nembutal House","description":"Best Nembutal Online Store","publisher":{"@id":"https:\/\/nembutalhouse.com\/#organization"},"potentialAction":[{"@type":"SearchAction","target":{"@type":"EntryPoint","urlTemplate":"https:\/\/nembutalhouse.com\/?s={search_term_string}"},"query-input":{"@type":"PropertyValueSpecification","valueRequired":true,"valueName":"search_term_string"}}],"inLanguage":"hu"},{"@type":"Organization","@id":"https:\/\/nembutalhouse.com\/#organization","name":"Nembutal House","url":"https:\/\/nembutalhouse.com\/","logo":{"@type":"ImageObject","inLanguage":"hu","@id":"https:\/\/nembutalhouse.com\/#\/schema\/logo\/image\/","url":"https:\/\/nembutalhouse.com\/wp-content\/uploads\/2022\/12\/logo.png","contentUrl":"https:\/\/nembutalhouse.com\/wp-content\/uploads\/2022\/12\/logo.png","width":344,"height":103,"caption":"Nembutal House"},"image":{"@id":"https:\/\/nembutalhouse.com\/#\/schema\/logo\/image\/"}}]}},"_links":{"self":[{"href":"https:\/\/nembutalhouse.com\/hu\/wp-json\/wp\/v2\/product\/1621","targetHints":{"allow":["GET"]}}],"collection":[{"href":"https:\/\/nembutalhouse.com\/hu\/wp-json\/wp\/v2\/product"}],"about":[{"href":"https:\/\/nembutalhouse.com\/hu\/wp-json\/wp\/v2\/types\/product"}],"replies":[{"embeddable":true,"href":"https:\/\/nembutalhouse.com\/hu\/wp-json\/wp\/v2\/comments?post=1621"}],"wp:featuredmedia":[{"embeddable":true,"href":"https:\/\/nembutalhouse.com\/hu\/wp-json\/wp\/v2\/media\/1622"}],"wp:attachment":[{"href":"https:\/\/nembutalhouse.com\/hu\/wp-json\/wp\/v2\/media?parent=1621"}],"wp:term":[{"taxonomy":"product_cat","embeddable":true,"href":"https:\/\/nembutalhouse.com\/hu\/wp-json\/wp\/v2\/product_cat?post=1621"},{"taxonomy":"product_tag","embeddable":true,"href":"https:\/\/nembutalhouse.com\/hu\/wp-json\/wp\/v2\/product_tag?post=1621"}],"curies":[{"name":"wp","href":"https:\/\/api.w.org\/{rel}","templated":true}]}}