{"id":15,"date":"2022-12-13T18:41:56","date_gmt":"2022-12-13T18:41:56","guid":{"rendered":"https:\/\/nembutalhouse.com\/?post_type=product&#038;p=15"},"modified":"2026-03-06T11:08:44","modified_gmt":"2026-03-06T11:08:44","slug":"buy-nembutal-powder-online","status":"publish","type":"product","link":"https:\/\/nembutalhouse.com\/hu\/termek\/vasarolni-nembutal-por-online\/","title":{"rendered":"V\u00e1s\u00e1roljon Nembutal port online"},"content":{"rendered":"<h2 style=\"text-align: justify;\">V\u00e1s\u00e1roljon Nembutal port online<\/h2>\n<p style=\"text-align: justify;\">If you are looking to buy the best quality Nembutal powder, our shop is perfect choice for you. Our quality product meets your expectations and delivers the comfort you have always desired from Nembutal powder. All our pentobarbital products are lab tested to ensure the highest quality first to customers. So now we have a reputation that we have to maintain.<\/p>\n<h3 style=\"text-align: justify;\">Eredeti Nembutal por \u00e9rt\u00e9kes\u00edt\u00e9se online:<\/h3>\n<p style=\"text-align: justify;\">A val\u00f3di port sz\u00e1ll\u00edt\u00f3 Nembutal por besz\u00e1ll\u00edt\u00f3inak megtal\u00e1l\u00e1sa az id\u0151 nagy r\u00e9sz\u00e9ben meglehet\u0151sen bonyolult lehet. Sok elad\u00f3 csal a Nembutal por online \u00e9rt\u00e9kes\u00edt\u00e9s\u00e9vel, \u00e9s a por tisztas\u00e1ga is megk\u00e9rd\u0151jelezhet\u0151. A legt\u00f6bbj\u00fck nem ismeri a t\u00e9nyeket, p\u00e9ld\u00e1ul az anyag eredet\u00e9t, valamint a Nembutal por eloszt\u00e1s\u00e1nak \u00e9s ellen\u0151rz\u00e9s\u00e9nek m\u00f3dj\u00e1t. \u00c9s lehet, hogy j\u00f3n\u00e9h\u00e1nyval tal\u00e1lkozhatsz. De nem \u00e9rt el semmilyen eredm\u00e9nyt a v\u00e1s\u00e1rolt term\u00e9kkel. Ez\u00e9rt vagyunk itt, hogy 100%-ban val\u00f3di pentobarbit\u00e1lt adjunk \u00d6nnek, \u00edgy hat\u00e9konyan megv\u00e1ltoztathatja az \u00e9let\u00e9t, <a href=\"https:\/\/en.wikipedia.org\/?title=Nembutal&amp;redirect=no\"><strong>v\u00e1s\u00e1rolni Nembutal port<\/strong><\/a> t\u0151l\u00fcnk.<\/p>\n<h3 style=\"text-align: justify;\">\u00c9rje el a Nembutal sokoldal\u00fa haszn\u00e1lat\u00e1t:<\/h3>\n<p style=\"text-align: justify;\">A Nembutal por sokoldal\u00fa, mert ig\u00e9nye szerint t\u00f6bbf\u00e9lek\u00e9ppen is felhaszn\u00e1lhatja. Ez\u00e9rt a Nembutal t\u00f6k\u00e9letesen sokoldal\u00fa. Ha m\u00e1s m\u00f3don szeretn\u00e9d foly\u00e9konyv\u00e1 alak\u00edtani, akkor ezt \u00fagy is megteheted, hogy v\u00edzzel h\u00edg\u00edtod. Az eutan\u00e1zia rendk\u00edv\u00fcl vitatott t\u00e9ma. Nembutal port online rendelhet oldalunkon kereszt\u00fcl. Ha azonban az eutan\u00e1zia szakasz\u00e1r\u00f3l van sz\u00f3, vagy egyszer\u0171en fogalmazva, a lelkek univerzumb\u00f3l val\u00f3 kijuttat\u00e1s\u00e1nak folyamat\u00e1r\u00f3l, a Nembutal por haszn\u00e1lat\u00e1val t\u00f6k\u00e9letesen megt\u00f6rt\u00e9nik. A pentobarbit\u00e1l el\u0151\u00e1ll\u00edt\u00e1si folyamata zajlik, \u00e9s innen sz\u00e1rmazik a Nembutal nagy r\u00e9sze.<\/p>\n<p style=\"text-align: justify;\">Ha online v\u00e1s\u00e1rol Nembutal port, tudni fogja, hogy mi vagyunk a legmegb\u00edzhat\u00f3bb Nembutal por besz\u00e1ll\u00edt\u00f3. A leghitelesebbet k\u00edn\u00e1ljuk <a href=\"https:\/\/nembutalhouse.com\/hu\/termek\/vasarolni-nembutal-por-online\/\"><strong>Nembutal por elad\u00f3<\/strong><\/a>. Szerezze meg t\u0151l\u00fcnk Nembutal por kisz\u00e1ll\u00edt\u00e1s\u00e1t egyszer\u0171en online rendel\u00e9s lead\u00e1s\u00e1val.<\/p>\n<h3 style=\"text-align: justify;\">Mi\u00e9rt a Nembutal por?<\/h3>\n<p style=\"text-align: justify;\">A Nembutal por oszt\u00e1lya, amely barbitur\u00e1tokk\u00e9nt ismert. Ezeket a 19. sz\u00e1zad v\u00e9g\u00e9n tal\u00e1lt\u00e1k ki, \u00e9s az agym\u0171k\u00f6d\u00e9s k\u00fcl\u00f6nb\u00f6z\u0151 aspektusait lenyomj\u00e1k. A barbitur\u00e1tokat sz\u00e1mos c\u00e9lra haszn\u00e1lj\u00e1k. Ide tartozik az alv\u00e1szavarok, az epilepszia \u00e9s az agys\u00e9r\u00fcl\u00e9sek kezel\u00e9se \u2013 valamint az \u00e1ltal\u00e1nos \u00e9rz\u00e9stelen\u00edt\u00e9s \u00e9s a pszichi\u00e1tria. Alapos kutat\u00e1st kell v\u00e9geznie a Nembutal por v\u00e1s\u00e1rl\u00e1s\u00e1nak legjobb hely\u00e9r\u0151l.<\/p>\n<p style=\"text-align: justify;\">A barbitur\u00e1tok nyugtat\u00f3 hat\u00e1s\u00faak, \u00e9s hat\u00e9konyan alkalmazhat\u00f3k a szorong\u00e1s enyh\u00edt\u00e9s\u00e9re. Nagy mennyis\u00e9gben ezek a gy\u00f3gyszerek l\u00e9gz\u00e9sdepresszi\u00f3t \u00e9s hal\u00e1lt okozhatnak a t\u00faladagol\u00e1ssal j\u00e1r\u00f3 kock\u00e1zatok miatt. \u00cdgy az elm\u00falt 20 \u00e9vben kivont\u00e1k a szok\u00e1sos orvosi felhaszn\u00e1l\u00e1sb\u00f3l.<\/p>\n<p style=\"text-align: justify;\">A gy\u00f3gyszert most k\u00f6zvetlen\u00fcl a gy\u00e1rt\u00f3t\u00f3l, ill <a href=\"https:\/\/nembutalhouse.com\/hu\/\" target=\"_blank\" rel=\"noopener\"><strong>buy Nembutal online<\/strong><\/a>. A gy\u00f3gyszerekkel kapcsolatos konzult\u00e1ci\u00f3n, a csal\u00e1dt\u00e1mogat\u00e1son \u00e9s az e kezel\u00e9seket haszn\u00e1l\u00f3 egy\u00e9b int\u00e9zked\u00e9seken t\u00falmen\u0151en gyakran sok j\u00e1rtass\u00e1gra \u00e9s z\u0171rzavarra van sz\u00fcks\u00e9g a Nembutal por beszerz\u00e9s\u00e9t illet\u0151en.<\/p>\n<p style=\"text-align: justify;\">Nemcsak az eutan\u00e1zia sz\u00fcks\u00e9gess\u00e9g\u00e9r\u0151l sz\u00f3l\u00f3 \u00e9rvel\u00e9s helytelen. De az eutan\u00e1zia \u00e9s a Nembutal legaliz\u00e1l\u00e1sa val\u00f3sz\u00edn\u0171leg hat\u00e1stalan. Ez azt eredm\u00e9nyezi, hogy a legt\u00f6bb beteg, aki nem felel meg az eutan\u00e1zia szigor\u00fa krit\u00e9riumainak, korl\u00e1tozott hozz\u00e1f\u00e9r\u00e9se lesz a megfelel\u0151 ell\u00e1t\u00e1shoz.<\/p>","protected":false},"excerpt":{"rendered":"<p>A por minden grammja 750 milligramm (mg) nembutalport tartalmaz.<\/p>","protected":false},"featured_media":17,"comment_status":"open","ping_status":"closed","template":"","meta":{"_joinchat":[]},"product_cat":[16],"product_tag":[556,545,17,537,547,538,18,19,554,551,20,544,21,22,23,24,25,26,27,28,29,30,31,32,560,33,542,34,561,549,552,539,559,557,548,558,35,36,37,38,39,541,40,41,42,43,555,553,44,550,45,46,543,47,546,540],"class_list":{"0":"post-15","1":"product","2":"type-product","3":"status-publish","4":"has-post-thumbnail","6":"product_cat-nembutal","7":"product_tag-best-cheap-price-nembutal-powder","8":"product_tag-best-place-to-buy-nembutal-powder","9":"product_tag-buy-nembutal-online","10":"product_tag-buy-nembutal-powder","11":"product_tag-buy-nembutal-powder-legally","12":"product_tag-buy-nembutal-powder-online","13":"product_tag-buy-nembutal-powder-online-without-prescription","14":"product_tag-buy-nembutal-uk","15":"product_tag-cheap-nembutal-powders","16":"product_tag-high-quality-nembutal-powder","17":"product_tag-how-can-i-get-nembutal","18":"product_tag-how-to-buy-nembutal-powder","19":"product_tag-how-to-make-nembutal","20":"product_tag-how-to-obtain-nembutal","21":"product_tag-how-to-purchase-nembutal","22":"product_tag-nembutal","23":"product_tag-nembutal-buy","24":"product_tag-nembutal-buy-india","25":"product_tag-nembutal-for-sale","26":"product_tag-nembutal-for-sale-online","27":"product_tag-nembutal-for-sale-usa","28":"product_tag-nembutal-order-online","29":"product_tag-nembutal-pentobarbital-for-sale-in-usa","30":"product_tag-nembutal-pentobarbital-sodium-for-sale","31":"product_tag-nembutal-powder-for-cleaning","32":"product_tag-nembutal-powder-for-sale","33":"product_tag-nembutal-powder-liquid","34":"product_tag-nembutal-powder-near-me","35":"product_tag-nembutal-powder-powder","36":"product_tag-nembutal-powder-price","37":"product_tag-nembutal-powder-store","38":"product_tag-nembutal-powder-supplier","39":"product_tag-nembutal-powder-wiki","40":"product_tag-nembutal-powder-worldwide","41":"product_tag-nembutal-powders-online","42":"product_tag-nembutal-powders-use","43":"product_tag-nembutal-sodium","44":"product_tag-nembutal-suicide","45":"product_tag-nembutal-where-to-buy","46":"product_tag-order-nembutal","47":"product_tag-order-nembutal-online","48":"product_tag-order-nembutal-powder","49":"product_tag-order-nembutal-powder-online","50":"product_tag-pentobarbital","51":"product_tag-pentobarbital-for-sale","52":"product_tag-pentobarbital-vs-phenobarbital","53":"product_tag-purcharse-nembutal-powder","54":"product_tag-shop-nembutal-powder","55":"product_tag-sodium-pentobarbital","56":"product_tag-top-quality-nembutal-powder","57":"product_tag-what-is-nembutal","58":"product_tag-where-to-buy-nembutal","59":"product_tag-where-to-buy-nembutal-powder","60":"product_tag-where-to-buy-nembutal-powder-online","61":"product_tag-where-to-order-nembutal-powder","62":"product_tag-wholesale-nembutal-powder-bulk-online","64":"first","65":"instock","66":"shipping-taxable","67":"purchasable","68":"product-type-variable","69":"has-default-attributes"},"yoast_head":"<!-- This site is optimized with the Yoast SEO plugin v24.1 - https:\/\/yoast.com\/wordpress\/plugins\/seo\/ -->\n<title>Buy Nembutal Powder Online - Nembutal Powder for Sale<\/title>\n<meta name=\"description\" content=\"You can buy nembutal powder online at the best prices from our online store. We have cheap and high-quality nembutal powder for sale and providing worldwide delivery. You can order from anytime, anywhere.\" \/>\n<meta name=\"robots\" content=\"index, follow, max-snippet:-1, max-image-preview:large, max-video-preview:-1\" \/>\n<link rel=\"canonical\" href=\"https:\/\/nembutalhouse.com\/hu\/termek\/vasarolni-nembutal-por-online\/\" \/>\n<meta property=\"og:locale\" content=\"hu_HU\" \/>\n<meta property=\"og:type\" content=\"article\" \/>\n<meta property=\"og:title\" content=\"Buy Nembutal Powder Online - Nembutal Powder for Sale\" \/>\n<meta property=\"og:description\" content=\"You can buy nembutal powder online at the best prices from our online store. We have cheap and high-quality nembutal powder for sale and providing worldwide delivery. You can order from anytime, anywhere.\" \/>\n<meta property=\"og:url\" content=\"https:\/\/nembutalhouse.com\/hu\/termek\/vasarolni-nembutal-por-online\/\" \/>\n<meta property=\"og:site_name\" content=\"Nembutal House\" \/>\n<meta property=\"article:modified_time\" content=\"2026-03-06T11:08:44+00:00\" \/>\n<meta property=\"og:image\" content=\"https:\/\/nembutalhouse.com\/wp-content\/uploads\/2022\/12\/nembutal-powder.jpg\" \/>\n\t<meta property=\"og:image:width\" content=\"1000\" \/>\n\t<meta property=\"og:image:height\" content=\"1000\" \/>\n\t<meta property=\"og:image:type\" content=\"image\/jpeg\" \/>\n<meta name=\"twitter:card\" content=\"summary_large_image\" \/>\n<meta name=\"twitter:label1\" content=\"Becs\u00fclt olvas\u00e1si id\u0151\" \/>\n\t<meta name=\"twitter:data1\" content=\"3 perc\" \/>\n<script type=\"application\/ld+json\" class=\"yoast-schema-graph\">{\"@context\":\"https:\/\/schema.org\",\"@graph\":[{\"@type\":\"WebPage\",\"@id\":\"https:\/\/nembutalhouse.com\/product\/buy-nembutal-powder-online\/\",\"url\":\"https:\/\/nembutalhouse.com\/product\/buy-nembutal-powder-online\/\",\"name\":\"Buy Nembutal Powder Online - Nembutal Powder for Sale\",\"isPartOf\":{\"@id\":\"https:\/\/nembutalhouse.com\/#website\"},\"primaryImageOfPage\":{\"@id\":\"https:\/\/nembutalhouse.com\/product\/buy-nembutal-powder-online\/#primaryimage\"},\"image\":{\"@id\":\"https:\/\/nembutalhouse.com\/product\/buy-nembutal-powder-online\/#primaryimage\"},\"thumbnailUrl\":\"https:\/\/nembutalhouse.com\/wp-content\/uploads\/2022\/12\/nembutal-powder.jpg\",\"datePublished\":\"2022-12-13T18:41:56+00:00\",\"dateModified\":\"2026-03-06T11:08:44+00:00\",\"description\":\"You can buy nembutal powder online at the best prices from our online store. We have cheap and high-quality nembutal powder for sale and providing worldwide delivery. You can order from anytime, anywhere.\",\"breadcrumb\":{\"@id\":\"https:\/\/nembutalhouse.com\/product\/buy-nembutal-powder-online\/#breadcrumb\"},\"inLanguage\":\"hu\",\"potentialAction\":[{\"@type\":\"ReadAction\",\"target\":[\"https:\/\/nembutalhouse.com\/product\/buy-nembutal-powder-online\/\"]}]},{\"@type\":\"ImageObject\",\"inLanguage\":\"hu\",\"@id\":\"https:\/\/nembutalhouse.com\/product\/buy-nembutal-powder-online\/#primaryimage\",\"url\":\"https:\/\/nembutalhouse.com\/wp-content\/uploads\/2022\/12\/nembutal-powder.jpg\",\"contentUrl\":\"https:\/\/nembutalhouse.com\/wp-content\/uploads\/2022\/12\/nembutal-powder.jpg\",\"width\":1000,\"height\":1000,\"caption\":\"buy nembutal powder online\"},{\"@type\":\"BreadcrumbList\",\"@id\":\"https:\/\/nembutalhouse.com\/product\/buy-nembutal-powder-online\/#breadcrumb\",\"itemListElement\":[{\"@type\":\"ListItem\",\"position\":1,\"name\":\"Home\",\"item\":\"https:\/\/nembutalhouse.com\/\"},{\"@type\":\"ListItem\",\"position\":2,\"name\":\"Shop\",\"item\":\"https:\/\/nembutalhouse.com\/shop\/\"},{\"@type\":\"ListItem\",\"position\":3,\"name\":\"Buy Nembutal Powder Online\"}]},{\"@type\":\"WebSite\",\"@id\":\"https:\/\/nembutalhouse.com\/#website\",\"url\":\"https:\/\/nembutalhouse.com\/\",\"name\":\"Nembutal House\",\"description\":\"Best Nembutal Online Store\",\"publisher\":{\"@id\":\"https:\/\/nembutalhouse.com\/#organization\"},\"potentialAction\":[{\"@type\":\"SearchAction\",\"target\":{\"@type\":\"EntryPoint\",\"urlTemplate\":\"https:\/\/nembutalhouse.com\/?s={search_term_string}\"},\"query-input\":{\"@type\":\"PropertyValueSpecification\",\"valueRequired\":true,\"valueName\":\"search_term_string\"}}],\"inLanguage\":\"hu\"},{\"@type\":\"Organization\",\"@id\":\"https:\/\/nembutalhouse.com\/#organization\",\"name\":\"Nembutal House\",\"url\":\"https:\/\/nembutalhouse.com\/\",\"logo\":{\"@type\":\"ImageObject\",\"inLanguage\":\"hu\",\"@id\":\"https:\/\/nembutalhouse.com\/#\/schema\/logo\/image\/\",\"url\":\"https:\/\/nembutalhouse.com\/wp-content\/uploads\/2022\/12\/logo.png\",\"contentUrl\":\"https:\/\/nembutalhouse.com\/wp-content\/uploads\/2022\/12\/logo.png\",\"width\":344,\"height\":103,\"caption\":\"Nembutal House\"},\"image\":{\"@id\":\"https:\/\/nembutalhouse.com\/#\/schema\/logo\/image\/\"}}]}<\/script>\n<!-- \/ Yoast SEO plugin. -->","yoast_head_json":{"title":"Buy Nembutal Powder Online - Nembutal Powder for Sale","description":"You can buy nembutal powder online at the best prices from our online store. We have cheap and high-quality nembutal powder for sale and providing worldwide delivery. You can order from anytime, anywhere.","robots":{"index":"index","follow":"follow","max-snippet":"max-snippet:-1","max-image-preview":"max-image-preview:large","max-video-preview":"max-video-preview:-1"},"canonical":"https:\/\/nembutalhouse.com\/hu\/termek\/vasarolni-nembutal-por-online\/","og_locale":"hu_HU","og_type":"article","og_title":"Buy Nembutal Powder Online - Nembutal Powder for Sale","og_description":"You can buy nembutal powder online at the best prices from our online store. We have cheap and high-quality nembutal powder for sale and providing worldwide delivery. You can order from anytime, anywhere.","og_url":"https:\/\/nembutalhouse.com\/hu\/termek\/vasarolni-nembutal-por-online\/","og_site_name":"Nembutal House","article_modified_time":"2026-03-06T11:08:44+00:00","og_image":[{"width":1000,"height":1000,"url":"https:\/\/nembutalhouse.com\/wp-content\/uploads\/2022\/12\/nembutal-powder.jpg","type":"image\/jpeg"}],"twitter_card":"summary_large_image","twitter_misc":{"Becs\u00fclt olvas\u00e1si id\u0151":"3 perc"},"schema":{"@context":"https:\/\/schema.org","@graph":[{"@type":"WebPage","@id":"https:\/\/nembutalhouse.com\/product\/buy-nembutal-powder-online\/","url":"https:\/\/nembutalhouse.com\/product\/buy-nembutal-powder-online\/","name":"Buy Nembutal Powder Online - Nembutal Powder for Sale","isPartOf":{"@id":"https:\/\/nembutalhouse.com\/#website"},"primaryImageOfPage":{"@id":"https:\/\/nembutalhouse.com\/product\/buy-nembutal-powder-online\/#primaryimage"},"image":{"@id":"https:\/\/nembutalhouse.com\/product\/buy-nembutal-powder-online\/#primaryimage"},"thumbnailUrl":"https:\/\/nembutalhouse.com\/wp-content\/uploads\/2022\/12\/nembutal-powder.jpg","datePublished":"2022-12-13T18:41:56+00:00","dateModified":"2026-03-06T11:08:44+00:00","description":"You can buy nembutal powder online at the best prices from our online store. We have cheap and high-quality nembutal powder for sale and providing worldwide delivery. You can order from anytime, anywhere.","breadcrumb":{"@id":"https:\/\/nembutalhouse.com\/product\/buy-nembutal-powder-online\/#breadcrumb"},"inLanguage":"hu","potentialAction":[{"@type":"ReadAction","target":["https:\/\/nembutalhouse.com\/product\/buy-nembutal-powder-online\/"]}]},{"@type":"ImageObject","inLanguage":"hu","@id":"https:\/\/nembutalhouse.com\/product\/buy-nembutal-powder-online\/#primaryimage","url":"https:\/\/nembutalhouse.com\/wp-content\/uploads\/2022\/12\/nembutal-powder.jpg","contentUrl":"https:\/\/nembutalhouse.com\/wp-content\/uploads\/2022\/12\/nembutal-powder.jpg","width":1000,"height":1000,"caption":"buy nembutal powder online"},{"@type":"BreadcrumbList","@id":"https:\/\/nembutalhouse.com\/product\/buy-nembutal-powder-online\/#breadcrumb","itemListElement":[{"@type":"ListItem","position":1,"name":"Home","item":"https:\/\/nembutalhouse.com\/"},{"@type":"ListItem","position":2,"name":"Shop","item":"https:\/\/nembutalhouse.com\/shop\/"},{"@type":"ListItem","position":3,"name":"Buy Nembutal Powder Online"}]},{"@type":"WebSite","@id":"https:\/\/nembutalhouse.com\/#website","url":"https:\/\/nembutalhouse.com\/","name":"Nembutal House","description":"Best Nembutal Online Store","publisher":{"@id":"https:\/\/nembutalhouse.com\/#organization"},"potentialAction":[{"@type":"SearchAction","target":{"@type":"EntryPoint","urlTemplate":"https:\/\/nembutalhouse.com\/?s={search_term_string}"},"query-input":{"@type":"PropertyValueSpecification","valueRequired":true,"valueName":"search_term_string"}}],"inLanguage":"hu"},{"@type":"Organization","@id":"https:\/\/nembutalhouse.com\/#organization","name":"Nembutal House","url":"https:\/\/nembutalhouse.com\/","logo":{"@type":"ImageObject","inLanguage":"hu","@id":"https:\/\/nembutalhouse.com\/#\/schema\/logo\/image\/","url":"https:\/\/nembutalhouse.com\/wp-content\/uploads\/2022\/12\/logo.png","contentUrl":"https:\/\/nembutalhouse.com\/wp-content\/uploads\/2022\/12\/logo.png","width":344,"height":103,"caption":"Nembutal House"},"image":{"@id":"https:\/\/nembutalhouse.com\/#\/schema\/logo\/image\/"}}]}},"_links":{"self":[{"href":"https:\/\/nembutalhouse.com\/hu\/wp-json\/wp\/v2\/product\/15","targetHints":{"allow":["GET"]}}],"collection":[{"href":"https:\/\/nembutalhouse.com\/hu\/wp-json\/wp\/v2\/product"}],"about":[{"href":"https:\/\/nembutalhouse.com\/hu\/wp-json\/wp\/v2\/types\/product"}],"replies":[{"embeddable":true,"href":"https:\/\/nembutalhouse.com\/hu\/wp-json\/wp\/v2\/comments?post=15"}],"wp:featuredmedia":[{"embeddable":true,"href":"https:\/\/nembutalhouse.com\/hu\/wp-json\/wp\/v2\/media\/17"}],"wp:attachment":[{"href":"https:\/\/nembutalhouse.com\/hu\/wp-json\/wp\/v2\/media?parent=15"}],"wp:term":[{"taxonomy":"product_cat","embeddable":true,"href":"https:\/\/nembutalhouse.com\/hu\/wp-json\/wp\/v2\/product_cat?post=15"},{"taxonomy":"product_tag","embeddable":true,"href":"https:\/\/nembutalhouse.com\/hu\/wp-json\/wp\/v2\/product_tag?post=15"}],"curies":[{"name":"wp","href":"https:\/\/api.w.org\/{rel}","templated":true}]}}