{"id":1483,"date":"2024-10-16T11:51:07","date_gmt":"2024-10-16T11:51:07","guid":{"rendered":"https:\/\/nembutalhouse.com\/?post_type=product&#038;p=1483"},"modified":"2026-02-25T11:13:31","modified_gmt":"2026-02-25T11:13:31","slug":"2-fma","status":"publish","type":"product","link":"https:\/\/nembutalhouse.com\/hu\/termek\/2-fma\/","title":{"rendered":"V\u00e1s\u00e1roljon 2-FMA-t online"},"content":{"rendered":"<h2><strong>V\u00e1s\u00e1roljon 2-FMA-t online: \u00c1tfog\u00f3 \u00fatmutat\u00f3 a kutat\u00e1shoz \u00e9s alkalmaz\u00e1sokhoz<\/strong><\/h2>\n<p>Megb\u00edzhat\u00f3 forr\u00e1st keres <a href=\"https:\/\/nembutalhouse.com\/hu\/termek\/2-fma\/\"><strong>V\u00e1s\u00e1roljon 2-FMA-t online<\/strong><\/a>\u00a0vagy r\u00e9szletes inform\u00e1ci\u00f3kat keres a tudom\u00e1nyos kutat\u00e1sban val\u00f3 felhaszn\u00e1l\u00e1s\u00e1r\u00f3l? Ez az \u00fatmutat\u00f3 \u00e9rt\u00e9kes betekint\u00e9st ny\u00fajt a k\u00f6vetkez\u0151kbe <strong>2-FMA Hydrochloride applications<\/strong>, <strong>t\u00e1rol\u00e1s<\/strong>, <strong>biztons\u00e1g<\/strong>, and more.<\/p>\n<h3>Mi az a 2-FMA-hidroklorid?<\/h3>\n<p>2-FMA Hydrochloride is a research chemical widely utilized in <strong>laborat\u00f3riumi elemz\u00e9s<\/strong> \u00e9s <a href=\"https:\/\/nembutalhouse.com\/hu\/\"><strong>k\u00e9miai kutat\u00e1s<\/strong><\/a>. Egyed\u00fcl\u00e1ll\u00f3 tulajdons\u00e1gair\u00f3l ismert, \u00e9s n\u00e9lk\u00fcl\u00f6zhetetlen anyagg\u00e1 v\u00e1lt a <strong>kutat\u00f3laborat\u00f3riumok<\/strong> worldwide.<\/p>\n<h3>Mi\u00e9rt v\u00e1lassza a 2-FMA-hidrokloridot?<\/h3>\n<p>Ha a beszerz\u00e9s <strong>2-FMA Hydrochloride from trusted suppliers<\/strong>, meg\u00e9rtve annak <strong>k\u00e9mia<\/strong>, <strong>alkalmaz\u00e1s<\/strong>, \u00e9s a potenci\u00e1lis <strong>kock\u00e1zatok<\/strong> l\u00e9tfontoss\u00e1g\u00fa. Ak\u00e1r kutat\u00f3, ak\u00e1r forgalmaz\u00f3, a megb\u00edzhat\u00f3 <strong>referenciaanyag<\/strong> \u00e9s betartva a <strong>rendeletek<\/strong> biztos\u00edtja a biztons\u00e1gos \u00e9s hat\u00e9kony haszn\u00e1latot.<\/p>\n<h3>A 2-FMA-hidroklorid f\u0151 jellemz\u0151i:<\/h3>\n<ol>\n<li><strong>Nagy tisztas\u00e1g<\/strong>: Elengedhetetlen a pontos <strong>laborat\u00f3riumi kutat\u00e1s<\/strong> \u00e9s <strong>elemz\u00e9s<\/strong>.<\/li>\n<li><strong>Sokoldal\u00fa alkalmaz\u00e1sok<\/strong>: Ide\u00e1lis k\u00fcl\u00f6nb\u00f6z\u0151 <strong>k\u00e9miai k\u00eds\u00e9rletek<\/strong>.<\/li>\n<li><strong>Biztons\u00e1gos t\u00e1rol\u00e1s<\/strong>: Megfelel\u0151 <strong>2-FMA Hydrochloride storage<\/strong> a felt\u00e9telek kritikusak a stabilit\u00e1s \u00e9s a hat\u00e9konys\u00e1g fenntart\u00e1s\u00e1hoz.<\/li>\n<\/ol>\n<h3>Megb\u00edzhat\u00f3 2-FMA-hidroklorid-besz\u00e1ll\u00edt\u00f3 megtal\u00e1l\u00e1sa<\/h3>\n<p>Amikor kiv\u00e1lasztunk egy <strong>2-FMA Hydrochloride supplier<\/strong>, figyelembe veszi az olyan t\u00e9nyez\u0151ket, mint a rendelkez\u00e9sre \u00e1ll\u00e1s, a <strong>rendeletek<\/strong>, \u00e9s versenyk\u00e9pes <strong>\u00e1rk\u00e9pz\u00e9s<\/strong>. A j\u00f3 h\u00edr\u0171 besz\u00e1ll\u00edt\u00f3k biztos\u00edtj\u00e1k a k\u00f6vetkezetes min\u0151s\u00e9get \u00e9s a hat\u00e9kony <strong>terjeszt\u00e9s<\/strong>.<\/p>\n<h3>A 2-FMA-hidroklorid biztons\u00e1ga \u00e9s kock\u00e1zatai<\/h3>\n<p>Like many chemical substances, 2-FMA Hydrochloride requires adherence to safety protocols. Understanding its <strong>kock\u00e1zatok<\/strong> \u00e9s az aj\u00e1nlott biztons\u00e1gi ir\u00e1nyelvek betart\u00e1sa alapvet\u0151 fontoss\u00e1g\u00fa a kutat\u00f3k \u00e9s laborat\u00f3riumok sz\u00e1m\u00e1ra.<\/p>\n<h3>El\u00e9rhet\u0151s\u00e9g \u00e9s piaci tendenci\u00e1k<\/h3>\n<p>A <strong>2-FMA Hydrochloride market<\/strong> fejl\u0151dik, \u00e9s egyre nagyobb ig\u00e9ny mutatkozik a <strong>nagykereskedelem<\/strong> \u00e9s kutat\u00e1si min\u0151s\u00e9g\u0171 anyagok. Gy\u0151z\u0151dj\u00f6n meg arr\u00f3l, hogy besz\u00e1ll\u00edt\u00f3ja megfelel az \u00f6sszes szab\u00e1lyoz\u00e1si el\u0151\u00edr\u00e1snak a biztons\u00e1gos \u00e9s etikus forgalmaz\u00e1s t\u00e1mogat\u00e1sa \u00e9rdek\u00e9ben.<\/p>\n<h3>Alkalmaz\u00e1sok a kutat\u00e1sban<\/h3>\n<p>2-FMA Hydrochloride is widely used in <strong>k\u00e9miai elemz\u00e9s<\/strong>, <strong>anyagvizsg\u00e1lat<\/strong>, \u00e9s mint <strong>referenciaanyag<\/strong> k\u00fcl\u00f6nb\u00f6z\u0151 tudom\u00e1nyos tanulm\u00e1nyokhoz. Egyed\u00fcl\u00e1ll\u00f3 tulajdons\u00e1gai n\u00e9lk\u00fcl\u00f6zhetetlenn\u00e9 teszik a k\u00f6vetkez\u0151kben <strong>laborat\u00f3riumi kutat\u00e1s<\/strong>.<\/p>\n<h3>Affordable 2-FMA Hydrochloride Pricing<\/h3>\n<p>A min\u0151s\u00e9g \u00e9s a k\u00f6lts\u00e9g egyens\u00falya kulcsfontoss\u00e1g\u00fa a beszerz\u00e9s sor\u00e1n <a href=\"https:\/\/en.wikipedia.org\/wiki\/2-Fluoromethamphetamine\"><strong>2-FMA Hydrochloride<\/strong><\/a>. Vezet\u0151 besz\u00e1ll\u00edt\u00f3k k\u00edn\u00e1lnak versenyk\u00e9pes <strong>\u00e1rak<\/strong> a tisztas\u00e1g \u00e9s a biztons\u00e1g vesz\u00e9lyeztet\u00e9se n\u00e9lk\u00fcl.<\/p>\n<h3>K\u00f6vetkeztet\u00e9s<\/h3>\n<p>Ak\u00e1r felfedezi <strong>2-FMA-hidroklorid kutat\u00e1si c\u00e9lra<\/strong>, keresve <strong>nagykereskedelmi lehet\u0151s\u00e9gek<\/strong>, vagy r\u00e9szletes inform\u00e1ci\u00f3kra van sz\u00fcks\u00e9ge a <strong>k\u00e9mia<\/strong>, biztons\u00e1g, \u00e9s <strong>alkalmaz\u00e1s<\/strong>, mindig a min\u0151s\u00e9get \u00e9s a megfelel\u0151s\u00e9get helyezi el\u0151t\u00e9rbe. Legyen partner j\u00f3 h\u00edr\u0171 besz\u00e1ll\u00edt\u00f3kkal, hogy biztos\u00edtsa a megb\u00edzhat\u00f3 hozz\u00e1f\u00e9r\u00e9st ehhez az alapvet\u0151 fontoss\u00e1g\u00fa kutat\u00e1si vegyi anyaghoz.<\/p>\n<p>Tov\u00e1bbi inform\u00e1ci\u00f3\u00e9rt vagy megrendel\u00e9s\u00e9rt forduljon egy megb\u00edzhat\u00f3 <strong>2-FMA Hydrochloride distributor<\/strong> ma!<\/p>","protected":false},"excerpt":{"rendered":"<p><strong>2-FA-hidroklorid (2-Fluoroamfetamin-hidroklorid)<\/strong> az amfetaminok oszt\u00e1ly\u00e1ba tartoz\u00f3 szintetikus stimul\u00e1ns. Gyakran kutat\u00e1si vegyi anyagk\u00e9nt kategoriz\u00e1lj\u00e1k, \u00e9s pszichoakt\u00edv tulajdons\u00e1gai miatt bizonyos k\u00f6r\u00f6kben figyelmet kelt. Ez az \u00fatmutat\u00f3 \u00e1tfog\u00f3 \u00e1ttekint\u00e9st ny\u00fajt a 2-FA-hidrokloridr\u00f3l, bele\u00e9rtve annak k\u00e9miai szerkezet\u00e9t, hat\u00e1sait, kock\u00e1zatait \u00e9s jogi st\u00e1tusz\u00e1t.<\/p>\n<h3>K\u00e9miai szerkezet \u00e9s k\u00e9plet<\/h3>\n<ul>\n<li><strong>K\u00e9miai k\u00e9plet:<\/strong> C\u2081\u2080H\u2081\u2081\u2084FNO<\/li>\n<li><strong>IUPAC n\u00e9v:<\/strong> (1S)-1-(2-Fluorofenil)propan-2-amin-hidroklorid<\/li>\n<li><strong>CAS-sz\u00e1m:<\/strong> 1079-30-2<\/li>\n<\/ul>","protected":false},"featured_media":1568,"comment_status":"open","ping_status":"closed","template":"","meta":{"_joinchat":[]},"product_cat":[188],"product_tag":[204,237,229,233,238,236,227,235,228,240,234,226,242,232,231,230,239,225,241,1859,1877,1854,1865,1866,1869,1855,1875,1876,1874,1873,1862,224,1852,1864,1853,1871,1868,1861,1857,1858,1872,1870,1867,1860,1863,1856],"class_list":{"0":"post-1483","1":"product","2":"type-product","3":"status-publish","4":"has-post-thumbnail","6":"product_cat-stimulants","7":"product_tag-2-fa-hydrochloride","8":"product_tag-2-fa-hydrochloride-analysis","9":"product_tag-2-fa-hydrochloride-application","10":"product_tag-2-fa-hydrochloride-availability","11":"product_tag-2-fa-hydrochloride-chemistry","12":"product_tag-2-fa-hydrochloride-distribution","13":"product_tag-2-fa-hydrochloride-laboratory","14":"product_tag-2-fa-hydrochloride-market","15":"product_tag-2-fa-hydrochloride-price","16":"product_tag-2-fa-hydrochloride-reference-material","17":"product_tag-2-fa-hydrochloride-regulations","18":"product_tag-2-fa-hydrochloride-research","19":"product_tag-2-fa-hydrochloride-research-laboratory","20":"product_tag-2-fa-hydrochloride-risks","21":"product_tag-2-fa-hydrochloride-safety","22":"product_tag-2-fa-hydrochloride-storage","23":"product_tag-2-fa-hydrochloride-substance","24":"product_tag-2-fa-hydrochloride-supplier","25":"product_tag-2-fa-hydrochloride-wholesale","26":"product_tag-2-fma-powder","27":"product_tag-2-fma-powder-for-cleaning","28":"product_tag-2-fma-powder-for-sale","29":"product_tag-2-fma-powder-online","30":"product_tag-2-fma-powder-price","31":"product_tag-2-fma-powder-store","32":"product_tag-2-fma-powder-supplier","33":"product_tag-2-fma-powder-use","34":"product_tag-2-fma-powder-wiki","35":"product_tag-2-fma-powder-worldwide","36":"product_tag-best-cheap-price-2-fma-powder","37":"product_tag-best-place-to-buy-2-fma-powder","38":"product_tag-buy-2-fa-hydrochloride","39":"product_tag-buy-2-fma-powder","40":"product_tag-buy-2-fma-powder-legally","41":"product_tag-buy-2-fma-powder-online","42":"product_tag-cheap-2-fma-powder","43":"product_tag-high-quality-2-fma-powder","44":"product_tag-how-to-buy-2-fma-powder","45":"product_tag-order-2-fma-powder","46":"product_tag-order-2-fma-powder-online","47":"product_tag-purcharse-2-fma-powder-powder","48":"product_tag-shop-2-fma-powder","49":"product_tag-top-quality-2-fma-powder","50":"product_tag-where-to-buy-2-fma-powder","51":"product_tag-where-to-order-2-fma-powder","52":"product_tag-wholesale-2-fma-powder-bulk-online","54":"first","55":"instock","56":"shipping-taxable","57":"purchasable","58":"product-type-variable"},"yoast_head":"<!-- This site is optimized with the Yoast SEO plugin v24.1 - https:\/\/yoast.com\/wordpress\/plugins\/seo\/ -->\n<title>Buy 2-FMA Online - 2-FMA for Sale Online | NembutalHouse<\/title>\n<meta name=\"description\" content=\"Are you looking for 2-fma Powder for sale online? NembutalHouse is a leading store where you can buy 2-fma online at the best price. Order Now with Discreet Shipping!\" \/>\n<meta name=\"robots\" content=\"index, follow, max-snippet:-1, max-image-preview:large, max-video-preview:-1\" \/>\n<link rel=\"canonical\" href=\"https:\/\/nembutalhouse.com\/hu\/termek\/2-fma\/\" \/>\n<meta property=\"og:locale\" content=\"hu_HU\" \/>\n<meta property=\"og:type\" content=\"article\" \/>\n<meta property=\"og:title\" content=\"Buy 2-FMA Online - 2-FMA for Sale Online | NembutalHouse\" \/>\n<meta property=\"og:description\" content=\"Are you looking for 2-fma Powder for sale online? NembutalHouse is a leading store where you can buy 2-fma online at the best price. Order Now with Discreet Shipping!\" \/>\n<meta property=\"og:url\" content=\"https:\/\/nembutalhouse.com\/hu\/termek\/2-fma\/\" \/>\n<meta property=\"og:site_name\" content=\"Nembutal House\" \/>\n<meta property=\"article:modified_time\" content=\"2026-02-25T11:13:31+00:00\" \/>\n<meta property=\"og:image\" content=\"https:\/\/nembutalhouse.com\/wp-content\/uploads\/2024\/10\/2-FMA.gif\" \/>\n\t<meta property=\"og:image:width\" content=\"600\" \/>\n\t<meta property=\"og:image:height\" content=\"600\" \/>\n\t<meta property=\"og:image:type\" content=\"image\/gif\" \/>\n<meta name=\"twitter:card\" content=\"summary_large_image\" \/>\n<meta name=\"twitter:label1\" content=\"Becs\u00fclt olvas\u00e1si id\u0151\" \/>\n\t<meta name=\"twitter:data1\" content=\"2 perc\" \/>\n<script type=\"application\/ld+json\" class=\"yoast-schema-graph\">{\"@context\":\"https:\/\/schema.org\",\"@graph\":[{\"@type\":\"WebPage\",\"@id\":\"https:\/\/nembutalhouse.com\/product\/2-fma\/\",\"url\":\"https:\/\/nembutalhouse.com\/product\/2-fma\/\",\"name\":\"Buy 2-FMA Online - 2-FMA for Sale Online | NembutalHouse\",\"isPartOf\":{\"@id\":\"https:\/\/nembutalhouse.com\/#website\"},\"primaryImageOfPage\":{\"@id\":\"https:\/\/nembutalhouse.com\/product\/2-fma\/#primaryimage\"},\"image\":{\"@id\":\"https:\/\/nembutalhouse.com\/product\/2-fma\/#primaryimage\"},\"thumbnailUrl\":\"https:\/\/nembutalhouse.com\/wp-content\/uploads\/2024\/10\/2-FMA.gif\",\"datePublished\":\"2024-10-16T11:51:07+00:00\",\"dateModified\":\"2026-02-25T11:13:31+00:00\",\"description\":\"Are you looking for 2-fma Powder for sale online? NembutalHouse is a leading store where you can buy 2-fma online at the best price. Order Now with Discreet Shipping!\",\"breadcrumb\":{\"@id\":\"https:\/\/nembutalhouse.com\/product\/2-fma\/#breadcrumb\"},\"inLanguage\":\"hu\",\"potentialAction\":[{\"@type\":\"ReadAction\",\"target\":[\"https:\/\/nembutalhouse.com\/product\/2-fma\/\"]}]},{\"@type\":\"ImageObject\",\"inLanguage\":\"hu\",\"@id\":\"https:\/\/nembutalhouse.com\/product\/2-fma\/#primaryimage\",\"url\":\"https:\/\/nembutalhouse.com\/wp-content\/uploads\/2024\/10\/2-FMA.gif\",\"contentUrl\":\"https:\/\/nembutalhouse.com\/wp-content\/uploads\/2024\/10\/2-FMA.gif\",\"width\":600,\"height\":600,\"caption\":\"Buy 2-FMA Online\"},{\"@type\":\"BreadcrumbList\",\"@id\":\"https:\/\/nembutalhouse.com\/product\/2-fma\/#breadcrumb\",\"itemListElement\":[{\"@type\":\"ListItem\",\"position\":1,\"name\":\"Home\",\"item\":\"https:\/\/nembutalhouse.com\/\"},{\"@type\":\"ListItem\",\"position\":2,\"name\":\"Shop\",\"item\":\"https:\/\/nembutalhouse.com\/shop\/\"},{\"@type\":\"ListItem\",\"position\":3,\"name\":\"Buy 2-FMA Online\"}]},{\"@type\":\"WebSite\",\"@id\":\"https:\/\/nembutalhouse.com\/#website\",\"url\":\"https:\/\/nembutalhouse.com\/\",\"name\":\"Nembutal House\",\"description\":\"Best Nembutal Online Store\",\"publisher\":{\"@id\":\"https:\/\/nembutalhouse.com\/#organization\"},\"potentialAction\":[{\"@type\":\"SearchAction\",\"target\":{\"@type\":\"EntryPoint\",\"urlTemplate\":\"https:\/\/nembutalhouse.com\/?s={search_term_string}\"},\"query-input\":{\"@type\":\"PropertyValueSpecification\",\"valueRequired\":true,\"valueName\":\"search_term_string\"}}],\"inLanguage\":\"hu\"},{\"@type\":\"Organization\",\"@id\":\"https:\/\/nembutalhouse.com\/#organization\",\"name\":\"Nembutal House\",\"url\":\"https:\/\/nembutalhouse.com\/\",\"logo\":{\"@type\":\"ImageObject\",\"inLanguage\":\"hu\",\"@id\":\"https:\/\/nembutalhouse.com\/#\/schema\/logo\/image\/\",\"url\":\"https:\/\/nembutalhouse.com\/wp-content\/uploads\/2022\/12\/logo.png\",\"contentUrl\":\"https:\/\/nembutalhouse.com\/wp-content\/uploads\/2022\/12\/logo.png\",\"width\":344,\"height\":103,\"caption\":\"Nembutal House\"},\"image\":{\"@id\":\"https:\/\/nembutalhouse.com\/#\/schema\/logo\/image\/\"}}]}<\/script>\n<!-- \/ Yoast SEO plugin. -->","yoast_head_json":{"title":"Buy 2-FMA Online - 2-FMA for Sale Online | NembutalHouse","description":"Are you looking for 2-fma Powder for sale online? NembutalHouse is a leading store where you can buy 2-fma online at the best price. Order Now with Discreet Shipping!","robots":{"index":"index","follow":"follow","max-snippet":"max-snippet:-1","max-image-preview":"max-image-preview:large","max-video-preview":"max-video-preview:-1"},"canonical":"https:\/\/nembutalhouse.com\/hu\/termek\/2-fma\/","og_locale":"hu_HU","og_type":"article","og_title":"Buy 2-FMA Online - 2-FMA for Sale Online | NembutalHouse","og_description":"Are you looking for 2-fma Powder for sale online? NembutalHouse is a leading store where you can buy 2-fma online at the best price. Order Now with Discreet Shipping!","og_url":"https:\/\/nembutalhouse.com\/hu\/termek\/2-fma\/","og_site_name":"Nembutal House","article_modified_time":"2026-02-25T11:13:31+00:00","og_image":[{"width":600,"height":600,"url":"https:\/\/nembutalhouse.com\/wp-content\/uploads\/2024\/10\/2-FMA.gif","type":"image\/gif"}],"twitter_card":"summary_large_image","twitter_misc":{"Becs\u00fclt olvas\u00e1si id\u0151":"2 perc"},"schema":{"@context":"https:\/\/schema.org","@graph":[{"@type":"WebPage","@id":"https:\/\/nembutalhouse.com\/product\/2-fma\/","url":"https:\/\/nembutalhouse.com\/product\/2-fma\/","name":"Buy 2-FMA Online - 2-FMA for Sale Online | NembutalHouse","isPartOf":{"@id":"https:\/\/nembutalhouse.com\/#website"},"primaryImageOfPage":{"@id":"https:\/\/nembutalhouse.com\/product\/2-fma\/#primaryimage"},"image":{"@id":"https:\/\/nembutalhouse.com\/product\/2-fma\/#primaryimage"},"thumbnailUrl":"https:\/\/nembutalhouse.com\/wp-content\/uploads\/2024\/10\/2-FMA.gif","datePublished":"2024-10-16T11:51:07+00:00","dateModified":"2026-02-25T11:13:31+00:00","description":"Are you looking for 2-fma Powder for sale online? NembutalHouse is a leading store where you can buy 2-fma online at the best price. Order Now with Discreet Shipping!","breadcrumb":{"@id":"https:\/\/nembutalhouse.com\/product\/2-fma\/#breadcrumb"},"inLanguage":"hu","potentialAction":[{"@type":"ReadAction","target":["https:\/\/nembutalhouse.com\/product\/2-fma\/"]}]},{"@type":"ImageObject","inLanguage":"hu","@id":"https:\/\/nembutalhouse.com\/product\/2-fma\/#primaryimage","url":"https:\/\/nembutalhouse.com\/wp-content\/uploads\/2024\/10\/2-FMA.gif","contentUrl":"https:\/\/nembutalhouse.com\/wp-content\/uploads\/2024\/10\/2-FMA.gif","width":600,"height":600,"caption":"Buy 2-FMA Online"},{"@type":"BreadcrumbList","@id":"https:\/\/nembutalhouse.com\/product\/2-fma\/#breadcrumb","itemListElement":[{"@type":"ListItem","position":1,"name":"Home","item":"https:\/\/nembutalhouse.com\/"},{"@type":"ListItem","position":2,"name":"Shop","item":"https:\/\/nembutalhouse.com\/shop\/"},{"@type":"ListItem","position":3,"name":"Buy 2-FMA Online"}]},{"@type":"WebSite","@id":"https:\/\/nembutalhouse.com\/#website","url":"https:\/\/nembutalhouse.com\/","name":"Nembutal House","description":"Best Nembutal Online Store","publisher":{"@id":"https:\/\/nembutalhouse.com\/#organization"},"potentialAction":[{"@type":"SearchAction","target":{"@type":"EntryPoint","urlTemplate":"https:\/\/nembutalhouse.com\/?s={search_term_string}"},"query-input":{"@type":"PropertyValueSpecification","valueRequired":true,"valueName":"search_term_string"}}],"inLanguage":"hu"},{"@type":"Organization","@id":"https:\/\/nembutalhouse.com\/#organization","name":"Nembutal House","url":"https:\/\/nembutalhouse.com\/","logo":{"@type":"ImageObject","inLanguage":"hu","@id":"https:\/\/nembutalhouse.com\/#\/schema\/logo\/image\/","url":"https:\/\/nembutalhouse.com\/wp-content\/uploads\/2022\/12\/logo.png","contentUrl":"https:\/\/nembutalhouse.com\/wp-content\/uploads\/2022\/12\/logo.png","width":344,"height":103,"caption":"Nembutal House"},"image":{"@id":"https:\/\/nembutalhouse.com\/#\/schema\/logo\/image\/"}}]}},"_links":{"self":[{"href":"https:\/\/nembutalhouse.com\/hu\/wp-json\/wp\/v2\/product\/1483","targetHints":{"allow":["GET"]}}],"collection":[{"href":"https:\/\/nembutalhouse.com\/hu\/wp-json\/wp\/v2\/product"}],"about":[{"href":"https:\/\/nembutalhouse.com\/hu\/wp-json\/wp\/v2\/types\/product"}],"replies":[{"embeddable":true,"href":"https:\/\/nembutalhouse.com\/hu\/wp-json\/wp\/v2\/comments?post=1483"}],"wp:featuredmedia":[{"embeddable":true,"href":"https:\/\/nembutalhouse.com\/hu\/wp-json\/wp\/v2\/media\/1568"}],"wp:attachment":[{"href":"https:\/\/nembutalhouse.com\/hu\/wp-json\/wp\/v2\/media?parent=1483"}],"wp:term":[{"taxonomy":"product_cat","embeddable":true,"href":"https:\/\/nembutalhouse.com\/hu\/wp-json\/wp\/v2\/product_cat?post=1483"},{"taxonomy":"product_tag","embeddable":true,"href":"https:\/\/nembutalhouse.com\/hu\/wp-json\/wp\/v2\/product_tag?post=1483"}],"curies":[{"name":"wp","href":"https:\/\/api.w.org\/{rel}","templated":true}]}}