{"id":1442,"date":"2024-10-16T11:50:49","date_gmt":"2024-10-16T11:50:49","guid":{"rendered":"https:\/\/nembutalhouse.com\/?post_type=product&#038;p=1442"},"modified":"2026-03-06T07:35:26","modified_gmt":"2026-03-06T07:35:26","slug":"buy-5-meo-mipt-online","status":"publish","type":"product","link":"https:\/\/nembutalhouse.com\/hu\/termek\/buy-5-meo-mipt-online\/","title":{"rendered":"Buy 5-MEO-MIPT Online"},"content":{"rendered":"<h2>Buy 5-MEO-MIPT Online<\/h2>\n<p>Az 5-MeO-MiPT 10mg tabletta online v\u00e1s\u00e1rolhat\u00f3 meg.<br \/>\nAz 5-MeO-MiPT \u00e9s a Moxy nem annyira ismert, mint az 5-Methoxy-N-metil-N-izopropil-triptamin egy pszichedelikus triptamin. K\u00e9miai szempontb\u00f3l az 5-MeO-MiPT egy olyan triptamin, amely az 5-MeO-DMT-hez \u00e9s az 5-MeO-DiPT-hez hasonl\u00edthat\u00f3. Az agy szerotoninreceptoraira hat, \u00e9s euf\u00f3rikus \u00e1llapotot eredm\u00e9nyez. 1985-ben David Repke \u00e9s Alexander Shulgin publik\u00e1lt\u00e1k az els\u0151 cikkeket, amelyekben le\u00edrt\u00e1k a k\u00f6vetkez\u0151 anyagok szint\u00e9zis\u00e9t \u00e9s farmakol\u00f3giai hat\u00e1sait <a href=\"https:\/\/en.wikipedia.org\/wiki\/5-MeO-MiPT\">5-MeO-MiPT<\/a>.<\/p>\n<h3>Hozz\u00e1f\u00e9rhet\u0151 5-MeO-MiPT.<\/h3>\n<p>The best site to <a href=\"https:\/\/nembutalhouse.com\/hu\/termek\/buy-5-meo-mipt-online\/\">purchase 5-MeO-MiPT 10mg Pellets<\/a> is right here. Depending on how much you want, you may purchase 5-MeO-MiPT 10mg Pellets here at the greatest quality in quantities of 5, 10, 25, 50, 100, or 250.<\/p>\n<h3>5-MeO-MiPT t\u00e1rol\u00e1si k\u00f6r\u00fclm\u00e9nyek.<\/h3>\n<p>Az 5-MeO-MiPT 10 mg tabletta \u00e1tv\u00e9tel\u00e9t k\u00f6vet\u0151en azonnal tartsa t\u00e1vol a k\u00f6zvetlen napf\u00e9nyt\u0151l. Mivel a lizergamidok rendk\u00edv\u00fcl \u00e9rz\u00e9kenyek az UV-f\u00e9nyre (f\u0151k\u00e9nt a naps\u00fct\u00e9sre), a sz\u00e1raz k\u00f6rnyezetre \u00e9s a legfeljebb 20-25 Celsius-fokos szobah\u0151m\u00e9rs\u00e9kletre, ez k\u00fcl\u00f6n\u00f6sen fontos. Ha az 5-MeO-MiPT 10mg pellet min\u0151s\u00e9g\u00e9nek hosszabb ideig t\u00f6rt\u00e9n\u0151 meg\u0151rz\u00e9se a c\u00e9l, <a href=\"https:\/\/nembutalhouse.com\/hu\/\">NembutalHouse<\/a> azt javasolja, hogy fektessen be egy v\u00e1kuumz\u00e1r\u00f3 g\u00e9pbe. Ne feledje, hogy k\u00e9rdezzen minket, ha b\u00e1rmilyen k\u00e9rd\u00e9se vagy agg\u00e1lya van ezzel kapcsolatban.<\/p>\n<h3>A 10-MeO-MiPT pellet gondoz\u00e1sa.<\/h3>\n<p>Az 5-MeO-MiPT 10 mg tabletta kezel\u00e9s\u00e9n\u00e9l a biztons\u00e1g \u00e9rdek\u00e9ben er\u0151sen javasoljuk, hogy viseljen keszty\u0171t \u00e9s maszkot.<\/p>\n<h3>Hol kaphatok 10 mg 5-MeO-MiPT tablett\u00e1t?<\/h3>\n<p>A NembutalHouse weboldalunkon v\u00e1s\u00e1rolhat kutat\u00e1si vegyszereket, p\u00e9ld\u00e1ul 5-MeO-MiPT 10mg pelletet. Minden kutat\u00e1si anyagunkat \u00e9rt\u00e9kelj\u00fck \u00e9s elemezz\u00fck, miel\u0151tt elad\u00e1sra k\u00edn\u00e1ljuk \u0151ket. Ez az egyetlen m\u00f3dszer, amely garant\u00e1lja a legmagasabb kaliber\u0171 5-MeO-MiPT 10mg Pellets-et. K\u00e9rj\u00fck, ne habozzon kapcsolatba l\u00e9pni vel\u00fcnk, ha sz\u00fcks\u00e9ge van az eredm\u00e9nyekre vagy egy\u00e9b seg\u00edts\u00e9gre. Az 5-MeO-MiPT 10mg Pellet por form\u00e1ban (HCl) is kaphat\u00f3. Ha szeretn\u00e9 megtudni, hogy van-e ilyen term\u00e9k\u00fcnk, n\u00e9zze meg katal\u00f3gusunkat.<\/p>\n<h3>A NembutalHouse-nak: Mi\u00e9rt v\u00e1s\u00e1rol t\u0151l\u00fck?<\/h3>\n<p>Amellett, hogy a Lizard Labs a Lizard Labs term\u00e9kek egyik kiskeresked\u0151je, a Lizard Labs a NembutalHouse tulajdonosa \u00e9s \u00fczemeltet\u0151je is. Garant\u00e1lni tudjuk \u00d6nnek a kiv\u00e1l\u00f3 kiszolg\u00e1l\u00e1st \u00e9s a kutat\u00e1si vegyszereket az egyik legjobb \u00e1ron, mivel t\u00f6bb mint t\u00edz \u00e9ve vagyunk ebben a c\u00e9gben.<\/p>\n<h3>Az 5-MeO-MiPT 10 milligrammos granul\u00e1tum\u00e1nak beszerz\u00e9s\u00e9re vonatkoz\u00f3 k\u00fcl\u00f6nleges k\u00f6vetelm\u00e9nyek.<\/h3>\n<p>Itt v\u00e1s\u00e1rolhat 5-MeO-MiPT 10mg pelletet online, de miel\u0151tt ezt megtehetn\u00e9, legal\u00e1bb tizennyolc \u00e9vesnek kell lennie, \u00e9s el kell fogadnia az \u00f6sszes olyan felt\u00e9telt, amely mind a weboldalunkon, mind a fizet\u00e9si folyamat sor\u00e1n szerepel. Tov\u00e1bb\u00e1, kiz\u00e1r\u00f3lag kutat\u00e1si anyagokat k\u00edn\u00e1lunk tesztel\u00e9sre vagy laborat\u00f3riumi alkalmaz\u00e1sra. Ha megfelel ezen el\u0151felt\u00e9telek mindegyik\u00e9nek, egyszer\u0171en t\u00f6ltse ki \u00e9s \u00edrja al\u00e1 az \u0171rlapot.<\/p>\n<p>&nbsp;<\/p>","protected":false},"excerpt":{"rendered":"<p>Buy 5-MEO-MIPT Online You can purchase 5-MeO-MiPT 10mg Pellets online. Not as well-known as 5-MeO-MiPT and Moxy, 5-Methoxy-N-methyl-N-isopropyltryptamine is a psychedelic tryptamine. Chemically speaking, 5-MeO-MiPT is a tryptamine that is&hellip;<\/p>","protected":false},"featured_media":1565,"comment_status":"open","ping_status":"closed","template":"","meta":{"_joinchat":[]},"product_cat":[186],"product_tag":[1654,1672,1649,1660,1661,1664,1650,1670,1671,1669,1668,1657,1647,1659,1648,1666,1663,1656,1652,1653,1667,1665,1662,1655,1658,1651],"class_list":{"0":"post-1442","1":"product","2":"type-product","3":"status-publish","4":"has-post-thumbnail","6":"product_cat-research-chemicals","7":"product_tag-5-meo-mipt-powder","8":"product_tag-5-meo-mipt-powder-for-cleaning","9":"product_tag-5-meo-mipt-powder-for-sale","10":"product_tag-5-meo-mipt-powder-online","11":"product_tag-5-meo-mipt-powder-price","12":"product_tag-5-meo-mipt-powder-store","13":"product_tag-5-meo-mipt-powder-supplier","14":"product_tag-5-meo-mipt-powder-use","15":"product_tag-5-meo-mipt-powder-wiki","16":"product_tag-5-meo-mipt-powder-worldwide","17":"product_tag-best-cheap-price-5-meo-mipt-powder","18":"product_tag-best-place-to-buy-5-meo-mipt-powder","19":"product_tag-buy-5-meo-mipt-powder","20":"product_tag-buy-5-meo-mipt-powder-legally","21":"product_tag-buy-5-meo-mipt-powder-online","22":"product_tag-cheap-5-meo-mipt-powder","23":"product_tag-high-quality-5-meo-mipt-powder","24":"product_tag-how-to-buy-5-meo-mipt-powder","25":"product_tag-order-5-meo-mipt-powder","26":"product_tag-order-5-meo-mipt-powder-online","27":"product_tag-purcharse-5-meo-mipt-powder-powder","28":"product_tag-shop-5-meo-mipt-powder","29":"product_tag-top-quality-5-meo-mipt-powder","30":"product_tag-where-to-buy-5-meo-mipt-powder","31":"product_tag-where-to-order-5-meo-mipt-powder","32":"product_tag-wholesale-5-meo-mipt-powder-bulk-online","34":"first","35":"instock","36":"shipping-taxable","37":"purchasable","38":"product-type-variable"},"yoast_head":"<!-- This site is optimized with the Yoast SEO plugin v24.1 - https:\/\/yoast.com\/wordpress\/plugins\/seo\/ -->\n<title>Buy 5 MEO-MIIPT Online - Best Quality 5 MEO-MIIPT for Sale<\/title>\n<meta name=\"description\" content=\"You can get 5-meo-mipt for sale at our NembutalHouse store and get it at your doorstep without any hassle. We help you buy 5-meo-mipt online. Order Now!\" \/>\n<meta name=\"robots\" content=\"index, follow, max-snippet:-1, max-image-preview:large, max-video-preview:-1\" \/>\n<link rel=\"canonical\" href=\"https:\/\/nembutalhouse.com\/hu\/termek\/buy-5-meo-mipt-online\/\" \/>\n<meta property=\"og:locale\" content=\"hu_HU\" \/>\n<meta property=\"og:type\" content=\"article\" \/>\n<meta property=\"og:title\" content=\"Buy 5 MEO-MIIPT Online - Best Quality 5 MEO-MIIPT for Sale\" \/>\n<meta property=\"og:description\" content=\"You can get 5-meo-mipt for sale at our NembutalHouse store and get it at your doorstep without any hassle. We help you buy 5-meo-mipt online. Order Now!\" \/>\n<meta property=\"og:url\" content=\"https:\/\/nembutalhouse.com\/hu\/termek\/buy-5-meo-mipt-online\/\" \/>\n<meta property=\"og:site_name\" content=\"Nembutal House\" \/>\n<meta property=\"article:modified_time\" content=\"2026-03-06T07:35:26+00:00\" \/>\n<meta property=\"og:image\" content=\"https:\/\/nembutalhouse.com\/wp-content\/uploads\/2024\/10\/5-MEO-MIPT.gif\" \/>\n\t<meta property=\"og:image:width\" content=\"600\" \/>\n\t<meta property=\"og:image:height\" content=\"600\" \/>\n\t<meta property=\"og:image:type\" content=\"image\/gif\" \/>\n<meta name=\"twitter:card\" content=\"summary_large_image\" \/>\n<meta name=\"twitter:label1\" content=\"Becs\u00fclt olvas\u00e1si id\u0151\" \/>\n\t<meta name=\"twitter:data1\" content=\"3 perc\" \/>\n<script type=\"application\/ld+json\" class=\"yoast-schema-graph\">{\"@context\":\"https:\/\/schema.org\",\"@graph\":[{\"@type\":\"WebPage\",\"@id\":\"https:\/\/nembutalhouse.com\/product\/buy-5-meo-mipt-online\/\",\"url\":\"https:\/\/nembutalhouse.com\/product\/buy-5-meo-mipt-online\/\",\"name\":\"Buy 5 MEO-MIIPT Online - Best Quality 5 MEO-MIIPT for Sale\",\"isPartOf\":{\"@id\":\"https:\/\/nembutalhouse.com\/#website\"},\"primaryImageOfPage\":{\"@id\":\"https:\/\/nembutalhouse.com\/product\/buy-5-meo-mipt-online\/#primaryimage\"},\"image\":{\"@id\":\"https:\/\/nembutalhouse.com\/product\/buy-5-meo-mipt-online\/#primaryimage\"},\"thumbnailUrl\":\"https:\/\/nembutalhouse.com\/wp-content\/uploads\/2024\/10\/5-MEO-MIPT.gif\",\"datePublished\":\"2024-10-16T11:50:49+00:00\",\"dateModified\":\"2026-03-06T07:35:26+00:00\",\"description\":\"You can get 5-meo-mipt for sale at our NembutalHouse store and get it at your doorstep without any hassle. We help you buy 5-meo-mipt online. Order Now!\",\"breadcrumb\":{\"@id\":\"https:\/\/nembutalhouse.com\/product\/buy-5-meo-mipt-online\/#breadcrumb\"},\"inLanguage\":\"hu\",\"potentialAction\":[{\"@type\":\"ReadAction\",\"target\":[\"https:\/\/nembutalhouse.com\/product\/buy-5-meo-mipt-online\/\"]}]},{\"@type\":\"ImageObject\",\"inLanguage\":\"hu\",\"@id\":\"https:\/\/nembutalhouse.com\/product\/buy-5-meo-mipt-online\/#primaryimage\",\"url\":\"https:\/\/nembutalhouse.com\/wp-content\/uploads\/2024\/10\/5-MEO-MIPT.gif\",\"contentUrl\":\"https:\/\/nembutalhouse.com\/wp-content\/uploads\/2024\/10\/5-MEO-MIPT.gif\",\"width\":600,\"height\":600,\"caption\":\"Buy 5-MEO-MIPT Online\"},{\"@type\":\"BreadcrumbList\",\"@id\":\"https:\/\/nembutalhouse.com\/product\/buy-5-meo-mipt-online\/#breadcrumb\",\"itemListElement\":[{\"@type\":\"ListItem\",\"position\":1,\"name\":\"Home\",\"item\":\"https:\/\/nembutalhouse.com\/\"},{\"@type\":\"ListItem\",\"position\":2,\"name\":\"Shop\",\"item\":\"https:\/\/nembutalhouse.com\/shop\/\"},{\"@type\":\"ListItem\",\"position\":3,\"name\":\"Buy 5-MEO-MIPT Online\"}]},{\"@type\":\"WebSite\",\"@id\":\"https:\/\/nembutalhouse.com\/#website\",\"url\":\"https:\/\/nembutalhouse.com\/\",\"name\":\"Nembutal House\",\"description\":\"Best Nembutal Online Store\",\"publisher\":{\"@id\":\"https:\/\/nembutalhouse.com\/#organization\"},\"potentialAction\":[{\"@type\":\"SearchAction\",\"target\":{\"@type\":\"EntryPoint\",\"urlTemplate\":\"https:\/\/nembutalhouse.com\/?s={search_term_string}\"},\"query-input\":{\"@type\":\"PropertyValueSpecification\",\"valueRequired\":true,\"valueName\":\"search_term_string\"}}],\"inLanguage\":\"hu\"},{\"@type\":\"Organization\",\"@id\":\"https:\/\/nembutalhouse.com\/#organization\",\"name\":\"Nembutal House\",\"url\":\"https:\/\/nembutalhouse.com\/\",\"logo\":{\"@type\":\"ImageObject\",\"inLanguage\":\"hu\",\"@id\":\"https:\/\/nembutalhouse.com\/#\/schema\/logo\/image\/\",\"url\":\"https:\/\/nembutalhouse.com\/wp-content\/uploads\/2022\/12\/logo.png\",\"contentUrl\":\"https:\/\/nembutalhouse.com\/wp-content\/uploads\/2022\/12\/logo.png\",\"width\":344,\"height\":103,\"caption\":\"Nembutal House\"},\"image\":{\"@id\":\"https:\/\/nembutalhouse.com\/#\/schema\/logo\/image\/\"}}]}<\/script>\n<!-- \/ Yoast SEO plugin. -->","yoast_head_json":{"title":"Buy 5 MEO-MIIPT Online - Best Quality 5 MEO-MIIPT for Sale","description":"You can get 5-meo-mipt for sale at our NembutalHouse store and get it at your doorstep without any hassle. We help you buy 5-meo-mipt online. Order Now!","robots":{"index":"index","follow":"follow","max-snippet":"max-snippet:-1","max-image-preview":"max-image-preview:large","max-video-preview":"max-video-preview:-1"},"canonical":"https:\/\/nembutalhouse.com\/hu\/termek\/buy-5-meo-mipt-online\/","og_locale":"hu_HU","og_type":"article","og_title":"Buy 5 MEO-MIIPT Online - Best Quality 5 MEO-MIIPT for Sale","og_description":"You can get 5-meo-mipt for sale at our NembutalHouse store and get it at your doorstep without any hassle. We help you buy 5-meo-mipt online. Order Now!","og_url":"https:\/\/nembutalhouse.com\/hu\/termek\/buy-5-meo-mipt-online\/","og_site_name":"Nembutal House","article_modified_time":"2026-03-06T07:35:26+00:00","og_image":[{"width":600,"height":600,"url":"https:\/\/nembutalhouse.com\/wp-content\/uploads\/2024\/10\/5-MEO-MIPT.gif","type":"image\/gif"}],"twitter_card":"summary_large_image","twitter_misc":{"Becs\u00fclt olvas\u00e1si id\u0151":"3 perc"},"schema":{"@context":"https:\/\/schema.org","@graph":[{"@type":"WebPage","@id":"https:\/\/nembutalhouse.com\/product\/buy-5-meo-mipt-online\/","url":"https:\/\/nembutalhouse.com\/product\/buy-5-meo-mipt-online\/","name":"Buy 5 MEO-MIIPT Online - Best Quality 5 MEO-MIIPT for Sale","isPartOf":{"@id":"https:\/\/nembutalhouse.com\/#website"},"primaryImageOfPage":{"@id":"https:\/\/nembutalhouse.com\/product\/buy-5-meo-mipt-online\/#primaryimage"},"image":{"@id":"https:\/\/nembutalhouse.com\/product\/buy-5-meo-mipt-online\/#primaryimage"},"thumbnailUrl":"https:\/\/nembutalhouse.com\/wp-content\/uploads\/2024\/10\/5-MEO-MIPT.gif","datePublished":"2024-10-16T11:50:49+00:00","dateModified":"2026-03-06T07:35:26+00:00","description":"You can get 5-meo-mipt for sale at our NembutalHouse store and get it at your doorstep without any hassle. We help you buy 5-meo-mipt online. Order Now!","breadcrumb":{"@id":"https:\/\/nembutalhouse.com\/product\/buy-5-meo-mipt-online\/#breadcrumb"},"inLanguage":"hu","potentialAction":[{"@type":"ReadAction","target":["https:\/\/nembutalhouse.com\/product\/buy-5-meo-mipt-online\/"]}]},{"@type":"ImageObject","inLanguage":"hu","@id":"https:\/\/nembutalhouse.com\/product\/buy-5-meo-mipt-online\/#primaryimage","url":"https:\/\/nembutalhouse.com\/wp-content\/uploads\/2024\/10\/5-MEO-MIPT.gif","contentUrl":"https:\/\/nembutalhouse.com\/wp-content\/uploads\/2024\/10\/5-MEO-MIPT.gif","width":600,"height":600,"caption":"Buy 5-MEO-MIPT Online"},{"@type":"BreadcrumbList","@id":"https:\/\/nembutalhouse.com\/product\/buy-5-meo-mipt-online\/#breadcrumb","itemListElement":[{"@type":"ListItem","position":1,"name":"Home","item":"https:\/\/nembutalhouse.com\/"},{"@type":"ListItem","position":2,"name":"Shop","item":"https:\/\/nembutalhouse.com\/shop\/"},{"@type":"ListItem","position":3,"name":"Buy 5-MEO-MIPT Online"}]},{"@type":"WebSite","@id":"https:\/\/nembutalhouse.com\/#website","url":"https:\/\/nembutalhouse.com\/","name":"Nembutal House","description":"Best Nembutal Online Store","publisher":{"@id":"https:\/\/nembutalhouse.com\/#organization"},"potentialAction":[{"@type":"SearchAction","target":{"@type":"EntryPoint","urlTemplate":"https:\/\/nembutalhouse.com\/?s={search_term_string}"},"query-input":{"@type":"PropertyValueSpecification","valueRequired":true,"valueName":"search_term_string"}}],"inLanguage":"hu"},{"@type":"Organization","@id":"https:\/\/nembutalhouse.com\/#organization","name":"Nembutal House","url":"https:\/\/nembutalhouse.com\/","logo":{"@type":"ImageObject","inLanguage":"hu","@id":"https:\/\/nembutalhouse.com\/#\/schema\/logo\/image\/","url":"https:\/\/nembutalhouse.com\/wp-content\/uploads\/2022\/12\/logo.png","contentUrl":"https:\/\/nembutalhouse.com\/wp-content\/uploads\/2022\/12\/logo.png","width":344,"height":103,"caption":"Nembutal House"},"image":{"@id":"https:\/\/nembutalhouse.com\/#\/schema\/logo\/image\/"}}]}},"_links":{"self":[{"href":"https:\/\/nembutalhouse.com\/hu\/wp-json\/wp\/v2\/product\/1442","targetHints":{"allow":["GET"]}}],"collection":[{"href":"https:\/\/nembutalhouse.com\/hu\/wp-json\/wp\/v2\/product"}],"about":[{"href":"https:\/\/nembutalhouse.com\/hu\/wp-json\/wp\/v2\/types\/product"}],"replies":[{"embeddable":true,"href":"https:\/\/nembutalhouse.com\/hu\/wp-json\/wp\/v2\/comments?post=1442"}],"wp:featuredmedia":[{"embeddable":true,"href":"https:\/\/nembutalhouse.com\/hu\/wp-json\/wp\/v2\/media\/1565"}],"wp:attachment":[{"href":"https:\/\/nembutalhouse.com\/hu\/wp-json\/wp\/v2\/media?parent=1442"}],"wp:term":[{"taxonomy":"product_cat","embeddable":true,"href":"https:\/\/nembutalhouse.com\/hu\/wp-json\/wp\/v2\/product_cat?post=1442"},{"taxonomy":"product_tag","embeddable":true,"href":"https:\/\/nembutalhouse.com\/hu\/wp-json\/wp\/v2\/product_tag?post=1442"}],"curies":[{"name":"wp","href":"https:\/\/api.w.org\/{rel}","templated":true}]}}