{"id":1315,"date":"2024-10-16T11:50:01","date_gmt":"2024-10-16T11:50:01","guid":{"rendered":"https:\/\/nembutalhouse.com\/?post_type=product&#038;p=1315"},"modified":"2026-03-06T10:07:56","modified_gmt":"2026-03-06T10:07:56","slug":"buy-lsd-powder-online","status":"publish","type":"product","link":"https:\/\/nembutalhouse.com\/hu\/termek\/buy-lsd-powder-online\/","title":{"rendered":"LSD por online v\u00e1s\u00e1rl\u00e1sa"},"content":{"rendered":"<h2>LSD por online v\u00e1s\u00e1rl\u00e1sa<\/h2>\n<p><a href=\"https:\/\/nembutalhouse.com\/hu\/termek\/buy-lsd-powder-online\/\">Cseppek LSD (lizergsav-dietilamid)<\/a> Blotter LSD (lizergsav-dietilamid) por s\u00f3\/blotter pap\u00edr<\/p>\n<p>Az LSD foly\u00e9kony cseppek, m\u00e1s n\u00e9ven lizergid \u00e9s szleng kifejez\u00e9ssel \"acid\", az ergolin csal\u00e1dba tartoz\u00f3 f\u00e9lszintetikus pszichedelikus drog. \u00c1ltal\u00e1ban pszichol\u00f3giai hat\u00e1sair\u00f3l ismert.<\/p>\n<p>Online, LSD (lizergsav-dietilamid) foltpap\u00edr alacsony \u00e1ron kaphat\u00f3.<\/p>\n<p>Az egyik leger\u0151sebb hangulatv\u00e1ltoztat\u00f3 anyag az LSD foly\u00e9kony csepp. Az anyarozsgomba, amely rozson \u00e9s m\u00e1s gabonaf\u00e9l\u00e9ken n\u0151, lizergsavat tartalmaz, amelyet az el\u0151\u00e1ll\u00edt\u00e1s\u00e1hoz haszn\u00e1lnak.<\/p>\n<p>Illeg\u00e1lis laborat\u00f3riumokban, f\u0151k\u00e9nt az Egyes\u00fclt \u00c1llamokban, krist\u00e1lyos form\u00e1ban \u00e1ll\u00edtj\u00e1k el\u0151. E krist\u00e1lyok terjeszt\u00e9s\u00e9hez foly\u00e9kony form\u00e1t hoznak l\u00e9tre bel\u0151l\u00fck. Nincs szaga, nincs sz\u00edne. <a href=\"https:\/\/nembutalhouse.com\/hu\/\">NembutalHouse.com<\/a><\/p>\n<p>Az LSD-t az utc\u00e1n \"acid\" n\u00e9ven \u00e9s sz\u00e1mos m\u00e1s n\u00e9ven forgalmazz\u00e1k. Apr\u00f3, \"mikrop\u00f6tty\u00f6knek\" nevezett tablett\u00e1k, kapszul\u00e1k vagy \"ablak\u00fcvegnek\" nevezett zselatin n\u00e9gyzetek form\u00e1j\u00e1ban kaphat\u00f3. Alkalmank\u00e9nt nedvsz\u00edv\u00f3 pap\u00edrral keverik \u00f6ssze, majd apr\u00f3 darabokra v\u00e1gj\u00e1k, amelyeket mint\u00e1kkal vagy anim\u00e1lt figur\u00e1kkal d\u00edsz\u00edtenek, \u00e9s \"loony toons\"-nak neveznek. Alkalmank\u00e9nt folyad\u00e9kk\u00e9nt k\u00edn\u00e1lj\u00e1k elad\u00e1sra. Az LSD azonban mindig olyan helyre viszi haszn\u00e1l\u00f3it, ahol komolyan elszakadnak a val\u00f3s\u00e1gt\u00f3l.<\/p>\n<p>Az LSD Blotters haszn\u00e1l\u00f3i az LSD-\u00e9lm\u00e9nyt \"trip\"-nek nevezik, amely \u00e1ltal\u00e1ban k\u00f6r\u00fclbel\u00fcl tizenk\u00e9t \u00f3r\u00e1n \u00e1t tart. \"Rossz trip\"-nek nevezik, ami egy m\u00e1sik kifejez\u00e9s az \u00e9l\u0151 pokolra, amikor a dolgok rosszul mennek, ami jellemz\u0151en \u00edgy is van.<\/p>\n<p>lizergsav-dietilamid, vagy <a href=\"https:\/\/en.wikipedia.org\/wiki\/LSD\">LSD<\/a> Blotter, egy pszichedelikus anyag, amely pszichol\u00f3giai hat\u00e1sair\u00f3l ismert; Wikipedia<\/p>\n<p>C20H25N3O a k\u00e9plet.<\/p>\n<p>IUPAC azonos\u00edt\u00f3: 6aR,9R- [4,3-fg] N,N-dietil-7-metil-4,6,6,6a,7,8,9-hexahidroindolo-Nine-karboxamid kinolin<\/p>\n<p>\u00d6mlesztett s\u0171r\u0171s\u00e9g: 323,43 g\/mol<\/p>\n<p>\u00b0C az olvad\u00e1spont.<\/p>\n<p>CAS-sz\u00e1m: 50-37-3<\/p>\n<p>A sav vagy lizergsav-dietilamid egy hallucinog\u00e9n tulajdons\u00e1gair\u00f3l j\u00f3l ismert pszichedelikus anyag. Wikipedia<\/p>\n<p>C20H25N3O a k\u00e9plet.<\/p>\n<p>IUPAC azonos\u00edt\u00f3: 6aR,9R- [4,3-fg] N,N-dietil-7-metil-4,6,6,6a,7,8,9-hexahidroindolo; kilenc-karboxamid kinolin N-karboxamid kinolin<\/p>\n<p>\u00d6mlesztett s\u0171r\u0171s\u00e9g: 323,43 g\/mol<\/p>\n<p>\u00b0C az olvad\u00e1spont.<\/p>\n<p>CAS-sz\u00e1m: 50-37-3<\/p>\n<p>&nbsp;<\/p>\n<p>&nbsp;<\/p>","protected":false},"excerpt":{"rendered":"<p>Buy LSD Powder Online Drops LSD (Lysergic Acid Diethylamide) Blotter LSD (Lysergic Acid Diethylamide) Powder salt\/blotter paper LSD liquid drops, also known as lysergide and slang term &#8220;acid,&#8221; are a&hellip;<\/p>","protected":false},"featured_media":1513,"comment_status":"open","ping_status":"closed","template":"","meta":{"_joinchat":[]},"product_cat":[186],"product_tag":[1037,1026,1016,1017,1028,1042,1035,1032,1025,1018,1023,1041,1043,1029,1030,1033,1039,1040,1038,1019,1021,1022,1044,1036,1034,1031,1024,1027,1020],"class_list":{"0":"post-1315","1":"product","2":"type-product","3":"status-publish","4":"has-post-thumbnail","6":"product_cat-research-chemicals","7":"product_tag-best-cheap-price-lsd-powder","8":"product_tag-best-place-to-buy-lsd-powder","9":"product_tag-buy-lsd","10":"product_tag-buy-lsd-online","11":"product_tag-buy-lsd-powder-legally","12":"product_tag-buy-lsd-powder-online","13":"product_tag-cheap-lsd-powders","14":"product_tag-high-quality-lsd-powder","15":"product_tag-how-to-buy-lsd-powder","16":"product_tag-lsd-for-sale","17":"product_tag-lsd-powder","18":"product_tag-lsd-powder-for-cleaning","19":"product_tag-lsd-powder-for-sale","20":"product_tag-lsd-powder-online","21":"product_tag-lsd-powder-price","22":"product_tag-lsd-powder-store","23":"product_tag-lsd-powder-use","24":"product_tag-lsd-powder-wiki","25":"product_tag-lsd-powder-worldwide","26":"product_tag-lsd-supplier","27":"product_tag-order-lsd","28":"product_tag-order-lsd-online","29":"product_tag-order-lsd-powder","30":"product_tag-purcharse-lsd-powder-powder","31":"product_tag-shop-lsd-powder","32":"product_tag-top-quality-lsd-powder","33":"product_tag-where-to-buy-lsd-powder","34":"product_tag-where-to-order-lsd-powder","35":"product_tag-wholesale-lsd-bulk-online","37":"first","38":"instock","39":"shipping-taxable","40":"purchasable","41":"product-type-variable"},"yoast_head":"<!-- This site is optimized with the Yoast SEO plugin v24.1 - https:\/\/yoast.com\/wordpress\/plugins\/seo\/ -->\n<title>LSD for Sale - Buy LSD Online - Order LSD Online | NH<\/title>\n<meta name=\"description\" content=\"Looking for a reliable source to buy lsd online? Your search ends here. Order lsd online from our trusted store and enjoy a seamless buying process tailored for your research needs.\" \/>\n<meta name=\"robots\" content=\"index, follow, max-snippet:-1, max-image-preview:large, max-video-preview:-1\" \/>\n<link rel=\"canonical\" href=\"https:\/\/nembutalhouse.com\/hu\/termek\/buy-lsd-powder-online\/\" \/>\n<meta property=\"og:locale\" content=\"hu_HU\" \/>\n<meta property=\"og:type\" content=\"article\" \/>\n<meta property=\"og:title\" content=\"LSD for Sale - Buy LSD Online - Order LSD Online | NH\" \/>\n<meta property=\"og:description\" content=\"Looking for a reliable source to buy lsd online? Your search ends here. Order lsd online from our trusted store and enjoy a seamless buying process tailored for your research needs.\" \/>\n<meta property=\"og:url\" content=\"https:\/\/nembutalhouse.com\/hu\/termek\/buy-lsd-powder-online\/\" \/>\n<meta property=\"og:site_name\" content=\"Nembutal House\" \/>\n<meta property=\"article:modified_time\" content=\"2026-03-06T10:07:56+00:00\" \/>\n<meta property=\"og:image\" content=\"https:\/\/nembutalhouse.com\/wp-content\/uploads\/2024\/10\/LSD.gif\" \/>\n\t<meta property=\"og:image:width\" content=\"600\" \/>\n\t<meta property=\"og:image:height\" content=\"600\" \/>\n\t<meta property=\"og:image:type\" content=\"image\/gif\" \/>\n<meta name=\"twitter:card\" content=\"summary_large_image\" \/>\n<meta name=\"twitter:label1\" content=\"Becs\u00fclt olvas\u00e1si id\u0151\" \/>\n\t<meta name=\"twitter:data1\" content=\"2 perc\" \/>\n<script type=\"application\/ld+json\" class=\"yoast-schema-graph\">{\"@context\":\"https:\/\/schema.org\",\"@graph\":[{\"@type\":\"WebPage\",\"@id\":\"https:\/\/nembutalhouse.com\/product\/buy-lsd-powder-online\/\",\"url\":\"https:\/\/nembutalhouse.com\/product\/buy-lsd-powder-online\/\",\"name\":\"LSD for Sale - Buy LSD Online - Order LSD Online | NH\",\"isPartOf\":{\"@id\":\"https:\/\/nembutalhouse.com\/#website\"},\"primaryImageOfPage\":{\"@id\":\"https:\/\/nembutalhouse.com\/product\/buy-lsd-powder-online\/#primaryimage\"},\"image\":{\"@id\":\"https:\/\/nembutalhouse.com\/product\/buy-lsd-powder-online\/#primaryimage\"},\"thumbnailUrl\":\"https:\/\/nembutalhouse.com\/wp-content\/uploads\/2024\/10\/LSD.gif\",\"datePublished\":\"2024-10-16T11:50:01+00:00\",\"dateModified\":\"2026-03-06T10:07:56+00:00\",\"description\":\"Looking for a reliable source to buy lsd online? Your search ends here. Order lsd online from our trusted store and enjoy a seamless buying process tailored for your research needs.\",\"breadcrumb\":{\"@id\":\"https:\/\/nembutalhouse.com\/product\/buy-lsd-powder-online\/#breadcrumb\"},\"inLanguage\":\"hu\",\"potentialAction\":[{\"@type\":\"ReadAction\",\"target\":[\"https:\/\/nembutalhouse.com\/product\/buy-lsd-powder-online\/\"]}]},{\"@type\":\"ImageObject\",\"inLanguage\":\"hu\",\"@id\":\"https:\/\/nembutalhouse.com\/product\/buy-lsd-powder-online\/#primaryimage\",\"url\":\"https:\/\/nembutalhouse.com\/wp-content\/uploads\/2024\/10\/LSD.gif\",\"contentUrl\":\"https:\/\/nembutalhouse.com\/wp-content\/uploads\/2024\/10\/LSD.gif\",\"width\":600,\"height\":600,\"caption\":\"Buy LSD Powder Online\"},{\"@type\":\"BreadcrumbList\",\"@id\":\"https:\/\/nembutalhouse.com\/product\/buy-lsd-powder-online\/#breadcrumb\",\"itemListElement\":[{\"@type\":\"ListItem\",\"position\":1,\"name\":\"Home\",\"item\":\"https:\/\/nembutalhouse.com\/\"},{\"@type\":\"ListItem\",\"position\":2,\"name\":\"Shop\",\"item\":\"https:\/\/nembutalhouse.com\/shop\/\"},{\"@type\":\"ListItem\",\"position\":3,\"name\":\"Buy LSD Powder Online\"}]},{\"@type\":\"WebSite\",\"@id\":\"https:\/\/nembutalhouse.com\/#website\",\"url\":\"https:\/\/nembutalhouse.com\/\",\"name\":\"Nembutal House\",\"description\":\"Best Nembutal Online Store\",\"publisher\":{\"@id\":\"https:\/\/nembutalhouse.com\/#organization\"},\"potentialAction\":[{\"@type\":\"SearchAction\",\"target\":{\"@type\":\"EntryPoint\",\"urlTemplate\":\"https:\/\/nembutalhouse.com\/?s={search_term_string}\"},\"query-input\":{\"@type\":\"PropertyValueSpecification\",\"valueRequired\":true,\"valueName\":\"search_term_string\"}}],\"inLanguage\":\"hu\"},{\"@type\":\"Organization\",\"@id\":\"https:\/\/nembutalhouse.com\/#organization\",\"name\":\"Nembutal House\",\"url\":\"https:\/\/nembutalhouse.com\/\",\"logo\":{\"@type\":\"ImageObject\",\"inLanguage\":\"hu\",\"@id\":\"https:\/\/nembutalhouse.com\/#\/schema\/logo\/image\/\",\"url\":\"https:\/\/nembutalhouse.com\/wp-content\/uploads\/2022\/12\/logo.png\",\"contentUrl\":\"https:\/\/nembutalhouse.com\/wp-content\/uploads\/2022\/12\/logo.png\",\"width\":344,\"height\":103,\"caption\":\"Nembutal House\"},\"image\":{\"@id\":\"https:\/\/nembutalhouse.com\/#\/schema\/logo\/image\/\"}}]}<\/script>\n<!-- \/ Yoast SEO plugin. -->","yoast_head_json":{"title":"LSD for Sale - Buy LSD Online - Order LSD Online | NH","description":"Looking for a reliable source to buy lsd online? Your search ends here. Order lsd online from our trusted store and enjoy a seamless buying process tailored for your research needs.","robots":{"index":"index","follow":"follow","max-snippet":"max-snippet:-1","max-image-preview":"max-image-preview:large","max-video-preview":"max-video-preview:-1"},"canonical":"https:\/\/nembutalhouse.com\/hu\/termek\/buy-lsd-powder-online\/","og_locale":"hu_HU","og_type":"article","og_title":"LSD for Sale - Buy LSD Online - Order LSD Online | NH","og_description":"Looking for a reliable source to buy lsd online? Your search ends here. Order lsd online from our trusted store and enjoy a seamless buying process tailored for your research needs.","og_url":"https:\/\/nembutalhouse.com\/hu\/termek\/buy-lsd-powder-online\/","og_site_name":"Nembutal House","article_modified_time":"2026-03-06T10:07:56+00:00","og_image":[{"width":600,"height":600,"url":"https:\/\/nembutalhouse.com\/wp-content\/uploads\/2024\/10\/LSD.gif","type":"image\/gif"}],"twitter_card":"summary_large_image","twitter_misc":{"Becs\u00fclt olvas\u00e1si id\u0151":"2 perc"},"schema":{"@context":"https:\/\/schema.org","@graph":[{"@type":"WebPage","@id":"https:\/\/nembutalhouse.com\/product\/buy-lsd-powder-online\/","url":"https:\/\/nembutalhouse.com\/product\/buy-lsd-powder-online\/","name":"LSD for Sale - Buy LSD Online - Order LSD Online | NH","isPartOf":{"@id":"https:\/\/nembutalhouse.com\/#website"},"primaryImageOfPage":{"@id":"https:\/\/nembutalhouse.com\/product\/buy-lsd-powder-online\/#primaryimage"},"image":{"@id":"https:\/\/nembutalhouse.com\/product\/buy-lsd-powder-online\/#primaryimage"},"thumbnailUrl":"https:\/\/nembutalhouse.com\/wp-content\/uploads\/2024\/10\/LSD.gif","datePublished":"2024-10-16T11:50:01+00:00","dateModified":"2026-03-06T10:07:56+00:00","description":"Looking for a reliable source to buy lsd online? Your search ends here. Order lsd online from our trusted store and enjoy a seamless buying process tailored for your research needs.","breadcrumb":{"@id":"https:\/\/nembutalhouse.com\/product\/buy-lsd-powder-online\/#breadcrumb"},"inLanguage":"hu","potentialAction":[{"@type":"ReadAction","target":["https:\/\/nembutalhouse.com\/product\/buy-lsd-powder-online\/"]}]},{"@type":"ImageObject","inLanguage":"hu","@id":"https:\/\/nembutalhouse.com\/product\/buy-lsd-powder-online\/#primaryimage","url":"https:\/\/nembutalhouse.com\/wp-content\/uploads\/2024\/10\/LSD.gif","contentUrl":"https:\/\/nembutalhouse.com\/wp-content\/uploads\/2024\/10\/LSD.gif","width":600,"height":600,"caption":"Buy LSD Powder Online"},{"@type":"BreadcrumbList","@id":"https:\/\/nembutalhouse.com\/product\/buy-lsd-powder-online\/#breadcrumb","itemListElement":[{"@type":"ListItem","position":1,"name":"Home","item":"https:\/\/nembutalhouse.com\/"},{"@type":"ListItem","position":2,"name":"Shop","item":"https:\/\/nembutalhouse.com\/shop\/"},{"@type":"ListItem","position":3,"name":"Buy LSD Powder Online"}]},{"@type":"WebSite","@id":"https:\/\/nembutalhouse.com\/#website","url":"https:\/\/nembutalhouse.com\/","name":"Nembutal House","description":"Best Nembutal Online Store","publisher":{"@id":"https:\/\/nembutalhouse.com\/#organization"},"potentialAction":[{"@type":"SearchAction","target":{"@type":"EntryPoint","urlTemplate":"https:\/\/nembutalhouse.com\/?s={search_term_string}"},"query-input":{"@type":"PropertyValueSpecification","valueRequired":true,"valueName":"search_term_string"}}],"inLanguage":"hu"},{"@type":"Organization","@id":"https:\/\/nembutalhouse.com\/#organization","name":"Nembutal House","url":"https:\/\/nembutalhouse.com\/","logo":{"@type":"ImageObject","inLanguage":"hu","@id":"https:\/\/nembutalhouse.com\/#\/schema\/logo\/image\/","url":"https:\/\/nembutalhouse.com\/wp-content\/uploads\/2022\/12\/logo.png","contentUrl":"https:\/\/nembutalhouse.com\/wp-content\/uploads\/2022\/12\/logo.png","width":344,"height":103,"caption":"Nembutal House"},"image":{"@id":"https:\/\/nembutalhouse.com\/#\/schema\/logo\/image\/"}}]}},"_links":{"self":[{"href":"https:\/\/nembutalhouse.com\/hu\/wp-json\/wp\/v2\/product\/1315","targetHints":{"allow":["GET"]}}],"collection":[{"href":"https:\/\/nembutalhouse.com\/hu\/wp-json\/wp\/v2\/product"}],"about":[{"href":"https:\/\/nembutalhouse.com\/hu\/wp-json\/wp\/v2\/types\/product"}],"replies":[{"embeddable":true,"href":"https:\/\/nembutalhouse.com\/hu\/wp-json\/wp\/v2\/comments?post=1315"}],"wp:featuredmedia":[{"embeddable":true,"href":"https:\/\/nembutalhouse.com\/hu\/wp-json\/wp\/v2\/media\/1513"}],"wp:attachment":[{"href":"https:\/\/nembutalhouse.com\/hu\/wp-json\/wp\/v2\/media?parent=1315"}],"wp:term":[{"taxonomy":"product_cat","embeddable":true,"href":"https:\/\/nembutalhouse.com\/hu\/wp-json\/wp\/v2\/product_cat?post=1315"},{"taxonomy":"product_tag","embeddable":true,"href":"https:\/\/nembutalhouse.com\/hu\/wp-json\/wp\/v2\/product_tag?post=1315"}],"curies":[{"name":"wp","href":"https:\/\/api.w.org\/{rel}","templated":true}]}}