{"id":1197,"date":"2024-10-16T11:48:32","date_gmt":"2024-10-16T11:48:32","guid":{"rendered":"https:\/\/nembutalhouse.com\/?post_type=product&#038;p=1197"},"modified":"2026-03-06T07:33:56","modified_gmt":"2026-03-06T07:33:56","slug":"buy-4-mec-online-2-2","status":"publish","type":"product","link":"https:\/\/nembutalhouse.com\/hu\/termek\/buy-4-mec-online-2-2\/","title":{"rendered":"Buy 4-MEC Online"},"content":{"rendered":"<h2>Buy 4-MEC Online<\/h2>\n<h3>4-metil-N-etil A katinon<\/h3>\n<p>Several designer recreational drugs that are marketed as &#8220;legal high&#8221; substitutes for regulated stimulants like methamphetamine and 3,4-methylenedioxymethamphetamine contain 4-methylethcathinone (4-MEC), a cathinone derivative.1, 2, 3 This compound&#8217;s hydrochloride version is meant to serve as a benchmark for forensic examination of materials that might contain <a href=\"https:\/\/nembutalhouse.com\/hu\/termek\/buy-4-mec-online-2\/\">buy 4-MEC online<\/a>.<\/p>\n<p>M\u0171szaki r\u00e9szletek<\/p>\n<p>2-(etilamino)-1-(4-metilfenil)-1-propanon, monohidroklorid a hivatalos neve.<\/p>\n<p>CAS-sz\u00e1m: 1266688-86-1<\/p>\n<p>Szinonim\u00e1k<\/p>\n<p>4-metil-N-etil A katinon<\/p>\n<p>4. MEC<\/p>\n<p>A molekula k\u00e9plete: C12H17NO - HCl<\/p>\n<p>A k\u00e9plet s\u00falya: 227.7<\/p>\n<p>Tisztas\u00e1g \u226598%<\/p>\n<p>Krist\u00e1lyos szil\u00e1rd anyag l\u00e9trehoz\u00e1sa<\/p>\n<p>\u03bbmax: 260 nm<\/p>\n<p>CC1=CC=CC=C(C(C(C(NCC)C)=O) SMILESC=C1.Cl<\/p>\n<p>InChI k\u00f3d: InChI=1S\/C12H17NO.ClH\/c12(14)11-7-5-9(2) 1-4-13-10(3)h5-8,10,13H,4H2,1-3H3;1H 6-8-11<\/p>\n<p>RQTXXFLUWZXGIE-UHFFFAOYSA-N az InChI kulcs.<\/p>\n<h3>Vegyszerek a Nembutal-h\u00e1zban<\/h3>\n<p>A KUTAT\u00c1SI VEGYSZEREK GLOB\u00c1LIS SZ\u00c1LL\u00cdT\u00d3JA VAGYUNK<\/p>\n<p>A  c\u00edmmel kapcsolatban<\/p>\n<p>megb\u00edzhat\u00f3, megb\u00edzhat\u00f3, biztons\u00e1gos \u00e9s enged\u00e9lyezett kutat\u00f3i vegyszerek besz\u00e1ll\u00edt\u00f3i<\/p>\n<p>You can find cutting-edge materials for your projects at <a href=\"https:\/\/nembutalhouse.com\/hu\/\">NembutalHouse<\/a> Chemicals, one of the most reputable research chemical stores. you can find cutting-edge materials for your projects at NembutalHouse Chemicals, one of the most reputable research chemical stores. You need a supplier you can rely on to offer chemicals that are 100% authentic and pure, and you can be positive about this when you work with us. We take great pride in our reputation as one of the most reputable providers in the internet industry, which we have built through our commitment to quality and scientific integrity.<\/p>\n<p>\u00dcgyfeleink sz\u00e1m\u00e1ra el\u0151ny\u00f6sek a k\u00fcl\u00f6nb\u00f6z\u0151 fizet\u00e9si lehet\u0151s\u00e9gek, a megb\u00edzhat\u00f3 sz\u00e1ll\u00edt\u00e1s \u00e9s a kutat\u00e1si vegyszerek legsz\u00e9lesebb v\u00e1laszt\u00e9ka. Ily m\u00f3don minden kontinensr\u0151l sok kutat\u00f3nak seg\u00edthet\u00fcnk megtal\u00e1lni azokat a szokatlan \u00e9s alul tanulm\u00e1nyozott tanulm\u00e1nyi forr\u00e1sokat, amelyek gyakran jelent\u0151s hat\u00e1ssal vannak a farmakol\u00f3giai, k\u00e9miai, biol\u00f3giai vagy fizikai kutat\u00e1sokra. Folyamatosan keress\u00fck azokat a m\u00f3dszereket, amelyekkel b\u0151v\u00edthetj\u00fck k\u00edn\u00e1latunkat, \u00e9s ahol csak lehets\u00e9ges, \u00faj kutat\u00e1si vegyszerekkel eg\u00e9sz\u00edtj\u00fck ki term\u00e9klist\u00e1nkat, hogy megfelelhess\u00fcnk c\u00e9lunknak.<\/p>\n<p>Az azonnali ig\u00e9nyekt\u0151l f\u00fcgg\u0151en \u00fcgyfeleink nagyobb vagy kisebb mennyis\u00e9gben is v\u00e1s\u00e1rolhatnak. Arra t\u00f6reksz\u00fcnk, hogy befogad\u00f3ak legy\u00fcnk \u00e9s figyelembe vegy\u00fck az \u00fcgyfeleink \u00e1ltal vil\u00e1gszerte kifejezett preferenci\u00e1kat, amellett, hogy olyan kutat\u00e1si vegyszereket biztos\u00edtunk, amelyeket \u00fcgyfeleink kifejezetten akarnak. V\u00e9gs\u0151 c\u00e9lunk, hogy megk\u00f6nny\u00edts\u00fck a tudom\u00e1nyos k\u00f6z\u00f6ss\u00e9g sz\u00e1m\u00e1ra a megfizethet\u0151, kiv\u00e1l\u00f3 min\u0151s\u00e9g\u0171 kutat\u00e1si vegyszerekhez val\u00f3 hozz\u00e1f\u00e9r\u00e9st, mik\u00f6zben technikai szempontb\u00f3l is el\u0151mozd\u00edtjuk a tud\u00e1st.<\/p>\n<p>Felh\u00edvjuk figyelm\u00e9t, hogy a NembutalHouse Company kiz\u00e1r\u00f3lag a helyi t\u00f6rv\u00e9nyeknek \u00e9s el\u0151\u00edr\u00e1soknak megfelel\u0151, biztons\u00e1gos, ellen\u0151rz\u00f6tt laborat\u00f3riumi k\u00f6rnyezetben v\u00e9gzett t\u00f6rv\u00e9nyes tudom\u00e1nyos kutat\u00e1shoz enged\u00e9lyezi kutat\u00e1si term\u00e9keinek szigor\u00fa felhaszn\u00e1l\u00e1s\u00e1t. T\u00e9teleinket emberi fogyaszt\u00e1sra szigor\u00faan tilos felhaszn\u00e1lni, f\u00fcggetlen\u00fcl att\u00f3l, hogy mi t\u00f6rt\u00e9nik.<\/p>\n<h3>First Research Chemical Store, Inc.<\/h3>\n<p>We have been providing research chemicals to medical facilities, toxicologists, biochemists, pharmacologists, chemistry students, pharmaceutical scientists, and educational <a href=\"https:\/\/en.wikipedia.org\/wiki\/4-Methylethcathinone\">organizations<\/a>.<\/p>\n<p>&nbsp;<\/p>","protected":false},"excerpt":{"rendered":"<p>Buy 4-MEC Online 4-methyl-N-ethyl The cathinone Several designer recreational drugs that are marketed as &#8220;legal high&#8221; substitutes for regulated stimulants like methamphetamine and 3,4-methylenedioxymethamphetamine contain 4-methylethcathinone (4-MEC), a cathinone derivative.1,&hellip;<\/p>","protected":false},"featured_media":1214,"comment_status":"open","ping_status":"closed","template":"","meta":{"_joinchat":[]},"product_cat":[186],"product_tag":[],"class_list":{"0":"post-1197","1":"product","2":"type-product","3":"status-publish","4":"has-post-thumbnail","6":"product_cat-research-chemicals","8":"first","9":"instock","10":"shipping-taxable","11":"purchasable","12":"product-type-variable"},"yoast_head":"<!-- This site is optimized with the Yoast SEO plugin v24.1 - https:\/\/yoast.com\/wordpress\/plugins\/seo\/ -->\n<title>Achetez 4-MEC en ligne - 4-MEC \u00e0 vendre<\/title>\n<meta name=\"description\" content=\"Nous sommes le magasin leader proposant 4-MEC \u00e0 la vente. Si vous souhaitez acheter 4-MEC en ligne, contactez-nous imm\u00e9diatement et faites livrer votre commande. Commandez maintenant !\" \/>\n<meta name=\"robots\" content=\"index, follow, max-snippet:-1, max-image-preview:large, max-video-preview:-1\" \/>\n<link rel=\"canonical\" href=\"https:\/\/nembutalhouse.com\/hu\/termek\/buy-4-mec-online-2-2\/\" \/>\n<meta property=\"og:locale\" content=\"hu_HU\" \/>\n<meta property=\"og:type\" content=\"article\" \/>\n<meta property=\"og:title\" content=\"Achetez 4-MEC en ligne - 4-MEC \u00e0 vendre\" \/>\n<meta property=\"og:description\" content=\"Nous sommes le magasin leader proposant 4-MEC \u00e0 la vente. Si vous souhaitez acheter 4-MEC en ligne, contactez-nous imm\u00e9diatement et faites livrer votre commande. Commandez maintenant !\" \/>\n<meta property=\"og:url\" content=\"https:\/\/nembutalhouse.com\/hu\/termek\/buy-4-mec-online-2-2\/\" \/>\n<meta property=\"og:site_name\" content=\"Nembutal House\" \/>\n<meta property=\"article:modified_time\" content=\"2026-03-06T07:33:56+00:00\" \/>\n<meta property=\"og:image\" content=\"https:\/\/nembutalhouse.com\/wp-content\/uploads\/2024\/10\/4-MEC.gif\" \/>\n\t<meta property=\"og:image:width\" content=\"600\" \/>\n\t<meta property=\"og:image:height\" content=\"600\" \/>\n\t<meta property=\"og:image:type\" content=\"image\/gif\" \/>\n<meta name=\"twitter:card\" content=\"summary_large_image\" \/>\n<meta name=\"twitter:label1\" content=\"Becs\u00fclt olvas\u00e1si id\u0151\" \/>\n\t<meta name=\"twitter:data1\" content=\"3 perc\" \/>\n<script type=\"application\/ld+json\" class=\"yoast-schema-graph\">{\"@context\":\"https:\/\/schema.org\",\"@graph\":[{\"@type\":\"WebPage\",\"@id\":\"https:\/\/nembutalhouse.com\/product\/buy-4-mec-online-2-2\/\",\"url\":\"https:\/\/nembutalhouse.com\/product\/buy-4-mec-online-2-2\/\",\"name\":\"Achetez 4-MEC en ligne - 4-MEC \u00e0 vendre\",\"isPartOf\":{\"@id\":\"https:\/\/nembutalhouse.com\/#website\"},\"primaryImageOfPage\":{\"@id\":\"https:\/\/nembutalhouse.com\/product\/buy-4-mec-online-2-2\/#primaryimage\"},\"image\":{\"@id\":\"https:\/\/nembutalhouse.com\/product\/buy-4-mec-online-2-2\/#primaryimage\"},\"thumbnailUrl\":\"https:\/\/nembutalhouse.com\/wp-content\/uploads\/2024\/10\/4-MEC.gif\",\"datePublished\":\"2024-10-16T11:48:32+00:00\",\"dateModified\":\"2026-03-06T07:33:56+00:00\",\"description\":\"Nous sommes le magasin leader proposant 4-MEC \u00e0 la vente. Si vous souhaitez acheter 4-MEC en ligne, contactez-nous imm\u00e9diatement et faites livrer votre commande. Commandez maintenant !\",\"breadcrumb\":{\"@id\":\"https:\/\/nembutalhouse.com\/product\/buy-4-mec-online-2-2\/#breadcrumb\"},\"inLanguage\":\"hu\",\"potentialAction\":[{\"@type\":\"ReadAction\",\"target\":[\"https:\/\/nembutalhouse.com\/product\/buy-4-mec-online-2-2\/\"]}]},{\"@type\":\"ImageObject\",\"inLanguage\":\"hu\",\"@id\":\"https:\/\/nembutalhouse.com\/product\/buy-4-mec-online-2-2\/#primaryimage\",\"url\":\"https:\/\/nembutalhouse.com\/wp-content\/uploads\/2024\/10\/4-MEC.gif\",\"contentUrl\":\"https:\/\/nembutalhouse.com\/wp-content\/uploads\/2024\/10\/4-MEC.gif\",\"width\":600,\"height\":600,\"caption\":\"Buy 4-MEC Online\"},{\"@type\":\"BreadcrumbList\",\"@id\":\"https:\/\/nembutalhouse.com\/product\/buy-4-mec-online-2-2\/#breadcrumb\",\"itemListElement\":[{\"@type\":\"ListItem\",\"position\":1,\"name\":\"Home\",\"item\":\"https:\/\/nembutalhouse.com\/\"},{\"@type\":\"ListItem\",\"position\":2,\"name\":\"Shop\",\"item\":\"https:\/\/nembutalhouse.com\/shop\/\"},{\"@type\":\"ListItem\",\"position\":3,\"name\":\"Buy 4-MEC Online\"}]},{\"@type\":\"WebSite\",\"@id\":\"https:\/\/nembutalhouse.com\/#website\",\"url\":\"https:\/\/nembutalhouse.com\/\",\"name\":\"Nembutal House\",\"description\":\"Best Nembutal Online Store\",\"publisher\":{\"@id\":\"https:\/\/nembutalhouse.com\/#organization\"},\"potentialAction\":[{\"@type\":\"SearchAction\",\"target\":{\"@type\":\"EntryPoint\",\"urlTemplate\":\"https:\/\/nembutalhouse.com\/?s={search_term_string}\"},\"query-input\":{\"@type\":\"PropertyValueSpecification\",\"valueRequired\":true,\"valueName\":\"search_term_string\"}}],\"inLanguage\":\"hu\"},{\"@type\":\"Organization\",\"@id\":\"https:\/\/nembutalhouse.com\/#organization\",\"name\":\"Nembutal House\",\"url\":\"https:\/\/nembutalhouse.com\/\",\"logo\":{\"@type\":\"ImageObject\",\"inLanguage\":\"hu\",\"@id\":\"https:\/\/nembutalhouse.com\/#\/schema\/logo\/image\/\",\"url\":\"https:\/\/nembutalhouse.com\/wp-content\/uploads\/2022\/12\/logo.png\",\"contentUrl\":\"https:\/\/nembutalhouse.com\/wp-content\/uploads\/2022\/12\/logo.png\",\"width\":344,\"height\":103,\"caption\":\"Nembutal House\"},\"image\":{\"@id\":\"https:\/\/nembutalhouse.com\/#\/schema\/logo\/image\/\"}}]}<\/script>\n<!-- \/ Yoast SEO plugin. -->","yoast_head_json":{"title":"Achetez 4-MEC en ligne - 4-MEC \u00e0 vendre","description":"Nous sommes le magasin leader proposant 4-MEC \u00e0 la vente. Si vous souhaitez acheter 4-MEC en ligne, contactez-nous imm\u00e9diatement et faites livrer votre commande. Commandez maintenant !","robots":{"index":"index","follow":"follow","max-snippet":"max-snippet:-1","max-image-preview":"max-image-preview:large","max-video-preview":"max-video-preview:-1"},"canonical":"https:\/\/nembutalhouse.com\/hu\/termek\/buy-4-mec-online-2-2\/","og_locale":"hu_HU","og_type":"article","og_title":"Achetez 4-MEC en ligne - 4-MEC \u00e0 vendre","og_description":"Nous sommes le magasin leader proposant 4-MEC \u00e0 la vente. Si vous souhaitez acheter 4-MEC en ligne, contactez-nous imm\u00e9diatement et faites livrer votre commande. Commandez maintenant !","og_url":"https:\/\/nembutalhouse.com\/hu\/termek\/buy-4-mec-online-2-2\/","og_site_name":"Nembutal House","article_modified_time":"2026-03-06T07:33:56+00:00","og_image":[{"width":600,"height":600,"url":"https:\/\/nembutalhouse.com\/wp-content\/uploads\/2024\/10\/4-MEC.gif","type":"image\/gif"}],"twitter_card":"summary_large_image","twitter_misc":{"Becs\u00fclt olvas\u00e1si id\u0151":"3 perc"},"schema":{"@context":"https:\/\/schema.org","@graph":[{"@type":"WebPage","@id":"https:\/\/nembutalhouse.com\/product\/buy-4-mec-online-2-2\/","url":"https:\/\/nembutalhouse.com\/product\/buy-4-mec-online-2-2\/","name":"Achetez 4-MEC en ligne - 4-MEC \u00e0 vendre","isPartOf":{"@id":"https:\/\/nembutalhouse.com\/#website"},"primaryImageOfPage":{"@id":"https:\/\/nembutalhouse.com\/product\/buy-4-mec-online-2-2\/#primaryimage"},"image":{"@id":"https:\/\/nembutalhouse.com\/product\/buy-4-mec-online-2-2\/#primaryimage"},"thumbnailUrl":"https:\/\/nembutalhouse.com\/wp-content\/uploads\/2024\/10\/4-MEC.gif","datePublished":"2024-10-16T11:48:32+00:00","dateModified":"2026-03-06T07:33:56+00:00","description":"Nous sommes le magasin leader proposant 4-MEC \u00e0 la vente. Si vous souhaitez acheter 4-MEC en ligne, contactez-nous imm\u00e9diatement et faites livrer votre commande. Commandez maintenant !","breadcrumb":{"@id":"https:\/\/nembutalhouse.com\/product\/buy-4-mec-online-2-2\/#breadcrumb"},"inLanguage":"hu","potentialAction":[{"@type":"ReadAction","target":["https:\/\/nembutalhouse.com\/product\/buy-4-mec-online-2-2\/"]}]},{"@type":"ImageObject","inLanguage":"hu","@id":"https:\/\/nembutalhouse.com\/product\/buy-4-mec-online-2-2\/#primaryimage","url":"https:\/\/nembutalhouse.com\/wp-content\/uploads\/2024\/10\/4-MEC.gif","contentUrl":"https:\/\/nembutalhouse.com\/wp-content\/uploads\/2024\/10\/4-MEC.gif","width":600,"height":600,"caption":"Buy 4-MEC Online"},{"@type":"BreadcrumbList","@id":"https:\/\/nembutalhouse.com\/product\/buy-4-mec-online-2-2\/#breadcrumb","itemListElement":[{"@type":"ListItem","position":1,"name":"Home","item":"https:\/\/nembutalhouse.com\/"},{"@type":"ListItem","position":2,"name":"Shop","item":"https:\/\/nembutalhouse.com\/shop\/"},{"@type":"ListItem","position":3,"name":"Buy 4-MEC Online"}]},{"@type":"WebSite","@id":"https:\/\/nembutalhouse.com\/#website","url":"https:\/\/nembutalhouse.com\/","name":"Nembutal House","description":"Best Nembutal Online Store","publisher":{"@id":"https:\/\/nembutalhouse.com\/#organization"},"potentialAction":[{"@type":"SearchAction","target":{"@type":"EntryPoint","urlTemplate":"https:\/\/nembutalhouse.com\/?s={search_term_string}"},"query-input":{"@type":"PropertyValueSpecification","valueRequired":true,"valueName":"search_term_string"}}],"inLanguage":"hu"},{"@type":"Organization","@id":"https:\/\/nembutalhouse.com\/#organization","name":"Nembutal House","url":"https:\/\/nembutalhouse.com\/","logo":{"@type":"ImageObject","inLanguage":"hu","@id":"https:\/\/nembutalhouse.com\/#\/schema\/logo\/image\/","url":"https:\/\/nembutalhouse.com\/wp-content\/uploads\/2022\/12\/logo.png","contentUrl":"https:\/\/nembutalhouse.com\/wp-content\/uploads\/2022\/12\/logo.png","width":344,"height":103,"caption":"Nembutal House"},"image":{"@id":"https:\/\/nembutalhouse.com\/#\/schema\/logo\/image\/"}}]}},"_links":{"self":[{"href":"https:\/\/nembutalhouse.com\/hu\/wp-json\/wp\/v2\/product\/1197","targetHints":{"allow":["GET"]}}],"collection":[{"href":"https:\/\/nembutalhouse.com\/hu\/wp-json\/wp\/v2\/product"}],"about":[{"href":"https:\/\/nembutalhouse.com\/hu\/wp-json\/wp\/v2\/types\/product"}],"replies":[{"embeddable":true,"href":"https:\/\/nembutalhouse.com\/hu\/wp-json\/wp\/v2\/comments?post=1197"}],"wp:featuredmedia":[{"embeddable":true,"href":"https:\/\/nembutalhouse.com\/hu\/wp-json\/wp\/v2\/media\/1214"}],"wp:attachment":[{"href":"https:\/\/nembutalhouse.com\/hu\/wp-json\/wp\/v2\/media?parent=1197"}],"wp:term":[{"taxonomy":"product_cat","embeddable":true,"href":"https:\/\/nembutalhouse.com\/hu\/wp-json\/wp\/v2\/product_cat?post=1197"},{"taxonomy":"product_tag","embeddable":true,"href":"https:\/\/nembutalhouse.com\/hu\/wp-json\/wp\/v2\/product_tag?post=1197"}],"curies":[{"name":"wp","href":"https:\/\/api.w.org\/{rel}","templated":true}]}}