{"id":1165,"date":"2024-10-16T11:48:08","date_gmt":"2024-10-16T11:48:08","guid":{"rendered":"https:\/\/nembutalhouse.com\/?post_type=product&#038;p=1165"},"modified":"2026-03-06T08:29:06","modified_gmt":"2026-03-06T08:29:06","slug":"buy-adbb-online-2","status":"publish","type":"product","link":"https:\/\/nembutalhouse.com\/hu\/termek\/buy-adbb-online-2\/","title":{"rendered":"Buy ADBB Online"},"content":{"rendered":"<h2>ADBB por online v\u00e1s\u00e1rl\u00e1sa.<\/h2>\n<p><a href=\"https:\/\/nembutalhouse.com\/hu\/termek\/buy-adbb-online-2\/\">Purchase ADBB online<\/a>. Certain synthetic cannabis products contain ingredients of a newly developed synthetic medication called ADBB. They are a strong agonist of the CB1 and CB2 receptors, with respective EC50 values of 0.52 nM and 0.88 nM. However, nothing is known about this compound&#8217;s physiologic and toxicological characteristics.<\/p>\n<h3>Mire haszn\u00e1lj\u00e1k az ADBB-t?<\/h3>\n<p>Az ADBB gy\u00f3gyszert embereknek nem szabad szedni\u00fck. A t\u00f6rv\u00e9nysz\u00e9ki laborat\u00f3riumok kutat\u00f3i ezt a gy\u00f3gyszert vizsg\u00e1lati vegyi anyagk\u00e9nt haszn\u00e1lj\u00e1k.<\/p>\n<h3>Milyen k\u00e1ros hat\u00e1sokat okoz az ADBB?<\/h3>\n<p>Az ADBB por tart\u00f3s haszn\u00e1lata eset\u00e9n a k\u00f6vetkez\u0151 mell\u00e9khat\u00e1sok lehets\u00e9gesek:<\/p>\n<p>o Del\u00edrium<\/p>\n<p>o Kardiotoxicit\u00e1s<\/p>\n<p>Egy roham<\/p>\n<p>Hipotermia<\/p>\n<h3>Hogyan \u00e9rtes\u00fclt az ADB Butinac\u00e1r\u00f3l?<\/h3>\n<p>Logikai tesztel\u00e9s n\u00e9lk\u00fcl kih\u00edv\u00e1st jelent az ADB Butinaca azonos\u00edt\u00e1sa. El\u0151szeretettel keveredik m\u00e1s elad\u00f3 ADB Butinaca term\u00e9kekkel, \u00e9s term\u00e9szetesen vil\u00e1gosbarna vagy s\u00e1rg\u00e1s sz\u00edn\u0171 r\u00e9szecsk\u00e9k form\u00e1j\u00e1ban jelenik meg. Mivel m\u00e1s eszk\u00f6z\u00f6k olyan homlokzati azonos\u00edt\u00f3kat haszn\u00e1lhatnak, mint az \u00e1rnyalat, az illat \u00e9s az \u00edz, a k\u00f3stol\u00f3ban l\u00e9v\u0151 ADB Butinaca szer\u00e9ny mennyis\u00e9ge is kih\u00edv\u00e1ss\u00e1 teszi az azonos\u00edt\u00e1st. Sz\u00e1jon \u00e1t is inspir\u00e1lhat\u00f3ak vagy vamped. Az emberek behelyezik a tartalmazott mint\u00e1kat, amelyeket az ADB Butinaca utcai drogk\u00e9nt \u00e9rt\u00e9kes\u00edtenek. Az ADB Butinaca felhaszn\u00e1l\u00e1sa ut\u00e1n az \u00fcgyfelek csak pozit\u00edv dolgokat mondtak r\u00f3la. A kutat\u00f3k \u00e9s a k\u00e9mia szerelmesei fantasztikus lehet\u0151s\u00e9get kapnak arra, hogy leny\u0171g\u00f6z\u0151 k\u00eds\u00e9rleteket v\u00e9gezzenek, \u00e9s vezet\u0151 szerepet v\u00e1llaljanak az anyag alapvet\u0151 k\u00e9miai \u00e9s fizikai jellemz\u0151inek azonos\u00edt\u00e1s\u00e1ban, mivel olyan keveset tudunk r\u00f3la.<\/p>\n<h3>Mi\u00e9rt v\u00e1s\u00e1rolj\u00e1k az ADB Butinac\u00e1t?<\/h3>\n<p>Egyes szintetikus kannabiszterm\u00e9kek tartalmazz\u00e1k. A j\u00f3l ismert amerikai gy\u00f3gyszeripari v\u00e1llalat, a Pfizer azzal a c\u00e9llal hozta l\u00e9tre ezt a diz\u00e1jner gy\u00f3gyszert, hogy egy lehets\u00e9ges f\u00e1jdalomcsillap\u00edt\u00f3t hozzon l\u00e9tre. Ha \u00d6n kutat\u00f3, \u00e9s kutat\u00e1sra szeretn\u00e9 haszn\u00e1lni, tiszt\u00e1ban kell lennie a lehets\u00e9ges vesz\u00e9lyekkel \u00e9s mell\u00e9khat\u00e1sokkal. Ez is pszichotr\u00f3p, ak\u00e1rcsak a t\u00f6bbi szintetikus kannabinoid. Tov\u00e1bb\u00e1 ezt a vegyi anyagot sz\u00e1mos k\u00e1ros hat\u00e1ssal hozt\u00e1k \u00f6sszef\u00fcgg\u00e9sbe. Az ADB Butinaca-t online az Orange Hems megb\u00edzhat\u00f3 weboldal\u00e1r\u00f3l szerezheti be.<\/p>\n<h3>Milyen k\u00f6vetkezm\u00e9nyei vannak az ADB Butinac\u00e1nak?<\/h3>\n<p>One type of novel overpowering chemical that is typically employed in study is <a href=\"https:\/\/nembutalhouse.com\/hu\/\">ADB-BUTINACA<\/a>.<\/p>\n<h3>Mi\u00e9rt v\u00e1s\u00e1rolj\u00e1k az ADB Butinac\u00e1t?<\/h3>\n<p>Egyes szintetikus kannabiszterm\u00e9kek tartalmazz\u00e1k. A j\u00f3l ismert amerikai gy\u00f3gyszeripari v\u00e1llalat, a Pfizer azzal a c\u00e9llal hozta l\u00e9tre ezt a diz\u00e1jner gy\u00f3gyszert, hogy egy lehets\u00e9ges f\u00e1jdalomcsillap\u00edt\u00f3t hozzon l\u00e9tre. Ha \u00d6n kutat\u00f3, \u00e9s kutat\u00e1sra szeretn\u00e9 haszn\u00e1lni, tiszt\u00e1ban kell lennie a lehets\u00e9ges vesz\u00e9lyekkel \u00e9s mell\u00e9khat\u00e1sokkal. Ez is pszichotr\u00f3p, ak\u00e1rcsak a t\u00f6bbi szintetikus kannabinoid. Tov\u00e1bb\u00e1 ezt a vegyi anyagot sz\u00e1mos k\u00e1ros hat\u00e1ssal hozt\u00e1k \u00f6sszef\u00fcgg\u00e9sbe. Az ADB Butinaca-t online az Orange Hems megb\u00edzhat\u00f3 weboldal\u00e1r\u00f3l szerezheti be.<\/p>\n<h3>Milyen k\u00f6vetkezm\u00e9nyei vannak az ADB Butinac\u00e1nak?<\/h3>\n<p>A tanulm\u00e1nyban jellemz\u0151en alkalmazott, \u00fajszer\u0171 hat\u00e1skelt\u0151 vegyszer egyik t\u00edpusa az ADB-BUTINACA.<\/p>\n<p>Ezek az \u00fajszer\u0171 szintetikus kannabinoidok mesters\u00e9ges vegy\u00fcletek, amelyek az ADB Butinaca online rendel\u00e9se \u00e1ltal okozott k\u00f6lts\u00e9gekhez kapcsol\u00f3dnak.<\/p>\n<p>V\u00e1s\u00e1rl\u00e1s adb butinaca cayman, v\u00e1s\u00e1rl\u00e1s adb butinaca dea, v\u00e1s\u00e1rl\u00e1s adb butinaca cayman, \u00e9s v\u00e1s\u00e1rl\u00e1s adb butinaca dea<\/p>\n<p>How to purchase adb butinaca, where to <a href=\"https:\/\/en.wikipedia.org\/wiki\/ADB-BUTINACA\">purchase adb butinaca<\/a>, where to buy high-quality adb butinaca, and how to purchase 5f-adb<\/p>\n<p>5f-adb-33n, 7-adb, trrcshop, adb-butinaca psychonaut, adb-butinaca haszn\u00e1l, adb-butinaca mell\u00e9khat\u00e1sok, \u00e9s hogyan lehet leg\u00e1lisan v\u00e1s\u00e1rolni adb butinaca<\/p>\n<p>&nbsp;<\/p>","protected":false},"excerpt":{"rendered":"<p>Purchase ADBB powder online. Purchase ADBB online. Certain synthetic cannabis products contain ingredients of a newly developed synthetic medication called ADBB. They are a strong agonist of the CB1 and&hellip;<\/p>","protected":false},"featured_media":1179,"comment_status":"open","ping_status":"closed","template":"","meta":{"_joinchat":[]},"product_cat":[188],"product_tag":[1989,2007,1984,1995,1996,1999,1985,2005,2006,2004,2003,1992,1982,1994,1983,2001,1998,1991,1987,1988,2002,2000,1997,1990,1993,1986],"class_list":{"0":"post-1165","1":"product","2":"type-product","3":"status-publish","4":"has-post-thumbnail","6":"product_cat-stimulants","7":"product_tag-adbb-brown-powder","8":"product_tag-adbb-brown-powder-for-cleaning","9":"product_tag-adbb-brown-powder-for-sale","10":"product_tag-adbb-brown-powder-online","11":"product_tag-adbb-brown-powder-price","12":"product_tag-adbb-brown-powder-store","13":"product_tag-adbb-brown-powder-supplier","14":"product_tag-adbb-brown-powder-use","15":"product_tag-adbb-brown-powder-wiki","16":"product_tag-adbb-brown-powder-worldwide","17":"product_tag-best-cheap-price-adbb-brown-powder","18":"product_tag-best-place-to-buy-adbb-brown-powder","19":"product_tag-buy-adbb-brown-powder","20":"product_tag-buy-adbb-brown-powder-legally","21":"product_tag-buy-adbb-brown-powder-online","22":"product_tag-cheap-adbb-brown-powder","23":"product_tag-high-quality-adbb-brown-powder","24":"product_tag-how-to-buy-adbb-brown-powder","25":"product_tag-order-adbb-brown-powder","26":"product_tag-order-adbb-brown-powder-online","27":"product_tag-purcharse-adbb-brown-powder-powder","28":"product_tag-shop-adbb-brown-powder","29":"product_tag-top-quality-adbb-brown-powder","30":"product_tag-where-to-buy-adbb-brown-powder","31":"product_tag-where-to-order-adbb-brown-powder","32":"product_tag-wholesale-adbb-brown-powder-bulk-online","34":"first","35":"instock","36":"shipping-taxable","37":"purchasable","38":"product-type-variable"},"yoast_head":"<!-- This site is optimized with the Yoast SEO plugin v24.1 - https:\/\/yoast.com\/wordpress\/plugins\/seo\/ -->\n<title>Buy 3 ADBB Online - ADBB for Sale - Order ADBB Online<\/title>\n<meta name=\"description\" content=\"At our NembutalHouse, you can get adbb for sale at cheap rates. Here you can buy adbb online with high-quality from our store now with fast &amp; secure shipping service. Order Now!\" \/>\n<meta name=\"robots\" content=\"index, follow, max-snippet:-1, max-image-preview:large, max-video-preview:-1\" \/>\n<link rel=\"canonical\" href=\"https:\/\/nembutalhouse.com\/hu\/termek\/buy-adbb-online-2\/\" \/>\n<meta property=\"og:locale\" content=\"hu_HU\" \/>\n<meta property=\"og:type\" content=\"article\" \/>\n<meta property=\"og:title\" content=\"Buy 3 ADBB Online - ADBB for Sale - Order ADBB Online\" \/>\n<meta property=\"og:description\" content=\"At our NembutalHouse, you can get adbb for sale at cheap rates. Here you can buy adbb online with high-quality from our store now with fast &amp; secure shipping service. Order Now!\" \/>\n<meta property=\"og:url\" content=\"https:\/\/nembutalhouse.com\/hu\/termek\/buy-adbb-online-2\/\" \/>\n<meta property=\"og:site_name\" content=\"Nembutal House\" \/>\n<meta property=\"article:modified_time\" content=\"2026-03-06T08:29:06+00:00\" \/>\n<meta property=\"og:image\" content=\"https:\/\/nembutalhouse.com\/wp-content\/uploads\/2024\/10\/ADBB.gif\" \/>\n\t<meta property=\"og:image:width\" content=\"600\" \/>\n\t<meta property=\"og:image:height\" content=\"600\" \/>\n\t<meta property=\"og:image:type\" content=\"image\/gif\" \/>\n<meta name=\"twitter:card\" content=\"summary_large_image\" \/>\n<meta name=\"twitter:label1\" content=\"Becs\u00fclt olvas\u00e1si id\u0151\" \/>\n\t<meta name=\"twitter:data1\" content=\"3 perc\" \/>\n<script type=\"application\/ld+json\" class=\"yoast-schema-graph\">{\"@context\":\"https:\/\/schema.org\",\"@graph\":[{\"@type\":\"WebPage\",\"@id\":\"https:\/\/nembutalhouse.com\/product\/buy-adbb-online-2\/\",\"url\":\"https:\/\/nembutalhouse.com\/product\/buy-adbb-online-2\/\",\"name\":\"Buy 3 ADBB Online - ADBB for Sale - Order ADBB Online\",\"isPartOf\":{\"@id\":\"https:\/\/nembutalhouse.com\/#website\"},\"primaryImageOfPage\":{\"@id\":\"https:\/\/nembutalhouse.com\/product\/buy-adbb-online-2\/#primaryimage\"},\"image\":{\"@id\":\"https:\/\/nembutalhouse.com\/product\/buy-adbb-online-2\/#primaryimage\"},\"thumbnailUrl\":\"https:\/\/nembutalhouse.com\/wp-content\/uploads\/2024\/10\/ADBB.gif\",\"datePublished\":\"2024-10-16T11:48:08+00:00\",\"dateModified\":\"2026-03-06T08:29:06+00:00\",\"description\":\"At our NembutalHouse, you can get adbb for sale at cheap rates. Here you can buy adbb online with high-quality from our store now with fast & secure shipping service. Order Now!\",\"breadcrumb\":{\"@id\":\"https:\/\/nembutalhouse.com\/product\/buy-adbb-online-2\/#breadcrumb\"},\"inLanguage\":\"hu\",\"potentialAction\":[{\"@type\":\"ReadAction\",\"target\":[\"https:\/\/nembutalhouse.com\/product\/buy-adbb-online-2\/\"]}]},{\"@type\":\"ImageObject\",\"inLanguage\":\"hu\",\"@id\":\"https:\/\/nembutalhouse.com\/product\/buy-adbb-online-2\/#primaryimage\",\"url\":\"https:\/\/nembutalhouse.com\/wp-content\/uploads\/2024\/10\/ADBB.gif\",\"contentUrl\":\"https:\/\/nembutalhouse.com\/wp-content\/uploads\/2024\/10\/ADBB.gif\",\"width\":600,\"height\":600,\"caption\":\"Buy ADBB Online\"},{\"@type\":\"BreadcrumbList\",\"@id\":\"https:\/\/nembutalhouse.com\/product\/buy-adbb-online-2\/#breadcrumb\",\"itemListElement\":[{\"@type\":\"ListItem\",\"position\":1,\"name\":\"Home\",\"item\":\"https:\/\/nembutalhouse.com\/\"},{\"@type\":\"ListItem\",\"position\":2,\"name\":\"Shop\",\"item\":\"https:\/\/nembutalhouse.com\/shop\/\"},{\"@type\":\"ListItem\",\"position\":3,\"name\":\"Buy ADBB Online\"}]},{\"@type\":\"WebSite\",\"@id\":\"https:\/\/nembutalhouse.com\/#website\",\"url\":\"https:\/\/nembutalhouse.com\/\",\"name\":\"Nembutal House\",\"description\":\"Best Nembutal Online Store\",\"publisher\":{\"@id\":\"https:\/\/nembutalhouse.com\/#organization\"},\"potentialAction\":[{\"@type\":\"SearchAction\",\"target\":{\"@type\":\"EntryPoint\",\"urlTemplate\":\"https:\/\/nembutalhouse.com\/?s={search_term_string}\"},\"query-input\":{\"@type\":\"PropertyValueSpecification\",\"valueRequired\":true,\"valueName\":\"search_term_string\"}}],\"inLanguage\":\"hu\"},{\"@type\":\"Organization\",\"@id\":\"https:\/\/nembutalhouse.com\/#organization\",\"name\":\"Nembutal House\",\"url\":\"https:\/\/nembutalhouse.com\/\",\"logo\":{\"@type\":\"ImageObject\",\"inLanguage\":\"hu\",\"@id\":\"https:\/\/nembutalhouse.com\/#\/schema\/logo\/image\/\",\"url\":\"https:\/\/nembutalhouse.com\/wp-content\/uploads\/2022\/12\/logo.png\",\"contentUrl\":\"https:\/\/nembutalhouse.com\/wp-content\/uploads\/2022\/12\/logo.png\",\"width\":344,\"height\":103,\"caption\":\"Nembutal House\"},\"image\":{\"@id\":\"https:\/\/nembutalhouse.com\/#\/schema\/logo\/image\/\"}}]}<\/script>\n<!-- \/ Yoast SEO plugin. -->","yoast_head_json":{"title":"Buy 3 ADBB Online - ADBB for Sale - Order ADBB Online","description":"At our NembutalHouse, you can get adbb for sale at cheap rates. Here you can buy adbb online with high-quality from our store now with fast & secure shipping service. Order Now!","robots":{"index":"index","follow":"follow","max-snippet":"max-snippet:-1","max-image-preview":"max-image-preview:large","max-video-preview":"max-video-preview:-1"},"canonical":"https:\/\/nembutalhouse.com\/hu\/termek\/buy-adbb-online-2\/","og_locale":"hu_HU","og_type":"article","og_title":"Buy 3 ADBB Online - ADBB for Sale - Order ADBB Online","og_description":"At our NembutalHouse, you can get adbb for sale at cheap rates. Here you can buy adbb online with high-quality from our store now with fast & secure shipping service. Order Now!","og_url":"https:\/\/nembutalhouse.com\/hu\/termek\/buy-adbb-online-2\/","og_site_name":"Nembutal House","article_modified_time":"2026-03-06T08:29:06+00:00","og_image":[{"width":600,"height":600,"url":"https:\/\/nembutalhouse.com\/wp-content\/uploads\/2024\/10\/ADBB.gif","type":"image\/gif"}],"twitter_card":"summary_large_image","twitter_misc":{"Becs\u00fclt olvas\u00e1si id\u0151":"3 perc"},"schema":{"@context":"https:\/\/schema.org","@graph":[{"@type":"WebPage","@id":"https:\/\/nembutalhouse.com\/product\/buy-adbb-online-2\/","url":"https:\/\/nembutalhouse.com\/product\/buy-adbb-online-2\/","name":"Buy 3 ADBB Online - ADBB for Sale - Order ADBB Online","isPartOf":{"@id":"https:\/\/nembutalhouse.com\/#website"},"primaryImageOfPage":{"@id":"https:\/\/nembutalhouse.com\/product\/buy-adbb-online-2\/#primaryimage"},"image":{"@id":"https:\/\/nembutalhouse.com\/product\/buy-adbb-online-2\/#primaryimage"},"thumbnailUrl":"https:\/\/nembutalhouse.com\/wp-content\/uploads\/2024\/10\/ADBB.gif","datePublished":"2024-10-16T11:48:08+00:00","dateModified":"2026-03-06T08:29:06+00:00","description":"At our NembutalHouse, you can get adbb for sale at cheap rates. Here you can buy adbb online with high-quality from our store now with fast & secure shipping service. Order Now!","breadcrumb":{"@id":"https:\/\/nembutalhouse.com\/product\/buy-adbb-online-2\/#breadcrumb"},"inLanguage":"hu","potentialAction":[{"@type":"ReadAction","target":["https:\/\/nembutalhouse.com\/product\/buy-adbb-online-2\/"]}]},{"@type":"ImageObject","inLanguage":"hu","@id":"https:\/\/nembutalhouse.com\/product\/buy-adbb-online-2\/#primaryimage","url":"https:\/\/nembutalhouse.com\/wp-content\/uploads\/2024\/10\/ADBB.gif","contentUrl":"https:\/\/nembutalhouse.com\/wp-content\/uploads\/2024\/10\/ADBB.gif","width":600,"height":600,"caption":"Buy ADBB Online"},{"@type":"BreadcrumbList","@id":"https:\/\/nembutalhouse.com\/product\/buy-adbb-online-2\/#breadcrumb","itemListElement":[{"@type":"ListItem","position":1,"name":"Home","item":"https:\/\/nembutalhouse.com\/"},{"@type":"ListItem","position":2,"name":"Shop","item":"https:\/\/nembutalhouse.com\/shop\/"},{"@type":"ListItem","position":3,"name":"Buy ADBB Online"}]},{"@type":"WebSite","@id":"https:\/\/nembutalhouse.com\/#website","url":"https:\/\/nembutalhouse.com\/","name":"Nembutal House","description":"Best Nembutal Online Store","publisher":{"@id":"https:\/\/nembutalhouse.com\/#organization"},"potentialAction":[{"@type":"SearchAction","target":{"@type":"EntryPoint","urlTemplate":"https:\/\/nembutalhouse.com\/?s={search_term_string}"},"query-input":{"@type":"PropertyValueSpecification","valueRequired":true,"valueName":"search_term_string"}}],"inLanguage":"hu"},{"@type":"Organization","@id":"https:\/\/nembutalhouse.com\/#organization","name":"Nembutal House","url":"https:\/\/nembutalhouse.com\/","logo":{"@type":"ImageObject","inLanguage":"hu","@id":"https:\/\/nembutalhouse.com\/#\/schema\/logo\/image\/","url":"https:\/\/nembutalhouse.com\/wp-content\/uploads\/2022\/12\/logo.png","contentUrl":"https:\/\/nembutalhouse.com\/wp-content\/uploads\/2022\/12\/logo.png","width":344,"height":103,"caption":"Nembutal House"},"image":{"@id":"https:\/\/nembutalhouse.com\/#\/schema\/logo\/image\/"}}]}},"_links":{"self":[{"href":"https:\/\/nembutalhouse.com\/hu\/wp-json\/wp\/v2\/product\/1165","targetHints":{"allow":["GET"]}}],"collection":[{"href":"https:\/\/nembutalhouse.com\/hu\/wp-json\/wp\/v2\/product"}],"about":[{"href":"https:\/\/nembutalhouse.com\/hu\/wp-json\/wp\/v2\/types\/product"}],"replies":[{"embeddable":true,"href":"https:\/\/nembutalhouse.com\/hu\/wp-json\/wp\/v2\/comments?post=1165"}],"wp:featuredmedia":[{"embeddable":true,"href":"https:\/\/nembutalhouse.com\/hu\/wp-json\/wp\/v2\/media\/1179"}],"wp:attachment":[{"href":"https:\/\/nembutalhouse.com\/hu\/wp-json\/wp\/v2\/media?parent=1165"}],"wp:term":[{"taxonomy":"product_cat","embeddable":true,"href":"https:\/\/nembutalhouse.com\/hu\/wp-json\/wp\/v2\/product_cat?post=1165"},{"taxonomy":"product_tag","embeddable":true,"href":"https:\/\/nembutalhouse.com\/hu\/wp-json\/wp\/v2\/product_tag?post=1165"}],"curies":[{"name":"wp","href":"https:\/\/api.w.org\/{rel}","templated":true}]}}