{"id":1108,"date":"2024-10-16T11:47:47","date_gmt":"2024-10-16T11:47:47","guid":{"rendered":"https:\/\/nembutalhouse.com\/?post_type=product&#038;p=1108"},"modified":"2026-03-06T07:03:46","modified_gmt":"2026-03-06T07:03:46","slug":"buy-3cmc-online","status":"publish","type":"product","link":"https:\/\/nembutalhouse.com\/hu\/termek\/buy-3cmc-online\/","title":{"rendered":"Buy 3cmc Online"},"content":{"rendered":"<h2>Buy 3cmc Online<\/h2>\n<h3>3-CMC: Mi ez?<\/h3>\n<p><a href=\"https:\/\/nembutalhouse.com\/hu\/termek\/buy-3cmc-online\/\">3-kl\u00f3rmetkatinon<\/a>, vagy 3-CMC, ahogy sz\u00e9lesebb k\u00f6rben nevezik, a katinonok oszt\u00e1ly\u00e1ba tartoz\u00f3 kutat\u00e1si vegyi anyag. A katinon n\u00e9ven ismert amfetamin aloszt\u00e1ly szerkezetileg hasonl\u00edt az antidepressz\u00e1ns bupropionhoz. A 3-CMC \u00e9s a bupropion azonban farmakol\u00f3giai szempontb\u00f3l elt\u00e9r\u0151 tulajdons\u00e1gokkal rendelkezik.<\/p>\n<p>Az amfetamin szerkezet\u00e9nek b\u00e9ta-sz\u00e9nje a keton szubsztit\u00faci\u00f3 r\u00e9v\u00e9n felhaszn\u00e1lhat\u00f3 a katinonok, p\u00e9ld\u00e1ul a 3 CMC azonos\u00edt\u00e1s\u00e1ra. A 3-CMC katinonv\u00e1z\u00e1ban k\u00e9t metilszubsztit\u00faci\u00f3 van jelen, az egyik a fenilgy\u0171r\u0171n, a m\u00e1sik a nitrog\u00e9ncsoporton. A 3-CMC \u00e9s a mefedron meglehet\u0151sen hasonl\u00f3ak a k\u00f6vetkez\u0151kben<\/p>\n<p>keretrendszer. A metilcsoportjaik elhelyezked\u00e9se az egyetlen k\u00fcl\u00f6nbs\u00e9g, amely ebben az esetben l\u00e1that\u00f3. A mefedronban ez a konkr\u00e9t minta az R4-n\u00e9l tal\u00e1lhat\u00f3, m\u00edg itt az R4-n\u00e9l. <a href=\"https:\/\/nembutalhouse.com\/hu\/\">NembutalHouse<\/a>.<\/p>\n<p>MEGJEGYZ\u00c9S: Ez a term\u00e9k csak laborat\u00f3riumokban enged\u00e9lyezett; emberi fogyaszt\u00e1sra nem enged\u00e9lyezett. Mivel a b\u0151r\u00f6n kereszt\u00fcl vesz\u00e9lyes mennyis\u00e9g\u0171 vegyi anyagot sz\u00edvhat mag\u00e1ba, a kezel\u00e9s sor\u00e1n mindig viseljen keszty\u0171t \u00e9s v\u00e9d\u0151szem\u00fcveget, hogy elker\u00fclje a v\u00e9letlen szennyez\u0151d\u00e9st.<\/p>\n<h3>Hogyan kell alkalmazni a 3-CMC-t?<\/h3>\n<p>3. A CMC sz\u00e1mos tanulm\u00e1nyi ter\u00fcleten alkalmazhat\u00f3, \u00e9s els\u0151sorban t\u00f6rv\u00e9nysz\u00e9ki alkalmaz\u00e1sokra szolg\u00e1l. Por alakban a legfinomabb min\u0151s\u00e9get forgalmazz\u00e1k \u00e9s haszn\u00e1lj\u00e1k. Ez az anyag nem haszn\u00e1lhat\u00f3 rekre\u00e1ci\u00f3s c\u00e9lokra, \u00e9s nem fogyaszthat\u00f3 emberek vagy \u00e1llatok \u00e1ltal, amint azt a figyelmeztet\u0151 nyilatkozat is tartalmazza.<\/p>\n<p>Az 1-(3-kl\u00f3rfenil)-2(metilamino)propan-1-on a k\u00f6vetkez\u0151 alkot\u00f3r\u00e9sze <a href=\"https:\/\/en.wikipedia.org\/wiki\/3-Chloromethcathinone\">3-CMC<\/a>. \u00dcgyeljen arra, hogy ezt a term\u00e9ket hideg \u00e9s sz\u00e1raz helyen t\u00e1rolja. Ezt a kutat\u00e1si vegyszert a lehet\u0151 legt\u00e1volabb kell tartani a f\u00e9nyt\u0151l.<\/p>\n<p>hogy a lehet\u0151 legjobban meghosszabb\u00edtsa az eltarthat\u00f3s\u00e1gi id\u0151t. Amint azt kor\u00e1bban jelezt\u00fck, ez az anyag egy katehinon, amely az amfetaminokhoz hasonl\u00edt, \u00e9s a term\u00e9szetben egyes n\u00f6v\u00e9nyekben el\u0151fordul. Ett\u0151l f\u00fcggetlen\u00fcl ez az anyag nem azonos az amfetaminokkal, \u00e9s nem lehet \u00fagy szedni.<\/p>\n<h3>Hol v\u00e1s\u00e1rolhatok 3-CMC-t?<\/h3>\n<p>A 3-CMC \u00e9s m\u00e1s kutat\u00e1si vegyi anyagok megv\u00e1s\u00e1rl\u00e1s\u00e1hoz az egyik legjobb online \u00e1ruh\u00e1z a Chemical Planet. Pr\u00e9mium term\u00e9kek sz\u00e9les v\u00e1laszt\u00e9k\u00e1t k\u00edn\u00e1ljuk k\u00fcl\u00f6nb\u00f6z\u0151 mennyis\u00e9gekben, hogy a legjobban megfeleljen az \u00d6n tanulm\u00e1nyi ig\u00e9nyeinek. Felt\u00e9tlen\u00fcl ellen\u0151rizni kell a korl\u00e1tozott anyagokra vonatkoz\u00f3 el\u0151\u00edr\u00e1sokat az \u00d6n orsz\u00e1g\u00e1ban, mivel ezek hat\u00e1ssal lehetnek a hozz\u00e1f\u00e9rhet\u0151s\u00e9gre.<\/p>\n<p>Ahhoz, hogy ezt a term\u00e9ket \u00e9s m\u00e1s term\u00e9keket v\u00e1s\u00e1rolhasson \u00e1ruh\u00e1zunkban, tizennyolc \u00e9vesn\u00e9l id\u0151sebbnek kell lennie. K\u00e9rj\u00fck, l\u00e9pjen kapcsolatba vel\u00fcnk a 3-CMC-vel \u00e9s m\u00e1s t\u00e9telekkel kapcsolatos tov\u00e1bbi r\u00e9szletek\u00e9rt.<\/p>\n<p>&nbsp;<\/p>\n<p>&nbsp;<\/p>","protected":false},"excerpt":{"rendered":"<p>Buy 3cmc Online 3-CMC: What is it? 3-Chloromethcathinone, or 3-CMC as it is more widely called, is a research chemical belonging to the cathinone class. The amphetamine subclass known as&hellip;<\/p>","protected":false},"featured_media":1504,"comment_status":"closed","ping_status":"closed","template":"","meta":{"_joinchat":[]},"product_cat":[186],"product_tag":[844,849,867,869,855,856,859,865,866,864,845,863,852,842,843,854,868,861,858,851,847,848,870,862,860,857,850,853,846],"class_list":{"0":"post-1108","1":"product","2":"type-product","3":"status-publish","4":"has-post-thumbnail","6":"product_cat-research-chemicals","7":"product_tag-3cmc-for-sale","8":"product_tag-3cmc-powder","9":"product_tag-3cmc-powder-for-cleaning","10":"product_tag-3cmc-powder-for-sale","11":"product_tag-3cmc-powder-online","12":"product_tag-3cmc-powder-price","13":"product_tag-3cmc-powder-store","14":"product_tag-3cmc-powder-use","15":"product_tag-3cmc-powder-wiki","16":"product_tag-3cmc-powder-worldwide","17":"product_tag-3cmc-supplier","18":"product_tag-best-cheap-price-3cmc-powder","19":"product_tag-best-place-to-buy-3cmc-powder","20":"product_tag-buy-3cmc","21":"product_tag-buy-3cmc-online","22":"product_tag-buy-3cmc-powder-legally","23":"product_tag-buy-3cmc-powder-online","24":"product_tag-cheap-3cmc-powders","25":"product_tag-high-quality-3cmc-powder","26":"product_tag-how-to-buy-3cmc-powder","27":"product_tag-order-3cmc","28":"product_tag-order-3cmc-online","29":"product_tag-order-3cmc-powder","30":"product_tag-purcharse-3cmc-powder-powder","31":"product_tag-shop-3cmc-powder","32":"product_tag-top-quality-3cmc-powder","33":"product_tag-where-to-buy-3cmc-powder","34":"product_tag-where-to-order-3cmc-powder","35":"product_tag-wholesale-3cmc-bulk-online","37":"first","38":"instock","39":"shipping-taxable","40":"purchasable","41":"product-type-variable"},"yoast_head":"<!-- This site is optimized with the Yoast SEO plugin v24.1 - https:\/\/yoast.com\/wordpress\/plugins\/seo\/ -->\n<title>Buy 3 CMC Online - 3 CMC for Sale - Order 3 CMC Online<\/title>\n<meta name=\"description\" content=\"At our NembutalHouse, you can get 3cmc for sale at cheap rates. Here you can buy 3cmc online with high-quality from our store now with fast &amp; secure shipping service. Order Now!\" \/>\n<meta name=\"robots\" content=\"index, follow, max-snippet:-1, max-image-preview:large, max-video-preview:-1\" \/>\n<link rel=\"canonical\" href=\"https:\/\/nembutalhouse.com\/hu\/termek\/buy-3cmc-online\/\" \/>\n<meta property=\"og:locale\" content=\"hu_HU\" \/>\n<meta property=\"og:type\" content=\"article\" \/>\n<meta property=\"og:title\" content=\"Buy 3 CMC Online - 3 CMC for Sale - Order 3 CMC Online\" \/>\n<meta property=\"og:description\" content=\"At our NembutalHouse, you can get 3cmc for sale at cheap rates. Here you can buy 3cmc online with high-quality from our store now with fast &amp; secure shipping service. Order Now!\" \/>\n<meta property=\"og:url\" content=\"https:\/\/nembutalhouse.com\/hu\/termek\/buy-3cmc-online\/\" \/>\n<meta property=\"og:site_name\" content=\"Nembutal House\" \/>\n<meta property=\"article:modified_time\" content=\"2026-03-06T07:03:46+00:00\" \/>\n<meta property=\"og:image\" content=\"https:\/\/nembutalhouse.com\/wp-content\/uploads\/2024\/10\/3-cmc.gif\" \/>\n\t<meta property=\"og:image:width\" content=\"600\" \/>\n\t<meta property=\"og:image:height\" content=\"600\" \/>\n\t<meta property=\"og:image:type\" content=\"image\/gif\" \/>\n<meta name=\"twitter:card\" content=\"summary_large_image\" \/>\n<meta name=\"twitter:label1\" content=\"Becs\u00fclt olvas\u00e1si id\u0151\" \/>\n\t<meta name=\"twitter:data1\" content=\"2 perc\" \/>\n<script type=\"application\/ld+json\" class=\"yoast-schema-graph\">{\"@context\":\"https:\/\/schema.org\",\"@graph\":[{\"@type\":\"WebPage\",\"@id\":\"https:\/\/nembutalhouse.com\/product\/buy-3cmc-online\/\",\"url\":\"https:\/\/nembutalhouse.com\/product\/buy-3cmc-online\/\",\"name\":\"Buy 3 CMC Online - 3 CMC for Sale - Order 3 CMC Online\",\"isPartOf\":{\"@id\":\"https:\/\/nembutalhouse.com\/#website\"},\"primaryImageOfPage\":{\"@id\":\"https:\/\/nembutalhouse.com\/product\/buy-3cmc-online\/#primaryimage\"},\"image\":{\"@id\":\"https:\/\/nembutalhouse.com\/product\/buy-3cmc-online\/#primaryimage\"},\"thumbnailUrl\":\"https:\/\/nembutalhouse.com\/wp-content\/uploads\/2024\/10\/3-cmc.gif\",\"datePublished\":\"2024-10-16T11:47:47+00:00\",\"dateModified\":\"2026-03-06T07:03:46+00:00\",\"description\":\"At our NembutalHouse, you can get 3cmc for sale at cheap rates. Here you can buy 3cmc online with high-quality from our store now with fast & secure shipping service. Order Now!\",\"breadcrumb\":{\"@id\":\"https:\/\/nembutalhouse.com\/product\/buy-3cmc-online\/#breadcrumb\"},\"inLanguage\":\"hu\",\"potentialAction\":[{\"@type\":\"ReadAction\",\"target\":[\"https:\/\/nembutalhouse.com\/product\/buy-3cmc-online\/\"]}]},{\"@type\":\"ImageObject\",\"inLanguage\":\"hu\",\"@id\":\"https:\/\/nembutalhouse.com\/product\/buy-3cmc-online\/#primaryimage\",\"url\":\"https:\/\/nembutalhouse.com\/wp-content\/uploads\/2024\/10\/3-cmc.gif\",\"contentUrl\":\"https:\/\/nembutalhouse.com\/wp-content\/uploads\/2024\/10\/3-cmc.gif\",\"width\":600,\"height\":600,\"caption\":\"Buy 3cmc Online\"},{\"@type\":\"BreadcrumbList\",\"@id\":\"https:\/\/nembutalhouse.com\/product\/buy-3cmc-online\/#breadcrumb\",\"itemListElement\":[{\"@type\":\"ListItem\",\"position\":1,\"name\":\"Home\",\"item\":\"https:\/\/nembutalhouse.com\/\"},{\"@type\":\"ListItem\",\"position\":2,\"name\":\"Shop\",\"item\":\"https:\/\/nembutalhouse.com\/shop\/\"},{\"@type\":\"ListItem\",\"position\":3,\"name\":\"Buy 3cmc Online\"}]},{\"@type\":\"WebSite\",\"@id\":\"https:\/\/nembutalhouse.com\/#website\",\"url\":\"https:\/\/nembutalhouse.com\/\",\"name\":\"Nembutal House\",\"description\":\"Best Nembutal Online Store\",\"publisher\":{\"@id\":\"https:\/\/nembutalhouse.com\/#organization\"},\"potentialAction\":[{\"@type\":\"SearchAction\",\"target\":{\"@type\":\"EntryPoint\",\"urlTemplate\":\"https:\/\/nembutalhouse.com\/?s={search_term_string}\"},\"query-input\":{\"@type\":\"PropertyValueSpecification\",\"valueRequired\":true,\"valueName\":\"search_term_string\"}}],\"inLanguage\":\"hu\"},{\"@type\":\"Organization\",\"@id\":\"https:\/\/nembutalhouse.com\/#organization\",\"name\":\"Nembutal House\",\"url\":\"https:\/\/nembutalhouse.com\/\",\"logo\":{\"@type\":\"ImageObject\",\"inLanguage\":\"hu\",\"@id\":\"https:\/\/nembutalhouse.com\/#\/schema\/logo\/image\/\",\"url\":\"https:\/\/nembutalhouse.com\/wp-content\/uploads\/2022\/12\/logo.png\",\"contentUrl\":\"https:\/\/nembutalhouse.com\/wp-content\/uploads\/2022\/12\/logo.png\",\"width\":344,\"height\":103,\"caption\":\"Nembutal House\"},\"image\":{\"@id\":\"https:\/\/nembutalhouse.com\/#\/schema\/logo\/image\/\"}}]}<\/script>\n<!-- \/ Yoast SEO plugin. -->","yoast_head_json":{"title":"Buy 3 CMC Online - 3 CMC for Sale - Order 3 CMC Online","description":"At our NembutalHouse, you can get 3cmc for sale at cheap rates. Here you can buy 3cmc online with high-quality from our store now with fast & secure shipping service. Order Now!","robots":{"index":"index","follow":"follow","max-snippet":"max-snippet:-1","max-image-preview":"max-image-preview:large","max-video-preview":"max-video-preview:-1"},"canonical":"https:\/\/nembutalhouse.com\/hu\/termek\/buy-3cmc-online\/","og_locale":"hu_HU","og_type":"article","og_title":"Buy 3 CMC Online - 3 CMC for Sale - Order 3 CMC Online","og_description":"At our NembutalHouse, you can get 3cmc for sale at cheap rates. Here you can buy 3cmc online with high-quality from our store now with fast & secure shipping service. Order Now!","og_url":"https:\/\/nembutalhouse.com\/hu\/termek\/buy-3cmc-online\/","og_site_name":"Nembutal House","article_modified_time":"2026-03-06T07:03:46+00:00","og_image":[{"width":600,"height":600,"url":"https:\/\/nembutalhouse.com\/wp-content\/uploads\/2024\/10\/3-cmc.gif","type":"image\/gif"}],"twitter_card":"summary_large_image","twitter_misc":{"Becs\u00fclt olvas\u00e1si id\u0151":"2 perc"},"schema":{"@context":"https:\/\/schema.org","@graph":[{"@type":"WebPage","@id":"https:\/\/nembutalhouse.com\/product\/buy-3cmc-online\/","url":"https:\/\/nembutalhouse.com\/product\/buy-3cmc-online\/","name":"Buy 3 CMC Online - 3 CMC for Sale - Order 3 CMC Online","isPartOf":{"@id":"https:\/\/nembutalhouse.com\/#website"},"primaryImageOfPage":{"@id":"https:\/\/nembutalhouse.com\/product\/buy-3cmc-online\/#primaryimage"},"image":{"@id":"https:\/\/nembutalhouse.com\/product\/buy-3cmc-online\/#primaryimage"},"thumbnailUrl":"https:\/\/nembutalhouse.com\/wp-content\/uploads\/2024\/10\/3-cmc.gif","datePublished":"2024-10-16T11:47:47+00:00","dateModified":"2026-03-06T07:03:46+00:00","description":"At our NembutalHouse, you can get 3cmc for sale at cheap rates. Here you can buy 3cmc online with high-quality from our store now with fast & secure shipping service. Order Now!","breadcrumb":{"@id":"https:\/\/nembutalhouse.com\/product\/buy-3cmc-online\/#breadcrumb"},"inLanguage":"hu","potentialAction":[{"@type":"ReadAction","target":["https:\/\/nembutalhouse.com\/product\/buy-3cmc-online\/"]}]},{"@type":"ImageObject","inLanguage":"hu","@id":"https:\/\/nembutalhouse.com\/product\/buy-3cmc-online\/#primaryimage","url":"https:\/\/nembutalhouse.com\/wp-content\/uploads\/2024\/10\/3-cmc.gif","contentUrl":"https:\/\/nembutalhouse.com\/wp-content\/uploads\/2024\/10\/3-cmc.gif","width":600,"height":600,"caption":"Buy 3cmc Online"},{"@type":"BreadcrumbList","@id":"https:\/\/nembutalhouse.com\/product\/buy-3cmc-online\/#breadcrumb","itemListElement":[{"@type":"ListItem","position":1,"name":"Home","item":"https:\/\/nembutalhouse.com\/"},{"@type":"ListItem","position":2,"name":"Shop","item":"https:\/\/nembutalhouse.com\/shop\/"},{"@type":"ListItem","position":3,"name":"Buy 3cmc Online"}]},{"@type":"WebSite","@id":"https:\/\/nembutalhouse.com\/#website","url":"https:\/\/nembutalhouse.com\/","name":"Nembutal House","description":"Best Nembutal Online Store","publisher":{"@id":"https:\/\/nembutalhouse.com\/#organization"},"potentialAction":[{"@type":"SearchAction","target":{"@type":"EntryPoint","urlTemplate":"https:\/\/nembutalhouse.com\/?s={search_term_string}"},"query-input":{"@type":"PropertyValueSpecification","valueRequired":true,"valueName":"search_term_string"}}],"inLanguage":"hu"},{"@type":"Organization","@id":"https:\/\/nembutalhouse.com\/#organization","name":"Nembutal House","url":"https:\/\/nembutalhouse.com\/","logo":{"@type":"ImageObject","inLanguage":"hu","@id":"https:\/\/nembutalhouse.com\/#\/schema\/logo\/image\/","url":"https:\/\/nembutalhouse.com\/wp-content\/uploads\/2022\/12\/logo.png","contentUrl":"https:\/\/nembutalhouse.com\/wp-content\/uploads\/2022\/12\/logo.png","width":344,"height":103,"caption":"Nembutal House"},"image":{"@id":"https:\/\/nembutalhouse.com\/#\/schema\/logo\/image\/"}}]}},"_links":{"self":[{"href":"https:\/\/nembutalhouse.com\/hu\/wp-json\/wp\/v2\/product\/1108","targetHints":{"allow":["GET"]}}],"collection":[{"href":"https:\/\/nembutalhouse.com\/hu\/wp-json\/wp\/v2\/product"}],"about":[{"href":"https:\/\/nembutalhouse.com\/hu\/wp-json\/wp\/v2\/types\/product"}],"replies":[{"embeddable":true,"href":"https:\/\/nembutalhouse.com\/hu\/wp-json\/wp\/v2\/comments?post=1108"}],"wp:featuredmedia":[{"embeddable":true,"href":"https:\/\/nembutalhouse.com\/hu\/wp-json\/wp\/v2\/media\/1504"}],"wp:attachment":[{"href":"https:\/\/nembutalhouse.com\/hu\/wp-json\/wp\/v2\/media?parent=1108"}],"wp:term":[{"taxonomy":"product_cat","embeddable":true,"href":"https:\/\/nembutalhouse.com\/hu\/wp-json\/wp\/v2\/product_cat?post=1108"},{"taxonomy":"product_tag","embeddable":true,"href":"https:\/\/nembutalhouse.com\/hu\/wp-json\/wp\/v2\/product_tag?post=1108"}],"curies":[{"name":"wp","href":"https:\/\/api.w.org\/{rel}","templated":true}]}}