{"id":1105,"date":"2024-10-16T11:47:47","date_gmt":"2024-10-16T11:47:47","guid":{"rendered":"https:\/\/nembutalhouse.com\/?post_type=product&#038;p=1105"},"modified":"2026-03-06T07:02:23","modified_gmt":"2026-03-06T07:02:23","slug":"buy-2fdck-online","status":"publish","type":"product","link":"https:\/\/nembutalhouse.com\/hu\/termek\/vasarolni-2fdck-online\/","title":{"rendered":"Buy 2fdck Online"},"content":{"rendered":"<h2>2FDCK online v\u00e1s\u00e1rl\u00e1sa.<\/h2>\n<p><a href=\"https:\/\/nembutalhouse.com\/hu\/termek\/vasarolni-2fdck-online\/\">2-Fluorod-kl\u00f3r-ketamin<\/a>, amelyet n\u00e9ha 2-Fl-2\u2032-Oxo-PCM, Fluoroketamin \u00e9s 2-FDCK n\u00e9ven is eml\u00edtenek, egy online megv\u00e1s\u00e1rolhat\u00f3 disszociat\u00edv \u00e9rz\u00e9stelen\u00edt\u0151. Ez egy egyszer\u0171 ketamin, amelyben a fluor helyettes\u00edtette a kl\u00f3rcsoportot. MXPP \u00e9s a 2-fdck, gyakran fluoroketamin n\u00e9ven ismert, l\u00e9nyeg\u00e9ben felcser\u00e9lhet\u0151. A m\u00e9r\u00e9sben \u00e9s a kutat\u00e1sban javasolt alkalmaz\u00e1sok e t\u00e9telhez. Olcs\u00f3 2fdck elad\u00f3<\/p>\n<p>A disszociat\u00edv narkotikum, a 2-FDCK Por 2-Fluorodeskloroketamin 2-Fl-2\u2032-Oxo-PCM, Fluoroketamin \u00e9s 2-FDCK n\u00e9ven is ismert. Ez egyszer\u0171en ketamin, amelyben a kl\u00f3rcsoport hely\u00e9t fluor vette \u00e1t.<\/p>\n<p>A 2-Fl-2\u2032-Oxo-PCM, m\u00e1s n\u00e9ven 2-Fluorodeszkloroketamin, 2-FDCK \u00e9s t\u00e9vesen 2-Fluroketamin, Fluoroketamin \u00e9s 2-FK n\u00e9ven is ismert, az arilciklohexilamin oszt\u00e1lyba tartoz\u00f3, viszonylag ismeretlen \u00faj disszociat\u00edv szer, amely kontroll alatt nyugtat\u00f3, disszociat\u00edv \u00e9s hallucinog\u00e9n tulajdons\u00e1gokkal rendelkezik. Alapvet\u0151en az arilciklohexilaminokhoz kapcsol\u00f3dik.<\/p>\n<p>mint p\u00e9ld\u00e1ul a deskloroketamin \u00e9s a ketamin, \u00e9s \u00e1ll\u00edt\u00f3lag hasonl\u00f3 hat\u00e1s\u00fa. V\u00e1s\u00e1roljon 2FDCK-t online. <a href=\"https:\/\/nembutalhouse.com\/hu\/\">NembutalHouse<\/a><\/p>\n<h3>2-fdck disszociat\u00edv<\/h3>\n<p>M\u00e1s disszociat\u00edv drogokhoz hasonl\u00f3an a szabadid\u0151s felhaszn\u00e1l\u00f3k t\u00f6bbnyire a \"testen k\u00edv\u00fcli\" stimul\u00e1l\u00f3 hat\u00e1sai miatt keresik, amelyeket \"disszociat\u00edv szed\u00e1ci\u00f3nak\" neveznek (b\u00e1r ennek m\u00e9rt\u00e9k\u00e9t els\u0151sorban ellen\u0151rzik). A ketamin divatos, folyamatos kereskedelm\u00e9t mostan\u00e1ban az online anyagsz\u00e1ll\u00edt\u00f3kon kereszt\u00fcl \u00e1rulj\u00e1k, ahol el\u0151sz\u00f6r k\u00e9s\u0151n v\u00e1lt el\u00e9rhet\u0151v\u00e9. V\u00e1s\u00e1roljon 2-FDCK-t online.<\/p>\n<p>A 2-fluorod-kl\u00f3r-ketamin farmakol\u00f3gi\u00e1ja, metabolizmusa \u00e9s toxikus tulajdons\u00e1gai szinte teljesen ismeretlenek. Emberi felhaszn\u00e1l\u00e1s\u00e1nak t\u00f6rt\u00e9nete figyelemre m\u00e9lt\u00f3an r\u00f6vid. Nagyon aj\u00e1nlott, hogy ha ezt a gy\u00f3gyszert haszn\u00e1lj\u00e1k, \u00e1rtalomcs\u00f6kkent\u0151 elj\u00e1r\u00e1sokat k\u00f6vessenek. leg\u00e1lis kannabisz term\u00e9kek.<\/p>\n<p>Az arilciklohexilaminok ellenszere a 2-fluorodeszkloroketamin, m\u00e1s n\u00e9ven 2-(2-Fluorofenil)- 2-metilamino-ciklohexanon. Az \"arilciklohexilaminok\" elnevez\u00e9s e gy\u00f3gyszerek fel\u00e9p\u00edt\u00e9s\u00e9b\u0151l sz\u00e1rmazik, amelyek egy amincsoportot kombin\u00e1lnak egy illatgy\u0171r\u0171h\u00f6z kapcsolt ciklohex\u00e1ngy\u0171r\u0171vel. A <a href=\"https:\/\/en.wikipedia.org\/wiki\/2-Fluorodeschloroketamine\">2-FDCK<\/a>, egy fenilgy\u0171r\u0171 egy ketoncsoporttal szubsztitu\u00e1lt ciklohex\u00e1ngy\u0171r\u0171h\u00f6z kapcsol\u00f3dik (ciklohexanon). A ciklohexanongy\u0171r\u0171 \u00f6sszek\u00f6t\u0151 alfa-sz\u00e9natomja (R2) egy amino-metil-l\u00e1nchoz (-N-CH3) kapcsol\u00f3dik. Tov\u00e1bb\u00e1, egy fluor-gy\u0171jt\u0151vel helyettes\u00edtik a fenilgy\u0171r\u0171t az R2-n\u00e9l.<\/p>\n<h3>2-FDCK online v\u00e1s\u00e1rl\u00e1sa.<\/h3>\n<p>2. A kir\u00e1lis vegy\u00fclet fluorodeszkoloroketamin gyakran racem\u00e1tk\u00e9nt jelenik meg. A tudom\u00e1nyban a des-is el\u0151tagot haszn\u00e1lj\u00e1k a hasznos gy\u0171jt\u0151elem (ebben az esetben a \"kl\u00f3r\") hi\u00e1ny\u00e1nak jel\u00f6l\u00e9s\u00e9re. 2. Az FDCK az\u00e9rt kapta ezt a nevet, mert fenilgy\u0171r\u0171je fluorszubsztit\u00faci\u00f3val rendelkezik. szemben a ketaminban jelen l\u00e9v\u0151 kl\u00f3rral. V\u00e1s\u00e1roljon 2-FDCK-t online.<\/p>\n<p>A 2-Fl-2\u2032-Oxo-PCM az arilciklohexilamin oszt\u00e1lyba tartoz\u00f3, kev\u00e9sb\u00e9 ismert \u00faj disszociat\u00edv gy\u00f3gyszer, amely koordin\u00e1ltan disszociat\u00edv, f\u00e1jdalomcsillap\u00edt\u00f3 \u00e9s hallucinog\u00e9n hat\u00e1st fejt ki. Helytelen\u00fcl 2-Fluroketamin, Fluoroketamin \u00e9s 2-FDCK n\u00e9ven is eml\u00edtik.<\/p>\n<p>&nbsp;<\/p>\n<p>&nbsp;<\/p>","protected":false},"excerpt":{"rendered":"<p>Purchase 2FDCK online. 2-Fluorodeschloroketamine, sometimes referred to as 2-Fl-2\u2032-Oxo-PCM, Fluoroketamine, and 2-FDCK, is a dissociative anesthetic that can be purchased online. It is a straightforward ketamine in which fluorine has&hellip;<\/p>","protected":false},"featured_media":1609,"comment_status":"closed","ping_status":"closed","template":"","meta":{"_joinchat":[]},"product_cat":[186],"product_tag":[960,965,983,985,971,972,975,981,982,980,961,979,968,958,959,970,984,977,974,967,963,964,986,978,976,973,966,969,962],"class_list":{"0":"post-1105","1":"product","2":"type-product","3":"status-publish","4":"has-post-thumbnail","6":"product_cat-research-chemicals","7":"product_tag-2fdck-for-sale","8":"product_tag-2fdck-powder","9":"product_tag-2fdck-powder-for-cleaning","10":"product_tag-2fdck-powder-for-sale","11":"product_tag-2fdck-powder-online","12":"product_tag-2fdck-powder-price","13":"product_tag-2fdck-powder-store","14":"product_tag-2fdck-powder-use","15":"product_tag-2fdck-powder-wiki","16":"product_tag-2fdck-powder-worldwide","17":"product_tag-2fdck-supplier","18":"product_tag-best-cheap-price-2fdck-powder","19":"product_tag-best-place-to-buy-2fdck-powder","20":"product_tag-buy-2fdck","21":"product_tag-buy-2fdck-online","22":"product_tag-buy-2fdck-powder-legally","23":"product_tag-buy-2fdck-powder-online","24":"product_tag-cheap-2fdck-powders","25":"product_tag-high-quality-2fdck-powder","26":"product_tag-how-to-buy-2fdck-powder","27":"product_tag-order-2fdck","28":"product_tag-order-2fdck-online","29":"product_tag-order-2fdck-powder","30":"product_tag-purcharse-2fdck-powder-powder","31":"product_tag-shop-2fdck-powder","32":"product_tag-top-quality-2fdck-powder","33":"product_tag-where-to-buy-2fdck-powder","34":"product_tag-where-to-order-2fdck-powder","35":"product_tag-wholesale-2fdck-bulk-online","37":"first","38":"instock","39":"shipping-taxable","40":"purchasable","41":"product-type-variable","42":"has-default-attributes"},"yoast_head":"<!-- This site is optimized with the Yoast SEO plugin v24.1 - https:\/\/yoast.com\/wordpress\/plugins\/seo\/ -->\n<title>2FDCK for Sale - Buy 2FDCK Powder Online | NembutalHouse<\/title>\n<meta name=\"description\" content=\"Explore our online store for 2fdck for sale, offering high-quality 2fdck powder. Buy 2fdckonline securely and embark on your research journey with confidence.\" \/>\n<meta name=\"robots\" content=\"index, follow, max-snippet:-1, max-image-preview:large, max-video-preview:-1\" \/>\n<link rel=\"canonical\" href=\"https:\/\/nembutalhouse.com\/hu\/termek\/vasarolni-2fdck-online\/\" \/>\n<meta property=\"og:locale\" content=\"hu_HU\" \/>\n<meta property=\"og:type\" content=\"article\" \/>\n<meta property=\"og:title\" content=\"2FDCK for Sale - Buy 2FDCK Powder Online | NembutalHouse\" \/>\n<meta property=\"og:description\" content=\"Explore our online store for 2fdck for sale, offering high-quality 2fdck powder. Buy 2fdckonline securely and embark on your research journey with confidence.\" \/>\n<meta property=\"og:url\" content=\"https:\/\/nembutalhouse.com\/hu\/termek\/vasarolni-2fdck-online\/\" \/>\n<meta property=\"og:site_name\" content=\"Nembutal House\" \/>\n<meta property=\"article:modified_time\" content=\"2026-03-06T07:02:23+00:00\" \/>\n<meta property=\"og:image\" content=\"https:\/\/nembutalhouse.com\/wp-content\/uploads\/2024\/10\/2fdck-1.gif\" \/>\n\t<meta property=\"og:image:width\" content=\"600\" \/>\n\t<meta property=\"og:image:height\" content=\"600\" \/>\n\t<meta property=\"og:image:type\" content=\"image\/gif\" \/>\n<meta name=\"twitter:card\" content=\"summary_large_image\" \/>\n<meta name=\"twitter:label1\" content=\"Becs\u00fclt olvas\u00e1si id\u0151\" \/>\n\t<meta name=\"twitter:data1\" content=\"3 perc\" \/>\n<script type=\"application\/ld+json\" class=\"yoast-schema-graph\">{\"@context\":\"https:\/\/schema.org\",\"@graph\":[{\"@type\":\"WebPage\",\"@id\":\"https:\/\/nembutalhouse.com\/product\/buy-2fdck-online\/\",\"url\":\"https:\/\/nembutalhouse.com\/product\/buy-2fdck-online\/\",\"name\":\"2FDCK for Sale - Buy 2FDCK Powder Online | NembutalHouse\",\"isPartOf\":{\"@id\":\"https:\/\/nembutalhouse.com\/#website\"},\"primaryImageOfPage\":{\"@id\":\"https:\/\/nembutalhouse.com\/product\/buy-2fdck-online\/#primaryimage\"},\"image\":{\"@id\":\"https:\/\/nembutalhouse.com\/product\/buy-2fdck-online\/#primaryimage\"},\"thumbnailUrl\":\"https:\/\/nembutalhouse.com\/wp-content\/uploads\/2024\/10\/2fdck-1.gif\",\"datePublished\":\"2024-10-16T11:47:47+00:00\",\"dateModified\":\"2026-03-06T07:02:23+00:00\",\"description\":\"Explore our online store for 2fdck for sale, offering high-quality 2fdck powder. Buy 2fdckonline securely and embark on your research journey with confidence.\",\"breadcrumb\":{\"@id\":\"https:\/\/nembutalhouse.com\/product\/buy-2fdck-online\/#breadcrumb\"},\"inLanguage\":\"hu\",\"potentialAction\":[{\"@type\":\"ReadAction\",\"target\":[\"https:\/\/nembutalhouse.com\/product\/buy-2fdck-online\/\"]}]},{\"@type\":\"ImageObject\",\"inLanguage\":\"hu\",\"@id\":\"https:\/\/nembutalhouse.com\/product\/buy-2fdck-online\/#primaryimage\",\"url\":\"https:\/\/nembutalhouse.com\/wp-content\/uploads\/2024\/10\/2fdck-1.gif\",\"contentUrl\":\"https:\/\/nembutalhouse.com\/wp-content\/uploads\/2024\/10\/2fdck-1.gif\",\"width\":600,\"height\":600,\"caption\":\"Buy 2fdck Online\"},{\"@type\":\"BreadcrumbList\",\"@id\":\"https:\/\/nembutalhouse.com\/product\/buy-2fdck-online\/#breadcrumb\",\"itemListElement\":[{\"@type\":\"ListItem\",\"position\":1,\"name\":\"Home\",\"item\":\"https:\/\/nembutalhouse.com\/\"},{\"@type\":\"ListItem\",\"position\":2,\"name\":\"Shop\",\"item\":\"https:\/\/nembutalhouse.com\/shop\/\"},{\"@type\":\"ListItem\",\"position\":3,\"name\":\"Buy 2fdck Online\"}]},{\"@type\":\"WebSite\",\"@id\":\"https:\/\/nembutalhouse.com\/#website\",\"url\":\"https:\/\/nembutalhouse.com\/\",\"name\":\"Nembutal House\",\"description\":\"Best Nembutal Online Store\",\"publisher\":{\"@id\":\"https:\/\/nembutalhouse.com\/#organization\"},\"potentialAction\":[{\"@type\":\"SearchAction\",\"target\":{\"@type\":\"EntryPoint\",\"urlTemplate\":\"https:\/\/nembutalhouse.com\/?s={search_term_string}\"},\"query-input\":{\"@type\":\"PropertyValueSpecification\",\"valueRequired\":true,\"valueName\":\"search_term_string\"}}],\"inLanguage\":\"hu\"},{\"@type\":\"Organization\",\"@id\":\"https:\/\/nembutalhouse.com\/#organization\",\"name\":\"Nembutal House\",\"url\":\"https:\/\/nembutalhouse.com\/\",\"logo\":{\"@type\":\"ImageObject\",\"inLanguage\":\"hu\",\"@id\":\"https:\/\/nembutalhouse.com\/#\/schema\/logo\/image\/\",\"url\":\"https:\/\/nembutalhouse.com\/wp-content\/uploads\/2022\/12\/logo.png\",\"contentUrl\":\"https:\/\/nembutalhouse.com\/wp-content\/uploads\/2022\/12\/logo.png\",\"width\":344,\"height\":103,\"caption\":\"Nembutal House\"},\"image\":{\"@id\":\"https:\/\/nembutalhouse.com\/#\/schema\/logo\/image\/\"}}]}<\/script>\n<!-- \/ Yoast SEO plugin. -->","yoast_head_json":{"title":"2FDCK for Sale - Buy 2FDCK Powder Online | NembutalHouse","description":"Explore our online store for 2fdck for sale, offering high-quality 2fdck powder. Buy 2fdckonline securely and embark on your research journey with confidence.","robots":{"index":"index","follow":"follow","max-snippet":"max-snippet:-1","max-image-preview":"max-image-preview:large","max-video-preview":"max-video-preview:-1"},"canonical":"https:\/\/nembutalhouse.com\/hu\/termek\/vasarolni-2fdck-online\/","og_locale":"hu_HU","og_type":"article","og_title":"2FDCK for Sale - Buy 2FDCK Powder Online | NembutalHouse","og_description":"Explore our online store for 2fdck for sale, offering high-quality 2fdck powder. Buy 2fdckonline securely and embark on your research journey with confidence.","og_url":"https:\/\/nembutalhouse.com\/hu\/termek\/vasarolni-2fdck-online\/","og_site_name":"Nembutal House","article_modified_time":"2026-03-06T07:02:23+00:00","og_image":[{"width":600,"height":600,"url":"https:\/\/nembutalhouse.com\/wp-content\/uploads\/2024\/10\/2fdck-1.gif","type":"image\/gif"}],"twitter_card":"summary_large_image","twitter_misc":{"Becs\u00fclt olvas\u00e1si id\u0151":"3 perc"},"schema":{"@context":"https:\/\/schema.org","@graph":[{"@type":"WebPage","@id":"https:\/\/nembutalhouse.com\/product\/buy-2fdck-online\/","url":"https:\/\/nembutalhouse.com\/product\/buy-2fdck-online\/","name":"2FDCK for Sale - Buy 2FDCK Powder Online | NembutalHouse","isPartOf":{"@id":"https:\/\/nembutalhouse.com\/#website"},"primaryImageOfPage":{"@id":"https:\/\/nembutalhouse.com\/product\/buy-2fdck-online\/#primaryimage"},"image":{"@id":"https:\/\/nembutalhouse.com\/product\/buy-2fdck-online\/#primaryimage"},"thumbnailUrl":"https:\/\/nembutalhouse.com\/wp-content\/uploads\/2024\/10\/2fdck-1.gif","datePublished":"2024-10-16T11:47:47+00:00","dateModified":"2026-03-06T07:02:23+00:00","description":"Explore our online store for 2fdck for sale, offering high-quality 2fdck powder. Buy 2fdckonline securely and embark on your research journey with confidence.","breadcrumb":{"@id":"https:\/\/nembutalhouse.com\/product\/buy-2fdck-online\/#breadcrumb"},"inLanguage":"hu","potentialAction":[{"@type":"ReadAction","target":["https:\/\/nembutalhouse.com\/product\/buy-2fdck-online\/"]}]},{"@type":"ImageObject","inLanguage":"hu","@id":"https:\/\/nembutalhouse.com\/product\/buy-2fdck-online\/#primaryimage","url":"https:\/\/nembutalhouse.com\/wp-content\/uploads\/2024\/10\/2fdck-1.gif","contentUrl":"https:\/\/nembutalhouse.com\/wp-content\/uploads\/2024\/10\/2fdck-1.gif","width":600,"height":600,"caption":"Buy 2fdck Online"},{"@type":"BreadcrumbList","@id":"https:\/\/nembutalhouse.com\/product\/buy-2fdck-online\/#breadcrumb","itemListElement":[{"@type":"ListItem","position":1,"name":"Home","item":"https:\/\/nembutalhouse.com\/"},{"@type":"ListItem","position":2,"name":"Shop","item":"https:\/\/nembutalhouse.com\/shop\/"},{"@type":"ListItem","position":3,"name":"Buy 2fdck Online"}]},{"@type":"WebSite","@id":"https:\/\/nembutalhouse.com\/#website","url":"https:\/\/nembutalhouse.com\/","name":"Nembutal House","description":"Best Nembutal Online Store","publisher":{"@id":"https:\/\/nembutalhouse.com\/#organization"},"potentialAction":[{"@type":"SearchAction","target":{"@type":"EntryPoint","urlTemplate":"https:\/\/nembutalhouse.com\/?s={search_term_string}"},"query-input":{"@type":"PropertyValueSpecification","valueRequired":true,"valueName":"search_term_string"}}],"inLanguage":"hu"},{"@type":"Organization","@id":"https:\/\/nembutalhouse.com\/#organization","name":"Nembutal House","url":"https:\/\/nembutalhouse.com\/","logo":{"@type":"ImageObject","inLanguage":"hu","@id":"https:\/\/nembutalhouse.com\/#\/schema\/logo\/image\/","url":"https:\/\/nembutalhouse.com\/wp-content\/uploads\/2022\/12\/logo.png","contentUrl":"https:\/\/nembutalhouse.com\/wp-content\/uploads\/2022\/12\/logo.png","width":344,"height":103,"caption":"Nembutal House"},"image":{"@id":"https:\/\/nembutalhouse.com\/#\/schema\/logo\/image\/"}}]}},"_links":{"self":[{"href":"https:\/\/nembutalhouse.com\/hu\/wp-json\/wp\/v2\/product\/1105","targetHints":{"allow":["GET"]}}],"collection":[{"href":"https:\/\/nembutalhouse.com\/hu\/wp-json\/wp\/v2\/product"}],"about":[{"href":"https:\/\/nembutalhouse.com\/hu\/wp-json\/wp\/v2\/types\/product"}],"replies":[{"embeddable":true,"href":"https:\/\/nembutalhouse.com\/hu\/wp-json\/wp\/v2\/comments?post=1105"}],"wp:featuredmedia":[{"embeddable":true,"href":"https:\/\/nembutalhouse.com\/hu\/wp-json\/wp\/v2\/media\/1609"}],"wp:attachment":[{"href":"https:\/\/nembutalhouse.com\/hu\/wp-json\/wp\/v2\/media?parent=1105"}],"wp:term":[{"taxonomy":"product_cat","embeddable":true,"href":"https:\/\/nembutalhouse.com\/hu\/wp-json\/wp\/v2\/product_cat?post=1105"},{"taxonomy":"product_tag","embeddable":true,"href":"https:\/\/nembutalhouse.com\/hu\/wp-json\/wp\/v2\/product_tag?post=1105"}],"curies":[{"name":"wp","href":"https:\/\/api.w.org\/{rel}","templated":true}]}}