{"id":1104,"date":"2024-10-16T11:47:46","date_gmt":"2024-10-16T11:47:46","guid":{"rendered":"https:\/\/nembutalhouse.com\/?post_type=product&#038;p=1104"},"modified":"2026-03-06T07:02:49","modified_gmt":"2026-03-06T07:02:49","slug":"buy-2mmc-online","status":"publish","type":"product","link":"https:\/\/nembutalhouse.com\/hu\/termek\/buy-2mmc-online\/","title":{"rendered":"Buy 2mmc Online"},"content":{"rendered":"<h2>Buy 2mmc Online<\/h2>\n<p><a href=\"https:\/\/en.wikipedia.org\/wiki\/2-Methylmethcathinone\">2 mm CRYSTAL<\/a> A 3-MMC egy katinon oszt\u00e1ly\u00fa stimul\u00e1ns, amely a mefedronnal azonos szerkezet\u0171.<br \/>\nAz egyik legjobb term\u00e9k, amely jelenleg el\u00e9rhet\u0151, 99%+ tisztas\u00e1g\u00fa, hasonl\u00f3 kutat\u00e1si okokb\u00f3l mefedron alternat\u00edvak\u00e9nt haszn\u00e1lhat\u00f3.<\/p>\n<p>Emellett krist\u00e1lyos form\u00e1ban is kaphat\u00f3,<a href=\"https:\/\/nembutalhouse.com\/hu\/termek\/buy-2mmc-online\/\"> 2mmc<\/a> A CRYSTAL nem emberi fogyaszt\u00e1sra k\u00e9sz\u00fclt.<\/p>\n<p>Mivel t\u00f6bb mint 4 \u00e9ve ny\u00fajtunk kutat\u00e1si vegyszereket, szil\u00e1rd online \u00e9s offline h\u00edrnevet szerezt\u00fcnk a kutat\u00f3k k\u00f6r\u00e9ben. A legmodernebb kutat\u00e1si eredm\u00e9nyek szakosodott sz\u00e1ll\u00edt\u00f3ja vagyunk. <a href=\"https:\/\/nembutalhouse.com\/hu\/\">kutat\u00e1si vegyszer<\/a> laborat\u00f3riumi k\u00eds\u00e9rletekhez alkalmas szerek \u00e9s kiv\u00e1l\u00f3 min\u0151s\u00e9g\u0171 laborat\u00f3riumi berendez\u00e9sek. Ismert a kiv\u00e9teles \u00fcgyf\u00e9lszolg\u00e1lat, a kiv\u00e1l\u00f3 min\u0151s\u00e9g\u0171 kutat\u00e1si vegyszerek, valamint a legsz\u00e9lesebb k\u00f6r\u0171 vegyszerek \u00e9s a nemr\u00e9giben szintetiz\u00e1lt \u00e1ruk legsz\u00e9lesebb v\u00e1laszt\u00e9ka, \u00edgy a biok\u00e9mia \u00e9s a farmakol\u00f3gia ter\u00fclet\u00e9n dolgoz\u00f3 sz\u00e1mos tud\u00f3s sz\u00e1m\u00e1ra mi vagyunk az egy\u00fcttm\u0171k\u00f6d\u0151 partner.<\/p>\n<p>A kutat\u00f3k sz\u00e1m\u00e1ra biztons\u00e1gos \u00e9s k\u00e9nyelmes a kutat\u00f3i vegyszerek v\u00e1s\u00e1rl\u00e1sa weboldalunkon, mivel minden \u00fcgyf\u00e9ladatot bizalmasan \u00e9s bizalmasan kezel\u00fcnk, \u00e9s a fizet\u00e9si folyamatok biztons\u00e1gosak \u00e9s biztons\u00e1gosak. Jutalmaz\u00e1si programunkba val\u00f3 jelentkez\u00e9ssel a visszat\u00e9r\u0151 \u00fcgyfelek p\u00e9nzt takar\u00edthatnak meg a t\u0151l\u00fcnk t\u00f6rt\u00e9n\u0151 v\u00e1s\u00e1rl\u00e1saikon.<\/p>\n<p>Mivel annyira t\u00f6r\u0151d\u00fcnk \u00fcgyfeleinkkel, mi vagyunk az egyetlen c\u00e9g, amely 100% \u00fajrak\u00fcld\u00e9si politik\u00e1t k\u00edn\u00e1l minden nyomon k\u00f6vetett v\u00e1s\u00e1rl\u00e1sra. Ha 21 nap eltelt\u00e9vel a nyomon k\u00f6vetett \u00e1rucikk b\u00e1rmilyen okb\u00f3l nem \u00e9rkezik meg, tov\u00e1bbi k\u00f6lts\u00e9g n\u00e9lk\u00fcl \u00fajrak\u00fcldj\u00fck \u00d6nnek.<\/p>\n<p>Annak garant\u00e1l\u00e1sa \u00e9rdek\u00e9ben, hogy minden k\u00e9miai minta a lehet\u0151 legkevesebb szennyez\u0151 anyagot tartalmazza, \u00e9s hogy a kutat\u00f3k mindig tudj\u00e1k, hogy mit kapnak, minden term\u00e9k\u00fcnket alaposan megvizsg\u00e1ljuk, miel\u0151tt elsz\u00e1ll\u00edtjuk. Seg\u00edts\u00e9g\u00fcnkkel m\u00e9g soha nem volt ilyen egyszer\u0171 \u00e9lvonalbeli k\u00eds\u00e9rleteket tervezni.<\/p>\n<p>A kutat\u00f3k sz\u00e1m\u00e1ra biztons\u00e1gos \u00e9s k\u00e9nyelmes a kutat\u00f3i vegyszerek v\u00e1s\u00e1rl\u00e1sa weboldalunkon, mivel minden \u00fcgyf\u00e9ladatot bizalmasan \u00e9s bizalmasan kezel\u00fcnk, \u00e9s a fizet\u00e9si folyamatok biztons\u00e1gosak \u00e9s biztons\u00e1gosak. Jutalmaz\u00e1si programunkba val\u00f3 jelentkez\u00e9ssel a visszat\u00e9r\u0151 \u00fcgyfelek p\u00e9nzt takar\u00edthatnak meg a t\u0151l\u00fcnk t\u00f6rt\u00e9n\u0151 v\u00e1s\u00e1rl\u00e1saikon.<\/p>\n<p>Mi vagyunk az egyetlen c\u00e9g, amely k\u00edn\u00e1l 100% reship politika minden nyomon k\u00f6vetett v\u00e1s\u00e1rl\u00e1sok, bizony\u00edtva elk\u00f6telezetts\u00e9g\u00fcnket, hogy kiv\u00e1l\u00f3 \u00fcgyf\u00e9lszolg\u00e1lat. B\u00e1rmilyen okb\u00f3l, ha a nyomon k\u00f6vetett rendel\u00e9se nem \u00e9rkezik meg, egyszer\u0171en 21 nap ut\u00e1n \u00fajra elk\u00fcldj\u00fck, nem kell t\u00f6bbet fizetnie.<\/p>\n<p>Annak garant\u00e1l\u00e1sa \u00e9rdek\u00e9ben, hogy minden k\u00e9miai minta a lehet\u0151 legkevesebb szennyez\u0151 anyagot tartalmazza, \u00e9s hogy a kutat\u00f3k mindig tudj\u00e1k, hogy mit kapnak, minden term\u00e9k\u00fcnket alaposan megvizsg\u00e1ljuk, miel\u0151tt elsz\u00e1ll\u00edtjuk. Seg\u00edts\u00e9g\u00fcnkkel m\u00e9g soha nem volt ilyen egyszer\u0171 a magas szint\u0171 k\u00eds\u00e9rletek megtervez\u00e9se.<\/p>\n<p>&nbsp;<\/p>\n<p>&nbsp;<\/p>","protected":false},"excerpt":{"rendered":"<p>Buy 2mmc Online 2 mm CRYSTAL 3-MMC is a cathinone class stimulant that shares a structure with mephedrone. One of the best products available right now, with a purity of&hellip;<\/p>","protected":false},"featured_media":1608,"comment_status":"closed","ping_status":"closed","template":"","meta":{"_joinchat":[]},"product_cat":[186],"product_tag":[931,936,954,956,942,943,946,952,953,951,932,950,939,929,930,941,955,948,945,938,934,935,957,949,947,944,937,940,933],"class_list":{"0":"post-1104","1":"product","2":"type-product","3":"status-publish","4":"has-post-thumbnail","6":"product_cat-research-chemicals","7":"product_tag-2mmc-for-sale","8":"product_tag-2mmc-powder","9":"product_tag-2mmc-powder-for-cleaning","10":"product_tag-2mmc-powder-for-sale","11":"product_tag-2mmc-powder-online","12":"product_tag-2mmc-powder-price","13":"product_tag-2mmc-powder-store","14":"product_tag-2mmc-powder-use","15":"product_tag-2mmc-powder-wiki","16":"product_tag-2mmc-powder-worldwide","17":"product_tag-2mmc-supplier","18":"product_tag-best-cheap-price-2mmc-powder","19":"product_tag-best-place-to-buy-2mmc-powder","20":"product_tag-buy-2mmc","21":"product_tag-buy-2mmc-online","22":"product_tag-buy-2mmc-powder-legally","23":"product_tag-buy-2mmc-powder-online","24":"product_tag-cheap-2mmc-powders","25":"product_tag-high-quality-2mmc-powder","26":"product_tag-how-to-buy-2mmc-powder","27":"product_tag-order-2mmc","28":"product_tag-order-2mmc-online","29":"product_tag-order-2mmc-powder","30":"product_tag-purcharse-2mmc-powder-powder","31":"product_tag-shop-2mmc-powder","32":"product_tag-top-quality-2mmc-powder","33":"product_tag-where-to-buy-2mmc-powder","34":"product_tag-where-to-order-2mmc-powder","35":"product_tag-wholesale-2mmc-bulk-online","37":"first","38":"instock","39":"shipping-taxable","40":"purchasable","41":"product-type-variable"},"yoast_head":"<!-- This site is optimized with the Yoast SEO plugin v24.1 - https:\/\/yoast.com\/wordpress\/plugins\/seo\/ -->\n<title>Buy 2MMC Online - 2MMC for sale - Order 2MMC<\/title>\n<meta name=\"description\" content=\"Looking to further your research? Buy 2mmc conveniently and securely online, with a straightforward ordering process for 2mmc for sale. Explore the possibilities and buy 2mmc online for your research endeavors today.\" \/>\n<meta name=\"robots\" content=\"index, follow, max-snippet:-1, max-image-preview:large, max-video-preview:-1\" \/>\n<link rel=\"canonical\" href=\"https:\/\/nembutalhouse.com\/hu\/termek\/buy-2mmc-online\/\" \/>\n<meta property=\"og:locale\" content=\"hu_HU\" \/>\n<meta property=\"og:type\" content=\"article\" \/>\n<meta property=\"og:title\" content=\"Buy 2MMC Online - 2MMC for sale - Order 2MMC\" \/>\n<meta property=\"og:description\" content=\"Looking to further your research? Buy 2mmc conveniently and securely online, with a straightforward ordering process for 2mmc for sale. Explore the possibilities and buy 2mmc online for your research endeavors today.\" \/>\n<meta property=\"og:url\" content=\"https:\/\/nembutalhouse.com\/hu\/termek\/buy-2mmc-online\/\" \/>\n<meta property=\"og:site_name\" content=\"Nembutal House\" \/>\n<meta property=\"article:modified_time\" content=\"2026-03-06T07:02:49+00:00\" \/>\n<meta property=\"og:image\" content=\"https:\/\/nembutalhouse.com\/wp-content\/uploads\/2024\/10\/2mmc-1.gif\" \/>\n\t<meta property=\"og:image:width\" content=\"600\" \/>\n\t<meta property=\"og:image:height\" content=\"600\" \/>\n\t<meta property=\"og:image:type\" content=\"image\/gif\" \/>\n<meta name=\"twitter:card\" content=\"summary_large_image\" \/>\n<meta name=\"twitter:label1\" content=\"Becs\u00fclt olvas\u00e1si id\u0151\" \/>\n\t<meta name=\"twitter:data1\" content=\"2 perc\" \/>\n<script type=\"application\/ld+json\" class=\"yoast-schema-graph\">{\"@context\":\"https:\/\/schema.org\",\"@graph\":[{\"@type\":\"WebPage\",\"@id\":\"https:\/\/nembutalhouse.com\/product\/buy-2mmc-online\/\",\"url\":\"https:\/\/nembutalhouse.com\/product\/buy-2mmc-online\/\",\"name\":\"Buy 2MMC Online - 2MMC for sale - Order 2MMC\",\"isPartOf\":{\"@id\":\"https:\/\/nembutalhouse.com\/#website\"},\"primaryImageOfPage\":{\"@id\":\"https:\/\/nembutalhouse.com\/product\/buy-2mmc-online\/#primaryimage\"},\"image\":{\"@id\":\"https:\/\/nembutalhouse.com\/product\/buy-2mmc-online\/#primaryimage\"},\"thumbnailUrl\":\"https:\/\/nembutalhouse.com\/wp-content\/uploads\/2024\/10\/2mmc-1.gif\",\"datePublished\":\"2024-10-16T11:47:46+00:00\",\"dateModified\":\"2026-03-06T07:02:49+00:00\",\"description\":\"Looking to further your research? Buy 2mmc conveniently and securely online, with a straightforward ordering process for 2mmc for sale. Explore the possibilities and buy 2mmc online for your research endeavors today.\",\"breadcrumb\":{\"@id\":\"https:\/\/nembutalhouse.com\/product\/buy-2mmc-online\/#breadcrumb\"},\"inLanguage\":\"hu\",\"potentialAction\":[{\"@type\":\"ReadAction\",\"target\":[\"https:\/\/nembutalhouse.com\/product\/buy-2mmc-online\/\"]}]},{\"@type\":\"ImageObject\",\"inLanguage\":\"hu\",\"@id\":\"https:\/\/nembutalhouse.com\/product\/buy-2mmc-online\/#primaryimage\",\"url\":\"https:\/\/nembutalhouse.com\/wp-content\/uploads\/2024\/10\/2mmc-1.gif\",\"contentUrl\":\"https:\/\/nembutalhouse.com\/wp-content\/uploads\/2024\/10\/2mmc-1.gif\",\"width\":600,\"height\":600,\"caption\":\"Buy 2mmc Online\"},{\"@type\":\"BreadcrumbList\",\"@id\":\"https:\/\/nembutalhouse.com\/product\/buy-2mmc-online\/#breadcrumb\",\"itemListElement\":[{\"@type\":\"ListItem\",\"position\":1,\"name\":\"Home\",\"item\":\"https:\/\/nembutalhouse.com\/\"},{\"@type\":\"ListItem\",\"position\":2,\"name\":\"Shop\",\"item\":\"https:\/\/nembutalhouse.com\/shop\/\"},{\"@type\":\"ListItem\",\"position\":3,\"name\":\"Buy 2mmc Online\"}]},{\"@type\":\"WebSite\",\"@id\":\"https:\/\/nembutalhouse.com\/#website\",\"url\":\"https:\/\/nembutalhouse.com\/\",\"name\":\"Nembutal House\",\"description\":\"Best Nembutal Online Store\",\"publisher\":{\"@id\":\"https:\/\/nembutalhouse.com\/#organization\"},\"potentialAction\":[{\"@type\":\"SearchAction\",\"target\":{\"@type\":\"EntryPoint\",\"urlTemplate\":\"https:\/\/nembutalhouse.com\/?s={search_term_string}\"},\"query-input\":{\"@type\":\"PropertyValueSpecification\",\"valueRequired\":true,\"valueName\":\"search_term_string\"}}],\"inLanguage\":\"hu\"},{\"@type\":\"Organization\",\"@id\":\"https:\/\/nembutalhouse.com\/#organization\",\"name\":\"Nembutal House\",\"url\":\"https:\/\/nembutalhouse.com\/\",\"logo\":{\"@type\":\"ImageObject\",\"inLanguage\":\"hu\",\"@id\":\"https:\/\/nembutalhouse.com\/#\/schema\/logo\/image\/\",\"url\":\"https:\/\/nembutalhouse.com\/wp-content\/uploads\/2022\/12\/logo.png\",\"contentUrl\":\"https:\/\/nembutalhouse.com\/wp-content\/uploads\/2022\/12\/logo.png\",\"width\":344,\"height\":103,\"caption\":\"Nembutal House\"},\"image\":{\"@id\":\"https:\/\/nembutalhouse.com\/#\/schema\/logo\/image\/\"}}]}<\/script>\n<!-- \/ Yoast SEO plugin. -->","yoast_head_json":{"title":"Buy 2MMC Online - 2MMC for sale - Order 2MMC","description":"Looking to further your research? Buy 2mmc conveniently and securely online, with a straightforward ordering process for 2mmc for sale. Explore the possibilities and buy 2mmc online for your research endeavors today.","robots":{"index":"index","follow":"follow","max-snippet":"max-snippet:-1","max-image-preview":"max-image-preview:large","max-video-preview":"max-video-preview:-1"},"canonical":"https:\/\/nembutalhouse.com\/hu\/termek\/buy-2mmc-online\/","og_locale":"hu_HU","og_type":"article","og_title":"Buy 2MMC Online - 2MMC for sale - Order 2MMC","og_description":"Looking to further your research? Buy 2mmc conveniently and securely online, with a straightforward ordering process for 2mmc for sale. Explore the possibilities and buy 2mmc online for your research endeavors today.","og_url":"https:\/\/nembutalhouse.com\/hu\/termek\/buy-2mmc-online\/","og_site_name":"Nembutal House","article_modified_time":"2026-03-06T07:02:49+00:00","og_image":[{"width":600,"height":600,"url":"https:\/\/nembutalhouse.com\/wp-content\/uploads\/2024\/10\/2mmc-1.gif","type":"image\/gif"}],"twitter_card":"summary_large_image","twitter_misc":{"Becs\u00fclt olvas\u00e1si id\u0151":"2 perc"},"schema":{"@context":"https:\/\/schema.org","@graph":[{"@type":"WebPage","@id":"https:\/\/nembutalhouse.com\/product\/buy-2mmc-online\/","url":"https:\/\/nembutalhouse.com\/product\/buy-2mmc-online\/","name":"Buy 2MMC Online - 2MMC for sale - Order 2MMC","isPartOf":{"@id":"https:\/\/nembutalhouse.com\/#website"},"primaryImageOfPage":{"@id":"https:\/\/nembutalhouse.com\/product\/buy-2mmc-online\/#primaryimage"},"image":{"@id":"https:\/\/nembutalhouse.com\/product\/buy-2mmc-online\/#primaryimage"},"thumbnailUrl":"https:\/\/nembutalhouse.com\/wp-content\/uploads\/2024\/10\/2mmc-1.gif","datePublished":"2024-10-16T11:47:46+00:00","dateModified":"2026-03-06T07:02:49+00:00","description":"Looking to further your research? Buy 2mmc conveniently and securely online, with a straightforward ordering process for 2mmc for sale. Explore the possibilities and buy 2mmc online for your research endeavors today.","breadcrumb":{"@id":"https:\/\/nembutalhouse.com\/product\/buy-2mmc-online\/#breadcrumb"},"inLanguage":"hu","potentialAction":[{"@type":"ReadAction","target":["https:\/\/nembutalhouse.com\/product\/buy-2mmc-online\/"]}]},{"@type":"ImageObject","inLanguage":"hu","@id":"https:\/\/nembutalhouse.com\/product\/buy-2mmc-online\/#primaryimage","url":"https:\/\/nembutalhouse.com\/wp-content\/uploads\/2024\/10\/2mmc-1.gif","contentUrl":"https:\/\/nembutalhouse.com\/wp-content\/uploads\/2024\/10\/2mmc-1.gif","width":600,"height":600,"caption":"Buy 2mmc Online"},{"@type":"BreadcrumbList","@id":"https:\/\/nembutalhouse.com\/product\/buy-2mmc-online\/#breadcrumb","itemListElement":[{"@type":"ListItem","position":1,"name":"Home","item":"https:\/\/nembutalhouse.com\/"},{"@type":"ListItem","position":2,"name":"Shop","item":"https:\/\/nembutalhouse.com\/shop\/"},{"@type":"ListItem","position":3,"name":"Buy 2mmc Online"}]},{"@type":"WebSite","@id":"https:\/\/nembutalhouse.com\/#website","url":"https:\/\/nembutalhouse.com\/","name":"Nembutal House","description":"Best Nembutal Online Store","publisher":{"@id":"https:\/\/nembutalhouse.com\/#organization"},"potentialAction":[{"@type":"SearchAction","target":{"@type":"EntryPoint","urlTemplate":"https:\/\/nembutalhouse.com\/?s={search_term_string}"},"query-input":{"@type":"PropertyValueSpecification","valueRequired":true,"valueName":"search_term_string"}}],"inLanguage":"hu"},{"@type":"Organization","@id":"https:\/\/nembutalhouse.com\/#organization","name":"Nembutal House","url":"https:\/\/nembutalhouse.com\/","logo":{"@type":"ImageObject","inLanguage":"hu","@id":"https:\/\/nembutalhouse.com\/#\/schema\/logo\/image\/","url":"https:\/\/nembutalhouse.com\/wp-content\/uploads\/2022\/12\/logo.png","contentUrl":"https:\/\/nembutalhouse.com\/wp-content\/uploads\/2022\/12\/logo.png","width":344,"height":103,"caption":"Nembutal House"},"image":{"@id":"https:\/\/nembutalhouse.com\/#\/schema\/logo\/image\/"}}]}},"_links":{"self":[{"href":"https:\/\/nembutalhouse.com\/hu\/wp-json\/wp\/v2\/product\/1104","targetHints":{"allow":["GET"]}}],"collection":[{"href":"https:\/\/nembutalhouse.com\/hu\/wp-json\/wp\/v2\/product"}],"about":[{"href":"https:\/\/nembutalhouse.com\/hu\/wp-json\/wp\/v2\/types\/product"}],"replies":[{"embeddable":true,"href":"https:\/\/nembutalhouse.com\/hu\/wp-json\/wp\/v2\/comments?post=1104"}],"wp:featuredmedia":[{"embeddable":true,"href":"https:\/\/nembutalhouse.com\/hu\/wp-json\/wp\/v2\/media\/1608"}],"wp:attachment":[{"href":"https:\/\/nembutalhouse.com\/hu\/wp-json\/wp\/v2\/media?parent=1104"}],"wp:term":[{"taxonomy":"product_cat","embeddable":true,"href":"https:\/\/nembutalhouse.com\/hu\/wp-json\/wp\/v2\/product_cat?post=1104"},{"taxonomy":"product_tag","embeddable":true,"href":"https:\/\/nembutalhouse.com\/hu\/wp-json\/wp\/v2\/product_tag?post=1104"}],"curies":[{"name":"wp","href":"https:\/\/api.w.org\/{rel}","templated":true}]}}