{"id":1103,"date":"2024-10-16T11:47:46","date_gmt":"2024-10-16T11:47:46","guid":{"rendered":"https:\/\/nembutalhouse.com\/?post_type=product&#038;p=1103"},"modified":"2026-03-06T07:34:41","modified_gmt":"2026-03-06T07:34:41","slug":"buy-4mmc-online","status":"publish","type":"product","link":"https:\/\/nembutalhouse.com\/hu\/termek\/vasarolni-4mmc-online\/","title":{"rendered":"Buy 4mmc Online"},"content":{"rendered":"<h2>Buy 4mmc Online<\/h2>\n<p>Megb\u00edzhat\u00f3 helyet keres, ahol 2-MMC hidrokloridot szerezhet be tanulm\u00e1nyaihoz? \u00d6nnek csak a NembutalHouse-t kell megn\u00e9znie! \u00d6r\u00f6mmel ny\u00fajtunk \u00d6nnek egy SEO blogbejegyz\u00e9st, amely felv\u00e1zolja a sok okot, ami\u00e9rt a Fresh Chems-t haszn\u00e1lja a 2-MMC hidroklorid sz\u00e1ll\u00edt\u00f3jak\u00e9nt. Mi vagyunk a b\u00fcszke tulajdonosai <a href=\"https:\/\/nembutalhouse.com\/hu\/\">NembutalHouse<\/a>. Olvasson tov\u00e1bb, hogy megismerje k\u00edn\u00e1latunk kiemelked\u0151 jellemz\u0151it \u00e9s a nemzetk\u00f6zi sz\u00e1ll\u00edt\u00e1s ir\u00e1nti elk\u00f6telezetts\u00e9g\u00fcnket.<\/p>\n<p>Kiv\u00e1l\u00f3 term\u00e9kmin\u0151s\u00e9g: A NembutalHouse-n\u00e1l nagy hangs\u00falyt fektet\u00fcnk kutat\u00e1si vegyszereink kaliber\u00e9re, hogy kiel\u00e9g\u00edts\u00fck a tud\u00f3sok \u00e9s kutat\u00f3k szigor\u00fa k\u00f6vetelm\u00e9nyeit. A tisztas\u00e1g, hiteless\u00e9g \u00e9s k\u00f6vetkezetess\u00e9g garant\u00e1l\u00e1sa \u00e9rdek\u00e9ben a 2-MMC-hidrokloridot megb\u00edzhat\u00f3 besz\u00e1ll\u00edt\u00f3kt\u00f3l sz\u00e1ll\u00edtjuk, \u00e9s szigor\u00fa min\u0151s\u00e9gellen\u0151rz\u00e9si elj\u00e1r\u00e1sokon megy kereszt\u00fcl. Biztos lehet benne, hogy a NembutalHouse kiv\u00e1l\u00f3 min\u0151s\u00e9g\u0171 term\u00e9ket biztos\u00edt \u00d6nnek tudom\u00e1nyos kutat\u00e1saihoz.<\/p>\n<h3>Kutat\u00e1si vegyi anyagok sz\u00e9les v\u00e1laszt\u00e9ka:<\/h3>\n<p>A tudom\u00e1nyos k\u00f6z\u00f6ss\u00e9g sz\u00e9les k\u00f6r\u0171 ig\u00e9nyeinek kiel\u00e9g\u00edt\u00e9se \u00e9rdek\u00e9ben a NembutalHouse b\u00fcszke arra, hogy a kutat\u00e1si vegyszerek sz\u00e9les v\u00e1laszt\u00e9k\u00e1t k\u00edn\u00e1lja. Web\u00e1ruh\u00e1zunk a 4-MMC-hidroklorid mellett tov\u00e1bbi kiv\u00e1l\u00f3 min\u0151s\u00e9g\u0171 kutat\u00e1si vegyszerek sz\u00e9les v\u00e1laszt\u00e9k\u00e1t k\u00edn\u00e1lja. C\u00e9lunk az, hogy az \u00d6n sz\u00e1m\u00e1ra a legmegfelel\u0151bb forr\u00e1ss\u00e1 v\u00e1ljunk minden kutat\u00e1si vegyszerig\u00e9nyt illet\u0151en.<\/p>\n<h3>Nemzetk\u00f6zi sz\u00e1ll\u00edt\u00e1s:<\/h3>\n<p>A NembutalHouse gondoskodik arr\u00f3l, hogy kiv\u00e1l\u00f3 term\u00e9keinket b\u00e1rhonnan beszerezze. Megb\u00edzhat\u00f3 nemzetk\u00f6zi sz\u00e1ll\u00edt\u00e1si szolg\u00e1ltat\u00e1sokat ny\u00fajtunk, amelyek a <a href=\"https:\/\/nembutalhouse.com\/hu\/termek\/vasarolni-4mmc-online\/\">4-MMC<\/a> Hidroklorid \u00e9s m\u00e1s kutat\u00e1si vegyi anyagok k\u00f6zvetlen\u00fcl az \u00d6n ajtaj\u00e1ig. Megrendel\u00e9sei azonnal \u00e9s biztons\u00e1gosan meg\u00e9rkeznek diszkr\u00e9t, biztons\u00e1gos \u00e9s hat\u00e9kony sz\u00e1ll\u00edt\u00e1si megk\u00f6zel\u00edt\u00e9s\u00fcnknek k\u00f6sz\u00f6nhet\u0151en. Mivel a mi vil\u00e1gm\u00e9ret\u0171 el\u00e9rhet\u0151s\u00e9g\u00fcnk, a tud\u00f3sok minden<\/p>\n<p>nyerhet pr\u00e9mium kutat\u00e1si vegyszereink haszn\u00e1lat\u00e1b\u00f3l.<\/p>\n<h3>megb\u00edzhat\u00f3 \u00e9s megb\u00edzhat\u00f3 sz\u00e1ll\u00edt\u00f3<\/h3>\n<p>A NembutalHouse a kutat\u00e1si vegyi anyagok megb\u00edzhat\u00f3 \u00e9s megb\u00edzhat\u00f3 forr\u00e1sak\u00e9nt szil\u00e1rd\u00edtotta meg poz\u00edci\u00f3j\u00e1t. A NembutalHouse tulajdonosak\u00e9nt m\u00e1r \u00e9vek \u00f3ta ny\u00fajtunk szolg\u00e1ltat\u00e1sokat a tudom\u00e1nyos k\u00f6z\u00f6ss\u00e9gnek, ki\u00e9rdemelve \u00fcgyfeleink tisztelet\u00e9t \u00e9s h\u0171s\u00e9g\u00e9t. A kiemelked\u0151 \u00fcgyf\u00e9lszolg\u00e1lat, a kiv\u00e1l\u00f3 min\u0151s\u00e9g\u0171 term\u00e9kek \u00e9s a pontos sz\u00e1ll\u00edt\u00e1s ir\u00e1nti elk\u00f6telezetts\u00e9g\u00fcnk a tud\u00f3sok vezet\u0151 glob\u00e1lis forr\u00e1s\u00e1v\u00e1 tett minket. B\u00edzhat szakmais\u00e1gunkban \u00e9s a tudom\u00e1nyos t\u00f6rekv\u00e9sek ir\u00e1nti elk\u00f6telezetts\u00e9g\u00fcnkben, ha a NembutalHouse-szal dolgozik.<\/p>\n<h3>Versenyk\u00e9pes \u00e1rak:<\/h3>\n<p>Tiszt\u00e1ban vagyunk azzal, hogy a kutat\u00f3k sz\u00e1m\u00e1ra mennyire fontos a megfizethet\u0151s\u00e9g. Megfizethet\u0151 \u00e1rainkkal a NembutalHouse garant\u00e1lja, hogy \u00fcgyfeleink a legt\u00f6bbet hozz\u00e1k ki a befektet\u00e9s\u00fckb\u0151l. Amellett, hogy pr\u00e9mium min\u0151s\u00e9g\u0171 <a href=\"https:\/\/en.wikipedia.org\/wiki\/Mephedrone\">4-MMC<\/a> Hidroklorid \u00e9s m\u00e1s kutat\u00e1si vegyi anyagok, kem\u00e9nyen dolgozunk, hogy fenntartsuk<\/p>\n<p>A k\u00f6lts\u00e9geink \u00e9sszer\u0171ek, \u00edgy a tud\u00f3sok a p\u00e9nz miatt val\u00f3 agg\u00f3d\u00e1s n\u00e9lk\u00fcl folytathatj\u00e1k tanulm\u00e1nyaikat. A NembutalHouse-t\u00f3l pr\u00e9mium kutat\u00e1si vegyszereket v\u00e1s\u00e1rolhat an\u00e9lk\u00fcl, hogy t\u00fall\u00e9pn\u00e9 a k\u00f6lts\u00e9gvet\u00e9s\u00e9t.<\/p>\n<h3>Elk\u00f6telezett \u00fcgyf\u00e9lszolg\u00e1lat:<\/h3>\n<p>A Fresh Chemsn\u00e9l az \u00fcgyfelek ig\u00e9nyei a legfontosabbak. Ha b\u00e1rmilyen k\u00e9rd\u00e9se, probl\u00e9m\u00e1ja vagy tan\u00e1csa van a 4-MMC hidrokloriddal vagy b\u00e1rmely m\u00e1s kutat\u00e1si vegyi anyaggal kapcsolatban, elk\u00f6telezett \u00fcgyf\u00e9lszolg\u00e1lati csapatunk itt van, hogy seg\u00edtsen. \u00cdg\u00e9rj\u00fck, hogy id\u0151ben, szem\u00e9lyre szabott \u00fcgyf\u00e9lszolg\u00e1latot ny\u00fajtunk.<\/p>\n<p>szolg\u00e1ltat\u00e1s, garant\u00e1lva minden \u00fcgyf\u00e9l sz\u00e1m\u00e1ra a z\u00f6kken\u0151mentes \u00e9s kiel\u00e9g\u00edt\u0151 tal\u00e1lkoz\u00e1st. Legf\u0151bb c\u00e9lunk, hogy \u00d6n el\u00e9gedett legyen.<\/p>\n<h3>\u00d6sszefoglalva:<\/h3>\n<p>A NembutalHouse megb\u00edzhat\u00f3 forr\u00e1sa a 4-MMC-hidrokloridnak \u00e9s m\u00e1s kutat\u00e1si vegyi anyagoknak, amelyeket online v\u00e1s\u00e1rolhat. A term\u00e9k kiv\u00e1l\u00f3s\u00e1g ir\u00e1nti rend\u00edthetetlen elk\u00f6telezetts\u00e9g\u00fcnkkel, a kutat\u00e1si vegyi anyagok nagy v\u00e1laszt\u00e9k\u00e1val, nemzetk\u00f6zi sz\u00e1ll\u00edt\u00e1si szolg\u00e1ltat\u00e1sainkkal \u00e9s megb\u00edzhat\u00f3<\/p>\n<p>Kiv\u00e1l\u00f3 h\u00edrnev\u00fcnkkel, megfizethet\u0151 \u00e1rainkkal \u00e9s elk\u00f6telezett \u00fcgyf\u00e9lszolg\u00e1latunkkal az a c\u00e9lunk, hogy megfelelj\u00fcnk \u00e9s fel\u00fclm\u00faljuk az \u00d6n elv\u00e1r\u00e1sait. Rendeljen most a NembutalHouse-t\u00f3l, hogy tudom\u00e1nyos vizsg\u00e1lat\u00e1nak teljes potenci\u00e1lj\u00e1t kiakn\u00e1zhassa.<\/p>\n<p>&nbsp;<\/p>\n<p>&nbsp;<\/p>","protected":false},"excerpt":{"rendered":"<p>Buy 4mmc Online Are you trying to find a trustworthy place to get 2-MMC Hydrochloride for your studies? You only need to check out NembutalHouse! We are thrilled to provide&hellip;<\/p>","protected":false},"featured_media":1506,"comment_status":"closed","ping_status":"closed","template":"","meta":{"_joinchat":[]},"product_cat":[186],"product_tag":[902,907,925,927,913,914,917,923,924,922,903,921,910,900,901,912,926,919,916,909,905,906,928,920,918,915,908,911,904],"class_list":{"0":"post-1103","1":"product","2":"type-product","3":"status-publish","4":"has-post-thumbnail","6":"product_cat-research-chemicals","7":"product_tag-4mmc-for-sale","8":"product_tag-4mmc-powder","9":"product_tag-4mmc-powder-for-cleaning","10":"product_tag-4mmc-powder-for-sale","11":"product_tag-4mmc-powder-online","12":"product_tag-4mmc-powder-price","13":"product_tag-4mmc-powder-store","14":"product_tag-4mmc-powder-use","15":"product_tag-4mmc-powder-wiki","16":"product_tag-4mmc-powder-worldwide","17":"product_tag-4mmc-supplier","18":"product_tag-best-cheap-price-4mmc-powder","19":"product_tag-best-place-to-buy-4mmc-powder","20":"product_tag-buy-4mmc","21":"product_tag-buy-4mmc-online","22":"product_tag-buy-4mmc-powder-legally","23":"product_tag-buy-4mmc-powder-online","24":"product_tag-cheap-4mmc-powders","25":"product_tag-high-quality-4mmc-powder","26":"product_tag-how-to-buy-4mmc-powder","27":"product_tag-order-4mmc","28":"product_tag-order-4mmc-online","29":"product_tag-order-4mmc-powder","30":"product_tag-purcharse-4mmc-powder-powder","31":"product_tag-shop-4mmc-powder","32":"product_tag-top-quality-4mmc-powder","33":"product_tag-where-to-buy-4mmc-powder","34":"product_tag-where-to-order-4mmc-powder","35":"product_tag-wholesale-4mmc-bulk-online","37":"first","38":"instock","39":"shipping-taxable","40":"purchasable","41":"product-type-variable"},"yoast_head":"<!-- This site is optimized with the Yoast SEO plugin v24.1 - https:\/\/yoast.com\/wordpress\/plugins\/seo\/ -->\n<title>Buy 4MMC Online - 4MMC for Sale - Order 4MMC Online<\/title>\n<meta name=\"description\" content=\"If you want to buy 4mmc online and looking for a reliable online store, then buy here. We offer only high-quality 4mmc for sale at an affordable price. Order 4mmcNow!\" \/>\n<meta name=\"robots\" content=\"index, follow, max-snippet:-1, max-image-preview:large, max-video-preview:-1\" \/>\n<link rel=\"canonical\" href=\"https:\/\/nembutalhouse.com\/hu\/termek\/vasarolni-4mmc-online\/\" \/>\n<meta property=\"og:locale\" content=\"hu_HU\" \/>\n<meta property=\"og:type\" content=\"article\" \/>\n<meta property=\"og:title\" content=\"Buy 4MMC Online - 4MMC for Sale - Order 4MMC Online\" \/>\n<meta property=\"og:description\" content=\"If you want to buy 4mmc online and looking for a reliable online store, then buy here. We offer only high-quality 4mmc for sale at an affordable price. Order 4mmcNow!\" \/>\n<meta property=\"og:url\" content=\"https:\/\/nembutalhouse.com\/hu\/termek\/vasarolni-4mmc-online\/\" \/>\n<meta property=\"og:site_name\" content=\"Nembutal House\" \/>\n<meta property=\"article:modified_time\" content=\"2026-03-06T07:34:41+00:00\" \/>\n<meta property=\"og:image\" content=\"https:\/\/nembutalhouse.com\/wp-content\/uploads\/2024\/10\/4mmc.gif\" \/>\n\t<meta property=\"og:image:width\" content=\"600\" \/>\n\t<meta property=\"og:image:height\" content=\"600\" \/>\n\t<meta property=\"og:image:type\" content=\"image\/gif\" \/>\n<meta name=\"twitter:card\" content=\"summary_large_image\" \/>\n<meta name=\"twitter:label1\" content=\"Becs\u00fclt olvas\u00e1si id\u0151\" \/>\n\t<meta name=\"twitter:data1\" content=\"3 perc\" \/>\n<script type=\"application\/ld+json\" class=\"yoast-schema-graph\">{\"@context\":\"https:\/\/schema.org\",\"@graph\":[{\"@type\":\"WebPage\",\"@id\":\"https:\/\/nembutalhouse.com\/product\/buy-4mmc-online\/\",\"url\":\"https:\/\/nembutalhouse.com\/product\/buy-4mmc-online\/\",\"name\":\"Buy 4MMC Online - 4MMC for Sale - Order 4MMC Online\",\"isPartOf\":{\"@id\":\"https:\/\/nembutalhouse.com\/#website\"},\"primaryImageOfPage\":{\"@id\":\"https:\/\/nembutalhouse.com\/product\/buy-4mmc-online\/#primaryimage\"},\"image\":{\"@id\":\"https:\/\/nembutalhouse.com\/product\/buy-4mmc-online\/#primaryimage\"},\"thumbnailUrl\":\"https:\/\/nembutalhouse.com\/wp-content\/uploads\/2024\/10\/4mmc.gif\",\"datePublished\":\"2024-10-16T11:47:46+00:00\",\"dateModified\":\"2026-03-06T07:34:41+00:00\",\"description\":\"If you want to buy 4mmc online and looking for a reliable online store, then buy here. We offer only high-quality 4mmc for sale at an affordable price. Order 4mmcNow!\",\"breadcrumb\":{\"@id\":\"https:\/\/nembutalhouse.com\/product\/buy-4mmc-online\/#breadcrumb\"},\"inLanguage\":\"hu\",\"potentialAction\":[{\"@type\":\"ReadAction\",\"target\":[\"https:\/\/nembutalhouse.com\/product\/buy-4mmc-online\/\"]}]},{\"@type\":\"ImageObject\",\"inLanguage\":\"hu\",\"@id\":\"https:\/\/nembutalhouse.com\/product\/buy-4mmc-online\/#primaryimage\",\"url\":\"https:\/\/nembutalhouse.com\/wp-content\/uploads\/2024\/10\/4mmc.gif\",\"contentUrl\":\"https:\/\/nembutalhouse.com\/wp-content\/uploads\/2024\/10\/4mmc.gif\",\"width\":600,\"height\":600,\"caption\":\"Buy 4mmc Online\"},{\"@type\":\"BreadcrumbList\",\"@id\":\"https:\/\/nembutalhouse.com\/product\/buy-4mmc-online\/#breadcrumb\",\"itemListElement\":[{\"@type\":\"ListItem\",\"position\":1,\"name\":\"Home\",\"item\":\"https:\/\/nembutalhouse.com\/\"},{\"@type\":\"ListItem\",\"position\":2,\"name\":\"Shop\",\"item\":\"https:\/\/nembutalhouse.com\/shop\/\"},{\"@type\":\"ListItem\",\"position\":3,\"name\":\"Buy 4mmc Online\"}]},{\"@type\":\"WebSite\",\"@id\":\"https:\/\/nembutalhouse.com\/#website\",\"url\":\"https:\/\/nembutalhouse.com\/\",\"name\":\"Nembutal House\",\"description\":\"Best Nembutal Online Store\",\"publisher\":{\"@id\":\"https:\/\/nembutalhouse.com\/#organization\"},\"potentialAction\":[{\"@type\":\"SearchAction\",\"target\":{\"@type\":\"EntryPoint\",\"urlTemplate\":\"https:\/\/nembutalhouse.com\/?s={search_term_string}\"},\"query-input\":{\"@type\":\"PropertyValueSpecification\",\"valueRequired\":true,\"valueName\":\"search_term_string\"}}],\"inLanguage\":\"hu\"},{\"@type\":\"Organization\",\"@id\":\"https:\/\/nembutalhouse.com\/#organization\",\"name\":\"Nembutal House\",\"url\":\"https:\/\/nembutalhouse.com\/\",\"logo\":{\"@type\":\"ImageObject\",\"inLanguage\":\"hu\",\"@id\":\"https:\/\/nembutalhouse.com\/#\/schema\/logo\/image\/\",\"url\":\"https:\/\/nembutalhouse.com\/wp-content\/uploads\/2022\/12\/logo.png\",\"contentUrl\":\"https:\/\/nembutalhouse.com\/wp-content\/uploads\/2022\/12\/logo.png\",\"width\":344,\"height\":103,\"caption\":\"Nembutal House\"},\"image\":{\"@id\":\"https:\/\/nembutalhouse.com\/#\/schema\/logo\/image\/\"}}]}<\/script>\n<!-- \/ Yoast SEO plugin. -->","yoast_head_json":{"title":"Buy 4MMC Online - 4MMC for Sale - Order 4MMC Online","description":"If you want to buy 4mmc online and looking for a reliable online store, then buy here. We offer only high-quality 4mmc for sale at an affordable price. Order 4mmcNow!","robots":{"index":"index","follow":"follow","max-snippet":"max-snippet:-1","max-image-preview":"max-image-preview:large","max-video-preview":"max-video-preview:-1"},"canonical":"https:\/\/nembutalhouse.com\/hu\/termek\/vasarolni-4mmc-online\/","og_locale":"hu_HU","og_type":"article","og_title":"Buy 4MMC Online - 4MMC for Sale - Order 4MMC Online","og_description":"If you want to buy 4mmc online and looking for a reliable online store, then buy here. We offer only high-quality 4mmc for sale at an affordable price. Order 4mmcNow!","og_url":"https:\/\/nembutalhouse.com\/hu\/termek\/vasarolni-4mmc-online\/","og_site_name":"Nembutal House","article_modified_time":"2026-03-06T07:34:41+00:00","og_image":[{"width":600,"height":600,"url":"https:\/\/nembutalhouse.com\/wp-content\/uploads\/2024\/10\/4mmc.gif","type":"image\/gif"}],"twitter_card":"summary_large_image","twitter_misc":{"Becs\u00fclt olvas\u00e1si id\u0151":"3 perc"},"schema":{"@context":"https:\/\/schema.org","@graph":[{"@type":"WebPage","@id":"https:\/\/nembutalhouse.com\/product\/buy-4mmc-online\/","url":"https:\/\/nembutalhouse.com\/product\/buy-4mmc-online\/","name":"Buy 4MMC Online - 4MMC for Sale - Order 4MMC Online","isPartOf":{"@id":"https:\/\/nembutalhouse.com\/#website"},"primaryImageOfPage":{"@id":"https:\/\/nembutalhouse.com\/product\/buy-4mmc-online\/#primaryimage"},"image":{"@id":"https:\/\/nembutalhouse.com\/product\/buy-4mmc-online\/#primaryimage"},"thumbnailUrl":"https:\/\/nembutalhouse.com\/wp-content\/uploads\/2024\/10\/4mmc.gif","datePublished":"2024-10-16T11:47:46+00:00","dateModified":"2026-03-06T07:34:41+00:00","description":"If you want to buy 4mmc online and looking for a reliable online store, then buy here. We offer only high-quality 4mmc for sale at an affordable price. Order 4mmcNow!","breadcrumb":{"@id":"https:\/\/nembutalhouse.com\/product\/buy-4mmc-online\/#breadcrumb"},"inLanguage":"hu","potentialAction":[{"@type":"ReadAction","target":["https:\/\/nembutalhouse.com\/product\/buy-4mmc-online\/"]}]},{"@type":"ImageObject","inLanguage":"hu","@id":"https:\/\/nembutalhouse.com\/product\/buy-4mmc-online\/#primaryimage","url":"https:\/\/nembutalhouse.com\/wp-content\/uploads\/2024\/10\/4mmc.gif","contentUrl":"https:\/\/nembutalhouse.com\/wp-content\/uploads\/2024\/10\/4mmc.gif","width":600,"height":600,"caption":"Buy 4mmc Online"},{"@type":"BreadcrumbList","@id":"https:\/\/nembutalhouse.com\/product\/buy-4mmc-online\/#breadcrumb","itemListElement":[{"@type":"ListItem","position":1,"name":"Home","item":"https:\/\/nembutalhouse.com\/"},{"@type":"ListItem","position":2,"name":"Shop","item":"https:\/\/nembutalhouse.com\/shop\/"},{"@type":"ListItem","position":3,"name":"Buy 4mmc Online"}]},{"@type":"WebSite","@id":"https:\/\/nembutalhouse.com\/#website","url":"https:\/\/nembutalhouse.com\/","name":"Nembutal House","description":"Best Nembutal Online Store","publisher":{"@id":"https:\/\/nembutalhouse.com\/#organization"},"potentialAction":[{"@type":"SearchAction","target":{"@type":"EntryPoint","urlTemplate":"https:\/\/nembutalhouse.com\/?s={search_term_string}"},"query-input":{"@type":"PropertyValueSpecification","valueRequired":true,"valueName":"search_term_string"}}],"inLanguage":"hu"},{"@type":"Organization","@id":"https:\/\/nembutalhouse.com\/#organization","name":"Nembutal House","url":"https:\/\/nembutalhouse.com\/","logo":{"@type":"ImageObject","inLanguage":"hu","@id":"https:\/\/nembutalhouse.com\/#\/schema\/logo\/image\/","url":"https:\/\/nembutalhouse.com\/wp-content\/uploads\/2022\/12\/logo.png","contentUrl":"https:\/\/nembutalhouse.com\/wp-content\/uploads\/2022\/12\/logo.png","width":344,"height":103,"caption":"Nembutal House"},"image":{"@id":"https:\/\/nembutalhouse.com\/#\/schema\/logo\/image\/"}}]}},"_links":{"self":[{"href":"https:\/\/nembutalhouse.com\/hu\/wp-json\/wp\/v2\/product\/1103","targetHints":{"allow":["GET"]}}],"collection":[{"href":"https:\/\/nembutalhouse.com\/hu\/wp-json\/wp\/v2\/product"}],"about":[{"href":"https:\/\/nembutalhouse.com\/hu\/wp-json\/wp\/v2\/types\/product"}],"replies":[{"embeddable":true,"href":"https:\/\/nembutalhouse.com\/hu\/wp-json\/wp\/v2\/comments?post=1103"}],"wp:featuredmedia":[{"embeddable":true,"href":"https:\/\/nembutalhouse.com\/hu\/wp-json\/wp\/v2\/media\/1506"}],"wp:attachment":[{"href":"https:\/\/nembutalhouse.com\/hu\/wp-json\/wp\/v2\/media?parent=1103"}],"wp:term":[{"taxonomy":"product_cat","embeddable":true,"href":"https:\/\/nembutalhouse.com\/hu\/wp-json\/wp\/v2\/product_cat?post=1103"},{"taxonomy":"product_tag","embeddable":true,"href":"https:\/\/nembutalhouse.com\/hu\/wp-json\/wp\/v2\/product_tag?post=1103"}],"curies":[{"name":"wp","href":"https:\/\/api.w.org\/{rel}","templated":true}]}}