{"id":1047,"date":"2024-10-16T11:47:23","date_gmt":"2024-10-16T11:47:23","guid":{"rendered":"https:\/\/nembutalhouse.com\/?post_type=product&#038;p=1047"},"modified":"2026-03-06T08:54:36","modified_gmt":"2026-03-06T08:54:36","slug":"buy-fentanyl-online","status":"publish","type":"product","link":"https:\/\/nembutalhouse.com\/hu\/termek\/buy-fentanyl-online\/","title":{"rendered":"Buy Fentanyl Online"},"content":{"rendered":"<h2>FETHANYL POR online megv\u00e1s\u00e1rl\u00e1sa<\/h2>\n<p><a href=\"https:\/\/nembutalhouse.com\/hu\/termek\/buy-fentanyl-online\/\">Fentanil por<\/a>, amelyet n\u00e9ha fentanil n\u00e9ven is emlegetnek, egy er\u0151s szintetikus opioid f\u00e1jdalomcsillap\u00edt\u00f3, amely gyorsan hat. A \u03bc-opioid receptorokon jelent\u0151s agonista tulajdons\u00e1gokkal rendelkezik. \u00dagy gondolj\u00e1k, hogy a fentanil 50-100-szor er\u0151sebb, mint a morfium.<br \/>\nPaul Janssen 1960-ban hozta l\u00e9tre el\u0151sz\u00f6r a fentanilport, n\u00e9h\u00e1ny \u00e9vvel azut\u00e1n, hogy a pethidint (m\u00e1s n\u00e9ven meperidin, Demerol n\u00e9ven \u00e1rult\u00e1k) el\u0151sz\u00f6r haszn\u00e1lt\u00e1k az orvostudom\u00e1nyban. A szerkezetileg hasonl\u00f3 szerkezet\u0171 gy\u00f3gyszer, a petidin opioidhat\u00e1s szempontj\u00e1b\u00f3l anal\u00f3gjainak tesztel\u00e9s\u00e9vel Janssen l\u00e9trehozta a fentanilt. A fentanil-citr\u00e1tot, amelyet a fentanil \u00e9s a citromsav 1:1 szt\u00f6chiometri\u00e1ban t\u00f6rt\u00e9n\u0151 kever\u00e9s\u00e9vel \u00e1ll\u00edtanak el\u0151, a gy\u00f3gyszer sz\u00e9les k\u00f6r\u0171 felhaszn\u00e1l\u00e1sa sor\u00e1n el\u0151sz\u00f6r az orvostudom\u00e1nyban haszn\u00e1lt\u00e1k \u00e1ltal\u00e1nos \u00e9rz\u00e9stelen\u00edt\u0151k\u00e9nt Sublimaze m\u00e1rkan\u00e9v alatt. <a href=\"https:\/\/nembutalhouse.com\/hu\/\">NembutalHouse<\/a><\/p>\n<p>az 1960-as \u00e9vekben. Ezt k\u00f6vet\u0151en sz\u00e1mos m\u00e1s fentanil anal\u00f3got, p\u00e9ld\u00e1ul szufentanilt, alfentanilt, remifentanilt \u00e9s lofentanilt hoztak l\u00e9tre \u00e9s haszn\u00e1ltak az orvostudom\u00e1nyban.<\/p>\n<p>Por\u00edtott fentanil A fentanil tapasz el\u0151sz\u00f6r az 1990-es \u00e9vek k\u00f6zep\u00e9n v\u00e1lt el\u00e9rhet\u0151v\u00e9 palliat\u00edv haszn\u00e1latra. A k\u00f6vetkez\u0151 t\u00edz \u00e9v sor\u00e1n a fentanil m\u00e1s form\u00e1i is megjelentek, k\u00f6zt\u00fck a nyal\u00f3ka, a felold\u00f3d\u00f3 tabletta \u00e9s a szublingv\u00e1lis spray, amely a b\u0151r\u00f6n kereszt\u00fcl a sz\u00e1jban felsz\u00edv\u00f3dik. 2012-ben a leggyakrabban haszn\u00e1lt szintetikus opioid a gy\u00f3gy\u00e1szatban a fentanil volt. 2013-ban 1700 kg-ot haszn\u00e1ltak fel vil\u00e1gszerte.<\/p>\n<p>A szabadid\u0151s felhaszn\u00e1l\u00f3k <a href=\"https:\/\/en.wikipedia.org\/wiki\/Fentanyl\">fentanil<\/a> az ut\u00f3bbi \u00e9vekben \u00e9vente t\u00f6bb ezer t\u00faladagol\u00e1sos hal\u00e1leset\u00e9rt is felel\u0151sek. A nem megfelel\u0151 orvosi haszn\u00e1lat szint\u00e9n hal\u00e1los \u00e1ldozatokhoz vezetett. A fentanil szokatlanul sz\u00e9les ter\u00e1pi\u00e1s indexe miatt k\u00fcl\u00f6n\u00f6sen biztons\u00e1gos gy\u00f3gyszer (270).<\/p>\n<p>seb\u00e9szeti \u00e9rz\u00e9stelen\u00edt\u0151, ha szoros megfigyel\u00e9s mellett alkalmazz\u00e1k; azonban rendk\u00edv\u00fcli hat\u00e9konys\u00e1ga miatt az oldatban l\u00e9v\u0151, er\u0151sen h\u00edg\u00edtott fentanil m\u00e9r\u00e9seit \u00f3vatosan kell elv\u00e9gezni. A tiszta fentanilpor adagj\u00e1nak pontos m\u00e9r\u00e9se kifinomult tudom\u00e1nyos berendez\u00e9sek n\u00e9lk\u00fcl nem kivitelezhet\u0151, mivel neh\u00e9z vagy lehetetlen lenne megk\u00fcl\u00f6nb\u00f6ztetni a hat\u00f3anyag hat\u00e9kony \u00e9s hal\u00e1los d\u00f3zis\u00e1t, ha egym\u00e1s mell\u00e9 helyezn\u00e9nk \u0151ket.<\/p>\n<p>Fentanyl port, tapaszokat, folyad\u00e9kot \u00e9s tablett\u00e1kat k\u00edn\u00e1lunk online v\u00e1s\u00e1rl\u00e1sra.<\/p>\n<p>&nbsp;<\/p>\n<p>&nbsp;<\/p>","protected":false},"excerpt":{"rendered":"<p>Buy FETHANYL POWDER Online Fentanyl Powder, sometimes referred to as fentanil, is a strong synthetic opioid pain reliever that acts quickly. At \u03bc-opioid receptors, it has substantial agonist properties. It&hellip;<\/p>","protected":false},"featured_media":1607,"comment_status":"open","ping_status":"closed","template":"","meta":{"_joinchat":[]},"product_cat":[186],"product_tag":[804,793,783,795,810,784,802,790,809,797,800,806,808,811,796,807,805,786,785,799,792,788,789,812,803,801,798,791,794,787],"class_list":{"0":"post-1047","1":"product","2":"type-product","3":"status-publish","4":"has-post-thumbnail","6":"product_cat-research-chemicals","7":"product_tag-best-cheap-price-fentanyl-powder","8":"product_tag-best-place-to-buy-fentanyl-powder","9":"product_tag-buy-fentanyl","10":"product_tag-buy-fentanyl-powder-legally","11":"product_tag-buy-fentanyl-powderonline","12":"product_tag-buy-fentanylonline","13":"product_tag-cheap-fentanyl-powders","14":"product_tag-fentanyl-powder","15":"product_tag-fentanyl-powder-powder","16":"product_tag-fentanyl-powder-price","17":"product_tag-fentanyl-powder-store","18":"product_tag-fentanyl-powder-use","19":"product_tag-fentanyl-powderfor-cleaning","20":"product_tag-fentanyl-powderfor-sale","21":"product_tag-fentanyl-powderpowder-online","22":"product_tag-fentanyl-powderwiki","23":"product_tag-fentanyl-powderworldwide","24":"product_tag-fentanyl-supplier","25":"product_tag-fentanylfor-sale","26":"product_tag-high-quality-fentanyl-powder","27":"product_tag-how-to-buy-fentanyl-powder","28":"product_tag-order-fentanyl","29":"product_tag-order-fentanyl-online","30":"product_tag-order-fentanyl-powder","31":"product_tag-purcharse-fentanyl-powder-powder","32":"product_tag-shop-fentanyl-powder","33":"product_tag-top-quality-fentanyl-powder","34":"product_tag-where-to-buy-fentanyl-powder","35":"product_tag-where-to-order-fentanyl-powder","36":"product_tag-wholesale-fentanyl-bulk-online","38":"first","39":"instock","40":"shipping-taxable","41":"purchasable","42":"product-type-variable"},"yoast_head":"<!-- This site is optimized with the Yoast SEO plugin v24.1 - https:\/\/yoast.com\/wordpress\/plugins\/seo\/ -->\n<title>Buy Fentanyl Online - Fentanyl for Sale - Order Fentanyl Online<\/title>\n<meta name=\"description\" content=\"Where to buy fentanyl online at the best price? Find high-quality fentanyl for sale at our secure online store, catering to your research requirements. Order Now!\" \/>\n<meta name=\"robots\" content=\"index, follow, max-snippet:-1, max-image-preview:large, max-video-preview:-1\" \/>\n<link rel=\"canonical\" href=\"https:\/\/nembutalhouse.com\/hu\/termek\/buy-fentanyl-online\/\" \/>\n<meta property=\"og:locale\" content=\"hu_HU\" \/>\n<meta property=\"og:type\" content=\"article\" \/>\n<meta property=\"og:title\" content=\"Buy Fentanyl Online - Fentanyl for Sale - Order Fentanyl Online\" \/>\n<meta property=\"og:description\" content=\"Where to buy fentanyl online at the best price? Find high-quality fentanyl for sale at our secure online store, catering to your research requirements. Order Now!\" \/>\n<meta property=\"og:url\" content=\"https:\/\/nembutalhouse.com\/hu\/termek\/buy-fentanyl-online\/\" \/>\n<meta property=\"og:site_name\" content=\"Nembutal House\" \/>\n<meta property=\"article:modified_time\" content=\"2026-03-06T08:54:36+00:00\" \/>\n<meta property=\"og:image\" content=\"https:\/\/nembutalhouse.com\/wp-content\/uploads\/2024\/10\/Fentanyl.gif\" \/>\n\t<meta property=\"og:image:width\" content=\"600\" \/>\n\t<meta property=\"og:image:height\" content=\"600\" \/>\n\t<meta property=\"og:image:type\" content=\"image\/gif\" \/>\n<meta name=\"twitter:card\" content=\"summary_large_image\" \/>\n<meta name=\"twitter:label1\" content=\"Becs\u00fclt olvas\u00e1si id\u0151\" \/>\n\t<meta name=\"twitter:data1\" content=\"2 perc\" \/>\n<script type=\"application\/ld+json\" class=\"yoast-schema-graph\">{\"@context\":\"https:\/\/schema.org\",\"@graph\":[{\"@type\":\"WebPage\",\"@id\":\"https:\/\/nembutalhouse.com\/product\/buy-fentanyl-online\/\",\"url\":\"https:\/\/nembutalhouse.com\/product\/buy-fentanyl-online\/\",\"name\":\"Buy Fentanyl Online - Fentanyl for Sale - Order Fentanyl Online\",\"isPartOf\":{\"@id\":\"https:\/\/nembutalhouse.com\/#website\"},\"primaryImageOfPage\":{\"@id\":\"https:\/\/nembutalhouse.com\/product\/buy-fentanyl-online\/#primaryimage\"},\"image\":{\"@id\":\"https:\/\/nembutalhouse.com\/product\/buy-fentanyl-online\/#primaryimage\"},\"thumbnailUrl\":\"https:\/\/nembutalhouse.com\/wp-content\/uploads\/2024\/10\/Fentanyl.gif\",\"datePublished\":\"2024-10-16T11:47:23+00:00\",\"dateModified\":\"2026-03-06T08:54:36+00:00\",\"description\":\"Where to buy fentanyl online at the best price? Find high-quality fentanyl for sale at our secure online store, catering to your research requirements. Order Now!\",\"breadcrumb\":{\"@id\":\"https:\/\/nembutalhouse.com\/product\/buy-fentanyl-online\/#breadcrumb\"},\"inLanguage\":\"hu\",\"potentialAction\":[{\"@type\":\"ReadAction\",\"target\":[\"https:\/\/nembutalhouse.com\/product\/buy-fentanyl-online\/\"]}]},{\"@type\":\"ImageObject\",\"inLanguage\":\"hu\",\"@id\":\"https:\/\/nembutalhouse.com\/product\/buy-fentanyl-online\/#primaryimage\",\"url\":\"https:\/\/nembutalhouse.com\/wp-content\/uploads\/2024\/10\/Fentanyl.gif\",\"contentUrl\":\"https:\/\/nembutalhouse.com\/wp-content\/uploads\/2024\/10\/Fentanyl.gif\",\"width\":600,\"height\":600,\"caption\":\"Buy Fentanyl Online\"},{\"@type\":\"BreadcrumbList\",\"@id\":\"https:\/\/nembutalhouse.com\/product\/buy-fentanyl-online\/#breadcrumb\",\"itemListElement\":[{\"@type\":\"ListItem\",\"position\":1,\"name\":\"Home\",\"item\":\"https:\/\/nembutalhouse.com\/\"},{\"@type\":\"ListItem\",\"position\":2,\"name\":\"Shop\",\"item\":\"https:\/\/nembutalhouse.com\/shop\/\"},{\"@type\":\"ListItem\",\"position\":3,\"name\":\"Buy Fentanyl Online\"}]},{\"@type\":\"WebSite\",\"@id\":\"https:\/\/nembutalhouse.com\/#website\",\"url\":\"https:\/\/nembutalhouse.com\/\",\"name\":\"Nembutal House\",\"description\":\"Best Nembutal Online Store\",\"publisher\":{\"@id\":\"https:\/\/nembutalhouse.com\/#organization\"},\"potentialAction\":[{\"@type\":\"SearchAction\",\"target\":{\"@type\":\"EntryPoint\",\"urlTemplate\":\"https:\/\/nembutalhouse.com\/?s={search_term_string}\"},\"query-input\":{\"@type\":\"PropertyValueSpecification\",\"valueRequired\":true,\"valueName\":\"search_term_string\"}}],\"inLanguage\":\"hu\"},{\"@type\":\"Organization\",\"@id\":\"https:\/\/nembutalhouse.com\/#organization\",\"name\":\"Nembutal House\",\"url\":\"https:\/\/nembutalhouse.com\/\",\"logo\":{\"@type\":\"ImageObject\",\"inLanguage\":\"hu\",\"@id\":\"https:\/\/nembutalhouse.com\/#\/schema\/logo\/image\/\",\"url\":\"https:\/\/nembutalhouse.com\/wp-content\/uploads\/2022\/12\/logo.png\",\"contentUrl\":\"https:\/\/nembutalhouse.com\/wp-content\/uploads\/2022\/12\/logo.png\",\"width\":344,\"height\":103,\"caption\":\"Nembutal House\"},\"image\":{\"@id\":\"https:\/\/nembutalhouse.com\/#\/schema\/logo\/image\/\"}}]}<\/script>\n<!-- \/ Yoast SEO plugin. -->","yoast_head_json":{"title":"Buy Fentanyl Online - Fentanyl for Sale - Order Fentanyl Online","description":"Where to buy fentanyl online at the best price? Find high-quality fentanyl for sale at our secure online store, catering to your research requirements. Order Now!","robots":{"index":"index","follow":"follow","max-snippet":"max-snippet:-1","max-image-preview":"max-image-preview:large","max-video-preview":"max-video-preview:-1"},"canonical":"https:\/\/nembutalhouse.com\/hu\/termek\/buy-fentanyl-online\/","og_locale":"hu_HU","og_type":"article","og_title":"Buy Fentanyl Online - Fentanyl for Sale - Order Fentanyl Online","og_description":"Where to buy fentanyl online at the best price? Find high-quality fentanyl for sale at our secure online store, catering to your research requirements. Order Now!","og_url":"https:\/\/nembutalhouse.com\/hu\/termek\/buy-fentanyl-online\/","og_site_name":"Nembutal House","article_modified_time":"2026-03-06T08:54:36+00:00","og_image":[{"width":600,"height":600,"url":"https:\/\/nembutalhouse.com\/wp-content\/uploads\/2024\/10\/Fentanyl.gif","type":"image\/gif"}],"twitter_card":"summary_large_image","twitter_misc":{"Becs\u00fclt olvas\u00e1si id\u0151":"2 perc"},"schema":{"@context":"https:\/\/schema.org","@graph":[{"@type":"WebPage","@id":"https:\/\/nembutalhouse.com\/product\/buy-fentanyl-online\/","url":"https:\/\/nembutalhouse.com\/product\/buy-fentanyl-online\/","name":"Buy Fentanyl Online - Fentanyl for Sale - Order Fentanyl Online","isPartOf":{"@id":"https:\/\/nembutalhouse.com\/#website"},"primaryImageOfPage":{"@id":"https:\/\/nembutalhouse.com\/product\/buy-fentanyl-online\/#primaryimage"},"image":{"@id":"https:\/\/nembutalhouse.com\/product\/buy-fentanyl-online\/#primaryimage"},"thumbnailUrl":"https:\/\/nembutalhouse.com\/wp-content\/uploads\/2024\/10\/Fentanyl.gif","datePublished":"2024-10-16T11:47:23+00:00","dateModified":"2026-03-06T08:54:36+00:00","description":"Where to buy fentanyl online at the best price? Find high-quality fentanyl for sale at our secure online store, catering to your research requirements. Order Now!","breadcrumb":{"@id":"https:\/\/nembutalhouse.com\/product\/buy-fentanyl-online\/#breadcrumb"},"inLanguage":"hu","potentialAction":[{"@type":"ReadAction","target":["https:\/\/nembutalhouse.com\/product\/buy-fentanyl-online\/"]}]},{"@type":"ImageObject","inLanguage":"hu","@id":"https:\/\/nembutalhouse.com\/product\/buy-fentanyl-online\/#primaryimage","url":"https:\/\/nembutalhouse.com\/wp-content\/uploads\/2024\/10\/Fentanyl.gif","contentUrl":"https:\/\/nembutalhouse.com\/wp-content\/uploads\/2024\/10\/Fentanyl.gif","width":600,"height":600,"caption":"Buy Fentanyl Online"},{"@type":"BreadcrumbList","@id":"https:\/\/nembutalhouse.com\/product\/buy-fentanyl-online\/#breadcrumb","itemListElement":[{"@type":"ListItem","position":1,"name":"Home","item":"https:\/\/nembutalhouse.com\/"},{"@type":"ListItem","position":2,"name":"Shop","item":"https:\/\/nembutalhouse.com\/shop\/"},{"@type":"ListItem","position":3,"name":"Buy Fentanyl Online"}]},{"@type":"WebSite","@id":"https:\/\/nembutalhouse.com\/#website","url":"https:\/\/nembutalhouse.com\/","name":"Nembutal House","description":"Best Nembutal Online Store","publisher":{"@id":"https:\/\/nembutalhouse.com\/#organization"},"potentialAction":[{"@type":"SearchAction","target":{"@type":"EntryPoint","urlTemplate":"https:\/\/nembutalhouse.com\/?s={search_term_string}"},"query-input":{"@type":"PropertyValueSpecification","valueRequired":true,"valueName":"search_term_string"}}],"inLanguage":"hu"},{"@type":"Organization","@id":"https:\/\/nembutalhouse.com\/#organization","name":"Nembutal House","url":"https:\/\/nembutalhouse.com\/","logo":{"@type":"ImageObject","inLanguage":"hu","@id":"https:\/\/nembutalhouse.com\/#\/schema\/logo\/image\/","url":"https:\/\/nembutalhouse.com\/wp-content\/uploads\/2022\/12\/logo.png","contentUrl":"https:\/\/nembutalhouse.com\/wp-content\/uploads\/2022\/12\/logo.png","width":344,"height":103,"caption":"Nembutal House"},"image":{"@id":"https:\/\/nembutalhouse.com\/#\/schema\/logo\/image\/"}}]}},"_links":{"self":[{"href":"https:\/\/nembutalhouse.com\/hu\/wp-json\/wp\/v2\/product\/1047","targetHints":{"allow":["GET"]}}],"collection":[{"href":"https:\/\/nembutalhouse.com\/hu\/wp-json\/wp\/v2\/product"}],"about":[{"href":"https:\/\/nembutalhouse.com\/hu\/wp-json\/wp\/v2\/types\/product"}],"replies":[{"embeddable":true,"href":"https:\/\/nembutalhouse.com\/hu\/wp-json\/wp\/v2\/comments?post=1047"}],"wp:featuredmedia":[{"embeddable":true,"href":"https:\/\/nembutalhouse.com\/hu\/wp-json\/wp\/v2\/media\/1607"}],"wp:attachment":[{"href":"https:\/\/nembutalhouse.com\/hu\/wp-json\/wp\/v2\/media?parent=1047"}],"wp:term":[{"taxonomy":"product_cat","embeddable":true,"href":"https:\/\/nembutalhouse.com\/hu\/wp-json\/wp\/v2\/product_cat?post=1047"},{"taxonomy":"product_tag","embeddable":true,"href":"https:\/\/nembutalhouse.com\/hu\/wp-json\/wp\/v2\/product_tag?post=1047"}],"curies":[{"name":"wp","href":"https:\/\/api.w.org\/{rel}","templated":true}]}}