{"id":91,"date":"2022-12-14T06:49:39","date_gmt":"2022-12-14T06:49:39","guid":{"rendered":"https:\/\/nembutalhouse.com\/?page_id=91"},"modified":"2022-12-14T07:00:36","modified_gmt":"2022-12-14T07:00:36","slug":"about-us","status":"publish","type":"page","link":"https:\/\/nembutalhouse.com\/hu\/rolunk\/","title":{"rendered":"R\u00f3lunk"},"content":{"rendered":"<div data-elementor-type=\"wp-page\" data-elementor-id=\"91\" class=\"elementor elementor-91\">\n\t\t\t\t\t\t<section class=\"elementor-section elementor-top-section elementor-element elementor-element-20ba00c elementor-section-boxed elementor-section-height-default elementor-section-height-default\" data-id=\"20ba00c\" data-element_type=\"section\">\n\t\t\t\t\t\t<div class=\"elementor-container elementor-column-gap-default\">\n\t\t\t\t\t<div class=\"elementor-column elementor-col-100 elementor-top-column elementor-element elementor-element-16a6bc4\" data-id=\"16a6bc4\" data-element_type=\"column\">\n\t\t\t<div class=\"elementor-widget-wrap elementor-element-populated\">\n\t\t\t\t\t\t<div class=\"elementor-element elementor-element-436affe elementor-widget elementor-widget-heading\" data-id=\"436affe\" data-element_type=\"widget\" data-widget_type=\"heading.default\">\n\t\t\t\t<div class=\"elementor-widget-container\">\n\t\t\t\t\t<h2 class=\"elementor-heading-title elementor-size-default\">R\u00f3lunk Nembutal elad\u00f3<\/h2>\t\t\t\t<\/div>\n\t\t\t\t<\/div>\n\t\t\t\t<div class=\"elementor-element elementor-element-53ece00 elementor-widget elementor-widget-text-editor\" data-id=\"53ece00\" data-element_type=\"widget\" data-widget_type=\"text-editor.default\">\n\t\t\t\t<div class=\"elementor-widget-container\">\n\t\t\t\t\t\t\t\t\t<p>Egy j\u00f3l szervezett csapatunk k\u00e9szen \u00e1ll, \u00e9s b\u00e1rmikor k\u00e9szs\u00e9ggel v\u00e1laszol k\u00e9r\u00e9s\u00e9re. Nincs sz\u00fcks\u00e9ge receptre. \u00c1raink m\u00e9rs\u00e9keltek. Csomagol\u00e1si \u00e9s sz\u00e1ll\u00edt\u00e1si szolg\u00e1ltat\u00e1saink gyorsak, olcs\u00f3k, diszkr\u00e9tek \u00e9s rendk\u00edv\u00fcl biztons\u00e1gosak. Mi vagyunk a PCCA-tan\u00fas\u00edtv\u00e1nnyal rendelkez\u0151 eg\u00e9szs\u00e9g\u00fcgyi inform\u00e1ci\u00f3k \u00e9s gy\u00f3gyszersz\u00e1ll\u00edt\u00f3k legjobb forr\u00e1sa az \u00d6n k\u00fcsz\u00f6b\u00e9n.<\/p>\t\t\t\t\t\t\t\t<\/div>\n\t\t\t\t<\/div>\n\t\t\t\t<section class=\"elementor-section elementor-inner-section elementor-element elementor-element-4c4d2a0 elementor-section-boxed elementor-section-height-default elementor-section-height-default\" data-id=\"4c4d2a0\" data-element_type=\"section\">\n\t\t\t\t\t\t<div class=\"elementor-container elementor-column-gap-default\">\n\t\t\t\t\t<div class=\"elementor-column elementor-col-50 elementor-inner-column elementor-element elementor-element-5941eec\" data-id=\"5941eec\" data-element_type=\"column\">\n\t\t\t<div class=\"elementor-widget-wrap elementor-element-populated\">\n\t\t\t\t\t\t<div class=\"elementor-element elementor-element-8b9e898 elementor-widget elementor-widget-text-editor\" data-id=\"8b9e898\" data-element_type=\"widget\" data-widget_type=\"text-editor.default\">\n\t\t\t\t<div class=\"elementor-widget-container\">\n\t\t\t\t\t\t\t\t\t<p>Az \u00fcgyfelek biztons\u00e1ga a legfontosabb sz\u00e1munkra. Minden \u00fcgyfel\u00fcnket 100%-os bizalmass\u00e1ggal \u00e9s biztons\u00e1ggal kezelj\u00fck. Gondoskodunk arr\u00f3l, hogy minden sz\u00e1ll\u00edtm\u00e1ny a lehet\u0151 legdiszkr\u00e9tebb legyen. Teh\u00e1t nyugodtan rendeljen most t\u0151l\u00fcnk. Az \u00e1ltalunk k\u00f6z\u00f6lt inform\u00e1ci\u00f3k t\u00e1j\u00e9koztat\u00f3 jelleg\u0171ek, nem \u00e1ll sz\u00e1nd\u00e9kunkban az eg\u00e9szs\u00e9g\u00fcgyi szakember \u00e1ltal adott szakmai v\u00e9lem\u00e9nyt helyettes\u00edteni.<\/p><p>Arra t\u00f6reksz\u00fcnk, hogy jav\u00edtsuk a fogyaszt\u00f3k biztons\u00e1g\u00e1t, hogy ne csak receptre legyen sz\u00fcks\u00e9ge. Platformunk c\u00e9lja, hogy seg\u00edtse az enged\u00e9llyel rendelkez\u0151 orvosokat betegeik jobb kiszolg\u00e1l\u00e1s\u00e1ban. \u00c1raink nagyon m\u00e9rs\u00e9keltek. Szak\u00e9rt\u0151k vagyunk a gyors kisz\u00e1ll\u00edt\u00e1sban, olcs\u00f3 \u00e1ron, diszkr\u00e9ten \u00e9s rendk\u00edv\u00fcl biztons\u00e1gosan. Az \u00fcgyfelek biztons\u00e1ga a legfontosabb sz\u00e1munkra.<\/p>\t\t\t\t\t\t\t\t<\/div>\n\t\t\t\t<\/div>\n\t\t\t\t\t<\/div>\n\t\t<\/div>\n\t\t\t\t<div class=\"elementor-column elementor-col-50 elementor-inner-column elementor-element elementor-element-6c25ab1\" data-id=\"6c25ab1\" data-element_type=\"column\">\n\t\t\t<div class=\"elementor-widget-wrap elementor-element-populated\">\n\t\t\t\t\t\t<div class=\"elementor-element elementor-element-f2dab8a elementor-widget elementor-widget-text-editor\" data-id=\"f2dab8a\" data-element_type=\"widget\" data-widget_type=\"text-editor.default\">\n\t\t\t\t<div class=\"elementor-widget-container\">\n\t\t\t\t\t\t\t\t\t<p>Emiatt a NembutalHouse egy online \u00e1ruh\u00e1z, amely azt \u00edg\u00e9ri, hogy a gy\u00f3gyszerek adagol\u00e1s szerinti kategoriz\u00e1l\u00e1sa ut\u00e1n a lehet\u0151 leghamarabb a legjobb min\u0151s\u00e9g\u0171 gy\u00f3gyszerk\u00e9sz\u00edtm\u00e9nyeket sz\u00e1ll\u00edtja h\u00e1zhoz. A Nembutal Store sor\u00e1n fontosnak tartjuk a term\u00e9k min\u0151s\u00e9g\u00e9t, hogy \u00d6n el\u00e9gedett legyen. Mivel az \u00d6n el\u00e9gedetts\u00e9ge a legfontosabb sz\u00e1munkra, \u00fczlet\u00fcnkben k\u00fcl\u00f6nf\u00e9le form\u00e1kban v\u00e1s\u00e1rolhatja meg a Nembutalt, p\u00e9ld\u00e1ul a Nembutal folyad\u00e9kot, a Nembutal tablett\u00e1t \u00e9s a Nembutal port Spanyolorsz\u00e1gban. Kanada \u00e9s Ausztr\u00e1lia. Azonban ez a legjobb hely az \u00d6n sz\u00e1m\u00e1ra, hogy megtal\u00e1lja a legjobb Nembutalt a legmegfizethet\u0151bb \u00e1ron, recept n\u00e9lk\u00fcl. Ekkor a term\u00e9k \u00e1ra a weboldalunkon felt\u00fcntetett lesz.<\/p>\t\t\t\t\t\t\t\t<\/div>\n\t\t\t\t<\/div>\n\t\t\t\t\t<\/div>\n\t\t<\/div>\n\t\t\t\t\t<\/div>\n\t\t<\/section>\n\t\t\t\t<section class=\"elementor-section elementor-inner-section elementor-element elementor-element-09d2854 elementor-section-boxed elementor-section-height-default elementor-section-height-default\" data-id=\"09d2854\" data-element_type=\"section\">\n\t\t\t\t\t\t<div class=\"elementor-container elementor-column-gap-default\">\n\t\t\t\t\t<div class=\"elementor-column elementor-col-100 elementor-inner-column elementor-element elementor-element-775372c\" data-id=\"775372c\" data-element_type=\"column\">\n\t\t\t<div class=\"elementor-widget-wrap elementor-element-populated\">\n\t\t\t\t\t\t<div class=\"elementor-element elementor-element-3ddf45b elementor-widget elementor-widget-text-editor\" data-id=\"3ddf45b\" data-element_type=\"widget\" data-widget_type=\"text-editor.default\">\n\t\t\t\t<div class=\"elementor-widget-container\">\n\t\t\t\t\t\t\t\t\t<p>Minden \u00fcgyfel\u00fcnknek 100%-os bizalmass\u00e1ggal \u00e9s biztons\u00e1ggal biztos\u00edtjuk, hogy minden k\u00fcldem\u00e9ny biztons\u00e1gosan meg\u00e9rkezzen rendeltet\u00e9si hely\u00e9re. Egy j\u00f3l szervezett csapatunk k\u00e9szen \u00e1ll, \u00e9s b\u00e1rmikor k\u00e9szs\u00e9ggel v\u00e1laszol k\u00e9r\u00e9s\u00e9re. Nincs sz\u00fcks\u00e9ge receptre. Platformunk c\u00e9lja az is, hogy seg\u00edtse az enged\u00e9llyel rendelkez\u0151 orvosokat a betegek jobb kiszolg\u00e1l\u00e1s\u00e1ban.<\/p>\t\t\t\t\t\t\t\t<\/div>\n\t\t\t\t<\/div>\n\t\t\t\t<div class=\"elementor-element elementor-element-d81c0c1 elementor-widget elementor-widget-text-editor\" data-id=\"d81c0c1\" data-element_type=\"widget\" data-widget_type=\"text-editor.default\">\n\t\t\t\t<div class=\"elementor-widget-container\">\n\t\t\t\t\t\t\t\t\t<p><strong>Adatv\u00e9delmi ir\u00e1nyelvek:<\/strong><\/p><p>Mindenekel\u0151tt gondoskodunk arr\u00f3l, hogy minden adat\u00e1t egy biztons\u00e1gos szerveren t\u00e1roljuk. Adatait kiz\u00e1r\u00f3lag arra haszn\u00e1lhatjuk fel, hogy \u00e9rtes\u00edts\u00fck aj\u00e1nlatainkr\u00f3l vagy ir\u00e1nyelveink v\u00e1ltoz\u00e1s\u00e1r\u00f3l.<\/p><p><strong>Sz\u00e1ll\u00edt\u00e1si \u00e9s sz\u00e1ll\u00edt\u00e1si szab\u00e1lyzat:<\/strong><\/p><p>M\u00e1sodszor, a sz\u00e1ll\u00edt\u00e1si folyamat azonnal megkezd\u0151dik, amint elk\u00fcldi megrendel\u00e9s\u00e9t. Mindent megtesz\u00fcnk annak \u00e9rdek\u00e9ben, hogy a rendel\u00e9seket a lehet\u0151 leggyorsabban kisz\u00e1ll\u00edtsuk. Ha \u00d6n orsz\u00e1gon bel\u00fcl \u00e9l, a term\u00e9ket 2-3 napon bel\u00fcl h\u00e1zhoz sz\u00e1ll\u00edtjuk. Az orsz\u00e1gon k\u00edv\u00fcl ez legfeljebb 3-4 napig tart.<\/p><p><strong>Visszak\u00fcld\u00e9si szab\u00e1lyzat:<\/strong><\/p><p>Visszak\u00fcld\u00e9si politik\u00e1t k\u00edn\u00e1lunk az \u00d6n teljes k\u00e9nyelme \u00e9rdek\u00e9ben. Ha alapos oka van arra, hogy el\u00e9gedetlen legyen a v\u00e1s\u00e1rl\u00e1ssal, \u00f6t nap \u00e1ll rendelkez\u00e9s\u00e9re a term\u00e9k visszak\u00fcld\u00e9s\u00e9re. Csak \u00f6t napon bel\u00fcl tud visszak\u00fcldeni, ha kapcsolatba l\u00e9p \u00fcgyf\u00e9lszolg\u00e1latunkkal, \u00e9s enged\u00e9lyt k\u00e9r az \u00fcgyf\u00e9l-visszak\u00fcld\u00e9si \u0171rlapunkon.<\/p>\t\t\t\t\t\t\t\t<\/div>\n\t\t\t\t<\/div>\n\t\t\t\t\t<\/div>\n\t\t<\/div>\n\t\t\t\t\t<\/div>\n\t\t<\/section>\n\t\t\t\t\t<\/div>\n\t\t<\/div>\n\t\t\t\t\t<\/div>\n\t\t<\/section>\n\t\t\t\t<\/div>","protected":false},"excerpt":{"rendered":"<p>R\u00f3lunk az elad\u00f3 Nembutal eset\u00e9ben Egy j\u00f3l szervezett csapatunk k\u00e9szen \u00e1ll \u00e9s b\u00e1rmikor rendelkez\u00e9sre \u00e1ll, hogy v\u00e1laszoljon az \u00d6n k\u00e9r\u00e9s\u00e9re. Nincs sz\u00fcks\u00e9ge receptre. \u00c1raink m\u00e9rs\u00e9keltek....<\/p>","protected":false},"author":1,"featured_media":0,"parent":0,"menu_order":0,"comment_status":"closed","ping_status":"closed","template":"page-templates\/template-sinatra-fullwidth.php","meta":{"_joinchat":[],"footnotes":""},"class_list":["post-91","page","type-page","status-publish","hentry"],"yoast_head":"<!-- This site is optimized with the Yoast SEO plugin v24.1 - https:\/\/yoast.com\/wordpress\/plugins\/seo\/ -->\n<title>About us | Nembutal House<\/title>\n<meta name=\"robots\" content=\"index, follow, max-snippet:-1, max-image-preview:large, max-video-preview:-1\" \/>\n<link rel=\"canonical\" href=\"https:\/\/nembutalhouse.com\/hu\/rolunk\/\" \/>\n<meta property=\"og:locale\" content=\"hu_HU\" \/>\n<meta property=\"og:type\" content=\"article\" \/>\n<meta property=\"og:title\" content=\"About us | Nembutal House\" \/>\n<meta property=\"og:description\" content=\"About us for Nembutal for Sale We have a well-organized team ready and available at any time to answer your request. You don&#8217;t need a prescription. Our prices are moderate.&hellip;\" \/>\n<meta property=\"og:url\" content=\"https:\/\/nembutalhouse.com\/hu\/rolunk\/\" \/>\n<meta property=\"og:site_name\" content=\"Nembutal House\" \/>\n<meta property=\"article:modified_time\" content=\"2022-12-14T07:00:36+00:00\" \/>\n<meta name=\"twitter:card\" content=\"summary_large_image\" \/>\n<meta name=\"twitter:label1\" content=\"Becs\u00fclt olvas\u00e1si id\u0151\" \/>\n\t<meta name=\"twitter:data1\" content=\"2 perc\" \/>\n<script type=\"application\/ld+json\" class=\"yoast-schema-graph\">{\"@context\":\"https:\/\/schema.org\",\"@graph\":[{\"@type\":\"WebPage\",\"@id\":\"https:\/\/nembutalhouse.com\/about-us\/\",\"url\":\"https:\/\/nembutalhouse.com\/about-us\/\",\"name\":\"About us | Nembutal House\",\"isPartOf\":{\"@id\":\"https:\/\/nembutalhouse.com\/#website\"},\"datePublished\":\"2022-12-14T06:49:39+00:00\",\"dateModified\":\"2022-12-14T07:00:36+00:00\",\"breadcrumb\":{\"@id\":\"https:\/\/nembutalhouse.com\/about-us\/#breadcrumb\"},\"inLanguage\":\"hu\",\"potentialAction\":[{\"@type\":\"ReadAction\",\"target\":[\"https:\/\/nembutalhouse.com\/about-us\/\"]}]},{\"@type\":\"BreadcrumbList\",\"@id\":\"https:\/\/nembutalhouse.com\/about-us\/#breadcrumb\",\"itemListElement\":[{\"@type\":\"ListItem\",\"position\":1,\"name\":\"Home\",\"item\":\"https:\/\/nembutalhouse.com\/\"},{\"@type\":\"ListItem\",\"position\":2,\"name\":\"About us\"}]},{\"@type\":\"WebSite\",\"@id\":\"https:\/\/nembutalhouse.com\/#website\",\"url\":\"https:\/\/nembutalhouse.com\/\",\"name\":\"Nembutal House\",\"description\":\"Best Nembutal Online Store\",\"publisher\":{\"@id\":\"https:\/\/nembutalhouse.com\/#organization\"},\"potentialAction\":[{\"@type\":\"SearchAction\",\"target\":{\"@type\":\"EntryPoint\",\"urlTemplate\":\"https:\/\/nembutalhouse.com\/?s={search_term_string}\"},\"query-input\":{\"@type\":\"PropertyValueSpecification\",\"valueRequired\":true,\"valueName\":\"search_term_string\"}}],\"inLanguage\":\"hu\"},{\"@type\":\"Organization\",\"@id\":\"https:\/\/nembutalhouse.com\/#organization\",\"name\":\"Nembutal House\",\"url\":\"https:\/\/nembutalhouse.com\/\",\"logo\":{\"@type\":\"ImageObject\",\"inLanguage\":\"hu\",\"@id\":\"https:\/\/nembutalhouse.com\/#\/schema\/logo\/image\/\",\"url\":\"https:\/\/nembutalhouse.com\/wp-content\/uploads\/2022\/12\/logo.png\",\"contentUrl\":\"https:\/\/nembutalhouse.com\/wp-content\/uploads\/2022\/12\/logo.png\",\"width\":344,\"height\":103,\"caption\":\"Nembutal House\"},\"image\":{\"@id\":\"https:\/\/nembutalhouse.com\/#\/schema\/logo\/image\/\"}}]}<\/script>\n<!-- \/ Yoast SEO plugin. -->","yoast_head_json":{"title":"About us | Nembutal House","robots":{"index":"index","follow":"follow","max-snippet":"max-snippet:-1","max-image-preview":"max-image-preview:large","max-video-preview":"max-video-preview:-1"},"canonical":"https:\/\/nembutalhouse.com\/hu\/rolunk\/","og_locale":"hu_HU","og_type":"article","og_title":"About us | Nembutal House","og_description":"About us for Nembutal for Sale We have a well-organized team ready and available at any time to answer your request. You don&#8217;t need a prescription. Our prices are moderate.&hellip;","og_url":"https:\/\/nembutalhouse.com\/hu\/rolunk\/","og_site_name":"Nembutal House","article_modified_time":"2022-12-14T07:00:36+00:00","twitter_card":"summary_large_image","twitter_misc":{"Becs\u00fclt olvas\u00e1si id\u0151":"2 perc"},"schema":{"@context":"https:\/\/schema.org","@graph":[{"@type":"WebPage","@id":"https:\/\/nembutalhouse.com\/about-us\/","url":"https:\/\/nembutalhouse.com\/about-us\/","name":"About us | Nembutal House","isPartOf":{"@id":"https:\/\/nembutalhouse.com\/#website"},"datePublished":"2022-12-14T06:49:39+00:00","dateModified":"2022-12-14T07:00:36+00:00","breadcrumb":{"@id":"https:\/\/nembutalhouse.com\/about-us\/#breadcrumb"},"inLanguage":"hu","potentialAction":[{"@type":"ReadAction","target":["https:\/\/nembutalhouse.com\/about-us\/"]}]},{"@type":"BreadcrumbList","@id":"https:\/\/nembutalhouse.com\/about-us\/#breadcrumb","itemListElement":[{"@type":"ListItem","position":1,"name":"Home","item":"https:\/\/nembutalhouse.com\/"},{"@type":"ListItem","position":2,"name":"About us"}]},{"@type":"WebSite","@id":"https:\/\/nembutalhouse.com\/#website","url":"https:\/\/nembutalhouse.com\/","name":"Nembutal House","description":"Best Nembutal Online Store","publisher":{"@id":"https:\/\/nembutalhouse.com\/#organization"},"potentialAction":[{"@type":"SearchAction","target":{"@type":"EntryPoint","urlTemplate":"https:\/\/nembutalhouse.com\/?s={search_term_string}"},"query-input":{"@type":"PropertyValueSpecification","valueRequired":true,"valueName":"search_term_string"}}],"inLanguage":"hu"},{"@type":"Organization","@id":"https:\/\/nembutalhouse.com\/#organization","name":"Nembutal House","url":"https:\/\/nembutalhouse.com\/","logo":{"@type":"ImageObject","inLanguage":"hu","@id":"https:\/\/nembutalhouse.com\/#\/schema\/logo\/image\/","url":"https:\/\/nembutalhouse.com\/wp-content\/uploads\/2022\/12\/logo.png","contentUrl":"https:\/\/nembutalhouse.com\/wp-content\/uploads\/2022\/12\/logo.png","width":344,"height":103,"caption":"Nembutal House"},"image":{"@id":"https:\/\/nembutalhouse.com\/#\/schema\/logo\/image\/"}}]}},"_links":{"self":[{"href":"https:\/\/nembutalhouse.com\/hu\/wp-json\/wp\/v2\/pages\/91","targetHints":{"allow":["GET"]}}],"collection":[{"href":"https:\/\/nembutalhouse.com\/hu\/wp-json\/wp\/v2\/pages"}],"about":[{"href":"https:\/\/nembutalhouse.com\/hu\/wp-json\/wp\/v2\/types\/page"}],"author":[{"embeddable":true,"href":"https:\/\/nembutalhouse.com\/hu\/wp-json\/wp\/v2\/users\/1"}],"replies":[{"embeddable":true,"href":"https:\/\/nembutalhouse.com\/hu\/wp-json\/wp\/v2\/comments?post=91"}],"version-history":[{"count":0,"href":"https:\/\/nembutalhouse.com\/hu\/wp-json\/wp\/v2\/pages\/91\/revisions"}],"wp:attachment":[{"href":"https:\/\/nembutalhouse.com\/hu\/wp-json\/wp\/v2\/media?parent=91"}],"curies":[{"name":"wp","href":"https:\/\/api.w.org\/{rel}","templated":true}]}}