{"id":579,"date":"2024-10-16T05:30:32","date_gmt":"2024-10-16T05:30:32","guid":{"rendered":"https:\/\/nembutalhouse.com\/?post_type=product&#038;p=579"},"modified":"2026-03-06T08:54:23","modified_gmt":"2026-03-06T08:54:23","slug":"buy-gbl-online","status":"publish","type":"product","link":"https:\/\/nembutalhouse.com\/fr\/produit\/buy-gbl-online\/","title":{"rendered":"Buy Gbl Online"},"content":{"rendered":"<h2>Buy Gbl Online<\/h2>\n<p>Le meilleur endroit pour acheter du gamma-butyrolactone en ligne est TLC. Il est disponible sous forme de poudre et de liquide.<\/p>\n<h3>GAMMA-BUTYROLACTONE : QU'EST-CE QUE C'EST ?<\/h3>\n<p>Le produit est \u00e9galement appel\u00e9 <a href=\"https:\/\/nembutalhouse.com\/fr\/produit\/buy-gbl-online\/\">gbl<\/a>Son num\u00e9ro CAS est 96-48-0. Il s'agit d'un ester cyclique polyvalent dont les utilisations sont tr\u00e8s vari\u00e9es. Au lieu d'\u00eatre utilis\u00e9 une seule fois, le GBL est g\u00e9n\u00e9ralement utilis\u00e9 pour cr\u00e9er des d\u00e9riv\u00e9s d'autres compos\u00e9s. Le GBL est un autre solvant courant dans de nombreux produits cosm\u00e9tiques. Dans plusieurs secteurs d'Am\u00e9rique du Nord, le gamma-butyrolactone peut \u00eatre achet\u00e9 en ligne. Le gamma-butyrolactone est \u00e9galement connu sous les noms de BLO, Butyrolactone, Gamma Butyrolactone, et <a href=\"https:\/\/en.wikipedia.org\/wiki\/GBL\">GBL<\/a>. Le butyrolactone, dont la formule mol\u00e9culaire est C4H6O2, est la d\u00e9nomination INCI.<\/p>\n<h3>Une caract\u00e9ristique du gamma-butyrolactone<\/h3>\n<p>Il est essentiel que les consommateurs connaissent les caract\u00e9ristiques sp\u00e9cifiques de la gamma-butyrolactone avant d'essayer de l'acheter en ligne. Elle se pr\u00e9sente sous la forme d'un liquide incolore et inodore. JBL disponible \u00e0 l'achat Il a une densit\u00e9 totale de 1,13 g\/cm\u00b3 et est soluble dans l'eau. Il bout \u00e0 400,3\u00b0F et g\u00e8le \u00e0 -47\u00b0F. Son poids mol\u00e9culaire est de 86,1 g\/mol. Il appartient \u00e0 la classe des Lactones, Solvants non PAD, Solvants et p\u00e8se 9,4208 livres par gallon. En vente : gamma-butyrolactone <a href=\"https:\/\/nembutalhouse.com\/fr\/\">NembutalHouse<\/a>.<\/p>\n<h3>Applications et utilisations de la gamma-butyrolactone<\/h3>\n<p>Les industries et utilisations suivantes du gamma-butyrolactone comprennent les produits chimiques agricoles, les batteries, l'\u00e9lectronique, les ar\u00f4mes, le traitement du cuir, les produits pharmaceutiques, les fonderies, les parfums, les solvants d'encre, la gravure photochimique, la photographie, les polyur\u00e9thanes, les solvants, les ur\u00e9thanes et la pr\u00e9servation du bois.<\/p>\n<h3>Il est utilis\u00e9 dans les produits agrochimiques pour l'agriculture.<\/h3>\n<p>Construction et rev\u00eatements : Il sert de solvant pour les peintures et les encres.<\/p>\n<h3>Alimentation<\/h3>\n<p>Alimentation et nutrition : Il est utilis\u00e9 comme exhausteur de go\u00fbt et poss\u00e8de des qualit\u00e9s gustatives.<\/p>\n<p>Soins personnels : c'est un composant de la senteur qui est m\u00e9lang\u00e9 aux huiles de parfum.<\/p>\n<p>M\u00e9dicaments<\/p>\n<p>&nbsp;<\/p>\n<p>&nbsp;<\/p>","protected":false},"excerpt":{"rendered":"<p>Buy Gbl Online The best place to purchase gamma-butyrolactone online is TLC. available in powder and liquid forms. GAMMA-BUTYROLACTONE: WHAT IS IT? The product is also referred to as gbl,&hellip;<\/p>","protected":false},"featured_media":595,"comment_status":"closed","ping_status":"closed","template":"","meta":{"_joinchat":[]},"product_cat":[186],"product_tag":[748,737,727,739,728,746,734,741,744,730,750,752,729,740,751,749,743,736,732,733,747,745,742,735,738,731],"class_list":{"0":"post-579","1":"product","2":"type-product","3":"status-publish","4":"has-post-thumbnail","6":"product_cat-research-chemicals","7":"product_tag-best-cheap-price-gbl-liuid","8":"product_tag-best-place-to-buy-gbl-liuid","9":"product_tag-buy-gbl-liuid","10":"product_tag-buy-gbl-liuid-legally","11":"product_tag-buy-gbl-liuidonline","12":"product_tag-cheap-gbl-liuids","13":"product_tag-gbl-liuid-powder","14":"product_tag-gbl-liuid-price","15":"product_tag-gbl-liuid-store","16":"product_tag-gbl-liuid-supplier","17":"product_tag-gbl-liuid-use","18":"product_tag-gbl-liuidfor-cleaning","19":"product_tag-gbl-liuidfor-sale","20":"product_tag-gbl-liuidpowder-online","21":"product_tag-gbl-liuidwiki","22":"product_tag-gbl-liuidworldwide","23":"product_tag-high-quality-gbl-liuid","24":"product_tag-how-to-buy-gbl-liuid","25":"product_tag-order-gbl-liuid","26":"product_tag-order-gbl-liuid-online","27":"product_tag-purcharse-gbl-liuid-powder","28":"product_tag-shop-gbl-liuid","29":"product_tag-top-quality-gbl-liuid","30":"product_tag-where-to-buy-gbl-liuid","31":"product_tag-where-to-order-gbl-liuid","32":"product_tag-wholesale-gbl-liuid-bulk-online","34":"first","35":"instock","36":"shipping-taxable","37":"purchasable","38":"product-type-variable"},"yoast_head":"<!-- This site is optimized with the Yoast SEO plugin v24.1 - https:\/\/yoast.com\/wordpress\/plugins\/seo\/ -->\n<title>Buy GBL Online - GBL for Sale - Order GBL Online<\/title>\n<meta name=\"description\" content=\"Looking to Buy gbl Online? Discover a seamless platform at our online store where you can buy gbl, ensuring top-grade quality for your research needs.\" \/>\n<meta name=\"robots\" content=\"index, follow, max-snippet:-1, max-image-preview:large, max-video-preview:-1\" \/>\n<link rel=\"canonical\" href=\"https:\/\/nembutalhouse.com\/fr\/produit\/buy-gbl-online\/\" \/>\n<meta property=\"og:locale\" content=\"fr_FR\" \/>\n<meta property=\"og:type\" content=\"article\" \/>\n<meta property=\"og:title\" content=\"Buy GBL Online - GBL for Sale - Order GBL Online\" \/>\n<meta property=\"og:description\" content=\"Looking to Buy gbl Online? Discover a seamless platform at our online store where you can buy gbl, ensuring top-grade quality for your research needs.\" \/>\n<meta property=\"og:url\" content=\"https:\/\/nembutalhouse.com\/fr\/produit\/buy-gbl-online\/\" \/>\n<meta property=\"og:site_name\" content=\"Nembutal House\" \/>\n<meta property=\"article:modified_time\" content=\"2026-03-06T08:54:23+00:00\" \/>\n<meta property=\"og:image\" content=\"https:\/\/nembutalhouse.com\/wp-content\/uploads\/2024\/10\/GBL.gif\" \/>\n\t<meta property=\"og:image:width\" content=\"600\" \/>\n\t<meta property=\"og:image:height\" content=\"600\" \/>\n\t<meta property=\"og:image:type\" content=\"image\/gif\" \/>\n<meta name=\"twitter:card\" content=\"summary_large_image\" \/>\n<meta name=\"twitter:label1\" content=\"Dur\u00e9e de lecture estim\u00e9e\" \/>\n\t<meta name=\"twitter:data1\" content=\"2 minutes\" \/>\n<script type=\"application\/ld+json\" class=\"yoast-schema-graph\">{\"@context\":\"https:\/\/schema.org\",\"@graph\":[{\"@type\":\"WebPage\",\"@id\":\"https:\/\/nembutalhouse.com\/product\/buy-gbl-online\/\",\"url\":\"https:\/\/nembutalhouse.com\/product\/buy-gbl-online\/\",\"name\":\"Buy GBL Online - GBL for Sale - Order GBL Online\",\"isPartOf\":{\"@id\":\"https:\/\/nembutalhouse.com\/#website\"},\"primaryImageOfPage\":{\"@id\":\"https:\/\/nembutalhouse.com\/product\/buy-gbl-online\/#primaryimage\"},\"image\":{\"@id\":\"https:\/\/nembutalhouse.com\/product\/buy-gbl-online\/#primaryimage\"},\"thumbnailUrl\":\"https:\/\/nembutalhouse.com\/wp-content\/uploads\/2024\/10\/GBL.gif\",\"datePublished\":\"2024-10-16T05:30:32+00:00\",\"dateModified\":\"2026-03-06T08:54:23+00:00\",\"description\":\"Looking to Buy gbl Online? Discover a seamless platform at our online store where you can buy gbl, ensuring top-grade quality for your research needs.\",\"breadcrumb\":{\"@id\":\"https:\/\/nembutalhouse.com\/product\/buy-gbl-online\/#breadcrumb\"},\"inLanguage\":\"fr-FR\",\"potentialAction\":[{\"@type\":\"ReadAction\",\"target\":[\"https:\/\/nembutalhouse.com\/product\/buy-gbl-online\/\"]}]},{\"@type\":\"ImageObject\",\"inLanguage\":\"fr-FR\",\"@id\":\"https:\/\/nembutalhouse.com\/product\/buy-gbl-online\/#primaryimage\",\"url\":\"https:\/\/nembutalhouse.com\/wp-content\/uploads\/2024\/10\/GBL.gif\",\"contentUrl\":\"https:\/\/nembutalhouse.com\/wp-content\/uploads\/2024\/10\/GBL.gif\",\"width\":600,\"height\":600,\"caption\":\"Buy Gbl Online\"},{\"@type\":\"BreadcrumbList\",\"@id\":\"https:\/\/nembutalhouse.com\/product\/buy-gbl-online\/#breadcrumb\",\"itemListElement\":[{\"@type\":\"ListItem\",\"position\":1,\"name\":\"Home\",\"item\":\"https:\/\/nembutalhouse.com\/\"},{\"@type\":\"ListItem\",\"position\":2,\"name\":\"Shop\",\"item\":\"https:\/\/nembutalhouse.com\/shop\/\"},{\"@type\":\"ListItem\",\"position\":3,\"name\":\"Buy Gbl Online\"}]},{\"@type\":\"WebSite\",\"@id\":\"https:\/\/nembutalhouse.com\/#website\",\"url\":\"https:\/\/nembutalhouse.com\/\",\"name\":\"Nembutal House\",\"description\":\"Best Nembutal Online Store\",\"publisher\":{\"@id\":\"https:\/\/nembutalhouse.com\/#organization\"},\"potentialAction\":[{\"@type\":\"SearchAction\",\"target\":{\"@type\":\"EntryPoint\",\"urlTemplate\":\"https:\/\/nembutalhouse.com\/?s={search_term_string}\"},\"query-input\":{\"@type\":\"PropertyValueSpecification\",\"valueRequired\":true,\"valueName\":\"search_term_string\"}}],\"inLanguage\":\"fr-FR\"},{\"@type\":\"Organization\",\"@id\":\"https:\/\/nembutalhouse.com\/#organization\",\"name\":\"Nembutal House\",\"url\":\"https:\/\/nembutalhouse.com\/\",\"logo\":{\"@type\":\"ImageObject\",\"inLanguage\":\"fr-FR\",\"@id\":\"https:\/\/nembutalhouse.com\/#\/schema\/logo\/image\/\",\"url\":\"https:\/\/nembutalhouse.com\/wp-content\/uploads\/2022\/12\/logo.png\",\"contentUrl\":\"https:\/\/nembutalhouse.com\/wp-content\/uploads\/2022\/12\/logo.png\",\"width\":344,\"height\":103,\"caption\":\"Nembutal House\"},\"image\":{\"@id\":\"https:\/\/nembutalhouse.com\/#\/schema\/logo\/image\/\"}}]}<\/script>\n<!-- \/ Yoast SEO plugin. -->","yoast_head_json":{"title":"Buy GBL Online - GBL for Sale - Order GBL Online","description":"Looking to Buy gbl Online? Discover a seamless platform at our online store where you can buy gbl, ensuring top-grade quality for your research needs.","robots":{"index":"index","follow":"follow","max-snippet":"max-snippet:-1","max-image-preview":"max-image-preview:large","max-video-preview":"max-video-preview:-1"},"canonical":"https:\/\/nembutalhouse.com\/fr\/produit\/buy-gbl-online\/","og_locale":"fr_FR","og_type":"article","og_title":"Buy GBL Online - GBL for Sale - Order GBL Online","og_description":"Looking to Buy gbl Online? Discover a seamless platform at our online store where you can buy gbl, ensuring top-grade quality for your research needs.","og_url":"https:\/\/nembutalhouse.com\/fr\/produit\/buy-gbl-online\/","og_site_name":"Nembutal House","article_modified_time":"2026-03-06T08:54:23+00:00","og_image":[{"width":600,"height":600,"url":"https:\/\/nembutalhouse.com\/wp-content\/uploads\/2024\/10\/GBL.gif","type":"image\/gif"}],"twitter_card":"summary_large_image","twitter_misc":{"Dur\u00e9e de lecture estim\u00e9e":"2 minutes"},"schema":{"@context":"https:\/\/schema.org","@graph":[{"@type":"WebPage","@id":"https:\/\/nembutalhouse.com\/product\/buy-gbl-online\/","url":"https:\/\/nembutalhouse.com\/product\/buy-gbl-online\/","name":"Buy GBL Online - GBL for Sale - Order GBL Online","isPartOf":{"@id":"https:\/\/nembutalhouse.com\/#website"},"primaryImageOfPage":{"@id":"https:\/\/nembutalhouse.com\/product\/buy-gbl-online\/#primaryimage"},"image":{"@id":"https:\/\/nembutalhouse.com\/product\/buy-gbl-online\/#primaryimage"},"thumbnailUrl":"https:\/\/nembutalhouse.com\/wp-content\/uploads\/2024\/10\/GBL.gif","datePublished":"2024-10-16T05:30:32+00:00","dateModified":"2026-03-06T08:54:23+00:00","description":"Looking to Buy gbl Online? Discover a seamless platform at our online store where you can buy gbl, ensuring top-grade quality for your research needs.","breadcrumb":{"@id":"https:\/\/nembutalhouse.com\/product\/buy-gbl-online\/#breadcrumb"},"inLanguage":"fr-FR","potentialAction":[{"@type":"ReadAction","target":["https:\/\/nembutalhouse.com\/product\/buy-gbl-online\/"]}]},{"@type":"ImageObject","inLanguage":"fr-FR","@id":"https:\/\/nembutalhouse.com\/product\/buy-gbl-online\/#primaryimage","url":"https:\/\/nembutalhouse.com\/wp-content\/uploads\/2024\/10\/GBL.gif","contentUrl":"https:\/\/nembutalhouse.com\/wp-content\/uploads\/2024\/10\/GBL.gif","width":600,"height":600,"caption":"Buy Gbl Online"},{"@type":"BreadcrumbList","@id":"https:\/\/nembutalhouse.com\/product\/buy-gbl-online\/#breadcrumb","itemListElement":[{"@type":"ListItem","position":1,"name":"Home","item":"https:\/\/nembutalhouse.com\/"},{"@type":"ListItem","position":2,"name":"Shop","item":"https:\/\/nembutalhouse.com\/shop\/"},{"@type":"ListItem","position":3,"name":"Buy Gbl Online"}]},{"@type":"WebSite","@id":"https:\/\/nembutalhouse.com\/#website","url":"https:\/\/nembutalhouse.com\/","name":"Nembutal House","description":"Best Nembutal Online Store","publisher":{"@id":"https:\/\/nembutalhouse.com\/#organization"},"potentialAction":[{"@type":"SearchAction","target":{"@type":"EntryPoint","urlTemplate":"https:\/\/nembutalhouse.com\/?s={search_term_string}"},"query-input":{"@type":"PropertyValueSpecification","valueRequired":true,"valueName":"search_term_string"}}],"inLanguage":"fr-FR"},{"@type":"Organization","@id":"https:\/\/nembutalhouse.com\/#organization","name":"Nembutal House","url":"https:\/\/nembutalhouse.com\/","logo":{"@type":"ImageObject","inLanguage":"fr-FR","@id":"https:\/\/nembutalhouse.com\/#\/schema\/logo\/image\/","url":"https:\/\/nembutalhouse.com\/wp-content\/uploads\/2022\/12\/logo.png","contentUrl":"https:\/\/nembutalhouse.com\/wp-content\/uploads\/2022\/12\/logo.png","width":344,"height":103,"caption":"Nembutal House"},"image":{"@id":"https:\/\/nembutalhouse.com\/#\/schema\/logo\/image\/"}}]}},"_links":{"self":[{"href":"https:\/\/nembutalhouse.com\/fr\/wp-json\/wp\/v2\/product\/579","targetHints":{"allow":["GET"]}}],"collection":[{"href":"https:\/\/nembutalhouse.com\/fr\/wp-json\/wp\/v2\/product"}],"about":[{"href":"https:\/\/nembutalhouse.com\/fr\/wp-json\/wp\/v2\/types\/product"}],"replies":[{"embeddable":true,"href":"https:\/\/nembutalhouse.com\/fr\/wp-json\/wp\/v2\/comments?post=579"}],"wp:featuredmedia":[{"embeddable":true,"href":"https:\/\/nembutalhouse.com\/fr\/wp-json\/wp\/v2\/media\/595"}],"wp:attachment":[{"href":"https:\/\/nembutalhouse.com\/fr\/wp-json\/wp\/v2\/media?parent=579"}],"wp:term":[{"taxonomy":"product_cat","embeddable":true,"href":"https:\/\/nembutalhouse.com\/fr\/wp-json\/wp\/v2\/product_cat?post=579"},{"taxonomy":"product_tag","embeddable":true,"href":"https:\/\/nembutalhouse.com\/fr\/wp-json\/wp\/v2\/product_tag?post=579"}],"curies":[{"name":"wp","href":"https:\/\/api.w.org\/{rel}","templated":true}]}}