{"id":577,"date":"2024-10-16T05:27:46","date_gmt":"2024-10-16T05:27:46","guid":{"rendered":"https:\/\/nembutalhouse.com\/?post_type=product&#038;p=577"},"modified":"2026-03-06T07:35:56","modified_gmt":"2026-03-06T07:35:56","slug":"buy-5f-adb-online","status":"publish","type":"product","link":"https:\/\/nembutalhouse.com\/fr\/produit\/buy-5f-adb-online\/","title":{"rendered":"Buy 5F-ADB Online"},"content":{"rendered":"<h2>Buy 5F-ADB Online<\/h2>\n<p><a href=\"https:\/\/nembutalhouse.com\/fr\/produit\/buy-5f-adb-online\/\">5F-ADB<\/a> disponible \u00e0 l'achat. Il s'agit d'un agoniste synth\u00e9tique des r\u00e9cepteurs cannabino\u00efdes (SCRA) de structure aminoalkylindazole, qui est un composant actif de produits commercialis\u00e9s en tant qu'alternatives au cannabis. Il n'y a pas d'usage m\u00e9dical ou th\u00e9rapeutique reconnu pour le 5F-ADB. Il fait l'objet d'abus et est utilis\u00e9 \u00e0 des fins non m\u00e9dicales dans plusieurs pays. En outre, certains pays ont nationalis\u00e9 le 5F-ADB. Le 5F-ADB imite les effets du \u03949-t\u00e9trahydrocannabinol (THC) lorsqu'il est fum\u00e9. Par rapport au THC, des doses plus faibles sont n\u00e9cessaires pour obtenir ces effets. De nombreux risques associ\u00e9s \u00e0 la consommation de cannabis s'appliquent \u00e9galement au 5F-ADB, notamment le risque de psychose aigu\u00eb et les probl\u00e8mes chez les personnes souffrant de troubles cardiovasculaires. 5F-ADB disponible \u00e0 l'achat<br \/>\nAper\u00e7u du pass\u00e9 de 5F-adb<\/p>\n<p>Le 5F-ADB, souvent appel\u00e9 5F-MDMB-PINACA, est un cannabino\u00efde synth\u00e9tique d\u00e9riv\u00e9 de l'indazole et appartenant \u00e0 la famille des indazoles-3-carboxamides. Il a \u00e9t\u00e9 commercialis\u00e9 comme drogue de synth\u00e8se sur Internet et utilis\u00e9 comme composant actif dans des produits synth\u00e9tiques \u00e0 base de cannabis. D\u00e9couvert pour la premi\u00e8re fois en novembre 2014, le 5F-ADB a \u00e9t\u00e9 trouv\u00e9 dans des \u00e9chantillons post-mortem d'une personne d\u00e9c\u00e9d\u00e9e qui avait utilis\u00e9 un produit contenant cette substance. \u00c0 la suite de tests, on a d\u00e9couvert que le 5F-ADB avait \u00e9t\u00e9 retrouv\u00e9 chez dix personnes d\u00e9c\u00e9d\u00e9es au Japon entre septembre 2014 et d\u00e9cembre 2014 d'une surdose de drogue encore inconnue. Sur la base des niveaux incroyablement bas trouv\u00e9s dans les \u00e9chantillons de tissus, on pense que le 5F-ADB est incroyablement puissant. Il semble \u00e9galement beaucoup plus dangereux que les m\u00e9dicaments synth\u00e9tiques \u00e0 base de cannabino\u00efdes pr\u00e9c\u00e9demment commercialis\u00e9s. Le 5F-ADB est disponible \u00e0 l'achat. Profil du m\u00e9dicament <a href=\"https:\/\/nembutalhouse.com\/fr\/\">NembutalHouse<\/a>.<\/p>\n<h3>L'OMS examine le pass\u00e9 du 5f-adb<\/h3>\n<p>Il n'y a jamais eu de pr\u00e9-\u00e9valuation ou d'\u00e9valuation critique de la <a href=\"https:\/\/en.wikipedia.org\/wiki\/5F-ADB\">5F-ADB<\/a>. Sur la base des informations port\u00e9es \u00e0 la connaissance de l'OMS, un examen critique direct est sugg\u00e9r\u00e9. En effet, le 5F-ADB est fabriqu\u00e9 clandestinement, pr\u00e9sente un risque particuli\u00e8rement grave pour la soci\u00e9t\u00e9 et la sant\u00e9 publique et n'a pas d'objectif th\u00e9rapeutique reconnu par les parties. Les donn\u00e9es pr\u00e9liminaires recueillies dans divers pays et la litt\u00e9rature sugg\u00e8rent que ce m\u00e9dicament n'a pas de valeur m\u00e9dicale connue et qu'il peut causer de graves dommages. 5F-ADB disponible \u00e0 l'achat<\/p>\n<p>&nbsp;<\/p>\n<p>&nbsp;<\/p>","protected":false},"excerpt":{"rendered":"<p>Buy 5F-ADB Online 5F-ADB available for purchase. It is an amino alkylindazole-structured synthetic cannabinoid receptor agonist (SCRA) that is an active component of goods marketed as cannabis alternatives. There is&hellip;<\/p>","protected":false},"featured_media":590,"comment_status":"closed","ping_status":"closed","template":"","meta":{"_joinchat":[]},"product_cat":[186],"product_tag":[708,715,718,704,724,726,703,714,725,723,722,711,701,713,702,720,717,710,706,707,721,719,716,709,712,705],"class_list":{"0":"post-577","1":"product","2":"type-product","3":"status-publish","4":"has-post-thumbnail","6":"product_cat-research-chemicals","7":"product_tag-5f-adb-powder","8":"product_tag-5f-adb-price","9":"product_tag-5f-adb-store","10":"product_tag-5f-adb-supplier","11":"product_tag-5f-adb-use","12":"product_tag-5f-adbfor-cleaning","13":"product_tag-5f-adbfor-sale","14":"product_tag-5f-adbpowder-online","15":"product_tag-5f-adbwiki","16":"product_tag-5f-adbworldwide","17":"product_tag-best-cheap-price-5f-adb","18":"product_tag-best-place-to-buy-5f-adb","19":"product_tag-buy-5f-adb","20":"product_tag-buy-5f-adb-legally","21":"product_tag-buy-5f-adbonline","22":"product_tag-cheap-5f-adbs","23":"product_tag-high-quality-5f-adb","24":"product_tag-how-to-buy-5f-adb","25":"product_tag-order-5f-adb","26":"product_tag-order-5f-adb-online","27":"product_tag-purcharse-5f-adb-powder","28":"product_tag-shop-5f-adb","29":"product_tag-top-quality-5f-adb","30":"product_tag-where-to-buy-5f-adb","31":"product_tag-where-to-order-5f-adb","32":"product_tag-wholesale-5f-adb-bulk-online","34":"first","35":"instock","36":"shipping-taxable","37":"purchasable","38":"product-type-variable"},"yoast_head":"<!-- This site is optimized with the Yoast SEO plugin v24.1 - https:\/\/yoast.com\/wordpress\/plugins\/seo\/ -->\n<title>Buy 5F-ADB Online - 5F-ADB for Sale | NembutalHouse<\/title>\n<meta name=\"description\" content=\"Discover top-notch 5f-adb for sale at our online store - buy 5f-adb conveniently and securely to fuel your research. Explore and order 5f-adb online, advancing your scientific endeavors with ease. Order Now!\" \/>\n<meta name=\"robots\" content=\"index, follow, max-snippet:-1, max-image-preview:large, max-video-preview:-1\" \/>\n<link rel=\"canonical\" href=\"https:\/\/nembutalhouse.com\/fr\/produit\/buy-5f-adb-online\/\" \/>\n<meta property=\"og:locale\" content=\"fr_FR\" \/>\n<meta property=\"og:type\" content=\"article\" \/>\n<meta property=\"og:title\" content=\"Buy 5F-ADB Online - 5F-ADB for Sale | NembutalHouse\" \/>\n<meta property=\"og:description\" content=\"Discover top-notch 5f-adb for sale at our online store - buy 5f-adb conveniently and securely to fuel your research. Explore and order 5f-adb online, advancing your scientific endeavors with ease. Order Now!\" \/>\n<meta property=\"og:url\" content=\"https:\/\/nembutalhouse.com\/fr\/produit\/buy-5f-adb-online\/\" \/>\n<meta property=\"og:site_name\" content=\"Nembutal House\" \/>\n<meta property=\"article:modified_time\" content=\"2026-03-06T07:35:56+00:00\" \/>\n<meta property=\"og:image\" content=\"https:\/\/nembutalhouse.com\/wp-content\/uploads\/2024\/10\/5F-ADB.gif\" \/>\n\t<meta property=\"og:image:width\" content=\"600\" \/>\n\t<meta property=\"og:image:height\" content=\"600\" \/>\n\t<meta property=\"og:image:type\" content=\"image\/gif\" \/>\n<meta name=\"twitter:card\" content=\"summary_large_image\" \/>\n<meta name=\"twitter:label1\" content=\"Dur\u00e9e de lecture estim\u00e9e\" \/>\n\t<meta name=\"twitter:data1\" content=\"2 minutes\" \/>\n<script type=\"application\/ld+json\" class=\"yoast-schema-graph\">{\"@context\":\"https:\/\/schema.org\",\"@graph\":[{\"@type\":\"WebPage\",\"@id\":\"https:\/\/nembutalhouse.com\/product\/buy-5f-adb-online\/\",\"url\":\"https:\/\/nembutalhouse.com\/product\/buy-5f-adb-online\/\",\"name\":\"Buy 5F-ADB Online - 5F-ADB for Sale | NembutalHouse\",\"isPartOf\":{\"@id\":\"https:\/\/nembutalhouse.com\/#website\"},\"primaryImageOfPage\":{\"@id\":\"https:\/\/nembutalhouse.com\/product\/buy-5f-adb-online\/#primaryimage\"},\"image\":{\"@id\":\"https:\/\/nembutalhouse.com\/product\/buy-5f-adb-online\/#primaryimage\"},\"thumbnailUrl\":\"https:\/\/nembutalhouse.com\/wp-content\/uploads\/2024\/10\/5F-ADB.gif\",\"datePublished\":\"2024-10-16T05:27:46+00:00\",\"dateModified\":\"2026-03-06T07:35:56+00:00\",\"description\":\"Discover top-notch 5f-adb for sale at our online store - buy 5f-adb conveniently and securely to fuel your research. Explore and order 5f-adb online, advancing your scientific endeavors with ease. Order Now!\",\"breadcrumb\":{\"@id\":\"https:\/\/nembutalhouse.com\/product\/buy-5f-adb-online\/#breadcrumb\"},\"inLanguage\":\"fr-FR\",\"potentialAction\":[{\"@type\":\"ReadAction\",\"target\":[\"https:\/\/nembutalhouse.com\/product\/buy-5f-adb-online\/\"]}]},{\"@type\":\"ImageObject\",\"inLanguage\":\"fr-FR\",\"@id\":\"https:\/\/nembutalhouse.com\/product\/buy-5f-adb-online\/#primaryimage\",\"url\":\"https:\/\/nembutalhouse.com\/wp-content\/uploads\/2024\/10\/5F-ADB.gif\",\"contentUrl\":\"https:\/\/nembutalhouse.com\/wp-content\/uploads\/2024\/10\/5F-ADB.gif\",\"width\":600,\"height\":600,\"caption\":\"Buy 5F-ADB Online\"},{\"@type\":\"BreadcrumbList\",\"@id\":\"https:\/\/nembutalhouse.com\/product\/buy-5f-adb-online\/#breadcrumb\",\"itemListElement\":[{\"@type\":\"ListItem\",\"position\":1,\"name\":\"Home\",\"item\":\"https:\/\/nembutalhouse.com\/\"},{\"@type\":\"ListItem\",\"position\":2,\"name\":\"Shop\",\"item\":\"https:\/\/nembutalhouse.com\/shop\/\"},{\"@type\":\"ListItem\",\"position\":3,\"name\":\"Buy 5F-ADB Online\"}]},{\"@type\":\"WebSite\",\"@id\":\"https:\/\/nembutalhouse.com\/#website\",\"url\":\"https:\/\/nembutalhouse.com\/\",\"name\":\"Nembutal House\",\"description\":\"Best Nembutal Online Store\",\"publisher\":{\"@id\":\"https:\/\/nembutalhouse.com\/#organization\"},\"potentialAction\":[{\"@type\":\"SearchAction\",\"target\":{\"@type\":\"EntryPoint\",\"urlTemplate\":\"https:\/\/nembutalhouse.com\/?s={search_term_string}\"},\"query-input\":{\"@type\":\"PropertyValueSpecification\",\"valueRequired\":true,\"valueName\":\"search_term_string\"}}],\"inLanguage\":\"fr-FR\"},{\"@type\":\"Organization\",\"@id\":\"https:\/\/nembutalhouse.com\/#organization\",\"name\":\"Nembutal House\",\"url\":\"https:\/\/nembutalhouse.com\/\",\"logo\":{\"@type\":\"ImageObject\",\"inLanguage\":\"fr-FR\",\"@id\":\"https:\/\/nembutalhouse.com\/#\/schema\/logo\/image\/\",\"url\":\"https:\/\/nembutalhouse.com\/wp-content\/uploads\/2022\/12\/logo.png\",\"contentUrl\":\"https:\/\/nembutalhouse.com\/wp-content\/uploads\/2022\/12\/logo.png\",\"width\":344,\"height\":103,\"caption\":\"Nembutal House\"},\"image\":{\"@id\":\"https:\/\/nembutalhouse.com\/#\/schema\/logo\/image\/\"}}]}<\/script>\n<!-- \/ Yoast SEO plugin. -->","yoast_head_json":{"title":"Buy 5F-ADB Online - 5F-ADB for Sale | NembutalHouse","description":"Discover top-notch 5f-adb for sale at our online store - buy 5f-adb conveniently and securely to fuel your research. Explore and order 5f-adb online, advancing your scientific endeavors with ease. Order Now!","robots":{"index":"index","follow":"follow","max-snippet":"max-snippet:-1","max-image-preview":"max-image-preview:large","max-video-preview":"max-video-preview:-1"},"canonical":"https:\/\/nembutalhouse.com\/fr\/produit\/buy-5f-adb-online\/","og_locale":"fr_FR","og_type":"article","og_title":"Buy 5F-ADB Online - 5F-ADB for Sale | NembutalHouse","og_description":"Discover top-notch 5f-adb for sale at our online store - buy 5f-adb conveniently and securely to fuel your research. Explore and order 5f-adb online, advancing your scientific endeavors with ease. Order Now!","og_url":"https:\/\/nembutalhouse.com\/fr\/produit\/buy-5f-adb-online\/","og_site_name":"Nembutal House","article_modified_time":"2026-03-06T07:35:56+00:00","og_image":[{"width":600,"height":600,"url":"https:\/\/nembutalhouse.com\/wp-content\/uploads\/2024\/10\/5F-ADB.gif","type":"image\/gif"}],"twitter_card":"summary_large_image","twitter_misc":{"Dur\u00e9e de lecture estim\u00e9e":"2 minutes"},"schema":{"@context":"https:\/\/schema.org","@graph":[{"@type":"WebPage","@id":"https:\/\/nembutalhouse.com\/product\/buy-5f-adb-online\/","url":"https:\/\/nembutalhouse.com\/product\/buy-5f-adb-online\/","name":"Buy 5F-ADB Online - 5F-ADB for Sale | NembutalHouse","isPartOf":{"@id":"https:\/\/nembutalhouse.com\/#website"},"primaryImageOfPage":{"@id":"https:\/\/nembutalhouse.com\/product\/buy-5f-adb-online\/#primaryimage"},"image":{"@id":"https:\/\/nembutalhouse.com\/product\/buy-5f-adb-online\/#primaryimage"},"thumbnailUrl":"https:\/\/nembutalhouse.com\/wp-content\/uploads\/2024\/10\/5F-ADB.gif","datePublished":"2024-10-16T05:27:46+00:00","dateModified":"2026-03-06T07:35:56+00:00","description":"Discover top-notch 5f-adb for sale at our online store - buy 5f-adb conveniently and securely to fuel your research. Explore and order 5f-adb online, advancing your scientific endeavors with ease. Order Now!","breadcrumb":{"@id":"https:\/\/nembutalhouse.com\/product\/buy-5f-adb-online\/#breadcrumb"},"inLanguage":"fr-FR","potentialAction":[{"@type":"ReadAction","target":["https:\/\/nembutalhouse.com\/product\/buy-5f-adb-online\/"]}]},{"@type":"ImageObject","inLanguage":"fr-FR","@id":"https:\/\/nembutalhouse.com\/product\/buy-5f-adb-online\/#primaryimage","url":"https:\/\/nembutalhouse.com\/wp-content\/uploads\/2024\/10\/5F-ADB.gif","contentUrl":"https:\/\/nembutalhouse.com\/wp-content\/uploads\/2024\/10\/5F-ADB.gif","width":600,"height":600,"caption":"Buy 5F-ADB Online"},{"@type":"BreadcrumbList","@id":"https:\/\/nembutalhouse.com\/product\/buy-5f-adb-online\/#breadcrumb","itemListElement":[{"@type":"ListItem","position":1,"name":"Home","item":"https:\/\/nembutalhouse.com\/"},{"@type":"ListItem","position":2,"name":"Shop","item":"https:\/\/nembutalhouse.com\/shop\/"},{"@type":"ListItem","position":3,"name":"Buy 5F-ADB Online"}]},{"@type":"WebSite","@id":"https:\/\/nembutalhouse.com\/#website","url":"https:\/\/nembutalhouse.com\/","name":"Nembutal House","description":"Best Nembutal Online Store","publisher":{"@id":"https:\/\/nembutalhouse.com\/#organization"},"potentialAction":[{"@type":"SearchAction","target":{"@type":"EntryPoint","urlTemplate":"https:\/\/nembutalhouse.com\/?s={search_term_string}"},"query-input":{"@type":"PropertyValueSpecification","valueRequired":true,"valueName":"search_term_string"}}],"inLanguage":"fr-FR"},{"@type":"Organization","@id":"https:\/\/nembutalhouse.com\/#organization","name":"Nembutal House","url":"https:\/\/nembutalhouse.com\/","logo":{"@type":"ImageObject","inLanguage":"fr-FR","@id":"https:\/\/nembutalhouse.com\/#\/schema\/logo\/image\/","url":"https:\/\/nembutalhouse.com\/wp-content\/uploads\/2022\/12\/logo.png","contentUrl":"https:\/\/nembutalhouse.com\/wp-content\/uploads\/2022\/12\/logo.png","width":344,"height":103,"caption":"Nembutal House"},"image":{"@id":"https:\/\/nembutalhouse.com\/#\/schema\/logo\/image\/"}}]}},"_links":{"self":[{"href":"https:\/\/nembutalhouse.com\/fr\/wp-json\/wp\/v2\/product\/577","targetHints":{"allow":["GET"]}}],"collection":[{"href":"https:\/\/nembutalhouse.com\/fr\/wp-json\/wp\/v2\/product"}],"about":[{"href":"https:\/\/nembutalhouse.com\/fr\/wp-json\/wp\/v2\/types\/product"}],"replies":[{"embeddable":true,"href":"https:\/\/nembutalhouse.com\/fr\/wp-json\/wp\/v2\/comments?post=577"}],"wp:featuredmedia":[{"embeddable":true,"href":"https:\/\/nembutalhouse.com\/fr\/wp-json\/wp\/v2\/media\/590"}],"wp:attachment":[{"href":"https:\/\/nembutalhouse.com\/fr\/wp-json\/wp\/v2\/media?parent=577"}],"wp:term":[{"taxonomy":"product_cat","embeddable":true,"href":"https:\/\/nembutalhouse.com\/fr\/wp-json\/wp\/v2\/product_cat?post=577"},{"taxonomy":"product_tag","embeddable":true,"href":"https:\/\/nembutalhouse.com\/fr\/wp-json\/wp\/v2\/product_tag?post=577"}],"curies":[{"name":"wp","href":"https:\/\/api.w.org\/{rel}","templated":true}]}}