{"id":529,"date":"2024-10-16T04:59:57","date_gmt":"2024-10-16T04:59:57","guid":{"rendered":"https:\/\/nembutalhouse.com\/?post_type=product&#038;p=529"},"modified":"2026-03-06T07:35:40","modified_gmt":"2026-03-06T07:35:40","slug":"buy-5cladba-online","status":"publish","type":"product","link":"https:\/\/nembutalhouse.com\/fr\/produit\/acheter-5cladba-en-ligne\/","title":{"rendered":"Buy 5cladba Online"},"content":{"rendered":"<h2>Acheter 5cl-adb-a en ligne<\/h2>\n<p>Acheter en ligne 5cl-adb-a Il est \u00e9galement connu sous le nom de MDMB-4en-P et n'est g\u00e9n\u00e9ralement utilis\u00e9 que pour l'\u00e9tude ; il n'est pas destin\u00e9 \u00e0 \u00eatre consomm\u00e9 par les humains ou les animaux.<br \/>\n5-cl-adb-a disponible \u00e0 l'achat<\/p>\n<p><a href=\"https:\/\/nembutalhouse.com\/fr\/\">NembutalHouse<\/a> Sales propose 5cl-adb-a \u00e0 la vente en ligne \u00e0 un prix avantageux. Nous exp\u00e9dions d\u00e8s que le produit est v\u00e9rifi\u00e9 ; en attendant, 5-cl-adb-a est un cannabino\u00efde produit artificiellement qui est r\u00e9cemment devenu disponible et qui a \u00e9t\u00e9 ajout\u00e9 \u00e0 notre inventaire. Il s'agit d'un cannabino\u00efde artificiel de la famille des indazoles-3-carboxamides. <a href=\"https:\/\/nembutalhouse.com\/fr\/produit\/acheter-5cladba-en-ligne\/\">5-cl-adb-an<\/a>. Il est issu d'une s\u00e9rie de m\u00e9langes que Pfizer a d\u00e9velopp\u00e9 pour la premi\u00e8re fois en 2009 en tant qu'analg\u00e9sique.<\/p>\n<h3>demandes pour 5cl-adb-a<\/h3>\n<p>Le 5cl-adb-a qui peut \u00eatre achet\u00e9 sur ce site n'est pas destin\u00e9 \u00e0 des tests in vivo ou \u00e0 un usage humain. Cet article est<\/p>\n<p>sugg\u00e9r\u00e9 pour, en quelque sorte, des applications criminologiques et des enqu\u00eates logiques. 5-cl-adb-a ne doit \u00eatre utilis\u00e9 que dans les conditions d'un centre de recherche par un personnel form\u00e9.<\/p>\n<p><a href=\"https:\/\/en.wikipedia.org\/wiki\/MDMB-4en-PINACA\">5-CL-ADB-An<\/a> est un cannabino\u00efde synth\u00e9tique d\u00e9riv\u00e9 des indazoles. Le 5-cl-adb-a est commercialis\u00e9 en tant que m\u00e9dicament d'architecte et peut \u00eatre achet\u00e9 en ligne. L'achat de 5cl-adb-a en ligne est un exemple simple de subordonn\u00e9 5f-adb amyl\u00e9, o\u00f9 un amyl\u00e8ne a \u00e9t\u00e9 utilis\u00e9 \u00e0 la place de l'ester m\u00e9thylique.<\/p>\n<p>En comparaison, il est bien plus puissant que le 5f-adb, m\u00eame lorsqu'il est exprim\u00e9 simplement. Dans le cas improbable o\u00f9 vous chercheriez un cannabis chaud et puissant, le 5-cl-adb-an est celui qu'il vous faut. Contactez-nous d\u00e8s maintenant via WhatsApp ou notre visite en direct, et nous vous fournirons toutes les informations dont vous pourriez avoir besoin concernant ce nouveau cannabino\u00efde qui est actuellement plus largement utilis\u00e9. Acheter en ligne 5cl-adb-a.<\/p>\n<p>&nbsp;<\/p>\n<p>&nbsp;<\/p>","protected":false},"excerpt":{"rendered":"<p>Buy\u00a0 5cl-adb-a online Buy online 5cl-adb-a It is also known as MDMB-4en-P and is typically only meant to be used for study; it is not meant to be consumed by&hellip;<\/p>","protected":false},"featured_media":575,"comment_status":"closed","ping_status":"closed","template":"","meta":{"_joinchat":[]},"product_cat":[186],"product_tag":[670,649,652,658,659,662,669,667,668,666,655,647,657,648,664,624,661,654,650,651,665,663,660,653,656,625],"class_list":{"0":"post-529","1":"product","2":"type-product","3":"status-publish","4":"has-post-thumbnail","6":"product_cat-research-chemicals","7":"product_tag-5cladba-for-cleaning","8":"product_tag-5cladba-for-sale","9":"product_tag-5cladba-powder","10":"product_tag-5cladba-powder-online","11":"product_tag-5cladba-price","12":"product_tag-5cladba-store","13":"product_tag-5cladba-wiki","14":"product_tag-5cladba-worldwide","15":"product_tag-5cladbas-use","16":"product_tag-best-cheap-price-5cladba","17":"product_tag-best-place-to-buy-5cladba","18":"product_tag-buy-5cladba","19":"product_tag-buy-5cladba-legally","20":"product_tag-buy-5cladba-online","21":"product_tag-cheap-5cladbas","22":"product_tag-dmxe-supplier","23":"product_tag-high-quality-5cladba","24":"product_tag-how-to-buy-5cladba","25":"product_tag-order-5cladba","26":"product_tag-order-5cladba-online","27":"product_tag-purcharse-5cladba","28":"product_tag-shop-5cladba","29":"product_tag-top-quality-5cladba","30":"product_tag-where-to-buy-5cladba","31":"product_tag-where-to-order-5cladba","32":"product_tag-wholesale-dmxe-bulk-online","34":"first","35":"instock","36":"shipping-taxable","37":"purchasable","38":"product-type-variable"},"yoast_head":"<!-- This site is optimized with the Yoast SEO plugin v24.1 - https:\/\/yoast.com\/wordpress\/plugins\/seo\/ -->\n<title>Buy 5 CLADBA Online - 5 CLADBA Powder for Sale<\/title>\n<meta name=\"description\" content=\"Find premium 5cladba for sale at our online store, providing a secure platform to buy 5cladba online with ease, catering to your research needs.\" \/>\n<meta name=\"robots\" content=\"index, follow, max-snippet:-1, max-image-preview:large, max-video-preview:-1\" \/>\n<link rel=\"canonical\" href=\"https:\/\/nembutalhouse.com\/fr\/produit\/acheter-5cladba-en-ligne\/\" \/>\n<meta property=\"og:locale\" content=\"fr_FR\" \/>\n<meta property=\"og:type\" content=\"article\" \/>\n<meta property=\"og:title\" content=\"Buy 5 CLADBA Online - 5 CLADBA Powder for Sale\" \/>\n<meta property=\"og:description\" content=\"Find premium 5cladba for sale at our online store, providing a secure platform to buy 5cladba online with ease, catering to your research needs.\" \/>\n<meta property=\"og:url\" content=\"https:\/\/nembutalhouse.com\/fr\/produit\/acheter-5cladba-en-ligne\/\" \/>\n<meta property=\"og:site_name\" content=\"Nembutal House\" \/>\n<meta property=\"article:modified_time\" content=\"2026-03-06T07:35:40+00:00\" \/>\n<meta property=\"og:image\" content=\"https:\/\/nembutalhouse.com\/wp-content\/uploads\/2024\/10\/5cladba.gif\" \/>\n\t<meta property=\"og:image:width\" content=\"600\" \/>\n\t<meta property=\"og:image:height\" content=\"600\" \/>\n\t<meta property=\"og:image:type\" content=\"image\/gif\" \/>\n<meta name=\"twitter:card\" content=\"summary_large_image\" \/>\n<meta name=\"twitter:label1\" content=\"Dur\u00e9e de lecture estim\u00e9e\" \/>\n\t<meta name=\"twitter:data1\" content=\"2 minutes\" \/>\n<script type=\"application\/ld+json\" class=\"yoast-schema-graph\">{\"@context\":\"https:\/\/schema.org\",\"@graph\":[{\"@type\":\"WebPage\",\"@id\":\"https:\/\/nembutalhouse.com\/product\/buy-5cladba-online\/\",\"url\":\"https:\/\/nembutalhouse.com\/product\/buy-5cladba-online\/\",\"name\":\"Buy 5 CLADBA Online - 5 CLADBA Powder for Sale\",\"isPartOf\":{\"@id\":\"https:\/\/nembutalhouse.com\/#website\"},\"primaryImageOfPage\":{\"@id\":\"https:\/\/nembutalhouse.com\/product\/buy-5cladba-online\/#primaryimage\"},\"image\":{\"@id\":\"https:\/\/nembutalhouse.com\/product\/buy-5cladba-online\/#primaryimage\"},\"thumbnailUrl\":\"https:\/\/nembutalhouse.com\/wp-content\/uploads\/2024\/10\/5cladba.gif\",\"datePublished\":\"2024-10-16T04:59:57+00:00\",\"dateModified\":\"2026-03-06T07:35:40+00:00\",\"description\":\"Find premium 5cladba for sale at our online store, providing a secure platform to buy 5cladba online with ease, catering to your research needs.\",\"breadcrumb\":{\"@id\":\"https:\/\/nembutalhouse.com\/product\/buy-5cladba-online\/#breadcrumb\"},\"inLanguage\":\"fr-FR\",\"potentialAction\":[{\"@type\":\"ReadAction\",\"target\":[\"https:\/\/nembutalhouse.com\/product\/buy-5cladba-online\/\"]}]},{\"@type\":\"ImageObject\",\"inLanguage\":\"fr-FR\",\"@id\":\"https:\/\/nembutalhouse.com\/product\/buy-5cladba-online\/#primaryimage\",\"url\":\"https:\/\/nembutalhouse.com\/wp-content\/uploads\/2024\/10\/5cladba.gif\",\"contentUrl\":\"https:\/\/nembutalhouse.com\/wp-content\/uploads\/2024\/10\/5cladba.gif\",\"width\":600,\"height\":600,\"caption\":\"Buy 5cladba Online\"},{\"@type\":\"BreadcrumbList\",\"@id\":\"https:\/\/nembutalhouse.com\/product\/buy-5cladba-online\/#breadcrumb\",\"itemListElement\":[{\"@type\":\"ListItem\",\"position\":1,\"name\":\"Home\",\"item\":\"https:\/\/nembutalhouse.com\/\"},{\"@type\":\"ListItem\",\"position\":2,\"name\":\"Shop\",\"item\":\"https:\/\/nembutalhouse.com\/shop\/\"},{\"@type\":\"ListItem\",\"position\":3,\"name\":\"Buy 5cladba Online\"}]},{\"@type\":\"WebSite\",\"@id\":\"https:\/\/nembutalhouse.com\/#website\",\"url\":\"https:\/\/nembutalhouse.com\/\",\"name\":\"Nembutal House\",\"description\":\"Best Nembutal Online Store\",\"publisher\":{\"@id\":\"https:\/\/nembutalhouse.com\/#organization\"},\"potentialAction\":[{\"@type\":\"SearchAction\",\"target\":{\"@type\":\"EntryPoint\",\"urlTemplate\":\"https:\/\/nembutalhouse.com\/?s={search_term_string}\"},\"query-input\":{\"@type\":\"PropertyValueSpecification\",\"valueRequired\":true,\"valueName\":\"search_term_string\"}}],\"inLanguage\":\"fr-FR\"},{\"@type\":\"Organization\",\"@id\":\"https:\/\/nembutalhouse.com\/#organization\",\"name\":\"Nembutal House\",\"url\":\"https:\/\/nembutalhouse.com\/\",\"logo\":{\"@type\":\"ImageObject\",\"inLanguage\":\"fr-FR\",\"@id\":\"https:\/\/nembutalhouse.com\/#\/schema\/logo\/image\/\",\"url\":\"https:\/\/nembutalhouse.com\/wp-content\/uploads\/2022\/12\/logo.png\",\"contentUrl\":\"https:\/\/nembutalhouse.com\/wp-content\/uploads\/2022\/12\/logo.png\",\"width\":344,\"height\":103,\"caption\":\"Nembutal House\"},\"image\":{\"@id\":\"https:\/\/nembutalhouse.com\/#\/schema\/logo\/image\/\"}}]}<\/script>\n<!-- \/ Yoast SEO plugin. -->","yoast_head_json":{"title":"Buy 5 CLADBA Online - 5 CLADBA Powder for Sale","description":"Find premium 5cladba for sale at our online store, providing a secure platform to buy 5cladba online with ease, catering to your research needs.","robots":{"index":"index","follow":"follow","max-snippet":"max-snippet:-1","max-image-preview":"max-image-preview:large","max-video-preview":"max-video-preview:-1"},"canonical":"https:\/\/nembutalhouse.com\/fr\/produit\/acheter-5cladba-en-ligne\/","og_locale":"fr_FR","og_type":"article","og_title":"Buy 5 CLADBA Online - 5 CLADBA Powder for Sale","og_description":"Find premium 5cladba for sale at our online store, providing a secure platform to buy 5cladba online with ease, catering to your research needs.","og_url":"https:\/\/nembutalhouse.com\/fr\/produit\/acheter-5cladba-en-ligne\/","og_site_name":"Nembutal House","article_modified_time":"2026-03-06T07:35:40+00:00","og_image":[{"width":600,"height":600,"url":"https:\/\/nembutalhouse.com\/wp-content\/uploads\/2024\/10\/5cladba.gif","type":"image\/gif"}],"twitter_card":"summary_large_image","twitter_misc":{"Dur\u00e9e de lecture estim\u00e9e":"2 minutes"},"schema":{"@context":"https:\/\/schema.org","@graph":[{"@type":"WebPage","@id":"https:\/\/nembutalhouse.com\/product\/buy-5cladba-online\/","url":"https:\/\/nembutalhouse.com\/product\/buy-5cladba-online\/","name":"Buy 5 CLADBA Online - 5 CLADBA Powder for Sale","isPartOf":{"@id":"https:\/\/nembutalhouse.com\/#website"},"primaryImageOfPage":{"@id":"https:\/\/nembutalhouse.com\/product\/buy-5cladba-online\/#primaryimage"},"image":{"@id":"https:\/\/nembutalhouse.com\/product\/buy-5cladba-online\/#primaryimage"},"thumbnailUrl":"https:\/\/nembutalhouse.com\/wp-content\/uploads\/2024\/10\/5cladba.gif","datePublished":"2024-10-16T04:59:57+00:00","dateModified":"2026-03-06T07:35:40+00:00","description":"Find premium 5cladba for sale at our online store, providing a secure platform to buy 5cladba online with ease, catering to your research needs.","breadcrumb":{"@id":"https:\/\/nembutalhouse.com\/product\/buy-5cladba-online\/#breadcrumb"},"inLanguage":"fr-FR","potentialAction":[{"@type":"ReadAction","target":["https:\/\/nembutalhouse.com\/product\/buy-5cladba-online\/"]}]},{"@type":"ImageObject","inLanguage":"fr-FR","@id":"https:\/\/nembutalhouse.com\/product\/buy-5cladba-online\/#primaryimage","url":"https:\/\/nembutalhouse.com\/wp-content\/uploads\/2024\/10\/5cladba.gif","contentUrl":"https:\/\/nembutalhouse.com\/wp-content\/uploads\/2024\/10\/5cladba.gif","width":600,"height":600,"caption":"Buy 5cladba Online"},{"@type":"BreadcrumbList","@id":"https:\/\/nembutalhouse.com\/product\/buy-5cladba-online\/#breadcrumb","itemListElement":[{"@type":"ListItem","position":1,"name":"Home","item":"https:\/\/nembutalhouse.com\/"},{"@type":"ListItem","position":2,"name":"Shop","item":"https:\/\/nembutalhouse.com\/shop\/"},{"@type":"ListItem","position":3,"name":"Buy 5cladba Online"}]},{"@type":"WebSite","@id":"https:\/\/nembutalhouse.com\/#website","url":"https:\/\/nembutalhouse.com\/","name":"Nembutal House","description":"Best Nembutal Online Store","publisher":{"@id":"https:\/\/nembutalhouse.com\/#organization"},"potentialAction":[{"@type":"SearchAction","target":{"@type":"EntryPoint","urlTemplate":"https:\/\/nembutalhouse.com\/?s={search_term_string}"},"query-input":{"@type":"PropertyValueSpecification","valueRequired":true,"valueName":"search_term_string"}}],"inLanguage":"fr-FR"},{"@type":"Organization","@id":"https:\/\/nembutalhouse.com\/#organization","name":"Nembutal House","url":"https:\/\/nembutalhouse.com\/","logo":{"@type":"ImageObject","inLanguage":"fr-FR","@id":"https:\/\/nembutalhouse.com\/#\/schema\/logo\/image\/","url":"https:\/\/nembutalhouse.com\/wp-content\/uploads\/2022\/12\/logo.png","contentUrl":"https:\/\/nembutalhouse.com\/wp-content\/uploads\/2022\/12\/logo.png","width":344,"height":103,"caption":"Nembutal House"},"image":{"@id":"https:\/\/nembutalhouse.com\/#\/schema\/logo\/image\/"}}]}},"_links":{"self":[{"href":"https:\/\/nembutalhouse.com\/fr\/wp-json\/wp\/v2\/product\/529","targetHints":{"allow":["GET"]}}],"collection":[{"href":"https:\/\/nembutalhouse.com\/fr\/wp-json\/wp\/v2\/product"}],"about":[{"href":"https:\/\/nembutalhouse.com\/fr\/wp-json\/wp\/v2\/types\/product"}],"replies":[{"embeddable":true,"href":"https:\/\/nembutalhouse.com\/fr\/wp-json\/wp\/v2\/comments?post=529"}],"wp:featuredmedia":[{"embeddable":true,"href":"https:\/\/nembutalhouse.com\/fr\/wp-json\/wp\/v2\/media\/575"}],"wp:attachment":[{"href":"https:\/\/nembutalhouse.com\/fr\/wp-json\/wp\/v2\/media?parent=529"}],"wp:term":[{"taxonomy":"product_cat","embeddable":true,"href":"https:\/\/nembutalhouse.com\/fr\/wp-json\/wp\/v2\/product_cat?post=529"},{"taxonomy":"product_tag","embeddable":true,"href":"https:\/\/nembutalhouse.com\/fr\/wp-json\/wp\/v2\/product_tag?post=529"}],"curies":[{"name":"wp","href":"https:\/\/api.w.org\/{rel}","templated":true}]}}