{"id":36,"date":"2022-12-13T19:00:28","date_gmt":"2022-12-13T19:00:28","guid":{"rendered":"https:\/\/nembutalhouse.com\/?post_type=product&#038;p=36"},"modified":"2026-03-06T11:11:03","modified_gmt":"2026-03-06T11:11:03","slug":"buy-nembutal-tablets-online","status":"publish","type":"product","link":"https:\/\/nembutalhouse.com\/fr\/produit\/acheter-des-comprimes-de-nembutal-en-ligne\/","title":{"rendered":"Acheter des comprim\u00e9s de Nembutal en ligne"},"content":{"rendered":"<h2>Acheter des comprim\u00e9s de Nembutal en ligne<\/h2>\n<p>Trouver une source ou un vendeur solide et fiable de comprim\u00e9s de nembutal est important comme nous. N'oubliez pas que vous faites attention \u00e0 votre sant\u00e9 si le produit que vous utilisez n'est pas authentique. Si vous envisagez de <a href=\"https:\/\/nembutalhouse.com\/fr\/produit\/acheter-des-comprimes-de-nembutal-en-ligne\/\"><strong>acheter des comprim\u00e9s de nembutal en ligne<\/strong><\/a>, nous vous guiderons pour acheter les comprim\u00e9s de Nembutal dans notre magasin.<\/p>\n<h3>Acheter les comprim\u00e9s de Nembutal en ligne :<\/h3>\n<p>Avant d'acheter du Nembutal dans notre magasin, parlez toujours \u00e0 votre m\u00e9decin du type de m\u00e9dicament dont vous avez besoin. Prenez rendez-vous avec votre m\u00e9decin pour un diagnostic appropri\u00e9 et des recommandations de traitement. Cela est particuli\u00e8rement vrai si vous souffrez d'une maladie grave ou chronique. Supposons que vous achetiez des comprim\u00e9s de nembutal en ligne sans consulter un m\u00e9decin peut \u00eatre dangereux. Vous pouvez sans le savoir aggraver votre \u00e9tat ou avoir des effets secondaires ind\u00e9sirables. Vous pouvez recevoir des notifications de\u00a0comprim\u00e9s de nembutal en vente\u00a0sur notre site.<\/p>\n<p>Si vous\u00a0commandez des comprim\u00e9s de nembutal\u00a0sur notre site, c'est s\u00fbr car vous devez savoir ce que vous consommez. Vous pouvez acheter des comprim\u00e9s de nembutal France aupr\u00e8s de notre fournisseur fiable sur le march\u00e9. Vous pouvez facilement contacter notre \u00e9quipe professionnelle pour conna\u00eetre la proc\u00e9dure d'achat des comprim\u00e9s de Nembutal sur notre boutique en ligne.<\/p>\n<p>Rappelez-vous que\u00a0<a href=\"https:\/\/nembutalhouse.com\/fr\/\" target=\"_blank\" rel=\"noopener\"><strong>acheter du nembutal en ligne<\/strong><\/a>\u00a0les plates-formes sont souvent de qualit\u00e9 inf\u00e9rieure ou contrefaites. Ces produits peuvent nuire \u00e0 votre sant\u00e9 \u00e0 long terme. Lorsqu'un site Web ou un d\u00e9taillant est pr\u00eat \u00e0 vous vendre des m\u00e9dicaments sur ordonnance sans ordonnance, consid\u00e9rez cela comme un signal dangereux.<\/p>\n<h3>Comprim\u00e9s Nembutal \u00e0 vendre:<\/h3>\n<p>L'une des principales raisons d'acheter du pentobarbital en ligne dans notre magasin est que vous avez confiance en l'origine du produit. Faites donc vos recherches pour trouver un d\u00e9taillant de confiance comme nous dans votre r\u00e9gion. Vous ne pourrez peut-\u00eatre pas r\u00e9clamer des dommages-int\u00e9r\u00eats ou obtenir un remboursement en cas de panne. Vous courez \u00e9galement le risque de recevoir des marchandises endommag\u00e9es ou p\u00e9rim\u00e9es.<\/p>\n<p>Le prix du Nembutal en ligne n'est pas toujours le m\u00eame que celui du produit en pharmacie physique. Par cons\u00e9quent, il est logique d'appeler votre pharmacie locale pour demander le prix du Nembutal que vous souhaitez acheter\u00a0nembutal (pentobarbital sodique)\u00a0et comparer les prix avec les prix en ligne.<\/p>\n<h3>Comment allez-vous acheter des comprim\u00e9s de Nembutal en ligne\u00a0?<\/h3>\n<p><a href=\"https:\/\/en.wikipedia.org\/wiki\/Pentobarbital\">Nembutal<\/a> that provides miraculous or fast results for specific medical conditions is too good to be true. Stay away from these products at all costs and know the steps on\u00a0how to buy nembutal tablets. These products may contain ingredients that can cause serious side effects. Labels like &#8216;miracle,&#8217; &#8216;100% safe&#8217;, &#8216;cure-all,&#8217; or &#8216;risk-free&#8217; indicate questionable products you need to avoid. Testimonials in forum posts, blogs, or group messages are untrusted because they are easy to generate or pay for. The best place to start when looking for advice is family and friends but always consult your doctor or pharmacist.<\/p>\n<p>With the convenience of the internet, almost everything is accessible from the comfort of your home. Now it is possible to buy Nembutal from our online store. Make sure you are familiar with these safety tips and\u00a0where to buy nembutal tablets. You will find the best Nembutal tablets from our site. Contact us today!<\/p>","protected":false},"excerpt":{"rendered":"<p>Chaque comprim\u00e9 de Nembutal 100 mg contient.<\/p>","protected":false},"featured_media":18,"comment_status":"open","ping_status":"closed","template":"","meta":{"_joinchat":[]},"product_cat":[16],"product_tag":[483,472,48,17,49,50,51,462,474,463,19,52,481,478,20,471,21,23,24,25,26,53,27,30,31,54,35,36,487,464,469,488,476,479,465,486,484,475,485,37,38,39,55,467,468,482,480,477,45,46,57,470,58,473,466],"class_list":{"0":"post-36","1":"product","2":"type-product","3":"status-publish","4":"has-post-thumbnail","6":"product_cat-nembutal","7":"product_tag-best-cheap-price-nembutal-tablets","8":"product_tag-best-place-to-buy-nembutal-tablets","9":"product_tag-buy-nembutal-exit-international","10":"product_tag-buy-nembutal-online","11":"product_tag-buy-nembutal-pentobarbital","12":"product_tag-buy-nembutal-pills-online","13":"product_tag-buy-nembutal-pills-online-without-prescription","14":"product_tag-buy-nembutal-tablets","15":"product_tag-buy-nembutal-tablets-legally","16":"product_tag-buy-nembutal-tablets-online","17":"product_tag-buy-nembutal-uk","18":"product_tag-cheap-nembutal-pills-for-sale","19":"product_tag-cheap-nembutal-tabletss","20":"product_tag-high-quality-nembutal-tablets","21":"product_tag-how-can-i-get-nembutal","22":"product_tag-how-to-buy-nembutal-tablets","23":"product_tag-how-to-make-nembutal","24":"product_tag-how-to-purchase-nembutal","25":"product_tag-nembutal","26":"product_tag-nembutal-buy","27":"product_tag-nembutal-buy-india","28":"product_tag-nembutal-capsules-for-sale","29":"product_tag-nembutal-for-sale","30":"product_tag-nembutal-order-online","31":"product_tag-nembutal-pentobarbital-for-sale-in-usa","32":"product_tag-nembutal-pills-for-sale","33":"product_tag-nembutal-sodium","34":"product_tag-nembutal-suicide","35":"product_tag-nembutal-tablets-for-cleaning","36":"product_tag-nembutal-tablets-for-sale","37":"product_tag-nembutal-tablets-liquid","38":"product_tag-nembutal-tablets-powder","39":"product_tag-nembutal-tablets-price","40":"product_tag-nembutal-tablets-store","41":"product_tag-nembutal-tablets-supplier","42":"product_tag-nembutal-tablets-wiki","43":"product_tag-nembutal-tablets-worldwide","44":"product_tag-nembutal-tabletss-online","45":"product_tag-nembutal-tabletss-use","46":"product_tag-nembutal-where-to-buy","47":"product_tag-order-nembutal","48":"product_tag-order-nembutal-online","49":"product_tag-order-nembutal-pills-online","50":"product_tag-order-nembutal-tablets","51":"product_tag-order-nembutal-tablets-online","52":"product_tag-purcharse-nembutal-tablets","53":"product_tag-shop-nembutal-tablets","54":"product_tag-top-quality-nembutal-tablets","55":"product_tag-what-is-nembutal","56":"product_tag-where-to-buy-nembutal","57":"product_tag-where-to-buy-nembutal-pills","58":"product_tag-where-to-buy-nembutal-tablets","59":"product_tag-where-to-buy-pentobarbital-for-dogs","60":"product_tag-where-to-order-nembutal-tablets","61":"product_tag-wholesale-nembutal-tablets-bulk-online","63":"first","64":"instock","65":"shipping-taxable","66":"purchasable","67":"product-type-variable","68":"has-default-attributes"},"yoast_head":"<!-- This site is optimized with the Yoast SEO plugin v24.1 - https:\/\/yoast.com\/wordpress\/plugins\/seo\/ -->\n<title>Buy Nembutal Tablets Online - Nembutal Tablets for Sale<\/title>\n<meta name=\"description\" content=\"Looking to buy nembutal tablets Online? Discover a seamless platform at our online store where you can buy nembutal tablets, ensuring top-grade quality for your research needs.\" \/>\n<meta name=\"robots\" content=\"index, follow, max-snippet:-1, max-image-preview:large, max-video-preview:-1\" \/>\n<link rel=\"canonical\" href=\"https:\/\/nembutalhouse.com\/fr\/produit\/acheter-des-comprimes-de-nembutal-en-ligne\/\" \/>\n<meta property=\"og:locale\" content=\"fr_FR\" \/>\n<meta property=\"og:type\" content=\"article\" \/>\n<meta property=\"og:title\" content=\"Buy Nembutal Tablets Online - Nembutal Tablets for Sale\" \/>\n<meta property=\"og:description\" content=\"Looking to buy nembutal tablets Online? Discover a seamless platform at our online store where you can buy nembutal tablets, ensuring top-grade quality for your research needs.\" \/>\n<meta property=\"og:url\" content=\"https:\/\/nembutalhouse.com\/fr\/produit\/acheter-des-comprimes-de-nembutal-en-ligne\/\" \/>\n<meta property=\"og:site_name\" content=\"Nembutal House\" \/>\n<meta property=\"article:modified_time\" content=\"2026-03-06T11:11:03+00:00\" \/>\n<meta property=\"og:image\" content=\"https:\/\/nembutalhouse.com\/wp-content\/uploads\/2022\/12\/nembutal-tablets.jpg\" \/>\n\t<meta property=\"og:image:width\" content=\"1000\" \/>\n\t<meta property=\"og:image:height\" content=\"1000\" \/>\n\t<meta property=\"og:image:type\" content=\"image\/jpeg\" \/>\n<meta name=\"twitter:card\" content=\"summary_large_image\" \/>\n<meta name=\"twitter:label1\" content=\"Dur\u00e9e de lecture estim\u00e9e\" \/>\n\t<meta name=\"twitter:data1\" content=\"3 minutes\" \/>\n<script type=\"application\/ld+json\" class=\"yoast-schema-graph\">{\"@context\":\"https:\/\/schema.org\",\"@graph\":[{\"@type\":\"WebPage\",\"@id\":\"https:\/\/nembutalhouse.com\/product\/buy-nembutal-tablets-online\/\",\"url\":\"https:\/\/nembutalhouse.com\/product\/buy-nembutal-tablets-online\/\",\"name\":\"Buy Nembutal Tablets Online - Nembutal Tablets for Sale\",\"isPartOf\":{\"@id\":\"https:\/\/nembutalhouse.com\/#website\"},\"primaryImageOfPage\":{\"@id\":\"https:\/\/nembutalhouse.com\/product\/buy-nembutal-tablets-online\/#primaryimage\"},\"image\":{\"@id\":\"https:\/\/nembutalhouse.com\/product\/buy-nembutal-tablets-online\/#primaryimage\"},\"thumbnailUrl\":\"https:\/\/nembutalhouse.com\/wp-content\/uploads\/2022\/12\/nembutal-tablets.jpg\",\"datePublished\":\"2022-12-13T19:00:28+00:00\",\"dateModified\":\"2026-03-06T11:11:03+00:00\",\"description\":\"Looking to buy nembutal tablets Online? Discover a seamless platform at our online store where you can buy nembutal tablets, ensuring top-grade quality for your research needs.\",\"breadcrumb\":{\"@id\":\"https:\/\/nembutalhouse.com\/product\/buy-nembutal-tablets-online\/#breadcrumb\"},\"inLanguage\":\"fr-FR\",\"potentialAction\":[{\"@type\":\"ReadAction\",\"target\":[\"https:\/\/nembutalhouse.com\/product\/buy-nembutal-tablets-online\/\"]}]},{\"@type\":\"ImageObject\",\"inLanguage\":\"fr-FR\",\"@id\":\"https:\/\/nembutalhouse.com\/product\/buy-nembutal-tablets-online\/#primaryimage\",\"url\":\"https:\/\/nembutalhouse.com\/wp-content\/uploads\/2022\/12\/nembutal-tablets.jpg\",\"contentUrl\":\"https:\/\/nembutalhouse.com\/wp-content\/uploads\/2022\/12\/nembutal-tablets.jpg\",\"width\":1000,\"height\":1000,\"caption\":\"buy nembutal tablets online\"},{\"@type\":\"BreadcrumbList\",\"@id\":\"https:\/\/nembutalhouse.com\/product\/buy-nembutal-tablets-online\/#breadcrumb\",\"itemListElement\":[{\"@type\":\"ListItem\",\"position\":1,\"name\":\"Home\",\"item\":\"https:\/\/nembutalhouse.com\/\"},{\"@type\":\"ListItem\",\"position\":2,\"name\":\"Shop\",\"item\":\"https:\/\/nembutalhouse.com\/shop\/\"},{\"@type\":\"ListItem\",\"position\":3,\"name\":\"Buy Nembutal Tablets Online\"}]},{\"@type\":\"WebSite\",\"@id\":\"https:\/\/nembutalhouse.com\/#website\",\"url\":\"https:\/\/nembutalhouse.com\/\",\"name\":\"Nembutal House\",\"description\":\"Best Nembutal Online Store\",\"publisher\":{\"@id\":\"https:\/\/nembutalhouse.com\/#organization\"},\"potentialAction\":[{\"@type\":\"SearchAction\",\"target\":{\"@type\":\"EntryPoint\",\"urlTemplate\":\"https:\/\/nembutalhouse.com\/?s={search_term_string}\"},\"query-input\":{\"@type\":\"PropertyValueSpecification\",\"valueRequired\":true,\"valueName\":\"search_term_string\"}}],\"inLanguage\":\"fr-FR\"},{\"@type\":\"Organization\",\"@id\":\"https:\/\/nembutalhouse.com\/#organization\",\"name\":\"Nembutal House\",\"url\":\"https:\/\/nembutalhouse.com\/\",\"logo\":{\"@type\":\"ImageObject\",\"inLanguage\":\"fr-FR\",\"@id\":\"https:\/\/nembutalhouse.com\/#\/schema\/logo\/image\/\",\"url\":\"https:\/\/nembutalhouse.com\/wp-content\/uploads\/2022\/12\/logo.png\",\"contentUrl\":\"https:\/\/nembutalhouse.com\/wp-content\/uploads\/2022\/12\/logo.png\",\"width\":344,\"height\":103,\"caption\":\"Nembutal House\"},\"image\":{\"@id\":\"https:\/\/nembutalhouse.com\/#\/schema\/logo\/image\/\"}}]}<\/script>\n<!-- \/ Yoast SEO plugin. -->","yoast_head_json":{"title":"Buy Nembutal Tablets Online - Nembutal Tablets for Sale","description":"Looking to buy nembutal tablets Online? Discover a seamless platform at our online store where you can buy nembutal tablets, ensuring top-grade quality for your research needs.","robots":{"index":"index","follow":"follow","max-snippet":"max-snippet:-1","max-image-preview":"max-image-preview:large","max-video-preview":"max-video-preview:-1"},"canonical":"https:\/\/nembutalhouse.com\/fr\/produit\/acheter-des-comprimes-de-nembutal-en-ligne\/","og_locale":"fr_FR","og_type":"article","og_title":"Buy Nembutal Tablets Online - Nembutal Tablets for Sale","og_description":"Looking to buy nembutal tablets Online? Discover a seamless platform at our online store where you can buy nembutal tablets, ensuring top-grade quality for your research needs.","og_url":"https:\/\/nembutalhouse.com\/fr\/produit\/acheter-des-comprimes-de-nembutal-en-ligne\/","og_site_name":"Nembutal House","article_modified_time":"2026-03-06T11:11:03+00:00","og_image":[{"width":1000,"height":1000,"url":"https:\/\/nembutalhouse.com\/wp-content\/uploads\/2022\/12\/nembutal-tablets.jpg","type":"image\/jpeg"}],"twitter_card":"summary_large_image","twitter_misc":{"Dur\u00e9e de lecture estim\u00e9e":"3 minutes"},"schema":{"@context":"https:\/\/schema.org","@graph":[{"@type":"WebPage","@id":"https:\/\/nembutalhouse.com\/product\/buy-nembutal-tablets-online\/","url":"https:\/\/nembutalhouse.com\/product\/buy-nembutal-tablets-online\/","name":"Buy Nembutal Tablets Online - Nembutal Tablets for Sale","isPartOf":{"@id":"https:\/\/nembutalhouse.com\/#website"},"primaryImageOfPage":{"@id":"https:\/\/nembutalhouse.com\/product\/buy-nembutal-tablets-online\/#primaryimage"},"image":{"@id":"https:\/\/nembutalhouse.com\/product\/buy-nembutal-tablets-online\/#primaryimage"},"thumbnailUrl":"https:\/\/nembutalhouse.com\/wp-content\/uploads\/2022\/12\/nembutal-tablets.jpg","datePublished":"2022-12-13T19:00:28+00:00","dateModified":"2026-03-06T11:11:03+00:00","description":"Looking to buy nembutal tablets Online? Discover a seamless platform at our online store where you can buy nembutal tablets, ensuring top-grade quality for your research needs.","breadcrumb":{"@id":"https:\/\/nembutalhouse.com\/product\/buy-nembutal-tablets-online\/#breadcrumb"},"inLanguage":"fr-FR","potentialAction":[{"@type":"ReadAction","target":["https:\/\/nembutalhouse.com\/product\/buy-nembutal-tablets-online\/"]}]},{"@type":"ImageObject","inLanguage":"fr-FR","@id":"https:\/\/nembutalhouse.com\/product\/buy-nembutal-tablets-online\/#primaryimage","url":"https:\/\/nembutalhouse.com\/wp-content\/uploads\/2022\/12\/nembutal-tablets.jpg","contentUrl":"https:\/\/nembutalhouse.com\/wp-content\/uploads\/2022\/12\/nembutal-tablets.jpg","width":1000,"height":1000,"caption":"buy nembutal tablets online"},{"@type":"BreadcrumbList","@id":"https:\/\/nembutalhouse.com\/product\/buy-nembutal-tablets-online\/#breadcrumb","itemListElement":[{"@type":"ListItem","position":1,"name":"Home","item":"https:\/\/nembutalhouse.com\/"},{"@type":"ListItem","position":2,"name":"Shop","item":"https:\/\/nembutalhouse.com\/shop\/"},{"@type":"ListItem","position":3,"name":"Buy Nembutal Tablets Online"}]},{"@type":"WebSite","@id":"https:\/\/nembutalhouse.com\/#website","url":"https:\/\/nembutalhouse.com\/","name":"Nembutal House","description":"Best Nembutal Online Store","publisher":{"@id":"https:\/\/nembutalhouse.com\/#organization"},"potentialAction":[{"@type":"SearchAction","target":{"@type":"EntryPoint","urlTemplate":"https:\/\/nembutalhouse.com\/?s={search_term_string}"},"query-input":{"@type":"PropertyValueSpecification","valueRequired":true,"valueName":"search_term_string"}}],"inLanguage":"fr-FR"},{"@type":"Organization","@id":"https:\/\/nembutalhouse.com\/#organization","name":"Nembutal House","url":"https:\/\/nembutalhouse.com\/","logo":{"@type":"ImageObject","inLanguage":"fr-FR","@id":"https:\/\/nembutalhouse.com\/#\/schema\/logo\/image\/","url":"https:\/\/nembutalhouse.com\/wp-content\/uploads\/2022\/12\/logo.png","contentUrl":"https:\/\/nembutalhouse.com\/wp-content\/uploads\/2022\/12\/logo.png","width":344,"height":103,"caption":"Nembutal House"},"image":{"@id":"https:\/\/nembutalhouse.com\/#\/schema\/logo\/image\/"}}]}},"_links":{"self":[{"href":"https:\/\/nembutalhouse.com\/fr\/wp-json\/wp\/v2\/product\/36","targetHints":{"allow":["GET"]}}],"collection":[{"href":"https:\/\/nembutalhouse.com\/fr\/wp-json\/wp\/v2\/product"}],"about":[{"href":"https:\/\/nembutalhouse.com\/fr\/wp-json\/wp\/v2\/types\/product"}],"replies":[{"embeddable":true,"href":"https:\/\/nembutalhouse.com\/fr\/wp-json\/wp\/v2\/comments?post=36"}],"wp:featuredmedia":[{"embeddable":true,"href":"https:\/\/nembutalhouse.com\/fr\/wp-json\/wp\/v2\/media\/18"}],"wp:attachment":[{"href":"https:\/\/nembutalhouse.com\/fr\/wp-json\/wp\/v2\/media?parent=36"}],"wp:term":[{"taxonomy":"product_cat","embeddable":true,"href":"https:\/\/nembutalhouse.com\/fr\/wp-json\/wp\/v2\/product_cat?post=36"},{"taxonomy":"product_tag","embeddable":true,"href":"https:\/\/nembutalhouse.com\/fr\/wp-json\/wp\/v2\/product_tag?post=36"}],"curies":[{"name":"wp","href":"https:\/\/api.w.org\/{rel}","templated":true}]}}