{"id":31,"date":"2022-12-13T19:00:11","date_gmt":"2022-12-13T19:00:11","guid":{"rendered":"https:\/\/nembutalhouse.com\/?post_type=product&#038;p=31"},"modified":"2026-03-06T11:05:23","modified_gmt":"2026-03-06T11:05:23","slug":"buy-nembutal-liquid-online","status":"publish","type":"product","link":"https:\/\/nembutalhouse.com\/fr\/produit\/acheter-nembutal-liquide-en-ligne\/","title":{"rendered":"Acheter Nembutal liquide en ligne"},"content":{"rendered":"<h2>Acheter Nembutal liquide en ligne<\/h2>\n<p>Notre <a href=\"https:\/\/nembutalhouse.com\/fr\/\" target=\"_blank\" rel=\"noopener\"><strong>Boutique Nembutal<\/strong><\/a> est sans aucun doute votre destination finale si vous souhaitez acheter le liquide nembutal de la meilleure qualit\u00e9 en France. C'est l\u00e0 que la qualit\u00e9 r\u00e9pond \u00e0 vos attentes et offre le confort que vous avez toujours souhait\u00e9 de Liquid Nembutal. Tu peux <a href=\"https:\/\/nembutalhouse.com\/fr\/produit\/acheter-nembutal-liquide-en-ligne\/\"><strong>acheter liquide nembutal en france<\/strong><\/a>. Tous nos produits de pentobarbital sont test\u00e9s en laboratoire pour en \u00eatre s\u00fbrs. Nous avons donc maintenant une r\u00e9putation que nous devons maintenir. Donc, r\u00e9duire la qualit\u00e9 de la poudre de Nembutal est quelque chose que nous devons toujours faire.<\/p>\n<h3>O\u00f9 obtiendrez-vous l'injection de Nembutal?<\/h3>\n<p>Vous pouvez acheter du liquide de nembutal en ligne aupr\u00e8s de votre v\u00e9t\u00e9rinaire ou de votre magasin d'aliments naturels. Mais gardez \u00e0 l'esprit qu'il peut y avoir des restrictions sur comment et o\u00f9 vous pouvez les obtenir. Supposons que vous ayez une prescription enregistr\u00e9e pour l'euthanasie, vous pouvez contacter votre v\u00e9t\u00e9rinaire pour plus de d\u00e9tails. Ils ont g\u00e9n\u00e9ralement une liste de v\u00e9t\u00e9rinaires qui savent o\u00f9 se procurer ce m\u00e9dicament pour l'euthanasie.<\/p>\n<h3>Pouvez-vous acheter le liquide Nembutal en ligne ?<\/h3>\n<p>Yes, you can get the option of nembutal liquid for sale on our site, just like you can buy prescription drugs from your local pharmacy. You can find some restrictions on where to buy nembutal oral liquid. You can be sure to check and double-check before ordering euthanasia pills online.<\/p>\n<h3>O\u00f9 pouvez-vous acheter du Nembutal liquide ?<\/h3>\n<p>Encore une fois, cela peut \u00eatre d\u00e9licat. Vous devez choisir le meilleur endroit pour acheter du liquide nembutal comme nous. La plupart des m\u00e9dicaments d'abattage pour chats et chiens ne sont disponibles que dans les cliniques v\u00e9t\u00e9rinaires. M\u00eame si vous pouvez trouver un d\u00e9taillant vendant ce m\u00e9dicament, le prix peut \u00eatre trop \u00e9lev\u00e9 pour valoir votre temps.<\/p>\n<p>Il est difficile de r\u00e9pondre \u00e0 cette question sans savoir de quelle maladie souffre votre chien ou votre chat. Pour cette raison, il est tr\u00e8s important que votre v\u00e9t\u00e9rinaire vous aide \u00e0 d\u00e9terminer exactement quel est le probl\u00e8me. En g\u00e9n\u00e9ral, cependant, l'\u00e9ph\u00e9drine est utilis\u00e9e chez les chiens et les chats souffrant de d\u00e9pression : d\u00e9mence, trouble d\u00e9ficitaire de l'attention avec hyperactivit\u00e9 (TDA) et autres probl\u00e8mes de comportement. Supposons que vous vous demandiez si ce m\u00e9dicament fonctionnera pour votre animal de compagnie. Cela fonctionnera probablement. La plupart des clients aiment passer une commande pour acheter du nembutal en ligne avec nous.<\/p>\n<h3>Est-il l\u00e9gal d'acheter du pentobarbital sodique et de l'utiliser pour l'euthanasie animale ?<\/h3>\n<p>Yes, it&#8217;s legal if you order it from a licensed dealer. Also, keep in mind that if you get into trouble with the law by giving or attempting to give this drug to animals. Fines and veterinary penalties may apply. You can help protect yourself by purchasing this medication from a licensed dealer. On our site, our expert will explain how to <a href=\"https:\/\/en.wikipedia.org\/wiki\/Pentobarbital\">acheter nembutal liquide<\/a>.<\/p>\n<p>Comment utiliser le pentobarbital ? Vous devez suivre attentivement les instructions de dosage. Les mesures de dosage et le m\u00e9lange sont tr\u00e8s importants et vous ne devez prendre aucun risque. De nombreuses personnes ont des r\u00e9actions graves en cas de surdosage avec ce m\u00e9dicament. Par cons\u00e9quent, assurez-vous de prendre vos m\u00e9dicaments conform\u00e9ment aux instructions sur l'emballage. \u00c0 l'\u00e8re num\u00e9rique, vous pouvez facilement commander du liquide de nembutal en ligne. Utilisez le liquide comme indiqu\u00e9\u00a0: saupoudrez-le sur un petit morceau de coton ou de gaze, puis inhalez la vapeur.<\/p>","protected":false},"excerpt":{"rendered":"<p>Acheter Nembutal liquide en ligne Notre boutique Nembutal est sans aucun doute votre destination finale si vous voulez acheter la meilleure qualit\u00e9 de nembutal liquide au Royaume-Uni, au Canada et en Australie. C'est l\u00e0 que...<\/p>","protected":false},"featured_media":20,"comment_status":"open","ping_status":"closed","template":"","meta":{"_joinchat":[]},"product_cat":[16],"product_tag":[508,497,59,60,61,499,62,17,49,19,63,506,503,20,496,23,64,65,25,26,27,28,512,489,494,66,513,501,504,490,511,509,500,510,30,31,37,38,492,493,39,42,507,505,502,67,46,495,68,498,491],"class_list":{"0":"post-31","1":"product","2":"type-product","3":"status-publish","4":"has-post-thumbnail","6":"product_cat-nembutal","7":"product_tag-best-cheap-price-nembutal-liquid","8":"product_tag-best-place-to-buy-nembutal-liquid","9":"product_tag-buy-liquid-nembutal-in-canada","10":"product_tag-buy-liquid-nembutal-online","11":"product_tag-buy-nembutal-liquid","12":"product_tag-buy-nembutal-liquid-legally","13":"product_tag-buy-nembutal-liquid-online","14":"product_tag-buy-nembutal-online","15":"product_tag-buy-nembutal-pentobarbital","16":"product_tag-buy-nembutal-uk","17":"product_tag-buy-pentobarbital-online","18":"product_tag-cheap-nembutal-liquids","19":"product_tag-high-quality-nembutal-liquid","20":"product_tag-how-can-i-get-nembutal","21":"product_tag-how-to-buy-nembutal-liquid","22":"product_tag-how-to-purchase-nembutal","23":"product_tag-liquid-nembutal","24":"product_tag-liquid-nembutal-for-sale-in-canada","25":"product_tag-nembutal-buy","26":"product_tag-nembutal-buy-india","27":"product_tag-nembutal-for-sale","28":"product_tag-nembutal-for-sale-online","29":"product_tag-nembutal-liquid-for-cleaning","30":"product_tag-nembutal-liquid-for-sale","31":"product_tag-nembutal-liquid-liquid","32":"product_tag-nembutal-liquid-near-me","33":"product_tag-nembutal-liquid-powder","34":"product_tag-nembutal-liquid-price","35":"product_tag-nembutal-liquid-store","36":"product_tag-nembutal-liquid-supplier","37":"product_tag-nembutal-liquid-wiki","38":"product_tag-nembutal-liquid-worldwide","39":"product_tag-nembutal-liquids-online","40":"product_tag-nembutal-liquids-use","41":"product_tag-nembutal-order-online","42":"product_tag-nembutal-pentobarbital-for-sale-in-usa","43":"product_tag-nembutal-where-to-buy","44":"product_tag-order-nembutal","45":"product_tag-order-nembutal-liquid","46":"product_tag-order-nembutal-liquid-online","47":"product_tag-order-nembutal-online","48":"product_tag-pentobarbital-for-sale","49":"product_tag-purcharse-nembutal-liquid","50":"product_tag-shop-nembutal-liquid","51":"product_tag-top-quality-nembutal-liquid","52":"product_tag-where-can-i-buy-nembutal","53":"product_tag-where-to-buy-nembutal","54":"product_tag-where-to-buy-nembutal-liquid","55":"product_tag-where-to-buy-nembutal-liquid-online","56":"product_tag-where-to-order-nembutal-liquid","57":"product_tag-wholesale-nembutal-liquid-bulk-online","59":"first","60":"instock","61":"shipping-taxable","62":"purchasable","63":"product-type-variable","64":"has-default-attributes"},"yoast_head":"<!-- This site is optimized with the Yoast SEO plugin v24.1 - https:\/\/yoast.com\/wordpress\/plugins\/seo\/ -->\n<title>Nembutal Liquid for Sale - Buy Nembutal Liquid Online<\/title>\n<meta name=\"description\" content=\"Get nembutal liquid for sale at one of the best online stores nembutal house. We will help you buy nembutal liquid online of high quality. Don&#039;t delay to place your order and take advantage of the newest discounts!\" \/>\n<meta name=\"robots\" content=\"index, follow, max-snippet:-1, max-image-preview:large, max-video-preview:-1\" \/>\n<link rel=\"canonical\" href=\"https:\/\/nembutalhouse.com\/fr\/produit\/acheter-nembutal-liquide-en-ligne\/\" \/>\n<meta property=\"og:locale\" content=\"fr_FR\" \/>\n<meta property=\"og:type\" content=\"article\" \/>\n<meta property=\"og:title\" content=\"Nembutal Liquid for Sale - Buy Nembutal Liquid Online\" \/>\n<meta property=\"og:description\" content=\"Get nembutal liquid for sale at one of the best online stores nembutal house. We will help you buy nembutal liquid online of high quality. Don&#039;t delay to place your order and take advantage of the newest discounts!\" \/>\n<meta property=\"og:url\" content=\"https:\/\/nembutalhouse.com\/fr\/produit\/acheter-nembutal-liquide-en-ligne\/\" \/>\n<meta property=\"og:site_name\" content=\"Nembutal House\" \/>\n<meta property=\"article:modified_time\" content=\"2026-03-06T11:05:23+00:00\" \/>\n<meta property=\"og:image\" content=\"https:\/\/nembutalhouse.com\/wp-content\/uploads\/2022\/12\/nembutal-liquid.jpg\" \/>\n\t<meta property=\"og:image:width\" content=\"1000\" \/>\n\t<meta property=\"og:image:height\" content=\"1000\" \/>\n\t<meta property=\"og:image:type\" content=\"image\/jpeg\" \/>\n<meta name=\"twitter:card\" content=\"summary_large_image\" \/>\n<meta name=\"twitter:label1\" content=\"Dur\u00e9e de lecture estim\u00e9e\" \/>\n\t<meta name=\"twitter:data1\" content=\"3 minutes\" \/>\n<script type=\"application\/ld+json\" class=\"yoast-schema-graph\">{\"@context\":\"https:\/\/schema.org\",\"@graph\":[{\"@type\":\"WebPage\",\"@id\":\"https:\/\/nembutalhouse.com\/product\/buy-nembutal-liquid-online\/\",\"url\":\"https:\/\/nembutalhouse.com\/product\/buy-nembutal-liquid-online\/\",\"name\":\"Nembutal Liquid for Sale - Buy Nembutal Liquid Online\",\"isPartOf\":{\"@id\":\"https:\/\/nembutalhouse.com\/#website\"},\"primaryImageOfPage\":{\"@id\":\"https:\/\/nembutalhouse.com\/product\/buy-nembutal-liquid-online\/#primaryimage\"},\"image\":{\"@id\":\"https:\/\/nembutalhouse.com\/product\/buy-nembutal-liquid-online\/#primaryimage\"},\"thumbnailUrl\":\"https:\/\/nembutalhouse.com\/wp-content\/uploads\/2022\/12\/nembutal-liquid.jpg\",\"datePublished\":\"2022-12-13T19:00:11+00:00\",\"dateModified\":\"2026-03-06T11:05:23+00:00\",\"description\":\"Get nembutal liquid for sale at one of the best online stores nembutal house. We will help you buy nembutal liquid online of high quality. Don't delay to place your order and take advantage of the newest discounts!\",\"breadcrumb\":{\"@id\":\"https:\/\/nembutalhouse.com\/product\/buy-nembutal-liquid-online\/#breadcrumb\"},\"inLanguage\":\"fr-FR\",\"potentialAction\":[{\"@type\":\"ReadAction\",\"target\":[\"https:\/\/nembutalhouse.com\/product\/buy-nembutal-liquid-online\/\"]}]},{\"@type\":\"ImageObject\",\"inLanguage\":\"fr-FR\",\"@id\":\"https:\/\/nembutalhouse.com\/product\/buy-nembutal-liquid-online\/#primaryimage\",\"url\":\"https:\/\/nembutalhouse.com\/wp-content\/uploads\/2022\/12\/nembutal-liquid.jpg\",\"contentUrl\":\"https:\/\/nembutalhouse.com\/wp-content\/uploads\/2022\/12\/nembutal-liquid.jpg\",\"width\":1000,\"height\":1000,\"caption\":\"Buy Nembutal Liquid Online\"},{\"@type\":\"BreadcrumbList\",\"@id\":\"https:\/\/nembutalhouse.com\/product\/buy-nembutal-liquid-online\/#breadcrumb\",\"itemListElement\":[{\"@type\":\"ListItem\",\"position\":1,\"name\":\"Home\",\"item\":\"https:\/\/nembutalhouse.com\/\"},{\"@type\":\"ListItem\",\"position\":2,\"name\":\"Shop\",\"item\":\"https:\/\/nembutalhouse.com\/shop\/\"},{\"@type\":\"ListItem\",\"position\":3,\"name\":\"Buy Nembutal Liquid Online\"}]},{\"@type\":\"WebSite\",\"@id\":\"https:\/\/nembutalhouse.com\/#website\",\"url\":\"https:\/\/nembutalhouse.com\/\",\"name\":\"Nembutal House\",\"description\":\"Best Nembutal Online Store\",\"publisher\":{\"@id\":\"https:\/\/nembutalhouse.com\/#organization\"},\"potentialAction\":[{\"@type\":\"SearchAction\",\"target\":{\"@type\":\"EntryPoint\",\"urlTemplate\":\"https:\/\/nembutalhouse.com\/?s={search_term_string}\"},\"query-input\":{\"@type\":\"PropertyValueSpecification\",\"valueRequired\":true,\"valueName\":\"search_term_string\"}}],\"inLanguage\":\"fr-FR\"},{\"@type\":\"Organization\",\"@id\":\"https:\/\/nembutalhouse.com\/#organization\",\"name\":\"Nembutal House\",\"url\":\"https:\/\/nembutalhouse.com\/\",\"logo\":{\"@type\":\"ImageObject\",\"inLanguage\":\"fr-FR\",\"@id\":\"https:\/\/nembutalhouse.com\/#\/schema\/logo\/image\/\",\"url\":\"https:\/\/nembutalhouse.com\/wp-content\/uploads\/2022\/12\/logo.png\",\"contentUrl\":\"https:\/\/nembutalhouse.com\/wp-content\/uploads\/2022\/12\/logo.png\",\"width\":344,\"height\":103,\"caption\":\"Nembutal House\"},\"image\":{\"@id\":\"https:\/\/nembutalhouse.com\/#\/schema\/logo\/image\/\"}}]}<\/script>\n<!-- \/ Yoast SEO plugin. -->","yoast_head_json":{"title":"Nembutal Liquid for Sale - Buy Nembutal Liquid Online","description":"Get nembutal liquid for sale at one of the best online stores nembutal house. We will help you buy nembutal liquid online of high quality. Don't delay to place your order and take advantage of the newest discounts!","robots":{"index":"index","follow":"follow","max-snippet":"max-snippet:-1","max-image-preview":"max-image-preview:large","max-video-preview":"max-video-preview:-1"},"canonical":"https:\/\/nembutalhouse.com\/fr\/produit\/acheter-nembutal-liquide-en-ligne\/","og_locale":"fr_FR","og_type":"article","og_title":"Nembutal Liquid for Sale - Buy Nembutal Liquid Online","og_description":"Get nembutal liquid for sale at one of the best online stores nembutal house. We will help you buy nembutal liquid online of high quality. Don't delay to place your order and take advantage of the newest discounts!","og_url":"https:\/\/nembutalhouse.com\/fr\/produit\/acheter-nembutal-liquide-en-ligne\/","og_site_name":"Nembutal House","article_modified_time":"2026-03-06T11:05:23+00:00","og_image":[{"width":1000,"height":1000,"url":"https:\/\/nembutalhouse.com\/wp-content\/uploads\/2022\/12\/nembutal-liquid.jpg","type":"image\/jpeg"}],"twitter_card":"summary_large_image","twitter_misc":{"Dur\u00e9e de lecture estim\u00e9e":"3 minutes"},"schema":{"@context":"https:\/\/schema.org","@graph":[{"@type":"WebPage","@id":"https:\/\/nembutalhouse.com\/product\/buy-nembutal-liquid-online\/","url":"https:\/\/nembutalhouse.com\/product\/buy-nembutal-liquid-online\/","name":"Nembutal Liquid for Sale - Buy Nembutal Liquid Online","isPartOf":{"@id":"https:\/\/nembutalhouse.com\/#website"},"primaryImageOfPage":{"@id":"https:\/\/nembutalhouse.com\/product\/buy-nembutal-liquid-online\/#primaryimage"},"image":{"@id":"https:\/\/nembutalhouse.com\/product\/buy-nembutal-liquid-online\/#primaryimage"},"thumbnailUrl":"https:\/\/nembutalhouse.com\/wp-content\/uploads\/2022\/12\/nembutal-liquid.jpg","datePublished":"2022-12-13T19:00:11+00:00","dateModified":"2026-03-06T11:05:23+00:00","description":"Get nembutal liquid for sale at one of the best online stores nembutal house. We will help you buy nembutal liquid online of high quality. Don't delay to place your order and take advantage of the newest discounts!","breadcrumb":{"@id":"https:\/\/nembutalhouse.com\/product\/buy-nembutal-liquid-online\/#breadcrumb"},"inLanguage":"fr-FR","potentialAction":[{"@type":"ReadAction","target":["https:\/\/nembutalhouse.com\/product\/buy-nembutal-liquid-online\/"]}]},{"@type":"ImageObject","inLanguage":"fr-FR","@id":"https:\/\/nembutalhouse.com\/product\/buy-nembutal-liquid-online\/#primaryimage","url":"https:\/\/nembutalhouse.com\/wp-content\/uploads\/2022\/12\/nembutal-liquid.jpg","contentUrl":"https:\/\/nembutalhouse.com\/wp-content\/uploads\/2022\/12\/nembutal-liquid.jpg","width":1000,"height":1000,"caption":"Buy Nembutal Liquid Online"},{"@type":"BreadcrumbList","@id":"https:\/\/nembutalhouse.com\/product\/buy-nembutal-liquid-online\/#breadcrumb","itemListElement":[{"@type":"ListItem","position":1,"name":"Home","item":"https:\/\/nembutalhouse.com\/"},{"@type":"ListItem","position":2,"name":"Shop","item":"https:\/\/nembutalhouse.com\/shop\/"},{"@type":"ListItem","position":3,"name":"Buy Nembutal Liquid Online"}]},{"@type":"WebSite","@id":"https:\/\/nembutalhouse.com\/#website","url":"https:\/\/nembutalhouse.com\/","name":"Nembutal House","description":"Best Nembutal Online Store","publisher":{"@id":"https:\/\/nembutalhouse.com\/#organization"},"potentialAction":[{"@type":"SearchAction","target":{"@type":"EntryPoint","urlTemplate":"https:\/\/nembutalhouse.com\/?s={search_term_string}"},"query-input":{"@type":"PropertyValueSpecification","valueRequired":true,"valueName":"search_term_string"}}],"inLanguage":"fr-FR"},{"@type":"Organization","@id":"https:\/\/nembutalhouse.com\/#organization","name":"Nembutal House","url":"https:\/\/nembutalhouse.com\/","logo":{"@type":"ImageObject","inLanguage":"fr-FR","@id":"https:\/\/nembutalhouse.com\/#\/schema\/logo\/image\/","url":"https:\/\/nembutalhouse.com\/wp-content\/uploads\/2022\/12\/logo.png","contentUrl":"https:\/\/nembutalhouse.com\/wp-content\/uploads\/2022\/12\/logo.png","width":344,"height":103,"caption":"Nembutal House"},"image":{"@id":"https:\/\/nembutalhouse.com\/#\/schema\/logo\/image\/"}}]}},"_links":{"self":[{"href":"https:\/\/nembutalhouse.com\/fr\/wp-json\/wp\/v2\/product\/31","targetHints":{"allow":["GET"]}}],"collection":[{"href":"https:\/\/nembutalhouse.com\/fr\/wp-json\/wp\/v2\/product"}],"about":[{"href":"https:\/\/nembutalhouse.com\/fr\/wp-json\/wp\/v2\/types\/product"}],"replies":[{"embeddable":true,"href":"https:\/\/nembutalhouse.com\/fr\/wp-json\/wp\/v2\/comments?post=31"}],"wp:featuredmedia":[{"embeddable":true,"href":"https:\/\/nembutalhouse.com\/fr\/wp-json\/wp\/v2\/media\/20"}],"wp:attachment":[{"href":"https:\/\/nembutalhouse.com\/fr\/wp-json\/wp\/v2\/media?parent=31"}],"wp:term":[{"taxonomy":"product_cat","embeddable":true,"href":"https:\/\/nembutalhouse.com\/fr\/wp-json\/wp\/v2\/product_cat?post=31"},{"taxonomy":"product_tag","embeddable":true,"href":"https:\/\/nembutalhouse.com\/fr\/wp-json\/wp\/v2\/product_tag?post=31"}],"curies":[{"name":"wp","href":"https:\/\/api.w.org\/{rel}","templated":true}]}}