{"id":303,"date":"2023-06-14T10:06:07","date_gmt":"2023-06-14T10:06:07","guid":{"rendered":"https:\/\/nembutalhouse.com\/?post_type=product&#038;p=303"},"modified":"2026-03-06T11:22:21","modified_gmt":"2026-03-06T11:22:21","slug":"buy-seconal-sodium-for-sale","status":"publish","type":"product","link":"https:\/\/nembutalhouse.com\/fr\/produit\/buy-seconal-sodium-for-sale\/","title":{"rendered":"Buy Seconal Sodium For Sale"},"content":{"rendered":"<h2>Buy Seconal Sodium For Sale<\/h2>\n<h3>La meilleure pharmacie en ligne est o\u00f9 acheter Seconal Sodium.<\/h3>\n<p>The most affordable online pharmacies for <a href=\"https:\/\/nembutalhouse.com\/fr\/produit\/buy-seconal-sodium-for-sale\/\">Seconal Sodium<\/a> and nembutal are currently available. If you want to buy Seconal Sodium online, fill out your order at our online pharmacy right away and we&#8217;ll take care of the rest. Simply place an order for Seconal Sodium, and our staff will prepare, pack, and deliver your item as soon as possible. We are a trustworthy pharmacy that has been continually operating in this field for many years. You may rely on us to provide you with the highest-quality medications within the specified time frame.<\/p>\n<h3>Quels sont les avantages de Seconal Sodium ? Pourquoi nous avoir choisis pour l'acheter ?<\/h3>\n<p>\u03a3\u03b1\u03c2 \u03ba\u03ac\u03bd\u03bf\u03c5\u03bd \u03bd\u03b1 \u03b1\u03b9\u03c3\u03b8\u03ac\u03bd\u03b5\u03c3\u03c4\u03b5 \u03c0\u03b9\u03bf \u03ae\u03c1\u03b5\u03bc\u03bf\u03b9 \u03bb\u03af\u03b3\u03bf \u03c0\u03c1\u03b9\u03bd \u03b1\u03c0\u03cc \u03c4\u03b7 \u03c7\u03b5\u03b9\u03c1\u03bf\u03c5\u03c1\u03b3\u03b9\u03ba\u03ae \u03b5\u03c0\u03ad\u03bc\u03b2\u03b1\u03c3\u03b7 \u03bc\u03b5 \u03c4\u03b7 \u03c7\u03c1\u03ae\u03c3\u03b7 \u03bd\u03b1\u03c4\u03c1\u03af\u03bf\u03c5 seconal. \u03a4\u03bf Seconal Sodium \u03b1\u03bd\u03ae\u03ba\u03b5\u03b9 \u03c3\u03c4\u03b7\u03bd \u03bf\u03bc\u03ac\u03b4\u03b1 \u03c6\u03b1\u03c1\u03bc\u03ac\u03ba\u03c9\u03bd \u03c0\u03bf\u03c5 \u03b1\u03bd\u03b1\u03c6\u03ad\u03c1\u03bf\u03bd\u03c4\u03b1\u03b9 \u03c9\u03c2 \u03b2\u03b1\u03c1\u03b2\u03b9\u03c4\u03bf\u03c5\u03c1\u03b9\u03ba\u03ac \u03c5\u03c0\u03bd\u03c9\u03c4\u03b9\u03ba\u03ac. \u039b\u03b5\u03b9\u03c4\u03bf\u03c5\u03c1\u03b3\u03b5\u03af \u03bc\u03b5 \u03c4\u03bf \u03bd\u03b1 \u03c3\u03b1\u03c2 \u03b7\u03c1\u03b5\u03bc\u03b5\u03af \u03b5\u03c0\u03b7\u03c1\u03b5\u03ac\u03b6\u03bf\u03bd\u03c4\u03b1\u03c2 \u03c3\u03c5\u03b3\u03ba\u03b5\u03ba\u03c1\u03b9\u03bc\u03ad\u03bd\u03b5\u03c2 \u03c0\u03b5\u03c1\u03b9\u03bf\u03c7\u03ad\u03c2 \u03c4\u03bf\u03c5 \u03b5\u03b3\u03ba\u03b5\u03c6\u03ac\u03bb\u03bf\u03c5. \u039f\u03b9 \u03b7\u03bb\u03b9\u03ba\u03b9\u03c9\u03bc\u03ad\u03bd\u03bf\u03b9 \u03b8\u03b1 \u03c0\u03c1\u03ad\u03c0\u03b5\u03b9 \u03bd\u03b1 \u03c3\u03c5\u03b6\u03b7\u03c4\u03ae\u03c3\u03bf\u03c5\u03bd \u03c4\u03b1 \u03bf\u03c6\u03ad\u03bb\u03b7 \u03ba\u03b1\u03b9 \u03c4\u03b1 \u03bc\u03b5\u03b9\u03bf\u03bd\u03b5\u03ba\u03c4\u03ae\u03bc\u03b1\u03c4\u03b1 \u03b1\u03c5\u03c4\u03bf\u03cd \u03c4\u03bf\u03c5 \u03c6\u03b1\u03c1\u03bc\u03ac\u03ba\u03bf\u03c5, \u03ba\u03b1\u03b8\u03ce\u03c2 \u03ba\u03b1\u03b9 \u03c0\u03b9\u03bf \u03b9\u03c3\u03c7\u03c5\u03c1\u03ad\u03c2 \u03ba\u03b1\u03b9 \u03b4\u03c5\u03bd\u03b7\u03c4\u03b9\u03ba\u03ac \u03b1\u03c3\u03c6\u03b1\u03bb\u03ad\u03c3\u03c4\u03b5\u03c1\u03b5\u03c2 \u03b8\u03b5\u03c1\u03b1\u03c0\u03b5\u03af\u03b5\u03c2, \u03bc\u03b5 \u03c4\u03bf\u03bd \u03b3\u03b9\u03b1\u03c4\u03c1\u03cc \u03ae \u03c4\u03bf\u03bd \u03b5\u03b9\u03b4\u03b9\u03ba\u03cc \u03c3\u03b5 \u03b8\u03ad\u03bc\u03b1\u03c4\u03b1 \u03c6\u03b1\u03c1\u03bc\u03ac\u03ba\u03c9\u03bd. \u03a0\u03c1\u03b9\u03bd \u03b1\u03c1\u03c7\u03af\u03c3\u03b5\u03c4\u03b5 \u03bd\u03b1 \u03bb\u03b1\u03bc\u03b2\u03ac\u03bd\u03b5\u03c4\u03b5 \u03c4\u03bf Seconal Sodium \u03ba\u03b1\u03b9 \u03ba\u03ac\u03b8\u03b5 \u03c6\u03bf\u03c1\u03ac \u03c0\u03bf\u03c5 \u03bb\u03b1\u03bc\u03b2\u03ac\u03bd\u03b5\u03c4\u03b5 \u03ad\u03bd\u03b1 top off, \u03b4\u03b9\u03b1\u03b2\u03ac\u03c3\u03c4\u03b5 \u03c4\u03bf\u03bd \u03bf\u03b4\u03b7\u03b3\u03cc \u03c6\u03b1\u03c1\u03bc\u03b1\u03ba\u03b5\u03c5\u03c4\u03b9\u03ba\u03ae\u03c2 \u03b1\u03b3\u03c9\u03b3\u03ae\u03c2 \u03c0\u03bf\u03c5 \u03c0\u03b1\u03c1\u03ad\u03c7\u03b5\u03c4\u03b1\u03b9 \u03b1\u03c0\u03cc \u03c4\u03bf \u03b7\u03bb\u03b5\u03ba\u03c4\u03c1\u03bf\u03bd\u03b9\u03ba\u03cc \u03bc\u03b1\u03c2 \u03c6\u03b1\u03c1\u03bc\u03b1\u03ba\u03b5\u03af\u03bf \u03bc\u03b1\u03b6\u03af \u03bc\u03b5 \u03c4\u03bf \u03c0\u03c1\u03bf\u03ca\u03cc\u03bd. \u03a3\u03c5\u03bc\u03b2\u03bf\u03c5\u03bb\u03b5\u03c5\u03c4\u03b5\u03af\u03c4\u03b5 \u03c4\u03bf \u03b3\u03b9\u03b1\u03c4\u03c1\u03cc \u03c3\u03b1\u03c2 \u03ae \u03ad\u03bd\u03b1\u03bd \u03b5\u03b9\u03b4\u03b9\u03ba\u03cc \u03c3\u03b5 \u03b8\u03ad\u03bc\u03b1\u03c4\u03b1 \u03c6\u03b1\u03c1\u03bc\u03ac\u03ba\u03bf\u03c5 \u03b5\u03ac\u03bd \u03ad\u03c7\u03b5\u03c4\u03b5 \u03bf\u03c0\u03bf\u03b9\u03b5\u03c3\u03b4\u03ae\u03c0\u03bf\u03c4\u03b5 \u03b5\u03c1\u03c9\u03c4\u03ae\u03c3\u03b5\u03b9\u03c2. \u03a0\u03ac\u03c1\u03c4\u03b5 \u03b1\u03c5\u03c4\u03cc \u03c4\u03bf \u03c6\u03ac\u03c1\u03bc\u03b1\u03ba\u03bf \u03b1\u03c0\u03cc \u03c4\u03bf \u03c3\u03c4\u03cc\u03bc\u03b1 \u03c3\u03cd\u03bc\u03c6\u03c9\u03bd\u03b1 \u03bc\u03b5 \u03c4\u03b9\u03c2 \u03bf\u03b4\u03b7\u03b3\u03af\u03b5\u03c2 \u03bc\u03b5 \u03b3\u03b5\u03bc\u03ac\u03c4\u03bf \u03c3\u03c4\u03bf\u03bc\u03ac\u03c7\u03b9.<\/p>\n<p><strong>Les conditions suivantes sont les seules pour lesquelles le sodium seconal est utilis\u00e9<a href=\"https:\/\/nembutalhouse.com\/fr\/\">:<\/a><\/strong><\/p>\n<p>anesth\u00e9sie locale suppl\u00e9mentaire<br \/>\nune autre substance pour provoquer une anesth\u00e9sie g\u00e9n\u00e9rale<br \/>\nSeconal Sodium Secobarbital est disponible \u00e0 l'achat chez nembutalhouse, et nous l'enverrons le plus rapidement possible \u00e0 l'endroit de votre choix. Permettez-nous de vous servir au mieux. Vous pouvez faire enti\u00e8rement confiance \u00e0 notre pharmacie en ligne pour le nembutal et exiger la meilleure performance de notre part. Pour nos clients importants, nous sommes constamment disponibles pour r\u00e9pondre \u00e0 leurs besoins et \u00e0 leurs demandes. Contactez nous imm\u00e9diatement !<\/p>\n<h2>Comment acheter Seconal sodium en ligne ?<\/h2>\n<p>Enfin, comme ce m\u00e9dicament est utilis\u00e9 pour vous calmer juste avant l'op\u00e9ration, il fait partie d'une classe de m\u00e9dicaments connus sous le nom de barbituriques. Il influence donc certaines parties du cerveau pour vous calmer. Les personnes \u00e2g\u00e9es doivent discuter des risques et des avantages de ce m\u00e9dicament avec leur m\u00e9decin ou leur sp\u00e9cialiste des m\u00e9dicaments, ainsi que d'autres traitements puissants et peut-\u00eatre plus s\u00fbrs. Le m\u00e9dicament est accompagn\u00e9 du guide produit de notre groupe pour vous aider avant de consommer. Pour toute question, consultez votre m\u00e9decin ou votre sp\u00e9cialiste des m\u00e9dicaments. Prenez ce m\u00e9dicament par voie orale \u00e0 jeun selon les conseils de votre m\u00e9decin.<a href=\"https:\/\/nembutalhouse.com\/fr\/\">NembutalHouse<\/a><\/p>\n<h3>Acheter en ligne sans ordonnance<\/h3>\n<p><a href=\"https:\/\/en.wikipedia.org\/wiki\/Secobarbital\">Seconal Sodium<\/a> for sale at nembutalhouse for medical use and delivery will proceed as soon as possible. Let us serve you in the best manner. You can entirely rely on nembutalhouse and expect the best from us. Contact us right away as we are always available to all clients and customer needs.<\/p>","protected":false},"excerpt":{"rendered":"<p>Buy Seconal Sodium For Sale The Best Online Pharmacy Is Where To Buy Seconal Sodium. The most affordable online pharmacies for Seconal Sodium and nembutal are currently available. If you&hellip;<\/p>","protected":false},"featured_media":345,"comment_status":"closed","ping_status":"closed","template":"","meta":{"_joinchat":[]},"product_cat":[16],"product_tag":[407,396,403,386,387,405,402,395,391,408,392,406,393,388,398,399,400,389,404,401,394,397,390],"class_list":{"0":"post-303","1":"product","2":"type-product","3":"status-publish","4":"has-post-thumbnail","6":"product_cat-nembutal","7":"product_tag-best-cheap-price-seconal-sodium","8":"product_tag-best-place-to-buy-seconal-sodium","9":"product_tag-best-store-seconal-sodium","10":"product_tag-buy-seconal-sodium","11":"product_tag-buy-seconal-sodium-online","12":"product_tag-cheap-seconal-sodium","13":"product_tag-high-quality-seconal-sodium","14":"product_tag-how-to-buy-seconal-sodium","15":"product_tag-order-seconal-sodium","16":"product_tag-order-seconal-sodium-for-sale","17":"product_tag-order-seconal-sodium-online","18":"product_tag-purcharse-seconal-sodium","19":"product_tag-seconal-sodium-chemical","20":"product_tag-seconal-sodium-for-sale","21":"product_tag-seconal-sodium-legally","22":"product_tag-seconal-sodium-online","23":"product_tag-seconal-sodium-price","24":"product_tag-seconal-sodium-supplier-online","25":"product_tag-shop-seconal-sodium","26":"product_tag-top-quality-seconal-sodium","27":"product_tag-where-to-buy-seconal-sodium","28":"product_tag-where-to-order-seconal-sodium","29":"product_tag-wholesale-seconal-sodium-bulk-online","31":"first","32":"instock","33":"shipping-taxable","34":"purchasable","35":"product-type-variable"},"yoast_head":"<!-- This site is optimized with the Yoast SEO plugin v24.1 - https:\/\/yoast.com\/wordpress\/plugins\/seo\/ -->\n<title>Seconal Sodium for Sale - Order Seconal Sodium<\/title>\n<meta name=\"description\" content=\"Find premium seconal sodium for sale at our online store, providing a secure platform to buy seconal sodium online with ease, catering to your research needs.\" \/>\n<meta name=\"robots\" content=\"index, follow, max-snippet:-1, max-image-preview:large, max-video-preview:-1\" \/>\n<link rel=\"canonical\" href=\"https:\/\/nembutalhouse.com\/fr\/produit\/buy-seconal-sodium-for-sale\/\" \/>\n<meta property=\"og:locale\" content=\"fr_FR\" \/>\n<meta property=\"og:type\" content=\"article\" \/>\n<meta property=\"og:title\" content=\"Seconal Sodium for Sale - Order Seconal Sodium\" \/>\n<meta property=\"og:description\" content=\"Find premium seconal sodium for sale at our online store, providing a secure platform to buy seconal sodium online with ease, catering to your research needs.\" \/>\n<meta property=\"og:url\" content=\"https:\/\/nembutalhouse.com\/fr\/produit\/buy-seconal-sodium-for-sale\/\" \/>\n<meta property=\"og:site_name\" content=\"Nembutal House\" \/>\n<meta property=\"article:modified_time\" content=\"2026-03-06T11:22:21+00:00\" \/>\n<meta property=\"og:image\" content=\"https:\/\/nembutalhouse.com\/wp-content\/uploads\/2023\/06\/seconal-sodium.jpg\" \/>\n\t<meta property=\"og:image:width\" content=\"600\" \/>\n\t<meta property=\"og:image:height\" content=\"600\" \/>\n\t<meta property=\"og:image:type\" content=\"image\/jpeg\" \/>\n<meta name=\"twitter:card\" content=\"summary_large_image\" \/>\n<meta name=\"twitter:label1\" content=\"Dur\u00e9e de lecture estim\u00e9e\" \/>\n\t<meta name=\"twitter:data1\" content=\"3 minutes\" \/>\n<script type=\"application\/ld+json\" class=\"yoast-schema-graph\">{\"@context\":\"https:\/\/schema.org\",\"@graph\":[{\"@type\":\"WebPage\",\"@id\":\"https:\/\/nembutalhouse.com\/product\/buy-seconal-sodium-for-sale\/\",\"url\":\"https:\/\/nembutalhouse.com\/product\/buy-seconal-sodium-for-sale\/\",\"name\":\"Seconal Sodium for Sale - Order Seconal Sodium\",\"isPartOf\":{\"@id\":\"https:\/\/nembutalhouse.com\/#website\"},\"primaryImageOfPage\":{\"@id\":\"https:\/\/nembutalhouse.com\/product\/buy-seconal-sodium-for-sale\/#primaryimage\"},\"image\":{\"@id\":\"https:\/\/nembutalhouse.com\/product\/buy-seconal-sodium-for-sale\/#primaryimage\"},\"thumbnailUrl\":\"https:\/\/nembutalhouse.com\/wp-content\/uploads\/2023\/06\/seconal-sodium.jpg\",\"datePublished\":\"2023-06-14T10:06:07+00:00\",\"dateModified\":\"2026-03-06T11:22:21+00:00\",\"description\":\"Find premium seconal sodium for sale at our online store, providing a secure platform to buy seconal sodium online with ease, catering to your research needs.\",\"breadcrumb\":{\"@id\":\"https:\/\/nembutalhouse.com\/product\/buy-seconal-sodium-for-sale\/#breadcrumb\"},\"inLanguage\":\"fr-FR\",\"potentialAction\":[{\"@type\":\"ReadAction\",\"target\":[\"https:\/\/nembutalhouse.com\/product\/buy-seconal-sodium-for-sale\/\"]}]},{\"@type\":\"ImageObject\",\"inLanguage\":\"fr-FR\",\"@id\":\"https:\/\/nembutalhouse.com\/product\/buy-seconal-sodium-for-sale\/#primaryimage\",\"url\":\"https:\/\/nembutalhouse.com\/wp-content\/uploads\/2023\/06\/seconal-sodium.jpg\",\"contentUrl\":\"https:\/\/nembutalhouse.com\/wp-content\/uploads\/2023\/06\/seconal-sodium.jpg\",\"width\":600,\"height\":600,\"caption\":\"Buy Seconal Sodium For Sale\"},{\"@type\":\"BreadcrumbList\",\"@id\":\"https:\/\/nembutalhouse.com\/product\/buy-seconal-sodium-for-sale\/#breadcrumb\",\"itemListElement\":[{\"@type\":\"ListItem\",\"position\":1,\"name\":\"Home\",\"item\":\"https:\/\/nembutalhouse.com\/\"},{\"@type\":\"ListItem\",\"position\":2,\"name\":\"Shop\",\"item\":\"https:\/\/nembutalhouse.com\/shop\/\"},{\"@type\":\"ListItem\",\"position\":3,\"name\":\"Buy Seconal Sodium For Sale\"}]},{\"@type\":\"WebSite\",\"@id\":\"https:\/\/nembutalhouse.com\/#website\",\"url\":\"https:\/\/nembutalhouse.com\/\",\"name\":\"Nembutal House\",\"description\":\"Best Nembutal Online Store\",\"publisher\":{\"@id\":\"https:\/\/nembutalhouse.com\/#organization\"},\"potentialAction\":[{\"@type\":\"SearchAction\",\"target\":{\"@type\":\"EntryPoint\",\"urlTemplate\":\"https:\/\/nembutalhouse.com\/?s={search_term_string}\"},\"query-input\":{\"@type\":\"PropertyValueSpecification\",\"valueRequired\":true,\"valueName\":\"search_term_string\"}}],\"inLanguage\":\"fr-FR\"},{\"@type\":\"Organization\",\"@id\":\"https:\/\/nembutalhouse.com\/#organization\",\"name\":\"Nembutal House\",\"url\":\"https:\/\/nembutalhouse.com\/\",\"logo\":{\"@type\":\"ImageObject\",\"inLanguage\":\"fr-FR\",\"@id\":\"https:\/\/nembutalhouse.com\/#\/schema\/logo\/image\/\",\"url\":\"https:\/\/nembutalhouse.com\/wp-content\/uploads\/2022\/12\/logo.png\",\"contentUrl\":\"https:\/\/nembutalhouse.com\/wp-content\/uploads\/2022\/12\/logo.png\",\"width\":344,\"height\":103,\"caption\":\"Nembutal House\"},\"image\":{\"@id\":\"https:\/\/nembutalhouse.com\/#\/schema\/logo\/image\/\"}}]}<\/script>\n<!-- \/ Yoast SEO plugin. -->","yoast_head_json":{"title":"Seconal Sodium for Sale - Order Seconal Sodium","description":"Find premium seconal sodium for sale at our online store, providing a secure platform to buy seconal sodium online with ease, catering to your research needs.","robots":{"index":"index","follow":"follow","max-snippet":"max-snippet:-1","max-image-preview":"max-image-preview:large","max-video-preview":"max-video-preview:-1"},"canonical":"https:\/\/nembutalhouse.com\/fr\/produit\/buy-seconal-sodium-for-sale\/","og_locale":"fr_FR","og_type":"article","og_title":"Seconal Sodium for Sale - Order Seconal Sodium","og_description":"Find premium seconal sodium for sale at our online store, providing a secure platform to buy seconal sodium online with ease, catering to your research needs.","og_url":"https:\/\/nembutalhouse.com\/fr\/produit\/buy-seconal-sodium-for-sale\/","og_site_name":"Nembutal House","article_modified_time":"2026-03-06T11:22:21+00:00","og_image":[{"width":600,"height":600,"url":"https:\/\/nembutalhouse.com\/wp-content\/uploads\/2023\/06\/seconal-sodium.jpg","type":"image\/jpeg"}],"twitter_card":"summary_large_image","twitter_misc":{"Dur\u00e9e de lecture estim\u00e9e":"3 minutes"},"schema":{"@context":"https:\/\/schema.org","@graph":[{"@type":"WebPage","@id":"https:\/\/nembutalhouse.com\/product\/buy-seconal-sodium-for-sale\/","url":"https:\/\/nembutalhouse.com\/product\/buy-seconal-sodium-for-sale\/","name":"Seconal Sodium for Sale - Order Seconal Sodium","isPartOf":{"@id":"https:\/\/nembutalhouse.com\/#website"},"primaryImageOfPage":{"@id":"https:\/\/nembutalhouse.com\/product\/buy-seconal-sodium-for-sale\/#primaryimage"},"image":{"@id":"https:\/\/nembutalhouse.com\/product\/buy-seconal-sodium-for-sale\/#primaryimage"},"thumbnailUrl":"https:\/\/nembutalhouse.com\/wp-content\/uploads\/2023\/06\/seconal-sodium.jpg","datePublished":"2023-06-14T10:06:07+00:00","dateModified":"2026-03-06T11:22:21+00:00","description":"Find premium seconal sodium for sale at our online store, providing a secure platform to buy seconal sodium online with ease, catering to your research needs.","breadcrumb":{"@id":"https:\/\/nembutalhouse.com\/product\/buy-seconal-sodium-for-sale\/#breadcrumb"},"inLanguage":"fr-FR","potentialAction":[{"@type":"ReadAction","target":["https:\/\/nembutalhouse.com\/product\/buy-seconal-sodium-for-sale\/"]}]},{"@type":"ImageObject","inLanguage":"fr-FR","@id":"https:\/\/nembutalhouse.com\/product\/buy-seconal-sodium-for-sale\/#primaryimage","url":"https:\/\/nembutalhouse.com\/wp-content\/uploads\/2023\/06\/seconal-sodium.jpg","contentUrl":"https:\/\/nembutalhouse.com\/wp-content\/uploads\/2023\/06\/seconal-sodium.jpg","width":600,"height":600,"caption":"Buy Seconal Sodium For Sale"},{"@type":"BreadcrumbList","@id":"https:\/\/nembutalhouse.com\/product\/buy-seconal-sodium-for-sale\/#breadcrumb","itemListElement":[{"@type":"ListItem","position":1,"name":"Home","item":"https:\/\/nembutalhouse.com\/"},{"@type":"ListItem","position":2,"name":"Shop","item":"https:\/\/nembutalhouse.com\/shop\/"},{"@type":"ListItem","position":3,"name":"Buy Seconal Sodium For Sale"}]},{"@type":"WebSite","@id":"https:\/\/nembutalhouse.com\/#website","url":"https:\/\/nembutalhouse.com\/","name":"Nembutal House","description":"Best Nembutal Online Store","publisher":{"@id":"https:\/\/nembutalhouse.com\/#organization"},"potentialAction":[{"@type":"SearchAction","target":{"@type":"EntryPoint","urlTemplate":"https:\/\/nembutalhouse.com\/?s={search_term_string}"},"query-input":{"@type":"PropertyValueSpecification","valueRequired":true,"valueName":"search_term_string"}}],"inLanguage":"fr-FR"},{"@type":"Organization","@id":"https:\/\/nembutalhouse.com\/#organization","name":"Nembutal House","url":"https:\/\/nembutalhouse.com\/","logo":{"@type":"ImageObject","inLanguage":"fr-FR","@id":"https:\/\/nembutalhouse.com\/#\/schema\/logo\/image\/","url":"https:\/\/nembutalhouse.com\/wp-content\/uploads\/2022\/12\/logo.png","contentUrl":"https:\/\/nembutalhouse.com\/wp-content\/uploads\/2022\/12\/logo.png","width":344,"height":103,"caption":"Nembutal House"},"image":{"@id":"https:\/\/nembutalhouse.com\/#\/schema\/logo\/image\/"}}]}},"_links":{"self":[{"href":"https:\/\/nembutalhouse.com\/fr\/wp-json\/wp\/v2\/product\/303","targetHints":{"allow":["GET"]}}],"collection":[{"href":"https:\/\/nembutalhouse.com\/fr\/wp-json\/wp\/v2\/product"}],"about":[{"href":"https:\/\/nembutalhouse.com\/fr\/wp-json\/wp\/v2\/types\/product"}],"replies":[{"embeddable":true,"href":"https:\/\/nembutalhouse.com\/fr\/wp-json\/wp\/v2\/comments?post=303"}],"wp:featuredmedia":[{"embeddable":true,"href":"https:\/\/nembutalhouse.com\/fr\/wp-json\/wp\/v2\/media\/345"}],"wp:attachment":[{"href":"https:\/\/nembutalhouse.com\/fr\/wp-json\/wp\/v2\/media?parent=303"}],"wp:term":[{"taxonomy":"product_cat","embeddable":true,"href":"https:\/\/nembutalhouse.com\/fr\/wp-json\/wp\/v2\/product_cat?post=303"},{"taxonomy":"product_tag","embeddable":true,"href":"https:\/\/nembutalhouse.com\/fr\/wp-json\/wp\/v2\/product_tag?post=303"}],"curies":[{"name":"wp","href":"https:\/\/api.w.org\/{rel}","templated":true}]}}