{"id":300,"date":"2023-06-14T10:07:05","date_gmt":"2023-06-14T10:07:05","guid":{"rendered":"https:\/\/nembutalhouse.com\/?post_type=product&#038;p=300"},"modified":"2024-12-05T08:33:57","modified_gmt":"2024-12-05T08:33:57","slug":"brallobarbital-vesparax","status":"publish","type":"product","link":"https:\/\/nembutalhouse.com\/fr\/produit\/brallobarbital-vesparax\/","title":{"rendered":"Acheter Brallobarbital (Vesparax)"},"content":{"rendered":"<h2>Acheter Vesparax (Ballobarbital) en ligne aupr\u00e8s d'une pharmacie r\u00e9put\u00e9e<\/h2>\n<p><a href=\"https:\/\/nembutalhouse.com\/fr\/produit\/brallobarbital-vesparax\/\">Acheter Brallobarbital (Vesparax)<\/a>Brallobarbital (Vesparax) est un m\u00e9dicament qui est vendu par une pharmacie en ligne pour le nembutal et qui est rapidement livr\u00e9 aux consommateurs qui l'ont command\u00e9. Nous sommes une pharmacie en ligne r\u00e9put\u00e9e o\u00f9 vous pouvez acheter Vesparax au prix le plus bas. Nos prix sont imbattables et raisonnables pour tout le monde. Nous avons \u00e9galement une \u00e9quipe qui r\u00e9pondra efficacement \u00e0 vos besoins et \u00e0 vos demandes de nembutal brallobarbital. Nembutal Brallobarbital peut maintenant \u00eatre command\u00e9 rapidement dans notre pharmacie et livr\u00e9 directement \u00e0 votre domicile.<\/p>\n<h3>Qu'est-ce que le brallobarbital (Vesparax) et comment est-il utilis\u00e9 ?<\/h3>\n<p>Le m\u00e9dicament Vesparax est souvent appel\u00e9 antipsychotique atypique. Il agit en modifiant le fonctionnement de certaines mol\u00e9cules dans le cerveau. Seuls les adultes peuvent utiliser ce m\u00e9dicament, qui ne doit pas \u00eatre administr\u00e9 \u00e0 des personnes \u00e2g\u00e9es de moins de 18 ans.<\/p>\n<p><strong>Le Vesparax a les applications suivantes :<\/strong><\/p>\n<p>Aide \u00e0 traiter la schizophr\u00e9nie chez les adultes et les enfants<br \/>\nUtilis\u00e9 en conjonction avec des antid\u00e9presseurs pour traiter les personnes souffrant de troubles d\u00e9pressifs s\u00e9v\u00e8res pour traiter les troubles bipolaires chez les enfants et les adultes.<\/p>","protected":false},"excerpt":{"rendered":"<p>Buy Vesparax (Ballobarbital) Online From The Reputable Pharmacy Buy Brallobarbital (Vesparax), Brallobarbital (Vesparax) is a medication that is sold by an online pharmacy for nembutal and is promptly delivered to&hellip;<\/p>","protected":false},"featured_media":334,"comment_status":"closed","ping_status":"closed","template":"","meta":{"_joinchat":[]},"product_cat":[16],"product_tag":[326,315,330,307,312,318,331,319,322,308,328,329,327,305,317,306,324,321,314,310,311,325,323,320,313,316,309],"class_list":{"0":"post-300","1":"product","2":"type-product","3":"status-publish","4":"has-post-thumbnail","6":"product_cat-nembutal","7":"product_tag-best-cheap-price-brallobarbital","8":"product_tag-best-place-to-buy-brallobarbital","9":"product_tag-brallobarbital-for-cleaning","10":"product_tag-brallobarbital-for-sale","11":"product_tag-brallobarbital-liquid","12":"product_tag-brallobarbital-online","13":"product_tag-brallobarbital-powder","14":"product_tag-brallobarbital-price","15":"product_tag-brallobarbital-store","16":"product_tag-brallobarbital-supplier","17":"product_tag-brallobarbital-use","18":"product_tag-brallobarbital-wiki","19":"product_tag-brallobarbital-worldwide","20":"product_tag-buy-brallobarbital","21":"product_tag-buy-brallobarbital-legally","22":"product_tag-buy-brallobarbital-online","23":"product_tag-cheap-brallobarbital","24":"product_tag-high-quality-brallobarbital","25":"product_tag-how-to-buy-brallobarbital","26":"product_tag-order-brallobarbital","27":"product_tag-order-brallobarbital-online","28":"product_tag-purcharse-brallobarbital","29":"product_tag-shop-brallobarbital","30":"product_tag-top-quality-brallobarbital","31":"product_tag-where-to-buy-brallobarbital","32":"product_tag-where-to-order-brallobarbital","33":"product_tag-wholesale-brallobarbital-bulk-online","35":"first","36":"instock","37":"shipping-taxable","38":"purchasable","39":"product-type-variable"},"yoast_head":"<!-- This site is optimized with the Yoast SEO plugin v24.1 - https:\/\/yoast.com\/wordpress\/plugins\/seo\/ -->\n<title>Buy Brallobarbital Online - Brallobarbital for Sale - NH<\/title>\n<meta name=\"description\" content=\"If you want to buy Brallobarbital online and looking for a reliable online store, then buy here. We offer only high-quality Brallobarbital for sale at an affordable price.\" \/>\n<meta name=\"robots\" content=\"index, follow, max-snippet:-1, max-image-preview:large, max-video-preview:-1\" \/>\n<link rel=\"canonical\" href=\"https:\/\/nembutalhouse.com\/fr\/produit\/brallobarbital-vesparax\/\" \/>\n<meta property=\"og:locale\" content=\"fr_FR\" \/>\n<meta property=\"og:type\" content=\"article\" \/>\n<meta property=\"og:title\" content=\"Buy Brallobarbital Online - Brallobarbital for Sale - NH\" \/>\n<meta property=\"og:description\" content=\"If you want to buy Brallobarbital online and looking for a reliable online store, then buy here. We offer only high-quality Brallobarbital for sale at an affordable price.\" \/>\n<meta property=\"og:url\" content=\"https:\/\/nembutalhouse.com\/fr\/produit\/brallobarbital-vesparax\/\" \/>\n<meta property=\"og:site_name\" content=\"Nembutal House\" \/>\n<meta property=\"article:modified_time\" content=\"2024-12-05T08:33:57+00:00\" \/>\n<meta property=\"og:image\" content=\"https:\/\/nembutalhouse.com\/wp-content\/uploads\/2023\/06\/brallobarbital-Vesparax-2.jpg\" \/>\n\t<meta property=\"og:image:width\" content=\"600\" \/>\n\t<meta property=\"og:image:height\" content=\"600\" \/>\n\t<meta property=\"og:image:type\" content=\"image\/jpeg\" \/>\n<meta name=\"twitter:card\" content=\"summary_large_image\" \/>\n<meta name=\"twitter:label1\" content=\"Dur\u00e9e de lecture estim\u00e9e\" \/>\n\t<meta name=\"twitter:data1\" content=\"1 minute\" \/>\n<script type=\"application\/ld+json\" class=\"yoast-schema-graph\">{\"@context\":\"https:\/\/schema.org\",\"@graph\":[{\"@type\":\"WebPage\",\"@id\":\"https:\/\/nembutalhouse.com\/product\/brallobarbital-vesparax\/\",\"url\":\"https:\/\/nembutalhouse.com\/product\/brallobarbital-vesparax\/\",\"name\":\"Buy Brallobarbital Online - Brallobarbital for Sale - NH\",\"isPartOf\":{\"@id\":\"https:\/\/nembutalhouse.com\/#website\"},\"primaryImageOfPage\":{\"@id\":\"https:\/\/nembutalhouse.com\/product\/brallobarbital-vesparax\/#primaryimage\"},\"image\":{\"@id\":\"https:\/\/nembutalhouse.com\/product\/brallobarbital-vesparax\/#primaryimage\"},\"thumbnailUrl\":\"https:\/\/nembutalhouse.com\/wp-content\/uploads\/2023\/06\/brallobarbital-Vesparax-2.jpg\",\"datePublished\":\"2023-06-14T10:07:05+00:00\",\"dateModified\":\"2024-12-05T08:33:57+00:00\",\"description\":\"If you want to buy Brallobarbital online and looking for a reliable online store, then buy here. We offer only high-quality Brallobarbital for sale at an affordable price.\",\"breadcrumb\":{\"@id\":\"https:\/\/nembutalhouse.com\/product\/brallobarbital-vesparax\/#breadcrumb\"},\"inLanguage\":\"fr-FR\",\"potentialAction\":[{\"@type\":\"ReadAction\",\"target\":[\"https:\/\/nembutalhouse.com\/product\/brallobarbital-vesparax\/\"]}]},{\"@type\":\"ImageObject\",\"inLanguage\":\"fr-FR\",\"@id\":\"https:\/\/nembutalhouse.com\/product\/brallobarbital-vesparax\/#primaryimage\",\"url\":\"https:\/\/nembutalhouse.com\/wp-content\/uploads\/2023\/06\/brallobarbital-Vesparax-2.jpg\",\"contentUrl\":\"https:\/\/nembutalhouse.com\/wp-content\/uploads\/2023\/06\/brallobarbital-Vesparax-2.jpg\",\"width\":600,\"height\":600,\"caption\":\"brallobarbital-Vesparax\"},{\"@type\":\"BreadcrumbList\",\"@id\":\"https:\/\/nembutalhouse.com\/product\/brallobarbital-vesparax\/#breadcrumb\",\"itemListElement\":[{\"@type\":\"ListItem\",\"position\":1,\"name\":\"Home\",\"item\":\"https:\/\/nembutalhouse.com\/\"},{\"@type\":\"ListItem\",\"position\":2,\"name\":\"Shop\",\"item\":\"https:\/\/nembutalhouse.com\/shop\/\"},{\"@type\":\"ListItem\",\"position\":3,\"name\":\"Buy Brallobarbital (Vesparax)\"}]},{\"@type\":\"WebSite\",\"@id\":\"https:\/\/nembutalhouse.com\/#website\",\"url\":\"https:\/\/nembutalhouse.com\/\",\"name\":\"Nembutal House\",\"description\":\"Best Nembutal Online Store\",\"publisher\":{\"@id\":\"https:\/\/nembutalhouse.com\/#organization\"},\"potentialAction\":[{\"@type\":\"SearchAction\",\"target\":{\"@type\":\"EntryPoint\",\"urlTemplate\":\"https:\/\/nembutalhouse.com\/?s={search_term_string}\"},\"query-input\":{\"@type\":\"PropertyValueSpecification\",\"valueRequired\":true,\"valueName\":\"search_term_string\"}}],\"inLanguage\":\"fr-FR\"},{\"@type\":\"Organization\",\"@id\":\"https:\/\/nembutalhouse.com\/#organization\",\"name\":\"Nembutal House\",\"url\":\"https:\/\/nembutalhouse.com\/\",\"logo\":{\"@type\":\"ImageObject\",\"inLanguage\":\"fr-FR\",\"@id\":\"https:\/\/nembutalhouse.com\/#\/schema\/logo\/image\/\",\"url\":\"https:\/\/nembutalhouse.com\/wp-content\/uploads\/2022\/12\/logo.png\",\"contentUrl\":\"https:\/\/nembutalhouse.com\/wp-content\/uploads\/2022\/12\/logo.png\",\"width\":344,\"height\":103,\"caption\":\"Nembutal House\"},\"image\":{\"@id\":\"https:\/\/nembutalhouse.com\/#\/schema\/logo\/image\/\"}}]}<\/script>\n<!-- \/ Yoast SEO plugin. -->","yoast_head_json":{"title":"Buy Brallobarbital Online - Brallobarbital for Sale - NH","description":"If you want to buy Brallobarbital online and looking for a reliable online store, then buy here. We offer only high-quality Brallobarbital for sale at an affordable price.","robots":{"index":"index","follow":"follow","max-snippet":"max-snippet:-1","max-image-preview":"max-image-preview:large","max-video-preview":"max-video-preview:-1"},"canonical":"https:\/\/nembutalhouse.com\/fr\/produit\/brallobarbital-vesparax\/","og_locale":"fr_FR","og_type":"article","og_title":"Buy Brallobarbital Online - Brallobarbital for Sale - NH","og_description":"If you want to buy Brallobarbital online and looking for a reliable online store, then buy here. We offer only high-quality Brallobarbital for sale at an affordable price.","og_url":"https:\/\/nembutalhouse.com\/fr\/produit\/brallobarbital-vesparax\/","og_site_name":"Nembutal House","article_modified_time":"2024-12-05T08:33:57+00:00","og_image":[{"width":600,"height":600,"url":"https:\/\/nembutalhouse.com\/wp-content\/uploads\/2023\/06\/brallobarbital-Vesparax-2.jpg","type":"image\/jpeg"}],"twitter_card":"summary_large_image","twitter_misc":{"Dur\u00e9e de lecture estim\u00e9e":"1 minute"},"schema":{"@context":"https:\/\/schema.org","@graph":[{"@type":"WebPage","@id":"https:\/\/nembutalhouse.com\/product\/brallobarbital-vesparax\/","url":"https:\/\/nembutalhouse.com\/product\/brallobarbital-vesparax\/","name":"Buy Brallobarbital Online - Brallobarbital for Sale - NH","isPartOf":{"@id":"https:\/\/nembutalhouse.com\/#website"},"primaryImageOfPage":{"@id":"https:\/\/nembutalhouse.com\/product\/brallobarbital-vesparax\/#primaryimage"},"image":{"@id":"https:\/\/nembutalhouse.com\/product\/brallobarbital-vesparax\/#primaryimage"},"thumbnailUrl":"https:\/\/nembutalhouse.com\/wp-content\/uploads\/2023\/06\/brallobarbital-Vesparax-2.jpg","datePublished":"2023-06-14T10:07:05+00:00","dateModified":"2024-12-05T08:33:57+00:00","description":"If you want to buy Brallobarbital online and looking for a reliable online store, then buy here. We offer only high-quality Brallobarbital for sale at an affordable price.","breadcrumb":{"@id":"https:\/\/nembutalhouse.com\/product\/brallobarbital-vesparax\/#breadcrumb"},"inLanguage":"fr-FR","potentialAction":[{"@type":"ReadAction","target":["https:\/\/nembutalhouse.com\/product\/brallobarbital-vesparax\/"]}]},{"@type":"ImageObject","inLanguage":"fr-FR","@id":"https:\/\/nembutalhouse.com\/product\/brallobarbital-vesparax\/#primaryimage","url":"https:\/\/nembutalhouse.com\/wp-content\/uploads\/2023\/06\/brallobarbital-Vesparax-2.jpg","contentUrl":"https:\/\/nembutalhouse.com\/wp-content\/uploads\/2023\/06\/brallobarbital-Vesparax-2.jpg","width":600,"height":600,"caption":"brallobarbital-Vesparax"},{"@type":"BreadcrumbList","@id":"https:\/\/nembutalhouse.com\/product\/brallobarbital-vesparax\/#breadcrumb","itemListElement":[{"@type":"ListItem","position":1,"name":"Home","item":"https:\/\/nembutalhouse.com\/"},{"@type":"ListItem","position":2,"name":"Shop","item":"https:\/\/nembutalhouse.com\/shop\/"},{"@type":"ListItem","position":3,"name":"Buy Brallobarbital (Vesparax)"}]},{"@type":"WebSite","@id":"https:\/\/nembutalhouse.com\/#website","url":"https:\/\/nembutalhouse.com\/","name":"Nembutal House","description":"Best Nembutal Online Store","publisher":{"@id":"https:\/\/nembutalhouse.com\/#organization"},"potentialAction":[{"@type":"SearchAction","target":{"@type":"EntryPoint","urlTemplate":"https:\/\/nembutalhouse.com\/?s={search_term_string}"},"query-input":{"@type":"PropertyValueSpecification","valueRequired":true,"valueName":"search_term_string"}}],"inLanguage":"fr-FR"},{"@type":"Organization","@id":"https:\/\/nembutalhouse.com\/#organization","name":"Nembutal House","url":"https:\/\/nembutalhouse.com\/","logo":{"@type":"ImageObject","inLanguage":"fr-FR","@id":"https:\/\/nembutalhouse.com\/#\/schema\/logo\/image\/","url":"https:\/\/nembutalhouse.com\/wp-content\/uploads\/2022\/12\/logo.png","contentUrl":"https:\/\/nembutalhouse.com\/wp-content\/uploads\/2022\/12\/logo.png","width":344,"height":103,"caption":"Nembutal House"},"image":{"@id":"https:\/\/nembutalhouse.com\/#\/schema\/logo\/image\/"}}]}},"_links":{"self":[{"href":"https:\/\/nembutalhouse.com\/fr\/wp-json\/wp\/v2\/product\/300","targetHints":{"allow":["GET"]}}],"collection":[{"href":"https:\/\/nembutalhouse.com\/fr\/wp-json\/wp\/v2\/product"}],"about":[{"href":"https:\/\/nembutalhouse.com\/fr\/wp-json\/wp\/v2\/types\/product"}],"replies":[{"embeddable":true,"href":"https:\/\/nembutalhouse.com\/fr\/wp-json\/wp\/v2\/comments?post=300"}],"wp:featuredmedia":[{"embeddable":true,"href":"https:\/\/nembutalhouse.com\/fr\/wp-json\/wp\/v2\/media\/334"}],"wp:attachment":[{"href":"https:\/\/nembutalhouse.com\/fr\/wp-json\/wp\/v2\/media?parent=300"}],"wp:term":[{"taxonomy":"product_cat","embeddable":true,"href":"https:\/\/nembutalhouse.com\/fr\/wp-json\/wp\/v2\/product_cat?post=300"},{"taxonomy":"product_tag","embeddable":true,"href":"https:\/\/nembutalhouse.com\/fr\/wp-json\/wp\/v2\/product_tag?post=300"}],"curies":[{"name":"wp","href":"https:\/\/api.w.org\/{rel}","templated":true}]}}