{"id":25,"date":"2022-12-13T18:51:32","date_gmt":"2022-12-13T18:51:32","guid":{"rendered":"https:\/\/nembutalhouse.com\/?post_type=product&#038;p=25"},"modified":"2026-03-06T11:07:36","modified_gmt":"2026-03-06T11:07:36","slug":"buy-nembutal-pills-online","status":"publish","type":"product","link":"https:\/\/nembutalhouse.com\/fr\/produit\/acheter-des-pilules-de-nembutal-en-ligne\/","title":{"rendered":"Acheter des pilules Nembutal en ligne"},"content":{"rendered":"<h2>Acheter des pilules Nembutal en ligne<\/h2>\n<p>L'utilisation premi\u00e8re de <a href=\"https:\/\/nembutalhouse.com\/fr\/produit\/acheter-des-pilules-de-nembutal-en-ligne\/\"><strong>Pilules de Nembutal<\/strong><\/a> est un traitement \u00e0 court terme de l'insomnie. Principalement utilis\u00e9 pour aider les gens \u00e0 s'endormir, mais il n'est pas utile pour aider les gens \u00e0 dormir dans le traitement de l'anxi\u00e9t\u00e9 comme anticonvulsivant en cas d'urgence et comme anesth\u00e9sique avant la chirurgie. Vous pouvez acheter les pilules Nembutal chez nous.<\/p>\n<h3>Comment allez-vous acheter les pilules de Nembutal en ligne\u00a0?<\/h3>\n<p>Nous nous d\u00e9marquons de la foule en offrant la plus haute qualit\u00e9 <strong>Pilules de Nembutal \u00e0 vendre en ligne<\/strong> \u00e0 des prix abordables. Notre r\u00e9putation s'est largement r\u00e9pandue pour maintenir une bonne r\u00e9putation. Nous ne prenons aucune chance de faire des compromis sur la qualit\u00e9 des pilules de Nembutal acheter des pilules de Nembutal que nous vous vendons. Commandez des pilules Nembutal en ligne; par cons\u00e9quent, vous pouvez acheter des pilules Nembutal de haute qualit\u00e9 ici dans notre boutique en ligne. Si vous ne savez pas o\u00f9 acheter des pilules Nembutal, vous pouvez nous contacter pour la meilleure exp\u00e9rience.<\/p>\n<p>Comme toujours, nos pilules de Nembutal vendues en ligne sont test\u00e9es en laboratoire car nous nous soucions de votre sant\u00e9. Notre pentobarbital \u00e0 vendre est exempt d'impuret\u00e9s, vous pouvez donc vous faire plaisir avec ces pilules Nembutal sans nuire \u00e0 votre sant\u00e9. Vous pouvez essayer diff\u00e9rentes sources de m\u00e9dicaments. Mais nous sommes convaincus que nos pilules de Nembutal vous donneront des r\u00e9sultats positifs \u00e0 100 % et des solutions parfaites \u00e0 vos probl\u00e8mes de sant\u00e9. Vous ach\u00e8terez facilement des pilules de Nembutal en ligne sur diff\u00e9rents sites du march\u00e9.<\/p>\n<h3>Comment les pilules Nembutal sont-elles utilis\u00e9es?<\/h3>\n<p>It is a barbiturate that acts as a sedative or antidepressant. The main purpose is used to treat insomnia. Nembutal is also used as an emergency treatment for seizures and causes patients to fall asleep for surgery. <a href=\"https:\/\/en.wikipedia.org\/?title=Nembutal&amp;redirect=no\">Nembutal<\/a> is available in generic form. You can buy it from our site with Nembutal pills for sale options.<\/p>\n<h3>Pourquoi pr\u00e9f\u00e9rerez-vous acheter les pilules de Nembutal ?<\/h3>\n<p>Ces pilules de Nembutal sont couramment utilis\u00e9es en raison de leur capacit\u00e9 \u00e0 avoir un effet apaisant sur le syst\u00e8me nerveux dans le cerveau et finalement \u00e0 ralentir l'activit\u00e9 c\u00e9r\u00e9brale. Cet effet favorise la relaxation et le sommeil. Le pentobarbital est largement utilis\u00e9 par les m\u00e9decins pour l'anesth\u00e9sie pr\u00e9op\u00e9ratoire. Mais on peut vous conseiller de prendre la bonne dose de pilules de Nembutal pour des probl\u00e8mes tels que l'insomnie.<\/p>\n<p>Si tu peux <a href=\"https:\/\/nembutalhouse.com\/fr\/\" target=\"_blank\" rel=\"noopener\"><strong>acheter du Nembutal en ligne<\/strong><\/a>, il est \u00e9galement efficace pour les troubles mentaux tels que l'anxi\u00e9t\u00e9, la d\u00e9pression et l'\u00e9pilepsie. C'est la meilleure solution pour se sentir mieux et se d\u00e9tendre en \u00e9vacuant la tension. Consommer du Nembutal d'une mauvaise source peut avoir de nombreux effets n\u00e9gatifs et n\u00e9fastes sur votre sant\u00e9. Par cons\u00e9quent, il est essentiel de commander des pilules Nembutal en ligne aupr\u00e8s d'une source fiable. Nous sommes l'un des fournisseurs d\u00e9di\u00e9s \u00e0 vous proposer en ligne des pilules Nembutal de la plus haute qualit\u00e9 \u00e0 des prix abordables. Nous sommes l'un des meilleurs endroits pour acheter des pilules Nembutal.<\/p>\n<p>Si vous achetez chez nous, vous devez savoir que vous \u00eates entre de bonnes mains. Si vous ne voulez pas faire de compromis sur la qualit\u00e9 de la pilule pour vous offrir une meilleure sant\u00e9, nous sommes votre meilleur choix. Il vous suffit de passer votre commande de Nembutal en ligne et nous vous la livrerons dans les plus brefs d\u00e9lais. Si vous avez besoin d'une id\u00e9e claire sur la fa\u00e7on d'acheter des pilules de Nembutal, veuillez nous contacter. Notre \u00e9quipe d'experts vous guidera pour acheter les pilules Nembutal en ligne.<\/p>","protected":false},"excerpt":{"rendered":"<p>Chaque comprim\u00e9 de Nembutal 100 mg contient.<\/p>","protected":false},"featured_media":16,"comment_status":"open","ping_status":"closed","template":"","meta":{"_joinchat":[]},"product_cat":[16],"product_tag":[531,520,48,17,49,514,522,50,51,19,52,529,526,20,519,21,23,24,25,26,53,27,30,31,32,535,54,518,536,524,527,515,534,532,523,533,35,36,37,38,39,517,55,41,56,42,530,528,44,525,45,46,57,58,521,516],"class_list":{"0":"post-25","1":"product","2":"type-product","3":"status-publish","4":"has-post-thumbnail","6":"product_cat-nembutal","7":"product_tag-best-cheap-price-nembutal-pills","8":"product_tag-best-place-to-buy-nembutal-pills","9":"product_tag-buy-nembutal-exit-international","10":"product_tag-buy-nembutal-online","11":"product_tag-buy-nembutal-pentobarbital","12":"product_tag-buy-nembutal-pills","13":"product_tag-buy-nembutal-pills-legally","14":"product_tag-buy-nembutal-pills-online","15":"product_tag-buy-nembutal-pills-online-without-prescription","16":"product_tag-buy-nembutal-uk","17":"product_tag-cheap-nembutal-pills-for-sale","18":"product_tag-cheap-nembutal-pillss","19":"product_tag-high-quality-nembutal-pills","20":"product_tag-how-can-i-get-nembutal","21":"product_tag-how-to-buy-nembutal-pills","22":"product_tag-how-to-make-nembutal","23":"product_tag-how-to-purchase-nembutal","24":"product_tag-nembutal","25":"product_tag-nembutal-buy","26":"product_tag-nembutal-buy-india","27":"product_tag-nembutal-capsules-for-sale","28":"product_tag-nembutal-for-sale","29":"product_tag-nembutal-order-online","30":"product_tag-nembutal-pentobarbital-for-sale-in-usa","31":"product_tag-nembutal-pentobarbital-sodium-for-sale","32":"product_tag-nembutal-pills-for-cleaning","33":"product_tag-nembutal-pills-for-sale","34":"product_tag-nembutal-pills-liquid","35":"product_tag-nembutal-pills-powder","36":"product_tag-nembutal-pills-price","37":"product_tag-nembutal-pills-store","38":"product_tag-nembutal-pills-supplier","39":"product_tag-nembutal-pills-wiki","40":"product_tag-nembutal-pills-worldwide","41":"product_tag-nembutal-pillss-online","42":"product_tag-nembutal-pillss-use","43":"product_tag-nembutal-sodium","44":"product_tag-nembutal-suicide","45":"product_tag-nembutal-where-to-buy","46":"product_tag-order-nembutal","47":"product_tag-order-nembutal-online","48":"product_tag-order-nembutal-pills","49":"product_tag-order-nembutal-pills-online","50":"product_tag-pentobarbital","51":"product_tag-pentobarbital-buy","52":"product_tag-pentobarbital-for-sale","53":"product_tag-purcharse-nembutal-pills","54":"product_tag-shop-nembutal-pills","55":"product_tag-sodium-pentobarbital","56":"product_tag-top-quality-nembutal-pills","57":"product_tag-what-is-nembutal","58":"product_tag-where-to-buy-nembutal","59":"product_tag-where-to-buy-nembutal-pills","60":"product_tag-where-to-buy-pentobarbital-for-dogs","61":"product_tag-where-to-order-nembutal-pills","62":"product_tag-wholesale-nembutal-pills-bulk-online","64":"first","65":"instock","66":"shipping-taxable","67":"purchasable","68":"product-type-variable","69":"has-default-attributes"},"yoast_head":"<!-- This site is optimized with the Yoast SEO plugin v24.1 - https:\/\/yoast.com\/wordpress\/plugins\/seo\/ -->\n<title>Buy Nembutal Pills Online - Nembutal Pills for Sale<\/title>\n<meta name=\"description\" content=\"Where to buy nembutal pills online at the best price? Find high-quality nembutal pills for sale at our secure online store, catering to your research requirements. Order Now!\" \/>\n<meta name=\"robots\" content=\"index, follow, max-snippet:-1, max-image-preview:large, max-video-preview:-1\" \/>\n<link rel=\"canonical\" href=\"https:\/\/nembutalhouse.com\/fr\/produit\/acheter-des-pilules-de-nembutal-en-ligne\/\" \/>\n<meta property=\"og:locale\" content=\"fr_FR\" \/>\n<meta property=\"og:type\" content=\"article\" \/>\n<meta property=\"og:title\" content=\"Buy Nembutal Pills Online - Nembutal Pills for Sale\" \/>\n<meta property=\"og:description\" content=\"Where to buy nembutal pills online at the best price? Find high-quality nembutal pills for sale at our secure online store, catering to your research requirements. Order Now!\" \/>\n<meta property=\"og:url\" content=\"https:\/\/nembutalhouse.com\/fr\/produit\/acheter-des-pilules-de-nembutal-en-ligne\/\" \/>\n<meta property=\"og:site_name\" content=\"Nembutal House\" \/>\n<meta property=\"article:modified_time\" content=\"2026-03-06T11:07:36+00:00\" \/>\n<meta property=\"og:image\" content=\"https:\/\/nembutalhouse.com\/wp-content\/uploads\/2022\/12\/nembutal-pills.jpg\" \/>\n\t<meta property=\"og:image:width\" content=\"1000\" \/>\n\t<meta property=\"og:image:height\" content=\"1000\" \/>\n\t<meta property=\"og:image:type\" content=\"image\/jpeg\" \/>\n<meta name=\"twitter:card\" content=\"summary_large_image\" \/>\n<meta name=\"twitter:label1\" content=\"Dur\u00e9e de lecture estim\u00e9e\" \/>\n\t<meta name=\"twitter:data1\" content=\"3 minutes\" \/>\n<script type=\"application\/ld+json\" class=\"yoast-schema-graph\">{\"@context\":\"https:\/\/schema.org\",\"@graph\":[{\"@type\":\"WebPage\",\"@id\":\"https:\/\/nembutalhouse.com\/product\/buy-nembutal-pills-online\/\",\"url\":\"https:\/\/nembutalhouse.com\/product\/buy-nembutal-pills-online\/\",\"name\":\"Buy Nembutal Pills Online - Nembutal Pills for Sale\",\"isPartOf\":{\"@id\":\"https:\/\/nembutalhouse.com\/#website\"},\"primaryImageOfPage\":{\"@id\":\"https:\/\/nembutalhouse.com\/product\/buy-nembutal-pills-online\/#primaryimage\"},\"image\":{\"@id\":\"https:\/\/nembutalhouse.com\/product\/buy-nembutal-pills-online\/#primaryimage\"},\"thumbnailUrl\":\"https:\/\/nembutalhouse.com\/wp-content\/uploads\/2022\/12\/nembutal-pills.jpg\",\"datePublished\":\"2022-12-13T18:51:32+00:00\",\"dateModified\":\"2026-03-06T11:07:36+00:00\",\"description\":\"Where to buy nembutal pills online at the best price? Find high-quality nembutal pills for sale at our secure online store, catering to your research requirements. Order Now!\",\"breadcrumb\":{\"@id\":\"https:\/\/nembutalhouse.com\/product\/buy-nembutal-pills-online\/#breadcrumb\"},\"inLanguage\":\"fr-FR\",\"potentialAction\":[{\"@type\":\"ReadAction\",\"target\":[\"https:\/\/nembutalhouse.com\/product\/buy-nembutal-pills-online\/\"]}]},{\"@type\":\"ImageObject\",\"inLanguage\":\"fr-FR\",\"@id\":\"https:\/\/nembutalhouse.com\/product\/buy-nembutal-pills-online\/#primaryimage\",\"url\":\"https:\/\/nembutalhouse.com\/wp-content\/uploads\/2022\/12\/nembutal-pills.jpg\",\"contentUrl\":\"https:\/\/nembutalhouse.com\/wp-content\/uploads\/2022\/12\/nembutal-pills.jpg\",\"width\":1000,\"height\":1000,\"caption\":\"Buy Nembutal Pills Online\"},{\"@type\":\"BreadcrumbList\",\"@id\":\"https:\/\/nembutalhouse.com\/product\/buy-nembutal-pills-online\/#breadcrumb\",\"itemListElement\":[{\"@type\":\"ListItem\",\"position\":1,\"name\":\"Home\",\"item\":\"https:\/\/nembutalhouse.com\/\"},{\"@type\":\"ListItem\",\"position\":2,\"name\":\"Shop\",\"item\":\"https:\/\/nembutalhouse.com\/shop\/\"},{\"@type\":\"ListItem\",\"position\":3,\"name\":\"Buy Nembutal Pills Online\"}]},{\"@type\":\"WebSite\",\"@id\":\"https:\/\/nembutalhouse.com\/#website\",\"url\":\"https:\/\/nembutalhouse.com\/\",\"name\":\"Nembutal House\",\"description\":\"Best Nembutal Online Store\",\"publisher\":{\"@id\":\"https:\/\/nembutalhouse.com\/#organization\"},\"potentialAction\":[{\"@type\":\"SearchAction\",\"target\":{\"@type\":\"EntryPoint\",\"urlTemplate\":\"https:\/\/nembutalhouse.com\/?s={search_term_string}\"},\"query-input\":{\"@type\":\"PropertyValueSpecification\",\"valueRequired\":true,\"valueName\":\"search_term_string\"}}],\"inLanguage\":\"fr-FR\"},{\"@type\":\"Organization\",\"@id\":\"https:\/\/nembutalhouse.com\/#organization\",\"name\":\"Nembutal House\",\"url\":\"https:\/\/nembutalhouse.com\/\",\"logo\":{\"@type\":\"ImageObject\",\"inLanguage\":\"fr-FR\",\"@id\":\"https:\/\/nembutalhouse.com\/#\/schema\/logo\/image\/\",\"url\":\"https:\/\/nembutalhouse.com\/wp-content\/uploads\/2022\/12\/logo.png\",\"contentUrl\":\"https:\/\/nembutalhouse.com\/wp-content\/uploads\/2022\/12\/logo.png\",\"width\":344,\"height\":103,\"caption\":\"Nembutal House\"},\"image\":{\"@id\":\"https:\/\/nembutalhouse.com\/#\/schema\/logo\/image\/\"}}]}<\/script>\n<!-- \/ Yoast SEO plugin. -->","yoast_head_json":{"title":"Buy Nembutal Pills Online - Nembutal Pills for Sale","description":"Where to buy nembutal pills online at the best price? Find high-quality nembutal pills for sale at our secure online store, catering to your research requirements. Order Now!","robots":{"index":"index","follow":"follow","max-snippet":"max-snippet:-1","max-image-preview":"max-image-preview:large","max-video-preview":"max-video-preview:-1"},"canonical":"https:\/\/nembutalhouse.com\/fr\/produit\/acheter-des-pilules-de-nembutal-en-ligne\/","og_locale":"fr_FR","og_type":"article","og_title":"Buy Nembutal Pills Online - Nembutal Pills for Sale","og_description":"Where to buy nembutal pills online at the best price? Find high-quality nembutal pills for sale at our secure online store, catering to your research requirements. Order Now!","og_url":"https:\/\/nembutalhouse.com\/fr\/produit\/acheter-des-pilules-de-nembutal-en-ligne\/","og_site_name":"Nembutal House","article_modified_time":"2026-03-06T11:07:36+00:00","og_image":[{"width":1000,"height":1000,"url":"https:\/\/nembutalhouse.com\/wp-content\/uploads\/2022\/12\/nembutal-pills.jpg","type":"image\/jpeg"}],"twitter_card":"summary_large_image","twitter_misc":{"Dur\u00e9e de lecture estim\u00e9e":"3 minutes"},"schema":{"@context":"https:\/\/schema.org","@graph":[{"@type":"WebPage","@id":"https:\/\/nembutalhouse.com\/product\/buy-nembutal-pills-online\/","url":"https:\/\/nembutalhouse.com\/product\/buy-nembutal-pills-online\/","name":"Buy Nembutal Pills Online - Nembutal Pills for Sale","isPartOf":{"@id":"https:\/\/nembutalhouse.com\/#website"},"primaryImageOfPage":{"@id":"https:\/\/nembutalhouse.com\/product\/buy-nembutal-pills-online\/#primaryimage"},"image":{"@id":"https:\/\/nembutalhouse.com\/product\/buy-nembutal-pills-online\/#primaryimage"},"thumbnailUrl":"https:\/\/nembutalhouse.com\/wp-content\/uploads\/2022\/12\/nembutal-pills.jpg","datePublished":"2022-12-13T18:51:32+00:00","dateModified":"2026-03-06T11:07:36+00:00","description":"Where to buy nembutal pills online at the best price? Find high-quality nembutal pills for sale at our secure online store, catering to your research requirements. Order Now!","breadcrumb":{"@id":"https:\/\/nembutalhouse.com\/product\/buy-nembutal-pills-online\/#breadcrumb"},"inLanguage":"fr-FR","potentialAction":[{"@type":"ReadAction","target":["https:\/\/nembutalhouse.com\/product\/buy-nembutal-pills-online\/"]}]},{"@type":"ImageObject","inLanguage":"fr-FR","@id":"https:\/\/nembutalhouse.com\/product\/buy-nembutal-pills-online\/#primaryimage","url":"https:\/\/nembutalhouse.com\/wp-content\/uploads\/2022\/12\/nembutal-pills.jpg","contentUrl":"https:\/\/nembutalhouse.com\/wp-content\/uploads\/2022\/12\/nembutal-pills.jpg","width":1000,"height":1000,"caption":"Buy Nembutal Pills Online"},{"@type":"BreadcrumbList","@id":"https:\/\/nembutalhouse.com\/product\/buy-nembutal-pills-online\/#breadcrumb","itemListElement":[{"@type":"ListItem","position":1,"name":"Home","item":"https:\/\/nembutalhouse.com\/"},{"@type":"ListItem","position":2,"name":"Shop","item":"https:\/\/nembutalhouse.com\/shop\/"},{"@type":"ListItem","position":3,"name":"Buy Nembutal Pills Online"}]},{"@type":"WebSite","@id":"https:\/\/nembutalhouse.com\/#website","url":"https:\/\/nembutalhouse.com\/","name":"Nembutal House","description":"Best Nembutal Online Store","publisher":{"@id":"https:\/\/nembutalhouse.com\/#organization"},"potentialAction":[{"@type":"SearchAction","target":{"@type":"EntryPoint","urlTemplate":"https:\/\/nembutalhouse.com\/?s={search_term_string}"},"query-input":{"@type":"PropertyValueSpecification","valueRequired":true,"valueName":"search_term_string"}}],"inLanguage":"fr-FR"},{"@type":"Organization","@id":"https:\/\/nembutalhouse.com\/#organization","name":"Nembutal House","url":"https:\/\/nembutalhouse.com\/","logo":{"@type":"ImageObject","inLanguage":"fr-FR","@id":"https:\/\/nembutalhouse.com\/#\/schema\/logo\/image\/","url":"https:\/\/nembutalhouse.com\/wp-content\/uploads\/2022\/12\/logo.png","contentUrl":"https:\/\/nembutalhouse.com\/wp-content\/uploads\/2022\/12\/logo.png","width":344,"height":103,"caption":"Nembutal House"},"image":{"@id":"https:\/\/nembutalhouse.com\/#\/schema\/logo\/image\/"}}]}},"_links":{"self":[{"href":"https:\/\/nembutalhouse.com\/fr\/wp-json\/wp\/v2\/product\/25","targetHints":{"allow":["GET"]}}],"collection":[{"href":"https:\/\/nembutalhouse.com\/fr\/wp-json\/wp\/v2\/product"}],"about":[{"href":"https:\/\/nembutalhouse.com\/fr\/wp-json\/wp\/v2\/types\/product"}],"replies":[{"embeddable":true,"href":"https:\/\/nembutalhouse.com\/fr\/wp-json\/wp\/v2\/comments?post=25"}],"wp:featuredmedia":[{"embeddable":true,"href":"https:\/\/nembutalhouse.com\/fr\/wp-json\/wp\/v2\/media\/16"}],"wp:attachment":[{"href":"https:\/\/nembutalhouse.com\/fr\/wp-json\/wp\/v2\/media?parent=25"}],"wp:term":[{"taxonomy":"product_cat","embeddable":true,"href":"https:\/\/nembutalhouse.com\/fr\/wp-json\/wp\/v2\/product_cat?post=25"},{"taxonomy":"product_tag","embeddable":true,"href":"https:\/\/nembutalhouse.com\/fr\/wp-json\/wp\/v2\/product_tag?post=25"}],"curies":[{"name":"wp","href":"https:\/\/api.w.org\/{rel}","templated":true}]}}