{"id":1637,"date":"2024-10-26T06:40:08","date_gmt":"2024-10-26T06:40:08","guid":{"rendered":"https:\/\/nembutalhouse.com\/?post_type=product&#038;p=1637"},"modified":"2026-02-25T11:21:03","modified_gmt":"2026-02-25T11:21:03","slug":"ghb-liquide","status":"publish","type":"product","link":"https:\/\/nembutalhouse.com\/fr\/produit\/ghb-liquide\/","title":{"rendered":"Buy GHB Liquide Online"},"content":{"rendered":"<h2>POUDRE POUR GAMMA-BUTYROLACTONE<\/h2>\n<p>La poudre de gamma-butyrolactone, \u00e9galement connue sous le nom de \u03b3-butyrolactone ou GBL, est une substance hydrosoluble et hygroscopique \u00e0 l'odeur faible et distinctive Acheter du GHB liquide .<br \/>\nEn plus d'\u00eatre utilis\u00e9 comme produit chimique aromatique, d\u00e9capant de peinture, d\u00e9tachant et solvant dans certains condensateurs \u00e9lectrolytiques humides en aluminium, <a href=\"https:\/\/nembutalhouse.com\/fr\/produit\/ghb\/\">GHB<\/a> est un r\u00e9actif et un solvant largement utilis\u00e9 en chimie.<\/p>\n<p>Le gamma-butyrolactone en poudre, \u00e9galement connu sous le nom de \"geeb\", est un solvant liquide transparent.<\/p>\n<p>Il s'agit d'une prodrogue, c'est-\u00e0-dire que le corps le transforme naturellement en GHB, une substance chimique illicite, pour le GHB. <a href=\"https:\/\/nembutalhouse.com\/fr\/\">NembutalHouse<\/a>.<\/p>\n<p>Le gamma-butyrolactone en poudre a une odeur presque identique \u00e0 celle d'un solvant industriel et est propos\u00e9 sur le march\u00e9 noir sous les noms de \"d\u00e9capant de rouille\" et de \"nettoyant d'alliage\".<\/p>\n<p>Il est difficile de le stocker, de l'utiliser. Il n\u00e9cessite une bouteille en verre ou une bouteille faite d'un certain type de plastique, ce qui rend le stockage difficile. Il est capable de fondre \u00e0 travers la plupart des polym\u00e8res. D\u00e9licieux !<\/p>\n<h3>Noms alternatifs<\/h3>\n<p>GBL, <a href=\"https:\/\/en.wikipedia.org\/wiki\/%CE%93-Hydroxybutyric_acid\">gamma-hydroxybutyrique<\/a> lactone d'acide, lactone d'acide 4-hydroxybutyrique, butyrolactone, 1,4-lactone, 4-butyrolactone et oxolan-2-one<\/p>\n<p>Identifiants<\/p>\n<p>Num\u00e9ro CAS : 96-48-0<\/p>\n<p>PubChem 7302<\/p>\n<p>ChemSpider 7029<\/p>\n<p>OL659KIY4X dans UNII<\/p>\n<p>DB04699 dans DrugBank<\/p>\n<p>KEGG C01770<\/p>\n<p>ChEBI CHEBI : 42639<\/p>\n<p>CHEMBL CHEMBL95681<\/p>\n<p>Num\u00e9ro LU3500000 pour RTECS<\/p>\n<p>Images Jmol-3D Image 1<\/p>\n<p>Formule des mol\u00e9cules C4H6O2.<\/p>\n<p>Masse molaire 86,09 g mol-1<\/p>\n<p>Fluide incolore<\/p>\n<p>Densit\u00e9 15. \u00b0C (1,1286 g\/mL), 20 \u00b0C (1,1296 g\/mL)<\/p>\n<p>Point de fusion : -43,53 \u00b0C (-46,35 \u00b0F ; 229,62 K)<\/p>\n<p>204 \u00b0C est le point d'\u00e9bullition (399 \u00b0F ; 477 K).<\/p>\n<p>Solubilit\u00e9 dans l'eau : Miscible<\/p>\n<p>Solubilit\u00e9 : soluble dans l'\u00e9ther \u00e9thylique, le benz\u00e8ne, le m\u00e9thanol, l'\u00e9thanol, l'ac\u00e9tone et le CCl4.<\/p>\n<p>pH (en pKa) : 4.5<\/p>\n<p>Indice de r\u00e9fraction (nD) : 1.435, 1.4341 (20 \u00b0C)<\/p>\n<p>Viscosit\u00e9 : 1,7<\/p>\n<p>La viscosit\u00e9 \u00e0 25 \u00b0C est de 1,7 cp.<\/p>\n<p>Risques<\/p>\n<p>Mots R R22 R36<\/p>\n<p>Mots en S S26 S36<\/p>\n<p>Principaux dangers<\/p>\n<p>Point d'\u00e9clair (coupe ferm\u00e9e) : 98 \u00b0C (208 \u00b0F ; 371 K).<\/p>\n<p>DL50 17,2 ml\/kg (dose orale chez le rat)<\/p>\n<p>Les donn\u00e9es sont fournies pour des mat\u00e9riaux dans leur \u00e9tat standard, c'est-\u00e0-dire \u00e0 25 \u00b0C (77 \u00b0F), 100 kPa, sauf indication contraire Acheter GHB liquide .<\/p>\n<p>&nbsp;<\/p>\n<p>&nbsp;<\/p>","protected":false},"excerpt":{"rendered":"<p><strong>GHB liquide - Haute puret\u00e9 pour la recherche et les applications<\/strong><\/p>\n<p><strong>GHB liquide<\/strong> (Gamma-Hydroxybutyric Acid) est un compos\u00e9 hautement efficace connu pour sa puret\u00e9 exceptionnelle et sa polyvalence. Parfaitement adapt\u00e9 aux \u00e9tudes scientifiques et aux applications pharmaceutiques, le GHB liquide offre des r\u00e9sultats pr\u00e9cis et des performances constantes.<\/p>\n<h3><strong>Caract\u00e9ristiques du GHB liquide :<\/strong><\/h3>\n<ul>\n<li><strong>Formule chimique<\/strong>: C4H8O3<\/li>\n<li><strong>Poids mol\u00e9culaire<\/strong>: 104,1 g\/mol<\/li>\n<li><strong>La puret\u00e9<\/strong>: Puret\u00e9 garantie de 99%, id\u00e9al pour les applications contr\u00f4l\u00e9es.<\/li>\n<li><strong>Apparence<\/strong>: Liquide clair et incolore avec une structure chimique stable.<\/li>\n<\/ul>","protected":false},"featured_media":600,"comment_status":"closed","ping_status":"closed","template":"","meta":{"_joinchat":[]},"product_cat":[186],"product_tag":[],"class_list":{"0":"post-1637","1":"product","2":"type-product","3":"status-publish","4":"has-post-thumbnail","6":"product_cat-research-chemicals","8":"first","9":"outofstock","10":"shipping-taxable","11":"purchasable","12":"product-type-variable"},"yoast_head":"<!-- This site is optimized with the Yoast SEO plugin v24.1 - https:\/\/yoast.com\/wordpress\/plugins\/seo\/ -->\n<title>Buy GHB Liquid \u2013 High Purity &amp; Discreet Shipping<\/title>\n<meta name=\"description\" content=\"Purchase GHB Liquid with guaranteed high purity. Ideal for scientific research and applications. Reliable service and discreet shipping. Order online now!\" \/>\n<meta name=\"robots\" content=\"index, follow, max-snippet:-1, max-image-preview:large, max-video-preview:-1\" \/>\n<link rel=\"canonical\" href=\"https:\/\/nembutalhouse.com\/fr\/produit\/ghb-liquide\/\" \/>\n<meta property=\"og:locale\" content=\"fr_FR\" \/>\n<meta property=\"og:type\" content=\"article\" \/>\n<meta property=\"og:title\" content=\"Buy GHB Liquid \u2013 High Purity &amp; Discreet Shipping\" \/>\n<meta property=\"og:description\" content=\"Purchase GHB Liquid with guaranteed high purity. Ideal for scientific research and applications. Reliable service and discreet shipping. Order online now!\" \/>\n<meta property=\"og:url\" content=\"https:\/\/nembutalhouse.com\/fr\/produit\/ghb-liquide\/\" \/>\n<meta property=\"og:site_name\" content=\"Nembutal House\" \/>\n<meta property=\"article:modified_time\" content=\"2026-02-25T11:21:03+00:00\" \/>\n<meta property=\"og:image\" content=\"https:\/\/nembutalhouse.com\/wp-content\/uploads\/2024\/10\/GHB.gif\" \/>\n\t<meta property=\"og:image:width\" content=\"600\" \/>\n\t<meta property=\"og:image:height\" content=\"600\" \/>\n\t<meta property=\"og:image:type\" content=\"image\/gif\" \/>\n<meta name=\"twitter:card\" content=\"summary_large_image\" \/>\n<meta name=\"twitter:label1\" content=\"Dur\u00e9e de lecture estim\u00e9e\" \/>\n\t<meta name=\"twitter:data1\" content=\"2 minutes\" \/>\n<script type=\"application\/ld+json\" class=\"yoast-schema-graph\">{\"@context\":\"https:\/\/schema.org\",\"@graph\":[{\"@type\":\"WebPage\",\"@id\":\"https:\/\/nembutalhouse.com\/product\/ghb-liquide\/\",\"url\":\"https:\/\/nembutalhouse.com\/product\/ghb-liquide\/\",\"name\":\"Buy GHB Liquid \u2013 High Purity & Discreet Shipping\",\"isPartOf\":{\"@id\":\"https:\/\/nembutalhouse.com\/#website\"},\"primaryImageOfPage\":{\"@id\":\"https:\/\/nembutalhouse.com\/product\/ghb-liquide\/#primaryimage\"},\"image\":{\"@id\":\"https:\/\/nembutalhouse.com\/product\/ghb-liquide\/#primaryimage\"},\"thumbnailUrl\":\"https:\/\/nembutalhouse.com\/wp-content\/uploads\/2024\/10\/GHB.gif\",\"datePublished\":\"2024-10-26T06:40:08+00:00\",\"dateModified\":\"2026-02-25T11:21:03+00:00\",\"description\":\"Purchase GHB Liquid with guaranteed high purity. Ideal for scientific research and applications. Reliable service and discreet shipping. Order online now!\",\"breadcrumb\":{\"@id\":\"https:\/\/nembutalhouse.com\/product\/ghb-liquide\/#breadcrumb\"},\"inLanguage\":\"fr-FR\",\"potentialAction\":[{\"@type\":\"ReadAction\",\"target\":[\"https:\/\/nembutalhouse.com\/product\/ghb-liquide\/\"]}]},{\"@type\":\"ImageObject\",\"inLanguage\":\"fr-FR\",\"@id\":\"https:\/\/nembutalhouse.com\/product\/ghb-liquide\/#primaryimage\",\"url\":\"https:\/\/nembutalhouse.com\/wp-content\/uploads\/2024\/10\/GHB.gif\",\"contentUrl\":\"https:\/\/nembutalhouse.com\/wp-content\/uploads\/2024\/10\/GHB.gif\",\"width\":600,\"height\":600,\"caption\":\"Buy GHB Online\"},{\"@type\":\"BreadcrumbList\",\"@id\":\"https:\/\/nembutalhouse.com\/product\/ghb-liquide\/#breadcrumb\",\"itemListElement\":[{\"@type\":\"ListItem\",\"position\":1,\"name\":\"Home\",\"item\":\"https:\/\/nembutalhouse.com\/\"},{\"@type\":\"ListItem\",\"position\":2,\"name\":\"Shop\",\"item\":\"https:\/\/nembutalhouse.com\/shop\/\"},{\"@type\":\"ListItem\",\"position\":3,\"name\":\"Buy GHB Liquide Online\"}]},{\"@type\":\"WebSite\",\"@id\":\"https:\/\/nembutalhouse.com\/#website\",\"url\":\"https:\/\/nembutalhouse.com\/\",\"name\":\"Nembutal House\",\"description\":\"Best Nembutal Online Store\",\"publisher\":{\"@id\":\"https:\/\/nembutalhouse.com\/#organization\"},\"potentialAction\":[{\"@type\":\"SearchAction\",\"target\":{\"@type\":\"EntryPoint\",\"urlTemplate\":\"https:\/\/nembutalhouse.com\/?s={search_term_string}\"},\"query-input\":{\"@type\":\"PropertyValueSpecification\",\"valueRequired\":true,\"valueName\":\"search_term_string\"}}],\"inLanguage\":\"fr-FR\"},{\"@type\":\"Organization\",\"@id\":\"https:\/\/nembutalhouse.com\/#organization\",\"name\":\"Nembutal House\",\"url\":\"https:\/\/nembutalhouse.com\/\",\"logo\":{\"@type\":\"ImageObject\",\"inLanguage\":\"fr-FR\",\"@id\":\"https:\/\/nembutalhouse.com\/#\/schema\/logo\/image\/\",\"url\":\"https:\/\/nembutalhouse.com\/wp-content\/uploads\/2022\/12\/logo.png\",\"contentUrl\":\"https:\/\/nembutalhouse.com\/wp-content\/uploads\/2022\/12\/logo.png\",\"width\":344,\"height\":103,\"caption\":\"Nembutal House\"},\"image\":{\"@id\":\"https:\/\/nembutalhouse.com\/#\/schema\/logo\/image\/\"}}]}<\/script>\n<!-- \/ Yoast SEO plugin. -->","yoast_head_json":{"title":"Buy GHB Liquid \u2013 High Purity & Discreet Shipping","description":"Purchase GHB Liquid with guaranteed high purity. Ideal for scientific research and applications. Reliable service and discreet shipping. Order online now!","robots":{"index":"index","follow":"follow","max-snippet":"max-snippet:-1","max-image-preview":"max-image-preview:large","max-video-preview":"max-video-preview:-1"},"canonical":"https:\/\/nembutalhouse.com\/fr\/produit\/ghb-liquide\/","og_locale":"fr_FR","og_type":"article","og_title":"Buy GHB Liquid \u2013 High Purity & Discreet Shipping","og_description":"Purchase GHB Liquid with guaranteed high purity. Ideal for scientific research and applications. Reliable service and discreet shipping. Order online now!","og_url":"https:\/\/nembutalhouse.com\/fr\/produit\/ghb-liquide\/","og_site_name":"Nembutal House","article_modified_time":"2026-02-25T11:21:03+00:00","og_image":[{"width":600,"height":600,"url":"https:\/\/nembutalhouse.com\/wp-content\/uploads\/2024\/10\/GHB.gif","type":"image\/gif"}],"twitter_card":"summary_large_image","twitter_misc":{"Dur\u00e9e de lecture estim\u00e9e":"2 minutes"},"schema":{"@context":"https:\/\/schema.org","@graph":[{"@type":"WebPage","@id":"https:\/\/nembutalhouse.com\/product\/ghb-liquide\/","url":"https:\/\/nembutalhouse.com\/product\/ghb-liquide\/","name":"Buy GHB Liquid \u2013 High Purity & Discreet Shipping","isPartOf":{"@id":"https:\/\/nembutalhouse.com\/#website"},"primaryImageOfPage":{"@id":"https:\/\/nembutalhouse.com\/product\/ghb-liquide\/#primaryimage"},"image":{"@id":"https:\/\/nembutalhouse.com\/product\/ghb-liquide\/#primaryimage"},"thumbnailUrl":"https:\/\/nembutalhouse.com\/wp-content\/uploads\/2024\/10\/GHB.gif","datePublished":"2024-10-26T06:40:08+00:00","dateModified":"2026-02-25T11:21:03+00:00","description":"Purchase GHB Liquid with guaranteed high purity. Ideal for scientific research and applications. Reliable service and discreet shipping. Order online now!","breadcrumb":{"@id":"https:\/\/nembutalhouse.com\/product\/ghb-liquide\/#breadcrumb"},"inLanguage":"fr-FR","potentialAction":[{"@type":"ReadAction","target":["https:\/\/nembutalhouse.com\/product\/ghb-liquide\/"]}]},{"@type":"ImageObject","inLanguage":"fr-FR","@id":"https:\/\/nembutalhouse.com\/product\/ghb-liquide\/#primaryimage","url":"https:\/\/nembutalhouse.com\/wp-content\/uploads\/2024\/10\/GHB.gif","contentUrl":"https:\/\/nembutalhouse.com\/wp-content\/uploads\/2024\/10\/GHB.gif","width":600,"height":600,"caption":"Buy GHB Online"},{"@type":"BreadcrumbList","@id":"https:\/\/nembutalhouse.com\/product\/ghb-liquide\/#breadcrumb","itemListElement":[{"@type":"ListItem","position":1,"name":"Home","item":"https:\/\/nembutalhouse.com\/"},{"@type":"ListItem","position":2,"name":"Shop","item":"https:\/\/nembutalhouse.com\/shop\/"},{"@type":"ListItem","position":3,"name":"Buy GHB Liquide Online"}]},{"@type":"WebSite","@id":"https:\/\/nembutalhouse.com\/#website","url":"https:\/\/nembutalhouse.com\/","name":"Nembutal House","description":"Best Nembutal Online Store","publisher":{"@id":"https:\/\/nembutalhouse.com\/#organization"},"potentialAction":[{"@type":"SearchAction","target":{"@type":"EntryPoint","urlTemplate":"https:\/\/nembutalhouse.com\/?s={search_term_string}"},"query-input":{"@type":"PropertyValueSpecification","valueRequired":true,"valueName":"search_term_string"}}],"inLanguage":"fr-FR"},{"@type":"Organization","@id":"https:\/\/nembutalhouse.com\/#organization","name":"Nembutal House","url":"https:\/\/nembutalhouse.com\/","logo":{"@type":"ImageObject","inLanguage":"fr-FR","@id":"https:\/\/nembutalhouse.com\/#\/schema\/logo\/image\/","url":"https:\/\/nembutalhouse.com\/wp-content\/uploads\/2022\/12\/logo.png","contentUrl":"https:\/\/nembutalhouse.com\/wp-content\/uploads\/2022\/12\/logo.png","width":344,"height":103,"caption":"Nembutal House"},"image":{"@id":"https:\/\/nembutalhouse.com\/#\/schema\/logo\/image\/"}}]}},"_links":{"self":[{"href":"https:\/\/nembutalhouse.com\/fr\/wp-json\/wp\/v2\/product\/1637","targetHints":{"allow":["GET"]}}],"collection":[{"href":"https:\/\/nembutalhouse.com\/fr\/wp-json\/wp\/v2\/product"}],"about":[{"href":"https:\/\/nembutalhouse.com\/fr\/wp-json\/wp\/v2\/types\/product"}],"replies":[{"embeddable":true,"href":"https:\/\/nembutalhouse.com\/fr\/wp-json\/wp\/v2\/comments?post=1637"}],"wp:featuredmedia":[{"embeddable":true,"href":"https:\/\/nembutalhouse.com\/fr\/wp-json\/wp\/v2\/media\/600"}],"wp:attachment":[{"href":"https:\/\/nembutalhouse.com\/fr\/wp-json\/wp\/v2\/media?parent=1637"}],"wp:term":[{"taxonomy":"product_cat","embeddable":true,"href":"https:\/\/nembutalhouse.com\/fr\/wp-json\/wp\/v2\/product_cat?post=1637"},{"taxonomy":"product_tag","embeddable":true,"href":"https:\/\/nembutalhouse.com\/fr\/wp-json\/wp\/v2\/product_tag?post=1637"}],"curies":[{"name":"wp","href":"https:\/\/api.w.org\/{rel}","templated":true}]}}