{"id":1481,"date":"2024-10-16T11:51:00","date_gmt":"2024-10-16T11:51:00","guid":{"rendered":"https:\/\/nembutalhouse.com\/?post_type=product&#038;p=1481"},"modified":"2026-02-26T12:58:19","modified_gmt":"2026-02-26T12:58:19","slug":"buy-4-me-tmp-online","status":"publish","type":"product","link":"https:\/\/nembutalhouse.com\/fr\/produit\/buy-4-me-tmp-online\/","title":{"rendered":"Buy 4-me-tmp Online"},"content":{"rendered":"<h2>Buy 4-me-tmp Online<\/h2>\n<p><a href=\"https:\/\/nembutalhouse.com\/fr\/produit\/buy-4-me-tmp-online\/\">4-M\u00e9thylm\u00e9thylfenidaat<\/a> est une alternative au m\u00e9thylph\u00e9nidate, mais il est un peu moins puissant.<\/p>\n<p>Le 4-Me-TMP est une substance qui n'est utilis\u00e9e que pour la recherche et n'est donc pas destin\u00e9e \u00e0 la consommation.2C-E<\/p>\n<p><a href=\"https:\/\/en.wikipedia.org\/wiki\/4-Methylmethylphenidate\">4-Me-TMP<\/a> Le 4-Me-TMP a une dur\u00e9e de vie de 2 ans lorsqu'il est administr\u00e9 dans la r\u00e9gion la plus proche. Le 4-Me-TMP est destin\u00e9 aux personnes souffrant de troubles de la sant\u00e9 et n'est pas destin\u00e9 \u00e0 la consommation. C'est pourquoi il est important que ce produit ne soit pas utilis\u00e9 dans le cadre de l'alimentation des enfants et des personnes \u00e2g\u00e9es.Fumarate de 4-HO-MET<\/p>\n<p>Nous proposons des produits chimiques de recherche de qualit\u00e9 sup\u00e9rieure \u00e0 des prix tr\u00e8s comp\u00e9titifs. Votre commande sera trait\u00e9e tous les jours sous 24 heures. Achetez donc ce 4-Me-TMP en toute s\u00e9curit\u00e9 via !3-CMC Kopen (3-Chloromethcathinone)<\/p>\n<p>Formules de 4-Me-TMP<\/p>\n<p>Synoniem : thr\u00e9o-4-m\u00e9thylph\u00e9nidate<\/p>\n<p>CAS Nummer : 191790-79-1<\/p>\n<p>Formule : C15H21NO2<\/p>\n<p>Molmassa : 247,338 g-mol<\/p>\n<p>Zuiverheid : &gt;99%<\/p>\n<p>Guide de la gestion des ressources en eau<\/p>\n<p>Le 4-Me-TMP peut provoquer des irritations graves<\/p>\n<p>Le 4-Me-TMP peut provoquer des irritations dans l'organisme.<\/p>\n<p>La recherche de produits chimiques dans le milieu est n\u00e9cessaire.<\/p>\n<p>4-Me-TMP IN CONTACT MET DE OGEN : spoel de ogen voorzichtig af met water gedurende vijf minuten. V\u00e9rifier les points de contact \u00e0 l'aide de la souris. <a href=\"https:\/\/nembutalhouse.com\/fr\/\">NembutalHouse<\/a><\/p>\n<p>4-Me-TMP IN CONTACT MET DE HUID : was de huid met water en zeep.3-MEO-PCP<\/p>\n<p>NA INADEMING VAN 4-Me-TMP : breng het slachtoffer in de frisse buitenlucht en laat het slachtoffer in een houding staan die het ademen makkelijk maakt.3-MEC<\/p>","protected":false},"excerpt":{"rendered":"<p>Buy 4-me-tmp Online 4-Methylmethylfenidaat is een alternatief voor Methylphenidaat maar een tikkeltje minder potent. 4-Me-TMP is een stof die alleen verkocht wordt voor research doeleinden en is dus niet voor&hellip;<\/p>","protected":false},"featured_media":1569,"comment_status":"open","ping_status":"closed","template":"","meta":{"_joinchat":[]},"product_cat":[186],"product_tag":[1810,1828,1805,1816,1817,1820,1806,1826,1827,1825,1824,1813,1803,1815,1804,1822,1819,1812,1808,1809,1823,1821,1818,1811,1814,1807],"class_list":{"0":"post-1481","1":"product","2":"type-product","3":"status-publish","4":"has-post-thumbnail","6":"product_cat-research-chemicals","7":"product_tag-4-me-tmp","8":"product_tag-4-me-tmp-for-cleaning","9":"product_tag-4-me-tmp-for-sale","10":"product_tag-4-me-tmp-online","11":"product_tag-4-me-tmp-price","12":"product_tag-4-me-tmp-store","13":"product_tag-4-me-tmp-supplier","14":"product_tag-4-me-tmp-use","15":"product_tag-4-me-tmp-wiki","16":"product_tag-4-me-tmp-worldwide","17":"product_tag-best-cheap-price-4-me-tmp","18":"product_tag-best-place-to-buy-4-me-tmp","19":"product_tag-buy-4-me-tmp","20":"product_tag-buy-4-me-tmp-legally","21":"product_tag-buy-4-me-tmp-online","22":"product_tag-cheap-4-me-tmp","23":"product_tag-high-quality-4-me-tmp","24":"product_tag-how-to-buy-4-me-tmp","25":"product_tag-order-4-me-tmp","26":"product_tag-order-4-me-tmp-online","27":"product_tag-purcharse-4-me-tmp-powder","28":"product_tag-shop-4-me-tmp","29":"product_tag-top-quality-4-me-tmp","30":"product_tag-where-to-buy-4-me-tmp","31":"product_tag-where-to-order-4-me-tmp","32":"product_tag-wholesale-4-me-tmp-bulk-online","34":"first","35":"instock","36":"shipping-taxable","37":"purchasable","38":"product-type-variable"},"yoast_head":"<!-- This site is optimized with the Yoast SEO plugin v24.1 - https:\/\/yoast.com\/wordpress\/plugins\/seo\/ -->\n<title>Buy 4-ME-TMP Online - 4-ME-TMP for Sale Online<\/title>\n<meta name=\"description\" content=\"Looking for high-quality 4-me-tmp for sale online, NembutalHouse is a leading store where you can buy 4-me-tmp online at the best price. Order Now with Discreet Shipping!\" \/>\n<meta name=\"robots\" content=\"index, follow, max-snippet:-1, max-image-preview:large, max-video-preview:-1\" \/>\n<link rel=\"canonical\" href=\"https:\/\/nembutalhouse.com\/fr\/produit\/buy-4-me-tmp-online\/\" \/>\n<meta property=\"og:locale\" content=\"fr_FR\" \/>\n<meta property=\"og:type\" content=\"article\" \/>\n<meta property=\"og:title\" content=\"Buy 4-ME-TMP Online - 4-ME-TMP for Sale Online\" \/>\n<meta property=\"og:description\" content=\"Looking for high-quality 4-me-tmp for sale online, NembutalHouse is a leading store where you can buy 4-me-tmp online at the best price. Order Now with Discreet Shipping!\" \/>\n<meta property=\"og:url\" content=\"https:\/\/nembutalhouse.com\/fr\/produit\/buy-4-me-tmp-online\/\" \/>\n<meta property=\"og:site_name\" content=\"Nembutal House\" \/>\n<meta property=\"article:modified_time\" content=\"2026-02-26T12:58:19+00:00\" \/>\n<meta property=\"og:image\" content=\"https:\/\/nembutalhouse.com\/wp-content\/uploads\/2024\/10\/4-me-tmp.gif\" \/>\n\t<meta property=\"og:image:width\" content=\"600\" \/>\n\t<meta property=\"og:image:height\" content=\"600\" \/>\n\t<meta property=\"og:image:type\" content=\"image\/gif\" \/>\n<meta name=\"twitter:card\" content=\"summary_large_image\" \/>\n<meta name=\"twitter:label1\" content=\"Dur\u00e9e de lecture estim\u00e9e\" \/>\n\t<meta name=\"twitter:data1\" content=\"2 minutes\" \/>\n<script type=\"application\/ld+json\" class=\"yoast-schema-graph\">{\"@context\":\"https:\/\/schema.org\",\"@graph\":[{\"@type\":\"WebPage\",\"@id\":\"https:\/\/nembutalhouse.com\/product\/buy-4-me-tmp-online\/\",\"url\":\"https:\/\/nembutalhouse.com\/product\/buy-4-me-tmp-online\/\",\"name\":\"Buy 4-ME-TMP Online - 4-ME-TMP for Sale Online\",\"isPartOf\":{\"@id\":\"https:\/\/nembutalhouse.com\/#website\"},\"primaryImageOfPage\":{\"@id\":\"https:\/\/nembutalhouse.com\/product\/buy-4-me-tmp-online\/#primaryimage\"},\"image\":{\"@id\":\"https:\/\/nembutalhouse.com\/product\/buy-4-me-tmp-online\/#primaryimage\"},\"thumbnailUrl\":\"https:\/\/nembutalhouse.com\/wp-content\/uploads\/2024\/10\/4-me-tmp.gif\",\"datePublished\":\"2024-10-16T11:51:00+00:00\",\"dateModified\":\"2026-02-26T12:58:19+00:00\",\"description\":\"Looking for high-quality 4-me-tmp for sale online, NembutalHouse is a leading store where you can buy 4-me-tmp online at the best price. Order Now with Discreet Shipping!\",\"breadcrumb\":{\"@id\":\"https:\/\/nembutalhouse.com\/product\/buy-4-me-tmp-online\/#breadcrumb\"},\"inLanguage\":\"fr-FR\",\"potentialAction\":[{\"@type\":\"ReadAction\",\"target\":[\"https:\/\/nembutalhouse.com\/product\/buy-4-me-tmp-online\/\"]}]},{\"@type\":\"ImageObject\",\"inLanguage\":\"fr-FR\",\"@id\":\"https:\/\/nembutalhouse.com\/product\/buy-4-me-tmp-online\/#primaryimage\",\"url\":\"https:\/\/nembutalhouse.com\/wp-content\/uploads\/2024\/10\/4-me-tmp.gif\",\"contentUrl\":\"https:\/\/nembutalhouse.com\/wp-content\/uploads\/2024\/10\/4-me-tmp.gif\",\"width\":600,\"height\":600,\"caption\":\"Buy 4-me-tmp Online\"},{\"@type\":\"BreadcrumbList\",\"@id\":\"https:\/\/nembutalhouse.com\/product\/buy-4-me-tmp-online\/#breadcrumb\",\"itemListElement\":[{\"@type\":\"ListItem\",\"position\":1,\"name\":\"Home\",\"item\":\"https:\/\/nembutalhouse.com\/\"},{\"@type\":\"ListItem\",\"position\":2,\"name\":\"Shop\",\"item\":\"https:\/\/nembutalhouse.com\/shop\/\"},{\"@type\":\"ListItem\",\"position\":3,\"name\":\"Buy 4-me-tmp Online\"}]},{\"@type\":\"WebSite\",\"@id\":\"https:\/\/nembutalhouse.com\/#website\",\"url\":\"https:\/\/nembutalhouse.com\/\",\"name\":\"Nembutal House\",\"description\":\"Best Nembutal Online Store\",\"publisher\":{\"@id\":\"https:\/\/nembutalhouse.com\/#organization\"},\"potentialAction\":[{\"@type\":\"SearchAction\",\"target\":{\"@type\":\"EntryPoint\",\"urlTemplate\":\"https:\/\/nembutalhouse.com\/?s={search_term_string}\"},\"query-input\":{\"@type\":\"PropertyValueSpecification\",\"valueRequired\":true,\"valueName\":\"search_term_string\"}}],\"inLanguage\":\"fr-FR\"},{\"@type\":\"Organization\",\"@id\":\"https:\/\/nembutalhouse.com\/#organization\",\"name\":\"Nembutal House\",\"url\":\"https:\/\/nembutalhouse.com\/\",\"logo\":{\"@type\":\"ImageObject\",\"inLanguage\":\"fr-FR\",\"@id\":\"https:\/\/nembutalhouse.com\/#\/schema\/logo\/image\/\",\"url\":\"https:\/\/nembutalhouse.com\/wp-content\/uploads\/2022\/12\/logo.png\",\"contentUrl\":\"https:\/\/nembutalhouse.com\/wp-content\/uploads\/2022\/12\/logo.png\",\"width\":344,\"height\":103,\"caption\":\"Nembutal House\"},\"image\":{\"@id\":\"https:\/\/nembutalhouse.com\/#\/schema\/logo\/image\/\"}}]}<\/script>\n<!-- \/ Yoast SEO plugin. -->","yoast_head_json":{"title":"Buy 4-ME-TMP Online - 4-ME-TMP for Sale Online","description":"Looking for high-quality 4-me-tmp for sale online, NembutalHouse is a leading store where you can buy 4-me-tmp online at the best price. Order Now with Discreet Shipping!","robots":{"index":"index","follow":"follow","max-snippet":"max-snippet:-1","max-image-preview":"max-image-preview:large","max-video-preview":"max-video-preview:-1"},"canonical":"https:\/\/nembutalhouse.com\/fr\/produit\/buy-4-me-tmp-online\/","og_locale":"fr_FR","og_type":"article","og_title":"Buy 4-ME-TMP Online - 4-ME-TMP for Sale Online","og_description":"Looking for high-quality 4-me-tmp for sale online, NembutalHouse is a leading store where you can buy 4-me-tmp online at the best price. Order Now with Discreet Shipping!","og_url":"https:\/\/nembutalhouse.com\/fr\/produit\/buy-4-me-tmp-online\/","og_site_name":"Nembutal House","article_modified_time":"2026-02-26T12:58:19+00:00","og_image":[{"width":600,"height":600,"url":"https:\/\/nembutalhouse.com\/wp-content\/uploads\/2024\/10\/4-me-tmp.gif","type":"image\/gif"}],"twitter_card":"summary_large_image","twitter_misc":{"Dur\u00e9e de lecture estim\u00e9e":"2 minutes"},"schema":{"@context":"https:\/\/schema.org","@graph":[{"@type":"WebPage","@id":"https:\/\/nembutalhouse.com\/product\/buy-4-me-tmp-online\/","url":"https:\/\/nembutalhouse.com\/product\/buy-4-me-tmp-online\/","name":"Buy 4-ME-TMP Online - 4-ME-TMP for Sale Online","isPartOf":{"@id":"https:\/\/nembutalhouse.com\/#website"},"primaryImageOfPage":{"@id":"https:\/\/nembutalhouse.com\/product\/buy-4-me-tmp-online\/#primaryimage"},"image":{"@id":"https:\/\/nembutalhouse.com\/product\/buy-4-me-tmp-online\/#primaryimage"},"thumbnailUrl":"https:\/\/nembutalhouse.com\/wp-content\/uploads\/2024\/10\/4-me-tmp.gif","datePublished":"2024-10-16T11:51:00+00:00","dateModified":"2026-02-26T12:58:19+00:00","description":"Looking for high-quality 4-me-tmp for sale online, NembutalHouse is a leading store where you can buy 4-me-tmp online at the best price. Order Now with Discreet Shipping!","breadcrumb":{"@id":"https:\/\/nembutalhouse.com\/product\/buy-4-me-tmp-online\/#breadcrumb"},"inLanguage":"fr-FR","potentialAction":[{"@type":"ReadAction","target":["https:\/\/nembutalhouse.com\/product\/buy-4-me-tmp-online\/"]}]},{"@type":"ImageObject","inLanguage":"fr-FR","@id":"https:\/\/nembutalhouse.com\/product\/buy-4-me-tmp-online\/#primaryimage","url":"https:\/\/nembutalhouse.com\/wp-content\/uploads\/2024\/10\/4-me-tmp.gif","contentUrl":"https:\/\/nembutalhouse.com\/wp-content\/uploads\/2024\/10\/4-me-tmp.gif","width":600,"height":600,"caption":"Buy 4-me-tmp Online"},{"@type":"BreadcrumbList","@id":"https:\/\/nembutalhouse.com\/product\/buy-4-me-tmp-online\/#breadcrumb","itemListElement":[{"@type":"ListItem","position":1,"name":"Home","item":"https:\/\/nembutalhouse.com\/"},{"@type":"ListItem","position":2,"name":"Shop","item":"https:\/\/nembutalhouse.com\/shop\/"},{"@type":"ListItem","position":3,"name":"Buy 4-me-tmp Online"}]},{"@type":"WebSite","@id":"https:\/\/nembutalhouse.com\/#website","url":"https:\/\/nembutalhouse.com\/","name":"Nembutal House","description":"Best Nembutal Online Store","publisher":{"@id":"https:\/\/nembutalhouse.com\/#organization"},"potentialAction":[{"@type":"SearchAction","target":{"@type":"EntryPoint","urlTemplate":"https:\/\/nembutalhouse.com\/?s={search_term_string}"},"query-input":{"@type":"PropertyValueSpecification","valueRequired":true,"valueName":"search_term_string"}}],"inLanguage":"fr-FR"},{"@type":"Organization","@id":"https:\/\/nembutalhouse.com\/#organization","name":"Nembutal House","url":"https:\/\/nembutalhouse.com\/","logo":{"@type":"ImageObject","inLanguage":"fr-FR","@id":"https:\/\/nembutalhouse.com\/#\/schema\/logo\/image\/","url":"https:\/\/nembutalhouse.com\/wp-content\/uploads\/2022\/12\/logo.png","contentUrl":"https:\/\/nembutalhouse.com\/wp-content\/uploads\/2022\/12\/logo.png","width":344,"height":103,"caption":"Nembutal House"},"image":{"@id":"https:\/\/nembutalhouse.com\/#\/schema\/logo\/image\/"}}]}},"_links":{"self":[{"href":"https:\/\/nembutalhouse.com\/fr\/wp-json\/wp\/v2\/product\/1481","targetHints":{"allow":["GET"]}}],"collection":[{"href":"https:\/\/nembutalhouse.com\/fr\/wp-json\/wp\/v2\/product"}],"about":[{"href":"https:\/\/nembutalhouse.com\/fr\/wp-json\/wp\/v2\/types\/product"}],"replies":[{"embeddable":true,"href":"https:\/\/nembutalhouse.com\/fr\/wp-json\/wp\/v2\/comments?post=1481"}],"wp:featuredmedia":[{"embeddable":true,"href":"https:\/\/nembutalhouse.com\/fr\/wp-json\/wp\/v2\/media\/1569"}],"wp:attachment":[{"href":"https:\/\/nembutalhouse.com\/fr\/wp-json\/wp\/v2\/media?parent=1481"}],"wp:term":[{"taxonomy":"product_cat","embeddable":true,"href":"https:\/\/nembutalhouse.com\/fr\/wp-json\/wp\/v2\/product_cat?post=1481"},{"taxonomy":"product_tag","embeddable":true,"href":"https:\/\/nembutalhouse.com\/fr\/wp-json\/wp\/v2\/product_tag?post=1481"}],"curies":[{"name":"wp","href":"https:\/\/api.w.org\/{rel}","templated":true}]}}