{"id":1443,"date":"2024-10-16T11:50:50","date_gmt":"2024-10-16T11:50:50","guid":{"rendered":"https:\/\/nembutalhouse.com\/?post_type=product&#038;p=1443"},"modified":"2026-03-06T07:01:56","modified_gmt":"2026-03-06T07:01:56","slug":"buy-2ci-online","status":"publish","type":"product","link":"https:\/\/nembutalhouse.com\/fr\/produit\/buy-2ci-online\/","title":{"rendered":"Acheter 2CI en ligne"},"content":{"rendered":"<h2>Acheter 2CI en ligne<\/h2>\n<p><a href=\"https:\/\/nembutalhouse.com\/fr\/produit\/buy-2ci-online\/\">2CI (2-Aminoindane)<\/a> Description : En raison du manque d'\u00e9tudes sur cette substance, toutes les discussions concernant sa pharmacologie se sont limit\u00e9es \u00e0 sa structure et \u00e0 son fonctionnement subjectif par rapport \u00e0 d'autres stimulants tels que l'amph\u00e9tamine, la m\u00e9thamph\u00e9tamine et le 2CI.<\/p>\n<p>Il est probable que le 2CI lib\u00e8re simultan\u00e9ment de la dopamine et de la nor\u00e9pin\u00e9phrine.<\/p>\n<p>Le 2CI augmente les niveaux de noradr\u00e9naline et de dopamine dans le cerveau en se liant aux prot\u00e9ines transporteuses qui \u00e9liminent normalement ces neurotransmetteurs de la fente synaptique et en les bloquant partiellement.<\/p>\n<p>La dopamine et la nor\u00e9pin\u00e9phrine s'accumulent alors, provoquant des sensations euphoriques et stimulantes dans le cerveau.<\/p>\n<p>2CI Effets physiques<\/p>\n<p><a href=\"https:\/\/en.wikipedia.org\/wiki\/2C-I\">2CI<\/a> Stimulation : le 2CI est g\u00e9n\u00e9ralement consid\u00e9r\u00e9 comme plus \u00e9nergique et plus stimulant que le modafinil, en raison de son effet sur les niveaux d'\u00e9nergie physique de l'utilisateur, similaire \u00e0 celui de l'amph\u00e9tamine, mais moins important que celui de la caf\u00e9ine.<\/p>\n<p>Elle diff\u00e8re de la stimulation par la MDMA en ce qu'elle encourage l'activit\u00e9 physique telle que la danse, la socialisation, la course \u00e0 pied ou le nettoyage, mais elle diff\u00e8re \u00e9galement \u00e0 d'autres \u00e9gards.<\/p>\n<p>Le type particulier de stimulation qu'offre 2CI peut \u00eatre d\u00e9crit comme \u00e9nergique.<\/p>\n<p>Cela signifie qu'avec des doses plus \u00e9lev\u00e9es, il devient difficile, voire impossible, de rester immobile en raison de la crispation des m\u00e2choires et des mouvements et vibrations involontaires du corps. Il en r\u00e9sulte un manque g\u00e9n\u00e9ral de contr\u00f4le moteur, des mains instables et des tremblements corporels excessifs.<\/p>\n<p>2CI Soulagement de la douleur : De nombreux t\u00e9moignages anecdotiques sugg\u00e8rent que ce m\u00e9dicament supprime la douleur d'une mani\u00e8re similaire \u00e0 celle des opio\u00efdes, mais sans l'effet physique \u00e9vident.<\/p>\n<p>augmentation du rythme cardiaque<\/p>\n<p>Absence d'eau<\/p>\n<p>suppression de la faim<\/p>\n<p>vomissements<\/p>\n<p>\u00e9rection<\/p>\n<p>dysfonction \u00e9rectile momentan\u00e9e<\/p>\n<p>transpiration accrue<\/p>\n<p>Grincement de dents : Ce composant serait moins puissant que la MDMA. <a href=\"https:\/\/nembutalhouse.com\/fr\/\">NembutalHouse<\/a><\/p>\n<p>Un amour et un respect accrus pour la musique<\/p>\n<p>impacts sur les processus mentaux<\/p>\n<p>Les effets cognitifs du 2-AI sont multiples, la dose augmentant la puissance de chaque composant.<\/p>\n<p>La description habituelle de l'espace de t\u00eate de 2CI est celle d'une excitation, d'une concentration accrue et d'une stimulation c\u00e9r\u00e9brale.<\/p>\n<p>De nombreux effets cognitifs typiques des stimulants sont pr\u00e9sents. Les effets n\u00e9gatifs sont plus susceptibles de se manifester \u00e0 des doses plus \u00e9lev\u00e9es ou en cas d'utilisation continue, m\u00eame s'ils sont souvent n\u00e9gligeables \u00e0 des niveaux faibles ou mod\u00e9r\u00e9s.<\/p>","protected":false},"excerpt":{"rendered":"<p>Acheter 2CI en ligne 2CI (2-Aminoindane) Description : En raison du manque d'\u00e9tudes sur cette substance, toutes les discussions concernant sa pharmacologie se sont limit\u00e9es \u00e0 sa structure et \u00e0 son fonctionnement...<\/p>","protected":false},"featured_media":1554,"comment_status":"open","ping_status":"closed","template":"","meta":{"_joinchat":[]},"product_cat":[186],"product_tag":[1503,1524,1541,1519,1533,1520,1539,1540,1538,1530,1537,1527,1517,1529,1518,1535,1532,1526,1522,1542,1523,1536,1534,1531,1525,1528,1521],"class_list":{"0":"post-1443","1":"product","2":"type-product","3":"status-publish","4":"has-post-thumbnail","6":"product_cat-research-chemicals","7":"product_tag-2ce-online","8":"product_tag-2cl-powder","9":"product_tag-2cl-powder-for-cleaning","10":"product_tag-2cl-powder-for-sale","11":"product_tag-2cl-powder-store","12":"product_tag-2cl-powder-supplier","13":"product_tag-2cl-powder-use","14":"product_tag-2cl-powder-wiki","15":"product_tag-2cl-powder-worldwide","16":"product_tag-2cl-price","17":"product_tag-best-cheap-price-2cl-powder","18":"product_tag-best-place-to-buy-2cl","19":"product_tag-buy-2cl","20":"product_tag-buy-2cl-legally","21":"product_tag-buy-2cl-powder-online","22":"product_tag-cheap-2cl-powder","23":"product_tag-high-quality-2cl","24":"product_tag-how-to-buy-2cl","25":"product_tag-order-2cl","26":"product_tag-order-2cl-powder","27":"product_tag-order-2cl-powder-online","28":"product_tag-purcharse-2cl-powder-powder","29":"product_tag-shop-2cl-powder","30":"product_tag-top-quality-2cl","31":"product_tag-where-to-buy-2cl","32":"product_tag-where-to-order-2cl","33":"product_tag-wholesale-2cl-powder-bulk-online","35":"first","36":"instock","37":"shipping-taxable","38":"purchasable","39":"product-type-variable"},"yoast_head":"<!-- This site is optimized with the Yoast SEO plugin v24.1 - https:\/\/yoast.com\/wordpress\/plugins\/seo\/ -->\n<title>Buy 2CI Online - 2CI for Sale - Order 2CI Online<\/title>\n<meta name=\"description\" content=\"It is the best time to visit our online store and buy 2cl online. We have high-quality 2cl for sale here at most affordable price. Meet us online and place your order today.\" \/>\n<meta name=\"robots\" content=\"index, follow, max-snippet:-1, max-image-preview:large, max-video-preview:-1\" \/>\n<link rel=\"canonical\" href=\"https:\/\/nembutalhouse.com\/fr\/produit\/buy-2ci-online\/\" \/>\n<meta property=\"og:locale\" content=\"fr_FR\" \/>\n<meta property=\"og:type\" content=\"article\" \/>\n<meta property=\"og:title\" content=\"Buy 2CI Online - 2CI for Sale - Order 2CI Online\" \/>\n<meta property=\"og:description\" content=\"It is the best time to visit our online store and buy 2cl online. We have high-quality 2cl for sale here at most affordable price. Meet us online and place your order today.\" \/>\n<meta property=\"og:url\" content=\"https:\/\/nembutalhouse.com\/fr\/produit\/buy-2ci-online\/\" \/>\n<meta property=\"og:site_name\" content=\"Nembutal House\" \/>\n<meta property=\"article:modified_time\" content=\"2026-03-06T07:01:56+00:00\" \/>\n<meta property=\"og:image\" content=\"https:\/\/nembutalhouse.com\/wp-content\/uploads\/2024\/10\/2CI.gif\" \/>\n\t<meta property=\"og:image:width\" content=\"600\" \/>\n\t<meta property=\"og:image:height\" content=\"600\" \/>\n\t<meta property=\"og:image:type\" content=\"image\/gif\" \/>\n<meta name=\"twitter:card\" content=\"summary_large_image\" \/>\n<meta name=\"twitter:label1\" content=\"Dur\u00e9e de lecture estim\u00e9e\" \/>\n\t<meta name=\"twitter:data1\" content=\"2 minutes\" \/>\n<script type=\"application\/ld+json\" class=\"yoast-schema-graph\">{\"@context\":\"https:\/\/schema.org\",\"@graph\":[{\"@type\":\"WebPage\",\"@id\":\"https:\/\/nembutalhouse.com\/product\/buy-2ci-online\/\",\"url\":\"https:\/\/nembutalhouse.com\/product\/buy-2ci-online\/\",\"name\":\"Buy 2CI Online - 2CI for Sale - Order 2CI Online\",\"isPartOf\":{\"@id\":\"https:\/\/nembutalhouse.com\/#website\"},\"primaryImageOfPage\":{\"@id\":\"https:\/\/nembutalhouse.com\/product\/buy-2ci-online\/#primaryimage\"},\"image\":{\"@id\":\"https:\/\/nembutalhouse.com\/product\/buy-2ci-online\/#primaryimage\"},\"thumbnailUrl\":\"https:\/\/nembutalhouse.com\/wp-content\/uploads\/2024\/10\/2CI.gif\",\"datePublished\":\"2024-10-16T11:50:50+00:00\",\"dateModified\":\"2026-03-06T07:01:56+00:00\",\"description\":\"It is the best time to visit our online store and buy 2cl online. We have high-quality 2cl for sale here at most affordable price. Meet us online and place your order today.\",\"breadcrumb\":{\"@id\":\"https:\/\/nembutalhouse.com\/product\/buy-2ci-online\/#breadcrumb\"},\"inLanguage\":\"fr-FR\",\"potentialAction\":[{\"@type\":\"ReadAction\",\"target\":[\"https:\/\/nembutalhouse.com\/product\/buy-2ci-online\/\"]}]},{\"@type\":\"ImageObject\",\"inLanguage\":\"fr-FR\",\"@id\":\"https:\/\/nembutalhouse.com\/product\/buy-2ci-online\/#primaryimage\",\"url\":\"https:\/\/nembutalhouse.com\/wp-content\/uploads\/2024\/10\/2CI.gif\",\"contentUrl\":\"https:\/\/nembutalhouse.com\/wp-content\/uploads\/2024\/10\/2CI.gif\",\"width\":600,\"height\":600,\"caption\":\"Buy 2CI Online\"},{\"@type\":\"BreadcrumbList\",\"@id\":\"https:\/\/nembutalhouse.com\/product\/buy-2ci-online\/#breadcrumb\",\"itemListElement\":[{\"@type\":\"ListItem\",\"position\":1,\"name\":\"Home\",\"item\":\"https:\/\/nembutalhouse.com\/\"},{\"@type\":\"ListItem\",\"position\":2,\"name\":\"Shop\",\"item\":\"https:\/\/nembutalhouse.com\/shop\/\"},{\"@type\":\"ListItem\",\"position\":3,\"name\":\"Buy 2CI Online\"}]},{\"@type\":\"WebSite\",\"@id\":\"https:\/\/nembutalhouse.com\/#website\",\"url\":\"https:\/\/nembutalhouse.com\/\",\"name\":\"Nembutal House\",\"description\":\"Best Nembutal Online Store\",\"publisher\":{\"@id\":\"https:\/\/nembutalhouse.com\/#organization\"},\"potentialAction\":[{\"@type\":\"SearchAction\",\"target\":{\"@type\":\"EntryPoint\",\"urlTemplate\":\"https:\/\/nembutalhouse.com\/?s={search_term_string}\"},\"query-input\":{\"@type\":\"PropertyValueSpecification\",\"valueRequired\":true,\"valueName\":\"search_term_string\"}}],\"inLanguage\":\"fr-FR\"},{\"@type\":\"Organization\",\"@id\":\"https:\/\/nembutalhouse.com\/#organization\",\"name\":\"Nembutal House\",\"url\":\"https:\/\/nembutalhouse.com\/\",\"logo\":{\"@type\":\"ImageObject\",\"inLanguage\":\"fr-FR\",\"@id\":\"https:\/\/nembutalhouse.com\/#\/schema\/logo\/image\/\",\"url\":\"https:\/\/nembutalhouse.com\/wp-content\/uploads\/2022\/12\/logo.png\",\"contentUrl\":\"https:\/\/nembutalhouse.com\/wp-content\/uploads\/2022\/12\/logo.png\",\"width\":344,\"height\":103,\"caption\":\"Nembutal House\"},\"image\":{\"@id\":\"https:\/\/nembutalhouse.com\/#\/schema\/logo\/image\/\"}}]}<\/script>\n<!-- \/ Yoast SEO plugin. -->","yoast_head_json":{"title":"Buy 2CI Online - 2CI for Sale - Order 2CI Online","description":"It is the best time to visit our online store and buy 2cl online. We have high-quality 2cl for sale here at most affordable price. Meet us online and place your order today.","robots":{"index":"index","follow":"follow","max-snippet":"max-snippet:-1","max-image-preview":"max-image-preview:large","max-video-preview":"max-video-preview:-1"},"canonical":"https:\/\/nembutalhouse.com\/fr\/produit\/buy-2ci-online\/","og_locale":"fr_FR","og_type":"article","og_title":"Buy 2CI Online - 2CI for Sale - Order 2CI Online","og_description":"It is the best time to visit our online store and buy 2cl online. We have high-quality 2cl for sale here at most affordable price. Meet us online and place your order today.","og_url":"https:\/\/nembutalhouse.com\/fr\/produit\/buy-2ci-online\/","og_site_name":"Nembutal House","article_modified_time":"2026-03-06T07:01:56+00:00","og_image":[{"width":600,"height":600,"url":"https:\/\/nembutalhouse.com\/wp-content\/uploads\/2024\/10\/2CI.gif","type":"image\/gif"}],"twitter_card":"summary_large_image","twitter_misc":{"Dur\u00e9e de lecture estim\u00e9e":"2 minutes"},"schema":{"@context":"https:\/\/schema.org","@graph":[{"@type":"WebPage","@id":"https:\/\/nembutalhouse.com\/product\/buy-2ci-online\/","url":"https:\/\/nembutalhouse.com\/product\/buy-2ci-online\/","name":"Buy 2CI Online - 2CI for Sale - Order 2CI Online","isPartOf":{"@id":"https:\/\/nembutalhouse.com\/#website"},"primaryImageOfPage":{"@id":"https:\/\/nembutalhouse.com\/product\/buy-2ci-online\/#primaryimage"},"image":{"@id":"https:\/\/nembutalhouse.com\/product\/buy-2ci-online\/#primaryimage"},"thumbnailUrl":"https:\/\/nembutalhouse.com\/wp-content\/uploads\/2024\/10\/2CI.gif","datePublished":"2024-10-16T11:50:50+00:00","dateModified":"2026-03-06T07:01:56+00:00","description":"It is the best time to visit our online store and buy 2cl online. We have high-quality 2cl for sale here at most affordable price. Meet us online and place your order today.","breadcrumb":{"@id":"https:\/\/nembutalhouse.com\/product\/buy-2ci-online\/#breadcrumb"},"inLanguage":"fr-FR","potentialAction":[{"@type":"ReadAction","target":["https:\/\/nembutalhouse.com\/product\/buy-2ci-online\/"]}]},{"@type":"ImageObject","inLanguage":"fr-FR","@id":"https:\/\/nembutalhouse.com\/product\/buy-2ci-online\/#primaryimage","url":"https:\/\/nembutalhouse.com\/wp-content\/uploads\/2024\/10\/2CI.gif","contentUrl":"https:\/\/nembutalhouse.com\/wp-content\/uploads\/2024\/10\/2CI.gif","width":600,"height":600,"caption":"Buy 2CI Online"},{"@type":"BreadcrumbList","@id":"https:\/\/nembutalhouse.com\/product\/buy-2ci-online\/#breadcrumb","itemListElement":[{"@type":"ListItem","position":1,"name":"Home","item":"https:\/\/nembutalhouse.com\/"},{"@type":"ListItem","position":2,"name":"Shop","item":"https:\/\/nembutalhouse.com\/shop\/"},{"@type":"ListItem","position":3,"name":"Buy 2CI Online"}]},{"@type":"WebSite","@id":"https:\/\/nembutalhouse.com\/#website","url":"https:\/\/nembutalhouse.com\/","name":"Nembutal House","description":"Best Nembutal Online Store","publisher":{"@id":"https:\/\/nembutalhouse.com\/#organization"},"potentialAction":[{"@type":"SearchAction","target":{"@type":"EntryPoint","urlTemplate":"https:\/\/nembutalhouse.com\/?s={search_term_string}"},"query-input":{"@type":"PropertyValueSpecification","valueRequired":true,"valueName":"search_term_string"}}],"inLanguage":"fr-FR"},{"@type":"Organization","@id":"https:\/\/nembutalhouse.com\/#organization","name":"Nembutal House","url":"https:\/\/nembutalhouse.com\/","logo":{"@type":"ImageObject","inLanguage":"fr-FR","@id":"https:\/\/nembutalhouse.com\/#\/schema\/logo\/image\/","url":"https:\/\/nembutalhouse.com\/wp-content\/uploads\/2022\/12\/logo.png","contentUrl":"https:\/\/nembutalhouse.com\/wp-content\/uploads\/2022\/12\/logo.png","width":344,"height":103,"caption":"Nembutal House"},"image":{"@id":"https:\/\/nembutalhouse.com\/#\/schema\/logo\/image\/"}}]}},"_links":{"self":[{"href":"https:\/\/nembutalhouse.com\/fr\/wp-json\/wp\/v2\/product\/1443","targetHints":{"allow":["GET"]}}],"collection":[{"href":"https:\/\/nembutalhouse.com\/fr\/wp-json\/wp\/v2\/product"}],"about":[{"href":"https:\/\/nembutalhouse.com\/fr\/wp-json\/wp\/v2\/types\/product"}],"replies":[{"embeddable":true,"href":"https:\/\/nembutalhouse.com\/fr\/wp-json\/wp\/v2\/comments?post=1443"}],"wp:featuredmedia":[{"embeddable":true,"href":"https:\/\/nembutalhouse.com\/fr\/wp-json\/wp\/v2\/media\/1554"}],"wp:attachment":[{"href":"https:\/\/nembutalhouse.com\/fr\/wp-json\/wp\/v2\/media?parent=1443"}],"wp:term":[{"taxonomy":"product_cat","embeddable":true,"href":"https:\/\/nembutalhouse.com\/fr\/wp-json\/wp\/v2\/product_cat?post=1443"},{"taxonomy":"product_tag","embeddable":true,"href":"https:\/\/nembutalhouse.com\/fr\/wp-json\/wp\/v2\/product_tag?post=1443"}],"curies":[{"name":"wp","href":"https:\/\/api.w.org\/{rel}","templated":true}]}}