{"id":1442,"date":"2024-10-16T11:50:49","date_gmt":"2024-10-16T11:50:49","guid":{"rendered":"https:\/\/nembutalhouse.com\/?post_type=product&#038;p=1442"},"modified":"2026-03-06T07:35:26","modified_gmt":"2026-03-06T07:35:26","slug":"buy-5-meo-mipt-online","status":"publish","type":"product","link":"https:\/\/nembutalhouse.com\/fr\/produit\/buy-5-meo-mipt-online\/","title":{"rendered":"Buy 5-MEO-MIPT Online"},"content":{"rendered":"<h2>Buy 5-MEO-MIPT Online<\/h2>\n<p>Vous pouvez acheter les 5-MeO-MiPT 10mg Pellets en ligne.<br \/>\nMoins connue que la 5-MeO-MiPT et la Moxy, la 5-M\u00e9thoxy-N-m\u00e9thyl-N-isopropyltryptamine est une tryptamine psych\u00e9d\u00e9lique. D'un point de vue chimique, la 5-MeO-MiPT est une tryptamine comparable \u00e0 la 5-MeO-DMT et \u00e0 la 5-MeO-DiPT. Elle agit sur les r\u00e9cepteurs de la s\u00e9rotonine dans le cerveau et provoque un \u00e9tat euphorique. En 1985, David Repke et Alexander Shulgin ont publi\u00e9 les premiers articles d\u00e9crivant la synth\u00e8se et les effets pharmacologiques de la 5-MeO-MiPT. <a href=\"https:\/\/en.wikipedia.org\/wiki\/5-MeO-MiPT\">5-MeO-MiPT<\/a>.<\/p>\n<h3>Accessible 5-MeO-MiPT.<\/h3>\n<p>The best site to <a href=\"https:\/\/nembutalhouse.com\/fr\/produit\/buy-5-meo-mipt-online\/\">purchase 5-MeO-MiPT 10mg Pellets<\/a> is right here. Depending on how much you want, you may purchase 5-MeO-MiPT 10mg Pellets here at the greatest quality in quantities of 5, 10, 25, 50, 100, or 250.<\/p>\n<h3>Conditions de stockage du 5-MeO-MiPT.<\/h3>\n<p>Conservez vos 5-MeO-MiPT 10mg Pellets \u00e0 l'abri de la lumi\u00e8re directe du soleil d\u00e8s que vous les recevez. Les lysergamides sont extr\u00eamement sensibles \u00e0 la lumi\u00e8re UV (surtout au soleil), aux environnements secs et \u00e0 une temp\u00e9rature ambiante maximale de 20 \u00e0 25 degr\u00e9s Celsius, ce qui est particuli\u00e8rement important. Si vous souhaitez conserver la qualit\u00e9 des 5-MeO-MiPT 10mg Pellets pendant une p\u00e9riode prolong\u00e9e, <a href=\"https:\/\/nembutalhouse.com\/fr\/\">NembutalHouse<\/a> sugg\u00e8re d'investir dans une machine \u00e0 sceller sous vide. N'h\u00e9sitez pas \u00e0 nous contacter si vous avez des questions ou des inqui\u00e9tudes \u00e0 ce sujet.<\/p>\n<h3>Prendre soin de vos granul\u00e9s de 10-MeO-MiPT.<\/h3>\n<p>Nous vous conseillons vivement de porter des gants et un masque pour votre s\u00e9curit\u00e9 lorsque vous manipulez vos pastilles de 5-MeO-MiPT 10mg.<\/p>\n<h3>O\u00f9 puis-je me procurer des comprim\u00e9s de 10 mg de 5-MeO-MiPT ?<\/h3>\n<p>Vous pouvez acheter des substances chimiques de recherche, telles que les 5-MeO-MiPT 10mg Pellets, sur notre site web, NembutalHouse. Nous \u00e9valuons et analysons toutes nos substances de recherche avant de les proposer \u00e0 la vente. C'est la seule fa\u00e7on de garantir que les 5-MeO-MiPT 10mg Pellets sont de la plus haute qualit\u00e9. N'h\u00e9sitez pas \u00e0 nous contacter si vous avez besoin des r\u00e9sultats ou de toute autre assistance. Les 5-MeO-MiPT 10mg Pellets sont \u00e9galement propos\u00e9s sous forme de poudre (HCl). Pour savoir si nous les avons, consultez notre catalogue.<\/p>\n<h3>A NembutalHouse : Pourquoi acheter chez eux ?<\/h3>\n<p>En plus d'\u00eatre l'un des d\u00e9taillants des produits de Lizard Labs, Lizard Labs poss\u00e8de et g\u00e8re \u00e9galement NembutalHouse. Nous pouvons vous garantir un excellent service et des produits chimiques de recherche \u00e0 des prix parmi les meilleurs du march\u00e9, car nous travaillons dans cette entreprise depuis plus de dix ans.<\/p>\n<h3>Exigences particuli\u00e8res pour l'achat de pastilles de 10 milligrammes de 5-MeO-MiPT.<\/h3>\n<p>C'est ici que vous pouvez acheter 5-MeO-MiPT 10mg Pellets en ligne, mais avant de pouvoir le faire, vous devez \u00eatre \u00e2g\u00e9 d'au moins dix-huit ans et accepter tous les termes et conditions qui sont \u00e9nonc\u00e9s \u00e0 la fois sur notre site Web et au cours du processus de paiement. En outre, nous proposons exclusivement des substances de recherche destin\u00e9es \u00e0 \u00eatre test\u00e9es ou appliqu\u00e9es en laboratoire. Si vous remplissez toutes ces conditions, il vous suffit de remplir et de signer le formulaire.<\/p>\n<p>&nbsp;<\/p>","protected":false},"excerpt":{"rendered":"<p>Buy 5-MEO-MIPT Online You can purchase 5-MeO-MiPT 10mg Pellets online. Not as well-known as 5-MeO-MiPT and Moxy, 5-Methoxy-N-methyl-N-isopropyltryptamine is a psychedelic tryptamine. Chemically speaking, 5-MeO-MiPT is a tryptamine that is&hellip;<\/p>","protected":false},"featured_media":1565,"comment_status":"open","ping_status":"closed","template":"","meta":{"_joinchat":[]},"product_cat":[186],"product_tag":[1654,1672,1649,1660,1661,1664,1650,1670,1671,1669,1668,1657,1647,1659,1648,1666,1663,1656,1652,1653,1667,1665,1662,1655,1658,1651],"class_list":{"0":"post-1442","1":"product","2":"type-product","3":"status-publish","4":"has-post-thumbnail","6":"product_cat-research-chemicals","7":"product_tag-5-meo-mipt-powder","8":"product_tag-5-meo-mipt-powder-for-cleaning","9":"product_tag-5-meo-mipt-powder-for-sale","10":"product_tag-5-meo-mipt-powder-online","11":"product_tag-5-meo-mipt-powder-price","12":"product_tag-5-meo-mipt-powder-store","13":"product_tag-5-meo-mipt-powder-supplier","14":"product_tag-5-meo-mipt-powder-use","15":"product_tag-5-meo-mipt-powder-wiki","16":"product_tag-5-meo-mipt-powder-worldwide","17":"product_tag-best-cheap-price-5-meo-mipt-powder","18":"product_tag-best-place-to-buy-5-meo-mipt-powder","19":"product_tag-buy-5-meo-mipt-powder","20":"product_tag-buy-5-meo-mipt-powder-legally","21":"product_tag-buy-5-meo-mipt-powder-online","22":"product_tag-cheap-5-meo-mipt-powder","23":"product_tag-high-quality-5-meo-mipt-powder","24":"product_tag-how-to-buy-5-meo-mipt-powder","25":"product_tag-order-5-meo-mipt-powder","26":"product_tag-order-5-meo-mipt-powder-online","27":"product_tag-purcharse-5-meo-mipt-powder-powder","28":"product_tag-shop-5-meo-mipt-powder","29":"product_tag-top-quality-5-meo-mipt-powder","30":"product_tag-where-to-buy-5-meo-mipt-powder","31":"product_tag-where-to-order-5-meo-mipt-powder","32":"product_tag-wholesale-5-meo-mipt-powder-bulk-online","34":"first","35":"instock","36":"shipping-taxable","37":"purchasable","38":"product-type-variable"},"yoast_head":"<!-- This site is optimized with the Yoast SEO plugin v24.1 - https:\/\/yoast.com\/wordpress\/plugins\/seo\/ -->\n<title>Buy 5 MEO-MIIPT Online - Best Quality 5 MEO-MIIPT for Sale<\/title>\n<meta name=\"description\" content=\"You can get 5-meo-mipt for sale at our NembutalHouse store and get it at your doorstep without any hassle. We help you buy 5-meo-mipt online. Order Now!\" \/>\n<meta name=\"robots\" content=\"index, follow, max-snippet:-1, max-image-preview:large, max-video-preview:-1\" \/>\n<link rel=\"canonical\" href=\"https:\/\/nembutalhouse.com\/fr\/produit\/buy-5-meo-mipt-online\/\" \/>\n<meta property=\"og:locale\" content=\"fr_FR\" \/>\n<meta property=\"og:type\" content=\"article\" \/>\n<meta property=\"og:title\" content=\"Buy 5 MEO-MIIPT Online - Best Quality 5 MEO-MIIPT for Sale\" \/>\n<meta property=\"og:description\" content=\"You can get 5-meo-mipt for sale at our NembutalHouse store and get it at your doorstep without any hassle. We help you buy 5-meo-mipt online. Order Now!\" \/>\n<meta property=\"og:url\" content=\"https:\/\/nembutalhouse.com\/fr\/produit\/buy-5-meo-mipt-online\/\" \/>\n<meta property=\"og:site_name\" content=\"Nembutal House\" \/>\n<meta property=\"article:modified_time\" content=\"2026-03-06T07:35:26+00:00\" \/>\n<meta property=\"og:image\" content=\"https:\/\/nembutalhouse.com\/wp-content\/uploads\/2024\/10\/5-MEO-MIPT.gif\" \/>\n\t<meta property=\"og:image:width\" content=\"600\" \/>\n\t<meta property=\"og:image:height\" content=\"600\" \/>\n\t<meta property=\"og:image:type\" content=\"image\/gif\" \/>\n<meta name=\"twitter:card\" content=\"summary_large_image\" \/>\n<meta name=\"twitter:label1\" content=\"Dur\u00e9e de lecture estim\u00e9e\" \/>\n\t<meta name=\"twitter:data1\" content=\"3 minutes\" \/>\n<script type=\"application\/ld+json\" class=\"yoast-schema-graph\">{\"@context\":\"https:\/\/schema.org\",\"@graph\":[{\"@type\":\"WebPage\",\"@id\":\"https:\/\/nembutalhouse.com\/product\/buy-5-meo-mipt-online\/\",\"url\":\"https:\/\/nembutalhouse.com\/product\/buy-5-meo-mipt-online\/\",\"name\":\"Buy 5 MEO-MIIPT Online - Best Quality 5 MEO-MIIPT for Sale\",\"isPartOf\":{\"@id\":\"https:\/\/nembutalhouse.com\/#website\"},\"primaryImageOfPage\":{\"@id\":\"https:\/\/nembutalhouse.com\/product\/buy-5-meo-mipt-online\/#primaryimage\"},\"image\":{\"@id\":\"https:\/\/nembutalhouse.com\/product\/buy-5-meo-mipt-online\/#primaryimage\"},\"thumbnailUrl\":\"https:\/\/nembutalhouse.com\/wp-content\/uploads\/2024\/10\/5-MEO-MIPT.gif\",\"datePublished\":\"2024-10-16T11:50:49+00:00\",\"dateModified\":\"2026-03-06T07:35:26+00:00\",\"description\":\"You can get 5-meo-mipt for sale at our NembutalHouse store and get it at your doorstep without any hassle. We help you buy 5-meo-mipt online. Order Now!\",\"breadcrumb\":{\"@id\":\"https:\/\/nembutalhouse.com\/product\/buy-5-meo-mipt-online\/#breadcrumb\"},\"inLanguage\":\"fr-FR\",\"potentialAction\":[{\"@type\":\"ReadAction\",\"target\":[\"https:\/\/nembutalhouse.com\/product\/buy-5-meo-mipt-online\/\"]}]},{\"@type\":\"ImageObject\",\"inLanguage\":\"fr-FR\",\"@id\":\"https:\/\/nembutalhouse.com\/product\/buy-5-meo-mipt-online\/#primaryimage\",\"url\":\"https:\/\/nembutalhouse.com\/wp-content\/uploads\/2024\/10\/5-MEO-MIPT.gif\",\"contentUrl\":\"https:\/\/nembutalhouse.com\/wp-content\/uploads\/2024\/10\/5-MEO-MIPT.gif\",\"width\":600,\"height\":600,\"caption\":\"Buy 5-MEO-MIPT Online\"},{\"@type\":\"BreadcrumbList\",\"@id\":\"https:\/\/nembutalhouse.com\/product\/buy-5-meo-mipt-online\/#breadcrumb\",\"itemListElement\":[{\"@type\":\"ListItem\",\"position\":1,\"name\":\"Home\",\"item\":\"https:\/\/nembutalhouse.com\/\"},{\"@type\":\"ListItem\",\"position\":2,\"name\":\"Shop\",\"item\":\"https:\/\/nembutalhouse.com\/shop\/\"},{\"@type\":\"ListItem\",\"position\":3,\"name\":\"Buy 5-MEO-MIPT Online\"}]},{\"@type\":\"WebSite\",\"@id\":\"https:\/\/nembutalhouse.com\/#website\",\"url\":\"https:\/\/nembutalhouse.com\/\",\"name\":\"Nembutal House\",\"description\":\"Best Nembutal Online Store\",\"publisher\":{\"@id\":\"https:\/\/nembutalhouse.com\/#organization\"},\"potentialAction\":[{\"@type\":\"SearchAction\",\"target\":{\"@type\":\"EntryPoint\",\"urlTemplate\":\"https:\/\/nembutalhouse.com\/?s={search_term_string}\"},\"query-input\":{\"@type\":\"PropertyValueSpecification\",\"valueRequired\":true,\"valueName\":\"search_term_string\"}}],\"inLanguage\":\"fr-FR\"},{\"@type\":\"Organization\",\"@id\":\"https:\/\/nembutalhouse.com\/#organization\",\"name\":\"Nembutal House\",\"url\":\"https:\/\/nembutalhouse.com\/\",\"logo\":{\"@type\":\"ImageObject\",\"inLanguage\":\"fr-FR\",\"@id\":\"https:\/\/nembutalhouse.com\/#\/schema\/logo\/image\/\",\"url\":\"https:\/\/nembutalhouse.com\/wp-content\/uploads\/2022\/12\/logo.png\",\"contentUrl\":\"https:\/\/nembutalhouse.com\/wp-content\/uploads\/2022\/12\/logo.png\",\"width\":344,\"height\":103,\"caption\":\"Nembutal House\"},\"image\":{\"@id\":\"https:\/\/nembutalhouse.com\/#\/schema\/logo\/image\/\"}}]}<\/script>\n<!-- \/ Yoast SEO plugin. -->","yoast_head_json":{"title":"Buy 5 MEO-MIIPT Online - Best Quality 5 MEO-MIIPT for Sale","description":"You can get 5-meo-mipt for sale at our NembutalHouse store and get it at your doorstep without any hassle. We help you buy 5-meo-mipt online. Order Now!","robots":{"index":"index","follow":"follow","max-snippet":"max-snippet:-1","max-image-preview":"max-image-preview:large","max-video-preview":"max-video-preview:-1"},"canonical":"https:\/\/nembutalhouse.com\/fr\/produit\/buy-5-meo-mipt-online\/","og_locale":"fr_FR","og_type":"article","og_title":"Buy 5 MEO-MIIPT Online - Best Quality 5 MEO-MIIPT for Sale","og_description":"You can get 5-meo-mipt for sale at our NembutalHouse store and get it at your doorstep without any hassle. We help you buy 5-meo-mipt online. Order Now!","og_url":"https:\/\/nembutalhouse.com\/fr\/produit\/buy-5-meo-mipt-online\/","og_site_name":"Nembutal House","article_modified_time":"2026-03-06T07:35:26+00:00","og_image":[{"width":600,"height":600,"url":"https:\/\/nembutalhouse.com\/wp-content\/uploads\/2024\/10\/5-MEO-MIPT.gif","type":"image\/gif"}],"twitter_card":"summary_large_image","twitter_misc":{"Dur\u00e9e de lecture estim\u00e9e":"3 minutes"},"schema":{"@context":"https:\/\/schema.org","@graph":[{"@type":"WebPage","@id":"https:\/\/nembutalhouse.com\/product\/buy-5-meo-mipt-online\/","url":"https:\/\/nembutalhouse.com\/product\/buy-5-meo-mipt-online\/","name":"Buy 5 MEO-MIIPT Online - Best Quality 5 MEO-MIIPT for Sale","isPartOf":{"@id":"https:\/\/nembutalhouse.com\/#website"},"primaryImageOfPage":{"@id":"https:\/\/nembutalhouse.com\/product\/buy-5-meo-mipt-online\/#primaryimage"},"image":{"@id":"https:\/\/nembutalhouse.com\/product\/buy-5-meo-mipt-online\/#primaryimage"},"thumbnailUrl":"https:\/\/nembutalhouse.com\/wp-content\/uploads\/2024\/10\/5-MEO-MIPT.gif","datePublished":"2024-10-16T11:50:49+00:00","dateModified":"2026-03-06T07:35:26+00:00","description":"You can get 5-meo-mipt for sale at our NembutalHouse store and get it at your doorstep without any hassle. We help you buy 5-meo-mipt online. Order Now!","breadcrumb":{"@id":"https:\/\/nembutalhouse.com\/product\/buy-5-meo-mipt-online\/#breadcrumb"},"inLanguage":"fr-FR","potentialAction":[{"@type":"ReadAction","target":["https:\/\/nembutalhouse.com\/product\/buy-5-meo-mipt-online\/"]}]},{"@type":"ImageObject","inLanguage":"fr-FR","@id":"https:\/\/nembutalhouse.com\/product\/buy-5-meo-mipt-online\/#primaryimage","url":"https:\/\/nembutalhouse.com\/wp-content\/uploads\/2024\/10\/5-MEO-MIPT.gif","contentUrl":"https:\/\/nembutalhouse.com\/wp-content\/uploads\/2024\/10\/5-MEO-MIPT.gif","width":600,"height":600,"caption":"Buy 5-MEO-MIPT Online"},{"@type":"BreadcrumbList","@id":"https:\/\/nembutalhouse.com\/product\/buy-5-meo-mipt-online\/#breadcrumb","itemListElement":[{"@type":"ListItem","position":1,"name":"Home","item":"https:\/\/nembutalhouse.com\/"},{"@type":"ListItem","position":2,"name":"Shop","item":"https:\/\/nembutalhouse.com\/shop\/"},{"@type":"ListItem","position":3,"name":"Buy 5-MEO-MIPT Online"}]},{"@type":"WebSite","@id":"https:\/\/nembutalhouse.com\/#website","url":"https:\/\/nembutalhouse.com\/","name":"Nembutal House","description":"Best Nembutal Online Store","publisher":{"@id":"https:\/\/nembutalhouse.com\/#organization"},"potentialAction":[{"@type":"SearchAction","target":{"@type":"EntryPoint","urlTemplate":"https:\/\/nembutalhouse.com\/?s={search_term_string}"},"query-input":{"@type":"PropertyValueSpecification","valueRequired":true,"valueName":"search_term_string"}}],"inLanguage":"fr-FR"},{"@type":"Organization","@id":"https:\/\/nembutalhouse.com\/#organization","name":"Nembutal House","url":"https:\/\/nembutalhouse.com\/","logo":{"@type":"ImageObject","inLanguage":"fr-FR","@id":"https:\/\/nembutalhouse.com\/#\/schema\/logo\/image\/","url":"https:\/\/nembutalhouse.com\/wp-content\/uploads\/2022\/12\/logo.png","contentUrl":"https:\/\/nembutalhouse.com\/wp-content\/uploads\/2022\/12\/logo.png","width":344,"height":103,"caption":"Nembutal House"},"image":{"@id":"https:\/\/nembutalhouse.com\/#\/schema\/logo\/image\/"}}]}},"_links":{"self":[{"href":"https:\/\/nembutalhouse.com\/fr\/wp-json\/wp\/v2\/product\/1442","targetHints":{"allow":["GET"]}}],"collection":[{"href":"https:\/\/nembutalhouse.com\/fr\/wp-json\/wp\/v2\/product"}],"about":[{"href":"https:\/\/nembutalhouse.com\/fr\/wp-json\/wp\/v2\/types\/product"}],"replies":[{"embeddable":true,"href":"https:\/\/nembutalhouse.com\/fr\/wp-json\/wp\/v2\/comments?post=1442"}],"wp:featuredmedia":[{"embeddable":true,"href":"https:\/\/nembutalhouse.com\/fr\/wp-json\/wp\/v2\/media\/1565"}],"wp:attachment":[{"href":"https:\/\/nembutalhouse.com\/fr\/wp-json\/wp\/v2\/media?parent=1442"}],"wp:term":[{"taxonomy":"product_cat","embeddable":true,"href":"https:\/\/nembutalhouse.com\/fr\/wp-json\/wp\/v2\/product_cat?post=1442"},{"taxonomy":"product_tag","embeddable":true,"href":"https:\/\/nembutalhouse.com\/fr\/wp-json\/wp\/v2\/product_tag?post=1442"}],"curies":[{"name":"wp","href":"https:\/\/api.w.org\/{rel}","templated":true}]}}