{"id":1391,"date":"2024-10-16T11:50:31","date_gmt":"2024-10-16T11:50:31","guid":{"rendered":"https:\/\/nembutalhouse.com\/?post_type=product&#038;p=1391"},"modified":"2026-03-03T05:32:10","modified_gmt":"2026-03-03T05:32:10","slug":"buy-nep-online","status":"publish","type":"product","link":"https:\/\/nembutalhouse.com\/fr\/produit\/acheter-nep-en-ligne\/","title":{"rendered":"Buy NEP Online"},"content":{"rendered":"<h2>Buy NEP Online<\/h2>\n<h3>Qu'est-ce que le PEN ?<\/h3>\n<p><a href=\"https:\/\/nembutalhouse.com\/fr\/produit\/acheter-nep-en-ligne\/\">Acheter NEP<\/a> signifie N-Ethyl-Nor-Pentadrone. Ce produit chimique est un stimulant qui appartient \u00e0 la classe des cathinones et remplace avantageusement la N-\u00e9thyl-hex\u00e9drone, autrefois populaire et aujourd'hui rare. La NEP est consid\u00e9r\u00e9e comme un puissant inhibiteur de la recapture de la nor\u00e9pin\u00e9phrine et de la dopamine (NDRI). On pense que la majorit\u00e9 de ses r\u00e9sultats sont dus au fait qu'il s'agit d'un NDRI.<\/p>\n<h3>O\u00f9 acheter la NEP ?<\/h3>\n<p>Ici, \u00e0 <a href=\"https:\/\/nembutalhouse.com\/fr\/\">NembutalHouse<\/a>Nous vendons des PEN de premi\u00e8re qualit\u00e9, g\u00e9n\u00e9ralement sous forme de poudre. Cependant, nous avons souvent d'autres formes disponibles, alors n'h\u00e9sitez pas \u00e0 nous contacter pour voir si nous avons la forme que vous pr\u00e9f\u00e9rez si vous voulez autre chose que de la poudre. Vous devez \u00eatre \u00e2g\u00e9 d'au moins 18 ans pour acheter de la NEP chez nous. Vous devez \u00e9galement \u00eatre en conformit\u00e9 avec les lois sur la recherche chimique de votre pays. Notre NEP n'est pas destin\u00e9 \u00e0 un usage humain ou animal. Il est purement con\u00e7u \u00e0 des fins de recherche.<\/p>\n<h3>L\u00e9galit\u00e9 de la NEP<\/h3>\n<p><a href=\"https:\/\/en.wikipedia.org\/wiki\/NEP\">NEP<\/a> est ill\u00e9gal au Br\u00e9sil et au Royaume-Uni. Aux \u00c9tats-Unis, il pourrait \u00eatre potentiellement ill\u00e9gal car il s'agit d'un analogue de la substance ill\u00e9gale Pentadrone. Toutefois, elle n'est pas inscrite \u00e0 l'annexe dans la plupart des autres pays.<\/p>","protected":false},"excerpt":{"rendered":"<p>Buy NEP Online What is NEP? Buy NEP stands for N-Ethyl-Nor-Pentadrone. This chemical is a stimulant that falls into the cathinone class of chemicals and is a great replacement for&hellip;<\/p>","protected":false},"featured_media":1550,"comment_status":"open","ping_status":"closed","template":"","meta":{"_joinchat":[]},"product_cat":[188],"product_tag":[1426,1415,1405,1417,1406,1432,1424,1421,1414,1412,1407,1418,1431,1430,1433,1422,1428,1429,1427,1419,1408,1410,1411,1434,1425,1423,1420,1413,1416,1409],"class_list":{"0":"post-1391","1":"product","2":"type-product","3":"status-publish","4":"has-post-thumbnail","6":"product_cat-stimulants","7":"product_tag-best-cheap-price-nep-powder","8":"product_tag-best-place-to-buy-nep","9":"product_tag-buy-nep","10":"product_tag-buy-nep-legally","11":"product_tag-buy-nep-online","12":"product_tag-buy-nep-powder-online","13":"product_tag-cheap-nep-powders","14":"product_tag-high-quality-nep-powder","15":"product_tag-how-to-buy-nep","16":"product_tag-nep","17":"product_tag-nep-for-sale","18":"product_tag-nep-online","19":"product_tag-nep-powder","20":"product_tag-nep-powder-for-cleaning","21":"product_tag-nep-powder-for-sale","22":"product_tag-nep-powder-store","23":"product_tag-nep-powder-use","24":"product_tag-nep-powder-wiki","25":"product_tag-nep-powder-worldwide","26":"product_tag-nep-price","27":"product_tag-nep-supplier","28":"product_tag-order-nep","29":"product_tag-order-nep-online","30":"product_tag-order-nep-powder","31":"product_tag-purcharse-nep-powder-powder","32":"product_tag-shop-nep-powder","33":"product_tag-top-quality-nep","34":"product_tag-where-to-buy-nep","35":"product_tag-where-to-order-nep","36":"product_tag-wholesale-nep-bulk-online","38":"first","39":"instock","40":"shipping-taxable","41":"purchasable","42":"product-type-variable"},"yoast_head":"<!-- This site is optimized with the Yoast SEO plugin v24.1 - https:\/\/yoast.com\/wordpress\/plugins\/seo\/ -->\n<title>Buy Nep Online - Nep for Sale - Order Nep Online<\/title>\n<meta name=\"description\" content=\"Your requirement to buy nep online can be fulfilled at our online store as we have nep for sale here. Place your order and get affordable deals every day. Order Now!\" \/>\n<meta name=\"robots\" content=\"index, follow, max-snippet:-1, max-image-preview:large, max-video-preview:-1\" \/>\n<link rel=\"canonical\" href=\"https:\/\/nembutalhouse.com\/fr\/produit\/acheter-nep-en-ligne\/\" \/>\n<meta property=\"og:locale\" content=\"fr_FR\" \/>\n<meta property=\"og:type\" content=\"article\" \/>\n<meta property=\"og:title\" content=\"Buy Nep Online - Nep for Sale - Order Nep Online\" \/>\n<meta property=\"og:description\" content=\"Your requirement to buy nep online can be fulfilled at our online store as we have nep for sale here. Place your order and get affordable deals every day. Order Now!\" \/>\n<meta property=\"og:url\" content=\"https:\/\/nembutalhouse.com\/fr\/produit\/acheter-nep-en-ligne\/\" \/>\n<meta property=\"og:site_name\" content=\"Nembutal House\" \/>\n<meta property=\"article:modified_time\" content=\"2026-03-03T05:32:10+00:00\" \/>\n<meta property=\"og:image\" content=\"https:\/\/nembutalhouse.com\/wp-content\/uploads\/2024\/10\/NEP.gif\" \/>\n\t<meta property=\"og:image:width\" content=\"600\" \/>\n\t<meta property=\"og:image:height\" content=\"600\" \/>\n\t<meta property=\"og:image:type\" content=\"image\/gif\" \/>\n<meta name=\"twitter:card\" content=\"summary_large_image\" \/>\n<meta name=\"twitter:label1\" content=\"Dur\u00e9e de lecture estim\u00e9e\" \/>\n\t<meta name=\"twitter:data1\" content=\"2 minutes\" \/>\n<script type=\"application\/ld+json\" class=\"yoast-schema-graph\">{\"@context\":\"https:\/\/schema.org\",\"@graph\":[{\"@type\":\"WebPage\",\"@id\":\"https:\/\/nembutalhouse.com\/product\/buy-nep-online\/\",\"url\":\"https:\/\/nembutalhouse.com\/product\/buy-nep-online\/\",\"name\":\"Buy Nep Online - Nep for Sale - Order Nep Online\",\"isPartOf\":{\"@id\":\"https:\/\/nembutalhouse.com\/#website\"},\"primaryImageOfPage\":{\"@id\":\"https:\/\/nembutalhouse.com\/product\/buy-nep-online\/#primaryimage\"},\"image\":{\"@id\":\"https:\/\/nembutalhouse.com\/product\/buy-nep-online\/#primaryimage\"},\"thumbnailUrl\":\"https:\/\/nembutalhouse.com\/wp-content\/uploads\/2024\/10\/NEP.gif\",\"datePublished\":\"2024-10-16T11:50:31+00:00\",\"dateModified\":\"2026-03-03T05:32:10+00:00\",\"description\":\"Your requirement to buy nep online can be fulfilled at our online store as we have nep for sale here. Place your order and get affordable deals every day. Order Now!\",\"breadcrumb\":{\"@id\":\"https:\/\/nembutalhouse.com\/product\/buy-nep-online\/#breadcrumb\"},\"inLanguage\":\"fr-FR\",\"potentialAction\":[{\"@type\":\"ReadAction\",\"target\":[\"https:\/\/nembutalhouse.com\/product\/buy-nep-online\/\"]}]},{\"@type\":\"ImageObject\",\"inLanguage\":\"fr-FR\",\"@id\":\"https:\/\/nembutalhouse.com\/product\/buy-nep-online\/#primaryimage\",\"url\":\"https:\/\/nembutalhouse.com\/wp-content\/uploads\/2024\/10\/NEP.gif\",\"contentUrl\":\"https:\/\/nembutalhouse.com\/wp-content\/uploads\/2024\/10\/NEP.gif\",\"width\":600,\"height\":600,\"caption\":\"Buy NEP Online\"},{\"@type\":\"BreadcrumbList\",\"@id\":\"https:\/\/nembutalhouse.com\/product\/buy-nep-online\/#breadcrumb\",\"itemListElement\":[{\"@type\":\"ListItem\",\"position\":1,\"name\":\"Home\",\"item\":\"https:\/\/nembutalhouse.com\/\"},{\"@type\":\"ListItem\",\"position\":2,\"name\":\"Shop\",\"item\":\"https:\/\/nembutalhouse.com\/shop\/\"},{\"@type\":\"ListItem\",\"position\":3,\"name\":\"Buy NEP Online\"}]},{\"@type\":\"WebSite\",\"@id\":\"https:\/\/nembutalhouse.com\/#website\",\"url\":\"https:\/\/nembutalhouse.com\/\",\"name\":\"Nembutal House\",\"description\":\"Best Nembutal Online Store\",\"publisher\":{\"@id\":\"https:\/\/nembutalhouse.com\/#organization\"},\"potentialAction\":[{\"@type\":\"SearchAction\",\"target\":{\"@type\":\"EntryPoint\",\"urlTemplate\":\"https:\/\/nembutalhouse.com\/?s={search_term_string}\"},\"query-input\":{\"@type\":\"PropertyValueSpecification\",\"valueRequired\":true,\"valueName\":\"search_term_string\"}}],\"inLanguage\":\"fr-FR\"},{\"@type\":\"Organization\",\"@id\":\"https:\/\/nembutalhouse.com\/#organization\",\"name\":\"Nembutal House\",\"url\":\"https:\/\/nembutalhouse.com\/\",\"logo\":{\"@type\":\"ImageObject\",\"inLanguage\":\"fr-FR\",\"@id\":\"https:\/\/nembutalhouse.com\/#\/schema\/logo\/image\/\",\"url\":\"https:\/\/nembutalhouse.com\/wp-content\/uploads\/2022\/12\/logo.png\",\"contentUrl\":\"https:\/\/nembutalhouse.com\/wp-content\/uploads\/2022\/12\/logo.png\",\"width\":344,\"height\":103,\"caption\":\"Nembutal House\"},\"image\":{\"@id\":\"https:\/\/nembutalhouse.com\/#\/schema\/logo\/image\/\"}}]}<\/script>\n<!-- \/ Yoast SEO plugin. -->","yoast_head_json":{"title":"Buy Nep Online - Nep for Sale - Order Nep Online","description":"Your requirement to buy nep online can be fulfilled at our online store as we have nep for sale here. Place your order and get affordable deals every day. Order Now!","robots":{"index":"index","follow":"follow","max-snippet":"max-snippet:-1","max-image-preview":"max-image-preview:large","max-video-preview":"max-video-preview:-1"},"canonical":"https:\/\/nembutalhouse.com\/fr\/produit\/acheter-nep-en-ligne\/","og_locale":"fr_FR","og_type":"article","og_title":"Buy Nep Online - Nep for Sale - Order Nep Online","og_description":"Your requirement to buy nep online can be fulfilled at our online store as we have nep for sale here. Place your order and get affordable deals every day. Order Now!","og_url":"https:\/\/nembutalhouse.com\/fr\/produit\/acheter-nep-en-ligne\/","og_site_name":"Nembutal House","article_modified_time":"2026-03-03T05:32:10+00:00","og_image":[{"width":600,"height":600,"url":"https:\/\/nembutalhouse.com\/wp-content\/uploads\/2024\/10\/NEP.gif","type":"image\/gif"}],"twitter_card":"summary_large_image","twitter_misc":{"Dur\u00e9e de lecture estim\u00e9e":"2 minutes"},"schema":{"@context":"https:\/\/schema.org","@graph":[{"@type":"WebPage","@id":"https:\/\/nembutalhouse.com\/product\/buy-nep-online\/","url":"https:\/\/nembutalhouse.com\/product\/buy-nep-online\/","name":"Buy Nep Online - Nep for Sale - Order Nep Online","isPartOf":{"@id":"https:\/\/nembutalhouse.com\/#website"},"primaryImageOfPage":{"@id":"https:\/\/nembutalhouse.com\/product\/buy-nep-online\/#primaryimage"},"image":{"@id":"https:\/\/nembutalhouse.com\/product\/buy-nep-online\/#primaryimage"},"thumbnailUrl":"https:\/\/nembutalhouse.com\/wp-content\/uploads\/2024\/10\/NEP.gif","datePublished":"2024-10-16T11:50:31+00:00","dateModified":"2026-03-03T05:32:10+00:00","description":"Your requirement to buy nep online can be fulfilled at our online store as we have nep for sale here. Place your order and get affordable deals every day. Order Now!","breadcrumb":{"@id":"https:\/\/nembutalhouse.com\/product\/buy-nep-online\/#breadcrumb"},"inLanguage":"fr-FR","potentialAction":[{"@type":"ReadAction","target":["https:\/\/nembutalhouse.com\/product\/buy-nep-online\/"]}]},{"@type":"ImageObject","inLanguage":"fr-FR","@id":"https:\/\/nembutalhouse.com\/product\/buy-nep-online\/#primaryimage","url":"https:\/\/nembutalhouse.com\/wp-content\/uploads\/2024\/10\/NEP.gif","contentUrl":"https:\/\/nembutalhouse.com\/wp-content\/uploads\/2024\/10\/NEP.gif","width":600,"height":600,"caption":"Buy NEP Online"},{"@type":"BreadcrumbList","@id":"https:\/\/nembutalhouse.com\/product\/buy-nep-online\/#breadcrumb","itemListElement":[{"@type":"ListItem","position":1,"name":"Home","item":"https:\/\/nembutalhouse.com\/"},{"@type":"ListItem","position":2,"name":"Shop","item":"https:\/\/nembutalhouse.com\/shop\/"},{"@type":"ListItem","position":3,"name":"Buy NEP Online"}]},{"@type":"WebSite","@id":"https:\/\/nembutalhouse.com\/#website","url":"https:\/\/nembutalhouse.com\/","name":"Nembutal House","description":"Best Nembutal Online Store","publisher":{"@id":"https:\/\/nembutalhouse.com\/#organization"},"potentialAction":[{"@type":"SearchAction","target":{"@type":"EntryPoint","urlTemplate":"https:\/\/nembutalhouse.com\/?s={search_term_string}"},"query-input":{"@type":"PropertyValueSpecification","valueRequired":true,"valueName":"search_term_string"}}],"inLanguage":"fr-FR"},{"@type":"Organization","@id":"https:\/\/nembutalhouse.com\/#organization","name":"Nembutal House","url":"https:\/\/nembutalhouse.com\/","logo":{"@type":"ImageObject","inLanguage":"fr-FR","@id":"https:\/\/nembutalhouse.com\/#\/schema\/logo\/image\/","url":"https:\/\/nembutalhouse.com\/wp-content\/uploads\/2022\/12\/logo.png","contentUrl":"https:\/\/nembutalhouse.com\/wp-content\/uploads\/2022\/12\/logo.png","width":344,"height":103,"caption":"Nembutal House"},"image":{"@id":"https:\/\/nembutalhouse.com\/#\/schema\/logo\/image\/"}}]}},"_links":{"self":[{"href":"https:\/\/nembutalhouse.com\/fr\/wp-json\/wp\/v2\/product\/1391","targetHints":{"allow":["GET"]}}],"collection":[{"href":"https:\/\/nembutalhouse.com\/fr\/wp-json\/wp\/v2\/product"}],"about":[{"href":"https:\/\/nembutalhouse.com\/fr\/wp-json\/wp\/v2\/types\/product"}],"replies":[{"embeddable":true,"href":"https:\/\/nembutalhouse.com\/fr\/wp-json\/wp\/v2\/comments?post=1391"}],"wp:featuredmedia":[{"embeddable":true,"href":"https:\/\/nembutalhouse.com\/fr\/wp-json\/wp\/v2\/media\/1550"}],"wp:attachment":[{"href":"https:\/\/nembutalhouse.com\/fr\/wp-json\/wp\/v2\/media?parent=1391"}],"wp:term":[{"taxonomy":"product_cat","embeddable":true,"href":"https:\/\/nembutalhouse.com\/fr\/wp-json\/wp\/v2\/product_cat?post=1391"},{"taxonomy":"product_tag","embeddable":true,"href":"https:\/\/nembutalhouse.com\/fr\/wp-json\/wp\/v2\/product_tag?post=1391"}],"curies":[{"name":"wp","href":"https:\/\/api.w.org\/{rel}","templated":true}]}}