{"id":1355,"date":"2024-10-16T11:50:21","date_gmt":"2024-10-16T11:50:21","guid":{"rendered":"https:\/\/nembutalhouse.com\/?post_type=product&#038;p=1355"},"modified":"2026-03-03T05:57:55","modified_gmt":"2026-03-03T05:57:55","slug":"buy-benzolam-online","status":"publish","type":"product","link":"https:\/\/nembutalhouse.com\/fr\/produit\/buy-benzolam-online\/","title":{"rendered":"Buy Benzolam Online"},"content":{"rendered":"<h2>Achat Benzolam en ligne<\/h2>\n<p><a href=\"https:\/\/en.wikipedia.org\/wiki\/Benzodiazepine\">Benzolam<\/a>L'alpha-PVP est un puissant stimulant qui est g\u00e9n\u00e9ralement utilis\u00e9 pour produire de l'euphorie. Certaines \u00e9tudes le consid\u00e8rent \u00e9galement comme une drogue psychoactive. Il a \u00e9t\u00e9 d\u00e9couvert au d\u00e9but des ann\u00e9es 1960 et sa puissance est inf\u00e9rieure d'un quart \u00e0 celle du MDPV.<\/p>\n<p>En outre, les cons\u00e9quences sont \u00e0 peu pr\u00e8s les m\u00eames. Les cristaux d'A-PVP se pr\u00e9sentent g\u00e9n\u00e9ralement sous la forme de cristaux de roche blancs. Diverses applications et impacts de l'A-PVP Avant d'ing\u00e9rer de l'Alpha-PVP, il faut la m\u00e9langer \u00e0 d'autres drogues.<\/p>\n<p>En outre, vous avez la possibilit\u00e9 de l'avaler ou de l'inhaler. Seul le m\u00e9decin doit d\u00e9terminer le dosage, et vous ne devez pas en prendre plus d'un dans l'heure.<\/p>\n<p>Le benzolam est comparable \u00e0 la coca\u00efne, bien que moins puissant. <a href=\"https:\/\/nembutalhouse.com\/fr\/\">NembutalHouse<\/a><\/p>\n<p>Mettez-le sous la langue et vous verrez qu'il se dissout rapidement. Simultan\u00e9ment, vous pouvez ressentir une sensation d'engourdissement.<\/p>\n<p>Bien qu'elle mette un certain temps \u00e0 se manifester, l'euphorie devrait appara\u00eetre 30 minutes apr\u00e8s l'ingestion. Une l\u00e9g\u00e8re augmentation de la tension art\u00e9rielle est constat\u00e9e apr\u00e8s l'engourdissement.<\/p>\n<p>De plus, vous n'aurez plus envie de boire de l'eau.<\/p>\n<p>Apr\u00e8s avoir consomm\u00e9 quelque chose, vous ressentirez une l\u00e9g\u00e8re stimulation et peut-\u00eatre m\u00eame de la somnolence 45 minutes ou plus plus tard.<\/p>\n<p>En g\u00e9n\u00e9ral, les effets ne devraient pas durer plus de trois heures et vous ne ressentirez peut-\u00eatre pas le besoin de prendre une autre dose imm\u00e9diatement.<\/p>\n<p>Il est certain que l'euphorie durera plus longtemps si vous utilisez la m\u00e9thode de l'insufflation. N\u00e9anmoins, l'estimation de la puissance peut s'av\u00e9rer difficile, car certaines personnes ressentent un effet tr\u00e8s progressif, tandis que d'autres ressentent un effet tr\u00e8s rapide.<\/p>\n<p>Il commence \u00e0 agir d\u00e8s que le client l'inhale. Apr\u00e8s consommation, vous vous sentirez euphorique dans les dix minutes qui suivent (selon la m\u00e9thode d'insufflation).<\/p>\n<p>Apr\u00e8s l'avoir consomm\u00e9, vous devriez vous sentir somnolent dans l'heure qui suit, et vous pouvez m\u00eame avoir fr\u00e9quemment des trous de m\u00e9moire.<\/p>\n<p>Il est important de comprendre que l'euphorie qui accompagne les <a href=\"https:\/\/nembutalhouse.com\/fr\/produit\/buy-benzolam-online\/\">Benzolam<\/a> s'estompe g\u00e9n\u00e9ralement rapidement. Certaines personnes affirment que l'ingestion de la forme cristalline est plus efficace car elle.<\/p>\n<p>La sensation intense ne dure pas plus de trois heures, mais la dur\u00e9e de l'exp\u00e9rience avec ce type de stimulant d\u00e9terminera si vous prendrez ou non une autre dose dans un avenir proche.<\/p>\n<p>Sachez qu'Alpha-PVP peut vous aider si vous vous consid\u00e9rez comme cr\u00e9atif. Vous \u00e9prouverez une joie intense et un regain de vitalit\u00e9.<\/p>\n<p>Votre corps sera totalement d\u00e9tendu et vous n'aurez aucune envie de manger. Sachez que vous ne devez prendre que de petites quantit\u00e9s de ce m\u00e9dicament.<\/p>\n<p>L'augmentation de la dose rend les choses tr\u00e8s facilement incontr\u00f4lables.<\/p>\n<p>Le benzolam peut \u00eatre achet\u00e9 en ligne sur diff\u00e9rents sites, mais il est conseill\u00e9 d'\u00e9tudier attentivement la source et de lire autant d'avis que possible.<\/p>\n<p>Il faut savoir que la r\u00e9ponse d'une personne \u00e0 ces m\u00e9dicaments peut varier en fonction d'un certain nombre de facteurs, notamment la taille, le poids et le taux m\u00e9tabolique.<\/p>\n<p>&nbsp;<\/p>\n<p>&nbsp;<\/p>","protected":false},"excerpt":{"rendered":"<p>Purchase Benzolam Online Benzolam, commonly known as Alpha-PVP, is a potent stimulant that is typically used to produce euphoria. It is also referred to as a psychoactive drug by certain&hellip;<\/p>","protected":false},"featured_media":1520,"comment_status":"open","ping_status":"closed","template":"","meta":{"_joinchat":[]},"product_cat":[186],"product_tag":[1215,1233,1210,1221,1222,1225,1211,1231,1232,1230,1229,1218,1220,1208,1209,1227,1224,1217,1213,1214,1228,1226,1223,1216,1219,1212],"class_list":{"0":"post-1355","1":"product","2":"type-product","3":"status-publish","4":"has-post-thumbnail","6":"product_cat-research-chemicals","7":"product_tag-benzolam-powder","8":"product_tag-benzolam-powder-for-cleaning","9":"product_tag-benzolam-powder-for-sale","10":"product_tag-benzolam-powder-online","11":"product_tag-benzolam-powder-price","12":"product_tag-benzolam-powder-store","13":"product_tag-benzolam-powder-supplier","14":"product_tag-benzolam-powder-use","15":"product_tag-benzolam-powder-wiki","16":"product_tag-benzolam-powder-worldwide","17":"product_tag-best-cheap-price-benzolam-powder","18":"product_tag-best-place-to-buy-benzolam","19":"product_tag-buy-benzolam-legally","20":"product_tag-buy-benzolam-powder","21":"product_tag-buy-benzolam-powder-online","22":"product_tag-cheap-benzolam-powders","23":"product_tag-high-quality-benzolam-powder","24":"product_tag-how-to-buy-benzolam","25":"product_tag-order-benzolam-powder","26":"product_tag-order-benzolam-powder-online","27":"product_tag-purcharse-benzolam-powder-powder","28":"product_tag-shop-benzolam-powder","29":"product_tag-top-quality-benzolam-powder","30":"product_tag-where-to-buy-benzolam","31":"product_tag-where-to-order-benzolam","32":"product_tag-wholesale-benzolam-powder-bulk-online","34":"first","35":"instock","36":"shipping-taxable","37":"purchasable","38":"product-type-variable"},"yoast_head":"<!-- This site is optimized with the Yoast SEO plugin v24.1 - https:\/\/yoast.com\/wordpress\/plugins\/seo\/ -->\n<title>Benzolam for Sale - Buy Benzolam Online - Order Benzolam<\/title>\n<meta name=\"description\" content=\"You can now get benzolam for sale from our top best store NembutalHouse. Our staff will assist you to buy benzolam online at the best prices. Order benzolam online today with worldwide shipping!\" \/>\n<meta name=\"robots\" content=\"index, follow, max-snippet:-1, max-image-preview:large, max-video-preview:-1\" \/>\n<link rel=\"canonical\" href=\"https:\/\/nembutalhouse.com\/fr\/produit\/buy-benzolam-online\/\" \/>\n<meta property=\"og:locale\" content=\"fr_FR\" \/>\n<meta property=\"og:type\" content=\"article\" \/>\n<meta property=\"og:title\" content=\"Benzolam for Sale - Buy Benzolam Online - Order Benzolam\" \/>\n<meta property=\"og:description\" content=\"You can now get benzolam for sale from our top best store NembutalHouse. Our staff will assist you to buy benzolam online at the best prices. Order benzolam online today with worldwide shipping!\" \/>\n<meta property=\"og:url\" content=\"https:\/\/nembutalhouse.com\/fr\/produit\/buy-benzolam-online\/\" \/>\n<meta property=\"og:site_name\" content=\"Nembutal House\" \/>\n<meta property=\"article:modified_time\" content=\"2026-03-03T05:57:55+00:00\" \/>\n<meta property=\"og:image\" content=\"https:\/\/nembutalhouse.com\/wp-content\/uploads\/2024\/10\/Benzolam.gif\" \/>\n\t<meta property=\"og:image:width\" content=\"600\" \/>\n\t<meta property=\"og:image:height\" content=\"600\" \/>\n\t<meta property=\"og:image:type\" content=\"image\/gif\" \/>\n<meta name=\"twitter:card\" content=\"summary_large_image\" \/>\n<meta name=\"twitter:label1\" content=\"Dur\u00e9e de lecture estim\u00e9e\" \/>\n\t<meta name=\"twitter:data1\" content=\"3 minutes\" \/>\n<script type=\"application\/ld+json\" class=\"yoast-schema-graph\">{\"@context\":\"https:\/\/schema.org\",\"@graph\":[{\"@type\":\"WebPage\",\"@id\":\"https:\/\/nembutalhouse.com\/product\/buy-benzolam-online\/\",\"url\":\"https:\/\/nembutalhouse.com\/product\/buy-benzolam-online\/\",\"name\":\"Benzolam for Sale - Buy Benzolam Online - Order Benzolam\",\"isPartOf\":{\"@id\":\"https:\/\/nembutalhouse.com\/#website\"},\"primaryImageOfPage\":{\"@id\":\"https:\/\/nembutalhouse.com\/product\/buy-benzolam-online\/#primaryimage\"},\"image\":{\"@id\":\"https:\/\/nembutalhouse.com\/product\/buy-benzolam-online\/#primaryimage\"},\"thumbnailUrl\":\"https:\/\/nembutalhouse.com\/wp-content\/uploads\/2024\/10\/Benzolam.gif\",\"datePublished\":\"2024-10-16T11:50:21+00:00\",\"dateModified\":\"2026-03-03T05:57:55+00:00\",\"description\":\"You can now get benzolam for sale from our top best store NembutalHouse. Our staff will assist you to buy benzolam online at the best prices. Order benzolam online today with worldwide shipping!\",\"breadcrumb\":{\"@id\":\"https:\/\/nembutalhouse.com\/product\/buy-benzolam-online\/#breadcrumb\"},\"inLanguage\":\"fr-FR\",\"potentialAction\":[{\"@type\":\"ReadAction\",\"target\":[\"https:\/\/nembutalhouse.com\/product\/buy-benzolam-online\/\"]}]},{\"@type\":\"ImageObject\",\"inLanguage\":\"fr-FR\",\"@id\":\"https:\/\/nembutalhouse.com\/product\/buy-benzolam-online\/#primaryimage\",\"url\":\"https:\/\/nembutalhouse.com\/wp-content\/uploads\/2024\/10\/Benzolam.gif\",\"contentUrl\":\"https:\/\/nembutalhouse.com\/wp-content\/uploads\/2024\/10\/Benzolam.gif\",\"width\":600,\"height\":600,\"caption\":\"Buy Benzolam Online\"},{\"@type\":\"BreadcrumbList\",\"@id\":\"https:\/\/nembutalhouse.com\/product\/buy-benzolam-online\/#breadcrumb\",\"itemListElement\":[{\"@type\":\"ListItem\",\"position\":1,\"name\":\"Home\",\"item\":\"https:\/\/nembutalhouse.com\/\"},{\"@type\":\"ListItem\",\"position\":2,\"name\":\"Shop\",\"item\":\"https:\/\/nembutalhouse.com\/shop\/\"},{\"@type\":\"ListItem\",\"position\":3,\"name\":\"Buy Benzolam Online\"}]},{\"@type\":\"WebSite\",\"@id\":\"https:\/\/nembutalhouse.com\/#website\",\"url\":\"https:\/\/nembutalhouse.com\/\",\"name\":\"Nembutal House\",\"description\":\"Best Nembutal Online Store\",\"publisher\":{\"@id\":\"https:\/\/nembutalhouse.com\/#organization\"},\"potentialAction\":[{\"@type\":\"SearchAction\",\"target\":{\"@type\":\"EntryPoint\",\"urlTemplate\":\"https:\/\/nembutalhouse.com\/?s={search_term_string}\"},\"query-input\":{\"@type\":\"PropertyValueSpecification\",\"valueRequired\":true,\"valueName\":\"search_term_string\"}}],\"inLanguage\":\"fr-FR\"},{\"@type\":\"Organization\",\"@id\":\"https:\/\/nembutalhouse.com\/#organization\",\"name\":\"Nembutal House\",\"url\":\"https:\/\/nembutalhouse.com\/\",\"logo\":{\"@type\":\"ImageObject\",\"inLanguage\":\"fr-FR\",\"@id\":\"https:\/\/nembutalhouse.com\/#\/schema\/logo\/image\/\",\"url\":\"https:\/\/nembutalhouse.com\/wp-content\/uploads\/2022\/12\/logo.png\",\"contentUrl\":\"https:\/\/nembutalhouse.com\/wp-content\/uploads\/2022\/12\/logo.png\",\"width\":344,\"height\":103,\"caption\":\"Nembutal House\"},\"image\":{\"@id\":\"https:\/\/nembutalhouse.com\/#\/schema\/logo\/image\/\"}}]}<\/script>\n<!-- \/ Yoast SEO plugin. -->","yoast_head_json":{"title":"Benzolam for Sale - Buy Benzolam Online - Order Benzolam","description":"You can now get benzolam for sale from our top best store NembutalHouse. Our staff will assist you to buy benzolam online at the best prices. Order benzolam online today with worldwide shipping!","robots":{"index":"index","follow":"follow","max-snippet":"max-snippet:-1","max-image-preview":"max-image-preview:large","max-video-preview":"max-video-preview:-1"},"canonical":"https:\/\/nembutalhouse.com\/fr\/produit\/buy-benzolam-online\/","og_locale":"fr_FR","og_type":"article","og_title":"Benzolam for Sale - Buy Benzolam Online - Order Benzolam","og_description":"You can now get benzolam for sale from our top best store NembutalHouse. Our staff will assist you to buy benzolam online at the best prices. Order benzolam online today with worldwide shipping!","og_url":"https:\/\/nembutalhouse.com\/fr\/produit\/buy-benzolam-online\/","og_site_name":"Nembutal House","article_modified_time":"2026-03-03T05:57:55+00:00","og_image":[{"width":600,"height":600,"url":"https:\/\/nembutalhouse.com\/wp-content\/uploads\/2024\/10\/Benzolam.gif","type":"image\/gif"}],"twitter_card":"summary_large_image","twitter_misc":{"Dur\u00e9e de lecture estim\u00e9e":"3 minutes"},"schema":{"@context":"https:\/\/schema.org","@graph":[{"@type":"WebPage","@id":"https:\/\/nembutalhouse.com\/product\/buy-benzolam-online\/","url":"https:\/\/nembutalhouse.com\/product\/buy-benzolam-online\/","name":"Benzolam for Sale - Buy Benzolam Online - Order Benzolam","isPartOf":{"@id":"https:\/\/nembutalhouse.com\/#website"},"primaryImageOfPage":{"@id":"https:\/\/nembutalhouse.com\/product\/buy-benzolam-online\/#primaryimage"},"image":{"@id":"https:\/\/nembutalhouse.com\/product\/buy-benzolam-online\/#primaryimage"},"thumbnailUrl":"https:\/\/nembutalhouse.com\/wp-content\/uploads\/2024\/10\/Benzolam.gif","datePublished":"2024-10-16T11:50:21+00:00","dateModified":"2026-03-03T05:57:55+00:00","description":"You can now get benzolam for sale from our top best store NembutalHouse. Our staff will assist you to buy benzolam online at the best prices. Order benzolam online today with worldwide shipping!","breadcrumb":{"@id":"https:\/\/nembutalhouse.com\/product\/buy-benzolam-online\/#breadcrumb"},"inLanguage":"fr-FR","potentialAction":[{"@type":"ReadAction","target":["https:\/\/nembutalhouse.com\/product\/buy-benzolam-online\/"]}]},{"@type":"ImageObject","inLanguage":"fr-FR","@id":"https:\/\/nembutalhouse.com\/product\/buy-benzolam-online\/#primaryimage","url":"https:\/\/nembutalhouse.com\/wp-content\/uploads\/2024\/10\/Benzolam.gif","contentUrl":"https:\/\/nembutalhouse.com\/wp-content\/uploads\/2024\/10\/Benzolam.gif","width":600,"height":600,"caption":"Buy Benzolam Online"},{"@type":"BreadcrumbList","@id":"https:\/\/nembutalhouse.com\/product\/buy-benzolam-online\/#breadcrumb","itemListElement":[{"@type":"ListItem","position":1,"name":"Home","item":"https:\/\/nembutalhouse.com\/"},{"@type":"ListItem","position":2,"name":"Shop","item":"https:\/\/nembutalhouse.com\/shop\/"},{"@type":"ListItem","position":3,"name":"Buy Benzolam Online"}]},{"@type":"WebSite","@id":"https:\/\/nembutalhouse.com\/#website","url":"https:\/\/nembutalhouse.com\/","name":"Nembutal House","description":"Best Nembutal Online Store","publisher":{"@id":"https:\/\/nembutalhouse.com\/#organization"},"potentialAction":[{"@type":"SearchAction","target":{"@type":"EntryPoint","urlTemplate":"https:\/\/nembutalhouse.com\/?s={search_term_string}"},"query-input":{"@type":"PropertyValueSpecification","valueRequired":true,"valueName":"search_term_string"}}],"inLanguage":"fr-FR"},{"@type":"Organization","@id":"https:\/\/nembutalhouse.com\/#organization","name":"Nembutal House","url":"https:\/\/nembutalhouse.com\/","logo":{"@type":"ImageObject","inLanguage":"fr-FR","@id":"https:\/\/nembutalhouse.com\/#\/schema\/logo\/image\/","url":"https:\/\/nembutalhouse.com\/wp-content\/uploads\/2022\/12\/logo.png","contentUrl":"https:\/\/nembutalhouse.com\/wp-content\/uploads\/2022\/12\/logo.png","width":344,"height":103,"caption":"Nembutal House"},"image":{"@id":"https:\/\/nembutalhouse.com\/#\/schema\/logo\/image\/"}}]}},"_links":{"self":[{"href":"https:\/\/nembutalhouse.com\/fr\/wp-json\/wp\/v2\/product\/1355","targetHints":{"allow":["GET"]}}],"collection":[{"href":"https:\/\/nembutalhouse.com\/fr\/wp-json\/wp\/v2\/product"}],"about":[{"href":"https:\/\/nembutalhouse.com\/fr\/wp-json\/wp\/v2\/types\/product"}],"replies":[{"embeddable":true,"href":"https:\/\/nembutalhouse.com\/fr\/wp-json\/wp\/v2\/comments?post=1355"}],"wp:featuredmedia":[{"embeddable":true,"href":"https:\/\/nembutalhouse.com\/fr\/wp-json\/wp\/v2\/media\/1520"}],"wp:attachment":[{"href":"https:\/\/nembutalhouse.com\/fr\/wp-json\/wp\/v2\/media?parent=1355"}],"wp:term":[{"taxonomy":"product_cat","embeddable":true,"href":"https:\/\/nembutalhouse.com\/fr\/wp-json\/wp\/v2\/product_cat?post=1355"},{"taxonomy":"product_tag","embeddable":true,"href":"https:\/\/nembutalhouse.com\/fr\/wp-json\/wp\/v2\/product_tag?post=1355"}],"curies":[{"name":"wp","href":"https:\/\/api.w.org\/{rel}","templated":true}]}}