{"id":1316,"date":"2024-10-16T11:50:01","date_gmt":"2024-10-16T11:50:01","guid":{"rendered":"https:\/\/nembutalhouse.com\/?post_type=product&#038;p=1316"},"modified":"2026-03-06T08:19:10","modified_gmt":"2026-03-06T08:19:10","slug":"buy-1p-lsd-online","status":"publish","type":"product","link":"https:\/\/nembutalhouse.com\/fr\/produit\/buy-1p-lsd-online\/","title":{"rendered":"Acheter du 1P-LSD en ligne"},"content":{"rendered":"<h2>Acheter du 1P-LSD en ligne<\/h2>\n<h3>1P-LSD : Qu'est-ce que c'est ?<\/h3>\n<p>Buy 1P-LSD 100mcg appartient \u00e0 la classe des s\u00e9datifs lysergamides et a des effets psych\u00e9d\u00e9liques. Parmi les s\u00e9datifs les plus \u00e9tudi\u00e9s, le 1P-LSD est tr\u00e8s appr\u00e9ci\u00e9 des experts en chimie.<\/p>\n<h3>Comment puis-je acheter du 1P-LSD en ligne ?<\/h3>\n<p><a href=\"https:\/\/nembutalhouse.com\/fr\/\">NembutalHouse.com<\/a> est l'endroit o\u00f9 acheter du 1P-LSD. Nous ne vendons par correspondance que du 1P-LSD, qui se pr\u00e9sente sous forme de buvard. Nous n'autorisons l'utilisation de notre Buy 1P-LSD 100mcg qu'\u00e0 des fins de recherche ; ni les humains ni les animaux ne sont autoris\u00e9s \u00e0 le consommer.<\/p>\n<p>Vous devez respecter toutes les lois et r\u00e9glementations locales relatives aux produits chimiques de recherche si vous avez l'intention d'acheter notre 1P-LSD.<\/p>\n<h3>Livr\u00e9 avec 1P-LSD<\/h3>\n<p>Nous exportons le 1P-LSD \u00e0 des fins scientifiques vers tous les pays du monde o\u00f9 cela est autoris\u00e9. Si c'est contraire \u00e0 la loi dans votre pays, nous exportons le 1P-LSD \u00e0 des fins scientifiques vers n'importe quel pays o\u00f9 cela est autoris\u00e9. Nous exportons du 1P-LSD \u00e0 des fins scientifiques vers tous les pays du monde o\u00f9 cela est autoris\u00e9. Vous \u00eates coinc\u00e9 si <a href=\"https:\/\/en.wikipedia.org\/wiki\/1P-LSD\">1P-LSD<\/a> est interdit dans votre pays. Nos envois sont fiables et rapides. De plus, nous avons plusieurs possibilit\u00e9s. Vous \u00eates assur\u00e9 de trouver ici le choix de livraison id\u00e9al.<\/p>\n<h3>Disponible d\u00e8s maintenant en buvards et en gouttes<\/h3>\n<p>Pour obtenir la dur\u00e9e de conservation la plus longue possible, conservez toujours le produit dans un endroit frais et sec. Ce produit est uniquement destin\u00e9 \u00e0 \u00eatre utilis\u00e9 dans le cadre de la m\u00e9decine l\u00e9gale et de la recherche. Il n'est donc PAS destin\u00e9 \u00e0 \u00eatre utilis\u00e9 dans<a href=\"https:\/\/nembutalhouse.com\/fr\/produit\/1p-lsd\/\">&#8211;<\/a>vivo exp\u00e9rimentation de quelque type que ce soit sur des animaux ou d'autres \u00eatres vivants, et n'est pas destin\u00e9 \u00e0 la consommation humaine.<\/p>\n<h3>Pourquoi choisir 1P-LSD chez Nembulathouse ?<\/h3>\n<p>En tant que <strong>fournisseur de 1P-LSD pour la recherche<\/strong>, <strong>Nembulathouse<\/strong> s'engage \u00e0 fournir des produits rigoureusement test\u00e9s qui r\u00e9pondent aux normes \u00e9lev\u00e9es exig\u00e9es par la Commission europ\u00e9enne. <strong>laboratoires certifi\u00e9s<\/strong>:<\/p>\n<ul>\n<li><strong>1P-LSD de haute puret\u00e9 pour les laboratoires<\/strong>: Chaque lot est soumis \u00e0 des tests rigoureux afin de garantir une puret\u00e9 optimale, essentielle pour la sant\u00e9. <strong>des applications scientifiques pr\u00e9cises<\/strong>.<\/li>\n<li><strong>Une qualit\u00e9 constante et fiable<\/strong>: Notre 1P-LSD est formul\u00e9 pour offrir des performances stables et fiables, ce qui le rend id\u00e9al pour <strong>\u00e9tudes analytiques et recherche en laboratoire<\/strong>.<\/li>\n<li><strong>Commande en ligne s\u00e9curis\u00e9e<\/strong>: <strong>Nembulathouse<\/strong> fournit une proc\u00e9dure simplifi\u00e9e et s\u00e9curis\u00e9e pour <strong>achat de 1P-LSD en ligne<\/strong>La s\u00e9curit\u00e9 et le respect des r\u00e8gles pour les professionnels de la recherche.<\/li>\n<\/ul>\n<h3>Applications et consignes de s\u00e9curit\u00e9<\/h3>\n<p><strong>Nembulathouse<\/strong>'s <a href=\"https:\/\/nembutalhouse.com\/fr\/produit\/buy-1p-lsd-online\/\"><strong>1P-LSD pour la recherche<\/strong><\/a> est con\u00e7u pour <strong>applications analytiques et \u00e9tudes scientifiques<\/strong>. Nous incluons des protocoles de s\u00e9curit\u00e9 d\u00e9taill\u00e9s pour garantir une utilisation s\u00fbre et conforme :<\/p>\n<ul>\n<li><strong>Stockage s\u00e9curis\u00e9<\/strong>: Conserver le 1P-LSD dans un endroit frais et sec, \u00e0 l'abri de la lumi\u00e8re directe, afin de pr\u00e9server sa qualit\u00e9.<\/li>\n<li><strong>Manipuler avec pr\u00e9caution<\/strong>: Utiliser des \u00e9quipements de protection individuelle (EPI) et travailler dans un environnement bien ventil\u00e9 pour garantir une manipulation s\u00fbre.<\/li>\n<li><strong>Strictement r\u00e9serv\u00e9 \u00e0 la recherche<\/strong>: Ce produit est destin\u00e9 exclusivement aux chercheurs qualifi\u00e9s et aux laboratoires certifi\u00e9s.<\/li>\n<\/ul>\n<h3>Commandez du 1P-LSD de haute puret\u00e9 pour vos \u00e9tudes scientifiques<\/h3>\n<p>Avec <strong>Nembulathouse<\/strong>, vous avez acc\u00e8s \u00e0 un <strong>approvisionnement fiable en 1P-LSD pour les applications de laboratoire<\/strong>. Notre engagement en faveur de la qualit\u00e9 et de la s\u00e9curit\u00e9 <strong>Nembulathouse<\/strong> le choix de confiance des professionnels de la recherche. <strong>Contactez-nous<\/strong> pour un devis ou pour en savoir plus sur notre gamme de produits de recherche de haute puret\u00e9.<\/p>","protected":false},"excerpt":{"rendered":"<p>Le 1P-LSD est un <strong>lysergamide<\/strong> compos\u00e9 dont la structure est similaire \u00e0 celle du <strong>LSD (di\u00e9thylamide de l'acide lysergique)<\/strong>mais avec un <strong>groupe propionyle<\/strong> attach\u00e9e \u00e0 la position de l'azote du cycle indole. Cette l\u00e9g\u00e8re modification lui permet d'\u00eatre <strong>m\u00e9tabolis\u00e9 en LSD<\/strong> dans l'organisme, lui conf\u00e9rant des effets comparables \u00e0 ceux du LSD. Il s'agit d'un <strong>substance psych\u00e9d\u00e9lique<\/strong> couramment utilis\u00e9s \u00e0 des fins r\u00e9cr\u00e9atives et <strong>fins exp\u00e9rimentales<\/strong>.<\/p>\n<h4><strong>Formule chimique et num\u00e9ro de cas<\/strong><\/h4>\n<ul>\n<li><strong>Nom chimique<\/strong>: Di\u00e9thylamide de l'acide 1-propionyl-lysergique<\/li>\n<li><strong>Formule chimique<\/strong>: C21H26N2O2<\/li>\n<li><strong>Num\u00e9ro CAS<\/strong>: 1181100-01-1<\/li>\n<\/ul>","protected":false},"featured_media":1512,"comment_status":"open","ping_status":"closed","template":"","meta":{"_joinchat":[]},"product_cat":[186],"product_tag":[1047,1052,1070,1072,1058,1059,1062,1068,1069,1067,1048,1066,1055,1045,1046,1057,1071,1064,1061,1054,1050,1051,1073,1065,1063,1060,1053,1056,1049],"class_list":{"0":"post-1316","1":"product","2":"type-product","3":"status-publish","4":"has-post-thumbnail","6":"product_cat-research-chemicals","7":"product_tag-1p-lsd-for-sale","8":"product_tag-1p-lsd-powder","9":"product_tag-1p-lsd-powder-for-cleaning","10":"product_tag-1p-lsd-powder-for-sale","11":"product_tag-1p-lsd-powder-online","12":"product_tag-1p-lsd-powder-price","13":"product_tag-1p-lsd-powder-store","14":"product_tag-1p-lsd-powder-use","15":"product_tag-1p-lsd-powder-wiki","16":"product_tag-1p-lsd-powder-worldwide","17":"product_tag-1p-lsd-supplier","18":"product_tag-best-cheap-price-1p-lsd-powder","19":"product_tag-best-place-to-buy-1p-lsd-powder","20":"product_tag-buy-1p-1p-lsd","21":"product_tag-buy-1p-lsd-online","22":"product_tag-buy-1p-lsd-powder-legally","23":"product_tag-buy-1p-lsd-powder-online","24":"product_tag-cheap-1p-lsd-powders","25":"product_tag-high-quality-1p-lsd-powder","26":"product_tag-how-to-buy-1p-lsd-powder","27":"product_tag-order-1p-lsd","28":"product_tag-order-1p-lsd-online","29":"product_tag-order-1p-lsd-powder","30":"product_tag-purcharse-1p-lsd-powder-powder","31":"product_tag-shop-1p-lsd-powder","32":"product_tag-top-quality-1p-lsd-powder","33":"product_tag-where-to-buy-1p-lsd-powder","34":"product_tag-where-to-order-1p-lsd-powder","35":"product_tag-wholesale-1p-lsd-bulk-online","37":"first","38":"instock","39":"shipping-taxable","40":"purchasable","41":"product-type-variable"},"yoast_head":"<!-- This site is optimized with the Yoast SEO plugin v24.1 - https:\/\/yoast.com\/wordpress\/plugins\/seo\/ -->\n<title>Buy 1P-LSD Online - 1P-LSD for Sale | NembutalHouse<\/title>\n<meta name=\"description\" content=\"Discover top-notch 1p-lsd for sale at our online store - buy 1p-lsd powder conveniently and securely to fuel your research. Explore and buy 1p-lsd online, advancing your scientific endeavors with ease. Order Now!\" \/>\n<meta name=\"robots\" content=\"index, follow, max-snippet:-1, max-image-preview:large, max-video-preview:-1\" \/>\n<link rel=\"canonical\" href=\"https:\/\/nembutalhouse.com\/fr\/produit\/buy-1p-lsd-online\/\" \/>\n<meta property=\"og:locale\" content=\"fr_FR\" \/>\n<meta property=\"og:type\" content=\"article\" \/>\n<meta property=\"og:title\" content=\"Buy 1P-LSD Online - 1P-LSD for Sale | NembutalHouse\" \/>\n<meta property=\"og:description\" content=\"Discover top-notch 1p-lsd for sale at our online store - buy 1p-lsd powder conveniently and securely to fuel your research. Explore and buy 1p-lsd online, advancing your scientific endeavors with ease. Order Now!\" \/>\n<meta property=\"og:url\" content=\"https:\/\/nembutalhouse.com\/fr\/produit\/buy-1p-lsd-online\/\" \/>\n<meta property=\"og:site_name\" content=\"Nembutal House\" \/>\n<meta property=\"article:modified_time\" content=\"2026-03-06T08:19:10+00:00\" \/>\n<meta property=\"og:image\" content=\"https:\/\/nembutalhouse.com\/wp-content\/uploads\/2024\/10\/1P-LSD.gif\" \/>\n\t<meta property=\"og:image:width\" content=\"600\" \/>\n\t<meta property=\"og:image:height\" content=\"600\" \/>\n\t<meta property=\"og:image:type\" content=\"image\/gif\" \/>\n<meta name=\"twitter:card\" content=\"summary_large_image\" \/>\n<meta name=\"twitter:label1\" content=\"Dur\u00e9e de lecture estim\u00e9e\" \/>\n\t<meta name=\"twitter:data1\" content=\"3 minutes\" \/>\n<script type=\"application\/ld+json\" class=\"yoast-schema-graph\">{\"@context\":\"https:\/\/schema.org\",\"@graph\":[{\"@type\":\"WebPage\",\"@id\":\"https:\/\/nembutalhouse.com\/product\/buy-1p-lsd-online\/\",\"url\":\"https:\/\/nembutalhouse.com\/product\/buy-1p-lsd-online\/\",\"name\":\"Buy 1P-LSD Online - 1P-LSD for Sale | NembutalHouse\",\"isPartOf\":{\"@id\":\"https:\/\/nembutalhouse.com\/#website\"},\"primaryImageOfPage\":{\"@id\":\"https:\/\/nembutalhouse.com\/product\/buy-1p-lsd-online\/#primaryimage\"},\"image\":{\"@id\":\"https:\/\/nembutalhouse.com\/product\/buy-1p-lsd-online\/#primaryimage\"},\"thumbnailUrl\":\"https:\/\/nembutalhouse.com\/wp-content\/uploads\/2024\/10\/1P-LSD.gif\",\"datePublished\":\"2024-10-16T11:50:01+00:00\",\"dateModified\":\"2026-03-06T08:19:10+00:00\",\"description\":\"Discover top-notch 1p-lsd for sale at our online store - buy 1p-lsd powder conveniently and securely to fuel your research. Explore and buy 1p-lsd online, advancing your scientific endeavors with ease. Order Now!\",\"breadcrumb\":{\"@id\":\"https:\/\/nembutalhouse.com\/product\/buy-1p-lsd-online\/#breadcrumb\"},\"inLanguage\":\"fr-FR\",\"potentialAction\":[{\"@type\":\"ReadAction\",\"target\":[\"https:\/\/nembutalhouse.com\/product\/buy-1p-lsd-online\/\"]}]},{\"@type\":\"ImageObject\",\"inLanguage\":\"fr-FR\",\"@id\":\"https:\/\/nembutalhouse.com\/product\/buy-1p-lsd-online\/#primaryimage\",\"url\":\"https:\/\/nembutalhouse.com\/wp-content\/uploads\/2024\/10\/1P-LSD.gif\",\"contentUrl\":\"https:\/\/nembutalhouse.com\/wp-content\/uploads\/2024\/10\/1P-LSD.gif\",\"width\":600,\"height\":600,\"caption\":\"Buy 1P-LSD Online\"},{\"@type\":\"BreadcrumbList\",\"@id\":\"https:\/\/nembutalhouse.com\/product\/buy-1p-lsd-online\/#breadcrumb\",\"itemListElement\":[{\"@type\":\"ListItem\",\"position\":1,\"name\":\"Home\",\"item\":\"https:\/\/nembutalhouse.com\/\"},{\"@type\":\"ListItem\",\"position\":2,\"name\":\"Shop\",\"item\":\"https:\/\/nembutalhouse.com\/shop\/\"},{\"@type\":\"ListItem\",\"position\":3,\"name\":\"Buy 1P-LSD Online\"}]},{\"@type\":\"WebSite\",\"@id\":\"https:\/\/nembutalhouse.com\/#website\",\"url\":\"https:\/\/nembutalhouse.com\/\",\"name\":\"Nembutal House\",\"description\":\"Best Nembutal Online Store\",\"publisher\":{\"@id\":\"https:\/\/nembutalhouse.com\/#organization\"},\"potentialAction\":[{\"@type\":\"SearchAction\",\"target\":{\"@type\":\"EntryPoint\",\"urlTemplate\":\"https:\/\/nembutalhouse.com\/?s={search_term_string}\"},\"query-input\":{\"@type\":\"PropertyValueSpecification\",\"valueRequired\":true,\"valueName\":\"search_term_string\"}}],\"inLanguage\":\"fr-FR\"},{\"@type\":\"Organization\",\"@id\":\"https:\/\/nembutalhouse.com\/#organization\",\"name\":\"Nembutal House\",\"url\":\"https:\/\/nembutalhouse.com\/\",\"logo\":{\"@type\":\"ImageObject\",\"inLanguage\":\"fr-FR\",\"@id\":\"https:\/\/nembutalhouse.com\/#\/schema\/logo\/image\/\",\"url\":\"https:\/\/nembutalhouse.com\/wp-content\/uploads\/2022\/12\/logo.png\",\"contentUrl\":\"https:\/\/nembutalhouse.com\/wp-content\/uploads\/2022\/12\/logo.png\",\"width\":344,\"height\":103,\"caption\":\"Nembutal House\"},\"image\":{\"@id\":\"https:\/\/nembutalhouse.com\/#\/schema\/logo\/image\/\"}}]}<\/script>\n<!-- \/ Yoast SEO plugin. -->","yoast_head_json":{"title":"Buy 1P-LSD Online - 1P-LSD for Sale | NembutalHouse","description":"Discover top-notch 1p-lsd for sale at our online store - buy 1p-lsd powder conveniently and securely to fuel your research. Explore and buy 1p-lsd online, advancing your scientific endeavors with ease. Order Now!","robots":{"index":"index","follow":"follow","max-snippet":"max-snippet:-1","max-image-preview":"max-image-preview:large","max-video-preview":"max-video-preview:-1"},"canonical":"https:\/\/nembutalhouse.com\/fr\/produit\/buy-1p-lsd-online\/","og_locale":"fr_FR","og_type":"article","og_title":"Buy 1P-LSD Online - 1P-LSD for Sale | NembutalHouse","og_description":"Discover top-notch 1p-lsd for sale at our online store - buy 1p-lsd powder conveniently and securely to fuel your research. Explore and buy 1p-lsd online, advancing your scientific endeavors with ease. Order Now!","og_url":"https:\/\/nembutalhouse.com\/fr\/produit\/buy-1p-lsd-online\/","og_site_name":"Nembutal House","article_modified_time":"2026-03-06T08:19:10+00:00","og_image":[{"width":600,"height":600,"url":"https:\/\/nembutalhouse.com\/wp-content\/uploads\/2024\/10\/1P-LSD.gif","type":"image\/gif"}],"twitter_card":"summary_large_image","twitter_misc":{"Dur\u00e9e de lecture estim\u00e9e":"3 minutes"},"schema":{"@context":"https:\/\/schema.org","@graph":[{"@type":"WebPage","@id":"https:\/\/nembutalhouse.com\/product\/buy-1p-lsd-online\/","url":"https:\/\/nembutalhouse.com\/product\/buy-1p-lsd-online\/","name":"Buy 1P-LSD Online - 1P-LSD for Sale | NembutalHouse","isPartOf":{"@id":"https:\/\/nembutalhouse.com\/#website"},"primaryImageOfPage":{"@id":"https:\/\/nembutalhouse.com\/product\/buy-1p-lsd-online\/#primaryimage"},"image":{"@id":"https:\/\/nembutalhouse.com\/product\/buy-1p-lsd-online\/#primaryimage"},"thumbnailUrl":"https:\/\/nembutalhouse.com\/wp-content\/uploads\/2024\/10\/1P-LSD.gif","datePublished":"2024-10-16T11:50:01+00:00","dateModified":"2026-03-06T08:19:10+00:00","description":"Discover top-notch 1p-lsd for sale at our online store - buy 1p-lsd powder conveniently and securely to fuel your research. Explore and buy 1p-lsd online, advancing your scientific endeavors with ease. Order Now!","breadcrumb":{"@id":"https:\/\/nembutalhouse.com\/product\/buy-1p-lsd-online\/#breadcrumb"},"inLanguage":"fr-FR","potentialAction":[{"@type":"ReadAction","target":["https:\/\/nembutalhouse.com\/product\/buy-1p-lsd-online\/"]}]},{"@type":"ImageObject","inLanguage":"fr-FR","@id":"https:\/\/nembutalhouse.com\/product\/buy-1p-lsd-online\/#primaryimage","url":"https:\/\/nembutalhouse.com\/wp-content\/uploads\/2024\/10\/1P-LSD.gif","contentUrl":"https:\/\/nembutalhouse.com\/wp-content\/uploads\/2024\/10\/1P-LSD.gif","width":600,"height":600,"caption":"Buy 1P-LSD Online"},{"@type":"BreadcrumbList","@id":"https:\/\/nembutalhouse.com\/product\/buy-1p-lsd-online\/#breadcrumb","itemListElement":[{"@type":"ListItem","position":1,"name":"Home","item":"https:\/\/nembutalhouse.com\/"},{"@type":"ListItem","position":2,"name":"Shop","item":"https:\/\/nembutalhouse.com\/shop\/"},{"@type":"ListItem","position":3,"name":"Buy 1P-LSD Online"}]},{"@type":"WebSite","@id":"https:\/\/nembutalhouse.com\/#website","url":"https:\/\/nembutalhouse.com\/","name":"Nembutal House","description":"Best Nembutal Online Store","publisher":{"@id":"https:\/\/nembutalhouse.com\/#organization"},"potentialAction":[{"@type":"SearchAction","target":{"@type":"EntryPoint","urlTemplate":"https:\/\/nembutalhouse.com\/?s={search_term_string}"},"query-input":{"@type":"PropertyValueSpecification","valueRequired":true,"valueName":"search_term_string"}}],"inLanguage":"fr-FR"},{"@type":"Organization","@id":"https:\/\/nembutalhouse.com\/#organization","name":"Nembutal House","url":"https:\/\/nembutalhouse.com\/","logo":{"@type":"ImageObject","inLanguage":"fr-FR","@id":"https:\/\/nembutalhouse.com\/#\/schema\/logo\/image\/","url":"https:\/\/nembutalhouse.com\/wp-content\/uploads\/2022\/12\/logo.png","contentUrl":"https:\/\/nembutalhouse.com\/wp-content\/uploads\/2022\/12\/logo.png","width":344,"height":103,"caption":"Nembutal House"},"image":{"@id":"https:\/\/nembutalhouse.com\/#\/schema\/logo\/image\/"}}]}},"_links":{"self":[{"href":"https:\/\/nembutalhouse.com\/fr\/wp-json\/wp\/v2\/product\/1316","targetHints":{"allow":["GET"]}}],"collection":[{"href":"https:\/\/nembutalhouse.com\/fr\/wp-json\/wp\/v2\/product"}],"about":[{"href":"https:\/\/nembutalhouse.com\/fr\/wp-json\/wp\/v2\/types\/product"}],"replies":[{"embeddable":true,"href":"https:\/\/nembutalhouse.com\/fr\/wp-json\/wp\/v2\/comments?post=1316"}],"wp:featuredmedia":[{"embeddable":true,"href":"https:\/\/nembutalhouse.com\/fr\/wp-json\/wp\/v2\/media\/1512"}],"wp:attachment":[{"href":"https:\/\/nembutalhouse.com\/fr\/wp-json\/wp\/v2\/media?parent=1316"}],"wp:term":[{"taxonomy":"product_cat","embeddable":true,"href":"https:\/\/nembutalhouse.com\/fr\/wp-json\/wp\/v2\/product_cat?post=1316"},{"taxonomy":"product_tag","embeddable":true,"href":"https:\/\/nembutalhouse.com\/fr\/wp-json\/wp\/v2\/product_tag?post=1316"}],"curies":[{"name":"wp","href":"https:\/\/api.w.org\/{rel}","templated":true}]}}