{"id":1224,"date":"2024-10-16T11:48:56","date_gmt":"2024-10-16T11:48:56","guid":{"rendered":"https:\/\/nembutalhouse.com\/?post_type=product&#038;p=1224"},"modified":"2026-03-06T08:31:04","modified_gmt":"2026-03-06T08:31:04","slug":"buy-a-ppp-online-2","status":"publish","type":"product","link":"https:\/\/nembutalhouse.com\/fr\/produit\/buy-a-ppp-online-2\/","title":{"rendered":"Buy A-PPP Online"},"content":{"rendered":"<h2>Buy A-PPP Online<\/h2>\n<p><a href=\"https:\/\/nembutalhouse.com\/fr\/produit\/buy-a-ppp-online-2\/\">Oui, a-PP Num\u00e9ro CAS 19134-50-0<\/a><\/p>\n<p>CID 209045 pour PubChem<\/p>\n<p>181124 ChemSpider En effet.<\/p>\n<p>UNII 01DP8CH58H<\/p>\n<p>Informations physiques et chimiques<\/p>\n<p>La formule C13H17NO<\/p>\n<p>Masse molaire 203,28 g\/mol<\/p>\n<h3>PRODUITS CHIMIQUES DANS L'ENTREP\u00d4T DE NEMBUTAL<\/h3>\n<p>WE ARE A GLOBAL SUPPLIER OF <a href=\"https:\/\/en.wikipedia.org\/wiki\/PPP\">RESEARCH CHEMICALS<\/a><\/p>\n<p>En ce qui concerne<\/p>\n<p>des fournisseurs de produits chimiques de recherche dignes de confiance, contr\u00f4l\u00e9s, v\u00e9rifi\u00e9s, s\u00fbrs et autoris\u00e9s<\/p>\n<p>You can find cutting-edge supplies for your experiments at <a href=\"https:\/\/nembutalhouse.com\/fr\/\">Maison du Nembutal<\/a> Company, one of the most reputable research chemical stores.<\/p>\n<p>Vous avez besoin d'un fournisseur sur lequel vous pouvez compter pour vous offrir des produits chimiques 100% authentiques et purs, et vous pouvez \u00eatre s\u00fbr de cela lorsque vous travaillez avec nous.<\/p>\n<p>Nous sommes tr\u00e8s fiers de notre r\u00e9putation en tant que l'un des fournisseurs les plus r\u00e9put\u00e9s du secteur de l'internet, que nous avons b\u00e2tie gr\u00e2ce \u00e0 notre engagement en faveur de la qualit\u00e9 et de l'int\u00e9grit\u00e9 scientifique.<\/p>\n<p>En plus d'offrir la plus vaste s\u00e9lection de produits chimiques de recherche, nos clients<\/p>","protected":false},"excerpt":{"rendered":"<p>Buy A-PPP Online Yes, a-PP CAS Number 19134-50-0 CID 209045 for PubChem 181124 ChemSpider Indeed. UNII 01DP8CH58H Physical and chemical information The formula C13H17NO Molar mass 203.28 g\/mol CHEMICALS IN&hellip;<\/p>","protected":false},"featured_media":1241,"comment_status":"open","ping_status":"closed","template":"","meta":{"_joinchat":[]},"product_cat":[188],"product_tag":[1885,1903,1880,1891,1892,1895,1881,1901,1902,1900,1899,1888,1878,1890,1879,1897,1894,1887,1883,1884,1898,1896,1893,1886,1889,1882],"class_list":{"0":"post-1224","1":"product","2":"type-product","3":"status-publish","4":"has-post-thumbnail","6":"product_cat-stimulants","7":"product_tag-a-ppp","8":"product_tag-a-ppp-for-cleaning","9":"product_tag-a-ppp-for-sale","10":"product_tag-a-ppp-online","11":"product_tag-a-ppp-price","12":"product_tag-a-ppp-store","13":"product_tag-a-ppp-supplier","14":"product_tag-a-ppp-use","15":"product_tag-a-ppp-wiki","16":"product_tag-a-ppp-worldwide","17":"product_tag-best-cheap-price-a-ppp","18":"product_tag-best-place-to-buy-a-ppp","19":"product_tag-buy-a-ppp","20":"product_tag-buy-a-ppp-legally","21":"product_tag-buy-a-ppp-online-2","22":"product_tag-cheap-a-ppp","23":"product_tag-high-quality-a-ppp","24":"product_tag-how-to-buy-a-ppp","25":"product_tag-order-a-ppp","26":"product_tag-order-a-ppp-online","27":"product_tag-purcharse-a-ppp-powder","28":"product_tag-shop-a-ppp","29":"product_tag-top-quality-a-ppp","30":"product_tag-where-to-buy-a-ppp","31":"product_tag-where-to-order-a-ppp","32":"product_tag-wholesale-a-ppp-bulk-online","34":"first","35":"instock","36":"shipping-taxable","37":"purchasable","38":"product-type-variable"},"yoast_head":"<!-- This site is optimized with the Yoast SEO plugin v24.1 - https:\/\/yoast.com\/wordpress\/plugins\/seo\/ -->\n<title>Buy A-PPP Online - A-PPP for Sale - Order A-PPP Online | NH<\/title>\n<meta name=\"description\" content=\"Looking to Buy A-PPP Online? Discover a seamless platform at our online store where you can buy A-PPP, ensuring top-grade quality for your research needs.\" \/>\n<meta name=\"robots\" content=\"index, follow, max-snippet:-1, max-image-preview:large, max-video-preview:-1\" \/>\n<link rel=\"canonical\" href=\"https:\/\/nembutalhouse.com\/fr\/produit\/buy-a-ppp-online-2\/\" \/>\n<meta property=\"og:locale\" content=\"fr_FR\" \/>\n<meta property=\"og:type\" content=\"article\" \/>\n<meta property=\"og:title\" content=\"Buy A-PPP Online - A-PPP for Sale - Order A-PPP Online | NH\" \/>\n<meta property=\"og:description\" content=\"Looking to Buy A-PPP Online? Discover a seamless platform at our online store where you can buy A-PPP, ensuring top-grade quality for your research needs.\" \/>\n<meta property=\"og:url\" content=\"https:\/\/nembutalhouse.com\/fr\/produit\/buy-a-ppp-online-2\/\" \/>\n<meta property=\"og:site_name\" content=\"Nembutal House\" \/>\n<meta property=\"article:modified_time\" content=\"2026-03-06T08:31:04+00:00\" \/>\n<meta property=\"og:image\" content=\"https:\/\/nembutalhouse.com\/wp-content\/uploads\/2024\/10\/A-PPP.gif\" \/>\n\t<meta property=\"og:image:width\" content=\"600\" \/>\n\t<meta property=\"og:image:height\" content=\"600\" \/>\n\t<meta property=\"og:image:type\" content=\"image\/gif\" \/>\n<meta name=\"twitter:card\" content=\"summary_large_image\" \/>\n<meta name=\"twitter:label1\" content=\"Dur\u00e9e de lecture estim\u00e9e\" \/>\n\t<meta name=\"twitter:data1\" content=\"1 minute\" \/>\n<script type=\"application\/ld+json\" class=\"yoast-schema-graph\">{\"@context\":\"https:\/\/schema.org\",\"@graph\":[{\"@type\":\"WebPage\",\"@id\":\"https:\/\/nembutalhouse.com\/product\/buy-a-ppp-online-2\/\",\"url\":\"https:\/\/nembutalhouse.com\/product\/buy-a-ppp-online-2\/\",\"name\":\"Buy A-PPP Online - A-PPP for Sale - Order A-PPP Online | NH\",\"isPartOf\":{\"@id\":\"https:\/\/nembutalhouse.com\/#website\"},\"primaryImageOfPage\":{\"@id\":\"https:\/\/nembutalhouse.com\/product\/buy-a-ppp-online-2\/#primaryimage\"},\"image\":{\"@id\":\"https:\/\/nembutalhouse.com\/product\/buy-a-ppp-online-2\/#primaryimage\"},\"thumbnailUrl\":\"https:\/\/nembutalhouse.com\/wp-content\/uploads\/2024\/10\/A-PPP.gif\",\"datePublished\":\"2024-10-16T11:48:56+00:00\",\"dateModified\":\"2026-03-06T08:31:04+00:00\",\"description\":\"Looking to Buy A-PPP Online? Discover a seamless platform at our online store where you can buy A-PPP, ensuring top-grade quality for your research needs.\",\"breadcrumb\":{\"@id\":\"https:\/\/nembutalhouse.com\/product\/buy-a-ppp-online-2\/#breadcrumb\"},\"inLanguage\":\"fr-FR\",\"potentialAction\":[{\"@type\":\"ReadAction\",\"target\":[\"https:\/\/nembutalhouse.com\/product\/buy-a-ppp-online-2\/\"]}]},{\"@type\":\"ImageObject\",\"inLanguage\":\"fr-FR\",\"@id\":\"https:\/\/nembutalhouse.com\/product\/buy-a-ppp-online-2\/#primaryimage\",\"url\":\"https:\/\/nembutalhouse.com\/wp-content\/uploads\/2024\/10\/A-PPP.gif\",\"contentUrl\":\"https:\/\/nembutalhouse.com\/wp-content\/uploads\/2024\/10\/A-PPP.gif\",\"width\":600,\"height\":600,\"caption\":\"Buy A-PPP Online\"},{\"@type\":\"BreadcrumbList\",\"@id\":\"https:\/\/nembutalhouse.com\/product\/buy-a-ppp-online-2\/#breadcrumb\",\"itemListElement\":[{\"@type\":\"ListItem\",\"position\":1,\"name\":\"Home\",\"item\":\"https:\/\/nembutalhouse.com\/\"},{\"@type\":\"ListItem\",\"position\":2,\"name\":\"Shop\",\"item\":\"https:\/\/nembutalhouse.com\/shop\/\"},{\"@type\":\"ListItem\",\"position\":3,\"name\":\"Buy A-PPP Online\"}]},{\"@type\":\"WebSite\",\"@id\":\"https:\/\/nembutalhouse.com\/#website\",\"url\":\"https:\/\/nembutalhouse.com\/\",\"name\":\"Nembutal House\",\"description\":\"Best Nembutal Online Store\",\"publisher\":{\"@id\":\"https:\/\/nembutalhouse.com\/#organization\"},\"potentialAction\":[{\"@type\":\"SearchAction\",\"target\":{\"@type\":\"EntryPoint\",\"urlTemplate\":\"https:\/\/nembutalhouse.com\/?s={search_term_string}\"},\"query-input\":{\"@type\":\"PropertyValueSpecification\",\"valueRequired\":true,\"valueName\":\"search_term_string\"}}],\"inLanguage\":\"fr-FR\"},{\"@type\":\"Organization\",\"@id\":\"https:\/\/nembutalhouse.com\/#organization\",\"name\":\"Nembutal House\",\"url\":\"https:\/\/nembutalhouse.com\/\",\"logo\":{\"@type\":\"ImageObject\",\"inLanguage\":\"fr-FR\",\"@id\":\"https:\/\/nembutalhouse.com\/#\/schema\/logo\/image\/\",\"url\":\"https:\/\/nembutalhouse.com\/wp-content\/uploads\/2022\/12\/logo.png\",\"contentUrl\":\"https:\/\/nembutalhouse.com\/wp-content\/uploads\/2022\/12\/logo.png\",\"width\":344,\"height\":103,\"caption\":\"Nembutal House\"},\"image\":{\"@id\":\"https:\/\/nembutalhouse.com\/#\/schema\/logo\/image\/\"}}]}<\/script>\n<!-- \/ Yoast SEO plugin. -->","yoast_head_json":{"title":"Buy A-PPP Online - A-PPP for Sale - Order A-PPP Online | NH","description":"Looking to Buy A-PPP Online? Discover a seamless platform at our online store where you can buy A-PPP, ensuring top-grade quality for your research needs.","robots":{"index":"index","follow":"follow","max-snippet":"max-snippet:-1","max-image-preview":"max-image-preview:large","max-video-preview":"max-video-preview:-1"},"canonical":"https:\/\/nembutalhouse.com\/fr\/produit\/buy-a-ppp-online-2\/","og_locale":"fr_FR","og_type":"article","og_title":"Buy A-PPP Online - A-PPP for Sale - Order A-PPP Online | NH","og_description":"Looking to Buy A-PPP Online? Discover a seamless platform at our online store where you can buy A-PPP, ensuring top-grade quality for your research needs.","og_url":"https:\/\/nembutalhouse.com\/fr\/produit\/buy-a-ppp-online-2\/","og_site_name":"Nembutal House","article_modified_time":"2026-03-06T08:31:04+00:00","og_image":[{"width":600,"height":600,"url":"https:\/\/nembutalhouse.com\/wp-content\/uploads\/2024\/10\/A-PPP.gif","type":"image\/gif"}],"twitter_card":"summary_large_image","twitter_misc":{"Dur\u00e9e de lecture estim\u00e9e":"1 minute"},"schema":{"@context":"https:\/\/schema.org","@graph":[{"@type":"WebPage","@id":"https:\/\/nembutalhouse.com\/product\/buy-a-ppp-online-2\/","url":"https:\/\/nembutalhouse.com\/product\/buy-a-ppp-online-2\/","name":"Buy A-PPP Online - A-PPP for Sale - Order A-PPP Online | NH","isPartOf":{"@id":"https:\/\/nembutalhouse.com\/#website"},"primaryImageOfPage":{"@id":"https:\/\/nembutalhouse.com\/product\/buy-a-ppp-online-2\/#primaryimage"},"image":{"@id":"https:\/\/nembutalhouse.com\/product\/buy-a-ppp-online-2\/#primaryimage"},"thumbnailUrl":"https:\/\/nembutalhouse.com\/wp-content\/uploads\/2024\/10\/A-PPP.gif","datePublished":"2024-10-16T11:48:56+00:00","dateModified":"2026-03-06T08:31:04+00:00","description":"Looking to Buy A-PPP Online? Discover a seamless platform at our online store where you can buy A-PPP, ensuring top-grade quality for your research needs.","breadcrumb":{"@id":"https:\/\/nembutalhouse.com\/product\/buy-a-ppp-online-2\/#breadcrumb"},"inLanguage":"fr-FR","potentialAction":[{"@type":"ReadAction","target":["https:\/\/nembutalhouse.com\/product\/buy-a-ppp-online-2\/"]}]},{"@type":"ImageObject","inLanguage":"fr-FR","@id":"https:\/\/nembutalhouse.com\/product\/buy-a-ppp-online-2\/#primaryimage","url":"https:\/\/nembutalhouse.com\/wp-content\/uploads\/2024\/10\/A-PPP.gif","contentUrl":"https:\/\/nembutalhouse.com\/wp-content\/uploads\/2024\/10\/A-PPP.gif","width":600,"height":600,"caption":"Buy A-PPP Online"},{"@type":"BreadcrumbList","@id":"https:\/\/nembutalhouse.com\/product\/buy-a-ppp-online-2\/#breadcrumb","itemListElement":[{"@type":"ListItem","position":1,"name":"Home","item":"https:\/\/nembutalhouse.com\/"},{"@type":"ListItem","position":2,"name":"Shop","item":"https:\/\/nembutalhouse.com\/shop\/"},{"@type":"ListItem","position":3,"name":"Buy A-PPP Online"}]},{"@type":"WebSite","@id":"https:\/\/nembutalhouse.com\/#website","url":"https:\/\/nembutalhouse.com\/","name":"Nembutal House","description":"Best Nembutal Online Store","publisher":{"@id":"https:\/\/nembutalhouse.com\/#organization"},"potentialAction":[{"@type":"SearchAction","target":{"@type":"EntryPoint","urlTemplate":"https:\/\/nembutalhouse.com\/?s={search_term_string}"},"query-input":{"@type":"PropertyValueSpecification","valueRequired":true,"valueName":"search_term_string"}}],"inLanguage":"fr-FR"},{"@type":"Organization","@id":"https:\/\/nembutalhouse.com\/#organization","name":"Nembutal House","url":"https:\/\/nembutalhouse.com\/","logo":{"@type":"ImageObject","inLanguage":"fr-FR","@id":"https:\/\/nembutalhouse.com\/#\/schema\/logo\/image\/","url":"https:\/\/nembutalhouse.com\/wp-content\/uploads\/2022\/12\/logo.png","contentUrl":"https:\/\/nembutalhouse.com\/wp-content\/uploads\/2022\/12\/logo.png","width":344,"height":103,"caption":"Nembutal House"},"image":{"@id":"https:\/\/nembutalhouse.com\/#\/schema\/logo\/image\/"}}]}},"_links":{"self":[{"href":"https:\/\/nembutalhouse.com\/fr\/wp-json\/wp\/v2\/product\/1224","targetHints":{"allow":["GET"]}}],"collection":[{"href":"https:\/\/nembutalhouse.com\/fr\/wp-json\/wp\/v2\/product"}],"about":[{"href":"https:\/\/nembutalhouse.com\/fr\/wp-json\/wp\/v2\/types\/product"}],"replies":[{"embeddable":true,"href":"https:\/\/nembutalhouse.com\/fr\/wp-json\/wp\/v2\/comments?post=1224"}],"wp:featuredmedia":[{"embeddable":true,"href":"https:\/\/nembutalhouse.com\/fr\/wp-json\/wp\/v2\/media\/1241"}],"wp:attachment":[{"href":"https:\/\/nembutalhouse.com\/fr\/wp-json\/wp\/v2\/media?parent=1224"}],"wp:term":[{"taxonomy":"product_cat","embeddable":true,"href":"https:\/\/nembutalhouse.com\/fr\/wp-json\/wp\/v2\/product_cat?post=1224"},{"taxonomy":"product_tag","embeddable":true,"href":"https:\/\/nembutalhouse.com\/fr\/wp-json\/wp\/v2\/product_tag?post=1224"}],"curies":[{"name":"wp","href":"https:\/\/api.w.org\/{rel}","templated":true}]}}