{"id":1182,"date":"2024-10-16T11:48:30","date_gmt":"2024-10-16T11:48:30","guid":{"rendered":"https:\/\/nembutalhouse.com\/?post_type=product&#038;p=1182"},"modified":"2026-03-06T10:23:05","modified_gmt":"2026-03-06T10:23:05","slug":"buy-mfpep-online-2","status":"publish","type":"product","link":"https:\/\/nembutalhouse.com\/fr\/produit\/buy-mfpep-online-2\/","title":{"rendered":"Buy MFPEP Online"},"content":{"rendered":"<h2>Acheter le MFPEP en ligne aupr\u00e8s de vendeurs et de marchands r\u00e9put\u00e9s.<\/h2>\n<p>You may get <a href=\"https:\/\/nembutalhouse.com\/fr\/produit\/buy-mfpep-online-2\/\">MFPEP online<\/a> at. We are regarded as the top and most skilled online distributors and providers of MFPEP. If you reside in the USA, Australia, Canada, or Europe, purchasing MFPEP online is quite simple.<\/p>\n<p>Nous utilisons les meilleurs produits chimiques et poudres de recherche, car nous sommes extr\u00eamement sp\u00e9cialis\u00e9s dans ce domaine. Depuis plusieurs ann\u00e9es, nous aidons ceux qui le souhaitent. Ce produit est disponible ici \u00e0 un prix raisonnable. Apportez-nous d\u00e8s \u00e0 pr\u00e9sent vos sp\u00e9cifications et nous les r\u00e9aliserons rapidement.<\/p>\n<h3>Pourquoi choisir NembutalHouse MFPEP Online ?<\/h3>\n<p>Le MFPEP est d\u00e9sormais facilement accessible par le biais de notre boutique en ligne. De plus, il y a de nombreuses raisons de nous choisir comme d\u00e9taillant de r\u00e9f\u00e9rence.<\/p>\n<p>Nous avons de nombreuses ann\u00e9es d'exp\u00e9rience dans ce domaine.<\/p>\n<p>Nous collaborons avec des entreprises respectables et connues.<\/p>\n<p>Nous continuons \u00e0 fournir des produits de haute qualit\u00e9, purs et efficaces.<\/p>\n<p>Nous assurons la livraison la plus s\u00fbre et la plus rapide \u00e0 nos clients.<\/p>\n<p>Nous emballons chacun de nos produits pour qu'ils soient exp\u00e9di\u00e9s en toute s\u00e9curit\u00e9.<\/p>\n<p>Nous fournissons \u00e9galement \u00e0 nos clients une assistance apr\u00e8s l'achat.<\/p>\n<h3>O\u00f9 puis-je trouver du MFPEP \u00e0 vendre en ligne ?<\/h3>\n<p>For that, <a href=\"https:\/\/nembutalhouse.com\/fr\/\">NembutalHouse<\/a> is the ideal location. You can rely on our online store to deliver the finest. Our products are shipped all over the world. We can be reached at any time and from any location in the world.<\/p>\n<p>Nous sommes l\u00e0 pour vous aider avec tout ce que nous avons ici. Gr\u00e2ce \u00e0 notre magasin en ligne, vous n'avez pas \u00e0 vous soucier d'une seule pi\u00e8ce.<\/p>\n<p>Adding MFPEP to your purchases on our official website is simple. You can continue with the checkout procedure after choosing your preferred payment option. Your personal information is not a concern. With us, your private information is totally secure. To obtain MFPEP from top producers and vendors, contact our online store. <a href=\"https:\/\/en.wikipedia.org\/wiki\/2-Methyl-6-(phenylethynyl)pyridine\">Purchase MFPEP Online<\/a>!<\/p>","protected":false},"excerpt":{"rendered":"<p>Achetez le MFPEP en ligne aupr\u00e8s de vendeurs et de marchands r\u00e9put\u00e9s. Vous pouvez obtenir le MFPEP en ligne \u00e0 l'adresse suivante Nous sommes consid\u00e9r\u00e9s comme les meilleurs et les plus comp\u00e9tents distributeurs et fournisseurs en ligne de MFPEP. Si...<\/p>","protected":false},"featured_media":1211,"comment_status":"open","ping_status":"closed","template":"","meta":{"_joinchat":[]},"product_cat":[188],"product_tag":[1951,1940,1930,1942,1931,1949,1946,1939,1937,1955,1932,1943,1944,1947,1933,1953,1954,1952,1935,1936,1950,1948,1945,1938,1941,1934],"class_list":{"0":"post-1182","1":"product","2":"type-product","3":"status-publish","4":"has-post-thumbnail","6":"product_cat-stimulants","7":"product_tag-best-cheap-price-mfpep-powder","8":"product_tag-best-place-to-buy-mfpep-powder","9":"product_tag-buy-mfpep-powder","10":"product_tag-buy-mfpep-powder-legally","11":"product_tag-buy-mfpep-powder-online","12":"product_tag-cheap-mfpep-powder","13":"product_tag-high-quality-mfpep-powder","14":"product_tag-how-to-buy-mfpep-powder","15":"product_tag-mfpep-powder","16":"product_tag-mfpep-powder-for-cleaning","17":"product_tag-mfpep-powder-for-sale","18":"product_tag-mfpep-powder-online","19":"product_tag-mfpep-powder-price","20":"product_tag-mfpep-powder-store","21":"product_tag-mfpep-powder-supplier","22":"product_tag-mfpep-powder-use","23":"product_tag-mfpep-powder-wiki","24":"product_tag-mfpep-powder-worldwide","25":"product_tag-order-mfpep-powder","26":"product_tag-order-mfpep-powder-online","27":"product_tag-purcharse-mfpep-powder-powder","28":"product_tag-shop-mfpep-powder","29":"product_tag-top-quality-mfpep-powder","30":"product_tag-where-to-buy-mfpep-powder","31":"product_tag-where-to-order-mfpep-powder","32":"product_tag-wholesale-mfpep-powder-bulk-online","34":"first","35":"instock","36":"shipping-taxable","37":"purchasable","38":"product-type-variable"},"yoast_head":"<!-- This site is optimized with the Yoast SEO plugin v24.1 - https:\/\/yoast.com\/wordpress\/plugins\/seo\/ -->\n<title>Buy MFPEP Online - MFPEP for Sale - Order MFPEP Online<\/title>\n<meta name=\"description\" content=\"Where to buy mfpep online at the best price? Find high-quality mfpep for sale at our secure online store, catering to your research requirements. Order Now!\" \/>\n<meta name=\"robots\" content=\"index, follow, max-snippet:-1, max-image-preview:large, max-video-preview:-1\" \/>\n<link rel=\"canonical\" href=\"https:\/\/nembutalhouse.com\/fr\/produit\/buy-mfpep-online-2\/\" \/>\n<meta property=\"og:locale\" content=\"fr_FR\" \/>\n<meta property=\"og:type\" content=\"article\" \/>\n<meta property=\"og:title\" content=\"Buy MFPEP Online - MFPEP for Sale - Order MFPEP Online\" \/>\n<meta property=\"og:description\" content=\"Where to buy mfpep online at the best price? Find high-quality mfpep for sale at our secure online store, catering to your research requirements. Order Now!\" \/>\n<meta property=\"og:url\" content=\"https:\/\/nembutalhouse.com\/fr\/produit\/buy-mfpep-online-2\/\" \/>\n<meta property=\"og:site_name\" content=\"Nembutal House\" \/>\n<meta property=\"article:modified_time\" content=\"2026-03-06T10:23:05+00:00\" \/>\n<meta property=\"og:image\" content=\"https:\/\/nembutalhouse.com\/wp-content\/uploads\/2024\/10\/MFPEP.gif\" \/>\n\t<meta property=\"og:image:width\" content=\"600\" \/>\n\t<meta property=\"og:image:height\" content=\"600\" \/>\n\t<meta property=\"og:image:type\" content=\"image\/gif\" \/>\n<meta name=\"twitter:card\" content=\"summary_large_image\" \/>\n<meta name=\"twitter:label1\" content=\"Dur\u00e9e de lecture estim\u00e9e\" \/>\n\t<meta name=\"twitter:data1\" content=\"2 minutes\" \/>\n<script type=\"application\/ld+json\" class=\"yoast-schema-graph\">{\"@context\":\"https:\/\/schema.org\",\"@graph\":[{\"@type\":\"WebPage\",\"@id\":\"https:\/\/nembutalhouse.com\/product\/buy-mfpep-online-2\/\",\"url\":\"https:\/\/nembutalhouse.com\/product\/buy-mfpep-online-2\/\",\"name\":\"Buy MFPEP Online - MFPEP for Sale - Order MFPEP Online\",\"isPartOf\":{\"@id\":\"https:\/\/nembutalhouse.com\/#website\"},\"primaryImageOfPage\":{\"@id\":\"https:\/\/nembutalhouse.com\/product\/buy-mfpep-online-2\/#primaryimage\"},\"image\":{\"@id\":\"https:\/\/nembutalhouse.com\/product\/buy-mfpep-online-2\/#primaryimage\"},\"thumbnailUrl\":\"https:\/\/nembutalhouse.com\/wp-content\/uploads\/2024\/10\/MFPEP.gif\",\"datePublished\":\"2024-10-16T11:48:30+00:00\",\"dateModified\":\"2026-03-06T10:23:05+00:00\",\"description\":\"Where to buy mfpep online at the best price? Find high-quality mfpep for sale at our secure online store, catering to your research requirements. Order Now!\",\"breadcrumb\":{\"@id\":\"https:\/\/nembutalhouse.com\/product\/buy-mfpep-online-2\/#breadcrumb\"},\"inLanguage\":\"fr-FR\",\"potentialAction\":[{\"@type\":\"ReadAction\",\"target\":[\"https:\/\/nembutalhouse.com\/product\/buy-mfpep-online-2\/\"]}]},{\"@type\":\"ImageObject\",\"inLanguage\":\"fr-FR\",\"@id\":\"https:\/\/nembutalhouse.com\/product\/buy-mfpep-online-2\/#primaryimage\",\"url\":\"https:\/\/nembutalhouse.com\/wp-content\/uploads\/2024\/10\/MFPEP.gif\",\"contentUrl\":\"https:\/\/nembutalhouse.com\/wp-content\/uploads\/2024\/10\/MFPEP.gif\",\"width\":600,\"height\":600,\"caption\":\"Buy MFPEP Online\"},{\"@type\":\"BreadcrumbList\",\"@id\":\"https:\/\/nembutalhouse.com\/product\/buy-mfpep-online-2\/#breadcrumb\",\"itemListElement\":[{\"@type\":\"ListItem\",\"position\":1,\"name\":\"Home\",\"item\":\"https:\/\/nembutalhouse.com\/\"},{\"@type\":\"ListItem\",\"position\":2,\"name\":\"Shop\",\"item\":\"https:\/\/nembutalhouse.com\/shop\/\"},{\"@type\":\"ListItem\",\"position\":3,\"name\":\"Buy MFPEP Online\"}]},{\"@type\":\"WebSite\",\"@id\":\"https:\/\/nembutalhouse.com\/#website\",\"url\":\"https:\/\/nembutalhouse.com\/\",\"name\":\"Nembutal House\",\"description\":\"Best Nembutal Online Store\",\"publisher\":{\"@id\":\"https:\/\/nembutalhouse.com\/#organization\"},\"potentialAction\":[{\"@type\":\"SearchAction\",\"target\":{\"@type\":\"EntryPoint\",\"urlTemplate\":\"https:\/\/nembutalhouse.com\/?s={search_term_string}\"},\"query-input\":{\"@type\":\"PropertyValueSpecification\",\"valueRequired\":true,\"valueName\":\"search_term_string\"}}],\"inLanguage\":\"fr-FR\"},{\"@type\":\"Organization\",\"@id\":\"https:\/\/nembutalhouse.com\/#organization\",\"name\":\"Nembutal House\",\"url\":\"https:\/\/nembutalhouse.com\/\",\"logo\":{\"@type\":\"ImageObject\",\"inLanguage\":\"fr-FR\",\"@id\":\"https:\/\/nembutalhouse.com\/#\/schema\/logo\/image\/\",\"url\":\"https:\/\/nembutalhouse.com\/wp-content\/uploads\/2022\/12\/logo.png\",\"contentUrl\":\"https:\/\/nembutalhouse.com\/wp-content\/uploads\/2022\/12\/logo.png\",\"width\":344,\"height\":103,\"caption\":\"Nembutal House\"},\"image\":{\"@id\":\"https:\/\/nembutalhouse.com\/#\/schema\/logo\/image\/\"}}]}<\/script>\n<!-- \/ Yoast SEO plugin. -->","yoast_head_json":{"title":"Buy MFPEP Online - MFPEP for Sale - Order MFPEP Online","description":"Where to buy mfpep online at the best price? Find high-quality mfpep for sale at our secure online store, catering to your research requirements. Order Now!","robots":{"index":"index","follow":"follow","max-snippet":"max-snippet:-1","max-image-preview":"max-image-preview:large","max-video-preview":"max-video-preview:-1"},"canonical":"https:\/\/nembutalhouse.com\/fr\/produit\/buy-mfpep-online-2\/","og_locale":"fr_FR","og_type":"article","og_title":"Buy MFPEP Online - MFPEP for Sale - Order MFPEP Online","og_description":"Where to buy mfpep online at the best price? Find high-quality mfpep for sale at our secure online store, catering to your research requirements. Order Now!","og_url":"https:\/\/nembutalhouse.com\/fr\/produit\/buy-mfpep-online-2\/","og_site_name":"Nembutal House","article_modified_time":"2026-03-06T10:23:05+00:00","og_image":[{"width":600,"height":600,"url":"https:\/\/nembutalhouse.com\/wp-content\/uploads\/2024\/10\/MFPEP.gif","type":"image\/gif"}],"twitter_card":"summary_large_image","twitter_misc":{"Dur\u00e9e de lecture estim\u00e9e":"2 minutes"},"schema":{"@context":"https:\/\/schema.org","@graph":[{"@type":"WebPage","@id":"https:\/\/nembutalhouse.com\/product\/buy-mfpep-online-2\/","url":"https:\/\/nembutalhouse.com\/product\/buy-mfpep-online-2\/","name":"Buy MFPEP Online - MFPEP for Sale - Order MFPEP Online","isPartOf":{"@id":"https:\/\/nembutalhouse.com\/#website"},"primaryImageOfPage":{"@id":"https:\/\/nembutalhouse.com\/product\/buy-mfpep-online-2\/#primaryimage"},"image":{"@id":"https:\/\/nembutalhouse.com\/product\/buy-mfpep-online-2\/#primaryimage"},"thumbnailUrl":"https:\/\/nembutalhouse.com\/wp-content\/uploads\/2024\/10\/MFPEP.gif","datePublished":"2024-10-16T11:48:30+00:00","dateModified":"2026-03-06T10:23:05+00:00","description":"Where to buy mfpep online at the best price? Find high-quality mfpep for sale at our secure online store, catering to your research requirements. Order Now!","breadcrumb":{"@id":"https:\/\/nembutalhouse.com\/product\/buy-mfpep-online-2\/#breadcrumb"},"inLanguage":"fr-FR","potentialAction":[{"@type":"ReadAction","target":["https:\/\/nembutalhouse.com\/product\/buy-mfpep-online-2\/"]}]},{"@type":"ImageObject","inLanguage":"fr-FR","@id":"https:\/\/nembutalhouse.com\/product\/buy-mfpep-online-2\/#primaryimage","url":"https:\/\/nembutalhouse.com\/wp-content\/uploads\/2024\/10\/MFPEP.gif","contentUrl":"https:\/\/nembutalhouse.com\/wp-content\/uploads\/2024\/10\/MFPEP.gif","width":600,"height":600,"caption":"Buy MFPEP Online"},{"@type":"BreadcrumbList","@id":"https:\/\/nembutalhouse.com\/product\/buy-mfpep-online-2\/#breadcrumb","itemListElement":[{"@type":"ListItem","position":1,"name":"Home","item":"https:\/\/nembutalhouse.com\/"},{"@type":"ListItem","position":2,"name":"Shop","item":"https:\/\/nembutalhouse.com\/shop\/"},{"@type":"ListItem","position":3,"name":"Buy MFPEP Online"}]},{"@type":"WebSite","@id":"https:\/\/nembutalhouse.com\/#website","url":"https:\/\/nembutalhouse.com\/","name":"Nembutal House","description":"Best Nembutal Online Store","publisher":{"@id":"https:\/\/nembutalhouse.com\/#organization"},"potentialAction":[{"@type":"SearchAction","target":{"@type":"EntryPoint","urlTemplate":"https:\/\/nembutalhouse.com\/?s={search_term_string}"},"query-input":{"@type":"PropertyValueSpecification","valueRequired":true,"valueName":"search_term_string"}}],"inLanguage":"fr-FR"},{"@type":"Organization","@id":"https:\/\/nembutalhouse.com\/#organization","name":"Nembutal House","url":"https:\/\/nembutalhouse.com\/","logo":{"@type":"ImageObject","inLanguage":"fr-FR","@id":"https:\/\/nembutalhouse.com\/#\/schema\/logo\/image\/","url":"https:\/\/nembutalhouse.com\/wp-content\/uploads\/2022\/12\/logo.png","contentUrl":"https:\/\/nembutalhouse.com\/wp-content\/uploads\/2022\/12\/logo.png","width":344,"height":103,"caption":"Nembutal House"},"image":{"@id":"https:\/\/nembutalhouse.com\/#\/schema\/logo\/image\/"}}]}},"_links":{"self":[{"href":"https:\/\/nembutalhouse.com\/fr\/wp-json\/wp\/v2\/product\/1182","targetHints":{"allow":["GET"]}}],"collection":[{"href":"https:\/\/nembutalhouse.com\/fr\/wp-json\/wp\/v2\/product"}],"about":[{"href":"https:\/\/nembutalhouse.com\/fr\/wp-json\/wp\/v2\/types\/product"}],"replies":[{"embeddable":true,"href":"https:\/\/nembutalhouse.com\/fr\/wp-json\/wp\/v2\/comments?post=1182"}],"wp:featuredmedia":[{"embeddable":true,"href":"https:\/\/nembutalhouse.com\/fr\/wp-json\/wp\/v2\/media\/1211"}],"wp:attachment":[{"href":"https:\/\/nembutalhouse.com\/fr\/wp-json\/wp\/v2\/media?parent=1182"}],"wp:term":[{"taxonomy":"product_cat","embeddable":true,"href":"https:\/\/nembutalhouse.com\/fr\/wp-json\/wp\/v2\/product_cat?post=1182"},{"taxonomy":"product_tag","embeddable":true,"href":"https:\/\/nembutalhouse.com\/fr\/wp-json\/wp\/v2\/product_tag?post=1182"}],"curies":[{"name":"wp","href":"https:\/\/api.w.org\/{rel}","templated":true}]}}