{"id":1106,"date":"2024-10-16T11:47:47","date_gmt":"2024-10-16T11:47:47","guid":{"rendered":"https:\/\/nembutalhouse.com\/?post_type=product&#038;p=1106"},"modified":"2026-03-06T08:32:15","modified_gmt":"2026-03-06T08:32:15","slug":"buy-6apb-online","status":"publish","type":"product","link":"https:\/\/nembutalhouse.com\/fr\/produit\/acheter-6apb-en-ligne\/","title":{"rendered":"Buy 6apb Online"},"content":{"rendered":"<h2>Acheter 6APB en ligne<\/h2>\n<p><a href=\"https:\/\/en.wikipedia.org\/wiki\/6-APB\">6-(2-aminopropyl) APB<\/a> 6 - En tant qu'entactog\u00e8ne synth\u00e9tique bien connu appartenant aux classes chimiques de la ph\u00e9n\u00e9thylamine et du benzofurane, le benzofurane (\u00e9galement connu sous le nom de <a href=\"https:\/\/nembutalhouse.com\/fr\/produit\/acheter-6apb-en-ligne\/\">6-APB<\/a> ou sous le nom de marque Benzofury) produit un ensemble puissant et durable d'effets entactog\u00e8nes typiques de la MDA lorsqu'elle est administr\u00e9e, notamment la s\u00e9dation, l'augmentation des sentiments d'empathie, d'amour et de sociabilit\u00e9, la relaxation musculaire, le soulagement de l'anxi\u00e9t\u00e9 et l'euphorie physique et cognitive.<\/p>\n<h3>RECHERCHE SUR LE NEMBUTALHOUSE<\/h3>\n<h3>NOUS SOMMES UN FOURNISSEUR MONDIAL DE PRODUITS CHIMIQUES POUR LA RECHERCHE<\/h3>\n<p>En ce qui concerne<\/p>\n<p>des fournisseurs de produits chimiques de recherche dignes de confiance, contr\u00f4l\u00e9s, v\u00e9rifi\u00e9s, s\u00fbrs et autoris\u00e9s<\/p>\n<p>Introduction <a href=\"https:\/\/nembutalhouse.com\/fr\/\">Nembutalhouse<\/a>Nous sommes un fournisseur r\u00e9put\u00e9 de produits chimiques pour la recherche qui fournit des mat\u00e9riaux de pointe pour vos projets. Vous avez besoin d'un fournisseur sur lequel vous pouvez compter pour vous offrir des produits chimiques qui sont 100% authentiques et purs, et vous pouvez \u00eatre s\u00fbr de cela lorsque vous travaillez avec nous. Notre engagement envers l'excellence et l'int\u00e9grit\u00e9 de la science a fait de nous l'un des fournisseurs les plus r\u00e9put\u00e9s sur le march\u00e9 de l'Internet - une position que nous nous effor\u00e7ons de maintenir et que nous prenons tr\u00e8s au s\u00e9rieux.<\/p>\n<p>Nos clients peuvent b\u00e9n\u00e9ficier de nos diff\u00e9rents modes de paiement, d'une livraison fiable et de la plus vaste s\u00e9lection de produits chimiques de recherche. Dans cette approche, nous pouvons aider un grand nombre de chercheurs sur tous les continents \u00e0 localiser ces mat\u00e9riaux d'\u00e9tude peu communs et peu \u00e9tudi\u00e9s qui ont souvent le potentiel d'influencer de mani\u00e8re significative les \u00e9tudes physiques, chimiques, biologiques ou pharmaceutiques. Nous recherchons continuellement des m\u00e9thodes pour am\u00e9liorer notre offre et, dans la mesure du possible, nous ajoutons de nouveaux produits chimiques de recherche \u00e0 notre liste de produits afin d'atteindre notre objectif.<\/p>\n<p>En fonction de leurs besoins imm\u00e9diats, nos clients peuvent passer des commandes en plus grand nombre ou en plus petit nombre. Outre la fourniture de<\/p>\n<p>Research Chemicals s'efforce de rester ouvert et attentif aux pr\u00e9f\u00e9rences exprim\u00e9es par nos consommateurs dans le monde entier, m\u00eame \u00e0 la lumi\u00e8re de leurs exigences. Notre objectif ultime est de faciliter l'acc\u00e8s de la communaut\u00e9 scientifique \u00e0 des produits chimiques de recherche abordables et de haute qualit\u00e9, tout en faisant progresser les connaissances d'une mani\u00e8re technique.<\/p>\n<p>Veuillez noter que la soci\u00e9t\u00e9 NembutalHouse n'autorise l'utilisation rigoureuse de ses produits de recherche que dans le cadre d'\u00e9tudes scientifiques l\u00e9gitimes men\u00e9es dans un laboratoire s\u00fbr et contr\u00f4l\u00e9, conform\u00e9ment aux lois et r\u00e9glementations locales. Nos produits sont strictement interdits \u00e0 la consommation humaine, quoi qu'il arrive.<\/p>\n<h3>First Research Chemical Store, Inc.<\/h3>\n<p>Nous fournissons des produits chimiques de recherche aux scientifiques pharmaceutiques, aux \u00e9tudiants en chimie, aux pharmacologues, aux \u00e9tablissements m\u00e9dicaux, aux toxicologues et \u00e0 d'autres chercheurs, ainsi qu'aux biochimistes, aux \u00e9tudiants en m\u00e9decine et aux \u00e9tablissements d'enseignement.<\/p>","protected":false},"excerpt":{"rendered":"<p>Buy 6APB Online 6-(2-aminopropyl) APB 6-As a well-known synthetic entactogen belonging to the phenethylamine and benzofuran chemical classes, benzofuran (also known as 6-APB or by the brand name Benzofury) produces&hellip;<\/p>","protected":false},"featured_media":1610,"comment_status":"closed","ping_status":"closed","template":"","meta":{"_joinchat":[]},"product_cat":[188],"product_tag":[989,994,1012,1014,1000,1001,1004,1010,1011,1009,990,1008,997,987,988,999,1013,1006,1003,996,992,993,1015,1007,1005,1002,995,998,991],"class_list":{"0":"post-1106","1":"product","2":"type-product","3":"status-publish","4":"has-post-thumbnail","6":"product_cat-stimulants","7":"product_tag-6apb-for-sale","8":"product_tag-6apb-powder","9":"product_tag-6apb-powder-for-cleaning","10":"product_tag-6apb-powder-for-sale","11":"product_tag-6apb-powder-online","12":"product_tag-6apb-powder-price","13":"product_tag-6apb-powder-store","14":"product_tag-6apb-powder-use","15":"product_tag-6apb-powder-wiki","16":"product_tag-6apb-powder-worldwide","17":"product_tag-6apb-supplier","18":"product_tag-best-cheap-price-6apb-powder","19":"product_tag-best-place-to-buy-6apb-powder","20":"product_tag-buy-6apb","21":"product_tag-buy-6apb-online","22":"product_tag-buy-6apb-powder-legally","23":"product_tag-buy-6apb-powder-online","24":"product_tag-cheap-6apb-powders","25":"product_tag-high-quality-6apb-powder","26":"product_tag-how-to-buy-6apb-powder","27":"product_tag-order-6apb","28":"product_tag-order-6apb-online","29":"product_tag-order-6apb-powder","30":"product_tag-purcharse-6apb-powder-powder","31":"product_tag-shop-6apb-powder","32":"product_tag-top-quality-6apb-powder","33":"product_tag-where-to-buy-6apb-powder","34":"product_tag-where-to-order-6apb-powder","35":"product_tag-wholesale-6apb-bulk-online","37":"first","38":"instock","39":"shipping-taxable","40":"purchasable","41":"product-type-variable"},"yoast_head":"<!-- This site is optimized with the Yoast SEO plugin v24.1 - https:\/\/yoast.com\/wordpress\/plugins\/seo\/ -->\n<title>Buy 6APB Powder Online - 6APB for Sale - Order 6APB<\/title>\n<meta name=\"description\" content=\"Find premium 6apb for sale at our online store, providing a secure platform to buy 6apb powder online with ease, catering to your research needs.\" \/>\n<meta name=\"robots\" content=\"index, follow, max-snippet:-1, max-image-preview:large, max-video-preview:-1\" \/>\n<link rel=\"canonical\" href=\"https:\/\/nembutalhouse.com\/fr\/produit\/acheter-6apb-en-ligne\/\" \/>\n<meta property=\"og:locale\" content=\"fr_FR\" \/>\n<meta property=\"og:type\" content=\"article\" \/>\n<meta property=\"og:title\" content=\"Buy 6APB Powder Online - 6APB for Sale - Order 6APB\" \/>\n<meta property=\"og:description\" content=\"Find premium 6apb for sale at our online store, providing a secure platform to buy 6apb powder online with ease, catering to your research needs.\" \/>\n<meta property=\"og:url\" content=\"https:\/\/nembutalhouse.com\/fr\/produit\/acheter-6apb-en-ligne\/\" \/>\n<meta property=\"og:site_name\" content=\"Nembutal House\" \/>\n<meta property=\"article:modified_time\" content=\"2026-03-06T08:32:15+00:00\" \/>\n<meta property=\"og:image\" content=\"https:\/\/nembutalhouse.com\/wp-content\/uploads\/2024\/10\/6apb-1.gif\" \/>\n\t<meta property=\"og:image:width\" content=\"600\" \/>\n\t<meta property=\"og:image:height\" content=\"600\" \/>\n\t<meta property=\"og:image:type\" content=\"image\/gif\" \/>\n<meta name=\"twitter:card\" content=\"summary_large_image\" \/>\n<meta name=\"twitter:label1\" content=\"Dur\u00e9e de lecture estim\u00e9e\" \/>\n\t<meta name=\"twitter:data1\" content=\"2 minutes\" \/>\n<script type=\"application\/ld+json\" class=\"yoast-schema-graph\">{\"@context\":\"https:\/\/schema.org\",\"@graph\":[{\"@type\":\"WebPage\",\"@id\":\"https:\/\/nembutalhouse.com\/product\/buy-6apb-online\/\",\"url\":\"https:\/\/nembutalhouse.com\/product\/buy-6apb-online\/\",\"name\":\"Buy 6APB Powder Online - 6APB for Sale - Order 6APB\",\"isPartOf\":{\"@id\":\"https:\/\/nembutalhouse.com\/#website\"},\"primaryImageOfPage\":{\"@id\":\"https:\/\/nembutalhouse.com\/product\/buy-6apb-online\/#primaryimage\"},\"image\":{\"@id\":\"https:\/\/nembutalhouse.com\/product\/buy-6apb-online\/#primaryimage\"},\"thumbnailUrl\":\"https:\/\/nembutalhouse.com\/wp-content\/uploads\/2024\/10\/6apb-1.gif\",\"datePublished\":\"2024-10-16T11:47:47+00:00\",\"dateModified\":\"2026-03-06T08:32:15+00:00\",\"description\":\"Find premium 6apb for sale at our online store, providing a secure platform to buy 6apb powder online with ease, catering to your research needs.\",\"breadcrumb\":{\"@id\":\"https:\/\/nembutalhouse.com\/product\/buy-6apb-online\/#breadcrumb\"},\"inLanguage\":\"fr-FR\",\"potentialAction\":[{\"@type\":\"ReadAction\",\"target\":[\"https:\/\/nembutalhouse.com\/product\/buy-6apb-online\/\"]}]},{\"@type\":\"ImageObject\",\"inLanguage\":\"fr-FR\",\"@id\":\"https:\/\/nembutalhouse.com\/product\/buy-6apb-online\/#primaryimage\",\"url\":\"https:\/\/nembutalhouse.com\/wp-content\/uploads\/2024\/10\/6apb-1.gif\",\"contentUrl\":\"https:\/\/nembutalhouse.com\/wp-content\/uploads\/2024\/10\/6apb-1.gif\",\"width\":600,\"height\":600,\"caption\":\"Buy 6apb Online\"},{\"@type\":\"BreadcrumbList\",\"@id\":\"https:\/\/nembutalhouse.com\/product\/buy-6apb-online\/#breadcrumb\",\"itemListElement\":[{\"@type\":\"ListItem\",\"position\":1,\"name\":\"Home\",\"item\":\"https:\/\/nembutalhouse.com\/\"},{\"@type\":\"ListItem\",\"position\":2,\"name\":\"Shop\",\"item\":\"https:\/\/nembutalhouse.com\/shop\/\"},{\"@type\":\"ListItem\",\"position\":3,\"name\":\"Buy 6apb Online\"}]},{\"@type\":\"WebSite\",\"@id\":\"https:\/\/nembutalhouse.com\/#website\",\"url\":\"https:\/\/nembutalhouse.com\/\",\"name\":\"Nembutal House\",\"description\":\"Best Nembutal Online Store\",\"publisher\":{\"@id\":\"https:\/\/nembutalhouse.com\/#organization\"},\"potentialAction\":[{\"@type\":\"SearchAction\",\"target\":{\"@type\":\"EntryPoint\",\"urlTemplate\":\"https:\/\/nembutalhouse.com\/?s={search_term_string}\"},\"query-input\":{\"@type\":\"PropertyValueSpecification\",\"valueRequired\":true,\"valueName\":\"search_term_string\"}}],\"inLanguage\":\"fr-FR\"},{\"@type\":\"Organization\",\"@id\":\"https:\/\/nembutalhouse.com\/#organization\",\"name\":\"Nembutal House\",\"url\":\"https:\/\/nembutalhouse.com\/\",\"logo\":{\"@type\":\"ImageObject\",\"inLanguage\":\"fr-FR\",\"@id\":\"https:\/\/nembutalhouse.com\/#\/schema\/logo\/image\/\",\"url\":\"https:\/\/nembutalhouse.com\/wp-content\/uploads\/2022\/12\/logo.png\",\"contentUrl\":\"https:\/\/nembutalhouse.com\/wp-content\/uploads\/2022\/12\/logo.png\",\"width\":344,\"height\":103,\"caption\":\"Nembutal House\"},\"image\":{\"@id\":\"https:\/\/nembutalhouse.com\/#\/schema\/logo\/image\/\"}}]}<\/script>\n<!-- \/ Yoast SEO plugin. -->","yoast_head_json":{"title":"Buy 6APB Powder Online - 6APB for Sale - Order 6APB","description":"Find premium 6apb for sale at our online store, providing a secure platform to buy 6apb powder online with ease, catering to your research needs.","robots":{"index":"index","follow":"follow","max-snippet":"max-snippet:-1","max-image-preview":"max-image-preview:large","max-video-preview":"max-video-preview:-1"},"canonical":"https:\/\/nembutalhouse.com\/fr\/produit\/acheter-6apb-en-ligne\/","og_locale":"fr_FR","og_type":"article","og_title":"Buy 6APB Powder Online - 6APB for Sale - Order 6APB","og_description":"Find premium 6apb for sale at our online store, providing a secure platform to buy 6apb powder online with ease, catering to your research needs.","og_url":"https:\/\/nembutalhouse.com\/fr\/produit\/acheter-6apb-en-ligne\/","og_site_name":"Nembutal House","article_modified_time":"2026-03-06T08:32:15+00:00","og_image":[{"width":600,"height":600,"url":"https:\/\/nembutalhouse.com\/wp-content\/uploads\/2024\/10\/6apb-1.gif","type":"image\/gif"}],"twitter_card":"summary_large_image","twitter_misc":{"Dur\u00e9e de lecture estim\u00e9e":"2 minutes"},"schema":{"@context":"https:\/\/schema.org","@graph":[{"@type":"WebPage","@id":"https:\/\/nembutalhouse.com\/product\/buy-6apb-online\/","url":"https:\/\/nembutalhouse.com\/product\/buy-6apb-online\/","name":"Buy 6APB Powder Online - 6APB for Sale - Order 6APB","isPartOf":{"@id":"https:\/\/nembutalhouse.com\/#website"},"primaryImageOfPage":{"@id":"https:\/\/nembutalhouse.com\/product\/buy-6apb-online\/#primaryimage"},"image":{"@id":"https:\/\/nembutalhouse.com\/product\/buy-6apb-online\/#primaryimage"},"thumbnailUrl":"https:\/\/nembutalhouse.com\/wp-content\/uploads\/2024\/10\/6apb-1.gif","datePublished":"2024-10-16T11:47:47+00:00","dateModified":"2026-03-06T08:32:15+00:00","description":"Find premium 6apb for sale at our online store, providing a secure platform to buy 6apb powder online with ease, catering to your research needs.","breadcrumb":{"@id":"https:\/\/nembutalhouse.com\/product\/buy-6apb-online\/#breadcrumb"},"inLanguage":"fr-FR","potentialAction":[{"@type":"ReadAction","target":["https:\/\/nembutalhouse.com\/product\/buy-6apb-online\/"]}]},{"@type":"ImageObject","inLanguage":"fr-FR","@id":"https:\/\/nembutalhouse.com\/product\/buy-6apb-online\/#primaryimage","url":"https:\/\/nembutalhouse.com\/wp-content\/uploads\/2024\/10\/6apb-1.gif","contentUrl":"https:\/\/nembutalhouse.com\/wp-content\/uploads\/2024\/10\/6apb-1.gif","width":600,"height":600,"caption":"Buy 6apb Online"},{"@type":"BreadcrumbList","@id":"https:\/\/nembutalhouse.com\/product\/buy-6apb-online\/#breadcrumb","itemListElement":[{"@type":"ListItem","position":1,"name":"Home","item":"https:\/\/nembutalhouse.com\/"},{"@type":"ListItem","position":2,"name":"Shop","item":"https:\/\/nembutalhouse.com\/shop\/"},{"@type":"ListItem","position":3,"name":"Buy 6apb Online"}]},{"@type":"WebSite","@id":"https:\/\/nembutalhouse.com\/#website","url":"https:\/\/nembutalhouse.com\/","name":"Nembutal House","description":"Best Nembutal Online Store","publisher":{"@id":"https:\/\/nembutalhouse.com\/#organization"},"potentialAction":[{"@type":"SearchAction","target":{"@type":"EntryPoint","urlTemplate":"https:\/\/nembutalhouse.com\/?s={search_term_string}"},"query-input":{"@type":"PropertyValueSpecification","valueRequired":true,"valueName":"search_term_string"}}],"inLanguage":"fr-FR"},{"@type":"Organization","@id":"https:\/\/nembutalhouse.com\/#organization","name":"Nembutal House","url":"https:\/\/nembutalhouse.com\/","logo":{"@type":"ImageObject","inLanguage":"fr-FR","@id":"https:\/\/nembutalhouse.com\/#\/schema\/logo\/image\/","url":"https:\/\/nembutalhouse.com\/wp-content\/uploads\/2022\/12\/logo.png","contentUrl":"https:\/\/nembutalhouse.com\/wp-content\/uploads\/2022\/12\/logo.png","width":344,"height":103,"caption":"Nembutal House"},"image":{"@id":"https:\/\/nembutalhouse.com\/#\/schema\/logo\/image\/"}}]}},"_links":{"self":[{"href":"https:\/\/nembutalhouse.com\/fr\/wp-json\/wp\/v2\/product\/1106","targetHints":{"allow":["GET"]}}],"collection":[{"href":"https:\/\/nembutalhouse.com\/fr\/wp-json\/wp\/v2\/product"}],"about":[{"href":"https:\/\/nembutalhouse.com\/fr\/wp-json\/wp\/v2\/types\/product"}],"replies":[{"embeddable":true,"href":"https:\/\/nembutalhouse.com\/fr\/wp-json\/wp\/v2\/comments?post=1106"}],"wp:featuredmedia":[{"embeddable":true,"href":"https:\/\/nembutalhouse.com\/fr\/wp-json\/wp\/v2\/media\/1610"}],"wp:attachment":[{"href":"https:\/\/nembutalhouse.com\/fr\/wp-json\/wp\/v2\/media?parent=1106"}],"wp:term":[{"taxonomy":"product_cat","embeddable":true,"href":"https:\/\/nembutalhouse.com\/fr\/wp-json\/wp\/v2\/product_cat?post=1106"},{"taxonomy":"product_tag","embeddable":true,"href":"https:\/\/nembutalhouse.com\/fr\/wp-json\/wp\/v2\/product_tag?post=1106"}],"curies":[{"name":"wp","href":"https:\/\/api.w.org\/{rel}","templated":true}]}}