{"id":1052,"date":"2024-10-16T11:47:23","date_gmt":"2024-10-16T11:47:23","guid":{"rendered":"https:\/\/nembutalhouse.com\/?post_type=product&#038;p=1052"},"modified":"2026-03-06T07:35:05","modified_gmt":"2026-03-06T07:35:05","slug":"buy-5-meo-dmt-online","status":"publish","type":"product","link":"https:\/\/nembutalhouse.com\/fr\/produit\/buy-5-meo-dmt-online\/","title":{"rendered":"Acheter 5-MEO-DMT en ligne"},"content":{"rendered":"<h2>Acheter 5-MEO-DMT en ligne<\/h2>\n<p><a href=\"https:\/\/nembutalhouse.com\/fr\/produit\/buy-5-meo-dmt-online\/\">5-MeO-DMT<\/a> (5-m\u00e9thoxy-N,N-dim\u00e9thyltryptamine) est un psych\u00e9d\u00e9lique et un enth\u00e9og\u00e8ne puissant et relativement obscur de la classe des tryptamines.<\/p>\n<p>On la trouve dans une grande vari\u00e9t\u00e9 d'esp\u00e8ces v\u00e9g\u00e9tales, ainsi que dans le venin d'une seule esp\u00e8ce de crapaud psychoactif (Bufo Alvaris).<\/p>\n<p>Comme ses proches parents, la DMT et la bufot\u00e9nine (5-HO-DMT), elle est utilis\u00e9e comme enth\u00e9og\u00e8ne par les chamans d'Am\u00e9rique du Sud depuis des milliers d'ann\u00e9es.<\/p>\n<p>Aujourd'hui, cependant, on l'ach\u00e8te principalement sous forme de poudre synth\u00e9tique par l'interm\u00e9diaire de vendeurs de produits chimiques de recherche en ligne.<\/p>\n<p>Lorsqu'elle est consomm\u00e9e sous sa forme purifi\u00e9e ou synth\u00e9tique, la 5-MeO-DMT est vaporis\u00e9e, insuffl\u00e9e ou inject\u00e9e et est active \u00e0 partir d'une dose de 2 mg. La 5-MeO-DMT est active par voie orale lorsqu'elle est prise avec un IMAO, mais selon de nombreux rapports, cette combinaison est souvent extr\u00eamement d\u00e9sagr\u00e9able et a une forte charge corporelle. <a href=\"https:\/\/nembutalhouse.com\/fr\/\">NembutalHouse<\/a><\/p>\n<p>La 5-MeO-DMT ou 5-m\u00e9thoxy-N,N-dim\u00e9thyltryptamine est une mol\u00e9cule alcalo\u00efde indole substitu\u00e9e en anneau de la classe des tryptamines.<\/p>\n<p>Les tryptamines partagent une structure centrale compos\u00e9e d'un h\u00e9t\u00e9rocycle indole bicylique attach\u00e9 \u00e0 R3 \u00e0 un groupe amine terminal par l'interm\u00e9diaire d'une cha\u00eene lat\u00e9rale \u00e9thyle.<\/p>\n<p><a href=\"https:\/\/en.wikipedia.org\/wiki\/5-MeO-DMT\">5-MeO-DMT<\/a> est substitu\u00e9 au niveau de R5 de son h\u00e9t\u00e9rocycle indole par un groupe fonctionnel m\u00e9thoxy (MeO) CH3O- ; il contient \u00e9galement deux groupes m\u00e9thyles CH3- li\u00e9s \u00e0 l'amine terminale RN de son squelette tryptamine (DMT).<\/p>\n<p>La 5-MeO-DMT est l'homologue m\u00e9thylique N-substitu\u00e9 de la 5-MeO-MiPT, bien que ses effets soient radicalement diff\u00e9rents.<\/p>\n<h3>EFFETS DU 5-M\u00c9O-DMT<\/h3>\n<p>Am\u00e9lioration tactile - Cette composante particuli\u00e8re est sans doute la sensation la plus impressionnante de toute l'exp\u00e9rience de la 5-MeO-DMT.<\/p>\n<p>Il augmente l'intensit\u00e9 des sensations tactiles \u00e0 un point tel qu'il peut induire une sensation d'orgasme durable et r\u00e9p\u00e9table dans chaque terminaison nerveuse du corps entier, \u00e0 un degr\u00e9 que l'on ne retrouve dans aucune autre drogue psych\u00e9d\u00e9lique.<\/p>","protected":false},"excerpt":{"rendered":"<p>Acheter de la 5-MEO-DMT en ligne La 5-MeO-DMT (5-m\u00e9thoxy-N,N-dim\u00e9thyltryptamine) est un psych\u00e9d\u00e9lique et un enth\u00e9og\u00e8ne puissant et relativement obscur de la classe des tryptamines. On la trouve dans une grande vari\u00e9t\u00e9 d'esp\u00e8ces v\u00e9g\u00e9tales, ainsi que...<\/p>","protected":false},"featured_media":1566,"comment_status":"open","ping_status":"closed","template":"","meta":{"_joinchat":[]},"product_cat":[186],"product_tag":[1680,1698,1675,1686,1687,1690,1676,1696,1697,1695,1694,1683,1673,1685,1674,1692,1689,1682,1678,1679,1693,1691,1688,1681,1684,1677],"class_list":{"0":"post-1052","1":"product","2":"type-product","3":"status-publish","4":"has-post-thumbnail","6":"product_cat-research-chemicals","7":"product_tag-5-meo-dmt-powder","8":"product_tag-5-meo-dmt-powder-for-cleaning","9":"product_tag-5-meo-dmt-powder-for-sale","10":"product_tag-5-meo-dmt-powder-online","11":"product_tag-5-meo-dmt-powder-price","12":"product_tag-5-meo-dmt-powder-store","13":"product_tag-5-meo-dmt-powder-supplier","14":"product_tag-5-meo-dmt-powder-use","15":"product_tag-5-meo-dmt-powder-wiki","16":"product_tag-5-meo-dmt-powder-worldwide","17":"product_tag-best-cheap-price-5-meo-dmt-powder","18":"product_tag-best-place-to-buy-5-meo-dmt-powder","19":"product_tag-buy-5-meo-dmt-powder","20":"product_tag-buy-5-meo-dmt-powder-legally","21":"product_tag-buy-5-meo-dmt-powder-online","22":"product_tag-cheap-5-meo-dmt-powder","23":"product_tag-high-quality-5-meo-dmt-powder","24":"product_tag-how-to-buy-5-meo-dmt-powder","25":"product_tag-order-5-meo-dmt-powder","26":"product_tag-order-5-meo-dmt-powder-online","27":"product_tag-purcharse-5-meo-dmt-powder-powder","28":"product_tag-shop-5-meo-dmt-powder","29":"product_tag-top-quality-5-meo-dmt-powder","30":"product_tag-where-to-buy-5-meo-dmt-powder","31":"product_tag-where-to-order-5-meo-dmt-powder","32":"product_tag-wholesale-5-meo-dmt-powder-bulk-online","34":"first","35":"instock","36":"shipping-taxable","37":"purchasable","38":"product-type-variable"},"yoast_head":"<!-- This site is optimized with the Yoast SEO plugin v24.1 - https:\/\/yoast.com\/wordpress\/plugins\/seo\/ -->\n<title>Buy 5 MEO-DMT Online - High-Quality 5 MEO-DMT for Sale<\/title>\n<meta name=\"description\" content=\"If you wish to buy 5-meo-dmt online so our NembutalHouse store can help. We have 5-meo-dmt for sale at the best rates here. Place your order now!\" \/>\n<meta name=\"robots\" content=\"index, follow, max-snippet:-1, max-image-preview:large, max-video-preview:-1\" \/>\n<link rel=\"canonical\" href=\"https:\/\/nembutalhouse.com\/fr\/produit\/buy-5-meo-dmt-online\/\" \/>\n<meta property=\"og:locale\" content=\"fr_FR\" \/>\n<meta property=\"og:type\" content=\"article\" \/>\n<meta property=\"og:title\" content=\"Buy 5 MEO-DMT Online - High-Quality 5 MEO-DMT for Sale\" \/>\n<meta property=\"og:description\" content=\"If you wish to buy 5-meo-dmt online so our NembutalHouse store can help. We have 5-meo-dmt for sale at the best rates here. Place your order now!\" \/>\n<meta property=\"og:url\" content=\"https:\/\/nembutalhouse.com\/fr\/produit\/buy-5-meo-dmt-online\/\" \/>\n<meta property=\"og:site_name\" content=\"Nembutal House\" \/>\n<meta property=\"article:modified_time\" content=\"2026-03-06T07:35:05+00:00\" \/>\n<meta property=\"og:image\" content=\"https:\/\/nembutalhouse.com\/wp-content\/uploads\/2024\/10\/5-MEO-DMT.gif\" \/>\n\t<meta property=\"og:image:width\" content=\"600\" \/>\n\t<meta property=\"og:image:height\" content=\"600\" \/>\n\t<meta property=\"og:image:type\" content=\"image\/gif\" \/>\n<meta name=\"twitter:card\" content=\"summary_large_image\" \/>\n<meta name=\"twitter:label1\" content=\"Dur\u00e9e de lecture estim\u00e9e\" \/>\n\t<meta name=\"twitter:data1\" content=\"2 minutes\" \/>\n<script type=\"application\/ld+json\" class=\"yoast-schema-graph\">{\"@context\":\"https:\/\/schema.org\",\"@graph\":[{\"@type\":\"WebPage\",\"@id\":\"https:\/\/nembutalhouse.com\/product\/buy-5-meo-dmt-online\/\",\"url\":\"https:\/\/nembutalhouse.com\/product\/buy-5-meo-dmt-online\/\",\"name\":\"Buy 5 MEO-DMT Online - High-Quality 5 MEO-DMT for Sale\",\"isPartOf\":{\"@id\":\"https:\/\/nembutalhouse.com\/#website\"},\"primaryImageOfPage\":{\"@id\":\"https:\/\/nembutalhouse.com\/product\/buy-5-meo-dmt-online\/#primaryimage\"},\"image\":{\"@id\":\"https:\/\/nembutalhouse.com\/product\/buy-5-meo-dmt-online\/#primaryimage\"},\"thumbnailUrl\":\"https:\/\/nembutalhouse.com\/wp-content\/uploads\/2024\/10\/5-MEO-DMT.gif\",\"datePublished\":\"2024-10-16T11:47:23+00:00\",\"dateModified\":\"2026-03-06T07:35:05+00:00\",\"description\":\"If you wish to buy 5-meo-dmt online so our NembutalHouse store can help. We have 5-meo-dmt for sale at the best rates here. Place your order now!\",\"breadcrumb\":{\"@id\":\"https:\/\/nembutalhouse.com\/product\/buy-5-meo-dmt-online\/#breadcrumb\"},\"inLanguage\":\"fr-FR\",\"potentialAction\":[{\"@type\":\"ReadAction\",\"target\":[\"https:\/\/nembutalhouse.com\/product\/buy-5-meo-dmt-online\/\"]}]},{\"@type\":\"ImageObject\",\"inLanguage\":\"fr-FR\",\"@id\":\"https:\/\/nembutalhouse.com\/product\/buy-5-meo-dmt-online\/#primaryimage\",\"url\":\"https:\/\/nembutalhouse.com\/wp-content\/uploads\/2024\/10\/5-MEO-DMT.gif\",\"contentUrl\":\"https:\/\/nembutalhouse.com\/wp-content\/uploads\/2024\/10\/5-MEO-DMT.gif\",\"width\":600,\"height\":600,\"caption\":\"Buy 5-MEO-DMT Online\"},{\"@type\":\"BreadcrumbList\",\"@id\":\"https:\/\/nembutalhouse.com\/product\/buy-5-meo-dmt-online\/#breadcrumb\",\"itemListElement\":[{\"@type\":\"ListItem\",\"position\":1,\"name\":\"Home\",\"item\":\"https:\/\/nembutalhouse.com\/\"},{\"@type\":\"ListItem\",\"position\":2,\"name\":\"Shop\",\"item\":\"https:\/\/nembutalhouse.com\/shop\/\"},{\"@type\":\"ListItem\",\"position\":3,\"name\":\"Buy 5-MEO-DMT Online\"}]},{\"@type\":\"WebSite\",\"@id\":\"https:\/\/nembutalhouse.com\/#website\",\"url\":\"https:\/\/nembutalhouse.com\/\",\"name\":\"Nembutal House\",\"description\":\"Best Nembutal Online Store\",\"publisher\":{\"@id\":\"https:\/\/nembutalhouse.com\/#organization\"},\"potentialAction\":[{\"@type\":\"SearchAction\",\"target\":{\"@type\":\"EntryPoint\",\"urlTemplate\":\"https:\/\/nembutalhouse.com\/?s={search_term_string}\"},\"query-input\":{\"@type\":\"PropertyValueSpecification\",\"valueRequired\":true,\"valueName\":\"search_term_string\"}}],\"inLanguage\":\"fr-FR\"},{\"@type\":\"Organization\",\"@id\":\"https:\/\/nembutalhouse.com\/#organization\",\"name\":\"Nembutal House\",\"url\":\"https:\/\/nembutalhouse.com\/\",\"logo\":{\"@type\":\"ImageObject\",\"inLanguage\":\"fr-FR\",\"@id\":\"https:\/\/nembutalhouse.com\/#\/schema\/logo\/image\/\",\"url\":\"https:\/\/nembutalhouse.com\/wp-content\/uploads\/2022\/12\/logo.png\",\"contentUrl\":\"https:\/\/nembutalhouse.com\/wp-content\/uploads\/2022\/12\/logo.png\",\"width\":344,\"height\":103,\"caption\":\"Nembutal House\"},\"image\":{\"@id\":\"https:\/\/nembutalhouse.com\/#\/schema\/logo\/image\/\"}}]}<\/script>\n<!-- \/ Yoast SEO plugin. -->","yoast_head_json":{"title":"Buy 5 MEO-DMT Online - High-Quality 5 MEO-DMT for Sale","description":"If you wish to buy 5-meo-dmt online so our NembutalHouse store can help. We have 5-meo-dmt for sale at the best rates here. Place your order now!","robots":{"index":"index","follow":"follow","max-snippet":"max-snippet:-1","max-image-preview":"max-image-preview:large","max-video-preview":"max-video-preview:-1"},"canonical":"https:\/\/nembutalhouse.com\/fr\/produit\/buy-5-meo-dmt-online\/","og_locale":"fr_FR","og_type":"article","og_title":"Buy 5 MEO-DMT Online - High-Quality 5 MEO-DMT for Sale","og_description":"If you wish to buy 5-meo-dmt online so our NembutalHouse store can help. We have 5-meo-dmt for sale at the best rates here. Place your order now!","og_url":"https:\/\/nembutalhouse.com\/fr\/produit\/buy-5-meo-dmt-online\/","og_site_name":"Nembutal House","article_modified_time":"2026-03-06T07:35:05+00:00","og_image":[{"width":600,"height":600,"url":"https:\/\/nembutalhouse.com\/wp-content\/uploads\/2024\/10\/5-MEO-DMT.gif","type":"image\/gif"}],"twitter_card":"summary_large_image","twitter_misc":{"Dur\u00e9e de lecture estim\u00e9e":"2 minutes"},"schema":{"@context":"https:\/\/schema.org","@graph":[{"@type":"WebPage","@id":"https:\/\/nembutalhouse.com\/product\/buy-5-meo-dmt-online\/","url":"https:\/\/nembutalhouse.com\/product\/buy-5-meo-dmt-online\/","name":"Buy 5 MEO-DMT Online - High-Quality 5 MEO-DMT for Sale","isPartOf":{"@id":"https:\/\/nembutalhouse.com\/#website"},"primaryImageOfPage":{"@id":"https:\/\/nembutalhouse.com\/product\/buy-5-meo-dmt-online\/#primaryimage"},"image":{"@id":"https:\/\/nembutalhouse.com\/product\/buy-5-meo-dmt-online\/#primaryimage"},"thumbnailUrl":"https:\/\/nembutalhouse.com\/wp-content\/uploads\/2024\/10\/5-MEO-DMT.gif","datePublished":"2024-10-16T11:47:23+00:00","dateModified":"2026-03-06T07:35:05+00:00","description":"If you wish to buy 5-meo-dmt online so our NembutalHouse store can help. We have 5-meo-dmt for sale at the best rates here. Place your order now!","breadcrumb":{"@id":"https:\/\/nembutalhouse.com\/product\/buy-5-meo-dmt-online\/#breadcrumb"},"inLanguage":"fr-FR","potentialAction":[{"@type":"ReadAction","target":["https:\/\/nembutalhouse.com\/product\/buy-5-meo-dmt-online\/"]}]},{"@type":"ImageObject","inLanguage":"fr-FR","@id":"https:\/\/nembutalhouse.com\/product\/buy-5-meo-dmt-online\/#primaryimage","url":"https:\/\/nembutalhouse.com\/wp-content\/uploads\/2024\/10\/5-MEO-DMT.gif","contentUrl":"https:\/\/nembutalhouse.com\/wp-content\/uploads\/2024\/10\/5-MEO-DMT.gif","width":600,"height":600,"caption":"Buy 5-MEO-DMT Online"},{"@type":"BreadcrumbList","@id":"https:\/\/nembutalhouse.com\/product\/buy-5-meo-dmt-online\/#breadcrumb","itemListElement":[{"@type":"ListItem","position":1,"name":"Home","item":"https:\/\/nembutalhouse.com\/"},{"@type":"ListItem","position":2,"name":"Shop","item":"https:\/\/nembutalhouse.com\/shop\/"},{"@type":"ListItem","position":3,"name":"Buy 5-MEO-DMT Online"}]},{"@type":"WebSite","@id":"https:\/\/nembutalhouse.com\/#website","url":"https:\/\/nembutalhouse.com\/","name":"Nembutal House","description":"Best Nembutal Online Store","publisher":{"@id":"https:\/\/nembutalhouse.com\/#organization"},"potentialAction":[{"@type":"SearchAction","target":{"@type":"EntryPoint","urlTemplate":"https:\/\/nembutalhouse.com\/?s={search_term_string}"},"query-input":{"@type":"PropertyValueSpecification","valueRequired":true,"valueName":"search_term_string"}}],"inLanguage":"fr-FR"},{"@type":"Organization","@id":"https:\/\/nembutalhouse.com\/#organization","name":"Nembutal House","url":"https:\/\/nembutalhouse.com\/","logo":{"@type":"ImageObject","inLanguage":"fr-FR","@id":"https:\/\/nembutalhouse.com\/#\/schema\/logo\/image\/","url":"https:\/\/nembutalhouse.com\/wp-content\/uploads\/2022\/12\/logo.png","contentUrl":"https:\/\/nembutalhouse.com\/wp-content\/uploads\/2022\/12\/logo.png","width":344,"height":103,"caption":"Nembutal House"},"image":{"@id":"https:\/\/nembutalhouse.com\/#\/schema\/logo\/image\/"}}]}},"_links":{"self":[{"href":"https:\/\/nembutalhouse.com\/fr\/wp-json\/wp\/v2\/product\/1052","targetHints":{"allow":["GET"]}}],"collection":[{"href":"https:\/\/nembutalhouse.com\/fr\/wp-json\/wp\/v2\/product"}],"about":[{"href":"https:\/\/nembutalhouse.com\/fr\/wp-json\/wp\/v2\/types\/product"}],"replies":[{"embeddable":true,"href":"https:\/\/nembutalhouse.com\/fr\/wp-json\/wp\/v2\/comments?post=1052"}],"wp:featuredmedia":[{"embeddable":true,"href":"https:\/\/nembutalhouse.com\/fr\/wp-json\/wp\/v2\/media\/1566"}],"wp:attachment":[{"href":"https:\/\/nembutalhouse.com\/fr\/wp-json\/wp\/v2\/media?parent=1052"}],"wp:term":[{"taxonomy":"product_cat","embeddable":true,"href":"https:\/\/nembutalhouse.com\/fr\/wp-json\/wp\/v2\/product_cat?post=1052"},{"taxonomy":"product_tag","embeddable":true,"href":"https:\/\/nembutalhouse.com\/fr\/wp-json\/wp\/v2\/product_tag?post=1052"}],"curies":[{"name":"wp","href":"https:\/\/api.w.org\/{rel}","templated":true}]}}